{"id":8445,"date":"2020-01-06T14:03:26","date_gmt":"2020-01-06T14:03:26","guid":{"rendered":"https:\/\/polar55.com\/aktualizacia\/"},"modified":"2025-08-22T20:29:16","modified_gmt":"2025-08-22T19:29:16","slug":"aktualizacia","status":"publish","type":"page","link":"https:\/\/polar55.com\/sk\/aktualizacia\/","title":{"rendered":"Roz\u0161\u00edrenie bal\u00edka"},"content":{"rendered":"<div class=\"wpb-content-wrapper\"><p>[vc_row css=&#8220;.vc_custom_1722415314867{padding-top: 40px !important;padding-bottom: 40px !important;}&#8220;][vc_column width=&#8220;2\/3&#8243; css=&#8220;.vc_custom_1566982451471{margin-bottom: 20px !important;}&#8220;][vc_column_text]\nN\u00e1\u0161 \u0161tandardn\u00fd webhostingov\u00fd bal\u00edk Plus+ v\u00e1m v predvolenom nastaven\u00ed poskytuje 10 GB \u00falo\u017eiska, 2 GB RAM a 200 % CPU s 2 jadrami.<br><br>\nPre v\u00e4\u010d\u0161inu pou\u017e\u00edvate\u013eov je to viac ne\u017e posta\u010duj\u00face. Ak v\u0161ak zist\u00edte, \u017ee potrebujete viac \u00falo\u017eiska alebo vy\u0161\u0161\u00ed v\u00fdkon, m\u00e1me pre v\u00e1s k dispoz\u00edcii vhodn\u00e9 mo\u017enosti.<br><br>\nV pr\u00edpade potreby m\u00f4\u017eete prejs\u0165 na niektor\u00fd z nasleduj\u00facich bal\u00edkov, ktor\u00e9 pon\u00fakaj\u00fa v\u00e4\u010d\u0161\u00ed \u00falo\u017en\u00fd priestor a r\u00fdchlej\u0161\u00ed server.<br><br><\/p>\n<p>\n    <strong>Plus+ Pro<\/strong>\n    <p>V\u010faka tomuto bal\u00edku z\u00edskate:<\/p>\n    <ul>\n<li><b>\u00dalo\u017eisko:<\/b> 20 GB<\/li>\n<li><b>CPU:<\/b> 400 % \/ 4 jadr\u00e1<\/li>\n<li><b>RAM:<\/b> 3 GB<\/li>\n<li><b>Max. procesy:<\/b> 200<\/li>\n    <\/ul>\n    <p>V\u0161etko ostatn\u00e9 zost\u00e1va nezmenen\u00e9.<\/p>\n    Cena: 6.92 \u20ac \/ mesiac.<\/p>\n<p>\n<strong>Plus+ Enterprise<\/strong>\n<p>V\u010faka tomuto bal\u00edku z\u00edskate:<\/p>\n<ul>\n<li><b>\u00dalo\u017eisko:<\/b> 40 GB<\/li>\n<li><b>CPU:<\/b> 500 % \/ 5 jadier<\/li>\n<li><b>RAM:<\/b> 5 GB<\/li>\n<li><b>Max. procesy:<\/b> 200<\/li>\n<\/ul>\n<p>V\u0161etko ostatn\u00e9 zost\u00e1va nezmenen\u00e9.<\/p>\nCena:\n 13.84 \u20ac \/ mesiac.<\/p>\n<p>\n    <strong>Plus+ VIP<\/strong>\n    <p>V\u010faka tomuto bal\u00edku z\u00edskate:<\/p>\n    <ul>\n<li><b>\u00dalo\u017eisko:<\/b> 100 GB<\/li>\n<li><b>CPU:<\/b> 500 % \/ 5 jadier<\/li>\n<li><b>RAM:<\/b> 5 GB<\/li>\n<li><b>Max. procesy:<\/b> 200<\/li>\n    <\/ul>\n    <p>V\u0161etko ostatn\u00e9 zost\u00e1va nezmenen\u00e9.<\/p>\n    Cena: 34.60 \u20ac \/ mesiac.[\/vc_column_text][\/vc_column][vc_column width=&#8220;1\/3&#8243; css=&#8220;.vc_custom_1566982972264{padding-left: 120px !important;}&#8220;][vc_column_text]\n    <p style=\"text-align: left;\"><strong>Zauj\u00edmaj\u00fa v\u00e1s mo\u017enosti upgradu?<\/strong><br>\n    Kontaktujte n\u00e1s na <a href=\"mailto:kontakt@polar55.sk\" target=\"_new\" rel=\"noopener\">kontakt@polar55.sk<\/a><br>\n    Alebo n\u00e1m nap\u00ed\u0161te <a href=\"\/client\/submitticket.php?language=slovak\" target=\"_new\" rel=\"noopener\">tu<\/a>.<\/p>\n    [\/vc_column_text][\/vc_column][\/vc_row]<\/p>\n<\/div>","protected":false},"excerpt":{"rendered":"<p>[vc_row css=&#8220;.vc_custom_1722415314867{padding-top: 40px !important;padding-bottom: 40px !important;}&#8220;][vc_column width=&#8220;2\/3&#8243; css=&#8220;.vc_custom_1566982451471{margin-bottom: 20px !important;}&#8220;][vc_column_text] \/ mesiac. \/ mesiac. \/ mesiac.[\/vc_column_text][\/vc_column][vc_column width=&#8220;1\/3&#8243; css=&#8220;.vc_custom_1566982972264{padding-left: 120px !important;}&#8220;][vc_column_text][\/vc_column_text][\/vc_column][\/vc_row]<\/p>\n","protected":false},"author":2,"featured_media":0,"parent":0,"menu_order":0,"comment_status":"closed","ping_status":"closed","template":"","meta":{"_acf_changed":false,"footnotes":""},"class_list":["post-8445","page","type-page","status-publish","hentry"],"acf":[],"yoast_head":"<!-- This site is optimized with the Yoast SEO plugin v26.8 - https:\/\/yoast.com\/product\/yoast-seo-wordpress\/ -->\n<title>Aktualiz\u00e1cia<\/title>\n<meta name=\"description\" content=\"Tu si m\u00f4\u017eete pre\u010d\u00edta\u0165 viac o mo\u017enostiach aktualiz\u00e1cie, ktor\u00e9 m\u00e1te k dispoz\u00edcii pri webhostingovej slu\u017ebe Polar55. V pr\u00edpade potreby \u0161k\u00e1lujte svoj hostingov\u00fd \u00fa\u010det.\" \/>\n<meta name=\"robots\" content=\"index, follow, max-snippet:-1, max-image-preview:large, max-video-preview:-1\" \/>\n<link rel=\"canonical\" href=\"https:\/\/polar55.com\/sk\/aktualizacia\/\" \/>\n<meta property=\"og:locale\" content=\"sk_SK\" \/>\n<meta property=\"og:type\" content=\"article\" \/>\n<meta property=\"og:title\" content=\"Aktualiz\u00e1cia\" \/>\n<meta property=\"og:description\" content=\"Tu si m\u00f4\u017eete pre\u010d\u00edta\u0165 viac o mo\u017enostiach aktualiz\u00e1cie, ktor\u00e9 m\u00e1te k dispoz\u00edcii pri webhostingovej slu\u017ebe Polar55. V pr\u00edpade potreby \u0161k\u00e1lujte svoj hostingov\u00fd \u00fa\u010det.\" \/>\n<meta property=\"og:url\" content=\"https:\/\/polar55.com\/sk\/aktualizacia\/\" \/>\n<meta property=\"og:site_name\" content=\"Polar55\" \/>\n<meta property=\"article:modified_time\" content=\"2025-08-22T19:29:16+00:00\" \/>\n<meta name=\"twitter:card\" content=\"summary_large_image\" \/>\n<meta name=\"twitter:label1\" content=\"Predpokladan\u00fd \u010das \u010d\u00edtania\" \/>\n\t<meta name=\"twitter:data1\" content=\"1 min\u00fata\" \/>\n<script type=\"application\/ld+json\" class=\"yoast-schema-graph\">{\"@context\":\"https:\/\/schema.org\",\"@graph\":[{\"@type\":\"WebPage\",\"@id\":\"https:\/\/polar55.com\/sk\/aktualizacia\/\",\"url\":\"https:\/\/polar55.com\/sk\/aktualizacia\/\",\"name\":\"Aktualiz\u00e1cia\",\"isPartOf\":{\"@id\":\"https:\/\/polar55.com\/sk\/#website\"},\"datePublished\":\"2020-01-06T14:03:26+00:00\",\"dateModified\":\"2025-08-22T19:29:16+00:00\",\"description\":\"Tu si m\u00f4\u017eete pre\u010d\u00edta\u0165 viac o mo\u017enostiach aktualiz\u00e1cie, ktor\u00e9 m\u00e1te k dispoz\u00edcii pri webhostingovej slu\u017ebe Polar55. V pr\u00edpade potreby \u0161k\u00e1lujte svoj hostingov\u00fd \u00fa\u010det.\",\"breadcrumb\":{\"@id\":\"https:\/\/polar55.com\/sk\/aktualizacia\/#breadcrumb\"},\"inLanguage\":\"sk-SK\",\"potentialAction\":[{\"@type\":\"ReadAction\",\"target\":[\"https:\/\/polar55.com\/sk\/aktualizacia\/\"]}]},{\"@type\":\"BreadcrumbList\",\"@id\":\"https:\/\/polar55.com\/sk\/aktualizacia\/#breadcrumb\",\"itemListElement\":[{\"@type\":\"ListItem\",\"position\":1,\"name\":\"Hjem\",\"item\":\"https:\/\/polar55.com\/sk\/\"},{\"@type\":\"ListItem\",\"position\":2,\"name\":\"Roz\u0161\u00edrenie bal\u00edka\"}]},{\"@type\":\"WebSite\",\"@id\":\"https:\/\/polar55.com\/sk\/#website\",\"url\":\"https:\/\/polar55.com\/sk\/\",\"name\":\"Polar55\",\"description\":\"cheap hosting and domains\",\"potentialAction\":[{\"@type\":\"SearchAction\",\"target\":{\"@type\":\"EntryPoint\",\"urlTemplate\":\"https:\/\/polar55.com\/sk\/?s={search_term_string}\"},\"query-input\":{\"@type\":\"PropertyValueSpecification\",\"valueRequired\":true,\"valueName\":\"search_term_string\"}}],\"inLanguage\":\"sk-SK\"}]}<\/script>\n<!-- \/ Yoast SEO plugin. -->","yoast_head_json":{"title":"Aktualiz\u00e1cia","description":"Tu si m\u00f4\u017eete pre\u010d\u00edta\u0165 viac o mo\u017enostiach aktualiz\u00e1cie, ktor\u00e9 m\u00e1te k dispoz\u00edcii pri webhostingovej slu\u017ebe Polar55. V pr\u00edpade potreby \u0161k\u00e1lujte svoj hostingov\u00fd \u00fa\u010det.","robots":{"index":"index","follow":"follow","max-snippet":"max-snippet:-1","max-image-preview":"max-image-preview:large","max-video-preview":"max-video-preview:-1"},"canonical":"https:\/\/polar55.com\/sk\/aktualizacia\/","og_locale":"sk_SK","og_type":"article","og_title":"Aktualiz\u00e1cia","og_description":"Tu si m\u00f4\u017eete pre\u010d\u00edta\u0165 viac o mo\u017enostiach aktualiz\u00e1cie, ktor\u00e9 m\u00e1te k dispoz\u00edcii pri webhostingovej slu\u017ebe Polar55. V pr\u00edpade potreby \u0161k\u00e1lujte svoj hostingov\u00fd \u00fa\u010det.","og_url":"https:\/\/polar55.com\/sk\/aktualizacia\/","og_site_name":"Polar55","article_modified_time":"2025-08-22T19:29:16+00:00","twitter_card":"summary_large_image","twitter_misc":{"Predpokladan\u00fd \u010das \u010d\u00edtania":"1 min\u00fata"},"schema":{"@context":"https:\/\/schema.org","@graph":[{"@type":"WebPage","@id":"https:\/\/polar55.com\/sk\/aktualizacia\/","url":"https:\/\/polar55.com\/sk\/aktualizacia\/","name":"Aktualiz\u00e1cia","isPartOf":{"@id":"https:\/\/polar55.com\/sk\/#website"},"datePublished":"2020-01-06T14:03:26+00:00","dateModified":"2025-08-22T19:29:16+00:00","description":"Tu si m\u00f4\u017eete pre\u010d\u00edta\u0165 viac o mo\u017enostiach aktualiz\u00e1cie, ktor\u00e9 m\u00e1te k dispoz\u00edcii pri webhostingovej slu\u017ebe Polar55. V pr\u00edpade potreby \u0161k\u00e1lujte svoj hostingov\u00fd \u00fa\u010det.","breadcrumb":{"@id":"https:\/\/polar55.com\/sk\/aktualizacia\/#breadcrumb"},"inLanguage":"sk-SK","potentialAction":[{"@type":"ReadAction","target":["https:\/\/polar55.com\/sk\/aktualizacia\/"]}]},{"@type":"BreadcrumbList","@id":"https:\/\/polar55.com\/sk\/aktualizacia\/#breadcrumb","itemListElement":[{"@type":"ListItem","position":1,"name":"Hjem","item":"https:\/\/polar55.com\/sk\/"},{"@type":"ListItem","position":2,"name":"Roz\u0161\u00edrenie bal\u00edka"}]},{"@type":"WebSite","@id":"https:\/\/polar55.com\/sk\/#website","url":"https:\/\/polar55.com\/sk\/","name":"Polar55","description":"cheap hosting and domains","potentialAction":[{"@type":"SearchAction","target":{"@type":"EntryPoint","urlTemplate":"https:\/\/polar55.com\/sk\/?s={search_term_string}"},"query-input":{"@type":"PropertyValueSpecification","valueRequired":true,"valueName":"search_term_string"}}],"inLanguage":"sk-SK"}]}},"_links":{"self":[{"href":"https:\/\/polar55.com\/sk\/wp-json\/wp\/v2\/pages\/8445","targetHints":{"allow":["GET"]}}],"collection":[{"href":"https:\/\/polar55.com\/sk\/wp-json\/wp\/v2\/pages"}],"about":[{"href":"https:\/\/polar55.com\/sk\/wp-json\/wp\/v2\/types\/page"}],"author":[{"embeddable":true,"href":"https:\/\/polar55.com\/sk\/wp-json\/wp\/v2\/users\/2"}],"replies":[{"embeddable":true,"href":"https:\/\/polar55.com\/sk\/wp-json\/wp\/v2\/comments?post=8445"}],"version-history":[{"count":4,"href":"https:\/\/polar55.com\/sk\/wp-json\/wp\/v2\/pages\/8445\/revisions"}],"predecessor-version":[{"id":8566,"href":"https:\/\/polar55.com\/sk\/wp-json\/wp\/v2\/pages\/8445\/revisions\/8566"}],"wp:attachment":[{"href":"https:\/\/polar55.com\/sk\/wp-json\/wp\/v2\/media?parent=8445"}],"curies":[{"name":"wp","href":"https:\/\/api.w.org\/{rel}","templated":true}]}}