{"id":8442,"date":"2024-07-31T15:21:00","date_gmt":"2024-07-31T14:21:00","guid":{"rendered":"https:\/\/polar55.com\/preto-by-ste-si-mali-vybrat-nas\/"},"modified":"2025-08-22T20:39:52","modified_gmt":"2025-08-22T19:39:52","slug":"preto-by-ste-si-mali-vybrat-nas","status":"publish","type":"page","link":"https:\/\/polar55.com\/sk\/preto-by-ste-si-mali-vybrat-nas\/","title":{"rendered":"Preto sme tou spr\u00e1vnou vo\u013ebou"},"content":{"rendered":"<div class=\"wpb-content-wrapper\"><p>[vc_row css=&#8220;.vc_custom_1732818900565{padding-top: 40px !important;padding-bottom: 40px !important;}&#8220;][vc_column width=&#8220;2\/3&#8243; css=&#8220;.vc_custom_1566982451471{margin-bottom: 20px !important;}&#8220;][vc_column_text]\n    <div class=\"markdown prose w-full break-words dark:prose-invert dark\">\n        <p>\u010eakujeme, \u017ee zva\u017eujete sta\u0165 sa na\u0161\u00edm z\u00e1kazn\u00edkom!<\/p>\n        <p>Ke\u010f\u017ee si prezer\u00e1te t\u00fato str\u00e1nku, predpoklad\u00e1me, \u017ee zva\u017eujete, \u010di je na\u0161a webhostingov\u00e1 slu\u017eba pre v\u00e1s tou spr\u00e1vnou vo\u013ebou.<\/p>\n        <p>Samozrejme, rozhodnutie je na v\u00e1s, no \u00faprimne d\u00fafame, \u017ee si vyberiete pr\u00e1ve n\u00e1s. V tomto \u010dl\u00e1nku v\u00e1m preto pribl\u00ed\u017eime, pre\u010do ver\u00edme, \u017ee pon\u00fakame jednu z najlep\u0161\u00edch webhostingov\u00fdch slu\u017eieb za ve\u013emi priazniv\u00fa cenu.<\/p>\n        <strong>Cena<\/strong>\n        <p>V kone\u010dnom d\u00f4sledku ch\u00e1peme, \u017ee cena je pre v\u00e4\u010d\u0161inu z\u00e1kazn\u00edkov najd\u00f4le\u017eitej\u0161\u00edm faktorom pri v\u00fdbere webhostingu.<\/p>\n        <p>Preto sme ceny nastavili tak, aby ste lep\u0161iu ponuku na rovnak\u00fa slu\u017ebu inde nena\u0161li.<\/p>\n        <p>U n\u00e1s neplat\u00edte ni\u010d navy\u0161e za pr\u00edstup k z\u00e1loh\u00e1m svojej str\u00e1nky ani za pou\u017e\u00edvanie WordPressu, na rozdiel od niektor\u00fdch v\u00e4\u010d\u0161\u00edch poskytovate\u013eov.<\/p>\n        <p>Rovnako ako in\u00ed poskytovatelia pon\u00fakame z\u013eavu na prv\u00fd rok, no aj pri cene v \u010fal\u0161\u00edch rokoch patr\u00edme medzi najdostupnej\u0161\u00edch.<\/p>\n        <strong>Mo\u017enosti a funkcie<\/strong>\n        <p>U n\u00e1s je v\u0161etko zahrnut\u00e9, bez v\u00fdnimiek.<\/p>\n        <p>Ne\u010dakaj\u00fa v\u00e1s \u017eiadne skryt\u00e9 poplatky za nov\u00e9 funkcie ani za to, \u010do pova\u017eujete za samozrejmos\u0165. In\u00fdmi slovami \u2013 po tom, \u010do sa stanete na\u0161\u00edm z\u00e1kazn\u00edkom, ne\u010dakaj\u00fa v\u00e1s \u017eiadne nepr\u00edjemn\u00e9 prekvapenia.<\/p>\n        <p>Jedin\u00e9, za \u010do si m\u00f4\u017eete priplati\u0165, je roz\u0161\u00edrenie priestoru \u2013 no v\u00e4\u010d\u0161ine z\u00e1kazn\u00edkov \u00faplne sta\u010d\u00ed ten z\u00e1kladn\u00fd.<\/p>\n        <ul>\n            <li>Stoj\u00ed pr\u00edstup k z\u00e1loh\u00e1m nie\u010do navy\u0161e? <strong>Polar55:<\/strong> Nie, pr\u00edstup k nim je \u00faplne zdarma.<\/li>\n            <li>M\u00f4\u017eem ma\u0165 viacero webstr\u00e1nok na jednom hostingu? <strong>Polar55:<\/strong> \u00c1no, m\u00f4\u017eete ma\u0165 neobmedzen\u00fd po\u010det str\u00e1nok aj dom\u00e9n.<\/li>\n            <li>M\u00f4\u017eem ma\u0165 e-mailov\u00e9 adresy na v\u0161etk\u00fdch svojich dom\u00e9nach? <strong>Polar55:<\/strong> \u00c1no, m\u00f4\u017eete \u2013 a \u00faplne bez obmedzen\u00ed.<\/li>\n            <li>Je mo\u017en\u00e9 nain\u0161talova\u0165 WordPress jedn\u00fdm kliknut\u00edm? <strong>Polar55:<\/strong> \u00c1no, sta\u010d\u00ed jeden klik.<\/li>\n            <li>M\u00f4\u017eem si ur\u010di\u0165, ako sa vyu\u017eije priestor medzi s\u00fabormi a e-mailmi? <strong>Polar55:<\/strong> \u00c1no, priestor si rozdel\u00edte pod\u013ea vlastn\u00fdch potrieb.<\/li>\n        <\/ul>\n        <p>Ver\u00edme, \u017ee vid\u00edte v\u00fdhody, ktor\u00e9 v\u00e1m prin\u00e1\u0161a v\u00fdber na\u0161ich slu\u017eieb. Ak m\u00e1te ak\u00e9ko\u013evek ot\u00e1zky alebo potrebujete s nie\u010d\u00edm pom\u00f4c\u0165, nev\u00e1hajte n\u00e1s kontaktova\u0165 \u2013 sme tu pre v\u00e1s 24\/7!<\/p>\n        <p>S pozdravom,<br>Michael, Thomas a cel\u00fd t\u00edm Polar55<\/p>\n    <\/div>[\/vc_column_text][\/vc_column][vc_column width=&#8220;1\/3&#8243; css=&#8220;.vc_custom_1566982972264{padding-left: 120px !important;}&#8220;][vc_column_text]\n    <p>M\u00e1te ot\u00e1zky oh\u013eadom na\u0161ej webhostingovej slu\u017eby?<br>\n    Kontaktujte n\u00e1s na <a href=\"mailto:kontakt@polar55.sk\" target=\"_new\" rel=\"noopener\">kontakt@polar55.sk<\/a><br>\n    Alebo n\u00e1m nap\u00ed\u0161te <a href=\"https:\/\/polar55.com\/client\/submitticket.php?language=slovak\" target=\"_new\" rel=\"noopener\">tu<\/a>.<\/p>\n    [\/vc_column_text][\/vc_column][\/vc_row]<\/p>\n<\/div>","protected":false},"excerpt":{"rendered":"<p>[vc_row css=&#8220;.vc_custom_1732818900565{padding-top: 40px !important;padding-bottom: 40px !important;}&#8220;][vc_column width=&#8220;2\/3&#8243; css=&#8220;.vc_custom_1566982451471{margin-bottom: 20px !important;}&#8220;][vc_column_text][\/vc_column_text][\/vc_column][vc_column width=&#8220;1\/3&#8243; css=&#8220;.vc_custom_1566982972264{padding-left: 120px !important;}&#8220;][vc_column_text][\/vc_column_text][\/vc_column][\/vc_row]<\/p>\n","protected":false},"author":2,"featured_media":0,"parent":0,"menu_order":0,"comment_status":"closed","ping_status":"closed","template":"","meta":{"_acf_changed":false,"footnotes":""},"class_list":["post-8442","page","type-page","status-publish","hentry"],"acf":[],"yoast_head":"<!-- This site is optimized with the Yoast SEO plugin v26.8 - https:\/\/yoast.com\/product\/yoast-seo-wordpress\/ -->\n<title>Preto sme tou spr\u00e1vnou vo\u013ebou - Polar55<\/title>\n<meta name=\"description\" content=\"Nie ste si ist\u00ed, koho si vybra\u0165 ako poskytovate\u013ea hostingu? Zozbierali sme nieko\u013eko dobr\u00fdch argumentov, pre\u010do si n\u00e1s vybra\u0165 ako poskytovate\u013ea pre va\u0161e webov\u00e9 str\u00e1nky.\" \/>\n<meta name=\"robots\" content=\"index, follow, max-snippet:-1, max-image-preview:large, max-video-preview:-1\" \/>\n<link rel=\"canonical\" href=\"https:\/\/polar55.com\/sk\/preto-by-ste-si-mali-vybrat-nas\/\" \/>\n<meta property=\"og:locale\" content=\"sk_SK\" \/>\n<meta property=\"og:type\" content=\"article\" \/>\n<meta property=\"og:title\" content=\"Preto sme tou spr\u00e1vnou vo\u013ebou - Polar55\" \/>\n<meta property=\"og:description\" content=\"Nie ste si ist\u00ed, koho si vybra\u0165 ako poskytovate\u013ea hostingu? Zozbierali sme nieko\u013eko dobr\u00fdch argumentov, pre\u010do si n\u00e1s vybra\u0165 ako poskytovate\u013ea pre va\u0161e webov\u00e9 str\u00e1nky.\" \/>\n<meta property=\"og:url\" content=\"https:\/\/polar55.com\/sk\/preto-by-ste-si-mali-vybrat-nas\/\" \/>\n<meta property=\"og:site_name\" content=\"Polar55\" \/>\n<meta property=\"article:modified_time\" content=\"2025-08-22T19:39:52+00:00\" \/>\n<meta name=\"twitter:card\" content=\"summary_large_image\" \/>\n<meta name=\"twitter:label1\" content=\"Predpokladan\u00fd \u010das \u010d\u00edtania\" \/>\n\t<meta name=\"twitter:data1\" content=\"1 min\u00fata\" \/>\n<script type=\"application\/ld+json\" class=\"yoast-schema-graph\">{\"@context\":\"https:\/\/schema.org\",\"@graph\":[{\"@type\":\"WebPage\",\"@id\":\"https:\/\/polar55.com\/sk\/preto-by-ste-si-mali-vybrat-nas\/\",\"url\":\"https:\/\/polar55.com\/sk\/preto-by-ste-si-mali-vybrat-nas\/\",\"name\":\"Preto sme tou spr\u00e1vnou vo\u013ebou - Polar55\",\"isPartOf\":{\"@id\":\"https:\/\/polar55.com\/sk\/#website\"},\"datePublished\":\"2024-07-31T14:21:00+00:00\",\"dateModified\":\"2025-08-22T19:39:52+00:00\",\"description\":\"Nie ste si ist\u00ed, koho si vybra\u0165 ako poskytovate\u013ea hostingu? Zozbierali sme nieko\u013eko dobr\u00fdch argumentov, pre\u010do si n\u00e1s vybra\u0165 ako poskytovate\u013ea pre va\u0161e webov\u00e9 str\u00e1nky.\",\"breadcrumb\":{\"@id\":\"https:\/\/polar55.com\/sk\/preto-by-ste-si-mali-vybrat-nas\/#breadcrumb\"},\"inLanguage\":\"sk-SK\",\"potentialAction\":[{\"@type\":\"ReadAction\",\"target\":[\"https:\/\/polar55.com\/sk\/preto-by-ste-si-mali-vybrat-nas\/\"]}]},{\"@type\":\"BreadcrumbList\",\"@id\":\"https:\/\/polar55.com\/sk\/preto-by-ste-si-mali-vybrat-nas\/#breadcrumb\",\"itemListElement\":[{\"@type\":\"ListItem\",\"position\":1,\"name\":\"Hjem\",\"item\":\"https:\/\/polar55.com\/sk\/\"},{\"@type\":\"ListItem\",\"position\":2,\"name\":\"Preto sme tou spr\u00e1vnou vo\u013ebou\"}]},{\"@type\":\"WebSite\",\"@id\":\"https:\/\/polar55.com\/sk\/#website\",\"url\":\"https:\/\/polar55.com\/sk\/\",\"name\":\"Polar55\",\"description\":\"cheap hosting and domains\",\"potentialAction\":[{\"@type\":\"SearchAction\",\"target\":{\"@type\":\"EntryPoint\",\"urlTemplate\":\"https:\/\/polar55.com\/sk\/?s={search_term_string}\"},\"query-input\":{\"@type\":\"PropertyValueSpecification\",\"valueRequired\":true,\"valueName\":\"search_term_string\"}}],\"inLanguage\":\"sk-SK\"}]}<\/script>\n<!-- \/ Yoast SEO plugin. -->","yoast_head_json":{"title":"Preto sme tou spr\u00e1vnou vo\u013ebou - Polar55","description":"Nie ste si ist\u00ed, koho si vybra\u0165 ako poskytovate\u013ea hostingu? Zozbierali sme nieko\u013eko dobr\u00fdch argumentov, pre\u010do si n\u00e1s vybra\u0165 ako poskytovate\u013ea pre va\u0161e webov\u00e9 str\u00e1nky.","robots":{"index":"index","follow":"follow","max-snippet":"max-snippet:-1","max-image-preview":"max-image-preview:large","max-video-preview":"max-video-preview:-1"},"canonical":"https:\/\/polar55.com\/sk\/preto-by-ste-si-mali-vybrat-nas\/","og_locale":"sk_SK","og_type":"article","og_title":"Preto sme tou spr\u00e1vnou vo\u013ebou - Polar55","og_description":"Nie ste si ist\u00ed, koho si vybra\u0165 ako poskytovate\u013ea hostingu? Zozbierali sme nieko\u013eko dobr\u00fdch argumentov, pre\u010do si n\u00e1s vybra\u0165 ako poskytovate\u013ea pre va\u0161e webov\u00e9 str\u00e1nky.","og_url":"https:\/\/polar55.com\/sk\/preto-by-ste-si-mali-vybrat-nas\/","og_site_name":"Polar55","article_modified_time":"2025-08-22T19:39:52+00:00","twitter_card":"summary_large_image","twitter_misc":{"Predpokladan\u00fd \u010das \u010d\u00edtania":"1 min\u00fata"},"schema":{"@context":"https:\/\/schema.org","@graph":[{"@type":"WebPage","@id":"https:\/\/polar55.com\/sk\/preto-by-ste-si-mali-vybrat-nas\/","url":"https:\/\/polar55.com\/sk\/preto-by-ste-si-mali-vybrat-nas\/","name":"Preto sme tou spr\u00e1vnou vo\u013ebou - Polar55","isPartOf":{"@id":"https:\/\/polar55.com\/sk\/#website"},"datePublished":"2024-07-31T14:21:00+00:00","dateModified":"2025-08-22T19:39:52+00:00","description":"Nie ste si ist\u00ed, koho si vybra\u0165 ako poskytovate\u013ea hostingu? Zozbierali sme nieko\u013eko dobr\u00fdch argumentov, pre\u010do si n\u00e1s vybra\u0165 ako poskytovate\u013ea pre va\u0161e webov\u00e9 str\u00e1nky.","breadcrumb":{"@id":"https:\/\/polar55.com\/sk\/preto-by-ste-si-mali-vybrat-nas\/#breadcrumb"},"inLanguage":"sk-SK","potentialAction":[{"@type":"ReadAction","target":["https:\/\/polar55.com\/sk\/preto-by-ste-si-mali-vybrat-nas\/"]}]},{"@type":"BreadcrumbList","@id":"https:\/\/polar55.com\/sk\/preto-by-ste-si-mali-vybrat-nas\/#breadcrumb","itemListElement":[{"@type":"ListItem","position":1,"name":"Hjem","item":"https:\/\/polar55.com\/sk\/"},{"@type":"ListItem","position":2,"name":"Preto sme tou spr\u00e1vnou vo\u013ebou"}]},{"@type":"WebSite","@id":"https:\/\/polar55.com\/sk\/#website","url":"https:\/\/polar55.com\/sk\/","name":"Polar55","description":"cheap hosting and domains","potentialAction":[{"@type":"SearchAction","target":{"@type":"EntryPoint","urlTemplate":"https:\/\/polar55.com\/sk\/?s={search_term_string}"},"query-input":{"@type":"PropertyValueSpecification","valueRequired":true,"valueName":"search_term_string"}}],"inLanguage":"sk-SK"}]}},"_links":{"self":[{"href":"https:\/\/polar55.com\/sk\/wp-json\/wp\/v2\/pages\/8442","targetHints":{"allow":["GET"]}}],"collection":[{"href":"https:\/\/polar55.com\/sk\/wp-json\/wp\/v2\/pages"}],"about":[{"href":"https:\/\/polar55.com\/sk\/wp-json\/wp\/v2\/types\/page"}],"author":[{"embeddable":true,"href":"https:\/\/polar55.com\/sk\/wp-json\/wp\/v2\/users\/2"}],"replies":[{"embeddable":true,"href":"https:\/\/polar55.com\/sk\/wp-json\/wp\/v2\/comments?post=8442"}],"version-history":[{"count":3,"href":"https:\/\/polar55.com\/sk\/wp-json\/wp\/v2\/pages\/8442\/revisions"}],"predecessor-version":[{"id":8580,"href":"https:\/\/polar55.com\/sk\/wp-json\/wp\/v2\/pages\/8442\/revisions\/8580"}],"wp:attachment":[{"href":"https:\/\/polar55.com\/sk\/wp-json\/wp\/v2\/media?parent=8442"}],"curies":[{"name":"wp","href":"https:\/\/api.w.org\/{rel}","templated":true}]}}