{"id":8439,"date":"2023-09-14T15:24:07","date_gmt":"2023-09-14T14:24:07","guid":{"rendered":"https:\/\/polar55.com\/dakujeme-za-vasu-spatnu-vazbu\/"},"modified":"2025-07-30T19:20:36","modified_gmt":"2025-07-30T18:20:36","slug":"dakujeme-za-vasu-spatnu-vazbu","status":"publish","type":"page","link":"https:\/\/polar55.com\/sk\/dakujeme-za-vasu-spatnu-vazbu\/","title":{"rendered":"\u010eakujeme za va\u0161u sp\u00e4tn\u00fa v\u00e4zbu"},"content":{"rendered":"<div class=\"wpb-content-wrapper\"><p>[vc_row css=&#8220;.vc_custom_1730196224455{padding-top: 40px !important;padding-bottom: 40px !important;}&#8220;][vc_column width=&#8220;2\/3&#8243; css=&#8220;.vc_custom_1694697961551{margin-bottom: 20px !important;}&#8220;][vc_custom_heading text=&#8220;\u010eakujeme za va\u0161u sp\u00e4tn\u00fa v\u00e4zbu&#8220; google_fonts=&#8220;font_family:Open%20Sans%3A300%2C300italic%2Cregular%2Citalic%2C600%2C600italic%2C700%2C700italic%2C800%2C800italic|font_style:700%20bold%20regular%3A700%3Anormal&#8220;][vc_raw_html]W253X2N1c3RvbWVyX2ZlZWRiYWNrXQ==[\/vc_raw_html][\/vc_column][vc_column width=&#8220;1\/3&#8243; css=&#8220;.vc_custom_1694697948168{padding-top: 50px !important;padding-right: 50px !important;padding-bottom: 50px !important;padding-left: 50px !important;}&#8220;][vc_column_text]<p><strong>Va\u0161e hodnotenie na\u0161ej podpory<\/strong><\/p>[\/vc_column_text][vc_raw_html]W253X3N0YXJfcmF0aW5nXQ==[\/vc_raw_html][\/vc_column][\/vc_row]<\/p>\n<\/div>","protected":false},"excerpt":{"rendered":"<p>[vc_row css=&#8220;.vc_custom_1730196224455{padding-top: 40px !important;padding-bottom: 40px !important;}&#8220;][vc_column width=&#8220;2\/3&#8243; css=&#8220;.vc_custom_1694697961551{margin-bottom: 20px !important;}&#8220;][vc_custom_heading text=&#8220;\u010eakujeme za va\u0161u sp\u00e4tn\u00fa v\u00e4zbu&#8220; google_fonts=&#8220;font_family:Open%20Sans%3A300%2C300italic%2Cregular%2Citalic%2C600%2C600italic%2C700%2C700italic%2C800%2C800italic|font_style:700%20bold%20regular%3A700%3Anormal&#8220;][vc_raw_html]W253X2N1c3RvbWVyX2ZlZWRiYWNrXQ==[\/vc_raw_html][\/vc_column][vc_column width=&#8220;1\/3&#8243; css=&#8220;.vc_custom_1694697948168{padding-top: 50px !important;padding-right: 50px !important;padding-bottom: 50px !important;padding-left: 50px !important;}&#8220;][vc_column_text][\/vc_column_text][vc_raw_html]W253X3N0YXJfcmF0aW5nXQ==[\/vc_raw_html][\/vc_column][\/vc_row]<\/p>\n","protected":false},"author":3,"featured_media":0,"parent":0,"menu_order":0,"comment_status":"closed","ping_status":"closed","template":"feedback.php","meta":{"_acf_changed":false,"footnotes":""},"class_list":["post-8439","page","type-page","status-publish","hentry"],"acf":[],"yoast_head":"<!-- This site is optimized with the Yoast SEO plugin v26.8 - https:\/\/yoast.com\/product\/yoast-seo-wordpress\/ -->\n<title>\u010eakujeme za va\u0161u sp\u00e4tn\u00fa v\u00e4zbu - Polar55<\/title>\n<meta name=\"robots\" content=\"index, follow, max-snippet:-1, max-image-preview:large, max-video-preview:-1\" \/>\n<link rel=\"canonical\" href=\"https:\/\/polar55.com\/sk\/dakujeme-za-vasu-spatnu-vazbu\/\" \/>\n<meta property=\"og:locale\" content=\"sk_SK\" \/>\n<meta property=\"og:type\" content=\"article\" \/>\n<meta property=\"og:title\" content=\"\u010eakujeme za va\u0161u sp\u00e4tn\u00fa v\u00e4zbu - Polar55\" \/>\n<meta property=\"og:description\" content=\"[vc_row css=&#8220;.vc_custom_1730196224455{padding-top: 40px !important;padding-bottom: 40px !important;}&#8220;][vc_column width=&#8220;2\/3&#8243; css=&#8220;.vc_custom_1694697961551{margin-bottom: 20px !important;}&#8220;][vc_custom_heading text=&#8220;\u010eakujeme za va\u0161u sp\u00e4tn\u00fa v\u00e4zbu&#8220; google_fonts=&#8220;font_family:Open%20Sans%3A300%2C300italic%2Cregular%2Citalic%2C600%2C600italic%2C700%2C700italic%2C800%2C800italic|font_style:700%20bold%20regular%3A700%3Anormal&#8220;][vc_raw_html]W253X2N1c3RvbWVyX2ZlZWRiYWNrXQ==[\/vc_raw_html][\/vc_column][vc_column width=&#8220;1\/3&#8243; css=&#8220;.vc_custom_1694697948168{padding-top: 50px !important;padding-right: 50px !important;padding-bottom: 50px !important;padding-left: 50px !important;}&#8220;][vc_column_text][\/vc_column_text][vc_raw_html]W253X3N0YXJfcmF0aW5nXQ==[\/vc_raw_html][\/vc_column][\/vc_row]\" \/>\n<meta property=\"og:url\" content=\"https:\/\/polar55.com\/sk\/dakujeme-za-vasu-spatnu-vazbu\/\" \/>\n<meta property=\"og:site_name\" content=\"Polar55\" \/>\n<meta property=\"article:modified_time\" content=\"2025-07-30T18:20:36+00:00\" \/>\n<meta name=\"twitter:card\" content=\"summary_large_image\" \/>\n<meta name=\"twitter:label1\" content=\"Predpokladan\u00fd \u010das \u010d\u00edtania\" \/>\n\t<meta name=\"twitter:data1\" content=\"1 min\u00fata\" \/>\n<script type=\"application\/ld+json\" class=\"yoast-schema-graph\">{\"@context\":\"https:\/\/schema.org\",\"@graph\":[{\"@type\":\"WebPage\",\"@id\":\"https:\/\/polar55.com\/sk\/dakujeme-za-vasu-spatnu-vazbu\/\",\"url\":\"https:\/\/polar55.com\/sk\/dakujeme-za-vasu-spatnu-vazbu\/\",\"name\":\"\u010eakujeme za va\u0161u sp\u00e4tn\u00fa v\u00e4zbu - Polar55\",\"isPartOf\":{\"@id\":\"https:\/\/polar55.com\/sk\/#website\"},\"datePublished\":\"2023-09-14T14:24:07+00:00\",\"dateModified\":\"2025-07-30T18:20:36+00:00\",\"breadcrumb\":{\"@id\":\"https:\/\/polar55.com\/sk\/dakujeme-za-vasu-spatnu-vazbu\/#breadcrumb\"},\"inLanguage\":\"sk-SK\",\"potentialAction\":[{\"@type\":\"ReadAction\",\"target\":[\"https:\/\/polar55.com\/sk\/dakujeme-za-vasu-spatnu-vazbu\/\"]}]},{\"@type\":\"BreadcrumbList\",\"@id\":\"https:\/\/polar55.com\/sk\/dakujeme-za-vasu-spatnu-vazbu\/#breadcrumb\",\"itemListElement\":[{\"@type\":\"ListItem\",\"position\":1,\"name\":\"Hjem\",\"item\":\"https:\/\/polar55.com\/sk\/\"},{\"@type\":\"ListItem\",\"position\":2,\"name\":\"\u010eakujeme za va\u0161u sp\u00e4tn\u00fa v\u00e4zbu\"}]},{\"@type\":\"WebSite\",\"@id\":\"https:\/\/polar55.com\/sk\/#website\",\"url\":\"https:\/\/polar55.com\/sk\/\",\"name\":\"Polar55\",\"description\":\"cheap hosting and domains\",\"potentialAction\":[{\"@type\":\"SearchAction\",\"target\":{\"@type\":\"EntryPoint\",\"urlTemplate\":\"https:\/\/polar55.com\/sk\/?s={search_term_string}\"},\"query-input\":{\"@type\":\"PropertyValueSpecification\",\"valueRequired\":true,\"valueName\":\"search_term_string\"}}],\"inLanguage\":\"sk-SK\"}]}<\/script>\n<!-- \/ Yoast SEO plugin. -->","yoast_head_json":{"title":"\u010eakujeme za va\u0161u sp\u00e4tn\u00fa v\u00e4zbu - Polar55","robots":{"index":"index","follow":"follow","max-snippet":"max-snippet:-1","max-image-preview":"max-image-preview:large","max-video-preview":"max-video-preview:-1"},"canonical":"https:\/\/polar55.com\/sk\/dakujeme-za-vasu-spatnu-vazbu\/","og_locale":"sk_SK","og_type":"article","og_title":"\u010eakujeme za va\u0161u sp\u00e4tn\u00fa v\u00e4zbu - Polar55","og_description":"[vc_row css=&#8220;.vc_custom_1730196224455{padding-top: 40px !important;padding-bottom: 40px !important;}&#8220;][vc_column width=&#8220;2\/3&#8243; css=&#8220;.vc_custom_1694697961551{margin-bottom: 20px !important;}&#8220;][vc_custom_heading text=&#8220;\u010eakujeme za va\u0161u sp\u00e4tn\u00fa v\u00e4zbu&#8220; google_fonts=&#8220;font_family:Open%20Sans%3A300%2C300italic%2Cregular%2Citalic%2C600%2C600italic%2C700%2C700italic%2C800%2C800italic|font_style:700%20bold%20regular%3A700%3Anormal&#8220;][vc_raw_html]W253X2N1c3RvbWVyX2ZlZWRiYWNrXQ==[\/vc_raw_html][\/vc_column][vc_column width=&#8220;1\/3&#8243; css=&#8220;.vc_custom_1694697948168{padding-top: 50px !important;padding-right: 50px !important;padding-bottom: 50px !important;padding-left: 50px !important;}&#8220;][vc_column_text][\/vc_column_text][vc_raw_html]W253X3N0YXJfcmF0aW5nXQ==[\/vc_raw_html][\/vc_column][\/vc_row]","og_url":"https:\/\/polar55.com\/sk\/dakujeme-za-vasu-spatnu-vazbu\/","og_site_name":"Polar55","article_modified_time":"2025-07-30T18:20:36+00:00","twitter_card":"summary_large_image","twitter_misc":{"Predpokladan\u00fd \u010das \u010d\u00edtania":"1 min\u00fata"},"schema":{"@context":"https:\/\/schema.org","@graph":[{"@type":"WebPage","@id":"https:\/\/polar55.com\/sk\/dakujeme-za-vasu-spatnu-vazbu\/","url":"https:\/\/polar55.com\/sk\/dakujeme-za-vasu-spatnu-vazbu\/","name":"\u010eakujeme za va\u0161u sp\u00e4tn\u00fa v\u00e4zbu - Polar55","isPartOf":{"@id":"https:\/\/polar55.com\/sk\/#website"},"datePublished":"2023-09-14T14:24:07+00:00","dateModified":"2025-07-30T18:20:36+00:00","breadcrumb":{"@id":"https:\/\/polar55.com\/sk\/dakujeme-za-vasu-spatnu-vazbu\/#breadcrumb"},"inLanguage":"sk-SK","potentialAction":[{"@type":"ReadAction","target":["https:\/\/polar55.com\/sk\/dakujeme-za-vasu-spatnu-vazbu\/"]}]},{"@type":"BreadcrumbList","@id":"https:\/\/polar55.com\/sk\/dakujeme-za-vasu-spatnu-vazbu\/#breadcrumb","itemListElement":[{"@type":"ListItem","position":1,"name":"Hjem","item":"https:\/\/polar55.com\/sk\/"},{"@type":"ListItem","position":2,"name":"\u010eakujeme za va\u0161u sp\u00e4tn\u00fa v\u00e4zbu"}]},{"@type":"WebSite","@id":"https:\/\/polar55.com\/sk\/#website","url":"https:\/\/polar55.com\/sk\/","name":"Polar55","description":"cheap hosting and domains","potentialAction":[{"@type":"SearchAction","target":{"@type":"EntryPoint","urlTemplate":"https:\/\/polar55.com\/sk\/?s={search_term_string}"},"query-input":{"@type":"PropertyValueSpecification","valueRequired":true,"valueName":"search_term_string"}}],"inLanguage":"sk-SK"}]}},"_links":{"self":[{"href":"https:\/\/polar55.com\/sk\/wp-json\/wp\/v2\/pages\/8439","targetHints":{"allow":["GET"]}}],"collection":[{"href":"https:\/\/polar55.com\/sk\/wp-json\/wp\/v2\/pages"}],"about":[{"href":"https:\/\/polar55.com\/sk\/wp-json\/wp\/v2\/types\/page"}],"author":[{"embeddable":true,"href":"https:\/\/polar55.com\/sk\/wp-json\/wp\/v2\/users\/3"}],"replies":[{"embeddable":true,"href":"https:\/\/polar55.com\/sk\/wp-json\/wp\/v2\/comments?post=8439"}],"version-history":[{"count":3,"href":"https:\/\/polar55.com\/sk\/wp-json\/wp\/v2\/pages\/8439\/revisions"}],"predecessor-version":[{"id":8572,"href":"https:\/\/polar55.com\/sk\/wp-json\/wp\/v2\/pages\/8439\/revisions\/8572"}],"wp:attachment":[{"href":"https:\/\/polar55.com\/sk\/wp-json\/wp\/v2\/media?parent=8439"}],"curies":[{"name":"wp","href":"https:\/\/api.w.org\/{rel}","templated":true}]}}