{"id":8429,"date":"2024-07-30T21:46:11","date_gmt":"2024-07-30T20:46:11","guid":{"rendered":"https:\/\/polar55.com\/cenotvorba\/"},"modified":"2026-02-05T08:23:42","modified_gmt":"2026-02-05T08:23:42","slug":"ceny","status":"publish","type":"page","link":"https:\/\/polar55.com\/sk\/ceny\/","title":{"rendered":"Cenn\u00edk"},"content":{"rendered":"<div class=\"wpb-content-wrapper\"><p>[vc_section css=&#8220;.vc_custom_1732787137355{padding-top: 0px !important;background-color: #00062a !important;}&#8220;][vc_row el_class=&#8220;domain_search&#8220;][vc_column][vc_raw_html]JTVCZG9tYWluX3NlYXJjaCUyMGxhbmclM0QlMjJzbG92YWslMjIlNUQ=[\/vc_raw_html][\/vc_column][\/vc_row][\/vc_section][vc_section el_class=&#8220;price_compare&#8220;][vc_row][vc_column][vc_column_text]\n    <p style=\"text-align: left;\"><strong>Polar55 patr\u00ed medzi najlacnej\u0161ie a z\u00e1rove\u0148 najkvalitnej\u0161ie hostingov\u00e9 rie\u0161enia na trhu. Sna\u017e\u00edme sa o \u00fapln\u00fa transparentnos\u0165 na\u0161ich cien \u2013 teraz aj v bud\u00facnosti \u2013 a preto sme pripravili tento preh\u013ead, ktor\u00fd odpovie na v\u00e4\u010d\u0161inu va\u0161ich ot\u00e1zok. Ak by ste st\u00e1le mali nejak\u00e9, <a href=\"\/client\/submitticket.php?step=2&amp;deptid=1&amp;language=slovak\">nap\u00ed\u0161te n\u00e1m tu<\/a>.<\/strong><\/p>\n    <p style=\"text-align: left;\">V\u0161etky ceny s\u00fa uveden\u00e9 v \u20ac a bez DPH<\/p>\n    <p style=\"text-align: left;\"><strong>Webhosting<\/strong>\n    Prv\u00fd rok z\u00edskate \u00favodn\u00fd bal\u00edk za cenu 0,80 \u20ac\/mesa\u010dne po\u010das prv\u00fdch 12 mesiacov a u\u0161etr\u00edte 76%. N\u00e1sledne sa cena zv\u00fd\u0161i na na\u0161u \u0161tandardn\u00fa cenu 3,46 \u20ac\/mesa\u010dne.<\/p>\n    <p style=\"text-align: left;\">Ak potrebujete viac \u00falo\u017en\u00e9ho priestoru pre svoj hostingov\u00fd \u00fa\u010det, m\u00f4\u017eete ho kedyko\u013evek nav\u00fd\u0161i\u0165 \u2013 20GB stoj\u00ed 6,92 \u20ac mesa\u010dne a 40GB stoj\u00ed 13,84 \u20ac mesa\u010dne.<\/p>\n    <p style=\"text-align: left;\"><strong>Poplatok za zriadenie<\/strong>\n    Poplatok za zriadenie \u00fa\u010dtu je 0 \u20ac.<\/p>\n    <p style=\"text-align: left;\"><strong>Dom\u00e9na<\/strong>\n    <a href=\"https:\/\/polar55.com\/sk\/domeny\/\">Na tejto str\u00e1nke<\/a> si m\u00f4\u017eete pozrie\u0165 ceny r\u00f4znych typov dom\u00e9n. Napr\u00edklad .sk dom\u00e9na stoj\u00ed 9,00 \u20ac\/rok za registr\u00e1ciu a 25,00 \u20ac za jej pred\u013a\u017eenie.<\/p>\n    <p style=\"text-align: left;\"><strong>Dodato\u010dn\u00e9 dom\u00e9ny<\/strong>\n    S na\u0161\u00edm hostingom m\u00f4\u017eete prid\u00e1va\u0165 \u013eubovo\u013en\u00fd po\u010det dom\u00e9n bez toho, aby sa cena zv\u00fd\u0161ila \u2013 plat\u00edte len za ich ka\u017edoro\u010dn\u00e9 pred\u013a\u017eenie.<\/p>\n    <p style=\"text-align: left;\">Ak m\u00e1te ak\u00e9ko\u013evek ot\u00e1zky oh\u013eadom cien alebo o \u010domko\u013evek inom, nev\u00e1hajte n\u00e1s <a href=\"\/client\/submitticket.php?language=slovak\">kontaktova\u0165<\/a>.<\/a>.<\/p>[\/vc_column_text][\/vc_column][\/vc_row][\/vc_section][vc_section el_class=&#8220;ms-pricing-container&#8220;][vc_row][vc_column][vc_row_inner][vc_column_inner width=&#8220;1\/2&#8243;][vc_column_text el_class=&#8220;title&#8220;]<\/p>\n<div class=\"arrow_box\">\n<h5>Pr\u00edklad ceny<\/h5>\n<h3 class=\"caps\">Na dom\u00e9ne .sk<\/h3>\n<\/div>\n<p>[\/vc_column_text][\/vc_column_inner][vc_column_inner width=&#8220;1\/2&#8243;][\/vc_column_inner][\/vc_row_inner][\/vc_column][\/vc_row][vc_row css=&#8220;.vc_custom_1722373332464{background-color: #f3f3f3 !important;}&#8220;][vc_column][vc_row_inner][vc_column_inner width=&#8220;1\/3&#8243;][vc_column_text]<strong>Slu\u017eba<\/strong>[\/vc_column_text][\/vc_column_inner][vc_column_inner width=&#8220;1\/3&#8243;][vc_column_text]<strong>Cena za rok &#8211; prv\u00fdch 12 mesiacov<\/strong>[\/vc_column_text][\/vc_column_inner][vc_column_inner width=&#8220;1\/3&#8243;][vc_column_text]<strong>Cena za rok &#8211; po prv\u00fdch 12 mesiacoch<\/strong>[\/vc_column_text][\/vc_column_inner][\/vc_row_inner][\/vc_column][\/vc_row][vc_row css=&#8220;.vc_custom_1722373365236{background-color: #f9f9f9 !important;}&#8220;][vc_column][vc_row_inner][vc_column_inner width=&#8220;1\/3&#8243;][vc_column_text]Registr\u00e1cia \/ obnovenie dom\u00e9ny[\/vc_column_text][\/vc_column_inner][vc_column_inner width=&#8220;1\/3&#8243;][vc_column_text]9,00 \u20ac<span style=\"font-size: 12px; display: block;\">Prevod: 9,00 \u20ac<\/span>[\/vc_column_text][\/vc_column_inner][vc_column_inner width=&#8220;1\/3&#8243;][vc_column_text]25,00 \u20ac[\/vc_column_text][\/vc_column_inner][\/vc_row_inner][\/vc_column][\/vc_row][vc_row css=&#8220;.vc_custom_1722373371815{background-color: #f3f3f3 !important;}&#8220;][vc_column][vc_row_inner][vc_column_inner width=&#8220;1\/3&#8243;][vc_column_text]Hosting[\/vc_column_text][\/vc_column_inner][vc_column_inner width=&#8220;1\/3&#8243;][vc_column_text]9,60 \u20ac (0,80 \u20ac mesa\u010dne)[\/vc_column_text][\/vc_column_inner][vc_column_inner width=&#8220;1\/3&#8243;][vc_column_text]41,50 \u20ac (3,46 \u20ac mesa\u010dne)[\/vc_column_text][\/vc_column_inner][\/vc_row_inner][\/vc_column][\/vc_row][vc_row css=&#8220;.vc_custom_1722373383686{background-color: #f9f9f9 !important;}&#8220;][vc_column][vc_row_inner][vc_column_inner width=&#8220;1\/3&#8243;][vc_column_text]Zria\u010fovac\u00ed poplatok[\/vc_column_text][\/vc_column_inner][vc_column_inner width=&#8220;1\/3&#8243;][vc_column_text]0 \u20ac[\/vc_column_text][\/vc_column_inner][vc_column_inner width=&#8220;1\/3&#8243;][vc_column_text]0 \u20ac[\/vc_column_text][\/vc_column_inner][\/vc_row_inner][\/vc_column][\/vc_row][vc_row css=&#8220;.vc_custom_1722373391167{background-color: #f3f3f3 !important;}&#8220;][vc_column][vc_row_inner][vc_column_inner width=&#8220;1\/3&#8243;][vc_column_text]Celkov\u00e1 cena za 12 mesiacov[\/vc_column_text][\/vc_column_inner][vc_column_inner width=&#8220;1\/3&#8243;][vc_column_text]18,60 \u20ac<span style=\"font-size: 12px; display: block;\">Prevod: 18,60 \u20ac<\/span>[\/vc_column_text][\/vc_column_inner][vc_column_inner width=&#8220;1\/3&#8243;][vc_column_text]<span style=\"min-height: 46px; display: block;\">66,50 \u20ac<\/span>[\/vc_column_text][\/vc_column_inner][\/vc_row_inner][\/vc_column][\/vc_row][\/vc_section][vc_section el_class=&#8220;ms-mobile-only&#8220;][vc_row css=&#8220;.vc_custom_1722373655642{padding-bottom: 50px !important;}&#8220;][vc_column][vc_column_text css=&#8220;.vc_custom_1722373719322{margin-bottom: 20px !important;}&#8220;]<\/p>\n<h4><strong>Prv\u00fdch 12 mesiacov<\/strong><\/h4>\n<p>[\/vc_column_text][vc_column_text]<\/p>\n<table>\n<tbody>\n<tr>\n<td><strong>Slu\u017eba<\/strong><\/td>\n<td><strong>Cena za rok<\/strong><\/td>\n<\/tr>\n<tr>\n<td>Registr\u00e1cia dom\u00e9ny | Transfer vr\u00e1tane DNS<\/td>\n<td>9,00 \u20ac<span style=\"font-size: 12px; display: block;\">Prevod: 9,00 \u20ac<\/span><\/td>\n<\/tr>\n<tr>\n<td>Hosting<\/td>\n<td>9,60 \u20ac (0,80 \u20ac mesa\u010dne)<\/td>\n<\/tr>\n<tr>\n<td>Zria\u010fovac\u00ed poplatok<\/td>\n<td>0 \u20ac<\/td>\n<\/tr>\n<tr style=\"border-top: 2px #5f686f solid;\">\n<td>Celkov\u00e1 cena za 12 mesiacov<\/td>\n<td>18,60 \u20ac<span style=\"font-size: 12px; display: block;\">Prevod: 18,60 \u20ac<\/span><\/td>\n<\/tr>\n<\/tbody>\n<\/table>\n<p>[\/vc_column_text][\/vc_column][\/vc_row][vc_row][vc_column][vc_column_text css=&#8220;.vc_custom_1722373724058{margin-bottom: 20px !important;}&#8220;]<\/p>\n<h4><strong>Nasleduj\u00facich 12 mesiacov a nesk\u00f4r<\/strong><\/h4>\n<p>[\/vc_column_text][vc_column_text]<\/p>\n<table>\n<tbody>\n<tr>\n<td><strong>Slu\u017eba<\/strong><\/td>\n<td><strong>Cena za rok<\/strong><\/td>\n<\/tr>\n<tr>\n<td>Obnovenie dom\u00e9ny vr\u00e1tane DNS<\/td>\n<td>25,00 \u20ac<\/td>\n<\/tr>\n<tr>\n<td>Hosting<\/td>\n<td>41,50 \u20ac (3,46 \u20ac mesa\u010dne)<\/td>\n<\/tr>\n<tr>\n<td>Zria\u010fovac\u00ed poplatok<\/td>\n<td>0 \u20ac<\/td>\n<\/tr>\n<tr style=\"border-top: 2px #5f686f solid;\">\n<td>Celkov\u00e1 cena za 12 mesiacov<\/td>\n<td>66,50 \u20ac<\/td>\n<\/tr>\n<\/tbody>\n<\/table>\n<p>[\/vc_column_text][\/vc_column][\/vc_row][\/vc_section]<\/p>\n<\/div>","protected":false},"excerpt":{"rendered":"<p>[vc_section css=&#8220;.vc_custom_1732787137355{padding-top: 0px !important;background-color: #00062a !important;}&#8220;][vc_row el_class=&#8220;domain_search&#8220;][vc_column][vc_raw_html]JTVCZG9tYWluX3NlYXJjaCUyMGxhbmclM0QlMjJzbG92YWslMjIlNUQ=[\/vc_raw_html][\/vc_column][\/vc_row][\/vc_section][vc_section el_class=&#8220;price_compare&#8220;][vc_row][vc_column][vc_column_text][\/vc_column_text][\/vc_column][\/vc_row][\/vc_section][vc_section el_class=&#8220;ms-pricing-container&#8220;][vc_row][vc_column][vc_row_inner][vc_column_inner width=&#8220;1\/2&#8243;][vc_column_text el_class=&#8220;title&#8220;] Pr\u00edklad ceny Na dom\u00e9ne .sk [\/vc_column_text][\/vc_column_inner][vc_column_inner width=&#8220;1\/2&#8243;][\/vc_column_inner][\/vc_row_inner][\/vc_column][\/vc_row][vc_row css=&#8220;.vc_custom_1722373332464{background-color: #f3f3f3 !important;}&#8220;][vc_column][vc_row_inner][vc_column_inner width=&#8220;1\/3&#8243;][vc_column_text]Slu\u017eba[\/vc_column_text][\/vc_column_inner][vc_column_inner width=&#8220;1\/3&#8243;][vc_column_text]Cena za rok &#8211; prv\u00fdch 12 mesiacov[\/vc_column_text][\/vc_column_inner][vc_column_inner width=&#8220;1\/3&#8243;][vc_column_text]Cena za rok &#8211; po prv\u00fdch 12 mesiacoch[\/vc_column_text][\/vc_column_inner][\/vc_row_inner][\/vc_column][\/vc_row][vc_row css=&#8220;.vc_custom_1722373365236{background-color: #f9f9f9 !important;}&#8220;][vc_column][vc_row_inner][vc_column_inner width=&#8220;1\/3&#8243;][vc_column_text]Registr\u00e1cia \/ obnovenie dom\u00e9ny[\/vc_column_text][\/vc_column_inner][vc_column_inner width=&#8220;1\/3&#8243;][vc_column_text] Prevod: [\/vc_column_text][\/vc_column_inner][vc_column_inner width=&#8220;1\/3&#8243;][vc_column_text] [\/vc_column_text][\/vc_column_inner][\/vc_row_inner][\/vc_column][\/vc_row][vc_row css=&#8220;.vc_custom_1722373371815{background-color: #f3f3f3 !important;}&#8220;][vc_column][vc_row_inner][vc_column_inner width=&#8220;1\/3&#8243;][vc_column_text]Hosting[\/vc_column_text][\/vc_column_inner][vc_column_inner width=&#8220;1\/3&#8243;][vc_column_text] ( &hellip;<\/p>\n","protected":false},"author":3,"featured_media":0,"parent":0,"menu_order":0,"comment_status":"closed","ping_status":"closed","template":"","meta":{"_acf_changed":false,"footnotes":""},"class_list":["post-8429","page","type-page","status-publish","hentry"],"acf":[],"yoast_head":"<!-- This site is optimized with the Yoast SEO plugin v26.8 - https:\/\/yoast.com\/product\/yoast-seo-wordpress\/ -->\n<title>Cenn\u00edk - Polar55<\/title>\n<meta name=\"description\" content=\"Polar55 je jedn\u00fdm z najlacnej\u0161\u00edch a najlep\u0161\u00edch webhostingov\u00fdch rie\u0161en\u00ed na trhu. Sna\u017e\u00edme sa o \u00fapln\u00fa transparentnos\u0165, pokia\u013e ide o na\u0161e ceny.\" \/>\n<meta name=\"robots\" content=\"index, follow, max-snippet:-1, max-image-preview:large, max-video-preview:-1\" \/>\n<link rel=\"canonical\" href=\"https:\/\/polar55.com\/sk\/ceny\/\" \/>\n<meta property=\"og:locale\" content=\"sk_SK\" \/>\n<meta property=\"og:type\" content=\"article\" \/>\n<meta property=\"og:title\" content=\"Cenn\u00edk - Polar55\" \/>\n<meta property=\"og:description\" content=\"Polar55 je jedn\u00fdm z najlacnej\u0161\u00edch a najlep\u0161\u00edch webhostingov\u00fdch rie\u0161en\u00ed na trhu. Sna\u017e\u00edme sa o \u00fapln\u00fa transparentnos\u0165, pokia\u013e ide o na\u0161e ceny.\" \/>\n<meta property=\"og:url\" content=\"https:\/\/polar55.com\/sk\/ceny\/\" \/>\n<meta property=\"og:site_name\" content=\"Polar55\" \/>\n<meta property=\"article:modified_time\" content=\"2026-02-05T08:23:42+00:00\" \/>\n<meta name=\"twitter:card\" content=\"summary_large_image\" \/>\n<meta name=\"twitter:label1\" content=\"Predpokladan\u00fd \u010das \u010d\u00edtania\" \/>\n\t<meta name=\"twitter:data1\" content=\"2 min\u00faty\" \/>\n<script type=\"application\/ld+json\" class=\"yoast-schema-graph\">{\"@context\":\"https:\/\/schema.org\",\"@graph\":[{\"@type\":\"WebPage\",\"@id\":\"https:\/\/polar55.com\/sk\/ceny\/\",\"url\":\"https:\/\/polar55.com\/sk\/ceny\/\",\"name\":\"Cenn\u00edk - Polar55\",\"isPartOf\":{\"@id\":\"https:\/\/polar55.com\/sk\/#website\"},\"datePublished\":\"2024-07-30T20:46:11+00:00\",\"dateModified\":\"2026-02-05T08:23:42+00:00\",\"description\":\"Polar55 je jedn\u00fdm z najlacnej\u0161\u00edch a najlep\u0161\u00edch webhostingov\u00fdch rie\u0161en\u00ed na trhu. Sna\u017e\u00edme sa o \u00fapln\u00fa transparentnos\u0165, pokia\u013e ide o na\u0161e ceny.\",\"breadcrumb\":{\"@id\":\"https:\/\/polar55.com\/sk\/ceny\/#breadcrumb\"},\"inLanguage\":\"sk-SK\",\"potentialAction\":[{\"@type\":\"ReadAction\",\"target\":[\"https:\/\/polar55.com\/sk\/ceny\/\"]}]},{\"@type\":\"BreadcrumbList\",\"@id\":\"https:\/\/polar55.com\/sk\/ceny\/#breadcrumb\",\"itemListElement\":[{\"@type\":\"ListItem\",\"position\":1,\"name\":\"Hjem\",\"item\":\"https:\/\/polar55.com\/sk\/\"},{\"@type\":\"ListItem\",\"position\":2,\"name\":\"Cenn\u00edk\"}]},{\"@type\":\"WebSite\",\"@id\":\"https:\/\/polar55.com\/sk\/#website\",\"url\":\"https:\/\/polar55.com\/sk\/\",\"name\":\"Polar55\",\"description\":\"cheap hosting and domains\",\"potentialAction\":[{\"@type\":\"SearchAction\",\"target\":{\"@type\":\"EntryPoint\",\"urlTemplate\":\"https:\/\/polar55.com\/sk\/?s={search_term_string}\"},\"query-input\":{\"@type\":\"PropertyValueSpecification\",\"valueRequired\":true,\"valueName\":\"search_term_string\"}}],\"inLanguage\":\"sk-SK\"}]}<\/script>\n<!-- \/ Yoast SEO plugin. -->","yoast_head_json":{"title":"Cenn\u00edk - Polar55","description":"Polar55 je jedn\u00fdm z najlacnej\u0161\u00edch a najlep\u0161\u00edch webhostingov\u00fdch rie\u0161en\u00ed na trhu. Sna\u017e\u00edme sa o \u00fapln\u00fa transparentnos\u0165, pokia\u013e ide o na\u0161e ceny.","robots":{"index":"index","follow":"follow","max-snippet":"max-snippet:-1","max-image-preview":"max-image-preview:large","max-video-preview":"max-video-preview:-1"},"canonical":"https:\/\/polar55.com\/sk\/ceny\/","og_locale":"sk_SK","og_type":"article","og_title":"Cenn\u00edk - Polar55","og_description":"Polar55 je jedn\u00fdm z najlacnej\u0161\u00edch a najlep\u0161\u00edch webhostingov\u00fdch rie\u0161en\u00ed na trhu. Sna\u017e\u00edme sa o \u00fapln\u00fa transparentnos\u0165, pokia\u013e ide o na\u0161e ceny.","og_url":"https:\/\/polar55.com\/sk\/ceny\/","og_site_name":"Polar55","article_modified_time":"2026-02-05T08:23:42+00:00","twitter_card":"summary_large_image","twitter_misc":{"Predpokladan\u00fd \u010das \u010d\u00edtania":"2 min\u00faty"},"schema":{"@context":"https:\/\/schema.org","@graph":[{"@type":"WebPage","@id":"https:\/\/polar55.com\/sk\/ceny\/","url":"https:\/\/polar55.com\/sk\/ceny\/","name":"Cenn\u00edk - Polar55","isPartOf":{"@id":"https:\/\/polar55.com\/sk\/#website"},"datePublished":"2024-07-30T20:46:11+00:00","dateModified":"2026-02-05T08:23:42+00:00","description":"Polar55 je jedn\u00fdm z najlacnej\u0161\u00edch a najlep\u0161\u00edch webhostingov\u00fdch rie\u0161en\u00ed na trhu. Sna\u017e\u00edme sa o \u00fapln\u00fa transparentnos\u0165, pokia\u013e ide o na\u0161e ceny.","breadcrumb":{"@id":"https:\/\/polar55.com\/sk\/ceny\/#breadcrumb"},"inLanguage":"sk-SK","potentialAction":[{"@type":"ReadAction","target":["https:\/\/polar55.com\/sk\/ceny\/"]}]},{"@type":"BreadcrumbList","@id":"https:\/\/polar55.com\/sk\/ceny\/#breadcrumb","itemListElement":[{"@type":"ListItem","position":1,"name":"Hjem","item":"https:\/\/polar55.com\/sk\/"},{"@type":"ListItem","position":2,"name":"Cenn\u00edk"}]},{"@type":"WebSite","@id":"https:\/\/polar55.com\/sk\/#website","url":"https:\/\/polar55.com\/sk\/","name":"Polar55","description":"cheap hosting and domains","potentialAction":[{"@type":"SearchAction","target":{"@type":"EntryPoint","urlTemplate":"https:\/\/polar55.com\/sk\/?s={search_term_string}"},"query-input":{"@type":"PropertyValueSpecification","valueRequired":true,"valueName":"search_term_string"}}],"inLanguage":"sk-SK"}]}},"_links":{"self":[{"href":"https:\/\/polar55.com\/sk\/wp-json\/wp\/v2\/pages\/8429","targetHints":{"allow":["GET"]}}],"collection":[{"href":"https:\/\/polar55.com\/sk\/wp-json\/wp\/v2\/pages"}],"about":[{"href":"https:\/\/polar55.com\/sk\/wp-json\/wp\/v2\/types\/page"}],"author":[{"embeddable":true,"href":"https:\/\/polar55.com\/sk\/wp-json\/wp\/v2\/users\/3"}],"replies":[{"embeddable":true,"href":"https:\/\/polar55.com\/sk\/wp-json\/wp\/v2\/comments?post=8429"}],"version-history":[{"count":7,"href":"https:\/\/polar55.com\/sk\/wp-json\/wp\/v2\/pages\/8429\/revisions"}],"predecessor-version":[{"id":9695,"href":"https:\/\/polar55.com\/sk\/wp-json\/wp\/v2\/pages\/8429\/revisions\/9695"}],"wp:attachment":[{"href":"https:\/\/polar55.com\/sk\/wp-json\/wp\/v2\/media?parent=8429"}],"curies":[{"name":"wp","href":"https:\/\/api.w.org\/{rel}","templated":true}]}}