{"id":8423,"date":"2024-07-31T09:38:59","date_gmt":"2024-07-31T08:38:59","guid":{"rendered":"https:\/\/polar55.com\/spracovatelia-udajov\/"},"modified":"2026-03-17T13:02:07","modified_gmt":"2026-03-17T13:02:07","slug":"spracovatelia-udajov","status":"publish","type":"page","link":"https:\/\/polar55.com\/sk\/spracovatelia-udajov\/","title":{"rendered":"Spracovatelia \u00fadajov"},"content":{"rendered":"<div class=\"wpb-content-wrapper\"><p>[vc_row king_class=&#8220;price_compare&#8220; king_class_container=&#8220;table-wrapper&#8220; css=&#8220;.vc_custom_1722415138188{padding-top: 40px !important;padding-bottom: 40px !important;}&#8220; el_class=&#8220;price_compare&#8220;][vc_column][vc_column_text el_class=&#8220;webhotel-text&#8220; css=&#8220;.vc_custom_1753900184571{padding-bottom: 40px !important;}&#8220;]\n        <p style=\"text-align: left;\">Pou\u017e\u00edvame nasleduj\u00facich subdod\u00e1vate\u013eov. To znamen\u00e1, \u017ee va\u0161e \u00fadaje m\u00f4\u017eu by\u0165 odosielan\u00e9 t\u00fdmto subjektom alebo \u017ee tieto spolo\u010dnosti maj\u00fa k va\u0161im \u00fadajom pr\u00edstup. Ide v\u00fdlu\u010dne o subjekty nevyhnutn\u00e9 na zabezpe\u010denie prev\u00e1dzky na\u0161ich hostingov\u00fdch rie\u0161en\u00ed.<\/p>[\/vc_column_text][vc_row_inner king_class=&#8220;th&#8220;][vc_column_inner el_class=&#8220;first rowfirst&#8220; width=&#8220;1\/2&#8243;][vc_column_text]NSEC Solutions (DK-26530792)[\/vc_column_text][\/vc_column_inner][vc_column_inner el_class=&#8220;rowsremain&#8220; width=&#8220;1\/2&#8243;][vc_column_text]Prev\u00e1dzka a \u00fadr\u017eba servera[\/vc_column_text][vc_column_text][\/vc_column_text][\/vc_column_inner][\/vc_row_inner][vc_row_inner king_class=&#8220;td&#8220;][vc_column_inner el_class=&#8220;first rowfirst&#8220; width=&#8220;1\/2&#8243;][vc_column_text]Hexonet GMBH (DE-138316882)[\/vc_column_text][\/vc_column_inner][vc_column_inner el_class=&#8220;rowsremain&#8220; width=&#8220;1\/2&#8243;][vc_column_text]Registr\u00e1tor dom\u00e9ny[\/vc_column_text][vc_column_text][\/vc_column_text][\/vc_column_inner][\/vc_row_inner][vc_row_inner king_class=&#8220;th&#8220;][vc_column_inner el_class=&#8220;first rowfirst&#8220; width=&#8220;1\/2&#8243;][vc_column_text]Hetzner <span dir=\"ltr\" role=\"presentation\">(DE-812871812<\/span>)[\/vc_column_text][\/vc_column_inner][vc_column_inner el_class=&#8220;rowsremain&#8220; width=&#8220;1\/2&#8243;][vc_column_text]Server[\/vc_column_text][vc_column_text][\/vc_column_text][\/vc_column_inner][\/vc_row_inner][vc_row_inner king_class=&#8220;td&#8220;][vc_column_inner el_class=&#8220;first rowfirst&#8220; width=&#8220;1\/2&#8243;][vc_column_text]Sampedro ApS (DK-40342079)[\/vc_column_text][\/vc_column_inner][vc_column_inner el_class=&#8220;rowsremain&#8220; width=&#8220;1\/2&#8243;][vc_column_text]Podpora[\/vc_column_text][vc_column_text][\/vc_column_text][\/vc_column_inner][\/vc_row_inner][vc_row_inner king_class=&#8220;td&#8220;][vc_column_inner el_class=&#8220;first rowfirst&#8220; width=&#8220;1\/2&#8243;][vc_column_text]Stripe Payments Europe Ltd (IE-3206488LH)[\/vc_column_text][\/vc_column_inner][vc_column_inner el_class=&#8220;rowsremain&#8220; width=&#8220;1\/2&#8243;][vc_column_text]Platobn\u00e1 br\u00e1na[\/vc_column_text][vc_column_text][\/vc_column_text][\/vc_column_inner][\/vc_row_inner][\/vc_column][\/vc_row]<\/p>\n<\/div>","protected":false},"excerpt":{"rendered":"<p>[vc_row king_class=&#8220;price_compare&#8220; king_class_container=&#8220;table-wrapper&#8220; css=&#8220;.vc_custom_1722415138188{padding-top: 40px !important;padding-bottom: 40px !important;}&#8220; el_class=&#8220;price_compare&#8220;][vc_column][vc_column_text el_class=&#8220;webhotel-text&#8220; css=&#8220;.vc_custom_1753900184571{padding-bottom: 40px !important;}&#8220;][\/vc_column_text][vc_row_inner king_class=&#8220;th&#8220;][vc_column_inner el_class=&#8220;first rowfirst&#8220; width=&#8220;1\/2&#8243;][vc_column_text]NSEC Solutions (DK-26530792)[\/vc_column_text][\/vc_column_inner][vc_column_inner el_class=&#8220;rowsremain&#8220; width=&#8220;1\/2&#8243;][vc_column_text]Prev\u00e1dzka a \u00fadr\u017eba servera[\/vc_column_text][vc_column_text][\/vc_column_text][\/vc_column_inner][\/vc_row_inner][vc_row_inner king_class=&#8220;td&#8220;][vc_column_inner el_class=&#8220;first rowfirst&#8220; width=&#8220;1\/2&#8243;][vc_column_text]Hexonet GMBH (DE-138316882)[\/vc_column_text][\/vc_column_inner][vc_column_inner el_class=&#8220;rowsremain&#8220; width=&#8220;1\/2&#8243;][vc_column_text]Registr\u00e1tor dom\u00e9ny[\/vc_column_text][vc_column_text][\/vc_column_text][\/vc_column_inner][\/vc_row_inner][vc_row_inner king_class=&#8220;th&#8220;][vc_column_inner el_class=&#8220;first rowfirst&#8220; width=&#8220;1\/2&#8243;][vc_column_text]Hetzner (DE-812871812)[\/vc_column_text][\/vc_column_inner][vc_column_inner el_class=&#8220;rowsremain&#8220; width=&#8220;1\/2&#8243;][vc_column_text]Server[\/vc_column_text][vc_column_text][\/vc_column_text][\/vc_column_inner][\/vc_row_inner][vc_row_inner king_class=&#8220;td&#8220;][vc_column_inner el_class=&#8220;first rowfirst&#8220; width=&#8220;1\/2&#8243;][vc_column_text]Sampedro ApS (DK-40342079)[\/vc_column_text][\/vc_column_inner][vc_column_inner el_class=&#8220;rowsremain&#8220; width=&#8220;1\/2&#8243;][vc_column_text]Podpora[\/vc_column_text][vc_column_text][\/vc_column_text][\/vc_column_inner][\/vc_row_inner][vc_row_inner king_class=&#8220;td&#8220;][vc_column_inner el_class=&#8220;first rowfirst&#8220; width=&#8220;1\/2&#8243;][vc_column_text]Stripe Payments Europe Ltd &hellip;<\/p>\n","protected":false},"author":3,"featured_media":0,"parent":0,"menu_order":0,"comment_status":"closed","ping_status":"closed","template":"","meta":{"_acf_changed":false,"footnotes":""},"class_list":["post-8423","page","type-page","status-publish","hentry"],"acf":[],"yoast_head":"<!-- This site is optimized with the Yoast SEO plugin v26.8 - https:\/\/yoast.com\/product\/yoast-seo-wordpress\/ -->\n<title>Spracovatelia \u00fadajov - Polar55<\/title>\n<meta name=\"robots\" content=\"index, follow, max-snippet:-1, max-image-preview:large, max-video-preview:-1\" \/>\n<link rel=\"canonical\" href=\"https:\/\/polar55.com\/sk\/spracovatelia-udajov\/\" \/>\n<meta property=\"og:locale\" content=\"sk_SK\" \/>\n<meta property=\"og:type\" content=\"article\" \/>\n<meta property=\"og:title\" content=\"Spracovatelia \u00fadajov - Polar55\" \/>\n<meta property=\"og:description\" content=\"[vc_row king_class=&#8220;price_compare&#8220; king_class_container=&#8220;table-wrapper&#8220; css=&#8220;.vc_custom_1722415138188{padding-top: 40px !important;padding-bottom: 40px !important;}&#8220; el_class=&#8220;price_compare&#8220;][vc_column][vc_column_text el_class=&#8220;webhotel-text&#8220; css=&#8220;.vc_custom_1753900184571{padding-bottom: 40px !important;}&#8220;][\/vc_column_text][vc_row_inner king_class=&#8220;th&#8220;][vc_column_inner el_class=&#8220;first rowfirst&#8220; width=&#8220;1\/2&#8243;][vc_column_text]NSEC Solutions (DK-26530792)[\/vc_column_text][\/vc_column_inner][vc_column_inner el_class=&#8220;rowsremain&#8220; width=&#8220;1\/2&#8243;][vc_column_text]Prev\u00e1dzka a \u00fadr\u017eba servera[\/vc_column_text][vc_column_text][\/vc_column_text][\/vc_column_inner][\/vc_row_inner][vc_row_inner king_class=&#8220;td&#8220;][vc_column_inner el_class=&#8220;first rowfirst&#8220; width=&#8220;1\/2&#8243;][vc_column_text]Hexonet GMBH (DE-138316882)[\/vc_column_text][\/vc_column_inner][vc_column_inner el_class=&#8220;rowsremain&#8220; width=&#8220;1\/2&#8243;][vc_column_text]Registr\u00e1tor dom\u00e9ny[\/vc_column_text][vc_column_text][\/vc_column_text][\/vc_column_inner][\/vc_row_inner][vc_row_inner king_class=&#8220;th&#8220;][vc_column_inner el_class=&#8220;first rowfirst&#8220; width=&#8220;1\/2&#8243;][vc_column_text]Hetzner (DE-812871812)[\/vc_column_text][\/vc_column_inner][vc_column_inner el_class=&#8220;rowsremain&#8220; width=&#8220;1\/2&#8243;][vc_column_text]Server[\/vc_column_text][vc_column_text][\/vc_column_text][\/vc_column_inner][\/vc_row_inner][vc_row_inner king_class=&#8220;td&#8220;][vc_column_inner el_class=&#8220;first rowfirst&#8220; width=&#8220;1\/2&#8243;][vc_column_text]Sampedro ApS (DK-40342079)[\/vc_column_text][\/vc_column_inner][vc_column_inner el_class=&#8220;rowsremain&#8220; width=&#8220;1\/2&#8243;][vc_column_text]Podpora[\/vc_column_text][vc_column_text][\/vc_column_text][\/vc_column_inner][\/vc_row_inner][vc_row_inner king_class=&#8220;td&#8220;][vc_column_inner el_class=&#8220;first rowfirst&#8220; width=&#8220;1\/2&#8243;][vc_column_text]Stripe Payments Europe Ltd &hellip;\" \/>\n<meta property=\"og:url\" content=\"https:\/\/polar55.com\/sk\/spracovatelia-udajov\/\" \/>\n<meta property=\"og:site_name\" content=\"Polar55\" \/>\n<meta property=\"article:modified_time\" content=\"2026-03-17T13:02:07+00:00\" \/>\n<meta name=\"twitter:card\" content=\"summary_large_image\" \/>\n<meta name=\"twitter:label1\" content=\"Predpokladan\u00fd \u010das \u010d\u00edtania\" \/>\n\t<meta name=\"twitter:data1\" content=\"1 min\u00fata\" \/>\n<script type=\"application\/ld+json\" class=\"yoast-schema-graph\">{\"@context\":\"https:\/\/schema.org\",\"@graph\":[{\"@type\":\"WebPage\",\"@id\":\"https:\/\/polar55.com\/sk\/spracovatelia-udajov\/\",\"url\":\"https:\/\/polar55.com\/sk\/spracovatelia-udajov\/\",\"name\":\"Spracovatelia \u00fadajov - Polar55\",\"isPartOf\":{\"@id\":\"https:\/\/polar55.com\/sk\/#website\"},\"datePublished\":\"2024-07-31T08:38:59+00:00\",\"dateModified\":\"2026-03-17T13:02:07+00:00\",\"breadcrumb\":{\"@id\":\"https:\/\/polar55.com\/sk\/spracovatelia-udajov\/#breadcrumb\"},\"inLanguage\":\"sk-SK\",\"potentialAction\":[{\"@type\":\"ReadAction\",\"target\":[\"https:\/\/polar55.com\/sk\/spracovatelia-udajov\/\"]}]},{\"@type\":\"BreadcrumbList\",\"@id\":\"https:\/\/polar55.com\/sk\/spracovatelia-udajov\/#breadcrumb\",\"itemListElement\":[{\"@type\":\"ListItem\",\"position\":1,\"name\":\"Hjem\",\"item\":\"https:\/\/polar55.com\/sk\/\"},{\"@type\":\"ListItem\",\"position\":2,\"name\":\"Spracovatelia \u00fadajov\"}]},{\"@type\":\"WebSite\",\"@id\":\"https:\/\/polar55.com\/sk\/#website\",\"url\":\"https:\/\/polar55.com\/sk\/\",\"name\":\"Polar55\",\"description\":\"cheap hosting and domains\",\"potentialAction\":[{\"@type\":\"SearchAction\",\"target\":{\"@type\":\"EntryPoint\",\"urlTemplate\":\"https:\/\/polar55.com\/sk\/?s={search_term_string}\"},\"query-input\":{\"@type\":\"PropertyValueSpecification\",\"valueRequired\":true,\"valueName\":\"search_term_string\"}}],\"inLanguage\":\"sk-SK\"}]}<\/script>\n<!-- \/ Yoast SEO plugin. -->","yoast_head_json":{"title":"Spracovatelia \u00fadajov - Polar55","robots":{"index":"index","follow":"follow","max-snippet":"max-snippet:-1","max-image-preview":"max-image-preview:large","max-video-preview":"max-video-preview:-1"},"canonical":"https:\/\/polar55.com\/sk\/spracovatelia-udajov\/","og_locale":"sk_SK","og_type":"article","og_title":"Spracovatelia \u00fadajov - Polar55","og_description":"[vc_row king_class=&#8220;price_compare&#8220; king_class_container=&#8220;table-wrapper&#8220; css=&#8220;.vc_custom_1722415138188{padding-top: 40px !important;padding-bottom: 40px !important;}&#8220; el_class=&#8220;price_compare&#8220;][vc_column][vc_column_text el_class=&#8220;webhotel-text&#8220; css=&#8220;.vc_custom_1753900184571{padding-bottom: 40px !important;}&#8220;][\/vc_column_text][vc_row_inner king_class=&#8220;th&#8220;][vc_column_inner el_class=&#8220;first rowfirst&#8220; width=&#8220;1\/2&#8243;][vc_column_text]NSEC Solutions (DK-26530792)[\/vc_column_text][\/vc_column_inner][vc_column_inner el_class=&#8220;rowsremain&#8220; width=&#8220;1\/2&#8243;][vc_column_text]Prev\u00e1dzka a \u00fadr\u017eba servera[\/vc_column_text][vc_column_text][\/vc_column_text][\/vc_column_inner][\/vc_row_inner][vc_row_inner king_class=&#8220;td&#8220;][vc_column_inner el_class=&#8220;first rowfirst&#8220; width=&#8220;1\/2&#8243;][vc_column_text]Hexonet GMBH (DE-138316882)[\/vc_column_text][\/vc_column_inner][vc_column_inner el_class=&#8220;rowsremain&#8220; width=&#8220;1\/2&#8243;][vc_column_text]Registr\u00e1tor dom\u00e9ny[\/vc_column_text][vc_column_text][\/vc_column_text][\/vc_column_inner][\/vc_row_inner][vc_row_inner king_class=&#8220;th&#8220;][vc_column_inner el_class=&#8220;first rowfirst&#8220; width=&#8220;1\/2&#8243;][vc_column_text]Hetzner (DE-812871812)[\/vc_column_text][\/vc_column_inner][vc_column_inner el_class=&#8220;rowsremain&#8220; width=&#8220;1\/2&#8243;][vc_column_text]Server[\/vc_column_text][vc_column_text][\/vc_column_text][\/vc_column_inner][\/vc_row_inner][vc_row_inner king_class=&#8220;td&#8220;][vc_column_inner el_class=&#8220;first rowfirst&#8220; width=&#8220;1\/2&#8243;][vc_column_text]Sampedro ApS (DK-40342079)[\/vc_column_text][\/vc_column_inner][vc_column_inner el_class=&#8220;rowsremain&#8220; width=&#8220;1\/2&#8243;][vc_column_text]Podpora[\/vc_column_text][vc_column_text][\/vc_column_text][\/vc_column_inner][\/vc_row_inner][vc_row_inner king_class=&#8220;td&#8220;][vc_column_inner el_class=&#8220;first rowfirst&#8220; width=&#8220;1\/2&#8243;][vc_column_text]Stripe Payments Europe Ltd &hellip;","og_url":"https:\/\/polar55.com\/sk\/spracovatelia-udajov\/","og_site_name":"Polar55","article_modified_time":"2026-03-17T13:02:07+00:00","twitter_card":"summary_large_image","twitter_misc":{"Predpokladan\u00fd \u010das \u010d\u00edtania":"1 min\u00fata"},"schema":{"@context":"https:\/\/schema.org","@graph":[{"@type":"WebPage","@id":"https:\/\/polar55.com\/sk\/spracovatelia-udajov\/","url":"https:\/\/polar55.com\/sk\/spracovatelia-udajov\/","name":"Spracovatelia \u00fadajov - Polar55","isPartOf":{"@id":"https:\/\/polar55.com\/sk\/#website"},"datePublished":"2024-07-31T08:38:59+00:00","dateModified":"2026-03-17T13:02:07+00:00","breadcrumb":{"@id":"https:\/\/polar55.com\/sk\/spracovatelia-udajov\/#breadcrumb"},"inLanguage":"sk-SK","potentialAction":[{"@type":"ReadAction","target":["https:\/\/polar55.com\/sk\/spracovatelia-udajov\/"]}]},{"@type":"BreadcrumbList","@id":"https:\/\/polar55.com\/sk\/spracovatelia-udajov\/#breadcrumb","itemListElement":[{"@type":"ListItem","position":1,"name":"Hjem","item":"https:\/\/polar55.com\/sk\/"},{"@type":"ListItem","position":2,"name":"Spracovatelia \u00fadajov"}]},{"@type":"WebSite","@id":"https:\/\/polar55.com\/sk\/#website","url":"https:\/\/polar55.com\/sk\/","name":"Polar55","description":"cheap hosting and domains","potentialAction":[{"@type":"SearchAction","target":{"@type":"EntryPoint","urlTemplate":"https:\/\/polar55.com\/sk\/?s={search_term_string}"},"query-input":{"@type":"PropertyValueSpecification","valueRequired":true,"valueName":"search_term_string"}}],"inLanguage":"sk-SK"}]}},"_links":{"self":[{"href":"https:\/\/polar55.com\/sk\/wp-json\/wp\/v2\/pages\/8423","targetHints":{"allow":["GET"]}}],"collection":[{"href":"https:\/\/polar55.com\/sk\/wp-json\/wp\/v2\/pages"}],"about":[{"href":"https:\/\/polar55.com\/sk\/wp-json\/wp\/v2\/types\/page"}],"author":[{"embeddable":true,"href":"https:\/\/polar55.com\/sk\/wp-json\/wp\/v2\/users\/3"}],"replies":[{"embeddable":true,"href":"https:\/\/polar55.com\/sk\/wp-json\/wp\/v2\/comments?post=8423"}],"version-history":[{"count":6,"href":"https:\/\/polar55.com\/sk\/wp-json\/wp\/v2\/pages\/8423\/revisions"}],"predecessor-version":[{"id":10207,"href":"https:\/\/polar55.com\/sk\/wp-json\/wp\/v2\/pages\/8423\/revisions\/10207"}],"wp:attachment":[{"href":"https:\/\/polar55.com\/sk\/wp-json\/wp\/v2\/media?parent=8423"}],"curies":[{"name":"wp","href":"https:\/\/api.w.org\/{rel}","templated":true}]}}