{"id":8417,"date":"2024-07-31T09:21:49","date_gmt":"2024-07-31T08:21:49","guid":{"rendered":"https:\/\/polar55.com\/cookies\/"},"modified":"2025-07-30T19:19:59","modified_gmt":"2025-07-30T18:19:59","slug":"cookies","status":"publish","type":"page","link":"https:\/\/polar55.com\/sk\/cookies\/","title":{"rendered":"Cookies"},"content":{"rendered":"<div class=\"wpb-content-wrapper\"><p>[vc_row css=&#8220;.vc_custom_1722414156781{padding-top: 40px !important;padding-bottom: 40px !important;}&#8220;][vc_column][vc_column_text]\n    <strong>V\u0161eobecn\u00e9 ustanovenia<\/strong>\n    <p>1.1 Tieto z\u00e1sady ochrany osobn\u00fdch \u00fadajov (\u201eZ\u00e1sady\u201c) opisuj\u00fa, ak\u00fdm sp\u00f4sobom spolo\u010dnos\u0165 Polar55 (\u201emy\u201c, \u201en\u00e1s\u201c, \u201ena\u0161a spolo\u010dnos\u0165\u201c) zhroma\u017e\u010fuje a sprac\u00fava va\u0161e osobn\u00e9 \u00fadaje.<\/p>\n    <p>1.2 Tieto Z\u00e1sady sa vz\u0165ahuj\u00fa na osobn\u00e9 \u00fadaje, ktor\u00e9 n\u00e1m poskytnete, ako aj na \u00fadaje, ktor\u00e9 zhroma\u017e\u010fujeme prostredn\u00edctvom webovej str\u00e1nky www.polar55.com (\u201eWebov\u00e1 str\u00e1nka\u201c).<\/p>\n    <p>1.3 Spolo\u010dnos\u0165 Polar55 je prev\u00e1dzkovate\u013eom osobn\u00fdch \u00fadajov. V\u0161etky ot\u00e1zky t\u00fdkaj\u00face sa ochrany osobn\u00fdch \u00fadajov m\u00f4\u017eete smerova\u0165 na kontaktn\u00e9 \u00fadaje uveden\u00e9 v \u010dasti 8 t\u00fdchto Z\u00e1sad.<\/p>\n\n    <strong>Ak\u00e9 osobn\u00e9 \u00fadaje zhroma\u017e\u010fujeme, na ak\u00e9 \u00fa\u010dely a na akom pr\u00e1vnom z\u00e1klade ich sprac\u00favame<\/strong>\n    <p>2.1 Ke\u010f nav\u0161t\u00edvite Webov\u00fa str\u00e1nku, automaticky zhroma\u017e\u010fujeme inform\u00e1cie o v\u00e1s a o sp\u00f4sobe pou\u017e\u00edvania str\u00e1nky, napr\u00edklad typ prehliada\u010da, vyh\u013ead\u00e1vacie v\u00fdrazy, IP adresu a \u00fadaje o zariaden\u00ed.<\/p>\n    <p>2.1.1 \u00da\u010delom sprac\u00favania je optimaliz\u00e1cia pou\u017e\u00edvate\u013esk\u00e9ho z\u00e1\u017eitku a funk\u010dnosti Webovej str\u00e1nky. Toto sprac\u00favanie je nevyhnutn\u00e9 na zabezpe\u010denie na\u0161ich opr\u00e1vnen\u00fdch z\u00e1ujmov spo\u010d\u00edvaj\u00facich v zlep\u0161ovan\u00ed Webovej str\u00e1nky.<\/p>\n    <p>2.1.2 Pr\u00e1vnym z\u00e1kladom pre sprac\u00favanie je \u010dl\u00e1nok 6 ods. 1 p\u00edsm. f) nariadenia GDPR E\u00da..<\/p>\n\n    <strong>S\u00fabory cookies<\/strong>\n    <p>3.1 Polar55 pou\u017e\u00edva s\u00fabory cookie na technick\u00e9 \u00fa\u010dely, na meranie n\u00e1v\u0161tevnosti a na cielen\u00fa reklamu.<\/p>\n\n    <strong>Pr\u00edjemcovia osobn\u00fdch \u00fadajov<\/strong>\n    <p>4.1 Inform\u00e1cie m\u00f4\u017eu by\u0165 poskytnut\u00e9 extern\u00fdm partnerom za \u00fa\u010delom technickej prev\u00e1dzky, \u00fa\u010dtovn\u00edctva, spracovania platieb a poskytovania reklamy.<\/p>\n\n    <strong>Va\u0161e pr\u00e1va<\/strong>\n    <p>5.1 M\u00e1te pr\u00e1vo na pr\u00edstup k svojim osobn\u00fdm \u00fadajom, ich opravu, vymazanie a pr\u00e1vo namieta\u0165 proti ich sprac\u00favaniu.<\/p>\n\n    <strong>Kontaktn\u00e9 inform\u00e1cie<\/strong>\n    <p>Polar55<br>Lermontovova 3<br>811 05 Bratislava<br>Email: support[at]polar55.com<br>I\u010c DPH: DK40745769<\/p>[\/vc_column_text][\/vc_column][\/vc_row]<\/p>\n<\/div>","protected":false},"excerpt":{"rendered":"<p>[vc_row css=&#8220;.vc_custom_1722414156781{padding-top: 40px !important;padding-bottom: 40px !important;}&#8220;][vc_column][vc_column_text][\/vc_column_text][\/vc_column][\/vc_row]<\/p>\n","protected":false},"author":3,"featured_media":0,"parent":0,"menu_order":0,"comment_status":"closed","ping_status":"closed","template":"","meta":{"_acf_changed":false,"footnotes":""},"class_list":["post-8417","page","type-page","status-publish","hentry"],"acf":[],"yoast_head":"<!-- This site is optimized with the Yoast SEO plugin v26.8 - https:\/\/yoast.com\/product\/yoast-seo-wordpress\/ -->\n<title>Cookies - Polar55<\/title>\n<meta name=\"robots\" content=\"index, follow, max-snippet:-1, max-image-preview:large, max-video-preview:-1\" \/>\n<link rel=\"canonical\" href=\"https:\/\/polar55.com\/sk\/cookies\/\" \/>\n<meta property=\"og:locale\" content=\"sk_SK\" \/>\n<meta property=\"og:type\" content=\"article\" \/>\n<meta property=\"og:title\" content=\"Cookies - Polar55\" \/>\n<meta property=\"og:description\" content=\"[vc_row css=&#8220;.vc_custom_1722414156781{padding-top: 40px !important;padding-bottom: 40px !important;}&#8220;][vc_column][vc_column_text][\/vc_column_text][\/vc_column][\/vc_row]\" \/>\n<meta property=\"og:url\" content=\"https:\/\/polar55.com\/sk\/cookies\/\" \/>\n<meta property=\"og:site_name\" content=\"Polar55\" \/>\n<meta property=\"article:modified_time\" content=\"2025-07-30T18:19:59+00:00\" \/>\n<meta name=\"twitter:card\" content=\"summary_large_image\" \/>\n<meta name=\"twitter:label1\" content=\"Predpokladan\u00fd \u010das \u010d\u00edtania\" \/>\n\t<meta name=\"twitter:data1\" content=\"1 min\u00fata\" \/>\n<script type=\"application\/ld+json\" class=\"yoast-schema-graph\">{\"@context\":\"https:\/\/schema.org\",\"@graph\":[{\"@type\":\"WebPage\",\"@id\":\"https:\/\/polar55.com\/sk\/cookies\/\",\"url\":\"https:\/\/polar55.com\/sk\/cookies\/\",\"name\":\"Cookies - Polar55\",\"isPartOf\":{\"@id\":\"https:\/\/polar55.com\/sk\/#website\"},\"datePublished\":\"2024-07-31T08:21:49+00:00\",\"dateModified\":\"2025-07-30T18:19:59+00:00\",\"breadcrumb\":{\"@id\":\"https:\/\/polar55.com\/sk\/cookies\/#breadcrumb\"},\"inLanguage\":\"sk-SK\",\"potentialAction\":[{\"@type\":\"ReadAction\",\"target\":[\"https:\/\/polar55.com\/sk\/cookies\/\"]}]},{\"@type\":\"BreadcrumbList\",\"@id\":\"https:\/\/polar55.com\/sk\/cookies\/#breadcrumb\",\"itemListElement\":[{\"@type\":\"ListItem\",\"position\":1,\"name\":\"Hjem\",\"item\":\"https:\/\/polar55.com\/sk\/\"},{\"@type\":\"ListItem\",\"position\":2,\"name\":\"Cookies\"}]},{\"@type\":\"WebSite\",\"@id\":\"https:\/\/polar55.com\/sk\/#website\",\"url\":\"https:\/\/polar55.com\/sk\/\",\"name\":\"Polar55\",\"description\":\"cheap hosting and domains\",\"potentialAction\":[{\"@type\":\"SearchAction\",\"target\":{\"@type\":\"EntryPoint\",\"urlTemplate\":\"https:\/\/polar55.com\/sk\/?s={search_term_string}\"},\"query-input\":{\"@type\":\"PropertyValueSpecification\",\"valueRequired\":true,\"valueName\":\"search_term_string\"}}],\"inLanguage\":\"sk-SK\"}]}<\/script>\n<!-- \/ Yoast SEO plugin. -->","yoast_head_json":{"title":"Cookies - Polar55","robots":{"index":"index","follow":"follow","max-snippet":"max-snippet:-1","max-image-preview":"max-image-preview:large","max-video-preview":"max-video-preview:-1"},"canonical":"https:\/\/polar55.com\/sk\/cookies\/","og_locale":"sk_SK","og_type":"article","og_title":"Cookies - Polar55","og_description":"[vc_row css=&#8220;.vc_custom_1722414156781{padding-top: 40px !important;padding-bottom: 40px !important;}&#8220;][vc_column][vc_column_text][\/vc_column_text][\/vc_column][\/vc_row]","og_url":"https:\/\/polar55.com\/sk\/cookies\/","og_site_name":"Polar55","article_modified_time":"2025-07-30T18:19:59+00:00","twitter_card":"summary_large_image","twitter_misc":{"Predpokladan\u00fd \u010das \u010d\u00edtania":"1 min\u00fata"},"schema":{"@context":"https:\/\/schema.org","@graph":[{"@type":"WebPage","@id":"https:\/\/polar55.com\/sk\/cookies\/","url":"https:\/\/polar55.com\/sk\/cookies\/","name":"Cookies - Polar55","isPartOf":{"@id":"https:\/\/polar55.com\/sk\/#website"},"datePublished":"2024-07-31T08:21:49+00:00","dateModified":"2025-07-30T18:19:59+00:00","breadcrumb":{"@id":"https:\/\/polar55.com\/sk\/cookies\/#breadcrumb"},"inLanguage":"sk-SK","potentialAction":[{"@type":"ReadAction","target":["https:\/\/polar55.com\/sk\/cookies\/"]}]},{"@type":"BreadcrumbList","@id":"https:\/\/polar55.com\/sk\/cookies\/#breadcrumb","itemListElement":[{"@type":"ListItem","position":1,"name":"Hjem","item":"https:\/\/polar55.com\/sk\/"},{"@type":"ListItem","position":2,"name":"Cookies"}]},{"@type":"WebSite","@id":"https:\/\/polar55.com\/sk\/#website","url":"https:\/\/polar55.com\/sk\/","name":"Polar55","description":"cheap hosting and domains","potentialAction":[{"@type":"SearchAction","target":{"@type":"EntryPoint","urlTemplate":"https:\/\/polar55.com\/sk\/?s={search_term_string}"},"query-input":{"@type":"PropertyValueSpecification","valueRequired":true,"valueName":"search_term_string"}}],"inLanguage":"sk-SK"}]}},"_links":{"self":[{"href":"https:\/\/polar55.com\/sk\/wp-json\/wp\/v2\/pages\/8417","targetHints":{"allow":["GET"]}}],"collection":[{"href":"https:\/\/polar55.com\/sk\/wp-json\/wp\/v2\/pages"}],"about":[{"href":"https:\/\/polar55.com\/sk\/wp-json\/wp\/v2\/types\/page"}],"author":[{"embeddable":true,"href":"https:\/\/polar55.com\/sk\/wp-json\/wp\/v2\/users\/3"}],"replies":[{"embeddable":true,"href":"https:\/\/polar55.com\/sk\/wp-json\/wp\/v2\/comments?post=8417"}],"version-history":[{"count":3,"href":"https:\/\/polar55.com\/sk\/wp-json\/wp\/v2\/pages\/8417\/revisions"}],"predecessor-version":[{"id":8571,"href":"https:\/\/polar55.com\/sk\/wp-json\/wp\/v2\/pages\/8417\/revisions\/8571"}],"wp:attachment":[{"href":"https:\/\/polar55.com\/sk\/wp-json\/wp\/v2\/media?parent=8417"}],"curies":[{"name":"wp","href":"https:\/\/api.w.org\/{rel}","templated":true}]}}