{"id":5926,"date":"2023-11-03T12:50:18","date_gmt":"2023-11-03T12:50:18","guid":{"rendered":"https:\/\/nordicway.io\/blogg\/"},"modified":"2025-05-21T10:57:21","modified_gmt":"2025-05-21T09:57:21","slug":"blogg","status":"publish","type":"page","link":"https:\/\/polar55.com\/se\/blogg\/","title":{"rendered":"Blogg"},"content":{"rendered":"<div class=\"wpb-content-wrapper\"><p>[vc_row king_bg_repeat=&#8221;no-repeat&#8221; king_padding_top=&#8221;70&#8243; king_padding_bottom=&#8221;70&#8243; css=&#8221;.vc_custom_1722437591711{padding-top: 40px !important;padding-bottom: 40px !important;}&#8221;][vc_column][vc_basic_grid post_type=&#8221;post&#8221; max_items=&#8221;50&#8243; element_width=&#8221;3&#8243; gap=&#8221;35&#8243; grid_id=&#8221;vc_gid:1722437586340-d65918d2-5a76-1&#8243;][\/vc_column][\/vc_row]<\/p>\n<\/div>","protected":false},"excerpt":{"rendered":"<p>[vc_row king_bg_repeat=&#8221;no-repeat&#8221; king_padding_top=&#8221;70&#8243; king_padding_bottom=&#8221;70&#8243; css=&#8221;.vc_custom_1722437591711{padding-top: 40px !important;padding-bottom: 40px !important;}&#8221;][vc_column][vc_basic_grid post_type=&#8221;post&#8221; max_items=&#8221;50&#8243; element_width=&#8221;3&#8243; gap=&#8221;35&#8243; grid_id=&#8221;vc_gid:1722437586340-d65918d2-5a76-1&#8243;][\/vc_column][\/vc_row]<\/p>\n","protected":false},"author":3,"featured_media":5154,"parent":0,"menu_order":0,"comment_status":"closed","ping_status":"closed","template":"","meta":{"_acf_changed":false,"footnotes":""},"class_list":["post-5926","page","type-page","status-publish","has-post-thumbnail","hentry"],"acf":[],"yoast_head":"<!-- This site is optimized with the Yoast SEO plugin v26.8 - https:\/\/yoast.com\/product\/yoast-seo-wordpress\/ -->\n<title>Blogg - Polar55<\/title>\n<meta name=\"description\" content=\"L\u00e4s de senaste nyheterna fr\u00e5n Polar55. Vad h\u00e4nder p\u00e5 webbhotellmarknaden, produktnyheter, \u00e5sikter om webbhotelltj\u00e4nster osv.\" \/>\n<meta name=\"robots\" content=\"index, follow, max-snippet:-1, max-image-preview:large, max-video-preview:-1\" \/>\n<link rel=\"canonical\" href=\"https:\/\/polar55.com\/se\/blogg\/\" \/>\n<meta property=\"og:locale\" content=\"en_US\" \/>\n<meta property=\"og:type\" content=\"article\" \/>\n<meta property=\"og:title\" content=\"Blogg - Polar55\" \/>\n<meta property=\"og:description\" content=\"L\u00e4s de senaste nyheterna fr\u00e5n Polar55. Vad h\u00e4nder p\u00e5 webbhotellmarknaden, produktnyheter, \u00e5sikter om webbhotelltj\u00e4nster osv.\" \/>\n<meta property=\"og:url\" content=\"https:\/\/polar55.com\/se\/blogg\/\" \/>\n<meta property=\"og:site_name\" content=\"Polar55\" \/>\n<meta property=\"article:modified_time\" content=\"2025-05-21T09:57:21+00:00\" \/>\n<meta property=\"og:image\" content=\"https:\/\/polar55.com\/wp-content\/uploads\/2020\/01\/stacked.png\" \/>\n\t<meta property=\"og:image:width\" content=\"120\" \/>\n\t<meta property=\"og:image:height\" content=\"120\" \/>\n\t<meta property=\"og:image:type\" content=\"image\/png\" \/>\n<meta name=\"twitter:card\" content=\"summary_large_image\" \/>\n<meta name=\"twitter:label1\" content=\"Est. reading time\" \/>\n\t<meta name=\"twitter:data1\" content=\"1 minute\" \/>\n<script type=\"application\/ld+json\" class=\"yoast-schema-graph\">{\"@context\":\"https:\/\/schema.org\",\"@graph\":[{\"@type\":\"WebPage\",\"@id\":\"https:\/\/polar55.com\/se\/blogg\/\",\"url\":\"https:\/\/polar55.com\/se\/blogg\/\",\"name\":\"Blogg - Polar55\",\"isPartOf\":{\"@id\":\"https:\/\/polar55.com\/se\/#website\"},\"primaryImageOfPage\":{\"@id\":\"https:\/\/polar55.com\/se\/blogg\/#primaryimage\"},\"image\":{\"@id\":\"https:\/\/polar55.com\/se\/blogg\/#primaryimage\"},\"thumbnailUrl\":\"https:\/\/polar55.com\/wp-content\/uploads\/2020\/01\/stacked.png\",\"datePublished\":\"2023-11-03T12:50:18+00:00\",\"dateModified\":\"2025-05-21T09:57:21+00:00\",\"description\":\"L\u00e4s de senaste nyheterna fr\u00e5n Polar55. Vad h\u00e4nder p\u00e5 webbhotellmarknaden, produktnyheter, \u00e5sikter om webbhotelltj\u00e4nster osv.\",\"breadcrumb\":{\"@id\":\"https:\/\/polar55.com\/se\/blogg\/#breadcrumb\"},\"inLanguage\":\"se-SE\",\"potentialAction\":[{\"@type\":\"ReadAction\",\"target\":[\"https:\/\/polar55.com\/se\/blogg\/\"]}]},{\"@type\":\"ImageObject\",\"inLanguage\":\"se-SE\",\"@id\":\"https:\/\/polar55.com\/se\/blogg\/#primaryimage\",\"url\":\"https:\/\/polar55.com\/wp-content\/uploads\/2020\/01\/stacked.png\",\"contentUrl\":\"https:\/\/polar55.com\/wp-content\/uploads\/2020\/01\/stacked.png\",\"width\":120,\"height\":120},{\"@type\":\"BreadcrumbList\",\"@id\":\"https:\/\/polar55.com\/se\/blogg\/#breadcrumb\",\"itemListElement\":[{\"@type\":\"ListItem\",\"position\":1,\"name\":\"Hjem\",\"item\":\"https:\/\/polar55.com\/se\/\"},{\"@type\":\"ListItem\",\"position\":2,\"name\":\"Blogg\"}]},{\"@type\":\"WebSite\",\"@id\":\"https:\/\/polar55.com\/se\/#website\",\"url\":\"https:\/\/polar55.com\/se\/\",\"name\":\"Polar55\",\"description\":\"cheap hosting and domains\",\"potentialAction\":[{\"@type\":\"SearchAction\",\"target\":{\"@type\":\"EntryPoint\",\"urlTemplate\":\"https:\/\/polar55.com\/se\/?s={search_term_string}\"},\"query-input\":{\"@type\":\"PropertyValueSpecification\",\"valueRequired\":true,\"valueName\":\"search_term_string\"}}],\"inLanguage\":\"se-SE\"}]}<\/script>\n<!-- \/ Yoast SEO plugin. -->","yoast_head_json":{"title":"Blogg - Polar55","description":"L\u00e4s de senaste nyheterna fr\u00e5n Polar55. Vad h\u00e4nder p\u00e5 webbhotellmarknaden, produktnyheter, \u00e5sikter om webbhotelltj\u00e4nster osv.","robots":{"index":"index","follow":"follow","max-snippet":"max-snippet:-1","max-image-preview":"max-image-preview:large","max-video-preview":"max-video-preview:-1"},"canonical":"https:\/\/polar55.com\/se\/blogg\/","og_locale":"en_US","og_type":"article","og_title":"Blogg - Polar55","og_description":"L\u00e4s de senaste nyheterna fr\u00e5n Polar55. Vad h\u00e4nder p\u00e5 webbhotellmarknaden, produktnyheter, \u00e5sikter om webbhotelltj\u00e4nster osv.","og_url":"https:\/\/polar55.com\/se\/blogg\/","og_site_name":"Polar55","article_modified_time":"2025-05-21T09:57:21+00:00","og_image":[{"width":120,"height":120,"url":"https:\/\/polar55.com\/wp-content\/uploads\/2020\/01\/stacked.png","type":"image\/png"}],"twitter_card":"summary_large_image","twitter_misc":{"Est. reading time":"1 minute"},"schema":{"@context":"https:\/\/schema.org","@graph":[{"@type":"WebPage","@id":"https:\/\/polar55.com\/se\/blogg\/","url":"https:\/\/polar55.com\/se\/blogg\/","name":"Blogg - Polar55","isPartOf":{"@id":"https:\/\/polar55.com\/se\/#website"},"primaryImageOfPage":{"@id":"https:\/\/polar55.com\/se\/blogg\/#primaryimage"},"image":{"@id":"https:\/\/polar55.com\/se\/blogg\/#primaryimage"},"thumbnailUrl":"https:\/\/polar55.com\/wp-content\/uploads\/2020\/01\/stacked.png","datePublished":"2023-11-03T12:50:18+00:00","dateModified":"2025-05-21T09:57:21+00:00","description":"L\u00e4s de senaste nyheterna fr\u00e5n Polar55. Vad h\u00e4nder p\u00e5 webbhotellmarknaden, produktnyheter, \u00e5sikter om webbhotelltj\u00e4nster osv.","breadcrumb":{"@id":"https:\/\/polar55.com\/se\/blogg\/#breadcrumb"},"inLanguage":"se-SE","potentialAction":[{"@type":"ReadAction","target":["https:\/\/polar55.com\/se\/blogg\/"]}]},{"@type":"ImageObject","inLanguage":"se-SE","@id":"https:\/\/polar55.com\/se\/blogg\/#primaryimage","url":"https:\/\/polar55.com\/wp-content\/uploads\/2020\/01\/stacked.png","contentUrl":"https:\/\/polar55.com\/wp-content\/uploads\/2020\/01\/stacked.png","width":120,"height":120},{"@type":"BreadcrumbList","@id":"https:\/\/polar55.com\/se\/blogg\/#breadcrumb","itemListElement":[{"@type":"ListItem","position":1,"name":"Hjem","item":"https:\/\/polar55.com\/se\/"},{"@type":"ListItem","position":2,"name":"Blogg"}]},{"@type":"WebSite","@id":"https:\/\/polar55.com\/se\/#website","url":"https:\/\/polar55.com\/se\/","name":"Polar55","description":"cheap hosting and domains","potentialAction":[{"@type":"SearchAction","target":{"@type":"EntryPoint","urlTemplate":"https:\/\/polar55.com\/se\/?s={search_term_string}"},"query-input":{"@type":"PropertyValueSpecification","valueRequired":true,"valueName":"search_term_string"}}],"inLanguage":"se-SE"}]}},"_links":{"self":[{"href":"https:\/\/polar55.com\/se\/wp-json\/wp\/v2\/pages\/5926","targetHints":{"allow":["GET"]}}],"collection":[{"href":"https:\/\/polar55.com\/se\/wp-json\/wp\/v2\/pages"}],"about":[{"href":"https:\/\/polar55.com\/se\/wp-json\/wp\/v2\/types\/page"}],"author":[{"embeddable":true,"href":"https:\/\/polar55.com\/se\/wp-json\/wp\/v2\/users\/3"}],"replies":[{"embeddable":true,"href":"https:\/\/polar55.com\/se\/wp-json\/wp\/v2\/comments?post=5926"}],"version-history":[{"count":2,"href":"https:\/\/polar55.com\/se\/wp-json\/wp\/v2\/pages\/5926\/revisions"}],"predecessor-version":[{"id":8334,"href":"https:\/\/polar55.com\/se\/wp-json\/wp\/v2\/pages\/5926\/revisions\/8334"}],"wp:featuredmedia":[{"embeddable":true,"href":"https:\/\/polar55.com\/se\/wp-json\/wp\/v2\/media\/5154"}],"wp:attachment":[{"href":"https:\/\/polar55.com\/se\/wp-json\/wp\/v2\/media?parent=5926"}],"curies":[{"name":"wp","href":"https:\/\/api.w.org\/{rel}","templated":true}]}}