{"id":5914,"date":"2024-07-31T15:21:00","date_gmt":"2024-07-31T14:21:00","guid":{"rendered":"https:\/\/nordicway.io\/?page_id=5914"},"modified":"2024-12-16T14:06:00","modified_gmt":"2024-12-16T14:06:00","slug":"darfor-bor-du-valja-oss","status":"publish","type":"page","link":"https:\/\/polar55.com\/se\/darfor-bor-du-valja-oss\/","title":{"rendered":"D\u00e4rf\u00f6r b\u00f6r du v\u00e4lja oss"},"content":{"rendered":"<div class=\"wpb-content-wrapper\"><p>[vc_row css=&#8221;.vc_custom_1722435660311{padding-top: 40px !important;padding-bottom: 40px !important;}&#8221;][vc_column width=&#8221;2\/3&#8243;][vc_column_text]\n    <div class=\"markdown prose w-full break-words dark:prose-invert dark\">\n        <p>F\u00f6rst och fr\u00e4mst, tack f\u00f6r att du \u00f6verv\u00e4ger att bli kund hos oss!<\/p>\n        <p>Eftersom du tittar p\u00e5 den h\u00e4r sidan antar vi att du \u00e4r i f\u00e4rd med att utforska om v\u00e5r webbhotelltj\u00e4nst \u00e4r r\u00e4tt f\u00f6r dig.<\/p>\n        <p>Sj\u00e4lvklart \u00e4r det du som avg\u00f6r om vi \u00e4r r\u00e4tt match f\u00f6r dig, men vi hoppas verkligen att du v\u00e4ljer att registrera dig hos oss. D\u00e4rf\u00f6r kommer vi i den h\u00e4r artikeln att beskriva varf\u00f6r vi tror att vi erbjuder den b\u00e4sta webbhotelltj\u00e4nsten till m\u00f6jligtvis det mest prisv\u00e4rda priset p\u00e5 marknaden.<\/p>\n        <strong>Priset<\/strong>\n        <p>N\u00e4r det verkligen kommer ner till det f\u00f6rst\u00e5r vi att priset \u00e4r den viktigaste faktorn n\u00e4r du v\u00e4ljer en webbhotelltj\u00e4nst.<\/p>\n        <p>D\u00e4rf\u00f6r har vi satt v\u00e5rt pris s\u00e5 att du inte kommer att hitta en liknande webbhotelltj\u00e4nst till samma pris.<\/p>\n        <p>Med oss beh\u00f6ver du inte betala extra f\u00f6r att f\u00e5 tillg\u00e5ng till s\u00e4kerhetskopior av din webbplats eller uppgradera f\u00f6r att k\u00f6ra WordPress, vilket du kanske m\u00e5ste g\u00f6ra med andra st\u00f6rre leverant\u00f6rer p\u00e5 den svenska marknaden.<\/p>\n        <p>Precis som oss erbjuder andra webbhotellleverant\u00f6rer dig en rabatt det f\u00f6rsta \u00e5ret, men n\u00e4r du tittar p\u00e5 priset f\u00f6r de f\u00f6ljande \u00e5ren \u00e4r vi fortfarande bland de billigaste.<\/p>\n        <strong>Alternativ och funktioner<\/strong>\n        <p>Med oss \u00e4r allt inkluderat - punkt.<\/p>\n        <p>Du beh\u00f6ver inte betala extra f\u00f6r nya funktioner eller saker som du trodde var inkluderade. Med andra ord finns det inga dyra \u00f6verraskningar efter att du har blivit v\u00e5r kund.<\/p>\n        <ul>\n            <li>Kostar det extra att f\u00e5 tillg\u00e5ng till din s\u00e4kerhetskopia? <strong>Polar55:<\/strong> Nej, det \u00e4r gratis, naturligtvis.<\/li>\n            <li>Kan jag ha flera webbplatser p\u00e5 samma webbhotell? <strong>Polar55:<\/strong> Ja, obegr\u00e4nsat antal webbplatser och dom\u00e4ner.<\/li>\n            <li>Kan jag ha e-postadresser p\u00e5 alla mina dom\u00e4ner? <strong>Polar55:<\/strong> Ja, absolut!<\/li>\n            <li>Kan jag installera WordPress med ett klick? <strong>Polar55:<\/strong> Ja, det kan du.<\/li>\n            <li>Kan jag sj\u00e4lv best\u00e4mma hur mitt utrymme f\u00f6rdelas mellan filer och e-post? <strong>Polar55:<\/strong> Ja, du f\u00f6rdelar ditt utrymme som du vill.<\/li>\n        <\/ul>\n        <p>Vi hoppas att du kan se f\u00f6rdelen med att v\u00e4lja oss. Om du har ytterligare fr\u00e5gor eller n\u00e5got vi kan assistera dig med, tveka inte att kontakta oss - vi svarar 24\/7!<\/p>\n        <p>B\u00e4sta h\u00e4lsningar,<br>Michael, Thomas och resten av Polar55 teamet<\/p>\n    <\/div>\n    [\/vc_column_text][\/vc_column][vc_column width=&#8221;1\/3&#8243;][vc_column_text]\n    <p><strong>Har du n\u00e5gra fr\u00e5gor om v\u00e5r webbhotelltj\u00e4nst?<\/strong><br>\n    Kontakta oss p\u00e5 <a href=\"mailto:kontakt@polar55.se\" target=\"_new\" rel=\"noopener\">kontakt@polar55.se<\/a><br>\n    Eller skriv till oss <a href=\"\/client\/submitticket.php?language=swedish\" target=\"_new\" rel=\"noopener\">h\u00e4r<\/a>.<\/p>\n    [\/vc_column_text][\/vc_column][\/vc_row]<\/p>\n<\/div>","protected":false},"excerpt":{"rendered":"<p>[vc_row css=&#8221;.vc_custom_1722435660311{padding-top: 40px !important;padding-bottom: 40px !important;}&#8221;][vc_column width=&#8221;2\/3&#8243;][vc_column_text][\/vc_column_text][\/vc_column][vc_column width=&#8221;1\/3&#8243;][vc_column_text][\/vc_column_text][\/vc_column][\/vc_row]<\/p>\n","protected":false},"author":3,"featured_media":0,"parent":0,"menu_order":0,"comment_status":"closed","ping_status":"closed","template":"","meta":{"_acf_changed":false,"footnotes":""},"class_list":["post-5914","page","type-page","status-publish","hentry"],"acf":[],"yoast_head":"<!-- This site is optimized with the Yoast SEO plugin v26.8 - https:\/\/yoast.com\/product\/yoast-seo-wordpress\/ -->\n<title>D\u00e4rf\u00f6r b\u00f6r du v\u00e4lja oss - Polar55<\/title>\n<meta name=\"description\" content=\"Inte s\u00e4ker p\u00e5 vem du ska v\u00e4lja som din webbhotellsleverant\u00f6r? Vi har samlat n\u00e5gra bra argument f\u00f6r varf\u00f6r du ska v\u00e4lja oss som leverant\u00f6r f\u00f6r din webbplats.\" \/>\n<meta name=\"robots\" content=\"index, follow, max-snippet:-1, max-image-preview:large, max-video-preview:-1\" \/>\n<link rel=\"canonical\" href=\"https:\/\/polar55.com\/se\/darfor-bor-du-valja-oss\/\" \/>\n<meta property=\"og:locale\" content=\"en_US\" \/>\n<meta property=\"og:type\" content=\"article\" \/>\n<meta property=\"og:title\" content=\"D\u00e4rf\u00f6r b\u00f6r du v\u00e4lja oss - Polar55\" \/>\n<meta property=\"og:description\" content=\"Inte s\u00e4ker p\u00e5 vem du ska v\u00e4lja som din webbhotellsleverant\u00f6r? Vi har samlat n\u00e5gra bra argument f\u00f6r varf\u00f6r du ska v\u00e4lja oss som leverant\u00f6r f\u00f6r din webbplats.\" \/>\n<meta property=\"og:url\" content=\"https:\/\/polar55.com\/se\/darfor-bor-du-valja-oss\/\" \/>\n<meta property=\"og:site_name\" content=\"Polar55\" \/>\n<meta property=\"article:modified_time\" content=\"2024-12-16T14:06:00+00:00\" \/>\n<meta name=\"twitter:card\" content=\"summary_large_image\" \/>\n<meta name=\"twitter:label1\" content=\"Est. reading time\" \/>\n\t<meta name=\"twitter:data1\" content=\"1 minute\" \/>\n<script type=\"application\/ld+json\" class=\"yoast-schema-graph\">{\"@context\":\"https:\/\/schema.org\",\"@graph\":[{\"@type\":\"WebPage\",\"@id\":\"https:\/\/polar55.com\/se\/darfor-bor-du-valja-oss\/\",\"url\":\"https:\/\/polar55.com\/se\/darfor-bor-du-valja-oss\/\",\"name\":\"D\u00e4rf\u00f6r b\u00f6r du v\u00e4lja oss - Polar55\",\"isPartOf\":{\"@id\":\"https:\/\/polar55.com\/se\/#website\"},\"datePublished\":\"2024-07-31T14:21:00+00:00\",\"dateModified\":\"2024-12-16T14:06:00+00:00\",\"description\":\"Inte s\u00e4ker p\u00e5 vem du ska v\u00e4lja som din webbhotellsleverant\u00f6r? Vi har samlat n\u00e5gra bra argument f\u00f6r varf\u00f6r du ska v\u00e4lja oss som leverant\u00f6r f\u00f6r din webbplats.\",\"breadcrumb\":{\"@id\":\"https:\/\/polar55.com\/se\/darfor-bor-du-valja-oss\/#breadcrumb\"},\"inLanguage\":\"se-SE\",\"potentialAction\":[{\"@type\":\"ReadAction\",\"target\":[\"https:\/\/polar55.com\/se\/darfor-bor-du-valja-oss\/\"]}]},{\"@type\":\"BreadcrumbList\",\"@id\":\"https:\/\/polar55.com\/se\/darfor-bor-du-valja-oss\/#breadcrumb\",\"itemListElement\":[{\"@type\":\"ListItem\",\"position\":1,\"name\":\"Hjem\",\"item\":\"https:\/\/polar55.com\/se\/\"},{\"@type\":\"ListItem\",\"position\":2,\"name\":\"D\u00e4rf\u00f6r b\u00f6r du v\u00e4lja oss\"}]},{\"@type\":\"WebSite\",\"@id\":\"https:\/\/polar55.com\/se\/#website\",\"url\":\"https:\/\/polar55.com\/se\/\",\"name\":\"Polar55\",\"description\":\"cheap hosting and domains\",\"potentialAction\":[{\"@type\":\"SearchAction\",\"target\":{\"@type\":\"EntryPoint\",\"urlTemplate\":\"https:\/\/polar55.com\/se\/?s={search_term_string}\"},\"query-input\":{\"@type\":\"PropertyValueSpecification\",\"valueRequired\":true,\"valueName\":\"search_term_string\"}}],\"inLanguage\":\"se-SE\"}]}<\/script>\n<!-- \/ Yoast SEO plugin. -->","yoast_head_json":{"title":"D\u00e4rf\u00f6r b\u00f6r du v\u00e4lja oss - Polar55","description":"Inte s\u00e4ker p\u00e5 vem du ska v\u00e4lja som din webbhotellsleverant\u00f6r? Vi har samlat n\u00e5gra bra argument f\u00f6r varf\u00f6r du ska v\u00e4lja oss som leverant\u00f6r f\u00f6r din webbplats.","robots":{"index":"index","follow":"follow","max-snippet":"max-snippet:-1","max-image-preview":"max-image-preview:large","max-video-preview":"max-video-preview:-1"},"canonical":"https:\/\/polar55.com\/se\/darfor-bor-du-valja-oss\/","og_locale":"en_US","og_type":"article","og_title":"D\u00e4rf\u00f6r b\u00f6r du v\u00e4lja oss - Polar55","og_description":"Inte s\u00e4ker p\u00e5 vem du ska v\u00e4lja som din webbhotellsleverant\u00f6r? Vi har samlat n\u00e5gra bra argument f\u00f6r varf\u00f6r du ska v\u00e4lja oss som leverant\u00f6r f\u00f6r din webbplats.","og_url":"https:\/\/polar55.com\/se\/darfor-bor-du-valja-oss\/","og_site_name":"Polar55","article_modified_time":"2024-12-16T14:06:00+00:00","twitter_card":"summary_large_image","twitter_misc":{"Est. reading time":"1 minute"},"schema":{"@context":"https:\/\/schema.org","@graph":[{"@type":"WebPage","@id":"https:\/\/polar55.com\/se\/darfor-bor-du-valja-oss\/","url":"https:\/\/polar55.com\/se\/darfor-bor-du-valja-oss\/","name":"D\u00e4rf\u00f6r b\u00f6r du v\u00e4lja oss - Polar55","isPartOf":{"@id":"https:\/\/polar55.com\/se\/#website"},"datePublished":"2024-07-31T14:21:00+00:00","dateModified":"2024-12-16T14:06:00+00:00","description":"Inte s\u00e4ker p\u00e5 vem du ska v\u00e4lja som din webbhotellsleverant\u00f6r? Vi har samlat n\u00e5gra bra argument f\u00f6r varf\u00f6r du ska v\u00e4lja oss som leverant\u00f6r f\u00f6r din webbplats.","breadcrumb":{"@id":"https:\/\/polar55.com\/se\/darfor-bor-du-valja-oss\/#breadcrumb"},"inLanguage":"se-SE","potentialAction":[{"@type":"ReadAction","target":["https:\/\/polar55.com\/se\/darfor-bor-du-valja-oss\/"]}]},{"@type":"BreadcrumbList","@id":"https:\/\/polar55.com\/se\/darfor-bor-du-valja-oss\/#breadcrumb","itemListElement":[{"@type":"ListItem","position":1,"name":"Hjem","item":"https:\/\/polar55.com\/se\/"},{"@type":"ListItem","position":2,"name":"D\u00e4rf\u00f6r b\u00f6r du v\u00e4lja oss"}]},{"@type":"WebSite","@id":"https:\/\/polar55.com\/se\/#website","url":"https:\/\/polar55.com\/se\/","name":"Polar55","description":"cheap hosting and domains","potentialAction":[{"@type":"SearchAction","target":{"@type":"EntryPoint","urlTemplate":"https:\/\/polar55.com\/se\/?s={search_term_string}"},"query-input":{"@type":"PropertyValueSpecification","valueRequired":true,"valueName":"search_term_string"}}],"inLanguage":"se-SE"}]}},"_links":{"self":[{"href":"https:\/\/polar55.com\/se\/wp-json\/wp\/v2\/pages\/5914","targetHints":{"allow":["GET"]}}],"collection":[{"href":"https:\/\/polar55.com\/se\/wp-json\/wp\/v2\/pages"}],"about":[{"href":"https:\/\/polar55.com\/se\/wp-json\/wp\/v2\/types\/page"}],"author":[{"embeddable":true,"href":"https:\/\/polar55.com\/se\/wp-json\/wp\/v2\/users\/3"}],"replies":[{"embeddable":true,"href":"https:\/\/polar55.com\/se\/wp-json\/wp\/v2\/comments?post=5914"}],"version-history":[{"count":10,"href":"https:\/\/polar55.com\/se\/wp-json\/wp\/v2\/pages\/5914\/revisions"}],"predecessor-version":[{"id":7039,"href":"https:\/\/polar55.com\/se\/wp-json\/wp\/v2\/pages\/5914\/revisions\/7039"}],"wp:attachment":[{"href":"https:\/\/polar55.com\/se\/wp-json\/wp\/v2\/media?parent=5914"}],"curies":[{"name":"wp","href":"https:\/\/api.w.org\/{rel}","templated":true}]}}