{"id":5909,"date":"2020-01-06T14:03:26","date_gmt":"2020-01-06T14:03:26","guid":{"rendered":"https:\/\/nordicway.io\/uppgradera\/"},"modified":"2025-05-07T10:59:35","modified_gmt":"2025-05-07T09:59:35","slug":"uppgradera","status":"publish","type":"page","link":"https:\/\/polar55.com\/se\/uppgradera\/","title":{"rendered":"Uppgradera"},"content":{"rendered":"<div class=\"wpb-content-wrapper\"><p>[vc_row css=&#8221;.vc_custom_1722415314867{padding-top: 40px !important;padding-bottom: 40px !important;}&#8221;][vc_column width=&#8221;2\/3&#8243; css=&#8221;.vc_custom_1566982451471{margin-bottom: 20px !important;}&#8221;][vc_column_text]\nSom standard f\u00e5r du 10 GB lagring, 2 GB RAM-minne och 200 % CPU \/ 2 k\u00e4rnor med v\u00e5rt vanliga Plus+ webbhotellspaket.<br><br>\nF\u00f6r de flesta anv\u00e4ndare \u00e4r detta mer \u00e4n tillr\u00e4ckligt, men om du finner att du beh\u00f6ver mer lagring eller b\u00e4ttre prestanda finns det alternativ tillg\u00e4ngliga f\u00f6r att tillgodose dina behov.<br><br>\nS\u00e5 n\u00e4r behovet uppst\u00e5r kan du uppgradera till f\u00f6ljande paket, som erbjuder b\u00e5de mer lagring och f\u00f6rb\u00e4ttrad serverprestanda.<br><br><\/p>\n<p>\n    <strong>Plus+ Pro<\/strong>\n    <p>Med denna uppgradering f\u00e5r du:<\/p>\n    <ul>\n        <li>20GB lagringsutrymme<\/li>\n        <li>400% CPU \/ 4 k\u00e4rnor<\/li>\n        <li>3 GB RAM-minne<\/li>\n    <\/ul>\n    <p>Allt annat f\u00f6rblir of\u00f6r\u00e4ndrat.<\/p>\n    Pris: 78,00 kr \/ m\u00e5nad.<\/p>\n<p>\n<strong>Plus+ Enterprise<\/strong>\n<p>Med denna uppgradering f\u00e5r du:<\/p>\n<ul>\n    <li>40GB lagringsutrymme<\/li>\n    <li>500% CPU \/ 5 k\u00e4rnor<\/li>\n    <li>5GB RAM-minne<\/li>\n<\/ul>\n<p>Allt annat f\u00f6rblir of\u00f6r\u00e4ndrat.<\/p>\nPris:\n 156,00 kr \/ m\u00e5nad.<\/p>\n<p>\n    <strong>Plus+ VIP<\/strong>\n    <p>Med denna uppgradering f\u00e5r du:<\/p>\n    <ul>\n        <li>100GB lagringsutrymme<\/li>\n        <li>500% CPU \/ 5 k\u00e4rnor<\/li>\n        <li>5GB RAM-minne<\/li>\n    <\/ul>\n    <p>Allt annat f\u00f6rblir of\u00f6r\u00e4ndrat.<\/p>\n    Pris: 390,00 kr \/ m\u00e5nad.[\/vc_column_text][\/vc_column][vc_column width=&#8221;1\/3&#8243; css=&#8221;.vc_custom_1566982972264{padding-left: 120px !important;}&#8221;][vc_column_text]\n    <p style=\"text-align: left;\"><strong>Har du n\u00e5gra fr\u00e5gor om uppgraderingsalternativen?<\/strong><\/p>\n    <p style=\"text-align: left;\">Kontakta oss p\u00e5 \n    <a href=\"mailto:kontakt@polar55.se\" target=\"_new\" rel=\"noopener\">kontakt@polar55.se<\/a><br>\n    Eller skriv till oss <a href=\"\/client\/submitticket.php?language=swedish\" target=\"_new\" rel=\"noopener\">h\u00e4r<\/a>.<\/p>\n    [\/vc_column_text][\/vc_column][\/vc_row]<\/p>\n<\/div>","protected":false},"excerpt":{"rendered":"<p>[vc_row css=&#8221;.vc_custom_1722415314867{padding-top: 40px !important;padding-bottom: 40px !important;}&#8221;][vc_column width=&#8221;2\/3&#8243; css=&#8221;.vc_custom_1566982451471{margin-bottom: 20px !important;}&#8221;][vc_column_text] \/ m\u00e5nad. \/ m\u00e5nad. \/ m\u00e5nad.[\/vc_column_text][\/vc_column][vc_column width=&#8221;1\/3&#8243; css=&#8221;.vc_custom_1566982972264{padding-left: 120px !important;}&#8221;][vc_column_text][\/vc_column_text][\/vc_column][\/vc_row]<\/p>\n","protected":false},"author":2,"featured_media":0,"parent":0,"menu_order":0,"comment_status":"closed","ping_status":"closed","template":"","meta":{"_acf_changed":false,"footnotes":""},"class_list":["post-5909","page","type-page","status-publish","hentry"],"acf":[],"yoast_head":"<!-- This site is optimized with the Yoast SEO plugin v26.8 - https:\/\/yoast.com\/product\/yoast-seo-wordpress\/ -->\n<title>Uppgradera<\/title>\n<meta name=\"description\" content=\"H\u00e4r kan du l\u00e4sa mer om de uppgraderingsalternativ du har med en webbhotelltj\u00e4nst hos Polar55. Skala upp ditt webbhotellskonto vid behov.\" \/>\n<meta name=\"robots\" content=\"index, follow, max-snippet:-1, max-image-preview:large, max-video-preview:-1\" \/>\n<link rel=\"canonical\" href=\"https:\/\/polar55.com\/se\/uppgradera\/\" \/>\n<meta property=\"og:locale\" content=\"en_US\" \/>\n<meta property=\"og:type\" content=\"article\" \/>\n<meta property=\"og:title\" content=\"Uppgradera\" \/>\n<meta property=\"og:description\" content=\"H\u00e4r kan du l\u00e4sa mer om de uppgraderingsalternativ du har med en webbhotelltj\u00e4nst hos Polar55. Skala upp ditt webbhotellskonto vid behov.\" \/>\n<meta property=\"og:url\" content=\"https:\/\/polar55.com\/se\/uppgradera\/\" \/>\n<meta property=\"og:site_name\" content=\"Polar55\" \/>\n<meta property=\"article:modified_time\" content=\"2025-05-07T09:59:35+00:00\" \/>\n<meta name=\"twitter:card\" content=\"summary_large_image\" \/>\n<meta name=\"twitter:label1\" content=\"Est. reading time\" \/>\n\t<meta name=\"twitter:data1\" content=\"1 minute\" \/>\n<script type=\"application\/ld+json\" class=\"yoast-schema-graph\">{\"@context\":\"https:\/\/schema.org\",\"@graph\":[{\"@type\":\"WebPage\",\"@id\":\"https:\/\/polar55.com\/se\/uppgradera\/\",\"url\":\"https:\/\/polar55.com\/se\/uppgradera\/\",\"name\":\"Uppgradera\",\"isPartOf\":{\"@id\":\"https:\/\/polar55.com\/se\/#website\"},\"datePublished\":\"2020-01-06T14:03:26+00:00\",\"dateModified\":\"2025-05-07T09:59:35+00:00\",\"description\":\"H\u00e4r kan du l\u00e4sa mer om de uppgraderingsalternativ du har med en webbhotelltj\u00e4nst hos Polar55. Skala upp ditt webbhotellskonto vid behov.\",\"breadcrumb\":{\"@id\":\"https:\/\/polar55.com\/se\/uppgradera\/#breadcrumb\"},\"inLanguage\":\"se-SE\",\"potentialAction\":[{\"@type\":\"ReadAction\",\"target\":[\"https:\/\/polar55.com\/se\/uppgradera\/\"]}]},{\"@type\":\"BreadcrumbList\",\"@id\":\"https:\/\/polar55.com\/se\/uppgradera\/#breadcrumb\",\"itemListElement\":[{\"@type\":\"ListItem\",\"position\":1,\"name\":\"Hjem\",\"item\":\"https:\/\/polar55.com\/se\/\"},{\"@type\":\"ListItem\",\"position\":2,\"name\":\"Uppgradera\"}]},{\"@type\":\"WebSite\",\"@id\":\"https:\/\/polar55.com\/se\/#website\",\"url\":\"https:\/\/polar55.com\/se\/\",\"name\":\"Polar55\",\"description\":\"cheap hosting and domains\",\"potentialAction\":[{\"@type\":\"SearchAction\",\"target\":{\"@type\":\"EntryPoint\",\"urlTemplate\":\"https:\/\/polar55.com\/se\/?s={search_term_string}\"},\"query-input\":{\"@type\":\"PropertyValueSpecification\",\"valueRequired\":true,\"valueName\":\"search_term_string\"}}],\"inLanguage\":\"se-SE\"}]}<\/script>\n<!-- \/ Yoast SEO plugin. -->","yoast_head_json":{"title":"Uppgradera","description":"H\u00e4r kan du l\u00e4sa mer om de uppgraderingsalternativ du har med en webbhotelltj\u00e4nst hos Polar55. Skala upp ditt webbhotellskonto vid behov.","robots":{"index":"index","follow":"follow","max-snippet":"max-snippet:-1","max-image-preview":"max-image-preview:large","max-video-preview":"max-video-preview:-1"},"canonical":"https:\/\/polar55.com\/se\/uppgradera\/","og_locale":"en_US","og_type":"article","og_title":"Uppgradera","og_description":"H\u00e4r kan du l\u00e4sa mer om de uppgraderingsalternativ du har med en webbhotelltj\u00e4nst hos Polar55. Skala upp ditt webbhotellskonto vid behov.","og_url":"https:\/\/polar55.com\/se\/uppgradera\/","og_site_name":"Polar55","article_modified_time":"2025-05-07T09:59:35+00:00","twitter_card":"summary_large_image","twitter_misc":{"Est. reading time":"1 minute"},"schema":{"@context":"https:\/\/schema.org","@graph":[{"@type":"WebPage","@id":"https:\/\/polar55.com\/se\/uppgradera\/","url":"https:\/\/polar55.com\/se\/uppgradera\/","name":"Uppgradera","isPartOf":{"@id":"https:\/\/polar55.com\/se\/#website"},"datePublished":"2020-01-06T14:03:26+00:00","dateModified":"2025-05-07T09:59:35+00:00","description":"H\u00e4r kan du l\u00e4sa mer om de uppgraderingsalternativ du har med en webbhotelltj\u00e4nst hos Polar55. Skala upp ditt webbhotellskonto vid behov.","breadcrumb":{"@id":"https:\/\/polar55.com\/se\/uppgradera\/#breadcrumb"},"inLanguage":"se-SE","potentialAction":[{"@type":"ReadAction","target":["https:\/\/polar55.com\/se\/uppgradera\/"]}]},{"@type":"BreadcrumbList","@id":"https:\/\/polar55.com\/se\/uppgradera\/#breadcrumb","itemListElement":[{"@type":"ListItem","position":1,"name":"Hjem","item":"https:\/\/polar55.com\/se\/"},{"@type":"ListItem","position":2,"name":"Uppgradera"}]},{"@type":"WebSite","@id":"https:\/\/polar55.com\/se\/#website","url":"https:\/\/polar55.com\/se\/","name":"Polar55","description":"cheap hosting and domains","potentialAction":[{"@type":"SearchAction","target":{"@type":"EntryPoint","urlTemplate":"https:\/\/polar55.com\/se\/?s={search_term_string}"},"query-input":{"@type":"PropertyValueSpecification","valueRequired":true,"valueName":"search_term_string"}}],"inLanguage":"se-SE"}]}},"_links":{"self":[{"href":"https:\/\/polar55.com\/se\/wp-json\/wp\/v2\/pages\/5909","targetHints":{"allow":["GET"]}}],"collection":[{"href":"https:\/\/polar55.com\/se\/wp-json\/wp\/v2\/pages"}],"about":[{"href":"https:\/\/polar55.com\/se\/wp-json\/wp\/v2\/types\/page"}],"author":[{"embeddable":true,"href":"https:\/\/polar55.com\/se\/wp-json\/wp\/v2\/users\/2"}],"replies":[{"embeddable":true,"href":"https:\/\/polar55.com\/se\/wp-json\/wp\/v2\/comments?post=5909"}],"version-history":[{"count":17,"href":"https:\/\/polar55.com\/se\/wp-json\/wp\/v2\/pages\/5909\/revisions"}],"predecessor-version":[{"id":8316,"href":"https:\/\/polar55.com\/se\/wp-json\/wp\/v2\/pages\/5909\/revisions\/8316"}],"wp:attachment":[{"href":"https:\/\/polar55.com\/se\/wp-json\/wp\/v2\/media?parent=5909"}],"curies":[{"name":"wp","href":"https:\/\/api.w.org\/{rel}","templated":true}]}}