{"id":5902,"date":"2024-07-30T21:46:11","date_gmt":"2024-07-30T20:46:11","guid":{"rendered":"https:\/\/nordicway.io\/priser\/"},"modified":"2025-04-15T08:07:38","modified_gmt":"2025-04-15T07:07:38","slug":"priser","status":"publish","type":"page","link":"https:\/\/polar55.com\/se\/priser\/","title":{"rendered":"Priser"},"content":{"rendered":"<div class=\"wpb-content-wrapper\"><p>[vc_section css=&#8221;.vc_custom_1732787165166{padding-top: 0px !important;background-color: #00062a !important;}&#8221;][vc_row el_class=&#8221;domain_search&#8221;][vc_column][vc_raw_html]JTVCZG9tYWluX3NlYXJjaCUyMGxhbmclM0QlMjJzd2VkaXNoJTIyJTVE[\/vc_raw_html][\/vc_column][\/vc_row][\/vc_section][vc_section el_class=&#8221;price_compare&#8221;][vc_row][vc_column][vc_column_text]\n    <p style=\"text-align: left;\"><strong>Polar55 \u00e4r en av de billigaste och b\u00e4sta hostingl\u00f6sningarna p\u00e5 marknaden. Vi str\u00e4var efter fullst\u00e4ndig transparens n\u00e4r det g\u00e4ller v\u00e5ra priser nu och i framtiden, och det \u00e4r d\u00e4rf\u00f6r vi har skapat denna \u00f6versikt, som b\u00f6r ge dig svar p\u00e5 alla dina fr\u00e5gor om v\u00e5ra priser. Om inte, <a href=\"\/client\/submitticket.php?step=2&amp;deptid=1&amp;language=swedish\">v\u00e4nligen skriv till oss h\u00e4r<\/a>.<\/strong><\/p>\n    <p style=\"text-align: left;\">Alla v\u00e5ra priser \u00e4r skrivna i kr exkl. moms<\/p>\n    <p style=\"text-align: left;\"><strong>Webbhotell<\/strong>\n    F\u00e5 det f\u00f6rsta \u00e5ret till ett introduktionspris av 9,00 kr per m\u00e5nad under de f\u00f6rsta 12 m\u00e5naderna och spara 76%. Efter\u00e5t \u00f6kar priset till v\u00e5rt ordinarie pris p\u00e5 39,00 kr per m\u00e5nad.<\/p>\n    <p style=\"text-align: left;\">Om du beh\u00f6ver uppgradera f\u00f6r mer utrymme \u00e4r det ocks\u00e5 m\u00f6jligt. 20 GB kostar 78,00 kr per m\u00e5nad och 40 GB kostar 156,00 kr per m\u00e5nad.<\/p>\n    <p style=\"text-align: left;\"><strong>Startavgift<\/strong>\n    Hos oss \u00e4r startavgiften 0 kr.<\/p>\n    <p style=\"text-align: left;\"><strong>Dom\u00e4n<\/strong>\n    P\u00e5 <a href=\"\/se\/doman\/\">den h\u00e4r sidan<\/a> kan du se priser f\u00f6r olika dom\u00e4ntyper. Som exempel kostar .se-dom\u00e4ner 5,00 kr f\u00f6rsta \u00e5ret och d\u00e4refter 219,00 kr.<\/p>\n    <p style=\"text-align: left;\"><strong>Ytterligare dom\u00e4ner<\/strong>\n    Ditt webbhotell blir inte dyrare n\u00e4r du l\u00e4gger till fler dom\u00e4ner. Du kan ha s\u00e5 m\u00e5nga dom\u00e4ner p\u00e5 ett webbhotellskonto som du vill, och du betalar bara f\u00f6r \u00e5rlig f\u00f6rnyelse av dina dom\u00e4ner.<\/p>\n    <p style=\"text-align: left;\">Om du har fr\u00e5gor om v\u00e5ra priser eller n\u00e5got annat, \u00e4r du v\u00e4lkommen att <a href=\"\/client\/submitticket.php?language=swedish\">kontakta oss<\/a>.<\/p>[\/vc_column_text][\/vc_column][\/vc_row][\/vc_section][vc_section el_class=&#8221;ms-pricing-container&#8221;][vc_row][vc_column][vc_row_inner][vc_column_inner width=&#8221;1\/2&#8243;][vc_column_text el_class=&#8221;title&#8221;]<\/p>\n<div class=\"arrow_box\">\n<h5>Prisexempel<\/h5>\n<h3 class=\"caps\">P\u00e5 en .se-dom\u00e4n<\/h3>\n<\/div>\n<p>[\/vc_column_text][\/vc_column_inner][vc_column_inner width=&#8221;1\/2&#8243;][\/vc_column_inner][\/vc_row_inner][\/vc_column][\/vc_row][vc_row css=&#8221;.vc_custom_1722373332464{background-color: #f3f3f3 !important;}&#8221;][vc_column][vc_row_inner][vc_column_inner width=&#8221;1\/3&#8243;][vc_column_text]<strong>Service<\/strong>[\/vc_column_text][\/vc_column_inner][vc_column_inner width=&#8221;1\/3&#8243;][vc_column_text]<strong>Pris per \u00e5r \u2013 F\u00f6rsta 12 m\u00e5naderna<\/strong>[\/vc_column_text][\/vc_column_inner][vc_column_inner width=&#8221;1\/3&#8243;][vc_column_text]<strong>Pris per \u00e5r \u2013 Efter f\u00f6rsta 12 m\u00e5naderna<\/strong>[\/vc_column_text][\/vc_column_inner][\/vc_row_inner][\/vc_column][\/vc_row][vc_row css=&#8221;.vc_custom_1722373365236{background-color: #f9f9f9 !important;}&#8221;][vc_column][vc_row_inner][vc_column_inner width=&#8221;1\/3&#8243;][vc_column_text]Dom\u00e4nregistrering\/\u00d6verf\u00f6ring inklusive DNS[\/vc_column_text][\/vc_column_inner][vc_column_inner width=&#8221;1\/3&#8243;][vc_column_text]5,00 kr<span style=\"font-size: 12px; display: block;\">\u00d6verf\u00f6ring: 29,00 kr<\/span>[\/vc_column_text][\/vc_column_inner][vc_column_inner width=&#8221;1\/3&#8243;][vc_column_text]219,00 kr[\/vc_column_text][\/vc_column_inner][\/vc_row_inner][\/vc_column][\/vc_row][vc_row css=&#8221;.vc_custom_1722373371815{background-color: #f3f3f3 !important;}&#8221;][vc_column][vc_row_inner][vc_column_inner width=&#8221;1\/3&#8243;][vc_column_text]Webbhotell[\/vc_column_text][\/vc_column_inner][vc_column_inner width=&#8221;1\/3&#8243;][vc_column_text]108,00 kr (9,00 kr per m\u00e5nad)[\/vc_column_text][\/vc_column_inner][vc_column_inner width=&#8221;1\/3&#8243;][vc_column_text]468,00 kr (39,00 kr per m\u00e5nad)[\/vc_column_text][\/vc_column_inner][\/vc_row_inner][\/vc_column][\/vc_row][vc_row css=&#8221;.vc_custom_1722373383686{background-color: #f9f9f9 !important;}&#8221;][vc_column][vc_row_inner][vc_column_inner width=&#8221;1\/3&#8243;][vc_column_text]Startavgift[\/vc_column_text][\/vc_column_inner][vc_column_inner width=&#8221;1\/3&#8243;][vc_column_text]0 kr[\/vc_column_text][\/vc_column_inner][vc_column_inner width=&#8221;1\/3&#8243;][vc_column_text]<\/p>\n<div class=\" wpb_column vc_column_container wpb_column vc_column_container vc_col-sm-4 vc_custom_1581855911355 vc_custom_1581855911355\">\n<div class=\"wpb_wrapper\">\n<div class=\"wpb_text_column wpb_content_element \">\n<div class=\"wpb_wrapper\">0 kr<\/div>\n<\/div>\n<\/div>\n<\/div>\n<p>[\/vc_column_text][\/vc_column_inner][\/vc_row_inner][\/vc_column][\/vc_row][vc_row css=&#8221;.vc_custom_1722373391167{background-color: #f3f3f3 !important;}&#8221;][vc_column][vc_row_inner][vc_column_inner width=&#8221;1\/3&#8243;][vc_column_text]Totalpris f\u00f6r 12 m\u00e5nader[\/vc_column_text][\/vc_column_inner][vc_column_inner width=&#8221;1\/3&#8243;][vc_column_text]113,00 kr<span style=\"font-size: 12px; display: block;\">\u00d6verf\u00f6ring: 137,00 kr<\/span>[\/vc_column_text][\/vc_column_inner][vc_column_inner width=&#8221;1\/3&#8243;][vc_column_text]<span style=\"min-height: 46px; display: block;\">687,00 kr<\/span>[\/vc_column_text][\/vc_column_inner][\/vc_row_inner][\/vc_column][\/vc_row][\/vc_section][vc_section el_class=&#8221;ms-mobile-only&#8221;][vc_row css=&#8221;.vc_custom_1722373655642{padding-bottom: 50px !important;}&#8221;][vc_column][vc_column_text css=&#8221;.vc_custom_1722373719322{margin-bottom: 20px !important;}&#8221;]<\/p>\n<h4><strong>F\u00f6rsta 12 m\u00e5naderna<\/strong><\/h4>\n<p>[\/vc_column_text][vc_column_text]<\/p>\n<table>\n<tbody>\n<tr>\n<td><strong>Service<\/strong><\/td>\n<td><strong>Pris per \u00e5r<\/strong><\/td>\n<\/tr>\n<tr>\n<td>Dom\u00e4nregistrering\/\u00d6verf\u00f6ring inklusive DNS<\/td>\n<td>5,00 kr<span style=\"font-size: 12px; display: block;\">\u00d6verf\u00f6ring: 29,00 kr<\/span><\/td>\n<\/tr>\n<tr>\n<td>Hosting<\/td>\n<td>108,00 kr (9,00 kr per m\u00e5nad)<\/td>\n<\/tr>\n<tr>\n<td>Startavgift<\/td>\n<td>0 kr<\/td>\n<\/tr>\n<tr style=\"border-top: 2px #5f686f solid;\">\n<td>Totalpris f\u00f6r 12 m\u00e5nader<\/td>\n<td>113,00 kr<span style=\"font-size: 12px; display: block;\">\u00d6verf\u00f6ring: 137,00 kr<\/span><\/td>\n<\/tr>\n<\/tbody>\n<\/table>\n<p>[\/vc_column_text][\/vc_column][\/vc_row][vc_row][vc_column][vc_column_text css=&#8221;.vc_custom_1722373724058{margin-bottom: 20px !important;}&#8221;]<\/p>\n<h4><strong>F\u00f6ljande 12 m\u00e5nader och fram\u00e5t<\/strong><\/h4>\n<p>[\/vc_column_text][vc_column_text]<\/p>\n<table>\n<tbody>\n<tr>\n<td><strong>Service<\/strong><\/td>\n<td><strong>Pris per \u00e5r<\/strong><\/td>\n<\/tr>\n<tr>\n<td>F\u00f6rnyelse av dom\u00e4n inklusive DNS<\/td>\n<td>219,00 kr<\/td>\n<\/tr>\n<tr>\n<td>Hosting<\/td>\n<td>468,00 kr (39,00 kr per m\u00e5nad)<\/td>\n<\/tr>\n<tr>\n<td>Startavgift<\/td>\n<td>0 kr<\/td>\n<\/tr>\n<tr style=\"border-top: 2px #5f686f solid;\">\n<td>Totalpris f\u00f6r 12 m\u00e5nader<\/td>\n<td>687,00 kr<\/td>\n<\/tr>\n<\/tbody>\n<\/table>\n<p>[\/vc_column_text][\/vc_column][\/vc_row][\/vc_section]<\/p>\n<\/div>","protected":false},"excerpt":{"rendered":"<p>[vc_section css=&#8221;.vc_custom_1732787165166{padding-top: 0px !important;background-color: #00062a !important;}&#8221;][vc_row el_class=&#8221;domain_search&#8221;][vc_column][vc_raw_html]JTVCZG9tYWluX3NlYXJjaCUyMGxhbmclM0QlMjJzd2VkaXNoJTIyJTVE[\/vc_raw_html][\/vc_column][\/vc_row][\/vc_section][vc_section el_class=&#8221;price_compare&#8221;][vc_row][vc_column][vc_column_text][\/vc_column_text][\/vc_column][\/vc_row][\/vc_section][vc_section el_class=&#8221;ms-pricing-container&#8221;][vc_row][vc_column][vc_row_inner][vc_column_inner width=&#8221;1\/2&#8243;][vc_column_text el_class=&#8221;title&#8221;] Prisexempel P\u00e5 en .se-dom\u00e4n [\/vc_column_text][\/vc_column_inner][vc_column_inner width=&#8221;1\/2&#8243;][\/vc_column_inner][\/vc_row_inner][\/vc_column][\/vc_row][vc_row css=&#8221;.vc_custom_1722373332464{background-color: #f3f3f3 !important;}&#8221;][vc_column][vc_row_inner][vc_column_inner width=&#8221;1\/3&#8243;][vc_column_text]Service[\/vc_column_text][\/vc_column_inner][vc_column_inner width=&#8221;1\/3&#8243;][vc_column_text]Pris per \u00e5r \u2013 F\u00f6rsta 12 m\u00e5naderna[\/vc_column_text][\/vc_column_inner][vc_column_inner width=&#8221;1\/3&#8243;][vc_column_text]Pris per \u00e5r \u2013 Efter f\u00f6rsta 12 m\u00e5naderna[\/vc_column_text][\/vc_column_inner][\/vc_row_inner][\/vc_column][\/vc_row][vc_row css=&#8221;.vc_custom_1722373365236{background-color: #f9f9f9 !important;}&#8221;][vc_column][vc_row_inner][vc_column_inner width=&#8221;1\/3&#8243;][vc_column_text]Dom\u00e4nregistrering\/\u00d6verf\u00f6ring inklusive DNS[\/vc_column_text][\/vc_column_inner][vc_column_inner width=&#8221;1\/3&#8243;][vc_column_text] \u00d6verf\u00f6ring: [\/vc_column_text][\/vc_column_inner][vc_column_inner width=&#8221;1\/3&#8243;][vc_column_text] [\/vc_column_text][\/vc_column_inner][\/vc_row_inner][\/vc_column][\/vc_row][vc_row css=&#8221;.vc_custom_1722373371815{background-color: #f3f3f3 !important;}&#8221;][vc_column][vc_row_inner][vc_column_inner width=&#8221;1\/3&#8243;][vc_column_text]Webbhotell[\/vc_column_text][\/vc_column_inner][vc_column_inner width=&#8221;1\/3&#8243;][vc_column_text] ( per m\u00e5nad)[\/vc_column_text][\/vc_column_inner][vc_column_inner &hellip;<\/p>\n","protected":false},"author":3,"featured_media":0,"parent":0,"menu_order":0,"comment_status":"closed","ping_status":"closed","template":"","meta":{"_acf_changed":false,"footnotes":""},"class_list":["post-5902","page","type-page","status-publish","hentry"],"acf":[],"yoast_head":"<!-- This site is optimized with the Yoast SEO plugin v26.8 - https:\/\/yoast.com\/product\/yoast-seo-wordpress\/ -->\n<title>Priser - Polar55<\/title>\n<meta name=\"description\" content=\"Polar55 \u00e4r en av de billigaste och b\u00e4sta webbhotellsl\u00f6sningarna p\u00e5 marknaden. Vi str\u00e4var efter full transparens n\u00e4r det g\u00e4ller v\u00e5ra priser.\" \/>\n<meta name=\"robots\" content=\"index, follow, max-snippet:-1, max-image-preview:large, max-video-preview:-1\" \/>\n<link rel=\"canonical\" href=\"https:\/\/polar55.com\/se\/priser\/\" \/>\n<meta property=\"og:locale\" content=\"en_US\" \/>\n<meta property=\"og:type\" content=\"article\" \/>\n<meta property=\"og:title\" content=\"Priser - Polar55\" \/>\n<meta property=\"og:description\" content=\"Polar55 \u00e4r en av de billigaste och b\u00e4sta webbhotellsl\u00f6sningarna p\u00e5 marknaden. Vi str\u00e4var efter full transparens n\u00e4r det g\u00e4ller v\u00e5ra priser.\" \/>\n<meta property=\"og:url\" content=\"https:\/\/polar55.com\/se\/priser\/\" \/>\n<meta property=\"og:site_name\" content=\"Polar55\" \/>\n<meta property=\"article:modified_time\" content=\"2025-04-15T07:07:38+00:00\" \/>\n<meta name=\"twitter:card\" content=\"summary_large_image\" \/>\n<meta name=\"twitter:label1\" content=\"Est. reading time\" \/>\n\t<meta name=\"twitter:data1\" content=\"3 minutes\" \/>\n<script type=\"application\/ld+json\" class=\"yoast-schema-graph\">{\"@context\":\"https:\/\/schema.org\",\"@graph\":[{\"@type\":\"WebPage\",\"@id\":\"https:\/\/polar55.com\/se\/priser\/\",\"url\":\"https:\/\/polar55.com\/se\/priser\/\",\"name\":\"Priser - Polar55\",\"isPartOf\":{\"@id\":\"https:\/\/polar55.com\/se\/#website\"},\"datePublished\":\"2024-07-30T20:46:11+00:00\",\"dateModified\":\"2025-04-15T07:07:38+00:00\",\"description\":\"Polar55 \u00e4r en av de billigaste och b\u00e4sta webbhotellsl\u00f6sningarna p\u00e5 marknaden. Vi str\u00e4var efter full transparens n\u00e4r det g\u00e4ller v\u00e5ra priser.\",\"breadcrumb\":{\"@id\":\"https:\/\/polar55.com\/se\/priser\/#breadcrumb\"},\"inLanguage\":\"se-SE\",\"potentialAction\":[{\"@type\":\"ReadAction\",\"target\":[\"https:\/\/polar55.com\/se\/priser\/\"]}]},{\"@type\":\"BreadcrumbList\",\"@id\":\"https:\/\/polar55.com\/se\/priser\/#breadcrumb\",\"itemListElement\":[{\"@type\":\"ListItem\",\"position\":1,\"name\":\"Hjem\",\"item\":\"https:\/\/polar55.com\/se\/\"},{\"@type\":\"ListItem\",\"position\":2,\"name\":\"Priser\"}]},{\"@type\":\"WebSite\",\"@id\":\"https:\/\/polar55.com\/se\/#website\",\"url\":\"https:\/\/polar55.com\/se\/\",\"name\":\"Polar55\",\"description\":\"cheap hosting and domains\",\"potentialAction\":[{\"@type\":\"SearchAction\",\"target\":{\"@type\":\"EntryPoint\",\"urlTemplate\":\"https:\/\/polar55.com\/se\/?s={search_term_string}\"},\"query-input\":{\"@type\":\"PropertyValueSpecification\",\"valueRequired\":true,\"valueName\":\"search_term_string\"}}],\"inLanguage\":\"se-SE\"}]}<\/script>\n<!-- \/ Yoast SEO plugin. -->","yoast_head_json":{"title":"Priser - Polar55","description":"Polar55 \u00e4r en av de billigaste och b\u00e4sta webbhotellsl\u00f6sningarna p\u00e5 marknaden. Vi str\u00e4var efter full transparens n\u00e4r det g\u00e4ller v\u00e5ra priser.","robots":{"index":"index","follow":"follow","max-snippet":"max-snippet:-1","max-image-preview":"max-image-preview:large","max-video-preview":"max-video-preview:-1"},"canonical":"https:\/\/polar55.com\/se\/priser\/","og_locale":"en_US","og_type":"article","og_title":"Priser - Polar55","og_description":"Polar55 \u00e4r en av de billigaste och b\u00e4sta webbhotellsl\u00f6sningarna p\u00e5 marknaden. Vi str\u00e4var efter full transparens n\u00e4r det g\u00e4ller v\u00e5ra priser.","og_url":"https:\/\/polar55.com\/se\/priser\/","og_site_name":"Polar55","article_modified_time":"2025-04-15T07:07:38+00:00","twitter_card":"summary_large_image","twitter_misc":{"Est. reading time":"3 minutes"},"schema":{"@context":"https:\/\/schema.org","@graph":[{"@type":"WebPage","@id":"https:\/\/polar55.com\/se\/priser\/","url":"https:\/\/polar55.com\/se\/priser\/","name":"Priser - Polar55","isPartOf":{"@id":"https:\/\/polar55.com\/se\/#website"},"datePublished":"2024-07-30T20:46:11+00:00","dateModified":"2025-04-15T07:07:38+00:00","description":"Polar55 \u00e4r en av de billigaste och b\u00e4sta webbhotellsl\u00f6sningarna p\u00e5 marknaden. Vi str\u00e4var efter full transparens n\u00e4r det g\u00e4ller v\u00e5ra priser.","breadcrumb":{"@id":"https:\/\/polar55.com\/se\/priser\/#breadcrumb"},"inLanguage":"se-SE","potentialAction":[{"@type":"ReadAction","target":["https:\/\/polar55.com\/se\/priser\/"]}]},{"@type":"BreadcrumbList","@id":"https:\/\/polar55.com\/se\/priser\/#breadcrumb","itemListElement":[{"@type":"ListItem","position":1,"name":"Hjem","item":"https:\/\/polar55.com\/se\/"},{"@type":"ListItem","position":2,"name":"Priser"}]},{"@type":"WebSite","@id":"https:\/\/polar55.com\/se\/#website","url":"https:\/\/polar55.com\/se\/","name":"Polar55","description":"cheap hosting and domains","potentialAction":[{"@type":"SearchAction","target":{"@type":"EntryPoint","urlTemplate":"https:\/\/polar55.com\/se\/?s={search_term_string}"},"query-input":{"@type":"PropertyValueSpecification","valueRequired":true,"valueName":"search_term_string"}}],"inLanguage":"se-SE"}]}},"_links":{"self":[{"href":"https:\/\/polar55.com\/se\/wp-json\/wp\/v2\/pages\/5902","targetHints":{"allow":["GET"]}}],"collection":[{"href":"https:\/\/polar55.com\/se\/wp-json\/wp\/v2\/pages"}],"about":[{"href":"https:\/\/polar55.com\/se\/wp-json\/wp\/v2\/types\/page"}],"author":[{"embeddable":true,"href":"https:\/\/polar55.com\/se\/wp-json\/wp\/v2\/users\/3"}],"replies":[{"embeddable":true,"href":"https:\/\/polar55.com\/se\/wp-json\/wp\/v2\/comments?post=5902"}],"version-history":[{"count":25,"href":"https:\/\/polar55.com\/se\/wp-json\/wp\/v2\/pages\/5902\/revisions"}],"predecessor-version":[{"id":7972,"href":"https:\/\/polar55.com\/se\/wp-json\/wp\/v2\/pages\/5902\/revisions\/7972"}],"wp:attachment":[{"href":"https:\/\/polar55.com\/se\/wp-json\/wp\/v2\/media?parent=5902"}],"curies":[{"name":"wp","href":"https:\/\/api.w.org\/{rel}","templated":true}]}}