{"id":5896,"date":"2024-07-31T09:38:59","date_gmt":"2024-07-31T08:38:59","guid":{"rendered":"https:\/\/nordicway.io\/dataprocessorer\/"},"modified":"2026-03-17T13:01:55","modified_gmt":"2026-03-17T13:01:55","slug":"dataprocessorer","status":"publish","type":"page","link":"https:\/\/polar55.com\/se\/dataprocessorer\/","title":{"rendered":"Dataprocessorer"},"content":{"rendered":"<div class=\"wpb-content-wrapper\"><p>[vc_row king_class=&#8221;price_compare&#8221; king_class_container=&#8221;table-wrapper&#8221; css=&#8221;.vc_custom_1722415138188{padding-top: 40px !important;padding-bottom: 40px !important;}&#8221; el_class=&#8221;price_compare&#8221;][vc_column][vc_column_text el_class=&#8221;webhotel-text&#8221; css=&#8221;.vc_custom_1734425795765{padding-bottom: 40px !important;}&#8221;]\n        <p style=\"text-align: left;\">Vi anv\u00e4nder f\u00f6ljande underleverant\u00f6rer. Det inneb\u00e4r att din information antingen vidarebefordras till dessa enheter eller att dessa f\u00f6retag har tillg\u00e5ng till dina data. Dessa \u00e4r uteslutande f\u00f6retag som \u00e4r n\u00f6dv\u00e4ndiga f\u00f6r att s\u00e4kerst\u00e4lla driften av v\u00e5ra hostingl\u00f6sningar.<\/p>[\/vc_column_text][vc_row_inner king_class=&#8221;th&#8221;][vc_column_inner el_class=&#8221;first rowfirst&#8221; width=&#8221;1\/2&#8243;][vc_column_text]NSEC Solutions (DK-26530792)[\/vc_column_text][\/vc_column_inner][vc_column_inner el_class=&#8221;rowsremain&#8221; width=&#8221;1\/2&#8243;][vc_column_text]Serverdrift och underh\u00e5ll[\/vc_column_text][vc_column_text][\/vc_column_text][\/vc_column_inner][\/vc_row_inner][vc_row_inner king_class=&#8221;td&#8221;][vc_column_inner el_class=&#8221;first rowfirst&#8221; width=&#8221;1\/2&#8243;][vc_column_text]Hexonet GMBH (DE-138316882)[\/vc_column_text][\/vc_column_inner][vc_column_inner el_class=&#8221;rowsremain&#8221; width=&#8221;1\/2&#8243;][vc_column_text]Dom\u00e4nregistrerare[\/vc_column_text][vc_column_text][\/vc_column_text][\/vc_column_inner][\/vc_row_inner][vc_row_inner king_class=&#8221;th&#8221;][vc_column_inner el_class=&#8221;first rowfirst&#8221; width=&#8221;1\/2&#8243;][vc_column_text]Hetzner (<span dir=\"ltr\" role=\"presentation\">DE-812871812<\/span>)[\/vc_column_text][\/vc_column_inner][vc_column_inner el_class=&#8221;rowsremain&#8221; width=&#8221;1\/2&#8243;][vc_column_text]Server[\/vc_column_text][vc_column_text][\/vc_column_text][\/vc_column_inner][\/vc_row_inner][vc_row_inner king_class=&#8221;td&#8221;][vc_column_inner el_class=&#8221;first rowfirst&#8221; width=&#8221;1\/2&#8243;][vc_column_text]Sampedro ApS (DK-40342079)[\/vc_column_text][\/vc_column_inner][vc_column_inner el_class=&#8221;rowsremain&#8221; width=&#8221;1\/2&#8243;][vc_column_text]Support[\/vc_column_text][vc_column_text][\/vc_column_text][\/vc_column_inner][\/vc_row_inner][vc_row_inner king_class=&#8221;td&#8221;][vc_column_inner el_class=&#8221;first rowfirst&#8221; width=&#8221;1\/2&#8243;][vc_column_text]Stripe Payments Europe Ltd (IE-3206488LH)[\/vc_column_text][\/vc_column_inner][vc_column_inner el_class=&#8221;rowsremain&#8221; width=&#8221;1\/2&#8243;][vc_column_text]Betalningsgateway[\/vc_column_text][vc_column_text][\/vc_column_text][\/vc_column_inner][\/vc_row_inner][\/vc_column][\/vc_row]<\/p>\n<\/div>","protected":false},"excerpt":{"rendered":"<p>[vc_row king_class=&#8221;price_compare&#8221; king_class_container=&#8221;table-wrapper&#8221; css=&#8221;.vc_custom_1722415138188{padding-top: 40px !important;padding-bottom: 40px !important;}&#8221; el_class=&#8221;price_compare&#8221;][vc_column][vc_column_text el_class=&#8221;webhotel-text&#8221; css=&#8221;.vc_custom_1734425795765{padding-bottom: 40px !important;}&#8221;][\/vc_column_text][vc_row_inner king_class=&#8221;th&#8221;][vc_column_inner el_class=&#8221;first rowfirst&#8221; width=&#8221;1\/2&#8243;][vc_column_text]NSEC Solutions (DK-26530792)[\/vc_column_text][\/vc_column_inner][vc_column_inner el_class=&#8221;rowsremain&#8221; width=&#8221;1\/2&#8243;][vc_column_text]Serverdrift och underh\u00e5ll[\/vc_column_text][vc_column_text][\/vc_column_text][\/vc_column_inner][\/vc_row_inner][vc_row_inner king_class=&#8221;td&#8221;][vc_column_inner el_class=&#8221;first rowfirst&#8221; width=&#8221;1\/2&#8243;][vc_column_text]Hexonet GMBH (DE-138316882)[\/vc_column_text][\/vc_column_inner][vc_column_inner el_class=&#8221;rowsremain&#8221; width=&#8221;1\/2&#8243;][vc_column_text]Dom\u00e4nregistrerare[\/vc_column_text][vc_column_text][\/vc_column_text][\/vc_column_inner][\/vc_row_inner][vc_row_inner king_class=&#8221;th&#8221;][vc_column_inner el_class=&#8221;first rowfirst&#8221; width=&#8221;1\/2&#8243;][vc_column_text]Hetzner (DE-812871812)[\/vc_column_text][\/vc_column_inner][vc_column_inner el_class=&#8221;rowsremain&#8221; width=&#8221;1\/2&#8243;][vc_column_text]Server[\/vc_column_text][vc_column_text][\/vc_column_text][\/vc_column_inner][\/vc_row_inner][vc_row_inner king_class=&#8221;td&#8221;][vc_column_inner el_class=&#8221;first rowfirst&#8221; width=&#8221;1\/2&#8243;][vc_column_text]Sampedro ApS (DK-40342079)[\/vc_column_text][\/vc_column_inner][vc_column_inner el_class=&#8221;rowsremain&#8221; width=&#8221;1\/2&#8243;][vc_column_text]Support[\/vc_column_text][vc_column_text][\/vc_column_text][\/vc_column_inner][\/vc_row_inner][vc_row_inner king_class=&#8221;td&#8221;][vc_column_inner el_class=&#8221;first rowfirst&#8221; width=&#8221;1\/2&#8243;][vc_column_text]Stripe Payments Europe Ltd (IE-3206488LH)[\/vc_column_text][\/vc_column_inner][vc_column_inner el_class=&#8221;rowsremain&#8221; &hellip;<\/p>\n","protected":false},"author":3,"featured_media":0,"parent":0,"menu_order":0,"comment_status":"closed","ping_status":"closed","template":"","meta":{"_acf_changed":false,"footnotes":""},"class_list":["post-5896","page","type-page","status-publish","hentry"],"acf":[],"yoast_head":"<!-- This site is optimized with the Yoast SEO plugin v26.8 - https:\/\/yoast.com\/product\/yoast-seo-wordpress\/ -->\n<title>Dataprocessorer - Polar55<\/title>\n<meta name=\"robots\" content=\"index, follow, max-snippet:-1, max-image-preview:large, max-video-preview:-1\" \/>\n<link rel=\"canonical\" href=\"https:\/\/polar55.com\/se\/dataprocessorer\/\" \/>\n<meta property=\"og:locale\" content=\"en_US\" \/>\n<meta property=\"og:type\" content=\"article\" \/>\n<meta property=\"og:title\" content=\"Dataprocessorer - Polar55\" \/>\n<meta property=\"og:description\" content=\"[vc_row king_class=&#8221;price_compare&#8221; king_class_container=&#8221;table-wrapper&#8221; css=&#8221;.vc_custom_1722415138188{padding-top: 40px !important;padding-bottom: 40px !important;}&#8221; el_class=&#8221;price_compare&#8221;][vc_column][vc_column_text el_class=&#8221;webhotel-text&#8221; css=&#8221;.vc_custom_1734425795765{padding-bottom: 40px !important;}&#8221;][\/vc_column_text][vc_row_inner king_class=&#8221;th&#8221;][vc_column_inner el_class=&#8221;first rowfirst&#8221; width=&#8221;1\/2&#8243;][vc_column_text]NSEC Solutions (DK-26530792)[\/vc_column_text][\/vc_column_inner][vc_column_inner el_class=&#8221;rowsremain&#8221; width=&#8221;1\/2&#8243;][vc_column_text]Serverdrift och underh\u00e5ll[\/vc_column_text][vc_column_text][\/vc_column_text][\/vc_column_inner][\/vc_row_inner][vc_row_inner king_class=&#8221;td&#8221;][vc_column_inner el_class=&#8221;first rowfirst&#8221; width=&#8221;1\/2&#8243;][vc_column_text]Hexonet GMBH (DE-138316882)[\/vc_column_text][\/vc_column_inner][vc_column_inner el_class=&#8221;rowsremain&#8221; width=&#8221;1\/2&#8243;][vc_column_text]Dom\u00e4nregistrerare[\/vc_column_text][vc_column_text][\/vc_column_text][\/vc_column_inner][\/vc_row_inner][vc_row_inner king_class=&#8221;th&#8221;][vc_column_inner el_class=&#8221;first rowfirst&#8221; width=&#8221;1\/2&#8243;][vc_column_text]Hetzner (DE-812871812)[\/vc_column_text][\/vc_column_inner][vc_column_inner el_class=&#8221;rowsremain&#8221; width=&#8221;1\/2&#8243;][vc_column_text]Server[\/vc_column_text][vc_column_text][\/vc_column_text][\/vc_column_inner][\/vc_row_inner][vc_row_inner king_class=&#8221;td&#8221;][vc_column_inner el_class=&#8221;first rowfirst&#8221; width=&#8221;1\/2&#8243;][vc_column_text]Sampedro ApS (DK-40342079)[\/vc_column_text][\/vc_column_inner][vc_column_inner el_class=&#8221;rowsremain&#8221; width=&#8221;1\/2&#8243;][vc_column_text]Support[\/vc_column_text][vc_column_text][\/vc_column_text][\/vc_column_inner][\/vc_row_inner][vc_row_inner king_class=&#8221;td&#8221;][vc_column_inner el_class=&#8221;first rowfirst&#8221; width=&#8221;1\/2&#8243;][vc_column_text]Stripe Payments Europe Ltd (IE-3206488LH)[\/vc_column_text][\/vc_column_inner][vc_column_inner el_class=&#8221;rowsremain&#8221; &hellip;\" \/>\n<meta property=\"og:url\" content=\"https:\/\/polar55.com\/se\/dataprocessorer\/\" \/>\n<meta property=\"og:site_name\" content=\"Polar55\" \/>\n<meta property=\"article:modified_time\" content=\"2026-03-17T13:01:55+00:00\" \/>\n<meta name=\"twitter:card\" content=\"summary_large_image\" \/>\n<meta name=\"twitter:label1\" content=\"Est. reading time\" \/>\n\t<meta name=\"twitter:data1\" content=\"1 minute\" \/>\n<script type=\"application\/ld+json\" class=\"yoast-schema-graph\">{\"@context\":\"https:\/\/schema.org\",\"@graph\":[{\"@type\":\"WebPage\",\"@id\":\"https:\/\/polar55.com\/se\/dataprocessorer\/\",\"url\":\"https:\/\/polar55.com\/se\/dataprocessorer\/\",\"name\":\"Dataprocessorer - Polar55\",\"isPartOf\":{\"@id\":\"https:\/\/polar55.com\/se\/#website\"},\"datePublished\":\"2024-07-31T08:38:59+00:00\",\"dateModified\":\"2026-03-17T13:01:55+00:00\",\"breadcrumb\":{\"@id\":\"https:\/\/polar55.com\/se\/dataprocessorer\/#breadcrumb\"},\"inLanguage\":\"se-SE\",\"potentialAction\":[{\"@type\":\"ReadAction\",\"target\":[\"https:\/\/polar55.com\/se\/dataprocessorer\/\"]}]},{\"@type\":\"BreadcrumbList\",\"@id\":\"https:\/\/polar55.com\/se\/dataprocessorer\/#breadcrumb\",\"itemListElement\":[{\"@type\":\"ListItem\",\"position\":1,\"name\":\"Hjem\",\"item\":\"https:\/\/polar55.com\/se\/\"},{\"@type\":\"ListItem\",\"position\":2,\"name\":\"Dataprocessorer\"}]},{\"@type\":\"WebSite\",\"@id\":\"https:\/\/polar55.com\/se\/#website\",\"url\":\"https:\/\/polar55.com\/se\/\",\"name\":\"Polar55\",\"description\":\"cheap hosting and domains\",\"potentialAction\":[{\"@type\":\"SearchAction\",\"target\":{\"@type\":\"EntryPoint\",\"urlTemplate\":\"https:\/\/polar55.com\/se\/?s={search_term_string}\"},\"query-input\":{\"@type\":\"PropertyValueSpecification\",\"valueRequired\":true,\"valueName\":\"search_term_string\"}}],\"inLanguage\":\"se-SE\"}]}<\/script>\n<!-- \/ Yoast SEO plugin. -->","yoast_head_json":{"title":"Dataprocessorer - Polar55","robots":{"index":"index","follow":"follow","max-snippet":"max-snippet:-1","max-image-preview":"max-image-preview:large","max-video-preview":"max-video-preview:-1"},"canonical":"https:\/\/polar55.com\/se\/dataprocessorer\/","og_locale":"en_US","og_type":"article","og_title":"Dataprocessorer - Polar55","og_description":"[vc_row king_class=&#8221;price_compare&#8221; king_class_container=&#8221;table-wrapper&#8221; css=&#8221;.vc_custom_1722415138188{padding-top: 40px !important;padding-bottom: 40px !important;}&#8221; el_class=&#8221;price_compare&#8221;][vc_column][vc_column_text el_class=&#8221;webhotel-text&#8221; css=&#8221;.vc_custom_1734425795765{padding-bottom: 40px !important;}&#8221;][\/vc_column_text][vc_row_inner king_class=&#8221;th&#8221;][vc_column_inner el_class=&#8221;first rowfirst&#8221; width=&#8221;1\/2&#8243;][vc_column_text]NSEC Solutions (DK-26530792)[\/vc_column_text][\/vc_column_inner][vc_column_inner el_class=&#8221;rowsremain&#8221; width=&#8221;1\/2&#8243;][vc_column_text]Serverdrift och underh\u00e5ll[\/vc_column_text][vc_column_text][\/vc_column_text][\/vc_column_inner][\/vc_row_inner][vc_row_inner king_class=&#8221;td&#8221;][vc_column_inner el_class=&#8221;first rowfirst&#8221; width=&#8221;1\/2&#8243;][vc_column_text]Hexonet GMBH (DE-138316882)[\/vc_column_text][\/vc_column_inner][vc_column_inner el_class=&#8221;rowsremain&#8221; width=&#8221;1\/2&#8243;][vc_column_text]Dom\u00e4nregistrerare[\/vc_column_text][vc_column_text][\/vc_column_text][\/vc_column_inner][\/vc_row_inner][vc_row_inner king_class=&#8221;th&#8221;][vc_column_inner el_class=&#8221;first rowfirst&#8221; width=&#8221;1\/2&#8243;][vc_column_text]Hetzner (DE-812871812)[\/vc_column_text][\/vc_column_inner][vc_column_inner el_class=&#8221;rowsremain&#8221; width=&#8221;1\/2&#8243;][vc_column_text]Server[\/vc_column_text][vc_column_text][\/vc_column_text][\/vc_column_inner][\/vc_row_inner][vc_row_inner king_class=&#8221;td&#8221;][vc_column_inner el_class=&#8221;first rowfirst&#8221; width=&#8221;1\/2&#8243;][vc_column_text]Sampedro ApS (DK-40342079)[\/vc_column_text][\/vc_column_inner][vc_column_inner el_class=&#8221;rowsremain&#8221; width=&#8221;1\/2&#8243;][vc_column_text]Support[\/vc_column_text][vc_column_text][\/vc_column_text][\/vc_column_inner][\/vc_row_inner][vc_row_inner king_class=&#8221;td&#8221;][vc_column_inner el_class=&#8221;first rowfirst&#8221; width=&#8221;1\/2&#8243;][vc_column_text]Stripe Payments Europe Ltd (IE-3206488LH)[\/vc_column_text][\/vc_column_inner][vc_column_inner el_class=&#8221;rowsremain&#8221; &hellip;","og_url":"https:\/\/polar55.com\/se\/dataprocessorer\/","og_site_name":"Polar55","article_modified_time":"2026-03-17T13:01:55+00:00","twitter_card":"summary_large_image","twitter_misc":{"Est. reading time":"1 minute"},"schema":{"@context":"https:\/\/schema.org","@graph":[{"@type":"WebPage","@id":"https:\/\/polar55.com\/se\/dataprocessorer\/","url":"https:\/\/polar55.com\/se\/dataprocessorer\/","name":"Dataprocessorer - Polar55","isPartOf":{"@id":"https:\/\/polar55.com\/se\/#website"},"datePublished":"2024-07-31T08:38:59+00:00","dateModified":"2026-03-17T13:01:55+00:00","breadcrumb":{"@id":"https:\/\/polar55.com\/se\/dataprocessorer\/#breadcrumb"},"inLanguage":"se-SE","potentialAction":[{"@type":"ReadAction","target":["https:\/\/polar55.com\/se\/dataprocessorer\/"]}]},{"@type":"BreadcrumbList","@id":"https:\/\/polar55.com\/se\/dataprocessorer\/#breadcrumb","itemListElement":[{"@type":"ListItem","position":1,"name":"Hjem","item":"https:\/\/polar55.com\/se\/"},{"@type":"ListItem","position":2,"name":"Dataprocessorer"}]},{"@type":"WebSite","@id":"https:\/\/polar55.com\/se\/#website","url":"https:\/\/polar55.com\/se\/","name":"Polar55","description":"cheap hosting and domains","potentialAction":[{"@type":"SearchAction","target":{"@type":"EntryPoint","urlTemplate":"https:\/\/polar55.com\/se\/?s={search_term_string}"},"query-input":{"@type":"PropertyValueSpecification","valueRequired":true,"valueName":"search_term_string"}}],"inLanguage":"se-SE"}]}},"_links":{"self":[{"href":"https:\/\/polar55.com\/se\/wp-json\/wp\/v2\/pages\/5896","targetHints":{"allow":["GET"]}}],"collection":[{"href":"https:\/\/polar55.com\/se\/wp-json\/wp\/v2\/pages"}],"about":[{"href":"https:\/\/polar55.com\/se\/wp-json\/wp\/v2\/types\/page"}],"author":[{"embeddable":true,"href":"https:\/\/polar55.com\/se\/wp-json\/wp\/v2\/users\/3"}],"replies":[{"embeddable":true,"href":"https:\/\/polar55.com\/se\/wp-json\/wp\/v2\/comments?post=5896"}],"version-history":[{"count":7,"href":"https:\/\/polar55.com\/se\/wp-json\/wp\/v2\/pages\/5896\/revisions"}],"predecessor-version":[{"id":10206,"href":"https:\/\/polar55.com\/se\/wp-json\/wp\/v2\/pages\/5896\/revisions\/10206"}],"wp:attachment":[{"href":"https:\/\/polar55.com\/se\/wp-json\/wp\/v2\/media?parent=5896"}],"curies":[{"name":"wp","href":"https:\/\/api.w.org\/{rel}","templated":true}]}}