{"id":5887,"date":"2024-07-31T09:21:49","date_gmt":"2024-07-31T08:21:49","guid":{"rendered":"https:\/\/nordicway.io\/cookies\/"},"modified":"2024-12-16T13:11:04","modified_gmt":"2024-12-16T13:11:04","slug":"cookies","status":"publish","type":"page","link":"https:\/\/polar55.com\/se\/cookies\/","title":{"rendered":"Cookies"},"content":{"rendered":"<div class=\"wpb-content-wrapper\"><p>[vc_row css=&#8221;.vc_custom_1722414156781{padding-top: 40px !important;padding-bottom: 40px !important;}&#8221;][vc_column][vc_column_text]\n    <strong>Generellt<\/strong>\n    <p>1.1 Denna integritetspolicy (\u201cIntegritetspolicy\u201d) beskriver hur Polar55 (\u201coss\u201d, \u201cv\u00e5r\u201d, \u201cvi\u201d) samlar in och behandlar information om dig.<\/p>\n    <p>1.2 Integritetspolicyn g\u00e4ller f\u00f6r personuppgifter som du l\u00e4mnar till oss eller som vi samlar in via webbplatsen www.polar55.com (\u201cWebbplatsen\u201d).<\/p>\n    <p>1.3 Polar55 \u00e4r ansvarig f\u00f6r dina personuppgifter. All kommunikation med Polar55 kan g\u00f6ras via kontaktinformationen som anges under punkt 8.<\/p>\n\n    <strong>Vilka personuppgifter samlar vi in, f\u00f6r vilka \u00e4ndam\u00e5l och behandlingens r\u00e4ttsliga grund<\/strong>\n    <p>2.1 N\u00e4r du bes\u00f6ker Webbplatsen samlar vi automatiskt in information som webbl\u00e4sartyp, s\u00f6ktermer, IP-adress och datorinformation.<\/p>\n    <p>2.1.1 Syftet \u00e4r att optimera anv\u00e4ndarupplevelsen och Webbplatsens funktion.<\/p>\n    <p>2.1.2 R\u00e4ttslig grund f\u00f6r behandlingen \u00e4r EU:s dataskyddsf\u00f6rordning artikel 6.1.f.<\/p>\n\n    <strong>Cookies<\/strong>\n    <p>3.1 Polar55 anv\u00e4nder cookies f\u00f6r tekniska \u00e4ndam\u00e5l, trafikm\u00e4tning och riktad annonsering.<\/p>\n\n    <strong>Mottagare av personuppgifter<\/strong>\n    <p>4.1 Uppgifter kan l\u00e4mnas ut till externa samarbetspartners f\u00f6r teknisk drift, bokf\u00f6ring, betalningshantering och annonsering.<\/p>\n\n    <strong>Dina r\u00e4ttigheter<\/strong>\n    <p>5.1 Du har r\u00e4tt att beg\u00e4ra \u00e5tkomst, r\u00e4ttelse, radering samt inv\u00e4nda mot behandlingen av dina uppgifter.<\/p>\n\n    <strong>Kontaktuppgifter<\/strong>\n    <p>Polar55<br>Kungsbro Strand 29<br>112 26 Stockholm<br>E-post: support[at]polar55.com<br>VAT: DK40745769<\/p>[\/vc_column_text][\/vc_column][\/vc_row]<\/p>\n<\/div>","protected":false},"excerpt":{"rendered":"<p>[vc_row css=&#8221;.vc_custom_1722414156781{padding-top: 40px !important;padding-bottom: 40px !important;}&#8221;][vc_column][vc_column_text][\/vc_column_text][\/vc_column][\/vc_row]<\/p>\n","protected":false},"author":3,"featured_media":0,"parent":0,"menu_order":0,"comment_status":"closed","ping_status":"closed","template":"","meta":{"_acf_changed":false,"footnotes":""},"class_list":["post-5887","page","type-page","status-publish","hentry"],"acf":[],"yoast_head":"<!-- This site is optimized with the Yoast SEO plugin v26.8 - https:\/\/yoast.com\/product\/yoast-seo-wordpress\/ -->\n<title>Cookies - Polar55<\/title>\n<meta name=\"robots\" content=\"index, follow, max-snippet:-1, max-image-preview:large, max-video-preview:-1\" \/>\n<link rel=\"canonical\" href=\"https:\/\/polar55.com\/se\/cookies\/\" \/>\n<meta property=\"og:locale\" content=\"en_US\" \/>\n<meta property=\"og:type\" content=\"article\" \/>\n<meta property=\"og:title\" content=\"Cookies - Polar55\" \/>\n<meta property=\"og:description\" content=\"[vc_row css=&#8221;.vc_custom_1722414156781{padding-top: 40px !important;padding-bottom: 40px !important;}&#8221;][vc_column][vc_column_text][\/vc_column_text][\/vc_column][\/vc_row]\" \/>\n<meta property=\"og:url\" content=\"https:\/\/polar55.com\/se\/cookies\/\" \/>\n<meta property=\"og:site_name\" content=\"Polar55\" \/>\n<meta property=\"article:modified_time\" content=\"2024-12-16T13:11:04+00:00\" \/>\n<meta name=\"twitter:card\" content=\"summary_large_image\" \/>\n<meta name=\"twitter:label1\" content=\"Est. reading time\" \/>\n\t<meta name=\"twitter:data1\" content=\"6 minutes\" \/>\n<script type=\"application\/ld+json\" class=\"yoast-schema-graph\">{\"@context\":\"https:\/\/schema.org\",\"@graph\":[{\"@type\":\"WebPage\",\"@id\":\"https:\/\/polar55.com\/se\/cookies\/\",\"url\":\"https:\/\/polar55.com\/se\/cookies\/\",\"name\":\"Cookies - Polar55\",\"isPartOf\":{\"@id\":\"https:\/\/polar55.com\/se\/#website\"},\"datePublished\":\"2024-07-31T08:21:49+00:00\",\"dateModified\":\"2024-12-16T13:11:04+00:00\",\"breadcrumb\":{\"@id\":\"https:\/\/polar55.com\/se\/cookies\/#breadcrumb\"},\"inLanguage\":\"se-SE\",\"potentialAction\":[{\"@type\":\"ReadAction\",\"target\":[\"https:\/\/polar55.com\/se\/cookies\/\"]}]},{\"@type\":\"BreadcrumbList\",\"@id\":\"https:\/\/polar55.com\/se\/cookies\/#breadcrumb\",\"itemListElement\":[{\"@type\":\"ListItem\",\"position\":1,\"name\":\"Hjem\",\"item\":\"https:\/\/polar55.com\/se\/\"},{\"@type\":\"ListItem\",\"position\":2,\"name\":\"Cookies\"}]},{\"@type\":\"WebSite\",\"@id\":\"https:\/\/polar55.com\/se\/#website\",\"url\":\"https:\/\/polar55.com\/se\/\",\"name\":\"Polar55\",\"description\":\"cheap hosting and domains\",\"potentialAction\":[{\"@type\":\"SearchAction\",\"target\":{\"@type\":\"EntryPoint\",\"urlTemplate\":\"https:\/\/polar55.com\/se\/?s={search_term_string}\"},\"query-input\":{\"@type\":\"PropertyValueSpecification\",\"valueRequired\":true,\"valueName\":\"search_term_string\"}}],\"inLanguage\":\"se-SE\"}]}<\/script>\n<!-- \/ Yoast SEO plugin. -->","yoast_head_json":{"title":"Cookies - Polar55","robots":{"index":"index","follow":"follow","max-snippet":"max-snippet:-1","max-image-preview":"max-image-preview:large","max-video-preview":"max-video-preview:-1"},"canonical":"https:\/\/polar55.com\/se\/cookies\/","og_locale":"en_US","og_type":"article","og_title":"Cookies - Polar55","og_description":"[vc_row css=&#8221;.vc_custom_1722414156781{padding-top: 40px !important;padding-bottom: 40px !important;}&#8221;][vc_column][vc_column_text][\/vc_column_text][\/vc_column][\/vc_row]","og_url":"https:\/\/polar55.com\/se\/cookies\/","og_site_name":"Polar55","article_modified_time":"2024-12-16T13:11:04+00:00","twitter_card":"summary_large_image","twitter_misc":{"Est. reading time":"6 minutes"},"schema":{"@context":"https:\/\/schema.org","@graph":[{"@type":"WebPage","@id":"https:\/\/polar55.com\/se\/cookies\/","url":"https:\/\/polar55.com\/se\/cookies\/","name":"Cookies - Polar55","isPartOf":{"@id":"https:\/\/polar55.com\/se\/#website"},"datePublished":"2024-07-31T08:21:49+00:00","dateModified":"2024-12-16T13:11:04+00:00","breadcrumb":{"@id":"https:\/\/polar55.com\/se\/cookies\/#breadcrumb"},"inLanguage":"se-SE","potentialAction":[{"@type":"ReadAction","target":["https:\/\/polar55.com\/se\/cookies\/"]}]},{"@type":"BreadcrumbList","@id":"https:\/\/polar55.com\/se\/cookies\/#breadcrumb","itemListElement":[{"@type":"ListItem","position":1,"name":"Hjem","item":"https:\/\/polar55.com\/se\/"},{"@type":"ListItem","position":2,"name":"Cookies"}]},{"@type":"WebSite","@id":"https:\/\/polar55.com\/se\/#website","url":"https:\/\/polar55.com\/se\/","name":"Polar55","description":"cheap hosting and domains","potentialAction":[{"@type":"SearchAction","target":{"@type":"EntryPoint","urlTemplate":"https:\/\/polar55.com\/se\/?s={search_term_string}"},"query-input":{"@type":"PropertyValueSpecification","valueRequired":true,"valueName":"search_term_string"}}],"inLanguage":"se-SE"}]}},"_links":{"self":[{"href":"https:\/\/polar55.com\/se\/wp-json\/wp\/v2\/pages\/5887","targetHints":{"allow":["GET"]}}],"collection":[{"href":"https:\/\/polar55.com\/se\/wp-json\/wp\/v2\/pages"}],"about":[{"href":"https:\/\/polar55.com\/se\/wp-json\/wp\/v2\/types\/page"}],"author":[{"embeddable":true,"href":"https:\/\/polar55.com\/se\/wp-json\/wp\/v2\/users\/3"}],"replies":[{"embeddable":true,"href":"https:\/\/polar55.com\/se\/wp-json\/wp\/v2\/comments?post=5887"}],"version-history":[{"count":12,"href":"https:\/\/polar55.com\/se\/wp-json\/wp\/v2\/pages\/5887\/revisions"}],"predecessor-version":[{"id":7011,"href":"https:\/\/polar55.com\/se\/wp-json\/wp\/v2\/pages\/5887\/revisions\/7011"}],"wp:attachment":[{"href":"https:\/\/polar55.com\/se\/wp-json\/wp\/v2\/media?parent=5887"}],"curies":[{"name":"wp","href":"https:\/\/api.w.org\/{rel}","templated":true}]}}