{"id":5870,"date":"2019-08-28T09:42:17","date_gmt":"2019-08-28T08:42:17","guid":{"rendered":"https:\/\/nordicway.io\/om-nordicway\/"},"modified":"2025-10-22T10:08:16","modified_gmt":"2025-10-22T09:08:16","slug":"om-polar55","status":"publish","type":"page","link":"https:\/\/polar55.com\/se\/om-polar55\/","title":{"rendered":"Om polar55"},"content":{"rendered":"<div class=\"wpb-content-wrapper\"><p>[vc_row css=&#8221;.vc_custom_1722411745676{padding-top: 40px !important;padding-bottom: 40px !important;}&#8221;][vc_column width=&#8221;2\/3&#8243; css=&#8221;.vc_custom_1566982451471{margin-bottom: 20px !important;}&#8221;][vc_column_text]\n<div class=\"flex flex-grow flex-col gap-3 max-w-full\">\n  <div class=\"min-h-[20px] flex flex-col items-start gap-3 whitespace-pre-wrap break-words overflow-x-auto\">\n    <div class=\"markdown prose w-full break-words dark:prose-invert dark\">\n      <h2>Polar55<\/h2>\n      <p>Polar55 \u00e4r ett webbhotellsf\u00f6retag. Vi fokuserar p\u00e5 enkla webbhotellsl\u00f6sningar som alla kan f\u00f6rst\u00e5, \u00e4ven om du aldrig har arbetat med webbplatser och webbhotell tidigare.<\/p>\n      <p>Supporten hos Polar55 \u00e4r personlig och jordn\u00e4ra. Vi publicerar regelbundet videoguider f\u00f6r de mest anv\u00e4nda och efterfr\u00e5gade funktionerna p\u00e5 v\u00e5r webbhotellplattform, s\u00e5 att v\u00e5ra kunder kan titta p\u00e5 dessa om de beh\u00f6ver hj\u00e4lp.<\/p>\n      <p>Polar55 drivs av sina grundare Michael Storm och Thomas Iversen, tillsammans med ett litet team av supportpersonal och en serveradministrat\u00f6r.<\/p>\n      <p>Michael har en examen inom multimediadesign, vilket ger honom expertis inom b\u00e5de frontend- och backend-utveckling samt grafisk design. Sedan 2011 har hans fokus legat p\u00e5 WordPress-webbplatser, WooCommerce-onlinebutiker och grafiska l\u00f6sningar skapade i Photoshop och InDesign.<\/p>\n      <p>Michael l\u00e4gger stor vikt vid kundn\u00f6jdhet, eftersom det bidrar till f\u00f6retagets framtid. Han tror att n\u00f6jda kunder \u00e4r mer ben\u00e4gna att rekommendera v\u00e4nner och bekanta som ocks\u00e5 s\u00f6ker en p\u00e5litlig partner. D\u00e4rf\u00f6r \u00e4r det av h\u00f6gsta prioritet att leverera professionella l\u00f6sningar som uppfyller kundens f\u00f6rv\u00e4ntningar.<\/p>\n      <p>Thomas \u00e4r en utbildad civilingenj\u00f6r och har arbetat med online-media sedan 2010. Han \u00e4r mannen bakom flera webbplatser, inklusive en stor plattform som erbjuder online IT-kurser.<\/p>\n      <p>Thomas \u00e4r en WordPress-specialist och har till och med skrivit en e-bok om detta CMS.<\/p>\n    <\/div>\n  <\/div>\n<\/div>[\/vc_column_text][vc_separator css=&#8221;.vc_custom_1569317247994{margin-top: 30px !important;margin-bottom: 30px !important;}&#8221;][vc_column_text]<div class=\"vc_row wpb_row vc_inner vc_row-fluid greyscale staff-imgs\"><div class=\"wpb_column vc_column_container vc_col-sm-6\"><div class=\"vc_column-inner\"><div class=\"wpb_wrapper\">\n            <style>\n          .p55-margins {\n            margin-top: 25px;\n            margin-left: 40px;\n            margin-right: 40px;\n          }\n        \n          @media (max-width: 920px) {\n            .p55-margins {\n              margin-left: 0;\n              margin-right: 0;\n            }\n          }\n        <\/style>\n      <div class=\"wpb_single_image wpb_content_element vc_align_center p55-margins\">\n        <h2 class=\"wpb_heading wpb_singleimage_heading\" style=\"margin-bottom:10px;\">Michael<\/h2>\n        <figure class=\"wpb_wrapper vc_figure\">\n          <div class=\"vc_single_image-wrapper vc_box_border_grey\">\n            <img fetchpriority=\"high\" decoding=\"async\" src=\"https:\/\/polar55.com\/wp-content\/uploads\/2023\/06\/michael.png\" alt=\"\" title=\"michael\">\n          <\/div>\n        <\/figure>\n      <\/div>\n      <div class=\"wpb_text_column wpb_content_element \">\n        <div class=\"wpb_wrapper\">\n          <p style=\"text-align: center;margin-top:5px;\"><em>Partner, Teknisk- och supportchef<\/em><\/p>\n        <\/div>\n      <\/div>\n    <\/div><\/div><\/div><div class=\"wpb_column vc_column_container vc_col-sm-6\"><div class=\"vc_column-inner\"><div class=\"wpb_wrapper\">\n            <style>\n          .p55-margins {\n            margin-top: 25px;\n            margin-left: 40px;\n            margin-right: 40px;\n          }\n        \n          @media (max-width: 920px) {\n            .p55-margins {\n              margin-left: 0;\n              margin-right: 0;\n            }\n          }\n        <\/style>\n      <div class=\"wpb_single_image wpb_content_element vc_align_center p55-margins\">\n        <h2 class=\"wpb_heading wpb_singleimage_heading\" style=\"margin-bottom:10px;\">Thomas<\/h2>\n        <figure class=\"wpb_wrapper vc_figure\">\n          <div class=\"vc_single_image-wrapper vc_box_border_grey\">\n            <img decoding=\"async\" src=\"https:\/\/polar55.com\/wp-content\/uploads\/2023\/06\/thomas.png\" alt=\"\" title=\"thomas\">\n          <\/div>\n        <\/figure>\n      <\/div>\n      <div class=\"wpb_text_column wpb_content_element \">\n        <div class=\"wpb_wrapper\">\n          <p style=\"text-align: center;margin-top:5px;\"><em>Partner, F\u00f6rs\u00e4ljningschef<\/em><\/p>\n        <\/div>\n      <\/div>\n    <\/div><\/div><\/div><\/div><div class=\"vc_row wpb_row vc_inner vc_row-fluid greyscale staff-imgs\"><div class=\"wpb_column vc_column_container vc_col-sm-6\"><div class=\"vc_column-inner\"><div class=\"wpb_wrapper\">\n            <style>\n          .p55-margins {\n            margin-top: 25px;\n            margin-left: 40px;\n            margin-right: 40px;\n          }\n        \n          @media (max-width: 920px) {\n            .p55-margins {\n              margin-left: 0;\n              margin-right: 0;\n            }\n          }\n        <\/style>\n      <div class=\"wpb_single_image wpb_content_element vc_align_center p55-margins\">\n        <h2 class=\"wpb_heading wpb_singleimage_heading\" style=\"margin-bottom:10px;\">Michael<\/h2>\n        <figure class=\"wpb_wrapper vc_figure\">\n          <div class=\"vc_single_image-wrapper vc_box_border_grey\">\n            <img decoding=\"async\" src=\"https:\/\/polar55.com\/wp-content\/uploads\/2024\/07\/profile-pic-3-300x300-1.png\" alt=\"\" title=\"profile-pic-3-300x300\">\n          <\/div>\n        <\/figure>\n      <\/div>\n      <div class=\"wpb_text_column wpb_content_element \">\n        <div class=\"wpb_wrapper\">\n          <p style=\"text-align: center;margin-top:5px;\"><em>Serveradministrat\u00f6r<\/em><\/p>\n        <\/div>\n      <\/div>\n    <\/div><\/div><\/div><div class=\"wpb_column vc_column_container vc_col-sm-6\"><div class=\"vc_column-inner\"><div class=\"wpb_wrapper\">\n            <style>\n          .p55-margins {\n            margin-top: 25px;\n            margin-left: 40px;\n            margin-right: 40px;\n          }\n        \n          @media (max-width: 920px) {\n            .p55-margins {\n              margin-left: 0;\n              margin-right: 0;\n            }\n          }\n        <\/style>\n      <div class=\"wpb_single_image wpb_content_element vc_align_center p55-margins\">\n        <h2 class=\"wpb_heading wpb_singleimage_heading\" style=\"margin-bottom:10px;\">Kevin<\/h2>\n        <figure class=\"wpb_wrapper vc_figure\">\n          <div class=\"vc_single_image-wrapper vc_box_border_grey\">\n            <img loading=\"lazy\" decoding=\"async\" src=\"https:\/\/polar55.com\/wp-content\/uploads\/2024\/07\/profile-pic-1-300x300-1.png\" alt=\"\" title=\"profile-pic-1-300x300\">\n          <\/div>\n        <\/figure>\n      <\/div>\n      <div class=\"wpb_text_column wpb_content_element \">\n        <div class=\"wpb_wrapper\">\n          <p style=\"text-align: center;margin-top:5px;\"><em>Support<\/em><\/p>\n        <\/div>\n      <\/div>\n    <\/div><\/div><\/div><\/div><div class=\"vc_row wpb_row vc_inner vc_row-fluid greyscale staff-imgs\"><div class=\"wpb_column vc_column_container vc_col-sm-6\"><div class=\"vc_column-inner\"><div class=\"wpb_wrapper\">\n            <style>\n          .p55-margins {\n            margin-top: 25px;\n            margin-left: 40px;\n            margin-right: 40px;\n          }\n        \n          @media (max-width: 920px) {\n            .p55-margins {\n              margin-left: 0;\n              margin-right: 0;\n            }\n          }\n        <\/style>\n      <div class=\"wpb_single_image wpb_content_element vc_align_center p55-margins\">\n        <h2 class=\"wpb_heading wpb_singleimage_heading\" style=\"margin-bottom:10px;\">Dariusz<\/h2>\n        <figure class=\"wpb_wrapper vc_figure\">\n          <div class=\"vc_single_image-wrapper vc_box_border_grey\">\n            <img loading=\"lazy\" decoding=\"async\" src=\"https:\/\/polar55.com\/wp-content\/uploads\/2024\/12\/dariouz.png\" alt=\"\" title=\"dariouz\">\n          <\/div>\n        <\/figure>\n      <\/div>\n      <div class=\"wpb_text_column wpb_content_element \">\n        <div class=\"wpb_wrapper\">\n          <p style=\"text-align: center;margin-top:5px;\"><em>Support<\/em><\/p>\n        <\/div>\n      <\/div>\n    <\/div><\/div><\/div><div class=\"wpb_column vc_column_container vc_col-sm-6\"><div class=\"vc_column-inner\"><div class=\"wpb_wrapper\">\n            <style>\n          .p55-margins {\n            margin-top: 25px;\n            margin-left: 40px;\n            margin-right: 40px;\n          }\n        \n          @media (max-width: 920px) {\n            .p55-margins {\n              margin-left: 0;\n              margin-right: 0;\n            }\n          }\n        <\/style>\n      <div class=\"wpb_single_image wpb_content_element vc_align_center p55-margins\">\n        <h2 class=\"wpb_heading wpb_singleimage_heading\" style=\"margin-bottom:10px;\">Ivan<\/h2>\n        <figure class=\"wpb_wrapper vc_figure\">\n          <div class=\"vc_single_image-wrapper vc_box_border_grey\">\n            <img loading=\"lazy\" decoding=\"async\" src=\"https:\/\/polar55.com\/wp-content\/uploads\/2025\/10\/ivan-round.png\" alt=\"\" title=\"ivan-round\">\n          <\/div>\n        <\/figure>\n      <\/div>\n      <div class=\"wpb_text_column wpb_content_element \">\n        <div class=\"wpb_wrapper\">\n          <p style=\"text-align: center;margin-top:5px;\"><em>Support<\/em><\/p>\n        <\/div>\n      <\/div>\n    <\/div><\/div><\/div><\/div>[\/vc_column_text][\/vc_column][vc_column width=&#8221;1\/3&#8243; css=&#8221;.vc_custom_1566982972264{padding-left: 120px !important;}&#8221;][vc_column_text]\n    <p style=\"text-align: left;\">\n        <strong>Kontakt<\/strong><br>\n        Polar55<br>\n        Kungsbro Strand 29<br>\n        112 26 Stockholm<br>\n        kontakt@polar55.se\n    <\/p>\n    <p style=\"text-align: left;\">En del av det danska f\u00f6retaget Nordicway ApS<br>Moms: DK40745769<\/p>[\/vc_column_text][\/vc_column][\/vc_row]<\/p>\n<\/div>","protected":false},"excerpt":{"rendered":"<p>[vc_row css=&#8221;.vc_custom_1722411745676{padding-top: 40px !important;padding-bottom: 40px !important;}&#8221;][vc_column width=&#8221;2\/3&#8243; css=&#8221;.vc_custom_1566982451471{margin-bottom: 20px !important;}&#8221;][vc_column_text][\/vc_column_text][vc_separator css=&#8221;.vc_custom_1569317247994{margin-top: 30px !important;margin-bottom: 30px !important;}&#8221;][vc_column_text][\/vc_column_text][\/vc_column][vc_column width=&#8221;1\/3&#8243; css=&#8221;.vc_custom_1566982972264{padding-left: 120px !important;}&#8221;][vc_column_text][\/vc_column_text][\/vc_column][\/vc_row]<\/p>\n","protected":false},"author":1,"featured_media":6589,"parent":0,"menu_order":0,"comment_status":"closed","ping_status":"closed","template":"","meta":{"_acf_changed":false,"footnotes":""},"class_list":["post-5870","page","type-page","status-publish","has-post-thumbnail","hentry"],"acf":[],"yoast_head":"<!-- This site is optimized with the Yoast SEO plugin v26.8 - https:\/\/yoast.com\/product\/yoast-seo-wordpress\/ -->\n<title>Om Polar55 | Kanske den b\u00e4sta webbhotellstj\u00e4nsten<\/title>\n<meta name=\"description\" content=\"H\u00e4r kan du l\u00e4sa mer om Polar55. L\u00e4r dig mer om vem som st\u00e5r bakom Polar55 och vad vi st\u00e5r f\u00f6r innan du v\u00e4ljer din webbhotellleverant\u00f6r.\" \/>\n<meta name=\"robots\" content=\"index, follow, max-snippet:-1, max-image-preview:large, max-video-preview:-1\" \/>\n<link rel=\"canonical\" href=\"https:\/\/polar55.com\/se\/om-polar55\/\" \/>\n<meta property=\"og:locale\" content=\"en_US\" \/>\n<meta property=\"og:type\" content=\"article\" \/>\n<meta property=\"og:title\" content=\"Om Polar55 | Kanske den b\u00e4sta webbhotellstj\u00e4nsten\" \/>\n<meta property=\"og:description\" content=\"H\u00e4r kan du l\u00e4sa mer om Polar55. L\u00e4r dig mer om vem som st\u00e5r bakom Polar55 och vad vi st\u00e5r f\u00f6r innan du v\u00e4ljer din webbhotellleverant\u00f6r.\" \/>\n<meta property=\"og:url\" content=\"https:\/\/polar55.com\/se\/om-polar55\/\" \/>\n<meta property=\"og:site_name\" content=\"Polar55\" \/>\n<meta property=\"article:modified_time\" content=\"2025-10-22T09:08:16+00:00\" \/>\n<meta property=\"og:image\" content=\"https:\/\/polar55.com\/wp-content\/uploads\/2024\/11\/logo-square.png\" \/>\n\t<meta property=\"og:image:width\" content=\"400\" \/>\n\t<meta property=\"og:image:height\" content=\"400\" \/>\n\t<meta property=\"og:image:type\" content=\"image\/png\" \/>\n<meta name=\"twitter:card\" content=\"summary_large_image\" \/>\n<meta name=\"twitter:label1\" content=\"Est. reading time\" \/>\n\t<meta name=\"twitter:data1\" content=\"1 minute\" \/>\n<script type=\"application\/ld+json\" class=\"yoast-schema-graph\">{\"@context\":\"https:\/\/schema.org\",\"@graph\":[{\"@type\":\"WebPage\",\"@id\":\"https:\/\/polar55.com\/se\/om-polar55\/\",\"url\":\"https:\/\/polar55.com\/se\/om-polar55\/\",\"name\":\"Om Polar55 | Kanske den b\u00e4sta webbhotellstj\u00e4nsten\",\"isPartOf\":{\"@id\":\"https:\/\/polar55.com\/se\/#website\"},\"primaryImageOfPage\":{\"@id\":\"https:\/\/polar55.com\/se\/om-polar55\/#primaryimage\"},\"image\":{\"@id\":\"https:\/\/polar55.com\/se\/om-polar55\/#primaryimage\"},\"thumbnailUrl\":\"https:\/\/polar55.com\/wp-content\/uploads\/2024\/11\/logo-square.png\",\"datePublished\":\"2019-08-28T08:42:17+00:00\",\"dateModified\":\"2025-10-22T09:08:16+00:00\",\"description\":\"H\u00e4r kan du l\u00e4sa mer om Polar55. L\u00e4r dig mer om vem som st\u00e5r bakom Polar55 och vad vi st\u00e5r f\u00f6r innan du v\u00e4ljer din webbhotellleverant\u00f6r.\",\"breadcrumb\":{\"@id\":\"https:\/\/polar55.com\/se\/om-polar55\/#breadcrumb\"},\"inLanguage\":\"se-SE\",\"potentialAction\":[{\"@type\":\"ReadAction\",\"target\":[\"https:\/\/polar55.com\/se\/om-polar55\/\"]}]},{\"@type\":\"ImageObject\",\"inLanguage\":\"se-SE\",\"@id\":\"https:\/\/polar55.com\/se\/om-polar55\/#primaryimage\",\"url\":\"https:\/\/polar55.com\/wp-content\/uploads\/2024\/11\/logo-square.png\",\"contentUrl\":\"https:\/\/polar55.com\/wp-content\/uploads\/2024\/11\/logo-square.png\",\"width\":400,\"height\":400},{\"@type\":\"BreadcrumbList\",\"@id\":\"https:\/\/polar55.com\/se\/om-polar55\/#breadcrumb\",\"itemListElement\":[{\"@type\":\"ListItem\",\"position\":1,\"name\":\"Hjem\",\"item\":\"https:\/\/polar55.com\/se\/\"},{\"@type\":\"ListItem\",\"position\":2,\"name\":\"Om polar55\"}]},{\"@type\":\"WebSite\",\"@id\":\"https:\/\/polar55.com\/se\/#website\",\"url\":\"https:\/\/polar55.com\/se\/\",\"name\":\"Polar55\",\"description\":\"cheap hosting and domains\",\"potentialAction\":[{\"@type\":\"SearchAction\",\"target\":{\"@type\":\"EntryPoint\",\"urlTemplate\":\"https:\/\/polar55.com\/se\/?s={search_term_string}\"},\"query-input\":{\"@type\":\"PropertyValueSpecification\",\"valueRequired\":true,\"valueName\":\"search_term_string\"}}],\"inLanguage\":\"se-SE\"}]}<\/script>\n<!-- \/ Yoast SEO plugin. -->","yoast_head_json":{"title":"Om Polar55 | Kanske den b\u00e4sta webbhotellstj\u00e4nsten","description":"H\u00e4r kan du l\u00e4sa mer om Polar55. L\u00e4r dig mer om vem som st\u00e5r bakom Polar55 och vad vi st\u00e5r f\u00f6r innan du v\u00e4ljer din webbhotellleverant\u00f6r.","robots":{"index":"index","follow":"follow","max-snippet":"max-snippet:-1","max-image-preview":"max-image-preview:large","max-video-preview":"max-video-preview:-1"},"canonical":"https:\/\/polar55.com\/se\/om-polar55\/","og_locale":"en_US","og_type":"article","og_title":"Om Polar55 | Kanske den b\u00e4sta webbhotellstj\u00e4nsten","og_description":"H\u00e4r kan du l\u00e4sa mer om Polar55. L\u00e4r dig mer om vem som st\u00e5r bakom Polar55 och vad vi st\u00e5r f\u00f6r innan du v\u00e4ljer din webbhotellleverant\u00f6r.","og_url":"https:\/\/polar55.com\/se\/om-polar55\/","og_site_name":"Polar55","article_modified_time":"2025-10-22T09:08:16+00:00","og_image":[{"width":400,"height":400,"url":"https:\/\/polar55.com\/wp-content\/uploads\/2024\/11\/logo-square.png","type":"image\/png"}],"twitter_card":"summary_large_image","twitter_misc":{"Est. reading time":"1 minute"},"schema":{"@context":"https:\/\/schema.org","@graph":[{"@type":"WebPage","@id":"https:\/\/polar55.com\/se\/om-polar55\/","url":"https:\/\/polar55.com\/se\/om-polar55\/","name":"Om Polar55 | Kanske den b\u00e4sta webbhotellstj\u00e4nsten","isPartOf":{"@id":"https:\/\/polar55.com\/se\/#website"},"primaryImageOfPage":{"@id":"https:\/\/polar55.com\/se\/om-polar55\/#primaryimage"},"image":{"@id":"https:\/\/polar55.com\/se\/om-polar55\/#primaryimage"},"thumbnailUrl":"https:\/\/polar55.com\/wp-content\/uploads\/2024\/11\/logo-square.png","datePublished":"2019-08-28T08:42:17+00:00","dateModified":"2025-10-22T09:08:16+00:00","description":"H\u00e4r kan du l\u00e4sa mer om Polar55. L\u00e4r dig mer om vem som st\u00e5r bakom Polar55 och vad vi st\u00e5r f\u00f6r innan du v\u00e4ljer din webbhotellleverant\u00f6r.","breadcrumb":{"@id":"https:\/\/polar55.com\/se\/om-polar55\/#breadcrumb"},"inLanguage":"se-SE","potentialAction":[{"@type":"ReadAction","target":["https:\/\/polar55.com\/se\/om-polar55\/"]}]},{"@type":"ImageObject","inLanguage":"se-SE","@id":"https:\/\/polar55.com\/se\/om-polar55\/#primaryimage","url":"https:\/\/polar55.com\/wp-content\/uploads\/2024\/11\/logo-square.png","contentUrl":"https:\/\/polar55.com\/wp-content\/uploads\/2024\/11\/logo-square.png","width":400,"height":400},{"@type":"BreadcrumbList","@id":"https:\/\/polar55.com\/se\/om-polar55\/#breadcrumb","itemListElement":[{"@type":"ListItem","position":1,"name":"Hjem","item":"https:\/\/polar55.com\/se\/"},{"@type":"ListItem","position":2,"name":"Om polar55"}]},{"@type":"WebSite","@id":"https:\/\/polar55.com\/se\/#website","url":"https:\/\/polar55.com\/se\/","name":"Polar55","description":"cheap hosting and domains","potentialAction":[{"@type":"SearchAction","target":{"@type":"EntryPoint","urlTemplate":"https:\/\/polar55.com\/se\/?s={search_term_string}"},"query-input":{"@type":"PropertyValueSpecification","valueRequired":true,"valueName":"search_term_string"}}],"inLanguage":"se-SE"}]}},"_links":{"self":[{"href":"https:\/\/polar55.com\/se\/wp-json\/wp\/v2\/pages\/5870","targetHints":{"allow":["GET"]}}],"collection":[{"href":"https:\/\/polar55.com\/se\/wp-json\/wp\/v2\/pages"}],"about":[{"href":"https:\/\/polar55.com\/se\/wp-json\/wp\/v2\/types\/page"}],"author":[{"embeddable":true,"href":"https:\/\/polar55.com\/se\/wp-json\/wp\/v2\/users\/1"}],"replies":[{"embeddable":true,"href":"https:\/\/polar55.com\/se\/wp-json\/wp\/v2\/comments?post=5870"}],"version-history":[{"count":24,"href":"https:\/\/polar55.com\/se\/wp-json\/wp\/v2\/pages\/5870\/revisions"}],"predecessor-version":[{"id":8824,"href":"https:\/\/polar55.com\/se\/wp-json\/wp\/v2\/pages\/5870\/revisions\/8824"}],"wp:featuredmedia":[{"embeddable":true,"href":"https:\/\/polar55.com\/se\/wp-json\/wp\/v2\/media\/6589"}],"wp:attachment":[{"href":"https:\/\/polar55.com\/se\/wp-json\/wp\/v2\/media?parent=5870"}],"curies":[{"name":"wp","href":"https:\/\/api.w.org\/{rel}","templated":true}]}}