{"id":9464,"date":"2020-01-06T14:03:26","date_gmt":"2020-01-06T14:03:26","guid":{"rendered":"https:\/\/polar55.com\/oppgradering\/"},"modified":"2026-02-06T11:37:58","modified_gmt":"2026-02-06T11:37:58","slug":"oppgradering","status":"publish","type":"page","link":"https:\/\/polar55.com\/no\/oppgradering\/","title":{"rendered":"Oppgradering"},"content":{"rendered":"<div class=\"wpb-content-wrapper\"><p>[vc_row css=&raquo;.vc_custom_1722415314867{padding-top: 40px !important;padding-bottom: 40px !important;}&raquo;][vc_column width=&raquo;2\/3&#8243; css=&raquo;.vc_custom_1566982451471{margin-bottom: 20px !important;}&raquo;][vc_column_text]\nSom standard f\u00e5r du 10GB diskplass, 2GB RAM-minne og 200% CPU \/ 2 kjerner med v\u00e5r standard Plus+ webhotellpakke.<br><br>\nFor de fleste brukere er dette mer enn tilstrekkelig, men hvis du skulle trenge mer plass eller bedre ytelse, finnes det alternativer som dekker behovene dine.<br><br>\nN\u00e5r behovet oppst\u00e5r, kan du oppgradere til f\u00f8lgende pakker, som gir b\u00e5de mer diskplass og forbedret serverytelse.<br><br>\n<\/p>\n<p>\n    <strong>Plus+ Pro<\/strong>\n    <p>Med denne oppgraderingen f\u00e5r du:<\/p>\n    <ul>\n    <li><b>Diskplass:<\/b> 20 GB<\/li>\n<li><b>CPU:<\/b> 400% \/ 4 kjerner<\/li>\n<li><b>RAM:<\/b> 3 GB<\/li>\n<li><b>Maks. prosesser:<\/b> 200<\/li>\n    <\/ul>\n    <p>Alt annet forblir uendret.<\/p>\n    Pris: 98,00 kr \/ m\u00e5ned.<\/p>\n<p>\n<strong>Plus+ Enterprise<\/strong>\n<p>Med denne oppgraderingen f\u00e5r du:<\/p>\n<ul>\n    <li><b>Diskplass:<\/b> 40 GB<\/li>\n<li><b>CPU:<\/b> 500% \/ 5 kjerner<\/li>\n<li><b>RAM:<\/b> 5 GB<\/li>\n<li><b>Maks. prosesser:<\/b> 200<\/li>\n<\/ul>\n<p>Alt annet forblir uendret.<\/p>\nPris:\n 196,00 kr \/ m\u00e5ned.<\/p>\n<p>\n    <strong>Plus+ VIP<\/strong>\n    <p>Med denne oppgraderingen f\u00e5r du:<\/p>\n    <ul>\n    <li><b>Diskplass:<\/b> 100 GB<\/li>\n    <li><b>CPU:<\/b> 500% \/ 5 kjerner<\/li>\n    <li><b>RAM:<\/b> 5 GB<\/li>\n    <li><b>Maks. prosesser:<\/b> 200<\/li>\n    <\/ul>\n    <p>Alt annet forblir uendret.<\/p>\n    Pris: 490,00 kr \/ m\u00e5ned.[\/vc_column_text][\/vc_column][vc_column width=&raquo;1\/3&#8243; css=&raquo;.vc_custom_1566982972264{padding-left: 120px !important;}&raquo;][vc_column_text]\n    <p style=\"text-align: left;\"><strong>Har du sp\u00f8rsm\u00e5l om oppgraderingsalternativene?<\/strong><br>\n    Kontakt oss p\u00e5 <a href=\"mailto:support@polar55.com\" target=\"_new\" rel=\"noopener\">support@polar55.com<\/a><br>\n    Eller skriv til oss <a href=\"\/client\/submitticket.php?language=norwegian\" target=\"_new\" rel=\"noopener\">her<\/a>.<\/p>\n    [\/vc_column_text][\/vc_column][\/vc_row]<\/p>\n<\/div>","protected":false},"excerpt":{"rendered":"<p>[vc_row css=&raquo;.vc_custom_1722415314867{padding-top: 40px !important;padding-bottom: 40px !important;}&raquo;][vc_column width=&raquo;2\/3&#8243; css=&raquo;.vc_custom_1566982451471{margin-bottom: 20px !important;}&raquo;][vc_column_text] \/ m\u00e5ned. \/ m\u00e5ned. \/ m\u00e5ned.[\/vc_column_text][\/vc_column][vc_column width=&raquo;1\/3&#8243; css=&raquo;.vc_custom_1566982972264{padding-left: 120px !important;}&raquo;][vc_column_text][\/vc_column_text][\/vc_column][\/vc_row]<\/p>\n","protected":false},"author":2,"featured_media":0,"parent":0,"menu_order":0,"comment_status":"closed","ping_status":"closed","template":"","meta":{"_acf_changed":false,"footnotes":""},"class_list":["post-9464","page","type-page","status-publish","hentry"],"acf":[],"yoast_head":"<!-- This site is optimized with the Yoast SEO plugin v26.8 - https:\/\/yoast.com\/product\/yoast-seo-wordpress\/ -->\n<title>Oppgradering<\/title>\n<meta name=\"description\" content=\"Her kan du lese mer om oppgraderingsmulighetene du har med et webhotell hos Polar55. Skalere hostingkontoen din om n\u00f8dvendig.\" \/>\n<meta name=\"robots\" content=\"index, follow, max-snippet:-1, max-image-preview:large, max-video-preview:-1\" \/>\n<link rel=\"canonical\" href=\"https:\/\/polar55.com\/no\/oppgradering\/\" \/>\n<meta property=\"og:locale\" content=\"nb_NO\" \/>\n<meta property=\"og:type\" content=\"article\" \/>\n<meta property=\"og:title\" content=\"Oppgradering\" \/>\n<meta property=\"og:description\" content=\"Her kan du lese mer om oppgraderingsmulighetene du har med et webhotell hos Polar55. Skalere hostingkontoen din om n\u00f8dvendig.\" \/>\n<meta property=\"og:url\" content=\"https:\/\/polar55.com\/no\/oppgradering\/\" \/>\n<meta property=\"og:site_name\" content=\"Polar55\" \/>\n<meta property=\"article:modified_time\" content=\"2026-02-06T11:37:58+00:00\" \/>\n<meta name=\"twitter:card\" content=\"summary_large_image\" \/>\n<meta name=\"twitter:label1\" content=\"Ansl. lesetid\" \/>\n\t<meta name=\"twitter:data1\" content=\"1 minutt\" \/>\n<script type=\"application\/ld+json\" class=\"yoast-schema-graph\">{\"@context\":\"https:\/\/schema.org\",\"@graph\":[{\"@type\":\"WebPage\",\"@id\":\"https:\/\/polar55.com\/no\/oppgradering\/\",\"url\":\"https:\/\/polar55.com\/no\/oppgradering\/\",\"name\":\"Oppgradering\",\"isPartOf\":{\"@id\":\"https:\/\/polar55.com\/no\/#website\"},\"datePublished\":\"2020-01-06T14:03:26+00:00\",\"dateModified\":\"2026-02-06T11:37:58+00:00\",\"description\":\"Her kan du lese mer om oppgraderingsmulighetene du har med et webhotell hos Polar55. Skalere hostingkontoen din om n\u00f8dvendig.\",\"breadcrumb\":{\"@id\":\"https:\/\/polar55.com\/no\/oppgradering\/#breadcrumb\"},\"inLanguage\":\"nb-NO\",\"potentialAction\":[{\"@type\":\"ReadAction\",\"target\":[\"https:\/\/polar55.com\/no\/oppgradering\/\"]}]},{\"@type\":\"BreadcrumbList\",\"@id\":\"https:\/\/polar55.com\/no\/oppgradering\/#breadcrumb\",\"itemListElement\":[{\"@type\":\"ListItem\",\"position\":1,\"name\":\"Hjem\",\"item\":\"https:\/\/polar55.com\/no\/\"},{\"@type\":\"ListItem\",\"position\":2,\"name\":\"Oppgradering\"}]},{\"@type\":\"WebSite\",\"@id\":\"https:\/\/polar55.com\/no\/#website\",\"url\":\"https:\/\/polar55.com\/no\/\",\"name\":\"Polar55\",\"description\":\"cheap hosting and domains\",\"potentialAction\":[{\"@type\":\"SearchAction\",\"target\":{\"@type\":\"EntryPoint\",\"urlTemplate\":\"https:\/\/polar55.com\/no\/?s={search_term_string}\"},\"query-input\":{\"@type\":\"PropertyValueSpecification\",\"valueRequired\":true,\"valueName\":\"search_term_string\"}}],\"inLanguage\":\"nb-NO\"}]}<\/script>\n<!-- \/ Yoast SEO plugin. -->","yoast_head_json":{"title":"Oppgradering","description":"Her kan du lese mer om oppgraderingsmulighetene du har med et webhotell hos Polar55. Skalere hostingkontoen din om n\u00f8dvendig.","robots":{"index":"index","follow":"follow","max-snippet":"max-snippet:-1","max-image-preview":"max-image-preview:large","max-video-preview":"max-video-preview:-1"},"canonical":"https:\/\/polar55.com\/no\/oppgradering\/","og_locale":"nb_NO","og_type":"article","og_title":"Oppgradering","og_description":"Her kan du lese mer om oppgraderingsmulighetene du har med et webhotell hos Polar55. Skalere hostingkontoen din om n\u00f8dvendig.","og_url":"https:\/\/polar55.com\/no\/oppgradering\/","og_site_name":"Polar55","article_modified_time":"2026-02-06T11:37:58+00:00","twitter_card":"summary_large_image","twitter_misc":{"Ansl. lesetid":"1 minutt"},"schema":{"@context":"https:\/\/schema.org","@graph":[{"@type":"WebPage","@id":"https:\/\/polar55.com\/no\/oppgradering\/","url":"https:\/\/polar55.com\/no\/oppgradering\/","name":"Oppgradering","isPartOf":{"@id":"https:\/\/polar55.com\/no\/#website"},"datePublished":"2020-01-06T14:03:26+00:00","dateModified":"2026-02-06T11:37:58+00:00","description":"Her kan du lese mer om oppgraderingsmulighetene du har med et webhotell hos Polar55. Skalere hostingkontoen din om n\u00f8dvendig.","breadcrumb":{"@id":"https:\/\/polar55.com\/no\/oppgradering\/#breadcrumb"},"inLanguage":"nb-NO","potentialAction":[{"@type":"ReadAction","target":["https:\/\/polar55.com\/no\/oppgradering\/"]}]},{"@type":"BreadcrumbList","@id":"https:\/\/polar55.com\/no\/oppgradering\/#breadcrumb","itemListElement":[{"@type":"ListItem","position":1,"name":"Hjem","item":"https:\/\/polar55.com\/no\/"},{"@type":"ListItem","position":2,"name":"Oppgradering"}]},{"@type":"WebSite","@id":"https:\/\/polar55.com\/no\/#website","url":"https:\/\/polar55.com\/no\/","name":"Polar55","description":"cheap hosting and domains","potentialAction":[{"@type":"SearchAction","target":{"@type":"EntryPoint","urlTemplate":"https:\/\/polar55.com\/no\/?s={search_term_string}"},"query-input":{"@type":"PropertyValueSpecification","valueRequired":true,"valueName":"search_term_string"}}],"inLanguage":"nb-NO"}]}},"_links":{"self":[{"href":"https:\/\/polar55.com\/no\/wp-json\/wp\/v2\/pages\/9464","targetHints":{"allow":["GET"]}}],"collection":[{"href":"https:\/\/polar55.com\/no\/wp-json\/wp\/v2\/pages"}],"about":[{"href":"https:\/\/polar55.com\/no\/wp-json\/wp\/v2\/types\/page"}],"author":[{"embeddable":true,"href":"https:\/\/polar55.com\/no\/wp-json\/wp\/v2\/users\/2"}],"replies":[{"embeddable":true,"href":"https:\/\/polar55.com\/no\/wp-json\/wp\/v2\/comments?post=9464"}],"version-history":[{"count":6,"href":"https:\/\/polar55.com\/no\/wp-json\/wp\/v2\/pages\/9464\/revisions"}],"predecessor-version":[{"id":9728,"href":"https:\/\/polar55.com\/no\/wp-json\/wp\/v2\/pages\/9464\/revisions\/9728"}],"wp:attachment":[{"href":"https:\/\/polar55.com\/no\/wp-json\/wp\/v2\/media?parent=9464"}],"curies":[{"name":"wp","href":"https:\/\/api.w.org\/{rel}","templated":true}]}}