{"id":9461,"date":"2024-07-31T15:21:00","date_gmt":"2024-07-31T14:21:00","guid":{"rendered":"https:\/\/polar55.com\/derfor-bor-du-velge-oss\/"},"modified":"2026-02-04T16:08:45","modified_gmt":"2026-02-04T16:08:45","slug":"derfor-bor-du-velge-polar55","status":"publish","type":"page","link":"https:\/\/polar55.com\/no\/derfor-bor-du-velge-polar55\/","title":{"rendered":"Derfor b\u00f8r du velge oss"},"content":{"rendered":"<div class=\"wpb-content-wrapper\"><p>[vc_row css=&raquo;.vc_custom_1732818900565{padding-top: 40px !important;padding-bottom: 40px !important;}&raquo;][vc_column width=&raquo;2\/3&#8243; css=&raquo;.vc_custom_1566982451471{margin-bottom: 20px !important;}&raquo;][vc_column_text]\n    <div class=\"markdown prose w-full break-words dark:prose-invert dark\">\n        <p>F\u00f8rst og fremst: takk for at du vurderer \u00e5 bli kunde hos oss!<\/p>\n        <p>Siden du ser p\u00e5 denne siden, antar vi at du er i gang med \u00e5 unders\u00f8ke om webhotellet v\u00e5rt passer for deg.<\/p>\n        <p>Selvsagt er det du som bestemmer om vi er riktig match for deg, men vi h\u00e5per virkelig at du ender opp med \u00e5 registrere deg hos oss. Derfor beskriver vi i denne artikkelen hvorfor vi mener at vi tilbyr det beste webhotellet til kanskje markedets mest overkommelige pris.<\/p>\n        <strong>Prisen<\/strong>\n        <p>N\u00e5r alt kommer til alt, forst\u00e5r vi at prisen er den viktigste faktoren n\u00e5r man velger webhotell.<\/p>\n        <p>Derfor har vi satt prisen slik at du ikke finner et tilsvarende webhotell til samme pris.<\/p>\n        <p>Hos oss trenger du ikke \u00e5 betale ekstra for \u00e5 f\u00e5 tilgang til sikkerhetskopier av nettstedet ditt eller oppgradere for \u00e5 kj\u00f8re WordPress, slik du kanskje m\u00e5 hos andre st\u00f8rre akt\u00f8rer i hostingmarkedet.<\/p>\n        <p>P\u00e5 samme m\u00e5te som oss, gir andre webhotellleverand\u00f8rer rabatt det f\u00f8rste \u00e5ret, men n\u00e5r du ser p\u00e5 prisen for de p\u00e5f\u00f8lgende \u00e5rene, er vi fortsatt blant de rimeligste.<\/p>\n        <strong>Valg og funksjoner<\/strong>\n        <p>Hos oss er alt inkludert \u2013 punktum.<\/p>\n        <p>Du slipper \u00e5 betale ekstra for nye funksjoner eller ting du trodde var inkludert. Med andre ord: ingen dyre overraskelser etter at du blir kunde.<\/p>\n        <p>Det eneste som koster ekstra hos oss, er hvis du \u00f8nsker mer plass \u2013 men sv\u00e6rt f\u00e5 vil ha behov for mer enn plassen som allerede er inkludert.<\/p>\n        <ul>\n            <li>Koster det ekstra \u00e5 f\u00e5 tilgang til sikkerhetskopien din? <strong>Polar55:<\/strong> Nei, det er selvf\u00f8lgelig gratis.<\/li>\n            <li>Kan jeg ha flere nettsteder p\u00e5 samme webhotell? <strong>Polar55:<\/strong> Ja, ubegrenset antall nettsteder og domener.<\/li>\n            <li>Kan jeg ha e-postadresser p\u00e5 alle domenene mine? <strong>Polar55:<\/strong> Ja, absolutt!<\/li>\n            <li>Kan jeg installere WordPress med ett klikk? <strong>Polar55:<\/strong> Ja, det kan du.<\/li>\n            <li>Kan jeg bestemme hvordan plassen fordeles mellom filer og e-post? <strong>Polar55:<\/strong> Ja, du fordeler som du vil.<\/li>\n        <\/ul>\n        <p>Vi h\u00e5per at du ser fordelen med \u00e5 velge oss. Har du flere sp\u00f8rsm\u00e5l eller noe vi kan hjelpe deg med, er du hjertelig velkommen til \u00e5 skrive til oss \u2013 vi svarer 24\/7!<\/p>\n        <p>Med vennlig hilsen,<br>Michael, Thomas og resten av Polar55-teamet<\/p>\n    <\/div>[\/vc_column_text][\/vc_column][vc_column width=&raquo;1\/3&#8243; css=&raquo;.vc_custom_1566982972264{padding-left: 120px !important;}&raquo;][vc_column_text]\n    <p>Har du sp\u00f8rsm\u00e5l om webhotellet v\u00e5rt?<br>\n    Kontakt oss p\u00e5 <a href=\"mailto:kontakt@polar55.com\" target=\"_new\" rel=\"noopener\">kontakt@polar55.com<\/a><br>\n    Eller skriv til oss <a href=\"https:\/\/polar55.com\/client\/submitticket.php?language=norwegian\" target=\"_new\" rel=\"noopener\">her<\/a>.<\/p>\n    [\/vc_column_text][\/vc_column][\/vc_row]<\/p>\n<\/div>","protected":false},"excerpt":{"rendered":"<p>[vc_row css=&raquo;.vc_custom_1732818900565{padding-top: 40px !important;padding-bottom: 40px !important;}&raquo;][vc_column width=&raquo;2\/3&#8243; css=&raquo;.vc_custom_1566982451471{margin-bottom: 20px !important;}&raquo;][vc_column_text][\/vc_column_text][\/vc_column][vc_column width=&raquo;1\/3&#8243; css=&raquo;.vc_custom_1566982972264{padding-left: 120px !important;}&raquo;][vc_column_text][\/vc_column_text][\/vc_column][\/vc_row]<\/p>\n","protected":false},"author":2,"featured_media":0,"parent":0,"menu_order":0,"comment_status":"closed","ping_status":"closed","template":"","meta":{"_acf_changed":false,"footnotes":""},"class_list":["post-9461","page","type-page","status-publish","hentry"],"acf":[],"yoast_head":"<!-- This site is optimized with the Yoast SEO plugin v26.8 - https:\/\/yoast.com\/product\/yoast-seo-wordpress\/ -->\n<title>Derfor b\u00f8r du velge oss - Polar55<\/title>\n<meta name=\"description\" content=\"Er du usikker p\u00e5 hvem du skal velge som hostingleverand\u00f8r? Vi har samlet noen gode argumenter for hvorfor du b\u00f8r velge oss som leverand\u00f8r for nettstedet ditt.\" \/>\n<meta name=\"robots\" content=\"index, follow, max-snippet:-1, max-image-preview:large, max-video-preview:-1\" \/>\n<link rel=\"canonical\" href=\"https:\/\/polar55.com\/no\/derfor-bor-du-velge-polar55\/\" \/>\n<meta property=\"og:locale\" content=\"nb_NO\" \/>\n<meta property=\"og:type\" content=\"article\" \/>\n<meta property=\"og:title\" content=\"Derfor b\u00f8r du velge oss - Polar55\" \/>\n<meta property=\"og:description\" content=\"Er du usikker p\u00e5 hvem du skal velge som hostingleverand\u00f8r? Vi har samlet noen gode argumenter for hvorfor du b\u00f8r velge oss som leverand\u00f8r for nettstedet ditt.\" \/>\n<meta property=\"og:url\" content=\"https:\/\/polar55.com\/no\/derfor-bor-du-velge-polar55\/\" \/>\n<meta property=\"og:site_name\" content=\"Polar55\" \/>\n<meta property=\"article:modified_time\" content=\"2026-02-04T16:08:45+00:00\" \/>\n<meta name=\"twitter:card\" content=\"summary_large_image\" \/>\n<meta name=\"twitter:label1\" content=\"Ansl. lesetid\" \/>\n\t<meta name=\"twitter:data1\" content=\"1 minutt\" \/>\n<script type=\"application\/ld+json\" class=\"yoast-schema-graph\">{\"@context\":\"https:\/\/schema.org\",\"@graph\":[{\"@type\":\"WebPage\",\"@id\":\"https:\/\/polar55.com\/no\/derfor-bor-du-velge-polar55\/\",\"url\":\"https:\/\/polar55.com\/no\/derfor-bor-du-velge-polar55\/\",\"name\":\"Derfor b\u00f8r du velge oss - Polar55\",\"isPartOf\":{\"@id\":\"https:\/\/polar55.com\/no\/#website\"},\"datePublished\":\"2024-07-31T14:21:00+00:00\",\"dateModified\":\"2026-02-04T16:08:45+00:00\",\"description\":\"Er du usikker p\u00e5 hvem du skal velge som hostingleverand\u00f8r? Vi har samlet noen gode argumenter for hvorfor du b\u00f8r velge oss som leverand\u00f8r for nettstedet ditt.\",\"breadcrumb\":{\"@id\":\"https:\/\/polar55.com\/no\/derfor-bor-du-velge-polar55\/#breadcrumb\"},\"inLanguage\":\"nb-NO\",\"potentialAction\":[{\"@type\":\"ReadAction\",\"target\":[\"https:\/\/polar55.com\/no\/derfor-bor-du-velge-polar55\/\"]}]},{\"@type\":\"BreadcrumbList\",\"@id\":\"https:\/\/polar55.com\/no\/derfor-bor-du-velge-polar55\/#breadcrumb\",\"itemListElement\":[{\"@type\":\"ListItem\",\"position\":1,\"name\":\"Hjem\",\"item\":\"https:\/\/polar55.com\/no\/\"},{\"@type\":\"ListItem\",\"position\":2,\"name\":\"Derfor b\u00f8r du velge oss\"}]},{\"@type\":\"WebSite\",\"@id\":\"https:\/\/polar55.com\/no\/#website\",\"url\":\"https:\/\/polar55.com\/no\/\",\"name\":\"Polar55\",\"description\":\"cheap hosting and domains\",\"potentialAction\":[{\"@type\":\"SearchAction\",\"target\":{\"@type\":\"EntryPoint\",\"urlTemplate\":\"https:\/\/polar55.com\/no\/?s={search_term_string}\"},\"query-input\":{\"@type\":\"PropertyValueSpecification\",\"valueRequired\":true,\"valueName\":\"search_term_string\"}}],\"inLanguage\":\"nb-NO\"}]}<\/script>\n<!-- \/ Yoast SEO plugin. -->","yoast_head_json":{"title":"Derfor b\u00f8r du velge oss - Polar55","description":"Er du usikker p\u00e5 hvem du skal velge som hostingleverand\u00f8r? Vi har samlet noen gode argumenter for hvorfor du b\u00f8r velge oss som leverand\u00f8r for nettstedet ditt.","robots":{"index":"index","follow":"follow","max-snippet":"max-snippet:-1","max-image-preview":"max-image-preview:large","max-video-preview":"max-video-preview:-1"},"canonical":"https:\/\/polar55.com\/no\/derfor-bor-du-velge-polar55\/","og_locale":"nb_NO","og_type":"article","og_title":"Derfor b\u00f8r du velge oss - Polar55","og_description":"Er du usikker p\u00e5 hvem du skal velge som hostingleverand\u00f8r? Vi har samlet noen gode argumenter for hvorfor du b\u00f8r velge oss som leverand\u00f8r for nettstedet ditt.","og_url":"https:\/\/polar55.com\/no\/derfor-bor-du-velge-polar55\/","og_site_name":"Polar55","article_modified_time":"2026-02-04T16:08:45+00:00","twitter_card":"summary_large_image","twitter_misc":{"Ansl. lesetid":"1 minutt"},"schema":{"@context":"https:\/\/schema.org","@graph":[{"@type":"WebPage","@id":"https:\/\/polar55.com\/no\/derfor-bor-du-velge-polar55\/","url":"https:\/\/polar55.com\/no\/derfor-bor-du-velge-polar55\/","name":"Derfor b\u00f8r du velge oss - Polar55","isPartOf":{"@id":"https:\/\/polar55.com\/no\/#website"},"datePublished":"2024-07-31T14:21:00+00:00","dateModified":"2026-02-04T16:08:45+00:00","description":"Er du usikker p\u00e5 hvem du skal velge som hostingleverand\u00f8r? Vi har samlet noen gode argumenter for hvorfor du b\u00f8r velge oss som leverand\u00f8r for nettstedet ditt.","breadcrumb":{"@id":"https:\/\/polar55.com\/no\/derfor-bor-du-velge-polar55\/#breadcrumb"},"inLanguage":"nb-NO","potentialAction":[{"@type":"ReadAction","target":["https:\/\/polar55.com\/no\/derfor-bor-du-velge-polar55\/"]}]},{"@type":"BreadcrumbList","@id":"https:\/\/polar55.com\/no\/derfor-bor-du-velge-polar55\/#breadcrumb","itemListElement":[{"@type":"ListItem","position":1,"name":"Hjem","item":"https:\/\/polar55.com\/no\/"},{"@type":"ListItem","position":2,"name":"Derfor b\u00f8r du velge oss"}]},{"@type":"WebSite","@id":"https:\/\/polar55.com\/no\/#website","url":"https:\/\/polar55.com\/no\/","name":"Polar55","description":"cheap hosting and domains","potentialAction":[{"@type":"SearchAction","target":{"@type":"EntryPoint","urlTemplate":"https:\/\/polar55.com\/no\/?s={search_term_string}"},"query-input":{"@type":"PropertyValueSpecification","valueRequired":true,"valueName":"search_term_string"}}],"inLanguage":"nb-NO"}]}},"_links":{"self":[{"href":"https:\/\/polar55.com\/no\/wp-json\/wp\/v2\/pages\/9461","targetHints":{"allow":["GET"]}}],"collection":[{"href":"https:\/\/polar55.com\/no\/wp-json\/wp\/v2\/pages"}],"about":[{"href":"https:\/\/polar55.com\/no\/wp-json\/wp\/v2\/types\/page"}],"author":[{"embeddable":true,"href":"https:\/\/polar55.com\/no\/wp-json\/wp\/v2\/users\/2"}],"replies":[{"embeddable":true,"href":"https:\/\/polar55.com\/no\/wp-json\/wp\/v2\/comments?post=9461"}],"version-history":[{"count":4,"href":"https:\/\/polar55.com\/no\/wp-json\/wp\/v2\/pages\/9461\/revisions"}],"predecessor-version":[{"id":9645,"href":"https:\/\/polar55.com\/no\/wp-json\/wp\/v2\/pages\/9461\/revisions\/9645"}],"wp:attachment":[{"href":"https:\/\/polar55.com\/no\/wp-json\/wp\/v2\/media?parent=9461"}],"curies":[{"name":"wp","href":"https:\/\/api.w.org\/{rel}","templated":true}]}}