{"id":9450,"date":"2024-09-06T13:03:05","date_gmt":"2024-09-06T12:03:05","guid":{"rendered":"https:\/\/polar55.com\/videreselger-hosting-med-polar55\/"},"modified":"2026-02-04T08:30:14","modified_gmt":"2026-02-04T08:30:14","slug":"reseller-webhotell","status":"publish","type":"page","link":"https:\/\/polar55.com\/no\/reseller-webhotell\/","title":{"rendered":"Reseller webhotell med Polar55"},"content":{"rendered":"<div class=\"wpb-content-wrapper\"><p>[vc_section css=&raquo;.vc_custom_1722368650047{background-image: url(https:\/\/polar55.com\/wp-content\/uploads\/2022\/05\/wordpress-webhotel-1-scaled.jpg?id=4283) !important;background-position: center !important;background-repeat: no-repeat !important;background-size: cover !important;}&raquo;][vc_row king_bg_repeat=&raquo;cover&raquo; css=&raquo;.vc_custom_1722368621023{padding-top: 0px !important;padding-bottom: 100px !important;background-position: center !important;background-repeat: no-repeat !important;background-size: cover !important;}&raquo; king_class=&raquo;nwcover&raquo;][vc_column][vc_single_image image=&raquo;9506&#8243; img_size=&raquo;full&raquo; onclick=&raquo;custom_link&raquo; img_link_target=&raquo;_blank&raquo; link=&raquo;https:\/\/www.google.com\/search?q=polar55%20anmeldelser&amp;oq=polar55%20anmeldelser&raquo;][vc_column_text el_class=&raquo;nw-header-font&raquo; css=&raquo;.vc_custom_1734422392558{margin-bottom: 30px !important;}&raquo;]\n    <div style=\"display: inline-block; margin-right: 50px;\">\n        <ul style=\"list-style: none; margin: 0px; color: #3a3a3a; font-weight: 800; line-height: 200%;\">\n            <li>Skal kundene dine hostes p\u00e5 v\u00e5r 5-stjerners webhotelltjeneste?<\/li>\n        <\/ul>\n    <\/div>[\/vc_column_text][vc_column_text el_class=&raquo;nw-header-font&raquo;]\n<strong style=\"font-weight: 900; color: #86c724; text-transform: uppercase;\">\n    <em style=\"font-weight: 900; color: #00062a; font-style: normal; margin-bottom: -10px; display: block;\">FORHANDLER<\/em>HOSTING\n<\/strong>[\/vc_column_text][vc_column_text css=&raquo;.vc_custom_1734422283082{margin-top: 20px !important;margin-bottom: 20px !important;}&raquo;]\n    <div style=\"display: inline-block; margin-right: 50px;\">\n        <ul style=\"list-style: none; margin: 0px; color: #3a3a3a; font-weight: 800; line-height: 200%;\">\n            <li><i class=\"fas fa-check\" style=\"font-size: 14px;\"><\/i> Tilgang til alle kunder fra \u00e9n innlogging<\/li>\n            <li><i class=\"fas fa-check\" style=\"font-size: 14px;\"><\/i> Kundeinnlogging via kundens eget domene<\/li>\n            <li><i class=\"fas fa-check\" style=\"font-size: 14px;\"><\/i> Plasser kundene dine p\u00e5 \u00e9n eller flere hostingkontoer<\/li>\n            <li><i class=\"fas fa-check\" style=\"font-size: 14px;\"><\/i> H\u00f8y sikkerhet med flere lag av sikkerhetskopier<\/li>\n        <\/ul>\n    <\/div>\n    <div style=\"display: inline-block;\">\n        <ul style=\"list-style: none; margin: 0px; color: #3a3a3a; font-weight: 800; line-height: 200%;\">\n            <li><i class=\"fas fa-check\" style=\"font-size: 14px;\"><\/i> WordPress staging &amp; publisering<\/li>\n            <li><i class=\"fas fa-check\" style=\"font-size: 14px;\"><\/i> Lynraske webservere med NVMe SSD-disker<\/li>\n            <li><i class=\"fas fa-check\" style=\"font-size: 14px;\"><\/i> Automatisk skadevareskanning av kundekontoer<\/li>\n            <li><i class=\"fas fa-check\" style=\"font-size: 14px;\"><\/i> Support 24\/7, inkludert helger<\/li>\n        <\/ul>\n    <\/div>[\/vc_column_text][vc_column_text]\n    <a class=\"sbut1\" style=\"transition: none 0s ease 0s; text-align: inherit; line-height: 23px; border-width: 0px; margin: 5px 0px 0px; padding: 12px 22px; letter-spacing: 0px; font-weight: bold; font-size: 18px;\" href=\"\/client\/submitticket.php?language=norwegian\">Kontakt oss i dag!<\/a>[\/vc_column_text][\/vc_column][\/vc_row][\/vc_section][vc_row css=&raquo;.vc_custom_1722368845228{padding-top: 40px !important;}&raquo;][vc_column][vc_raw_html title=&raquo;logoslider&raquo;]JTVCdHJ1c3RwaWxvdCUyMGxhbmclM0QlMjJub3J3ZWdpYW4lMjIlNUQlMEElMEElNUJieHNsaWRlciUyMGxhbmclM0QlMjJub3J3ZWdpYW4lMjIlNUQ=[\/vc_raw_html][\/vc_column][\/vc_row][vc_row king_class=&raquo;host_plans&raquo; el_class=&raquo;host_plans&raquo; css=&raquo;.vc_custom_1722370863935{padding-top: 30px !important;}&raquo;][vc_column][vc_custom_heading text=&raquo;Kvalitetshosting for kundene dine&raquo; font_container=&raquo;tag:h1|text_align:left&raquo; google_fonts=&raquo;font_family:Roboto%3A100%2C100italic%2C300%2C300italic%2Cregular%2Citalic%2C500%2C500italic%2C700%2C700italic%2C900%2C900italic|font_style:700%20bold%20regular%3A700%3Anormal&raquo; el_class=&raquo;caps&raquo;][vc_column_text el_class=&raquo;roboto&raquo;]\n    <p style=\"text-align: left;\"><strong>Hos Polar55 f\u00e5r du som byr\u00e5 eller frilanser et rimelig forhandler-webhotell, hvor verken kvalitet, sikkerhet eller service kompromitteres.<\/strong><\/p>\n    <p style=\"text-align: left;\">Du kan enkelt samle alle kundenes webhotellkontoer under \u00e9n konto hos oss, slik at du f\u00e5r direkte tilgang til dem alle med ett klikk. Samtidig kan kundene logge inn p\u00e5 sin webhotellkonto uavhengig av din konto hvis de \u00f8nsker det, via cpanel.clientdomain.com.<\/p>\n    <p style=\"text-align: left;\">Du kan enten velge \u00e5 plassere kundene dine p\u00e5 individuelle webhotellkontoer, eller optimalisere kostnadene ved \u00e5 plassere dem p\u00e5 \u00e9n felles webhotellkonto, hvor den eneste begrensningen er plass \u2013 som avgj\u00f8r hvor mange kunder du kan hoste med egen e-post og nettside.<\/p>\n    <p style=\"text-align: left;\">Prisen for deg som forhandler er fast, og vi blander oss ikke inn i hvordan du fakturerer tjenestene v\u00e5re videre til kundene dine.<\/p>\n    <p style=\"text-align: left;\">Generelt vil b\u00e5de du og kundene dine ha tilgang til v\u00e5r popul\u00e6re webhotelltjeneste, som inkluderer 5-stjerners support hele uken 24\/7, mulighet for WordPress staging og publisering, gratis SSL, automatisk fjerning av skadevare p\u00e5 kundekontoer via Imunify360 \u00a9, proaktiv brannmur, 14 dager med full lokal sikkerhetskopi samt ekstern sikkerhetskopi av sikkerhetskopien, lynraske Litespeed \u00a9 webservere med NVMe-disker og mye mer\u2026<\/p>\n    <p style=\"text-align: left;\">Vi tilbyr ogs\u00e5 14 dagers full forn\u00f8ydgaranti hvis du vil pr\u00f8ve systemet v\u00e5rt.<\/p>\n    <p style=\"text-align: left;\">Kontakt oss p\u00e5 <strong>support@polar55.com<\/strong> for \u00e5 h\u00f8re mer.<\/p>[\/vc_column_text][\/vc_column][\/vc_row][vc_row king_class=&raquo;host_plans&raquo; el_class=&raquo;host_plans&raquo; css=&raquo;.vc_custom_1722370863935{padding-top: 30px !important;}&raquo;][vc_column][vc_custom_heading text=&raquo;Prising&raquo; font_container=&raquo;tag:h1|text_align:left&raquo; google_fonts=&raquo;font_family:Roboto%3A100%2C100italic%2C300%2C300italic%2Cregular%2Citalic%2C500%2C500italic%2C700%2C700italic%2C900%2C900italic|font_style:700%20bold%20regular%3A700%3Anormal&raquo; el_class=&raquo;caps&raquo;][vc_column_text el_class=&raquo;roboto&raquo;]\n    <p style=\"text-align: left;\"><strong>Stabil lav pris \u2013 ingen overraskelser eller skjulte avgifter<\/strong><\/p>\n    <p style=\"text-align: left;\">Som forhandler hos Polar55 betaler du ikke en h\u00f8yere pris enn v\u00e5re privatkunder.<\/p>\n    <p style=\"text-align: left;\">I motsetning til andre forhandlerl\u00f8sninger har vi valgt \u00e5 tilby de samme lave prisene til v\u00e5re forhandlere som vi gj\u00f8r til v\u00e5re privatkunder. Dette sikrer at du f\u00e5r en l\u00f8sning med sv\u00e6rt konkurransedyktige priser, slik at du kan videreselge produktet v\u00e5rt til en rettferdig pris til kundene dine. Akkurat n\u00e5 kan du f\u00e5 et forhandler-webhotell med <strong>10 GB plass for \u00e9n eller flere kunder for kun 49,00 kr per m\u00e5ned<\/strong>. Derfra kan du enten velge \u00e5 oppgradere til mer plass (opptil 100 GB) eller kj\u00f8pe flere webhotell dersom du trenger mer plass til flere kunder.<\/p>\n    <p style=\"text-align: left;\">For st\u00f8rre avtaler anbefaler vi at du kontakter oss for \u00e5 diskutere alternativer og priser.<\/p>\n    <p style=\"text-align: left;\">Kontakt oss p\u00e5 <strong>kontakt@polar55.com<\/strong> for \u00e5 h\u00f8re mer.<\/p>[\/vc_column_text][\/vc_column][\/vc_row][vc_row css=&raquo;.vc_custom_1653398353433{padding-top: 30px !important;padding-bottom: 30px !important;}&raquo;][vc_column width=&raquo;2\/5&#8243; css=&raquo;.vc_custom_1653398555541{padding-top: 30px !important;padding-right: 30px !important;padding-bottom: 30px !important;}&raquo;][vc_single_image image=&raquo;4345&#8243; img_size=&raquo;full&raquo; alignment=&raquo;center&raquo; css=&raquo;.vc_custom_1654087635094{padding-right: 15px !important;padding-left: 15px !important;}&raquo;][\/vc_column][vc_column width=&raquo;3\/5&#8243; css=&raquo;.vc_custom_1653398804010{padding-top: 30px !important;padding-right: 15px !important;padding-bottom: 30px !important;padding-left: 15px !important;}&raquo;][vc_custom_heading text=&raquo;One stop management av kundene dine&raquo; font_container=&raquo;tag:h1|text_align:left&raquo; google_fonts=&raquo;font_family:Roboto%3A100%2C100italic%2C300%2C300italic%2Cregular%2Citalic%2C500%2C500italic%2C700%2C700italic%2C900%2C900italic|font_style:700%20bold%20regular%3A700%3Anormal&raquo; el_class=&raquo;caps&raquo;][vc_column_text]\n    <p style=\"font-size: 16px; line-height: 35px; color: #000;\">Gjennom kontrollpanelet ditt hos oss kan du f\u00e5 tilgang til og administrere alle kundene dine. Du har full tilgang til alle kundekontoer med ett klikk, og du kan ogs\u00e5 velge \u00e5 gi kunden tilgang til sin egen webhotellkonto via en URL p\u00e5 sitt eget domene.<\/p>\n    <p style=\"font-size: 16px; line-height: 35px; color: #000;\">Hvis en av kundene dine p\u00e5 et tidspunkt trenger \u00e5 g\u00e5 videre, kan vi enkelt gj\u00f8re om webhotellkontoen deres til en selvstendig konto hos oss.<\/p>[\/vc_column_text][\/vc_column][\/vc_row][vc_row css=&raquo;.vc_custom_1653398353433{padding-top: 30px !important;padding-bottom: 30px !important;}&raquo;][vc_column width=&raquo;3\/5&#8243; css=&raquo;.vc_custom_1653398740749{padding-top: 30px !important;padding-right: 15px !important;padding-bottom: 30px !important;padding-left: 15px !important;}&raquo;][vc_custom_heading text=&raquo;En eller flere hostingkontoer&raquo; font_container=&raquo;tag:h1|text_align:left&raquo; google_fonts=&raquo;font_family:Roboto%3A100%2C100italic%2C300%2C300italic%2Cregular%2Citalic%2C500%2C500italic%2C700%2C700italic%2C900%2C900italic|font_style:700%20bold%20regular%3A700%3Anormal&raquo; el_class=&raquo;caps&raquo;][vc_column_text]\n    <p style=\"font-size: 16px; line-height: 35px; color: #000;\">Det er opp til deg hvordan du \u00f8nsker \u00e5 plassere kundene dine hos oss. Du kan enten velge \u00e5 plassere kundene p\u00e5 separate webhotellkontoer, slik at de f\u00e5r dedikerte ressurser og egen innlogging, eller du kan velge \u00e5 plassere flere kunder p\u00e5 samme webhotellkonto for \u00e5 spare penger.<\/p>\n    <p style=\"font-size: 16px; line-height: 35px; color: #000;\">Vi blander oss ikke inn i hvor mange kunder du plasserer p\u00e5 webhotellkontoene dine. Den eneste begrensningen er tilgjengelig plass, og du kan alltid oppgradere til mer plass.<\/p>\n    <p style=\"font-size: 16px; line-height: 35px; color: #000;\">Skriv til oss p\u00e5 <strong>contact@polar55.com<\/strong> for \u00e5 h\u00f8re mer om fordeler og ulemper ved de ulike l\u00f8sningene.<\/p>[\/vc_column_text][\/vc_column][vc_column width=&raquo;2\/5&#8243; css=&raquo;.vc_custom_1654088474765{padding-right: 15px !important;padding-left: 15px !important;}&raquo; offset=&raquo;vc_hidden-xs&raquo;][vc_single_image image=&raquo;4340&#8243; img_size=&raquo;full&raquo; alignment=&raquo;center&raquo; css=&raquo;.vc_custom_1654086387061{padding-right: 15px !important;padding-left: 15px !important;}&raquo;][\/vc_column][\/vc_row][vc_row css=&raquo;.vc_custom_1693217025119{padding-top: 30px !important;padding-bottom: 0px !important;}&raquo;][vc_column width=&raquo;2\/5&#8243; css=&raquo;.vc_custom_1653398555541{padding-top: 30px !important;padding-right: 30px !important;padding-bottom: 30px !important;}&raquo;][vc_single_image image=&raquo;4337&#8243; img_size=&raquo;full&raquo; alignment=&raquo;center&raquo; css=&raquo;.vc_custom_1654085493361{padding-right: 15px !important;padding-left: 15px !important;}&raquo;][\/vc_column][vc_column width=&raquo;3\/5&#8243; css=&raquo;.vc_custom_1653398804010{padding-top: 30px !important;padding-right: 15px !important;padding-bottom: 30px !important;padding-left: 15px !important;}&raquo;][vc_custom_heading text=&raquo;Sikkerhet &#8211; en topp prioritet&raquo; font_container=&raquo;tag:h1|text_align:left&raquo; google_fonts=&raquo;font_family:Roboto%3A100%2C100italic%2C300%2C300italic%2Cregular%2Citalic%2C500%2C500italic%2C700%2C700italic%2C900%2C900italic|font_style:700%20bold%20regular%3A700%3Anormal&raquo; el_class=&raquo;caps&raquo;][vc_column_text]\n    <p style=\"font-size: 16px; line-height: 35px; color: #000;\">Hos Polar55 legger vi stor vekt p\u00e5 sikkerhet.<\/p>\n    <p style=\"font-size: 16px; line-height: 35px; color: #000;\">Vi tar daglige sikkerhetskopier av alle kundekontoer, som vi lagrer i 14 dager. Sikkerhetskopier av kundedata utf\u00f8res b\u00e5de lokalt og eksternt. Faktisk har vi ogs\u00e5 en sikkerhetskopi av den eksterne sikkerhetskopien, slik at vi har en \"backup av backupen\".<\/p>\n    <p style=\"font-size: 16px; line-height: 35px; color: #000;\">I tillegg er alle kontoer hos oss beskyttet av Imunify360 som standard, som aktivt skanner etter skadevare og rydder opp i infiserte kontoer. Videre har vi en sterk brannmur med proaktive funksjoner som for eksempel skanner opplastinger p\u00e5 nett for skadelig innhold.<\/p>\n    <p style=\"font-size: 16px; line-height: 35px; color: #000;\">Med andre ord gj\u00f8r vi alt vi kan for \u00e5 sikre h\u00f8y oppetid og datasikkerhet.<\/p>\n    <p style=\"font-size: 16px; line-height: 35px; color: #000;\">Dine kunders data lagres ogs\u00e5 innenfor EU i tr\u00e5d med GDPR.<\/p>[\/vc_column_text][\/vc_column][\/vc_row][vc_row css=&raquo;.vc_custom_1653398353433{padding-top: 30px !important;padding-bottom: 30px !important;}&raquo;][vc_column width=&raquo;3\/5&#8243; css=&raquo;.vc_custom_1653398740749{padding-top: 30px !important;padding-right: 15px !important;padding-bottom: 30px !important;padding-left: 15px !important;}&raquo;][vc_custom_heading text=&raquo;Lynraske webservere&raquo; font_container=&raquo;tag:h1|text_align:left&raquo; google_fonts=&raquo;font_family:Roboto%3A100%2C100italic%2C300%2C300italic%2Cregular%2Citalic%2C500%2C500italic%2C700%2C700italic%2C900%2C900italic|font_style:700%20bold%20regular%3A700%3Anormal&raquo; el_class=&raquo;caps&raquo;][vc_column_text]\n    <p style=\"font-size: 16px; line-height: 35px; color: #000;\">Vi bruker den nyeste Litespeed-teknologien, og sammen med lynraske SSD NVMe-disker og f\u00e6rre kunder per server kan vi levere ytelse som gj\u00f8r at de fleste nettsider kj\u00f8rer merkbart raskere sammenlignet med konkurrenter.<\/p>\n    <p style=\"font-size: 16px; line-height: 35px; color: #000;\">Hver uke ser vi eksempler p\u00e5 nettsider som opplever en tydelig hastighetsforbedring, og kundene dine vil sannsynligvis oppleve det samme.<\/p>[\/vc_column_text][\/vc_column][vc_column width=&raquo;2\/5&#8243; css=&raquo;.vc_custom_1654088447709{padding-right: 15px !important;padding-left: 15px !important;}&raquo; offset=&raquo;vc_hidden-xs&raquo;][vc_single_image image=&raquo;9451&#8243; img_size=&raquo;full&raquo; alignment=&raquo;center&raquo;][\/vc_column][\/vc_row][vc_row css=&raquo;.vc_custom_1653398353433{padding-top: 30px !important;padding-bottom: 30px !important;}&raquo;][vc_column width=&raquo;2\/5&#8243; css=&raquo;.vc_custom_1653398555541{padding-top: 30px !important;padding-right: 30px !important;padding-bottom: 30px !important;}&raquo;][vc_single_image image=&raquo;9452&#8243; img_size=&raquo;full&raquo; alignment=&raquo;center&raquo;][\/vc_column][vc_column width=&raquo;3\/5&#8243; css=&raquo;.vc_custom_1653398804010{padding-top: 30px !important;padding-right: 15px !important;padding-bottom: 30px !important;padding-left: 15px !important;}&raquo;][vc_custom_heading text=&raquo;Perfekt for WordPress&raquo; font_container=&raquo;tag:h1|text_align:left&raquo; google_fonts=&raquo;font_family:Roboto%3A100%2C100italic%2C300%2C300italic%2Cregular%2Citalic%2C500%2C500italic%2C700%2C700italic%2C900%2C900italic|font_style:700%20bold%20regular%3A700%3Anormal&raquo; el_class=&raquo;caps&raquo;][vc_column_text]\n    <p style=\"font-size: 16px; line-height: 35px; color: #000;\">Webhotellet v\u00e5rt st\u00f8tter nesten alle systemer, men er spesielt optimalisert for WordPress og tilbyr mange nyttige funksjoner for deg som jobber med WordPress. Du f\u00e5r blant annet:<\/p>\n    <p style=\"font-size: 16px; line-height: 35px; color: #000;\">\n    - WordPress staging- og publiseringsfunksjoner<br>\n    - Automatisk skanning og utbedring av WordPress-sider for skadevare og s\u00e5rbarheter<br>\n    - Oppdatering av plugins og temaer via webhotellet (ingen behov for \u00e5 logge inn i wp-admin)\n    <\/p>[\/vc_column_text][\/vc_column][\/vc_row][vc_row css=&raquo;.vc_custom_1653398353433{padding-top: 30px !important;padding-bottom: 30px !important;}&raquo;][vc_column width=&raquo;3\/5&#8243; css=&raquo;.vc_custom_1653398740749{padding-top: 30px !important;padding-right: 15px !important;padding-bottom: 30px !important;padding-left: 15px !important;}&raquo;][vc_custom_heading text=&raquo;Prisvinnende st\u00f8tte&raquo; font_container=&raquo;tag:h1|text_align:left&raquo; google_fonts=&raquo;font_family:Roboto%3A100%2C100italic%2C300%2C300italic%2Cregular%2Citalic%2C500%2C500italic%2C700%2C700italic%2C900%2C900italic|font_style:700%20bold%20regular%3A700%3Anormal&raquo; el_class=&raquo;caps&raquo;][vc_column_text]\n    <p style=\"font-size: 16px; line-height: 35px; color: #000;\">Vi kan v\u00e6re rimelige, men det betyr ikke at du b\u00f8r forvente d\u00e5rligere support \u2013 tvert imot.<\/p>\n    <p style=\"font-size: 16px; line-height: 35px; color: #000;\">Vi svarer 24\/7, ogs\u00e5 i helgene, og er du en st\u00f8rre forhandler, vil du oppleve prioritert support.<\/p>\n    <p style=\"font-size: 16px; line-height: 35px; color: #000;\">Vi er ogs\u00e5 en av de h\u00f8yest rangerte hostingleverand\u00f8rene p\u00e5 Trustpilot, og du finner mange positive anmeldelser og tester av tjenestene v\u00e5re p\u00e5 nett.<\/p>[\/vc_column_text][\/vc_column][vc_column width=&raquo;2\/5&#8243; css=&raquo;.vc_custom_1654088490264{padding-right: 15px !important;padding-left: 15px !important;}&raquo; offset=&raquo;vc_hidden-xs&raquo;][vc_single_image image=&raquo;9453&#8243; img_size=&raquo;full&raquo; alignment=&raquo;center&raquo;][\/vc_column][\/vc_row]<\/p>\n<\/div>","protected":false},"excerpt":{"rendered":"<p>[vc_section css=&raquo;.vc_custom_1722368650047{background-image: url(https:\/\/polar55.com\/wp-content\/uploads\/2022\/05\/wordpress-webhotel-1-scaled.jpg?id=4283) !important;background-position: center !important;background-repeat: no-repeat !important;background-size: cover !important;}&raquo;][vc_row king_bg_repeat=&raquo;cover&raquo; css=&raquo;.vc_custom_1722368621023{padding-top: 0px !important;padding-bottom: 100px !important;background-position: center !important;background-repeat: no-repeat !important;background-size: cover !important;}&raquo; king_class=&raquo;nwcover&raquo;][vc_column][vc_single_image image=&raquo;9506&#8243; img_size=&raquo;full&raquo; onclick=&raquo;custom_link&raquo; img_link_target=&raquo;_blank&raquo; link=&raquo;https:\/\/www.google.com\/search?q=polar55%20anmeldelser&amp;oq=polar55%20anmeldelser&raquo;][vc_column_text el_class=&raquo;nw-header-font&raquo; css=&raquo;.vc_custom_1734422392558{margin-bottom: 30px !important;}&raquo;][\/vc_column_text][vc_column_text el_class=&raquo;nw-header-font&raquo;][\/vc_column_text][vc_column_text css=&raquo;.vc_custom_1734422283082{margin-top: 20px !important;margin-bottom: 20px !important;}&raquo;][\/vc_column_text][vc_column_text][\/vc_column_text][\/vc_column][\/vc_row][\/vc_section][vc_row css=&raquo;.vc_custom_1722368845228{padding-top: 40px !important;}&raquo;][vc_column][vc_raw_html title=&raquo;logoslider&raquo;]JTVCdHJ1c3RwaWxvdCUyMGxhbmclM0QlMjJub3J3ZWdpYW4lMjIlNUQlMEElMEElNUJieHNsaWRlciUyMGxhbmclM0QlMjJub3J3ZWdpYW4lMjIlNUQ=[\/vc_raw_html][\/vc_column][\/vc_row][vc_row king_class=&raquo;host_plans&raquo; el_class=&raquo;host_plans&raquo; css=&raquo;.vc_custom_1722370863935{padding-top: 30px !important;}&raquo;][vc_column][vc_custom_heading text=&raquo;Kvalitetshosting for kundene dine&raquo; font_container=&raquo;tag:h1|text_align:left&raquo; google_fonts=&raquo;font_family:Roboto%3A100%2C100italic%2C300%2C300italic%2Cregular%2Citalic%2C500%2C500italic%2C700%2C700italic%2C900%2C900italic|font_style:700%20bold%20regular%3A700%3Anormal&raquo; el_class=&raquo;caps&raquo;][vc_column_text el_class=&raquo;roboto&raquo;][\/vc_column_text][\/vc_column][\/vc_row][vc_row &hellip;<\/p>\n","protected":false},"author":1,"featured_media":0,"parent":0,"menu_order":0,"comment_status":"closed","ping_status":"closed","template":"","meta":{"_acf_changed":false,"footnotes":""},"class_list":["post-9450","page","type-page","status-publish","hentry"],"acf":[],"yoast_head":"<!-- This site is optimized with the Yoast SEO plugin v26.8 - https:\/\/yoast.com\/product\/yoast-seo-wordpress\/ -->\n<title>Videreselger-hosting med Polar55<\/title>\n<meta name=\"description\" content=\"Vil du at kundene dine skal v\u00e6re hos en av de beste og billigste hostingleverand\u00f8rene i Europa? S\u00f8k ikke mer - kontakt oss i dag!\" \/>\n<meta name=\"robots\" content=\"index, follow, max-snippet:-1, max-image-preview:large, max-video-preview:-1\" \/>\n<link rel=\"canonical\" href=\"https:\/\/polar55.com\/no\/reseller-webhotell\/\" \/>\n<meta property=\"og:locale\" content=\"nb_NO\" \/>\n<meta property=\"og:type\" content=\"article\" \/>\n<meta property=\"og:title\" content=\"Videreselger-hosting med Polar55\" \/>\n<meta property=\"og:description\" content=\"Vil du at kundene dine skal v\u00e6re hos en av de beste og billigste hostingleverand\u00f8rene i Europa? S\u00f8k ikke mer - kontakt oss i dag!\" \/>\n<meta property=\"og:url\" content=\"https:\/\/polar55.com\/no\/reseller-webhotell\/\" \/>\n<meta property=\"og:site_name\" content=\"Polar55\" \/>\n<meta property=\"article:modified_time\" content=\"2026-02-04T08:30:14+00:00\" \/>\n<meta name=\"twitter:card\" content=\"summary_large_image\" \/>\n<meta name=\"twitter:label1\" content=\"Ansl. lesetid\" \/>\n\t<meta name=\"twitter:data1\" content=\"2 minutter\" \/>\n<script type=\"application\/ld+json\" class=\"yoast-schema-graph\">{\"@context\":\"https:\/\/schema.org\",\"@graph\":[{\"@type\":\"WebPage\",\"@id\":\"https:\/\/polar55.com\/no\/reseller-webhotell\/\",\"url\":\"https:\/\/polar55.com\/no\/reseller-webhotell\/\",\"name\":\"Videreselger-hosting med Polar55\",\"isPartOf\":{\"@id\":\"https:\/\/polar55.com\/no\/#website\"},\"datePublished\":\"2024-09-06T12:03:05+00:00\",\"dateModified\":\"2026-02-04T08:30:14+00:00\",\"description\":\"Vil du at kundene dine skal v\u00e6re hos en av de beste og billigste hostingleverand\u00f8rene i Europa? S\u00f8k ikke mer - kontakt oss i dag!\",\"breadcrumb\":{\"@id\":\"https:\/\/polar55.com\/no\/reseller-webhotell\/#breadcrumb\"},\"inLanguage\":\"nb-NO\",\"potentialAction\":[{\"@type\":\"ReadAction\",\"target\":[\"https:\/\/polar55.com\/no\/reseller-webhotell\/\"]}]},{\"@type\":\"BreadcrumbList\",\"@id\":\"https:\/\/polar55.com\/no\/reseller-webhotell\/#breadcrumb\",\"itemListElement\":[{\"@type\":\"ListItem\",\"position\":1,\"name\":\"Hjem\",\"item\":\"https:\/\/polar55.com\/no\/\"},{\"@type\":\"ListItem\",\"position\":2,\"name\":\"Reseller webhotell med Polar55\"}]},{\"@type\":\"WebSite\",\"@id\":\"https:\/\/polar55.com\/no\/#website\",\"url\":\"https:\/\/polar55.com\/no\/\",\"name\":\"Polar55\",\"description\":\"cheap hosting and domains\",\"potentialAction\":[{\"@type\":\"SearchAction\",\"target\":{\"@type\":\"EntryPoint\",\"urlTemplate\":\"https:\/\/polar55.com\/no\/?s={search_term_string}\"},\"query-input\":{\"@type\":\"PropertyValueSpecification\",\"valueRequired\":true,\"valueName\":\"search_term_string\"}}],\"inLanguage\":\"nb-NO\"}]}<\/script>\n<!-- \/ Yoast SEO plugin. -->","yoast_head_json":{"title":"Videreselger-hosting med Polar55","description":"Vil du at kundene dine skal v\u00e6re hos en av de beste og billigste hostingleverand\u00f8rene i Europa? S\u00f8k ikke mer - kontakt oss i dag!","robots":{"index":"index","follow":"follow","max-snippet":"max-snippet:-1","max-image-preview":"max-image-preview:large","max-video-preview":"max-video-preview:-1"},"canonical":"https:\/\/polar55.com\/no\/reseller-webhotell\/","og_locale":"nb_NO","og_type":"article","og_title":"Videreselger-hosting med Polar55","og_description":"Vil du at kundene dine skal v\u00e6re hos en av de beste og billigste hostingleverand\u00f8rene i Europa? S\u00f8k ikke mer - kontakt oss i dag!","og_url":"https:\/\/polar55.com\/no\/reseller-webhotell\/","og_site_name":"Polar55","article_modified_time":"2026-02-04T08:30:14+00:00","twitter_card":"summary_large_image","twitter_misc":{"Ansl. lesetid":"2 minutter"},"schema":{"@context":"https:\/\/schema.org","@graph":[{"@type":"WebPage","@id":"https:\/\/polar55.com\/no\/reseller-webhotell\/","url":"https:\/\/polar55.com\/no\/reseller-webhotell\/","name":"Videreselger-hosting med Polar55","isPartOf":{"@id":"https:\/\/polar55.com\/no\/#website"},"datePublished":"2024-09-06T12:03:05+00:00","dateModified":"2026-02-04T08:30:14+00:00","description":"Vil du at kundene dine skal v\u00e6re hos en av de beste og billigste hostingleverand\u00f8rene i Europa? S\u00f8k ikke mer - kontakt oss i dag!","breadcrumb":{"@id":"https:\/\/polar55.com\/no\/reseller-webhotell\/#breadcrumb"},"inLanguage":"nb-NO","potentialAction":[{"@type":"ReadAction","target":["https:\/\/polar55.com\/no\/reseller-webhotell\/"]}]},{"@type":"BreadcrumbList","@id":"https:\/\/polar55.com\/no\/reseller-webhotell\/#breadcrumb","itemListElement":[{"@type":"ListItem","position":1,"name":"Hjem","item":"https:\/\/polar55.com\/no\/"},{"@type":"ListItem","position":2,"name":"Reseller webhotell med Polar55"}]},{"@type":"WebSite","@id":"https:\/\/polar55.com\/no\/#website","url":"https:\/\/polar55.com\/no\/","name":"Polar55","description":"cheap hosting and domains","potentialAction":[{"@type":"SearchAction","target":{"@type":"EntryPoint","urlTemplate":"https:\/\/polar55.com\/no\/?s={search_term_string}"},"query-input":{"@type":"PropertyValueSpecification","valueRequired":true,"valueName":"search_term_string"}}],"inLanguage":"nb-NO"}]}},"_links":{"self":[{"href":"https:\/\/polar55.com\/no\/wp-json\/wp\/v2\/pages\/9450","targetHints":{"allow":["GET"]}}],"collection":[{"href":"https:\/\/polar55.com\/no\/wp-json\/wp\/v2\/pages"}],"about":[{"href":"https:\/\/polar55.com\/no\/wp-json\/wp\/v2\/types\/page"}],"author":[{"embeddable":true,"href":"https:\/\/polar55.com\/no\/wp-json\/wp\/v2\/users\/1"}],"replies":[{"embeddable":true,"href":"https:\/\/polar55.com\/no\/wp-json\/wp\/v2\/comments?post=9450"}],"version-history":[{"count":7,"href":"https:\/\/polar55.com\/no\/wp-json\/wp\/v2\/pages\/9450\/revisions"}],"predecessor-version":[{"id":9657,"href":"https:\/\/polar55.com\/no\/wp-json\/wp\/v2\/pages\/9450\/revisions\/9657"}],"wp:attachment":[{"href":"https:\/\/polar55.com\/no\/wp-json\/wp\/v2\/media?parent=9450"}],"curies":[{"name":"wp","href":"https:\/\/api.w.org\/{rel}","templated":true}]}}