{"id":9441,"date":"2024-07-31T09:38:59","date_gmt":"2024-07-31T08:38:59","guid":{"rendered":"https:\/\/polar55.com\/databehandlere\/"},"modified":"2026-03-17T13:02:17","modified_gmt":"2026-03-17T13:02:17","slug":"databehandlere","status":"publish","type":"page","link":"https:\/\/polar55.com\/no\/databehandlere\/","title":{"rendered":"Databehandlere"},"content":{"rendered":"<div class=\"wpb-content-wrapper\"><p>[vc_row king_class=&raquo;price_compare&raquo; king_class_container=&raquo;table-wrapper&raquo; css=&raquo;.vc_custom_1722415138188{padding-top: 40px !important;padding-bottom: 40px !important;}&raquo; el_class=&raquo;price_compare&raquo;][vc_column][vc_column_text el_class=&raquo;webhotel-text&raquo; css=&raquo;.vc_custom_1734425815781{padding-bottom: 40px !important;}&raquo;]\n        <p style=\"text-align: left;\">Vi bruker f\u00f8lgende underleverand\u00f8rer (subprosessorer). Dette betyr at informasjonen din enten videreformidles til disse enhetene, eller at disse selskapene har tilgang til dataene dine. Dette er utelukkende selskaper som er n\u00f8dvendige for \u00e5 sikre driften av v\u00e5re hostingl\u00f8sninger.<\/p>[\/vc_column_text][vc_row_inner king_class=&raquo;th&raquo;][vc_column_inner el_class=&raquo;first rowfirst&raquo; width=&raquo;1\/2&#8243;][vc_column_text]NSEC Solutions (DK-26530792)[\/vc_column_text][\/vc_column_inner][vc_column_inner el_class=&raquo;rowsremain&raquo; width=&raquo;1\/2&#8243;][vc_column_text]Drift og vedlikehold av servere[\/vc_column_text][vc_column_text][\/vc_column_text][\/vc_column_inner][\/vc_row_inner][vc_row_inner king_class=&raquo;td&raquo;][vc_column_inner el_class=&raquo;first rowfirst&raquo; width=&raquo;1\/2&#8243;][vc_column_text]Hexonet GMBH (DE-138316882)[\/vc_column_text][\/vc_column_inner][vc_column_inner el_class=&raquo;rowsremain&raquo; width=&raquo;1\/2&#8243;][vc_column_text]Domeneregistrator[\/vc_column_text][vc_column_text][\/vc_column_text][\/vc_column_inner][\/vc_row_inner][vc_row_inner king_class=&raquo;th&raquo;][vc_column_inner el_class=&raquo;first rowfirst&raquo; width=&raquo;1\/2&#8243;][vc_column_text]Hetzner<span dir=\"ltr\" role=\"presentation\">(DE-812871812)<\/span>[\/vc_column_text][\/vc_column_inner][vc_column_inner el_class=&raquo;rowsremain&raquo; width=&raquo;1\/2&#8243;][vc_column_text]Server[\/vc_column_text][vc_column_text][\/vc_column_text][\/vc_column_inner][\/vc_row_inner][vc_row_inner king_class=&raquo;td&raquo;][vc_column_inner el_class=&raquo;first rowfirst&raquo; width=&raquo;1\/2&#8243;][vc_column_text]Sampedro ApS (DK-40342079)[\/vc_column_text][\/vc_column_inner][vc_column_inner el_class=&raquo;rowsremain&raquo; width=&raquo;1\/2&#8243;][vc_column_text]Support[\/vc_column_text][vc_column_text][\/vc_column_text][\/vc_column_inner][\/vc_row_inner][vc_row_inner king_class=&raquo;td&raquo;][vc_column_inner el_class=&raquo;first rowfirst&raquo; width=&raquo;1\/2&#8243;][vc_column_text]Stripe Payments Europe Ltd (IE-3206488LH)[\/vc_column_text][\/vc_column_inner][vc_column_inner el_class=&raquo;rowsremain&raquo; width=&raquo;1\/2&#8243;][vc_column_text]Betalingsportal[\/vc_column_text][vc_column_text][\/vc_column_text][\/vc_column_inner][\/vc_row_inner][\/vc_column][\/vc_row]<\/p>\n<\/div>","protected":false},"excerpt":{"rendered":"<p>[vc_row king_class=&raquo;price_compare&raquo; king_class_container=&raquo;table-wrapper&raquo; css=&raquo;.vc_custom_1722415138188{padding-top: 40px !important;padding-bottom: 40px !important;}&raquo; el_class=&raquo;price_compare&raquo;][vc_column][vc_column_text el_class=&raquo;webhotel-text&raquo; css=&raquo;.vc_custom_1734425815781{padding-bottom: 40px !important;}&raquo;][\/vc_column_text][vc_row_inner king_class=&raquo;th&raquo;][vc_column_inner el_class=&raquo;first rowfirst&raquo; width=&raquo;1\/2&#8243;][vc_column_text]NSEC Solutions (DK-26530792)[\/vc_column_text][\/vc_column_inner][vc_column_inner el_class=&raquo;rowsremain&raquo; width=&raquo;1\/2&#8243;][vc_column_text]Drift og vedlikehold av servere[\/vc_column_text][vc_column_text][\/vc_column_text][\/vc_column_inner][\/vc_row_inner][vc_row_inner king_class=&raquo;td&raquo;][vc_column_inner el_class=&raquo;first rowfirst&raquo; width=&raquo;1\/2&#8243;][vc_column_text]Hexonet GMBH (DE-138316882)[\/vc_column_text][\/vc_column_inner][vc_column_inner el_class=&raquo;rowsremain&raquo; width=&raquo;1\/2&#8243;][vc_column_text]Domeneregistrator[\/vc_column_text][vc_column_text][\/vc_column_text][\/vc_column_inner][\/vc_row_inner][vc_row_inner king_class=&raquo;th&raquo;][vc_column_inner el_class=&raquo;first rowfirst&raquo; width=&raquo;1\/2&#8243;][vc_column_text]Hetzner(DE-812871812)[\/vc_column_text][\/vc_column_inner][vc_column_inner el_class=&raquo;rowsremain&raquo; width=&raquo;1\/2&#8243;][vc_column_text]Server[\/vc_column_text][vc_column_text][\/vc_column_text][\/vc_column_inner][\/vc_row_inner][vc_row_inner king_class=&raquo;td&raquo;][vc_column_inner el_class=&raquo;first rowfirst&raquo; width=&raquo;1\/2&#8243;][vc_column_text]Sampedro ApS (DK-40342079)[\/vc_column_text][\/vc_column_inner][vc_column_inner el_class=&raquo;rowsremain&raquo; width=&raquo;1\/2&#8243;][vc_column_text]Support[\/vc_column_text][vc_column_text][\/vc_column_text][\/vc_column_inner][\/vc_row_inner][vc_row_inner king_class=&raquo;td&raquo;][vc_column_inner el_class=&raquo;first rowfirst&raquo; width=&raquo;1\/2&#8243;][vc_column_text]Stripe Payments Europe Ltd (IE-3206488LH)[\/vc_column_text][\/vc_column_inner][vc_column_inner &hellip;<\/p>\n","protected":false},"author":3,"featured_media":0,"parent":0,"menu_order":0,"comment_status":"closed","ping_status":"closed","template":"","meta":{"_acf_changed":false,"footnotes":""},"class_list":["post-9441","page","type-page","status-publish","hentry"],"acf":[],"yoast_head":"<!-- This site is optimized with the Yoast SEO plugin v26.8 - https:\/\/yoast.com\/product\/yoast-seo-wordpress\/ -->\n<title>Databehandlere - Polar55<\/title>\n<meta name=\"robots\" content=\"index, follow, max-snippet:-1, max-image-preview:large, max-video-preview:-1\" \/>\n<link rel=\"canonical\" href=\"https:\/\/polar55.com\/no\/databehandlere\/\" \/>\n<meta property=\"og:locale\" content=\"nb_NO\" \/>\n<meta property=\"og:type\" content=\"article\" \/>\n<meta property=\"og:title\" content=\"Databehandlere - Polar55\" \/>\n<meta property=\"og:description\" content=\"[vc_row king_class=&raquo;price_compare&raquo; king_class_container=&raquo;table-wrapper&raquo; css=&raquo;.vc_custom_1722415138188{padding-top: 40px !important;padding-bottom: 40px !important;}&raquo; el_class=&raquo;price_compare&raquo;][vc_column][vc_column_text el_class=&raquo;webhotel-text&raquo; css=&raquo;.vc_custom_1734425815781{padding-bottom: 40px !important;}&raquo;][\/vc_column_text][vc_row_inner king_class=&raquo;th&raquo;][vc_column_inner el_class=&raquo;first rowfirst&raquo; width=&raquo;1\/2&#8243;][vc_column_text]NSEC Solutions (DK-26530792)[\/vc_column_text][\/vc_column_inner][vc_column_inner el_class=&raquo;rowsremain&raquo; width=&raquo;1\/2&#8243;][vc_column_text]Drift og vedlikehold av servere[\/vc_column_text][vc_column_text][\/vc_column_text][\/vc_column_inner][\/vc_row_inner][vc_row_inner king_class=&raquo;td&raquo;][vc_column_inner el_class=&raquo;first rowfirst&raquo; width=&raquo;1\/2&#8243;][vc_column_text]Hexonet GMBH (DE-138316882)[\/vc_column_text][\/vc_column_inner][vc_column_inner el_class=&raquo;rowsremain&raquo; width=&raquo;1\/2&#8243;][vc_column_text]Domeneregistrator[\/vc_column_text][vc_column_text][\/vc_column_text][\/vc_column_inner][\/vc_row_inner][vc_row_inner king_class=&raquo;th&raquo;][vc_column_inner el_class=&raquo;first rowfirst&raquo; width=&raquo;1\/2&#8243;][vc_column_text]Hetzner(DE-812871812)[\/vc_column_text][\/vc_column_inner][vc_column_inner el_class=&raquo;rowsremain&raquo; width=&raquo;1\/2&#8243;][vc_column_text]Server[\/vc_column_text][vc_column_text][\/vc_column_text][\/vc_column_inner][\/vc_row_inner][vc_row_inner king_class=&raquo;td&raquo;][vc_column_inner el_class=&raquo;first rowfirst&raquo; width=&raquo;1\/2&#8243;][vc_column_text]Sampedro ApS (DK-40342079)[\/vc_column_text][\/vc_column_inner][vc_column_inner el_class=&raquo;rowsremain&raquo; width=&raquo;1\/2&#8243;][vc_column_text]Support[\/vc_column_text][vc_column_text][\/vc_column_text][\/vc_column_inner][\/vc_row_inner][vc_row_inner king_class=&raquo;td&raquo;][vc_column_inner el_class=&raquo;first rowfirst&raquo; width=&raquo;1\/2&#8243;][vc_column_text]Stripe Payments Europe Ltd (IE-3206488LH)[\/vc_column_text][\/vc_column_inner][vc_column_inner &hellip;\" \/>\n<meta property=\"og:url\" content=\"https:\/\/polar55.com\/no\/databehandlere\/\" \/>\n<meta property=\"og:site_name\" content=\"Polar55\" \/>\n<meta property=\"article:modified_time\" content=\"2026-03-17T13:02:17+00:00\" \/>\n<meta name=\"twitter:card\" content=\"summary_large_image\" \/>\n<meta name=\"twitter:label1\" content=\"Ansl. lesetid\" \/>\n\t<meta name=\"twitter:data1\" content=\"1 minutt\" \/>\n<script type=\"application\/ld+json\" class=\"yoast-schema-graph\">{\"@context\":\"https:\/\/schema.org\",\"@graph\":[{\"@type\":\"WebPage\",\"@id\":\"https:\/\/polar55.com\/no\/databehandlere\/\",\"url\":\"https:\/\/polar55.com\/no\/databehandlere\/\",\"name\":\"Databehandlere - Polar55\",\"isPartOf\":{\"@id\":\"https:\/\/polar55.com\/no\/#website\"},\"datePublished\":\"2024-07-31T08:38:59+00:00\",\"dateModified\":\"2026-03-17T13:02:17+00:00\",\"breadcrumb\":{\"@id\":\"https:\/\/polar55.com\/no\/databehandlere\/#breadcrumb\"},\"inLanguage\":\"nb-NO\",\"potentialAction\":[{\"@type\":\"ReadAction\",\"target\":[\"https:\/\/polar55.com\/no\/databehandlere\/\"]}]},{\"@type\":\"BreadcrumbList\",\"@id\":\"https:\/\/polar55.com\/no\/databehandlere\/#breadcrumb\",\"itemListElement\":[{\"@type\":\"ListItem\",\"position\":1,\"name\":\"Hjem\",\"item\":\"https:\/\/polar55.com\/no\/\"},{\"@type\":\"ListItem\",\"position\":2,\"name\":\"Databehandlere\"}]},{\"@type\":\"WebSite\",\"@id\":\"https:\/\/polar55.com\/no\/#website\",\"url\":\"https:\/\/polar55.com\/no\/\",\"name\":\"Polar55\",\"description\":\"cheap hosting and domains\",\"potentialAction\":[{\"@type\":\"SearchAction\",\"target\":{\"@type\":\"EntryPoint\",\"urlTemplate\":\"https:\/\/polar55.com\/no\/?s={search_term_string}\"},\"query-input\":{\"@type\":\"PropertyValueSpecification\",\"valueRequired\":true,\"valueName\":\"search_term_string\"}}],\"inLanguage\":\"nb-NO\"}]}<\/script>\n<!-- \/ Yoast SEO plugin. -->","yoast_head_json":{"title":"Databehandlere - Polar55","robots":{"index":"index","follow":"follow","max-snippet":"max-snippet:-1","max-image-preview":"max-image-preview:large","max-video-preview":"max-video-preview:-1"},"canonical":"https:\/\/polar55.com\/no\/databehandlere\/","og_locale":"nb_NO","og_type":"article","og_title":"Databehandlere - Polar55","og_description":"[vc_row king_class=&raquo;price_compare&raquo; king_class_container=&raquo;table-wrapper&raquo; css=&raquo;.vc_custom_1722415138188{padding-top: 40px !important;padding-bottom: 40px !important;}&raquo; el_class=&raquo;price_compare&raquo;][vc_column][vc_column_text el_class=&raquo;webhotel-text&raquo; css=&raquo;.vc_custom_1734425815781{padding-bottom: 40px !important;}&raquo;][\/vc_column_text][vc_row_inner king_class=&raquo;th&raquo;][vc_column_inner el_class=&raquo;first rowfirst&raquo; width=&raquo;1\/2&#8243;][vc_column_text]NSEC Solutions (DK-26530792)[\/vc_column_text][\/vc_column_inner][vc_column_inner el_class=&raquo;rowsremain&raquo; width=&raquo;1\/2&#8243;][vc_column_text]Drift og vedlikehold av servere[\/vc_column_text][vc_column_text][\/vc_column_text][\/vc_column_inner][\/vc_row_inner][vc_row_inner king_class=&raquo;td&raquo;][vc_column_inner el_class=&raquo;first rowfirst&raquo; width=&raquo;1\/2&#8243;][vc_column_text]Hexonet GMBH (DE-138316882)[\/vc_column_text][\/vc_column_inner][vc_column_inner el_class=&raquo;rowsremain&raquo; width=&raquo;1\/2&#8243;][vc_column_text]Domeneregistrator[\/vc_column_text][vc_column_text][\/vc_column_text][\/vc_column_inner][\/vc_row_inner][vc_row_inner king_class=&raquo;th&raquo;][vc_column_inner el_class=&raquo;first rowfirst&raquo; width=&raquo;1\/2&#8243;][vc_column_text]Hetzner(DE-812871812)[\/vc_column_text][\/vc_column_inner][vc_column_inner el_class=&raquo;rowsremain&raquo; width=&raquo;1\/2&#8243;][vc_column_text]Server[\/vc_column_text][vc_column_text][\/vc_column_text][\/vc_column_inner][\/vc_row_inner][vc_row_inner king_class=&raquo;td&raquo;][vc_column_inner el_class=&raquo;first rowfirst&raquo; width=&raquo;1\/2&#8243;][vc_column_text]Sampedro ApS (DK-40342079)[\/vc_column_text][\/vc_column_inner][vc_column_inner el_class=&raquo;rowsremain&raquo; width=&raquo;1\/2&#8243;][vc_column_text]Support[\/vc_column_text][vc_column_text][\/vc_column_text][\/vc_column_inner][\/vc_row_inner][vc_row_inner king_class=&raquo;td&raquo;][vc_column_inner el_class=&raquo;first rowfirst&raquo; width=&raquo;1\/2&#8243;][vc_column_text]Stripe Payments Europe Ltd (IE-3206488LH)[\/vc_column_text][\/vc_column_inner][vc_column_inner &hellip;","og_url":"https:\/\/polar55.com\/no\/databehandlere\/","og_site_name":"Polar55","article_modified_time":"2026-03-17T13:02:17+00:00","twitter_card":"summary_large_image","twitter_misc":{"Ansl. lesetid":"1 minutt"},"schema":{"@context":"https:\/\/schema.org","@graph":[{"@type":"WebPage","@id":"https:\/\/polar55.com\/no\/databehandlere\/","url":"https:\/\/polar55.com\/no\/databehandlere\/","name":"Databehandlere - Polar55","isPartOf":{"@id":"https:\/\/polar55.com\/no\/#website"},"datePublished":"2024-07-31T08:38:59+00:00","dateModified":"2026-03-17T13:02:17+00:00","breadcrumb":{"@id":"https:\/\/polar55.com\/no\/databehandlere\/#breadcrumb"},"inLanguage":"nb-NO","potentialAction":[{"@type":"ReadAction","target":["https:\/\/polar55.com\/no\/databehandlere\/"]}]},{"@type":"BreadcrumbList","@id":"https:\/\/polar55.com\/no\/databehandlere\/#breadcrumb","itemListElement":[{"@type":"ListItem","position":1,"name":"Hjem","item":"https:\/\/polar55.com\/no\/"},{"@type":"ListItem","position":2,"name":"Databehandlere"}]},{"@type":"WebSite","@id":"https:\/\/polar55.com\/no\/#website","url":"https:\/\/polar55.com\/no\/","name":"Polar55","description":"cheap hosting and domains","potentialAction":[{"@type":"SearchAction","target":{"@type":"EntryPoint","urlTemplate":"https:\/\/polar55.com\/no\/?s={search_term_string}"},"query-input":{"@type":"PropertyValueSpecification","valueRequired":true,"valueName":"search_term_string"}}],"inLanguage":"nb-NO"}]}},"_links":{"self":[{"href":"https:\/\/polar55.com\/no\/wp-json\/wp\/v2\/pages\/9441","targetHints":{"allow":["GET"]}}],"collection":[{"href":"https:\/\/polar55.com\/no\/wp-json\/wp\/v2\/pages"}],"about":[{"href":"https:\/\/polar55.com\/no\/wp-json\/wp\/v2\/types\/page"}],"author":[{"embeddable":true,"href":"https:\/\/polar55.com\/no\/wp-json\/wp\/v2\/users\/3"}],"replies":[{"embeddable":true,"href":"https:\/\/polar55.com\/no\/wp-json\/wp\/v2\/comments?post=9441"}],"version-history":[{"count":6,"href":"https:\/\/polar55.com\/no\/wp-json\/wp\/v2\/pages\/9441\/revisions"}],"predecessor-version":[{"id":10208,"href":"https:\/\/polar55.com\/no\/wp-json\/wp\/v2\/pages\/9441\/revisions\/10208"}],"wp:attachment":[{"href":"https:\/\/polar55.com\/no\/wp-json\/wp\/v2\/media?parent=9441"}],"curies":[{"name":"wp","href":"https:\/\/api.w.org\/{rel}","templated":true}]}}