{"id":9437,"date":"2024-07-31T14:13:10","date_gmt":"2024-07-31T13:13:10","guid":{"rendered":"https:\/\/polar55.com\/avtale-om-databehandling\/"},"modified":"2026-02-04T16:07:36","modified_gmt":"2026-02-04T16:07:36","slug":"avtale-om-databehandling","status":"publish","type":"page","link":"https:\/\/polar55.com\/no\/avtale-om-databehandling\/","title":{"rendered":"Avtale om databehandling"},"content":{"rendered":"<div class=\"wpb-content-wrapper\"><p>[vc_row king_class=&raquo;price_compare&raquo; king_class_container=&raquo;table-wrapper&raquo; css=&raquo;.vc_custom_1722414293279{padding-top: 40px !important;padding-bottom: 40px !important;}&raquo;][vc_column][vc_column_text el_class=&raquo;webhotel-text&raquo;]\n    <p style=\"text-align: left;\">Hvis du er p\u00e5 jakt etter en databehandleravtale, har du kommet til rett sted. Siden vi lagrer din informasjon, og eventuelt dine kunders informasjon, opptrer vi som databehandler for deg. Hvis du trenger en databehandleravtale for \u00e5 dokumentere hvordan vi h\u00e5ndterer informasjonen din og hvem som har tilgang til den, finner du den i dette dokumentet. Du kan ogs\u00e5 signere dokumentet og sende det tilbake til oss (helst som PDF). Vennligst send den signerte versjonen til <a href=\"mailto:ms@polar55.com\" rel=\"noopener\">ms@polar55.com<\/a>.<\/p>\n    <p style=\"text-align: left;\">Nederst p\u00e5 siden finner du en liten FAQ som dekker de viktigste punktene i databehandleravtalen. Her fors\u00f8ker vi \u00e5 forklare den i enklere spr\u00e5k, slik at du som kunde kan forst\u00e5 hvordan vi h\u00e5ndterer dataene dine.<\/p>\n    <p style=\"text-align: left;\">Vi tilbyr ikke tilpassede databehandleravtaler.<\/p>\n    <p style=\"text-align: left;\"><a href=\"https:\/\/polar55.com\/wp-content\/uploads\/2020\/08\/DPA.pdf\">Last ned databehandleravtale<\/a><\/p>\n    <p style=\"text-align: left;\"><a href=\"https:\/\/polar55.com\/wp-content\/uploads\/2020\/09\/NSEC-Solutions.pdf\">Konfidensialitetsavtale med underdatabehandler \"NSEC Solutions\"<\/a><\/p>\n\t<p style=\"text-align: left;\"><a href=\"https:\/\/polar55.com\/wp-content\/uploads\/2025\/09\/sampedro-en.pdf\">Konfidensialitetsavtale med underdatabehandler \"Sampedro ApS\"<\/a><\/p>\n    <p style=\"text-align: left;\">Hvis du har sp\u00f8rsm\u00e5l om databehandleravtalen, skal vi gj\u00f8re v\u00e5rt beste for \u00e5 svare. Vi er imidlertid ikke jurister selv, s\u00e5 vi kan m\u00e5tte be deg om \u00e5 kontakte fagpersoner p\u00e5 omr\u00e5det.<\/p>[\/vc_column_text][\/vc_column][\/vc_row][vc_row][vc_column css=&raquo;.vc_custom_1580120817154{margin-bottom: 70px !important;}&raquo;][vc_tta_accordion][vc_tta_section title=&raquo;Hva bruker dere opplysningene mine til?&raquo; tab_id=&raquo;1598514746548-5ac5ecaa-4f7c&raquo;][vc_column_text]\n        <p style=\"text-align: left;\">Vi bruker informasjonen din for \u00e5 sikre b\u00e5de drift og muligheten til \u00e5 kommunisere med deg. E-postadressen og telefonnummeret ditt lagres for \u00e5 kunne kontakte deg. Dette kan for eksempel inkludere betalingsp\u00e5minnelser, ordrebekreftelser, informasjon om driftsproblemer og lignende. Navnet ditt og adresseopplysningene brukes blant annet til \u00e5 registrere og fornye domener, da domeneregistraren krever denne informasjonen for \u00e5 bekrefte identiteten din.<\/p>[\/vc_column_text][\/vc_tta_section][vc_tta_section title=&raquo;Hvem har tilgang til informasjonen min?&raquo; tab_id=&raquo;1598514746572-97b6a63d-18bd&raquo;][vc_column_text]\n        <p style=\"text-align: left;\">Eiere og ansatte i Polar55 har tilgang til informasjonen. I tillegg bruker vi noen eksterne partnere. Du kan til enhver tid se i databehandleravtalen hvem disse underleverand\u00f8rene er. Dette inkluderer blant annet Key-Systems GmbH, som er v\u00e5r domeneregistrar, og Hetzner som v\u00e5r serverleverand\u00f8r.<\/p>[\/vc_column_text][\/vc_tta_section][vc_tta_section title=&raquo;Hvem gir dere informasjonen min til?&raquo; tab_id=&raquo;1598515085398-1d17331b-e5f6&#8243;][vc_column_text]\n        <p style=\"text-align: left;\">Vi deler ikke informasjonen din med andre enn de nevnte underleverand\u00f8rene. Derfor er det kun selskaper som har en helt n\u00f8dvendig funksjon for at vi i Polar55 skal kunne drive en hostingvirksomhet. Vi tilstreber \u00e5 gi f\u00e6rrest mulig personer tilgang til informasjonen din.<\/p>[\/vc_column_text][\/vc_tta_section][\/vc_tta_accordion][\/vc_column][\/vc_row]<\/p>\n<\/div>","protected":false},"excerpt":{"rendered":"<p>[vc_row king_class=&raquo;price_compare&raquo; king_class_container=&raquo;table-wrapper&raquo; css=&raquo;.vc_custom_1722414293279{padding-top: 40px !important;padding-bottom: 40px !important;}&raquo;][vc_column][vc_column_text el_class=&raquo;webhotel-text&raquo;][\/vc_column_text][\/vc_column][\/vc_row][vc_row][vc_column css=&raquo;.vc_custom_1580120817154{margin-bottom: 70px !important;}&raquo;][vc_tta_accordion][vc_tta_section title=&raquo;Hva bruker dere opplysningene mine til?&raquo; tab_id=&raquo;1598514746548-5ac5ecaa-4f7c&raquo;][vc_column_text][\/vc_column_text][\/vc_tta_section][vc_tta_section title=&raquo;Hvem har tilgang til informasjonen min?&raquo; tab_id=&raquo;1598514746572-97b6a63d-18bd&raquo;][vc_column_text][\/vc_column_text][\/vc_tta_section][vc_tta_section title=&raquo;Hvem gir dere informasjonen min til?&raquo; tab_id=&raquo;1598515085398-1d17331b-e5f6&#8243;][vc_column_text][\/vc_column_text][\/vc_tta_section][\/vc_tta_accordion][\/vc_column][\/vc_row]<\/p>\n","protected":false},"author":3,"featured_media":0,"parent":0,"menu_order":0,"comment_status":"closed","ping_status":"closed","template":"","meta":{"_acf_changed":false,"footnotes":""},"class_list":["post-9437","page","type-page","status-publish","hentry"],"acf":[],"yoast_head":"<!-- This site is optimized with the Yoast SEO plugin v26.8 - https:\/\/yoast.com\/product\/yoast-seo-wordpress\/ -->\n<title>Avtale om databehandling - Polar55<\/title>\n<meta name=\"robots\" content=\"index, follow, max-snippet:-1, max-image-preview:large, max-video-preview:-1\" \/>\n<link rel=\"canonical\" href=\"https:\/\/polar55.com\/no\/avtale-om-databehandling\/\" \/>\n<meta property=\"og:locale\" content=\"nb_NO\" \/>\n<meta property=\"og:type\" content=\"article\" \/>\n<meta property=\"og:title\" content=\"Avtale om databehandling - Polar55\" \/>\n<meta property=\"og:description\" content=\"[vc_row king_class=&raquo;price_compare&raquo; king_class_container=&raquo;table-wrapper&raquo; css=&raquo;.vc_custom_1722414293279{padding-top: 40px !important;padding-bottom: 40px !important;}&raquo;][vc_column][vc_column_text el_class=&raquo;webhotel-text&raquo;][\/vc_column_text][\/vc_column][\/vc_row][vc_row][vc_column css=&raquo;.vc_custom_1580120817154{margin-bottom: 70px !important;}&raquo;][vc_tta_accordion][vc_tta_section title=&raquo;Hva bruker dere opplysningene mine til?&raquo; tab_id=&raquo;1598514746548-5ac5ecaa-4f7c&raquo;][vc_column_text][\/vc_column_text][\/vc_tta_section][vc_tta_section title=&raquo;Hvem har tilgang til informasjonen min?&raquo; tab_id=&raquo;1598514746572-97b6a63d-18bd&raquo;][vc_column_text][\/vc_column_text][\/vc_tta_section][vc_tta_section title=&raquo;Hvem gir dere informasjonen min til?&raquo; tab_id=&raquo;1598515085398-1d17331b-e5f6&#8243;][vc_column_text][\/vc_column_text][\/vc_tta_section][\/vc_tta_accordion][\/vc_column][\/vc_row]\" \/>\n<meta property=\"og:url\" content=\"https:\/\/polar55.com\/no\/avtale-om-databehandling\/\" \/>\n<meta property=\"og:site_name\" content=\"Polar55\" \/>\n<meta property=\"article:modified_time\" content=\"2026-02-04T16:07:36+00:00\" \/>\n<meta name=\"twitter:card\" content=\"summary_large_image\" \/>\n<meta name=\"twitter:label1\" content=\"Ansl. lesetid\" \/>\n\t<meta name=\"twitter:data1\" content=\"1 minutt\" \/>\n<script type=\"application\/ld+json\" class=\"yoast-schema-graph\">{\"@context\":\"https:\/\/schema.org\",\"@graph\":[{\"@type\":\"WebPage\",\"@id\":\"https:\/\/polar55.com\/no\/avtale-om-databehandling\/\",\"url\":\"https:\/\/polar55.com\/no\/avtale-om-databehandling\/\",\"name\":\"Avtale om databehandling - Polar55\",\"isPartOf\":{\"@id\":\"https:\/\/polar55.com\/no\/#website\"},\"datePublished\":\"2024-07-31T13:13:10+00:00\",\"dateModified\":\"2026-02-04T16:07:36+00:00\",\"breadcrumb\":{\"@id\":\"https:\/\/polar55.com\/no\/avtale-om-databehandling\/#breadcrumb\"},\"inLanguage\":\"nb-NO\",\"potentialAction\":[{\"@type\":\"ReadAction\",\"target\":[\"https:\/\/polar55.com\/no\/avtale-om-databehandling\/\"]}]},{\"@type\":\"BreadcrumbList\",\"@id\":\"https:\/\/polar55.com\/no\/avtale-om-databehandling\/#breadcrumb\",\"itemListElement\":[{\"@type\":\"ListItem\",\"position\":1,\"name\":\"Hjem\",\"item\":\"https:\/\/polar55.com\/no\/\"},{\"@type\":\"ListItem\",\"position\":2,\"name\":\"Avtale om databehandling\"}]},{\"@type\":\"WebSite\",\"@id\":\"https:\/\/polar55.com\/no\/#website\",\"url\":\"https:\/\/polar55.com\/no\/\",\"name\":\"Polar55\",\"description\":\"cheap hosting and domains\",\"potentialAction\":[{\"@type\":\"SearchAction\",\"target\":{\"@type\":\"EntryPoint\",\"urlTemplate\":\"https:\/\/polar55.com\/no\/?s={search_term_string}\"},\"query-input\":{\"@type\":\"PropertyValueSpecification\",\"valueRequired\":true,\"valueName\":\"search_term_string\"}}],\"inLanguage\":\"nb-NO\"}]}<\/script>\n<!-- \/ Yoast SEO plugin. -->","yoast_head_json":{"title":"Avtale om databehandling - Polar55","robots":{"index":"index","follow":"follow","max-snippet":"max-snippet:-1","max-image-preview":"max-image-preview:large","max-video-preview":"max-video-preview:-1"},"canonical":"https:\/\/polar55.com\/no\/avtale-om-databehandling\/","og_locale":"nb_NO","og_type":"article","og_title":"Avtale om databehandling - Polar55","og_description":"[vc_row king_class=&raquo;price_compare&raquo; king_class_container=&raquo;table-wrapper&raquo; css=&raquo;.vc_custom_1722414293279{padding-top: 40px !important;padding-bottom: 40px !important;}&raquo;][vc_column][vc_column_text el_class=&raquo;webhotel-text&raquo;][\/vc_column_text][\/vc_column][\/vc_row][vc_row][vc_column css=&raquo;.vc_custom_1580120817154{margin-bottom: 70px !important;}&raquo;][vc_tta_accordion][vc_tta_section title=&raquo;Hva bruker dere opplysningene mine til?&raquo; tab_id=&raquo;1598514746548-5ac5ecaa-4f7c&raquo;][vc_column_text][\/vc_column_text][\/vc_tta_section][vc_tta_section title=&raquo;Hvem har tilgang til informasjonen min?&raquo; tab_id=&raquo;1598514746572-97b6a63d-18bd&raquo;][vc_column_text][\/vc_column_text][\/vc_tta_section][vc_tta_section title=&raquo;Hvem gir dere informasjonen min til?&raquo; tab_id=&raquo;1598515085398-1d17331b-e5f6&#8243;][vc_column_text][\/vc_column_text][\/vc_tta_section][\/vc_tta_accordion][\/vc_column][\/vc_row]","og_url":"https:\/\/polar55.com\/no\/avtale-om-databehandling\/","og_site_name":"Polar55","article_modified_time":"2026-02-04T16:07:36+00:00","twitter_card":"summary_large_image","twitter_misc":{"Ansl. lesetid":"1 minutt"},"schema":{"@context":"https:\/\/schema.org","@graph":[{"@type":"WebPage","@id":"https:\/\/polar55.com\/no\/avtale-om-databehandling\/","url":"https:\/\/polar55.com\/no\/avtale-om-databehandling\/","name":"Avtale om databehandling - Polar55","isPartOf":{"@id":"https:\/\/polar55.com\/no\/#website"},"datePublished":"2024-07-31T13:13:10+00:00","dateModified":"2026-02-04T16:07:36+00:00","breadcrumb":{"@id":"https:\/\/polar55.com\/no\/avtale-om-databehandling\/#breadcrumb"},"inLanguage":"nb-NO","potentialAction":[{"@type":"ReadAction","target":["https:\/\/polar55.com\/no\/avtale-om-databehandling\/"]}]},{"@type":"BreadcrumbList","@id":"https:\/\/polar55.com\/no\/avtale-om-databehandling\/#breadcrumb","itemListElement":[{"@type":"ListItem","position":1,"name":"Hjem","item":"https:\/\/polar55.com\/no\/"},{"@type":"ListItem","position":2,"name":"Avtale om databehandling"}]},{"@type":"WebSite","@id":"https:\/\/polar55.com\/no\/#website","url":"https:\/\/polar55.com\/no\/","name":"Polar55","description":"cheap hosting and domains","potentialAction":[{"@type":"SearchAction","target":{"@type":"EntryPoint","urlTemplate":"https:\/\/polar55.com\/no\/?s={search_term_string}"},"query-input":{"@type":"PropertyValueSpecification","valueRequired":true,"valueName":"search_term_string"}}],"inLanguage":"nb-NO"}]}},"_links":{"self":[{"href":"https:\/\/polar55.com\/no\/wp-json\/wp\/v2\/pages\/9437","targetHints":{"allow":["GET"]}}],"collection":[{"href":"https:\/\/polar55.com\/no\/wp-json\/wp\/v2\/pages"}],"about":[{"href":"https:\/\/polar55.com\/no\/wp-json\/wp\/v2\/types\/page"}],"author":[{"embeddable":true,"href":"https:\/\/polar55.com\/no\/wp-json\/wp\/v2\/users\/3"}],"replies":[{"embeddable":true,"href":"https:\/\/polar55.com\/no\/wp-json\/wp\/v2\/comments?post=9437"}],"version-history":[{"count":5,"href":"https:\/\/polar55.com\/no\/wp-json\/wp\/v2\/pages\/9437\/revisions"}],"predecessor-version":[{"id":9676,"href":"https:\/\/polar55.com\/no\/wp-json\/wp\/v2\/pages\/9437\/revisions\/9676"}],"wp:attachment":[{"href":"https:\/\/polar55.com\/no\/wp-json\/wp\/v2\/media?parent=9437"}],"curies":[{"name":"wp","href":"https:\/\/api.w.org\/{rel}","templated":true}]}}