{"id":9435,"date":"2024-07-31T09:21:49","date_gmt":"2024-07-31T08:21:49","guid":{"rendered":"https:\/\/polar55.com\/informasjonskapsler\/"},"modified":"2026-02-04T16:09:24","modified_gmt":"2026-02-04T16:09:24","slug":"informasjonskapsler","status":"publish","type":"page","link":"https:\/\/polar55.com\/no\/informasjonskapsler\/","title":{"rendered":"Informasjonskapsler"},"content":{"rendered":"<div class=\"wpb-content-wrapper\"><p>[vc_row css=&raquo;.vc_custom_1722414156781{padding-top: 40px !important;padding-bottom: 40px !important;}&raquo;][vc_column][vc_column_text]\n    <strong>Generelt<\/strong>\n    <p>1.1 Denne personvernerkl\u00e6ringen (\"Personvernerkl\u00e6ring\") beskriver hvordan Polar55 (\"oss\", \"v\u00e5r\", \"vi\") samler inn og behandler informasjon om deg.<\/p>\n    <p>1.2 Personvernerkl\u00e6ringen gjelder for personopplysninger som du gir oss, eller som vi samler inn via nettstedet www.polar55.com (\"Nettstedet\").<\/p>\n    <p>1.3 Polar55 er behandlingsansvarlig for dine personopplysninger. Alle henvendelser til Polar55 kan gj\u00f8res ved \u00e5 bruke kontaktopplysningene som er oppgitt under punkt 8.<\/p>\n\n    <strong>Hvilke personopplysninger samler vi inn, til hvilke form\u00e5l, og hva er det rettslige grunnlaget for behandlingen<\/strong>\n    <p>2.1 N\u00e5r du bes\u00f8ker Nettstedet, samler vi automatisk inn informasjon om deg og din bruk av Nettstedet, som for eksempel nettlesertype, s\u00f8keord, IP-adresse og datamaskininformasjon.<\/p>\n    <p>2.1.1 Form\u00e5let er \u00e5 optimalisere brukeropplevelsen og funksjonaliteten til Nettstedet. Denne behandlingen er n\u00f8dvendig for \u00e5 ivareta v\u00e5re berettigede interesser i \u00e5 forbedre Nettstedet.<\/p>\n    <p>2.1.2 Det rettslige grunnlaget for behandlingen er artikkel 6(1)(f) i EUs personvernforordning (GDPR).<\/p>\n\n    <strong>Informasjonskapsler<\/strong>\n    <p>3.1 Polar55 bruker informasjonskapsler (cookies) til tekniske form\u00e5l, trafikkm\u00e5ling og m\u00e5lrettet annonsering.<\/p>\n\n    <strong>Mottakere av personopplysninger<\/strong>\n    <p>4.1 Informasjon kan deles med eksterne partnere for teknisk drift, regnskap, betalingsbehandling og annonsering.<\/p>\n\n    <strong>Dine rettigheter<\/strong>\n    <p>5.1 Du har rett til innsyn, retting, sletting og \u00e5 protestere mot behandlingen av dine opplysninger.<\/p>\n\n    <strong>Kontaktinformasjon<\/strong>\n    <p>Polar55<br>Beddingen 14<br>7042 Trondheim<br>E-post: kontakt[at]polar55.com<br>MVA: DK40745769<\/p>[\/vc_column_text][\/vc_column][\/vc_row]<\/p>\n<\/div>","protected":false},"excerpt":{"rendered":"<p>[vc_row css=&raquo;.vc_custom_1722414156781{padding-top: 40px !important;padding-bottom: 40px !important;}&raquo;][vc_column][vc_column_text][\/vc_column_text][\/vc_column][\/vc_row]<\/p>\n","protected":false},"author":3,"featured_media":0,"parent":0,"menu_order":0,"comment_status":"closed","ping_status":"closed","template":"","meta":{"_acf_changed":false,"footnotes":""},"class_list":["post-9435","page","type-page","status-publish","hentry"],"acf":[],"yoast_head":"<!-- This site is optimized with the Yoast SEO plugin v26.8 - https:\/\/yoast.com\/product\/yoast-seo-wordpress\/ -->\n<title>Informasjonskapsler - Polar55<\/title>\n<meta name=\"robots\" content=\"index, follow, max-snippet:-1, max-image-preview:large, max-video-preview:-1\" \/>\n<link rel=\"canonical\" href=\"https:\/\/polar55.com\/no\/informasjonskapsler\/\" \/>\n<meta property=\"og:locale\" content=\"nb_NO\" \/>\n<meta property=\"og:type\" content=\"article\" \/>\n<meta property=\"og:title\" content=\"Informasjonskapsler - Polar55\" \/>\n<meta property=\"og:description\" content=\"[vc_row css=&raquo;.vc_custom_1722414156781{padding-top: 40px !important;padding-bottom: 40px !important;}&raquo;][vc_column][vc_column_text][\/vc_column_text][\/vc_column][\/vc_row]\" \/>\n<meta property=\"og:url\" content=\"https:\/\/polar55.com\/no\/informasjonskapsler\/\" \/>\n<meta property=\"og:site_name\" content=\"Polar55\" \/>\n<meta property=\"article:modified_time\" content=\"2026-02-04T16:09:24+00:00\" \/>\n<meta name=\"twitter:card\" content=\"summary_large_image\" \/>\n<meta name=\"twitter:label1\" content=\"Ansl. lesetid\" \/>\n\t<meta name=\"twitter:data1\" content=\"1 minutt\" \/>\n<script type=\"application\/ld+json\" class=\"yoast-schema-graph\">{\"@context\":\"https:\/\/schema.org\",\"@graph\":[{\"@type\":\"WebPage\",\"@id\":\"https:\/\/polar55.com\/no\/informasjonskapsler\/\",\"url\":\"https:\/\/polar55.com\/no\/informasjonskapsler\/\",\"name\":\"Informasjonskapsler - Polar55\",\"isPartOf\":{\"@id\":\"https:\/\/polar55.com\/no\/#website\"},\"datePublished\":\"2024-07-31T08:21:49+00:00\",\"dateModified\":\"2026-02-04T16:09:24+00:00\",\"breadcrumb\":{\"@id\":\"https:\/\/polar55.com\/no\/informasjonskapsler\/#breadcrumb\"},\"inLanguage\":\"nb-NO\",\"potentialAction\":[{\"@type\":\"ReadAction\",\"target\":[\"https:\/\/polar55.com\/no\/informasjonskapsler\/\"]}]},{\"@type\":\"BreadcrumbList\",\"@id\":\"https:\/\/polar55.com\/no\/informasjonskapsler\/#breadcrumb\",\"itemListElement\":[{\"@type\":\"ListItem\",\"position\":1,\"name\":\"Hjem\",\"item\":\"https:\/\/polar55.com\/no\/\"},{\"@type\":\"ListItem\",\"position\":2,\"name\":\"Informasjonskapsler\"}]},{\"@type\":\"WebSite\",\"@id\":\"https:\/\/polar55.com\/no\/#website\",\"url\":\"https:\/\/polar55.com\/no\/\",\"name\":\"Polar55\",\"description\":\"cheap hosting and domains\",\"potentialAction\":[{\"@type\":\"SearchAction\",\"target\":{\"@type\":\"EntryPoint\",\"urlTemplate\":\"https:\/\/polar55.com\/no\/?s={search_term_string}\"},\"query-input\":{\"@type\":\"PropertyValueSpecification\",\"valueRequired\":true,\"valueName\":\"search_term_string\"}}],\"inLanguage\":\"nb-NO\"}]}<\/script>\n<!-- \/ Yoast SEO plugin. -->","yoast_head_json":{"title":"Informasjonskapsler - Polar55","robots":{"index":"index","follow":"follow","max-snippet":"max-snippet:-1","max-image-preview":"max-image-preview:large","max-video-preview":"max-video-preview:-1"},"canonical":"https:\/\/polar55.com\/no\/informasjonskapsler\/","og_locale":"nb_NO","og_type":"article","og_title":"Informasjonskapsler - Polar55","og_description":"[vc_row css=&raquo;.vc_custom_1722414156781{padding-top: 40px !important;padding-bottom: 40px !important;}&raquo;][vc_column][vc_column_text][\/vc_column_text][\/vc_column][\/vc_row]","og_url":"https:\/\/polar55.com\/no\/informasjonskapsler\/","og_site_name":"Polar55","article_modified_time":"2026-02-04T16:09:24+00:00","twitter_card":"summary_large_image","twitter_misc":{"Ansl. lesetid":"1 minutt"},"schema":{"@context":"https:\/\/schema.org","@graph":[{"@type":"WebPage","@id":"https:\/\/polar55.com\/no\/informasjonskapsler\/","url":"https:\/\/polar55.com\/no\/informasjonskapsler\/","name":"Informasjonskapsler - Polar55","isPartOf":{"@id":"https:\/\/polar55.com\/no\/#website"},"datePublished":"2024-07-31T08:21:49+00:00","dateModified":"2026-02-04T16:09:24+00:00","breadcrumb":{"@id":"https:\/\/polar55.com\/no\/informasjonskapsler\/#breadcrumb"},"inLanguage":"nb-NO","potentialAction":[{"@type":"ReadAction","target":["https:\/\/polar55.com\/no\/informasjonskapsler\/"]}]},{"@type":"BreadcrumbList","@id":"https:\/\/polar55.com\/no\/informasjonskapsler\/#breadcrumb","itemListElement":[{"@type":"ListItem","position":1,"name":"Hjem","item":"https:\/\/polar55.com\/no\/"},{"@type":"ListItem","position":2,"name":"Informasjonskapsler"}]},{"@type":"WebSite","@id":"https:\/\/polar55.com\/no\/#website","url":"https:\/\/polar55.com\/no\/","name":"Polar55","description":"cheap hosting and domains","potentialAction":[{"@type":"SearchAction","target":{"@type":"EntryPoint","urlTemplate":"https:\/\/polar55.com\/no\/?s={search_term_string}"},"query-input":{"@type":"PropertyValueSpecification","valueRequired":true,"valueName":"search_term_string"}}],"inLanguage":"nb-NO"}]}},"_links":{"self":[{"href":"https:\/\/polar55.com\/no\/wp-json\/wp\/v2\/pages\/9435","targetHints":{"allow":["GET"]}}],"collection":[{"href":"https:\/\/polar55.com\/no\/wp-json\/wp\/v2\/pages"}],"about":[{"href":"https:\/\/polar55.com\/no\/wp-json\/wp\/v2\/types\/page"}],"author":[{"embeddable":true,"href":"https:\/\/polar55.com\/no\/wp-json\/wp\/v2\/users\/3"}],"replies":[{"embeddable":true,"href":"https:\/\/polar55.com\/no\/wp-json\/wp\/v2\/comments?post=9435"}],"version-history":[{"count":4,"href":"https:\/\/polar55.com\/no\/wp-json\/wp\/v2\/pages\/9435\/revisions"}],"predecessor-version":[{"id":9647,"href":"https:\/\/polar55.com\/no\/wp-json\/wp\/v2\/pages\/9435\/revisions\/9647"}],"wp:attachment":[{"href":"https:\/\/polar55.com\/no\/wp-json\/wp\/v2\/media?parent=9435"}],"curies":[{"name":"wp","href":"https:\/\/api.w.org\/{rel}","templated":true}]}}