{"id":7461,"date":"2019-04-03T05:01:13","date_gmt":"2019-04-03T04:01:13","guid":{"rendered":"https:\/\/polar55.com\/webhosting-van-polar55-eenvoudig-rechttoe-rechtaan-en-betaalbaar\/"},"modified":"2026-05-01T12:13:38","modified_gmt":"2026-05-01T11:13:38","slug":"webhosting-van-polar55-eenvoudig-rechttoe-rechtaan-en-betaalbaar","status":"publish","type":"page","link":"https:\/\/polar55.com\/nl\/","title":{"rendered":"Polar55 | All-inclusive hosting voor zeer scherpe prijzen"},"content":{"rendered":"<div class=\"wpb-content-wrapper\"><p>[vc_section css=&#8221;.vc_custom_1732779687715{padding-top: 0px !important;background-color: #00062a !important;}&#8221;][vc_row el_class=&#8221;domain_search&#8221;][vc_column][vc_raw_html]JTVCZG9tYWluX3NlYXJjaCUyMGxhbmclM0QlMjJkdXRjaCUyMiU1RA==[\/vc_raw_html][\/vc_column][\/vc_row][\/vc_section][vc_section css=&#8221;.vc_custom_1732883330463{background-image: url(https:\/\/polar55.com\/wp-content\/uploads\/2024\/11\/polarcode-v3-1.jpg?id=6672) !important;background-position: center !important;background-repeat: no-repeat !important;background-size: cover !important;}&#8221;][vc_row king_bg_repeat=&#8221;cover&#8221; css=&#8221;.vc_custom_1722333343063{padding-top: 0px !important;padding-bottom: 100px !important;background-position: center !important;background-repeat: no-repeat !important;background-size: cover !important;}&#8221; king_class=&#8221;nwcover&#8221;][vc_column width=&#8221;3\/4&#8243; css=&#8221;.vc_custom_1734343903483{padding-top: 20px !important;padding-bottom: 0px !important;}&#8221;][vc_single_image image=&#8221;7501&#8243; img_size=&#8221;full&#8221;][vc_column_text css=&#8221;.vc_custom_1742218052511{margin-top: 0px !important;}&#8221;]\n<div style=\"display: inline-block; margin-right: 50px;\">\n    <ul style=\"list-style: none; margin: 0px; color: #3a3a3a; font-weight: 800; line-height: 200%;\">\n        <li><a href=\"https:\/\/www.google.nl\/search?q=Polar55+review+beoordelingen\" rel=\"nofollow\" style=\"color:#00062a\" target=\"_blank\">Uitstekende beoordelingen<\/a><\/li>\n    <\/ul>\n<\/div>[\/vc_column_text][vc_column_text css=&#8221;.vc_custom_1742218058311{margin-top: 30px !important;margin-bottom: 20px !important;}&#8221;]\n<strong class=\"nw-header-font-byline\">HOSTING &amp; DOMEINEN<\/strong><br>\n<strong class=\"nw-header-font-forside\"><em style=\"font-weight: 900; color: #00062a; font-style: normal;\">Bestel<\/em>nu<\/strong>[\/vc_column_text][vc_column_text]\n<div style=\"display: inline-block; margin-right: 50px;\">\n    <ul style=\"list-style: none; margin: 0px; color: #3a3a3a; font-weight: 800; line-height: 200%;\">\n        <li><i class=\"fas fa-check\"><\/i> Website met 1-click installatie<\/li>\n        <li><i class=\"fas fa-check\"><\/i> Onbeperkt aantal domeinen<\/li>\n        <li><i class=\"fas fa-check\"><\/i> Onbeperkt aantal e-mailaccounts<\/li>\n        <li><i class=\"fas fa-check\"><\/i> <a style=\"color: #444;\" href=\"https:\/\/nl.trustpilot.com\/review\/polar55.com\" target=\"_blank\" rel=\"noopener noreferrer\">Bekijk onze uitstekende reviews<\/a><\/li>\n    <\/ul>\n<\/div>\n<div style=\"display: inline-block;\">\n    <ul style=\"list-style: none; margin: 0px; color: #3a3a3a; font-weight: 800; line-height: 200%;\">\n        <li><i class=\"fas fa-check\"><\/i> 24\/7 Nederlandse ondersteuning.<\/li>\n        <li><i class=\"fas fa-check\"><\/i> Gratis SSL\/HTTPS en veel opslagruimte<\/li>\n        <li><i class=\"fas fa-check\"><\/i> Gratis WordPress Staging & Tools<\/li>\n        <li><i class=\"fas fa-check\"><\/i> Gekozen door 30.000+ websites<\/li>\n    <\/ul>\n<\/div>[\/vc_column_text][vc_column_text css=&#8221;.vc_custom_1742218069215{margin-top: 20px !important;}&#8221;]\n<a class=\"sbut1\" style=\"transition: none 0s ease 0s; text-align: inherit; line-height: 23px; border-width: 0px; margin: 5px 0px 0px; padding: 12px 22px; letter-spacing: 0px; font-weight: bold; font-size: 18px;\" href=\"\/client\/cart.php?a=add&amp;domain=register&amp;language=dutch\">Bestel hosting en domein<\/a><span style=\"display: inline-block;font-weight: bold;margin-top: 3px;margin-bottom: -3px;width:100%;\">\n<i class=\"fas fa-check\" style=\"color:green\"><\/i> 14 dagen geld-terug-garantie\n<\/span>[\/vc_column_text][\/vc_column][vc_column width=&#8221;1\/4&#8243; offset=&#8221;vc_hidden-sm vc_hidden-xs&#8221;][vc_column_text]<\/p>\n<div id=\"slide-2-layer-15\" class=\"tp-caption sbox1 tp-resizeme sbox1\" style=\"display: inline-block;\">Bespaar<br \/>\n<strong style=\"font-size: 44px; transition: none 0s ease 0s; text-align: inherit; line-height: 32px; border-width: 0px; margin: 0px; padding: 0px; letter-spacing: 0px; font-weight: 800;\">76% <\/strong><br \/>\nop hosting<br \/>\nhet eerste jaar!<\/div>\n<p>[\/vc_column_text][vc_column_text]<\/p>\n<div class=\"cirbox1 colored\" style=\"padding: 33px 0px 0px; width: 155px; height: 155px; line-height: 23px; border-width: 0px; margin: 0px; letter-spacing: 0px; font-weight: 600; font-size: 21px; margin-top: -40px; z-index: 20; position: relative; margin-left: 30px;\">\n<div style=\"display: block; margin: 20px 0px -5px; line-height: 23px; adding: 0px; letter-spacing: 0px; font-weight: 600; font-size: 21px;\"><span style=\"line-height: 18px; font-size: 18px; margin: 0px; padding: 0px; letter-spacing: 0px; font-weight: 600;\">\u20ac <\/span><b style=\"font-size: 45px; margin: 0px; line-height: 23px; padding: 0px; letter-spacing: 0px; font-weight: bold;\">0.80<\/b><\/div>\n<p><em style=\"font-size: 15px; line-height: 43px; margin: 0px; padding: 0px; letter-spacing: 0px; font-weight: 500;\">per maand *<\/em><\/p>\n<\/div>\n<p>[\/vc_column_text][\/vc_column][\/vc_row][\/vc_section][vc_row css=&#8221;.vc_custom_1722342203556{padding-top: 40px !important;padding-bottom: 0px !important;}&#8221;][vc_column][vc_raw_html]JTVCYnhzbGlkZXIlMjBsYW5nJTNEJTIyZHV0Y2glMjIlNUQ=[\/vc_raw_html][\/vc_column][\/vc_row][vc_row king_class=&#8221;trustpilot-container&#8221; css=&#8221;.vc_custom_1722847697176{margin-top: -5px !important;margin-bottom: 0px !important;}&#8221;][vc_column][vc_raw_html]JTVCdHJ1c3RwaWxvdCUyMGxhbmclM0QlMjJkdXRjaCUyMiU1RA==[\/vc_raw_html][\/vc_column][\/vc_row][vc_row king_class=&#8221;host_plans&#8221; css=&#8221;.vc_custom_1722335723682{padding-top: 30px !important;}&#8221; el_class=&#8221;host_plans&#8221;][vc_column width=&#8221;1\/2&#8243; el_delay=&#8221;250&#8243;][vc_raw_html]JTVCZnJvbnRwYWdlX21haW50YWJsZSUyMGxhbmclM0QlMjJkdXRjaCUyMiU1RA==[\/vc_raw_html][\/vc_column][vc_column width=&#8221;1\/2&#8243;][vc_custom_heading text=&#8221;Alles wat je nodig hebt in \u00e9\u00e9n hostingpakket&#8221; font_container=&#8221;tag:h1|text_align:left&#8221; google_fonts=&#8221;font_family:Roboto%3A100%2C100italic%2C300%2C300italic%2Cregular%2Citalic%2C500%2C500italic%2C700%2C700italic%2C900%2C900italic|font_style:700%20bold%20regular%3A700%3Anormal&#8221; el_class=&#8221;caps&#8221;][vc_column_text el_class=&#8221;roboto&#8221;]\n<p style=\"text-align: left;\"><strong>Hosting moet eenvoudig en duidelijk zijn.<\/strong><\/p>\n<p style=\"text-align: left;\">Daarom hebben we bij Polar55 ervoor gekozen om slechts \u00e9\u00e9n webhostingoplossing aan te bieden. E\u00e9n webhostingplan met alles wat je nodig hebt om je eigen website of online winkel te starten.<\/p>\n<p style=\"text-align: left;\">Je hoeft je geen zorgen te maken over zaken zoals traffic of opslag, want dat hebben wij al voor je geregeld. We hebben een webhostingpakket samengesteld dat meer dan genoeg biedt voor de meeste behoeften.<\/p>\n<p style=\"text-align: left;\">Bij Polar55 krijg je een van de meest betaalbare webhostingoplossingen op de markt, maar dan wel met de opslag, het verkeer, de domeinslots, databases en functies die zelfs de duurste opties evenaren.<\/p>\n<p style=\"text-align: left;\">Bij Polar55 zijn wij specialisten in WordPress. Daarom bieden wij onder andere Managed WordPress aan \u2013 een oplossing met effectieve tools die het eenvoudig en overzichtelijk maken om je website te beheren. Ons supportteam bestaat uit ervaren WordPress-experts die je snel verder helpen wanneer er technische problemen optreden.<\/p>\n<p style=\"text-align: left;\">Nog steeds niet zeker of wij de juiste provider voor jou zijn? <a href=\"https:\/\/polar55.com\/nl\/hosting\/\">Lees hier meer!<\/a><\/p>[\/vc_column_text][\/vc_column][\/vc_row][vc_section css=&#8221;.vc_custom_1732893538883{padding-top: 50px !important;padding-bottom: 70px !important;background-color: #00062a !important;}&#8221;][vc_row el_class=&#8221;title&#8221;][vc_column][vc_custom_heading text=&#8221;Aan de slag in enkele minuten&#8221; font_container=&#8221;tag:h1|font_size:35|text_align:center|color:%23ffffff&#8221; google_fonts=&#8221;font_family:Roboto%3A100%2C100italic%2C300%2C300italic%2Cregular%2Citalic%2C500%2C500italic%2C700%2C700italic%2C900%2C900italic|font_style:700%20bold%20regular%3A700%3Anormal&#8221; el_class=&#8221;caps&#8221;][vc_empty_space height=&#8221;30px&#8221;][vc_row_inner][vc_column_inner width=&#8221;2\/3&#8243; css=&#8221;.vc_custom_1733741308412{margin-bottom: 30px !important;}&#8221;][vc_raw_html]JTVCdmltZW9fdmlkZW9faG9tZSUyMGxhbmclM0QlMjJkdXRjaCUyMiU1RA==[\/vc_raw_html][\/vc_column_inner][vc_column_inner width=&#8221;1\/3&#8243;][vc_raw_html]JTVCdmltZW9fdmlkZW9faG9tZV9kZXNjcmlwdGlvbiUyMGxhbmclM0QlMjJkdXRjaCUyMiU1RA==[\/vc_raw_html][\/vc_column_inner][\/vc_row_inner][\/vc_column][\/vc_row][\/vc_section][vc_section el_class=&#8221;feature_section1&#8243; css=&#8221;.vc_custom_1722337138213{background-color: #f3f3f3 !important;}&#8221;][vc_row][vc_column][vc_custom_heading text=&#8221;Meer over onze hostingpakketten&#8221; font_container=&#8221;tag:h2|text_align:center|color:%2300062a&#8221; google_fonts=&#8221;font_family:Roboto%3A100%2C100italic%2C300%2C300italic%2Cregular%2Citalic%2C500%2C500italic%2C700%2C700italic%2C900%2C900italic|font_style:700%20bold%20regular%3A700%3Anormal&#8221; el_class=&#8221;caps&#8221;][vc_raw_html]PGRpdiBjbGFzcz0iY2xlYXJmaXggbWFyZ2luX3RvcDMiPjwvZGl2Pg==[\/vc_raw_html][vc_row_inner][vc_column_inner width=&#8221;1\/3&#8243;][vc_raw_html]JTVCaG9zdGluZ19wYWNrYWdlX2ljb24lMjBpY29uJTNEJTIyZmEtdGFza3MlMjIlMjB0eXBlJTNEJTIyc3RvcmFnZSUyMiUyMGxhbmclM0QlMjJkdXRjaCUyMiU1RA==[\/vc_raw_html][vc_raw_html]JTVCaG9zdGluZ19wYWNrYWdlX2ljb24lMjBpY29uJTNEJTIyZmEtbG9jayUyMiUyMHR5cGUlM0QlMjJzc2wlMjIlMjBsYW5nJTNEJTIyZHV0Y2glMjIlNUQ=[\/vc_raw_html][vc_raw_html]JTVCaG9zdGluZ19wYWNrYWdlX2ljb24lMjBpY29uJTNEJTIyZmEtc2hhcmUlMjIlMjB0eXBlJTNEJTIyY2xpY2tfaW5zdGFsbCUyMiUyMGxhbmclM0QlMjJkdXRjaCUyMiU1RA==[\/vc_raw_html][\/vc_column_inner][vc_column_inner width=&#8221;1\/3&#8243;][vc_raw_html]JTVCaG9zdGluZ19wYWNrYWdlX2ljb24lMjBpY29uJTNEJTIyZmEtdXBsb2FkJTIyJTIwdHlwZSUzRCUyMmJhY2t1cCUyMiUyMGxhbmclM0QlMjJkdXRjaCUyMiU1RA==[\/vc_raw_html][vc_raw_html]JTVCaG9zdGluZ19wYWNrYWdlX2ljb24lMjBpY29uJTNEJTIyZmEtZW52ZWxvcGUlMjIlMjB0eXBlJTNEJTIyZW1haWxfYWNjb3VudHMlMjIlMjBsYW5nJTNEJTIyZHV0Y2glMjIlNUQ=[\/vc_raw_html][vc_raw_html]JTVCaG9zdGluZ19wYWNrYWdlX2ljb24lMjBpY29uJTNEJTIyZmEtZGVza3RvcCUyMiUyMHR5cGUlM0QlMjJjcGFuZWwlMjIlMjBsYW5nJTNEJTIyZHV0Y2glMjIlNUQ=[\/vc_raw_html][\/vc_column_inner][vc_column_inner width=&#8221;1\/3&#8243;][vc_raw_html]JTVCaG9zdGluZ19wYWNrYWdlX2ljb24lMjBpY29uJTNEJTIyZmEtY29ncyUyMiUyMHR5cGUlM0QlMjJzZXJ2ZXJzJTIyJTIwbGFuZyUzRCUyMmR1dGNoJTIyJTVE[\/vc_raw_html][vc_raw_html]JTVCaG9zdGluZ19wYWNrYWdlX2ljb24lMjBpY29uJTNEJTIyZmEtdXNlciUyMiUyMHR5cGUlM0QlMjJlbWFpbF9zdXBwb3J0JTIyJTIwbGFuZyUzRCUyMmR1dGNoJTIyJTVE[\/vc_raw_html][vc_raw_html]JTVCaG9zdGluZ19wYWNrYWdlX2ljb24lMjBpY29uJTNEJTIyZmEtc2lnbmFsJTIyJTIwdHlwZSUzRCUyMnVwdGltZSUyMiUyMGxhbmclM0QlMjJkdXRjaCUyMiU1RA==[\/vc_raw_html][\/vc_column_inner][\/vc_row_inner][\/vc_column][\/vc_row][\/vc_section][vc_section full_width=&#8221;stretch_row_content&#8221; el_class=&#8221;feature_section2&#8243;][vc_row el_class=&#8221;title&#8221;][vc_column][vc_custom_heading text=&#8221;Begin binnen enkele minuten!&#8221; font_container=&#8221;tag:h1|text_align:center|color:%232a363f&#8221; google_fonts=&#8221;font_family:Roboto%3A100%2C100italic%2C300%2C300italic%2Cregular%2Citalic%2C500%2C500italic%2C700%2C700italic%2C900%2C900italic|font_style:700%20bold%20regular%3A700%3Anormal&#8221; el_class=&#8221;caps sitecolor&#8221;][\/vc_column][\/vc_row][vc_row el_class=&#8221;width100&#8243;][vc_column][vc_row_inner el_class=&#8221;twoboxes&#8221;][vc_column_inner width=&#8221;1\/2&#8243;][vc_raw_html]JTVCb25lX2NsaWNrX2d1aWRlJTIwbGFuZyUzRCUyMmR1dGNoJTIyJTVE[\/vc_raw_html][\/vc_column_inner][vc_column_inner el_class=&#8221;right&#8221; width=&#8221;1\/2&#8243;][vc_raw_html]JTVCd29yZHByZXNzX2VtYWlsX2hlbHAlMjBsYW5nJTNEJTIyZHV0Y2glMjIlNUQlMEE=[\/vc_raw_html][\/vc_column_inner][\/vc_row_inner][\/vc_column][\/vc_row][\/vc_section][vc_section el_class=&#8221;feature_section5&#8243;][vc_row][vc_column][vc_row_inner content_placement=&#8221;middle&#8221;][vc_column_inner width=&#8221;1\/3&#8243;][vc_single_image image=&#8221;7496&#8243; img_size=&#8221;full&#8221; alignment=&#8221;center&#8221;][\/vc_column_inner][vc_column_inner width=&#8221;2\/3&#8243;][vc_custom_heading text=&#8221;100% compatibel met de meeste systemen!&#8221; font_container=&#8221;tag:h3|text_align:left&#8221; google_fonts=&#8221;font_family:Roboto%3A100%2C100italic%2C300%2C300italic%2Cregular%2Citalic%2C500%2C500italic%2C700%2C700italic%2C900%2C900italic|font_style:700%20bold%20regular%3A700%3Anormal&#8221; el_class=&#8221;caps&#8221;][vc_column_text]\n    <ul>\n        <li><img decoding=\"async\" style=\"width: 120px;\" src=\"https:\/\/polar55.com\/wp-content\/uploads\/2019\/03\/scripts-logo1.jpg\" alt=\"WordPress\" \/><\/li>\n        <li><img decoding=\"async\" style=\"width: 120px;\" src=\"https:\/\/polar55.com\/wp-content\/uploads\/2026\/05\/lovable.png\" alt=\"Lovable\" \/><\/li>\n        <li><img decoding=\"async\" style=\"width: 120px;\" src=\"https:\/\/polar55.com\/wp-content\/uploads\/2026\/05\/squarespace.png\" alt=\"Squarespace\" \/><\/li>\n        <li><img decoding=\"async\" style=\"width: 120px;\" src=\"https:\/\/polar55.com\/wp-content\/uploads\/2021\/03\/wix.png\" alt=\"Wix\" \/><\/li>\n        <li><img decoding=\"async\" style=\"width: 120px;\" src=\"https:\/\/polar55.com\/wp-content\/uploads\/2021\/03\/shopify.png\" alt=\"Shopify\" \/><\/li>\n    <\/ul>[\/vc_column_text][\/vc_column_inner][\/vc_row_inner][\/vc_column][\/vc_row][\/vc_section][vc_section css=&#8221;.vc_custom_1722339380066{padding-top: 90px !important;padding-bottom: 70px !important;background-image: url(https:\/\/polar55.com\/wp-content\/uploads\/2020\/11\/hvad-kan-vi-tilbyde.jpg?id=3765) !important;background-position: center !important;background-repeat: no-repeat !important;background-size: cover !important;}&#8221;][vc_row][vc_column][vc_custom_heading text=&#8221;Wat kunnen we bieden?&#8221; font_container=&#8221;tag:h1|text_align:center&#8221; google_fonts=&#8221;font_family:Roboto%3A100%2C100italic%2C300%2C300italic%2Cregular%2Citalic%2C500%2C500italic%2C700%2C700italic%2C900%2C900italic|font_style:700%20bold%20regular%3A700%3Anormal&#8221; el_class=&#8221;caps&#8221;][vc_tta_tabs active_section=&#8221;1&#8243;][vc_tta_section title=&#8221;Hosting&#8221; tab_id=&#8221;1722338954771-d8c953c1-5308&#8243;][vc_row_inner][vc_column_inner width=&#8221;1\/3&#8243;][vc_single_image image=&#8221;7489&#8243; img_size=&#8221;full&#8221; css=&#8221;.vc_custom_1733743019719{margin-bottom: 20px !important;}&#8221;][\/vc_column_inner][vc_column_inner width=&#8221;2\/3&#8243;][vc_custom_heading text=&#8221;Wij bieden \u00e9\u00e9n webhostingplan met alles wat je nodig hebt. Eenvoudig en gemakkelijk te begrijpen&#8221; google_fonts=&#8221;font_family:Roboto%3A100%2C100italic%2C300%2C300italic%2Cregular%2Citalic%2C500%2C500italic%2C700%2C700italic%2C900%2C900italic|font_style:700%20bold%20regular%3A700%3Anormal&#8221;][vc_column_text css=&#8221;.vc_custom_1742218191396{margin-bottom: 15px !important;}&#8221;]\n<p class=\"bigtfont dark\">\nMoeite met lange lijsten vol technische informatie te begrijpen? Wij snappen het, daarom hebben we het eenvoudig gemaakt met \u00e9\u00e9n allesomvattend webhostingpakket dat alles bevat wat je nodig hebt om een website of webshop te runnen.\n<\/p>[\/vc_column_text][vc_empty_space height=&#8221;15px&#8221;][vc_raw_html]JTVCaG9zdGluZ19saW5rJTIwbGFuZyUzRCUyMmR1dGNoJTIyJTVE[\/vc_raw_html][\/vc_column_inner][\/vc_row_inner][\/vc_tta_section][vc_tta_section title=&#8221;Domeinen&#8221; tab_id=&#8221;1722338954794-1dcf2b97-89ed&#8221;][vc_row_inner][vc_column_inner width=&#8221;1\/3&#8243;][vc_single_image image=&#8221;11218&#8243; img_size=&#8221;full&#8221;][\/vc_column_inner][vc_column_inner width=&#8221;2\/3&#8243;][vc_custom_heading text=&#8221;U kunt uw nieuwe domein bij ons registreren&#8221; google_fonts=&#8221;font_family:Roboto%3A100%2C100italic%2C300%2C300italic%2Cregular%2Citalic%2C500%2C500italic%2C700%2C700italic%2C900%2C900italic|font_style:700%20bold%20regular%3A700%3Anormal&#8221;][vc_column_text]\n    <p class=\"bigtfont dark\">Bestel je domein bij ons en begin snel met het bouwen van je website. Je kunt bovenaan de pagina controleren welke domeinen beschikbaar zijn. Bij ons kun je een onbeperkt aantal domeinen en bijbehorende websites in hetzelfde webhostingpakket hebben.<\/p>[\/vc_column_text][vc_empty_space height=&#8221;15px&#8221;][vc_raw_html]JTVCZG9tYWluX2xpbmslMjBsYW5nJTNEJTIyZHV0Y2glMjIlNUQ=[\/vc_raw_html][\/vc_column_inner][\/vc_row_inner][\/vc_tta_section][\/vc_tta_tabs][\/vc_column][\/vc_row][\/vc_section]<\/p>\n<\/div>","protected":false},"excerpt":{"rendered":"<p>[vc_section css=&#8221;.vc_custom_1732779687715{padding-top: 0px !important;background-color: #00062a !important;}&#8221;][vc_row el_class=&#8221;domain_search&#8221;][vc_column][vc_raw_html]JTVCZG9tYWluX3NlYXJjaCUyMGxhbmclM0QlMjJkdXRjaCUyMiU1RA==[\/vc_raw_html][\/vc_column][\/vc_row][\/vc_section][vc_section css=&#8221;.vc_custom_1732883330463{background-image: url(https:\/\/polar55.com\/wp-content\/uploads\/2024\/11\/polarcode-v3-1.jpg?id=6672) !important;background-position: center !important;background-repeat: no-repeat !important;background-size: cover !important;}&#8221;][vc_row king_bg_repeat=&#8221;cover&#8221; css=&#8221;.vc_custom_1722333343063{padding-top: 0px !important;padding-bottom: 100px !important;background-position: center !important;background-repeat: no-repeat !important;background-size: cover !important;}&#8221; king_class=&#8221;nwcover&#8221;][vc_column width=&#8221;3\/4&#8243; css=&#8221;.vc_custom_1734343903483{padding-top: 20px !important;padding-bottom: 0px !important;}&#8221;][vc_single_image image=&#8221;7501&#8243; img_size=&#8221;full&#8221;][vc_column_text css=&#8221;.vc_custom_1742218052511{margin-top: 0px !important;}&#8221;][\/vc_column_text][vc_column_text css=&#8221;.vc_custom_1742218058311{margin-top: 30px !important;margin-bottom: 20px !important;}&#8221;][\/vc_column_text][vc_column_text][\/vc_column_text][vc_column_text css=&#8221;.vc_custom_1742218069215{margin-top: 20px !important;}&#8221;][\/vc_column_text][\/vc_column][vc_column width=&#8221;1\/4&#8243; offset=&#8221;vc_hidden-sm vc_hidden-xs&#8221;][vc_column_text] Bespaar op hosting het &hellip;<\/p>\n","protected":false},"author":1,"featured_media":7511,"parent":0,"menu_order":0,"comment_status":"closed","ping_status":"open","template":"","meta":{"_acf_changed":false,"footnotes":""},"class_list":["post-7461","page","type-page","status-publish","has-post-thumbnail","hentry"],"acf":[],"yoast_head":"<!-- This site is optimized with the Yoast SEO plugin v26.8 - https:\/\/yoast.com\/product\/yoast-seo-wordpress\/ -->\n<title>Polar55 | All-inclusive hosting voor zeer scherpe prijzen<\/title>\n<meta name=\"description\" content=\"Bij Polar55 krijg je all-inclusive hosting voor een ongelooflijk scherpe prijs. Onbeperkte domeinen, e-mail, websites, ondersteuning in het Nederlands en veel opslagruimte.\" \/>\n<meta name=\"robots\" content=\"index, follow, max-snippet:-1, max-image-preview:large, max-video-preview:-1\" \/>\n<link rel=\"canonical\" href=\"https:\/\/polar55.com\/nl\/\" \/>\n<meta property=\"og:locale\" content=\"nl_NL\" \/>\n<meta property=\"og:type\" content=\"article\" \/>\n<meta property=\"og:title\" content=\"Polar55 | All-inclusive hosting voor zeer scherpe prijzen\" \/>\n<meta property=\"og:description\" content=\"Bij Polar55 krijg je all-inclusive hosting voor een ongelooflijk scherpe prijs. Onbeperkte domeinen, e-mail, websites, ondersteuning in het Nederlands en veel opslagruimte.\" \/>\n<meta property=\"og:url\" content=\"https:\/\/polar55.com\/nl\/\" \/>\n<meta property=\"og:site_name\" content=\"Polar55\" \/>\n<meta property=\"article:modified_time\" content=\"2026-05-01T11:13:38+00:00\" \/>\n<meta property=\"og:image\" content=\"https:\/\/polar55.com\/wp-content\/uploads\/2024\/11\/logo-square.png\" \/>\n\t<meta property=\"og:image:width\" content=\"400\" \/>\n\t<meta property=\"og:image:height\" content=\"400\" \/>\n\t<meta property=\"og:image:type\" content=\"image\/png\" \/>\n<meta name=\"twitter:card\" content=\"summary_large_image\" \/>\n<meta name=\"twitter:label1\" content=\"Geschatte leestijd\" \/>\n\t<meta name=\"twitter:data1\" content=\"3 minuten\" \/>\n<script type=\"application\/ld+json\" class=\"yoast-schema-graph\">{\"@context\":\"https:\/\/schema.org\",\"@graph\":[{\"@type\":\"WebPage\",\"@id\":\"https:\/\/polar55.com\/nl\/\",\"url\":\"https:\/\/polar55.com\/nl\/\",\"name\":\"Polar55 | All-inclusive hosting voor zeer scherpe prijzen\",\"isPartOf\":{\"@id\":\"https:\/\/polar55.com\/nl\/#website\"},\"primaryImageOfPage\":{\"@id\":\"https:\/\/polar55.com\/nl\/#primaryimage\"},\"image\":{\"@id\":\"https:\/\/polar55.com\/nl\/#primaryimage\"},\"thumbnailUrl\":\"https:\/\/polar55.com\/wp-content\/uploads\/2024\/11\/logo-square.png\",\"datePublished\":\"2019-04-03T04:01:13+00:00\",\"dateModified\":\"2026-05-01T11:13:38+00:00\",\"description\":\"Bij Polar55 krijg je all-inclusive hosting voor een ongelooflijk scherpe prijs. Onbeperkte domeinen, e-mail, websites, ondersteuning in het Nederlands en veel opslagruimte.\",\"breadcrumb\":{\"@id\":\"https:\/\/polar55.com\/nl\/#breadcrumb\"},\"inLanguage\":\"nl-NL\",\"potentialAction\":[{\"@type\":\"ReadAction\",\"target\":[\"https:\/\/polar55.com\/nl\/\"]}]},{\"@type\":\"ImageObject\",\"inLanguage\":\"nl-NL\",\"@id\":\"https:\/\/polar55.com\/nl\/#primaryimage\",\"url\":\"https:\/\/polar55.com\/wp-content\/uploads\/2024\/11\/logo-square.png\",\"contentUrl\":\"https:\/\/polar55.com\/wp-content\/uploads\/2024\/11\/logo-square.png\",\"width\":400,\"height\":400},{\"@type\":\"BreadcrumbList\",\"@id\":\"https:\/\/polar55.com\/nl\/#breadcrumb\",\"itemListElement\":[{\"@type\":\"ListItem\",\"position\":1,\"name\":\"Hjem\",\"item\":\"https:\/\/polar55.com\/nl\/\"},{\"@type\":\"ListItem\",\"position\":2,\"name\":\"Polar55 | All-inclusive hosting voor zeer scherpe prijzen\"}]},{\"@type\":\"WebSite\",\"@id\":\"https:\/\/polar55.com\/nl\/#website\",\"url\":\"https:\/\/polar55.com\/nl\/\",\"name\":\"Polar55\",\"description\":\"cheap hosting and domains\",\"potentialAction\":[{\"@type\":\"SearchAction\",\"target\":{\"@type\":\"EntryPoint\",\"urlTemplate\":\"https:\/\/polar55.com\/nl\/?s={search_term_string}\"},\"query-input\":{\"@type\":\"PropertyValueSpecification\",\"valueRequired\":true,\"valueName\":\"search_term_string\"}}],\"inLanguage\":\"nl-NL\"}]}<\/script>\n<!-- \/ Yoast SEO plugin. -->","yoast_head_json":{"title":"Polar55 | All-inclusive hosting voor zeer scherpe prijzen","description":"Bij Polar55 krijg je all-inclusive hosting voor een ongelooflijk scherpe prijs. Onbeperkte domeinen, e-mail, websites, ondersteuning in het Nederlands en veel opslagruimte.","robots":{"index":"index","follow":"follow","max-snippet":"max-snippet:-1","max-image-preview":"max-image-preview:large","max-video-preview":"max-video-preview:-1"},"canonical":"https:\/\/polar55.com\/nl\/","og_locale":"nl_NL","og_type":"article","og_title":"Polar55 | All-inclusive hosting voor zeer scherpe prijzen","og_description":"Bij Polar55 krijg je all-inclusive hosting voor een ongelooflijk scherpe prijs. Onbeperkte domeinen, e-mail, websites, ondersteuning in het Nederlands en veel opslagruimte.","og_url":"https:\/\/polar55.com\/nl\/","og_site_name":"Polar55","article_modified_time":"2026-05-01T11:13:38+00:00","og_image":[{"width":400,"height":400,"url":"https:\/\/polar55.com\/wp-content\/uploads\/2024\/11\/logo-square.png","type":"image\/png"}],"twitter_card":"summary_large_image","twitter_misc":{"Geschatte leestijd":"3 minuten"},"schema":{"@context":"https:\/\/schema.org","@graph":[{"@type":"WebPage","@id":"https:\/\/polar55.com\/nl\/","url":"https:\/\/polar55.com\/nl\/","name":"Polar55 | All-inclusive hosting voor zeer scherpe prijzen","isPartOf":{"@id":"https:\/\/polar55.com\/nl\/#website"},"primaryImageOfPage":{"@id":"https:\/\/polar55.com\/nl\/#primaryimage"},"image":{"@id":"https:\/\/polar55.com\/nl\/#primaryimage"},"thumbnailUrl":"https:\/\/polar55.com\/wp-content\/uploads\/2024\/11\/logo-square.png","datePublished":"2019-04-03T04:01:13+00:00","dateModified":"2026-05-01T11:13:38+00:00","description":"Bij Polar55 krijg je all-inclusive hosting voor een ongelooflijk scherpe prijs. Onbeperkte domeinen, e-mail, websites, ondersteuning in het Nederlands en veel opslagruimte.","breadcrumb":{"@id":"https:\/\/polar55.com\/nl\/#breadcrumb"},"inLanguage":"nl-NL","potentialAction":[{"@type":"ReadAction","target":["https:\/\/polar55.com\/nl\/"]}]},{"@type":"ImageObject","inLanguage":"nl-NL","@id":"https:\/\/polar55.com\/nl\/#primaryimage","url":"https:\/\/polar55.com\/wp-content\/uploads\/2024\/11\/logo-square.png","contentUrl":"https:\/\/polar55.com\/wp-content\/uploads\/2024\/11\/logo-square.png","width":400,"height":400},{"@type":"BreadcrumbList","@id":"https:\/\/polar55.com\/nl\/#breadcrumb","itemListElement":[{"@type":"ListItem","position":1,"name":"Hjem","item":"https:\/\/polar55.com\/nl\/"},{"@type":"ListItem","position":2,"name":"Polar55 | All-inclusive hosting voor zeer scherpe prijzen"}]},{"@type":"WebSite","@id":"https:\/\/polar55.com\/nl\/#website","url":"https:\/\/polar55.com\/nl\/","name":"Polar55","description":"cheap hosting and domains","potentialAction":[{"@type":"SearchAction","target":{"@type":"EntryPoint","urlTemplate":"https:\/\/polar55.com\/nl\/?s={search_term_string}"},"query-input":{"@type":"PropertyValueSpecification","valueRequired":true,"valueName":"search_term_string"}}],"inLanguage":"nl-NL"}]}},"_links":{"self":[{"href":"https:\/\/polar55.com\/nl\/wp-json\/wp\/v2\/pages\/7461","targetHints":{"allow":["GET"]}}],"collection":[{"href":"https:\/\/polar55.com\/nl\/wp-json\/wp\/v2\/pages"}],"about":[{"href":"https:\/\/polar55.com\/nl\/wp-json\/wp\/v2\/types\/page"}],"author":[{"embeddable":true,"href":"https:\/\/polar55.com\/nl\/wp-json\/wp\/v2\/users\/1"}],"replies":[{"embeddable":true,"href":"https:\/\/polar55.com\/nl\/wp-json\/wp\/v2\/comments?post=7461"}],"version-history":[{"count":15,"href":"https:\/\/polar55.com\/nl\/wp-json\/wp\/v2\/pages\/7461\/revisions"}],"predecessor-version":[{"id":11279,"href":"https:\/\/polar55.com\/nl\/wp-json\/wp\/v2\/pages\/7461\/revisions\/11279"}],"wp:featuredmedia":[{"embeddable":true,"href":"https:\/\/polar55.com\/nl\/wp-json\/wp\/v2\/media\/7511"}],"wp:attachment":[{"href":"https:\/\/polar55.com\/nl\/wp-json\/wp\/v2\/media?parent=7461"}],"curies":[{"name":"wp","href":"https:\/\/api.w.org\/{rel}","templated":true}]}}