{"id":8052,"date":"2020-01-06T14:03:26","date_gmt":"2020-01-06T14:03:26","guid":{"rendered":"https:\/\/polar55.com\/mise-a-niveau\/"},"modified":"2025-05-21T11:30:08","modified_gmt":"2025-05-21T10:30:08","slug":"mise-a-niveau","status":"publish","type":"page","link":"https:\/\/polar55.com\/fr\/mise-a-niveau\/","title":{"rendered":"Mise \u00e0 niveau"},"content":{"rendered":"<div class=\"wpb-content-wrapper\"><p>[vc_row css=\u00a0\u00bb.vc_custom_1722415314867{padding-top: 40px !important;padding-bottom: 40px !important;}\u00a0\u00bb][vc_column width=\u00a0\u00bb2\/3&Prime; css=\u00a0\u00bb.vc_custom_1566982451471{margin-bottom: 20px !important;}\u00a0\u00bb][vc_column_text]\nPar d\u00e9faut, vous b\u00e9n\u00e9ficiez de 10 Go de stockage, 2 Go de m\u00e9moire RAM et de 200&nbsp;% de CPU \/ 2 c\u0153urs avec notre formule standard d\u2019h\u00e9bergement web Plus+.<br><br>\nPour la plupart des utilisateurs, cela est largement suffisant, mais si vous avez besoin de plus d\u2019espace ou de meilleures performances, des options sont disponibles pour r\u00e9pondre \u00e0 vos besoins.<br><br>\nAinsi, lorsque vos besoins \u00e9volueront, vous pourrez facilement passer \u00e0 une formule sup\u00e9rieure, avec davantage de stockage et de meilleures performances serveur.<br><br><\/p>\n<p>\n    <strong>Plus+ Pro<\/strong>\n    <p>Avec cette mise \u00e0 niveau, vous obtenez&nbsp;:<\/p>\n    <ul>\n<li><b>Espace :<\/b> 20 GB<\/li>\n<li><b>CPU :<\/b> 400 % \/ 4 c\u0153urs<\/li>\n<li><b>RAM :<\/b> 3 GB<\/li>\n<li><b>Processus max. :<\/b> 200<\/li>\n    <\/ul>\n    <p>Tout le reste reste inchang\u00e9.<\/p>\n    Prix: 6.92 EUR \/ mois.<\/p>\n<p>\n<strong>Plus+ Entreprise<\/strong>\n<p>Avec cette mise \u00e0 niveau, vous obtenez&nbsp;:<\/p>\n<ul>\n<li><b>Espace :<\/b> 40 GB<\/li>\n<li><b>CPU :<\/b> 500 % \/ 5 c\u0153urs<\/li>\n<li><b>RAM :<\/b> 5 GB<\/li>\n<li><b>Processus max. :<\/b> 200<\/li>\n<\/ul>\n<p>Tout le reste reste inchang\u00e9.<\/p>\nPrix:\n 13.84 EUR \/ mois.<\/p>\n<p>\n    <strong>Plus+ VIP<\/strong>\n    <p>Avec cette mise \u00e0 niveau, vous obtenez&nbsp;:<\/p>\n    <ul>\n<li><b>Espace :<\/b> 100 GB<\/li>\n<li><b>CPU :<\/b> 500 % \/ 5 c\u0153urs<\/li>\n<li><b>RAM :<\/b> 5 GB<\/li>\n<li><b>Processus max. :<\/b> 200<\/li>\n    <\/ul>\n    <p>Tout le reste reste inchang\u00e9.<\/p>\n    Prix: 34.60 EUR \/ mois.[\/vc_column_text][\/vc_column][vc_column width=\u00a0\u00bb1\/3&Prime; css=\u00a0\u00bb.vc_custom_1566982972264{padding-left: 120px !important;}\u00a0\u00bb][vc_column_text]\n    <p style=\"text-align: left;\"><strong>Vous avez des questions concernant les options de mise \u00e0 niveau&nbsp;?<\/strong><br>\n    Contactez-nous \u00e0 l\u2019adresse <a href=\"mailto:assistance@polar55.fr\" target=\"_new\" rel=\"noopener\">assistance@polar55.fr<\/a><br>\n    Ou \u00e9crivez-nous <a href=\"\/client\/submitticket.php?language=french\" target=\"_new\" rel=\"noopener\">ici<\/a>.<\/p>\n    [\/vc_column_text][\/vc_column][\/vc_row]<\/p>\n<\/div>","protected":false},"excerpt":{"rendered":"<p>[vc_row css=\u00a0\u00bb.vc_custom_1722415314867{padding-top: 40px !important;padding-bottom: 40px !important;}\u00a0\u00bb][vc_column width=\u00a0\u00bb2\/3&Prime; css=\u00a0\u00bb.vc_custom_1566982451471{margin-bottom: 20px !important;}\u00a0\u00bb][vc_column_text] EUR \/ mois. EUR \/ mois. EUR \/ mois.[\/vc_column_text][\/vc_column][vc_column width=\u00a0\u00bb1\/3&Prime; css=\u00a0\u00bb.vc_custom_1566982972264{padding-left: 120px !important;}\u00a0\u00bb][vc_column_text][\/vc_column_text][\/vc_column][\/vc_row]<\/p>\n","protected":false},"author":2,"featured_media":0,"parent":0,"menu_order":0,"comment_status":"closed","ping_status":"closed","template":"","meta":{"_acf_changed":false,"footnotes":""},"class_list":["post-8052","page","type-page","status-publish","hentry"],"acf":[],"yoast_head":"<!-- This site is optimized with the Yoast SEO plugin v26.8 - https:\/\/yoast.com\/product\/yoast-seo-wordpress\/ -->\n<title>Mise \u00e0 niveau<\/title>\n<meta name=\"description\" content=\"Ici, vous pouvez en savoir plus sur les options de mise \u00e0 niveau dont vous disposez avec un service d&#039;h\u00e9bergement web chez Polar55.\" \/>\n<meta name=\"robots\" content=\"index, follow, max-snippet:-1, max-image-preview:large, max-video-preview:-1\" \/>\n<link rel=\"canonical\" href=\"https:\/\/polar55.com\/fr\/mise-a-niveau\/\" \/>\n<meta property=\"og:locale\" content=\"fr_FR\" \/>\n<meta property=\"og:type\" content=\"article\" \/>\n<meta property=\"og:title\" content=\"Mise \u00e0 niveau\" \/>\n<meta property=\"og:description\" content=\"Ici, vous pouvez en savoir plus sur les options de mise \u00e0 niveau dont vous disposez avec un service d&#039;h\u00e9bergement web chez Polar55.\" \/>\n<meta property=\"og:url\" content=\"https:\/\/polar55.com\/fr\/mise-a-niveau\/\" \/>\n<meta property=\"og:site_name\" content=\"Polar55\" \/>\n<meta property=\"article:modified_time\" content=\"2025-05-21T10:30:08+00:00\" \/>\n<meta name=\"twitter:card\" content=\"summary_large_image\" \/>\n<meta name=\"twitter:label1\" content=\"Dur\u00e9e de lecture estim\u00e9e\" \/>\n\t<meta name=\"twitter:data1\" content=\"1 minute\" \/>\n<script type=\"application\/ld+json\" class=\"yoast-schema-graph\">{\"@context\":\"https:\/\/schema.org\",\"@graph\":[{\"@type\":\"WebPage\",\"@id\":\"https:\/\/polar55.com\/fr\/mise-a-niveau\/\",\"url\":\"https:\/\/polar55.com\/fr\/mise-a-niveau\/\",\"name\":\"Mise \u00e0 niveau\",\"isPartOf\":{\"@id\":\"https:\/\/polar55.com\/fr\/#website\"},\"datePublished\":\"2020-01-06T14:03:26+00:00\",\"dateModified\":\"2025-05-21T10:30:08+00:00\",\"description\":\"Ici, vous pouvez en savoir plus sur les options de mise \u00e0 niveau dont vous disposez avec un service d'h\u00e9bergement web chez Polar55.\",\"breadcrumb\":{\"@id\":\"https:\/\/polar55.com\/fr\/mise-a-niveau\/#breadcrumb\"},\"inLanguage\":\"fr-FR\",\"potentialAction\":[{\"@type\":\"ReadAction\",\"target\":[\"https:\/\/polar55.com\/fr\/mise-a-niveau\/\"]}]},{\"@type\":\"BreadcrumbList\",\"@id\":\"https:\/\/polar55.com\/fr\/mise-a-niveau\/#breadcrumb\",\"itemListElement\":[{\"@type\":\"ListItem\",\"position\":1,\"name\":\"Hjem\",\"item\":\"https:\/\/polar55.com\/fr\/\"},{\"@type\":\"ListItem\",\"position\":2,\"name\":\"Mise \u00e0 niveau\"}]},{\"@type\":\"WebSite\",\"@id\":\"https:\/\/polar55.com\/fr\/#website\",\"url\":\"https:\/\/polar55.com\/fr\/\",\"name\":\"Polar55\",\"description\":\"cheap hosting and domains\",\"potentialAction\":[{\"@type\":\"SearchAction\",\"target\":{\"@type\":\"EntryPoint\",\"urlTemplate\":\"https:\/\/polar55.com\/fr\/?s={search_term_string}\"},\"query-input\":{\"@type\":\"PropertyValueSpecification\",\"valueRequired\":true,\"valueName\":\"search_term_string\"}}],\"inLanguage\":\"fr-FR\"}]}<\/script>\n<!-- \/ Yoast SEO plugin. -->","yoast_head_json":{"title":"Mise \u00e0 niveau","description":"Ici, vous pouvez en savoir plus sur les options de mise \u00e0 niveau dont vous disposez avec un service d'h\u00e9bergement web chez Polar55.","robots":{"index":"index","follow":"follow","max-snippet":"max-snippet:-1","max-image-preview":"max-image-preview:large","max-video-preview":"max-video-preview:-1"},"canonical":"https:\/\/polar55.com\/fr\/mise-a-niveau\/","og_locale":"fr_FR","og_type":"article","og_title":"Mise \u00e0 niveau","og_description":"Ici, vous pouvez en savoir plus sur les options de mise \u00e0 niveau dont vous disposez avec un service d'h\u00e9bergement web chez Polar55.","og_url":"https:\/\/polar55.com\/fr\/mise-a-niveau\/","og_site_name":"Polar55","article_modified_time":"2025-05-21T10:30:08+00:00","twitter_card":"summary_large_image","twitter_misc":{"Dur\u00e9e de lecture estim\u00e9e":"1 minute"},"schema":{"@context":"https:\/\/schema.org","@graph":[{"@type":"WebPage","@id":"https:\/\/polar55.com\/fr\/mise-a-niveau\/","url":"https:\/\/polar55.com\/fr\/mise-a-niveau\/","name":"Mise \u00e0 niveau","isPartOf":{"@id":"https:\/\/polar55.com\/fr\/#website"},"datePublished":"2020-01-06T14:03:26+00:00","dateModified":"2025-05-21T10:30:08+00:00","description":"Ici, vous pouvez en savoir plus sur les options de mise \u00e0 niveau dont vous disposez avec un service d'h\u00e9bergement web chez Polar55.","breadcrumb":{"@id":"https:\/\/polar55.com\/fr\/mise-a-niveau\/#breadcrumb"},"inLanguage":"fr-FR","potentialAction":[{"@type":"ReadAction","target":["https:\/\/polar55.com\/fr\/mise-a-niveau\/"]}]},{"@type":"BreadcrumbList","@id":"https:\/\/polar55.com\/fr\/mise-a-niveau\/#breadcrumb","itemListElement":[{"@type":"ListItem","position":1,"name":"Hjem","item":"https:\/\/polar55.com\/fr\/"},{"@type":"ListItem","position":2,"name":"Mise \u00e0 niveau"}]},{"@type":"WebSite","@id":"https:\/\/polar55.com\/fr\/#website","url":"https:\/\/polar55.com\/fr\/","name":"Polar55","description":"cheap hosting and domains","potentialAction":[{"@type":"SearchAction","target":{"@type":"EntryPoint","urlTemplate":"https:\/\/polar55.com\/fr\/?s={search_term_string}"},"query-input":{"@type":"PropertyValueSpecification","valueRequired":true,"valueName":"search_term_string"}}],"inLanguage":"fr-FR"}]}},"_links":{"self":[{"href":"https:\/\/polar55.com\/fr\/wp-json\/wp\/v2\/pages\/8052","targetHints":{"allow":["GET"]}}],"collection":[{"href":"https:\/\/polar55.com\/fr\/wp-json\/wp\/v2\/pages"}],"about":[{"href":"https:\/\/polar55.com\/fr\/wp-json\/wp\/v2\/types\/page"}],"author":[{"embeddable":true,"href":"https:\/\/polar55.com\/fr\/wp-json\/wp\/v2\/users\/2"}],"replies":[{"embeddable":true,"href":"https:\/\/polar55.com\/fr\/wp-json\/wp\/v2\/comments?post=8052"}],"version-history":[{"count":4,"href":"https:\/\/polar55.com\/fr\/wp-json\/wp\/v2\/pages\/8052\/revisions"}],"predecessor-version":[{"id":8207,"href":"https:\/\/polar55.com\/fr\/wp-json\/wp\/v2\/pages\/8052\/revisions\/8207"}],"wp:attachment":[{"href":"https:\/\/polar55.com\/fr\/wp-json\/wp\/v2\/media?parent=8052"}],"curies":[{"name":"wp","href":"https:\/\/api.w.org\/{rel}","templated":true}]}}