{"id":8030,"date":"2023-11-03T12:50:18","date_gmt":"2023-11-03T12:50:18","guid":{"rendered":"https:\/\/polar55.com\/blog\/"},"modified":"2025-05-06T09:51:38","modified_gmt":"2025-05-06T08:51:38","slug":"blog","status":"publish","type":"page","link":"https:\/\/polar55.com\/fr\/blog\/","title":{"rendered":"Blog"},"content":{"rendered":"<div class=\"wpb-content-wrapper\"><p>[vc_row king_bg_repeat=\u00a0\u00bbno-repeat\u00a0\u00bb king_padding_top=\u00a0\u00bb70&Prime; king_padding_bottom=\u00a0\u00bb70&Prime; css=\u00a0\u00bb.vc_custom_1722437564373{padding-top: 40px !important;padding-bottom: 40px !important;}\u00a0\u00bb][vc_column][vc_basic_grid post_type=\u00a0\u00bbpost\u00a0\u00bb max_items=\u00a0\u00bb50&Prime; element_width=\u00a0\u00bb3&Prime; gap=\u00a0\u00bb35&Prime; grid_id=\u00a0\u00bbvc_gid:1722437534625-de50afaa-8aca-6&Prime;][\/vc_column][\/vc_row]<\/p>\n<\/div>","protected":false},"excerpt":{"rendered":"<p>[vc_row king_bg_repeat=\u00a0\u00bbno-repeat\u00a0\u00bb king_padding_top=\u00a0\u00bb70&Prime; king_padding_bottom=\u00a0\u00bb70&Prime; css=\u00a0\u00bb.vc_custom_1722437564373{padding-top: 40px !important;padding-bottom: 40px !important;}\u00a0\u00bb][vc_column][vc_basic_grid post_type=\u00a0\u00bbpost\u00a0\u00bb max_items=\u00a0\u00bb50&Prime; element_width=\u00a0\u00bb3&Prime; gap=\u00a0\u00bb35&Prime; grid_id=\u00a0\u00bbvc_gid:1722437534625-de50afaa-8aca-6&Prime;][\/vc_column][\/vc_row]<\/p>\n","protected":false},"author":3,"featured_media":8031,"parent":0,"menu_order":0,"comment_status":"closed","ping_status":"closed","template":"","meta":{"_acf_changed":false,"footnotes":""},"class_list":["post-8030","page","type-page","status-publish","has-post-thumbnail","hentry"],"acf":[],"yoast_head":"<!-- This site is optimized with the Yoast SEO plugin v26.8 - https:\/\/yoast.com\/product\/yoast-seo-wordpress\/ -->\n<title>Blog - Polar55<\/title>\n<meta name=\"description\" content=\"Lisez les derni\u00e8res nouvelles de Polar55. Ce qui se passe sur le march\u00e9 de l&#039;h\u00e9bergement, des nouvelles sur les produits, des opinions sur les services d&#039;h\u00e9bergement, etc.\" \/>\n<meta name=\"robots\" content=\"index, follow, max-snippet:-1, max-image-preview:large, max-video-preview:-1\" \/>\n<link rel=\"canonical\" href=\"https:\/\/polar55.com\/fr\/blog\/\" \/>\n<meta property=\"og:locale\" content=\"fr_FR\" \/>\n<meta property=\"og:type\" content=\"article\" \/>\n<meta property=\"og:title\" content=\"Blog - Polar55\" \/>\n<meta property=\"og:description\" content=\"Lisez les derni\u00e8res nouvelles de Polar55. Ce qui se passe sur le march\u00e9 de l&#039;h\u00e9bergement, des nouvelles sur les produits, des opinions sur les services d&#039;h\u00e9bergement, etc.\" \/>\n<meta property=\"og:url\" content=\"https:\/\/polar55.com\/fr\/blog\/\" \/>\n<meta property=\"og:site_name\" content=\"Polar55\" \/>\n<meta property=\"article:modified_time\" content=\"2025-05-06T08:51:38+00:00\" \/>\n<meta property=\"og:image\" content=\"https:\/\/polar55.com\/wp-content\/uploads\/2020\/01\/stacked.png\" \/>\n\t<meta property=\"og:image:width\" content=\"120\" \/>\n\t<meta property=\"og:image:height\" content=\"120\" \/>\n\t<meta property=\"og:image:type\" content=\"image\/png\" \/>\n<meta name=\"twitter:card\" content=\"summary_large_image\" \/>\n<meta name=\"twitter:label1\" content=\"Dur\u00e9e de lecture estim\u00e9e\" \/>\n\t<meta name=\"twitter:data1\" content=\"1 minute\" \/>\n<script type=\"application\/ld+json\" class=\"yoast-schema-graph\">{\"@context\":\"https:\/\/schema.org\",\"@graph\":[{\"@type\":\"WebPage\",\"@id\":\"https:\/\/polar55.com\/fr\/blog\/\",\"url\":\"https:\/\/polar55.com\/fr\/blog\/\",\"name\":\"Blog - Polar55\",\"isPartOf\":{\"@id\":\"https:\/\/polar55.com\/fr\/#website\"},\"primaryImageOfPage\":{\"@id\":\"https:\/\/polar55.com\/fr\/blog\/#primaryimage\"},\"image\":{\"@id\":\"https:\/\/polar55.com\/fr\/blog\/#primaryimage\"},\"thumbnailUrl\":\"https:\/\/polar55.com\/wp-content\/uploads\/2020\/01\/stacked.png\",\"datePublished\":\"2023-11-03T12:50:18+00:00\",\"dateModified\":\"2025-05-06T08:51:38+00:00\",\"description\":\"Lisez les derni\u00e8res nouvelles de Polar55. Ce qui se passe sur le march\u00e9 de l'h\u00e9bergement, des nouvelles sur les produits, des opinions sur les services d'h\u00e9bergement, etc.\",\"breadcrumb\":{\"@id\":\"https:\/\/polar55.com\/fr\/blog\/#breadcrumb\"},\"inLanguage\":\"fr-FR\",\"potentialAction\":[{\"@type\":\"ReadAction\",\"target\":[\"https:\/\/polar55.com\/fr\/blog\/\"]}]},{\"@type\":\"ImageObject\",\"inLanguage\":\"fr-FR\",\"@id\":\"https:\/\/polar55.com\/fr\/blog\/#primaryimage\",\"url\":\"https:\/\/polar55.com\/wp-content\/uploads\/2020\/01\/stacked.png\",\"contentUrl\":\"https:\/\/polar55.com\/wp-content\/uploads\/2020\/01\/stacked.png\",\"width\":120,\"height\":120},{\"@type\":\"BreadcrumbList\",\"@id\":\"https:\/\/polar55.com\/fr\/blog\/#breadcrumb\",\"itemListElement\":[{\"@type\":\"ListItem\",\"position\":1,\"name\":\"Hjem\",\"item\":\"https:\/\/polar55.com\/fr\/\"},{\"@type\":\"ListItem\",\"position\":2,\"name\":\"Blog\"}]},{\"@type\":\"WebSite\",\"@id\":\"https:\/\/polar55.com\/fr\/#website\",\"url\":\"https:\/\/polar55.com\/fr\/\",\"name\":\"Polar55\",\"description\":\"cheap hosting and domains\",\"potentialAction\":[{\"@type\":\"SearchAction\",\"target\":{\"@type\":\"EntryPoint\",\"urlTemplate\":\"https:\/\/polar55.com\/fr\/?s={search_term_string}\"},\"query-input\":{\"@type\":\"PropertyValueSpecification\",\"valueRequired\":true,\"valueName\":\"search_term_string\"}}],\"inLanguage\":\"fr-FR\"}]}<\/script>\n<!-- \/ Yoast SEO plugin. -->","yoast_head_json":{"title":"Blog - Polar55","description":"Lisez les derni\u00e8res nouvelles de Polar55. Ce qui se passe sur le march\u00e9 de l'h\u00e9bergement, des nouvelles sur les produits, des opinions sur les services d'h\u00e9bergement, etc.","robots":{"index":"index","follow":"follow","max-snippet":"max-snippet:-1","max-image-preview":"max-image-preview:large","max-video-preview":"max-video-preview:-1"},"canonical":"https:\/\/polar55.com\/fr\/blog\/","og_locale":"fr_FR","og_type":"article","og_title":"Blog - Polar55","og_description":"Lisez les derni\u00e8res nouvelles de Polar55. Ce qui se passe sur le march\u00e9 de l'h\u00e9bergement, des nouvelles sur les produits, des opinions sur les services d'h\u00e9bergement, etc.","og_url":"https:\/\/polar55.com\/fr\/blog\/","og_site_name":"Polar55","article_modified_time":"2025-05-06T08:51:38+00:00","og_image":[{"width":120,"height":120,"url":"https:\/\/polar55.com\/wp-content\/uploads\/2020\/01\/stacked.png","type":"image\/png"}],"twitter_card":"summary_large_image","twitter_misc":{"Dur\u00e9e de lecture estim\u00e9e":"1 minute"},"schema":{"@context":"https:\/\/schema.org","@graph":[{"@type":"WebPage","@id":"https:\/\/polar55.com\/fr\/blog\/","url":"https:\/\/polar55.com\/fr\/blog\/","name":"Blog - Polar55","isPartOf":{"@id":"https:\/\/polar55.com\/fr\/#website"},"primaryImageOfPage":{"@id":"https:\/\/polar55.com\/fr\/blog\/#primaryimage"},"image":{"@id":"https:\/\/polar55.com\/fr\/blog\/#primaryimage"},"thumbnailUrl":"https:\/\/polar55.com\/wp-content\/uploads\/2020\/01\/stacked.png","datePublished":"2023-11-03T12:50:18+00:00","dateModified":"2025-05-06T08:51:38+00:00","description":"Lisez les derni\u00e8res nouvelles de Polar55. Ce qui se passe sur le march\u00e9 de l'h\u00e9bergement, des nouvelles sur les produits, des opinions sur les services d'h\u00e9bergement, etc.","breadcrumb":{"@id":"https:\/\/polar55.com\/fr\/blog\/#breadcrumb"},"inLanguage":"fr-FR","potentialAction":[{"@type":"ReadAction","target":["https:\/\/polar55.com\/fr\/blog\/"]}]},{"@type":"ImageObject","inLanguage":"fr-FR","@id":"https:\/\/polar55.com\/fr\/blog\/#primaryimage","url":"https:\/\/polar55.com\/wp-content\/uploads\/2020\/01\/stacked.png","contentUrl":"https:\/\/polar55.com\/wp-content\/uploads\/2020\/01\/stacked.png","width":120,"height":120},{"@type":"BreadcrumbList","@id":"https:\/\/polar55.com\/fr\/blog\/#breadcrumb","itemListElement":[{"@type":"ListItem","position":1,"name":"Hjem","item":"https:\/\/polar55.com\/fr\/"},{"@type":"ListItem","position":2,"name":"Blog"}]},{"@type":"WebSite","@id":"https:\/\/polar55.com\/fr\/#website","url":"https:\/\/polar55.com\/fr\/","name":"Polar55","description":"cheap hosting and domains","potentialAction":[{"@type":"SearchAction","target":{"@type":"EntryPoint","urlTemplate":"https:\/\/polar55.com\/fr\/?s={search_term_string}"},"query-input":{"@type":"PropertyValueSpecification","valueRequired":true,"valueName":"search_term_string"}}],"inLanguage":"fr-FR"}]}},"_links":{"self":[{"href":"https:\/\/polar55.com\/fr\/wp-json\/wp\/v2\/pages\/8030","targetHints":{"allow":["GET"]}}],"collection":[{"href":"https:\/\/polar55.com\/fr\/wp-json\/wp\/v2\/pages"}],"about":[{"href":"https:\/\/polar55.com\/fr\/wp-json\/wp\/v2\/types\/page"}],"author":[{"embeddable":true,"href":"https:\/\/polar55.com\/fr\/wp-json\/wp\/v2\/users\/3"}],"replies":[{"embeddable":true,"href":"https:\/\/polar55.com\/fr\/wp-json\/wp\/v2\/comments?post=8030"}],"version-history":[{"count":2,"href":"https:\/\/polar55.com\/fr\/wp-json\/wp\/v2\/pages\/8030\/revisions"}],"predecessor-version":[{"id":8208,"href":"https:\/\/polar55.com\/fr\/wp-json\/wp\/v2\/pages\/8030\/revisions\/8208"}],"wp:featuredmedia":[{"embeddable":true,"href":"https:\/\/polar55.com\/fr\/wp-json\/wp\/v2\/media\/8031"}],"wp:attachment":[{"href":"https:\/\/polar55.com\/fr\/wp-json\/wp\/v2\/media?parent=8030"}],"curies":[{"name":"wp","href":"https:\/\/api.w.org\/{rel}","templated":true}]}}