{"id":8027,"date":"2024-07-31T09:38:59","date_gmt":"2024-07-31T08:38:59","guid":{"rendered":"https:\/\/polar55.com\/responsables-du-traitement-des-donnees\/"},"modified":"2026-03-17T13:03:01","modified_gmt":"2026-03-17T13:03:01","slug":"responsables-du-traitement-des-donnees","status":"publish","type":"page","link":"https:\/\/polar55.com\/fr\/responsables-du-traitement-des-donnees\/","title":{"rendered":"Responsables du traitement des donn\u00e9es"},"content":{"rendered":"<div class=\"wpb-content-wrapper\"><p>[vc_row king_class=\u00a0\u00bbprice_compare\u00a0\u00bb king_class_container=\u00a0\u00bbtable-wrapper\u00a0\u00bb css=\u00a0\u00bb.vc_custom_1722415138188{padding-top: 40px !important;padding-bottom: 40px !important;}\u00a0\u00bb el_class=\u00a0\u00bbprice_compare\u00a0\u00bb][vc_column][vc_column_text el_class=\u00a0\u00bbwebhotel-text\u00a0\u00bb css=\u00a0\u00bb.vc_custom_1746013186955{padding-bottom: 40px !important;}\u00a0\u00bb]\n        <p style=\"text-align: left;\">Nous utilisons les sous-traitants suivants. Cela signifie que vos informations leur sont soit transmises, soit accessibles par ces entreprises. Il s\u2019agit exclusivement de soci\u00e9t\u00e9s n\u00e9cessaires au bon fonctionnement de nos solutions d\u2019h\u00e9bergement.<\/p>[\/vc_column_text][vc_row_inner king_class=\u00a0\u00bbth\u00a0\u00bb][vc_column_inner el_class=\u00a0\u00bbfirst rowfirst\u00a0\u00bb width=\u00a0\u00bb1\/2&Prime;][vc_column_text]NSEC Solutions (DK-26530792)[\/vc_column_text][\/vc_column_inner][vc_column_inner el_class=\u00a0\u00bbrowsremain\u00a0\u00bb width=\u00a0\u00bb1\/2&Prime;][vc_column_text]Exploitation et maintenance des serveurs[\/vc_column_text][vc_column_text][\/vc_column_text][\/vc_column_inner][\/vc_row_inner][vc_row_inner king_class=\u00a0\u00bbtd\u00a0\u00bb][vc_column_inner el_class=\u00a0\u00bbfirst rowfirst\u00a0\u00bb width=\u00a0\u00bb1\/2&Prime;][vc_column_text]Hexonet GMBH (DE-138316882)[\/vc_column_text][\/vc_column_inner][vc_column_inner el_class=\u00a0\u00bbrowsremain\u00a0\u00bb width=\u00a0\u00bb1\/2&Prime;][vc_column_text]Registre des domaines[\/vc_column_text][vc_column_text][\/vc_column_text][\/vc_column_inner][\/vc_row_inner][vc_row_inner king_class=\u00a0\u00bbth\u00a0\u00bb][vc_column_inner el_class=\u00a0\u00bbfirst rowfirst\u00a0\u00bb width=\u00a0\u00bb1\/2&Prime;][vc_column_text]Hetzner <span dir=\"ltr\" role=\"presentation\">(DE-812871812)<\/span>[\/vc_column_text][\/vc_column_inner][vc_column_inner el_class=\u00a0\u00bbrowsremain\u00a0\u00bb width=\u00a0\u00bb1\/2&Prime;][vc_column_text]Serveur[\/vc_column_text][vc_column_text][\/vc_column_text][\/vc_column_inner][\/vc_row_inner][vc_row_inner king_class=\u00a0\u00bbtd\u00a0\u00bb][vc_column_inner el_class=\u00a0\u00bbfirst rowfirst\u00a0\u00bb width=\u00a0\u00bb1\/2&Prime;][vc_column_text]Sampedro ApS (DK-40342079)[\/vc_column_text][\/vc_column_inner][vc_column_inner el_class=\u00a0\u00bbrowsremain\u00a0\u00bb width=\u00a0\u00bb1\/2&Prime;][vc_column_text]Soutien[\/vc_column_text][vc_column_text][\/vc_column_text][\/vc_column_inner][\/vc_row_inner][vc_row_inner king_class=\u00a0\u00bbtd\u00a0\u00bb][vc_column_inner el_class=\u00a0\u00bbfirst rowfirst\u00a0\u00bb width=\u00a0\u00bb1\/2&Prime;][vc_column_text]Stripe Payments Europe Ltd (IE-3206488LH)[\/vc_column_text][\/vc_column_inner][vc_column_inner el_class=\u00a0\u00bbrowsremain\u00a0\u00bb width=\u00a0\u00bb1\/2&Prime;][vc_column_text]Passerelle de paiement[\/vc_column_text][vc_column_text][\/vc_column_text][\/vc_column_inner][\/vc_row_inner][\/vc_column][\/vc_row]<\/p>\n<\/div>","protected":false},"excerpt":{"rendered":"<p>[vc_row king_class=\u00a0\u00bbprice_compare\u00a0\u00bb king_class_container=\u00a0\u00bbtable-wrapper\u00a0\u00bb css=\u00a0\u00bb.vc_custom_1722415138188{padding-top: 40px !important;padding-bottom: 40px !important;}\u00a0\u00bb el_class=\u00a0\u00bbprice_compare\u00a0\u00bb][vc_column][vc_column_text el_class=\u00a0\u00bbwebhotel-text\u00a0\u00bb css=\u00a0\u00bb.vc_custom_1746013186955{padding-bottom: 40px !important;}\u00a0\u00bb][\/vc_column_text][vc_row_inner king_class=\u00a0\u00bbth\u00a0\u00bb][vc_column_inner el_class=\u00a0\u00bbfirst rowfirst\u00a0\u00bb width=\u00a0\u00bb1\/2&Prime;][vc_column_text]NSEC Solutions (DK-26530792)[\/vc_column_text][\/vc_column_inner][vc_column_inner el_class=\u00a0\u00bbrowsremain\u00a0\u00bb width=\u00a0\u00bb1\/2&Prime;][vc_column_text]Exploitation et maintenance des serveurs[\/vc_column_text][vc_column_text][\/vc_column_text][\/vc_column_inner][\/vc_row_inner][vc_row_inner king_class=\u00a0\u00bbtd\u00a0\u00bb][vc_column_inner el_class=\u00a0\u00bbfirst rowfirst\u00a0\u00bb width=\u00a0\u00bb1\/2&Prime;][vc_column_text]Hexonet GMBH (DE-138316882)[\/vc_column_text][\/vc_column_inner][vc_column_inner el_class=\u00a0\u00bbrowsremain\u00a0\u00bb width=\u00a0\u00bb1\/2&Prime;][vc_column_text]Registre des domaines[\/vc_column_text][vc_column_text][\/vc_column_text][\/vc_column_inner][\/vc_row_inner][vc_row_inner king_class=\u00a0\u00bbth\u00a0\u00bb][vc_column_inner el_class=\u00a0\u00bbfirst rowfirst\u00a0\u00bb width=\u00a0\u00bb1\/2&Prime;][vc_column_text]Hetzner (DE-812871812)[\/vc_column_text][\/vc_column_inner][vc_column_inner el_class=\u00a0\u00bbrowsremain\u00a0\u00bb width=\u00a0\u00bb1\/2&Prime;][vc_column_text]Serveur[\/vc_column_text][vc_column_text][\/vc_column_text][\/vc_column_inner][\/vc_row_inner][vc_row_inner king_class=\u00a0\u00bbtd\u00a0\u00bb][vc_column_inner el_class=\u00a0\u00bbfirst rowfirst\u00a0\u00bb width=\u00a0\u00bb1\/2&Prime;][vc_column_text]Sampedro ApS (DK-40342079)[\/vc_column_text][\/vc_column_inner][vc_column_inner el_class=\u00a0\u00bbrowsremain\u00a0\u00bb width=\u00a0\u00bb1\/2&Prime;][vc_column_text]Soutien[\/vc_column_text][vc_column_text][\/vc_column_text][\/vc_column_inner][\/vc_row_inner][vc_row_inner king_class=\u00a0\u00bbtd\u00a0\u00bb][vc_column_inner el_class=\u00a0\u00bbfirst rowfirst\u00a0\u00bb width=\u00a0\u00bb1\/2&Prime;][vc_column_text]Stripe Payments &hellip;<\/p>\n","protected":false},"author":3,"featured_media":0,"parent":0,"menu_order":0,"comment_status":"closed","ping_status":"closed","template":"","meta":{"_acf_changed":false,"footnotes":""},"class_list":["post-8027","page","type-page","status-publish","hentry"],"acf":[],"yoast_head":"<!-- This site is optimized with the Yoast SEO plugin v26.8 - https:\/\/yoast.com\/product\/yoast-seo-wordpress\/ -->\n<title>Responsables du traitement des donn\u00e9es - Polar55<\/title>\n<meta name=\"robots\" content=\"index, follow, max-snippet:-1, max-image-preview:large, max-video-preview:-1\" \/>\n<link rel=\"canonical\" href=\"https:\/\/polar55.com\/fr\/responsables-du-traitement-des-donnees\/\" \/>\n<meta property=\"og:locale\" content=\"fr_FR\" \/>\n<meta property=\"og:type\" content=\"article\" \/>\n<meta property=\"og:title\" content=\"Responsables du traitement des donn\u00e9es - Polar55\" \/>\n<meta property=\"og:description\" content=\"[vc_row king_class=\u00a0\u00bbprice_compare\u00a0\u00bb king_class_container=\u00a0\u00bbtable-wrapper\u00a0\u00bb css=\u00a0\u00bb.vc_custom_1722415138188{padding-top: 40px !important;padding-bottom: 40px !important;}\u00a0\u00bb el_class=\u00a0\u00bbprice_compare\u00a0\u00bb][vc_column][vc_column_text el_class=\u00a0\u00bbwebhotel-text\u00a0\u00bb css=\u00a0\u00bb.vc_custom_1746013186955{padding-bottom: 40px !important;}\u00a0\u00bb][\/vc_column_text][vc_row_inner king_class=\u00a0\u00bbth\u00a0\u00bb][vc_column_inner el_class=\u00a0\u00bbfirst rowfirst\u00a0\u00bb width=\u00a0\u00bb1\/2&Prime;][vc_column_text]NSEC Solutions (DK-26530792)[\/vc_column_text][\/vc_column_inner][vc_column_inner el_class=\u00a0\u00bbrowsremain\u00a0\u00bb width=\u00a0\u00bb1\/2&Prime;][vc_column_text]Exploitation et maintenance des serveurs[\/vc_column_text][vc_column_text][\/vc_column_text][\/vc_column_inner][\/vc_row_inner][vc_row_inner king_class=\u00a0\u00bbtd\u00a0\u00bb][vc_column_inner el_class=\u00a0\u00bbfirst rowfirst\u00a0\u00bb width=\u00a0\u00bb1\/2&Prime;][vc_column_text]Hexonet GMBH (DE-138316882)[\/vc_column_text][\/vc_column_inner][vc_column_inner el_class=\u00a0\u00bbrowsremain\u00a0\u00bb width=\u00a0\u00bb1\/2&Prime;][vc_column_text]Registre des domaines[\/vc_column_text][vc_column_text][\/vc_column_text][\/vc_column_inner][\/vc_row_inner][vc_row_inner king_class=\u00a0\u00bbth\u00a0\u00bb][vc_column_inner el_class=\u00a0\u00bbfirst rowfirst\u00a0\u00bb width=\u00a0\u00bb1\/2&Prime;][vc_column_text]Hetzner (DE-812871812)[\/vc_column_text][\/vc_column_inner][vc_column_inner el_class=\u00a0\u00bbrowsremain\u00a0\u00bb width=\u00a0\u00bb1\/2&Prime;][vc_column_text]Serveur[\/vc_column_text][vc_column_text][\/vc_column_text][\/vc_column_inner][\/vc_row_inner][vc_row_inner king_class=\u00a0\u00bbtd\u00a0\u00bb][vc_column_inner el_class=\u00a0\u00bbfirst rowfirst\u00a0\u00bb width=\u00a0\u00bb1\/2&Prime;][vc_column_text]Sampedro ApS (DK-40342079)[\/vc_column_text][\/vc_column_inner][vc_column_inner el_class=\u00a0\u00bbrowsremain\u00a0\u00bb width=\u00a0\u00bb1\/2&Prime;][vc_column_text]Soutien[\/vc_column_text][vc_column_text][\/vc_column_text][\/vc_column_inner][\/vc_row_inner][vc_row_inner king_class=\u00a0\u00bbtd\u00a0\u00bb][vc_column_inner el_class=\u00a0\u00bbfirst rowfirst\u00a0\u00bb width=\u00a0\u00bb1\/2&Prime;][vc_column_text]Stripe Payments &hellip;\" \/>\n<meta property=\"og:url\" content=\"https:\/\/polar55.com\/fr\/responsables-du-traitement-des-donnees\/\" \/>\n<meta property=\"og:site_name\" content=\"Polar55\" \/>\n<meta property=\"article:modified_time\" content=\"2026-03-17T13:03:01+00:00\" \/>\n<meta name=\"twitter:card\" content=\"summary_large_image\" \/>\n<meta name=\"twitter:label1\" content=\"Dur\u00e9e de lecture estim\u00e9e\" \/>\n\t<meta name=\"twitter:data1\" content=\"1 minute\" \/>\n<script type=\"application\/ld+json\" class=\"yoast-schema-graph\">{\"@context\":\"https:\/\/schema.org\",\"@graph\":[{\"@type\":\"WebPage\",\"@id\":\"https:\/\/polar55.com\/fr\/responsables-du-traitement-des-donnees\/\",\"url\":\"https:\/\/polar55.com\/fr\/responsables-du-traitement-des-donnees\/\",\"name\":\"Responsables du traitement des donn\u00e9es - Polar55\",\"isPartOf\":{\"@id\":\"https:\/\/polar55.com\/fr\/#website\"},\"datePublished\":\"2024-07-31T08:38:59+00:00\",\"dateModified\":\"2026-03-17T13:03:01+00:00\",\"breadcrumb\":{\"@id\":\"https:\/\/polar55.com\/fr\/responsables-du-traitement-des-donnees\/#breadcrumb\"},\"inLanguage\":\"fr-FR\",\"potentialAction\":[{\"@type\":\"ReadAction\",\"target\":[\"https:\/\/polar55.com\/fr\/responsables-du-traitement-des-donnees\/\"]}]},{\"@type\":\"BreadcrumbList\",\"@id\":\"https:\/\/polar55.com\/fr\/responsables-du-traitement-des-donnees\/#breadcrumb\",\"itemListElement\":[{\"@type\":\"ListItem\",\"position\":1,\"name\":\"Hjem\",\"item\":\"https:\/\/polar55.com\/fr\/\"},{\"@type\":\"ListItem\",\"position\":2,\"name\":\"Responsables du traitement des donn\u00e9es\"}]},{\"@type\":\"WebSite\",\"@id\":\"https:\/\/polar55.com\/fr\/#website\",\"url\":\"https:\/\/polar55.com\/fr\/\",\"name\":\"Polar55\",\"description\":\"cheap hosting and domains\",\"potentialAction\":[{\"@type\":\"SearchAction\",\"target\":{\"@type\":\"EntryPoint\",\"urlTemplate\":\"https:\/\/polar55.com\/fr\/?s={search_term_string}\"},\"query-input\":{\"@type\":\"PropertyValueSpecification\",\"valueRequired\":true,\"valueName\":\"search_term_string\"}}],\"inLanguage\":\"fr-FR\"}]}<\/script>\n<!-- \/ Yoast SEO plugin. -->","yoast_head_json":{"title":"Responsables du traitement des donn\u00e9es - Polar55","robots":{"index":"index","follow":"follow","max-snippet":"max-snippet:-1","max-image-preview":"max-image-preview:large","max-video-preview":"max-video-preview:-1"},"canonical":"https:\/\/polar55.com\/fr\/responsables-du-traitement-des-donnees\/","og_locale":"fr_FR","og_type":"article","og_title":"Responsables du traitement des donn\u00e9es - Polar55","og_description":"[vc_row king_class=\u00a0\u00bbprice_compare\u00a0\u00bb king_class_container=\u00a0\u00bbtable-wrapper\u00a0\u00bb css=\u00a0\u00bb.vc_custom_1722415138188{padding-top: 40px !important;padding-bottom: 40px !important;}\u00a0\u00bb el_class=\u00a0\u00bbprice_compare\u00a0\u00bb][vc_column][vc_column_text el_class=\u00a0\u00bbwebhotel-text\u00a0\u00bb css=\u00a0\u00bb.vc_custom_1746013186955{padding-bottom: 40px !important;}\u00a0\u00bb][\/vc_column_text][vc_row_inner king_class=\u00a0\u00bbth\u00a0\u00bb][vc_column_inner el_class=\u00a0\u00bbfirst rowfirst\u00a0\u00bb width=\u00a0\u00bb1\/2&Prime;][vc_column_text]NSEC Solutions (DK-26530792)[\/vc_column_text][\/vc_column_inner][vc_column_inner el_class=\u00a0\u00bbrowsremain\u00a0\u00bb width=\u00a0\u00bb1\/2&Prime;][vc_column_text]Exploitation et maintenance des serveurs[\/vc_column_text][vc_column_text][\/vc_column_text][\/vc_column_inner][\/vc_row_inner][vc_row_inner king_class=\u00a0\u00bbtd\u00a0\u00bb][vc_column_inner el_class=\u00a0\u00bbfirst rowfirst\u00a0\u00bb width=\u00a0\u00bb1\/2&Prime;][vc_column_text]Hexonet GMBH (DE-138316882)[\/vc_column_text][\/vc_column_inner][vc_column_inner el_class=\u00a0\u00bbrowsremain\u00a0\u00bb width=\u00a0\u00bb1\/2&Prime;][vc_column_text]Registre des domaines[\/vc_column_text][vc_column_text][\/vc_column_text][\/vc_column_inner][\/vc_row_inner][vc_row_inner king_class=\u00a0\u00bbth\u00a0\u00bb][vc_column_inner el_class=\u00a0\u00bbfirst rowfirst\u00a0\u00bb width=\u00a0\u00bb1\/2&Prime;][vc_column_text]Hetzner (DE-812871812)[\/vc_column_text][\/vc_column_inner][vc_column_inner el_class=\u00a0\u00bbrowsremain\u00a0\u00bb width=\u00a0\u00bb1\/2&Prime;][vc_column_text]Serveur[\/vc_column_text][vc_column_text][\/vc_column_text][\/vc_column_inner][\/vc_row_inner][vc_row_inner king_class=\u00a0\u00bbtd\u00a0\u00bb][vc_column_inner el_class=\u00a0\u00bbfirst rowfirst\u00a0\u00bb width=\u00a0\u00bb1\/2&Prime;][vc_column_text]Sampedro ApS (DK-40342079)[\/vc_column_text][\/vc_column_inner][vc_column_inner el_class=\u00a0\u00bbrowsremain\u00a0\u00bb width=\u00a0\u00bb1\/2&Prime;][vc_column_text]Soutien[\/vc_column_text][vc_column_text][\/vc_column_text][\/vc_column_inner][\/vc_row_inner][vc_row_inner king_class=\u00a0\u00bbtd\u00a0\u00bb][vc_column_inner el_class=\u00a0\u00bbfirst rowfirst\u00a0\u00bb width=\u00a0\u00bb1\/2&Prime;][vc_column_text]Stripe Payments &hellip;","og_url":"https:\/\/polar55.com\/fr\/responsables-du-traitement-des-donnees\/","og_site_name":"Polar55","article_modified_time":"2026-03-17T13:03:01+00:00","twitter_card":"summary_large_image","twitter_misc":{"Dur\u00e9e de lecture estim\u00e9e":"1 minute"},"schema":{"@context":"https:\/\/schema.org","@graph":[{"@type":"WebPage","@id":"https:\/\/polar55.com\/fr\/responsables-du-traitement-des-donnees\/","url":"https:\/\/polar55.com\/fr\/responsables-du-traitement-des-donnees\/","name":"Responsables du traitement des donn\u00e9es - Polar55","isPartOf":{"@id":"https:\/\/polar55.com\/fr\/#website"},"datePublished":"2024-07-31T08:38:59+00:00","dateModified":"2026-03-17T13:03:01+00:00","breadcrumb":{"@id":"https:\/\/polar55.com\/fr\/responsables-du-traitement-des-donnees\/#breadcrumb"},"inLanguage":"fr-FR","potentialAction":[{"@type":"ReadAction","target":["https:\/\/polar55.com\/fr\/responsables-du-traitement-des-donnees\/"]}]},{"@type":"BreadcrumbList","@id":"https:\/\/polar55.com\/fr\/responsables-du-traitement-des-donnees\/#breadcrumb","itemListElement":[{"@type":"ListItem","position":1,"name":"Hjem","item":"https:\/\/polar55.com\/fr\/"},{"@type":"ListItem","position":2,"name":"Responsables du traitement des donn\u00e9es"}]},{"@type":"WebSite","@id":"https:\/\/polar55.com\/fr\/#website","url":"https:\/\/polar55.com\/fr\/","name":"Polar55","description":"cheap hosting and domains","potentialAction":[{"@type":"SearchAction","target":{"@type":"EntryPoint","urlTemplate":"https:\/\/polar55.com\/fr\/?s={search_term_string}"},"query-input":{"@type":"PropertyValueSpecification","valueRequired":true,"valueName":"search_term_string"}}],"inLanguage":"fr-FR"}]}},"_links":{"self":[{"href":"https:\/\/polar55.com\/fr\/wp-json\/wp\/v2\/pages\/8027","targetHints":{"allow":["GET"]}}],"collection":[{"href":"https:\/\/polar55.com\/fr\/wp-json\/wp\/v2\/pages"}],"about":[{"href":"https:\/\/polar55.com\/fr\/wp-json\/wp\/v2\/types\/page"}],"author":[{"embeddable":true,"href":"https:\/\/polar55.com\/fr\/wp-json\/wp\/v2\/users\/3"}],"replies":[{"embeddable":true,"href":"https:\/\/polar55.com\/fr\/wp-json\/wp\/v2\/comments?post=8027"}],"version-history":[{"count":7,"href":"https:\/\/polar55.com\/fr\/wp-json\/wp\/v2\/pages\/8027\/revisions"}],"predecessor-version":[{"id":10210,"href":"https:\/\/polar55.com\/fr\/wp-json\/wp\/v2\/pages\/8027\/revisions\/10210"}],"wp:attachment":[{"href":"https:\/\/polar55.com\/fr\/wp-json\/wp\/v2\/media?parent=8027"}],"curies":[{"name":"wp","href":"https:\/\/api.w.org\/{rel}","templated":true}]}}