{"id":8023,"date":"2024-07-31T14:13:10","date_gmt":"2024-07-31T13:13:10","guid":{"rendered":"https:\/\/polar55.com\/accord-sur-le-traitement-des-donnees\/"},"modified":"2025-05-05T12:30:18","modified_gmt":"2025-05-05T11:30:18","slug":"accord-sur-le-traitement-des-donnees","status":"publish","type":"page","link":"https:\/\/polar55.com\/fr\/accord-sur-le-traitement-des-donnees\/","title":{"rendered":"Accord sur le traitement des donn\u00e9es"},"content":{"rendered":"<div class=\"wpb-content-wrapper\"><p>[vc_row king_class=\u00a0\u00bbprice_compare\u00a0\u00bb king_class_container=\u00a0\u00bbtable-wrapper\u00a0\u00bb css=\u00a0\u00bb.vc_custom_1722414293279{padding-top: 40px !important;padding-bottom: 40px !important;}\u00a0\u00bb][vc_column][vc_column_text el_class=\u00a0\u00bbwebhotel-text\u00a0\u00bb]\n    <p style=\"text-align: left;\">Si vous recherchez un accord de traitement des donn\u00e9es, vous \u00eates au bon endroit. Comme nous stockons vos informations, et potentiellement celles de vos clients, nous agissons en tant que sous-traitant pour vous. Si vous avez besoin d\u2019un accord de traitement des donn\u00e9es pour documenter la mani\u00e8re dont nous traitons vos donn\u00e9es et qui y a acc\u00e8s, vous le trouverez dans ce document. Vous pouvez \u00e9galement le signer et nous le retourner (de pr\u00e9f\u00e9rence en PDF). Veuillez envoyer la version sign\u00e9e \u00e0 <a href=\"mailto:ms@polar55.com\" rel=\"noopener\">ms@polar55.com<\/a>.<\/p>\n    <p style=\"text-align: left;\">En bas de la page, vous trouverez une petite FAQ qui couvre les points essentiels de l\u2019accord de traitement des donn\u00e9es. Nous y expliquons les choses en langage simple afin que vous, en tant que client, puissiez comprendre comment vos donn\u00e9es sont trait\u00e9es.<\/p>\n    <p style=\"text-align: left;\">Nous ne proposons pas d\u2019accords de traitement des donn\u00e9es personnalis\u00e9s.<\/p>\n    <p style=\"text-align: left;\"><a href=\"https:\/\/polar55.com\/wp-content\/uploads\/2020\/08\/DPA.pdf\">T\u00e9l\u00e9charger l\u2019accord de traitement des donn\u00e9es<\/a><\/p>\n    <p style=\"text-align: left;\"><a href=\"https:\/\/polar55.com\/wp-content\/uploads\/2020\/09\/NSEC-Solutions.pdf\">Accord de confidentialit\u00e9 avec le sous-traitant \"NSEC Solutions\"<\/a><\/p>\n\t<p style=\"text-align: left;\"><a href=\"https:\/\/polar55.com\/wp-content\/uploads\/2025\/09\/sampedro-en.pdf\">Accord de confidentialit\u00e9 avec le sous-traitant \"Sampedro ApS\"<\/a><\/p>\n    <p style=\"text-align: left;\">Si vous avez des questions concernant l\u2019accord de traitement des donn\u00e9es, nous ferons de notre mieux pour y r\u00e9pondre. Toutefois, n\u2019\u00e9tant pas juristes, il se peut que nous vous invitions \u00e0 contacter un expert dans le domaine.<\/p>[\/vc_column_text][\/vc_column][\/vc_row][vc_row][vc_column css=\u00a0\u00bb.vc_custom_1580120817154{margin-bottom: 70px !important;}\u00a0\u00bb][vc_tta_accordion][vc_tta_section title=\u00a0\u00bb\u00c0 quelles fins utilisez-vous mes informations ?\u00a0\u00bb tab_id=\u00a0\u00bb1598514746548-5ac5ecaa-4f7c\u00a0\u00bb][vc_column_text]\n        <p style=\"text-align: left;\">Nous utilisons vos informations pour garantir \u00e0 la fois le bon fonctionnement de nos services et la possibilit\u00e9 de communiquer avec vous. Votre adresse e-mail et votre num\u00e9ro de t\u00e9l\u00e9phone sont conserv\u00e9s afin de pouvoir vous contacter. Cela peut inclure des rappels de paiement, des confirmations de commande, des informations concernant des incidents techniques, etc. Vos nom et adresse sont notamment utilis\u00e9s pour enregistrer et renouveler des noms de domaine, car le bureau d\u2019enregistrement exige ces informations pour confirmer votre identit\u00e9.<\/p>[\/vc_column_text][\/vc_tta_section][vc_tta_section title=\u00a0\u00bbQui a acc\u00e8s \u00e0 mes informations ?\u00a0\u00bb tab_id=\u00a0\u00bb1598514746572-97b6a63d-18bd\u00a0\u00bb][vc_column_text]\n        <p style=\"text-align: left;\">The owners and employees of Polar55 have access to the information. Additionally, we use some external partners. You can see in the data processing agreement at any time who these subprocessors are. This includes, among others, Key-Systems GmbH, which is our domain registrar, and Hetzner as our server provider.<\/p>[\/vc_column_text][\/vc_tta_section][vc_tta_section title=\u00a0\u00bb\u00c0 qui communiquez-vous mes informations ?\u00a0\u00bb tab_id=\u00a0\u00bb1598515085398-1d17331b-e5f6&Prime;][vc_column_text]\n        <p style=\"text-align: left;\">Nous ne partageons vos informations qu\u2019avec les sous-traitants strictement n\u00e9cessaires au fonctionnement de notre service d\u2019h\u00e9bergement. Ces partenaires sont soigneusement s\u00e9lectionn\u00e9s pour remplir des fonctions essentielles \u00e0 notre activit\u00e9 chez Polar55. Nous veillons par ailleurs \u00e0 limiter autant que possible le nombre de personnes ayant acc\u00e8s \u00e0 vos donn\u00e9es, afin de garantir leur confidentialit\u00e9.<\/p>[\/vc_column_text][\/vc_tta_section][\/vc_tta_accordion][\/vc_column][\/vc_row]<\/p>\n<\/div>","protected":false},"excerpt":{"rendered":"<p>[vc_row king_class=\u00a0\u00bbprice_compare\u00a0\u00bb king_class_container=\u00a0\u00bbtable-wrapper\u00a0\u00bb css=\u00a0\u00bb.vc_custom_1722414293279{padding-top: 40px !important;padding-bottom: 40px !important;}\u00a0\u00bb][vc_column][vc_column_text el_class=\u00a0\u00bbwebhotel-text\u00a0\u00bb][\/vc_column_text][\/vc_column][\/vc_row][vc_row][vc_column css=\u00a0\u00bb.vc_custom_1580120817154{margin-bottom: 70px !important;}\u00a0\u00bb][vc_tta_accordion][vc_tta_section title=\u00a0\u00bb\u00c0 quelles fins utilisez-vous mes informations ?\u00a0\u00bb tab_id=\u00a0\u00bb1598514746548-5ac5ecaa-4f7c\u00a0\u00bb][vc_column_text][\/vc_column_text][\/vc_tta_section][vc_tta_section title=\u00a0\u00bbQui a acc\u00e8s \u00e0 mes informations ?\u00a0\u00bb tab_id=\u00a0\u00bb1598514746572-97b6a63d-18bd\u00a0\u00bb][vc_column_text][\/vc_column_text][\/vc_tta_section][vc_tta_section title=\u00a0\u00bb\u00c0 qui communiquez-vous mes informations ?\u00a0\u00bb tab_id=\u00a0\u00bb1598515085398-1d17331b-e5f6&Prime;][vc_column_text][\/vc_column_text][\/vc_tta_section][\/vc_tta_accordion][\/vc_column][\/vc_row]<\/p>\n","protected":false},"author":3,"featured_media":0,"parent":0,"menu_order":0,"comment_status":"closed","ping_status":"closed","template":"","meta":{"_acf_changed":false,"footnotes":""},"class_list":["post-8023","page","type-page","status-publish","hentry"],"acf":[],"yoast_head":"<!-- This site is optimized with the Yoast SEO plugin v26.8 - https:\/\/yoast.com\/product\/yoast-seo-wordpress\/ -->\n<title>Accord sur le traitement des donn\u00e9es - Polar55<\/title>\n<meta name=\"robots\" content=\"index, follow, max-snippet:-1, max-image-preview:large, max-video-preview:-1\" \/>\n<link rel=\"canonical\" href=\"https:\/\/polar55.com\/fr\/accord-sur-le-traitement-des-donnees\/\" \/>\n<meta property=\"og:locale\" content=\"fr_FR\" \/>\n<meta property=\"og:type\" content=\"article\" \/>\n<meta property=\"og:title\" content=\"Accord sur le traitement des donn\u00e9es - Polar55\" \/>\n<meta property=\"og:description\" content=\"[vc_row king_class=\u00a0\u00bbprice_compare\u00a0\u00bb king_class_container=\u00a0\u00bbtable-wrapper\u00a0\u00bb css=\u00a0\u00bb.vc_custom_1722414293279{padding-top: 40px !important;padding-bottom: 40px !important;}\u00a0\u00bb][vc_column][vc_column_text el_class=\u00a0\u00bbwebhotel-text\u00a0\u00bb][\/vc_column_text][\/vc_column][\/vc_row][vc_row][vc_column css=\u00a0\u00bb.vc_custom_1580120817154{margin-bottom: 70px !important;}\u00a0\u00bb][vc_tta_accordion][vc_tta_section title=\u00a0\u00bb\u00c0 quelles fins utilisez-vous mes informations ?\u00a0\u00bb tab_id=\u00a0\u00bb1598514746548-5ac5ecaa-4f7c\u00a0\u00bb][vc_column_text][\/vc_column_text][\/vc_tta_section][vc_tta_section title=\u00a0\u00bbQui a acc\u00e8s \u00e0 mes informations ?\u00a0\u00bb tab_id=\u00a0\u00bb1598514746572-97b6a63d-18bd\u00a0\u00bb][vc_column_text][\/vc_column_text][\/vc_tta_section][vc_tta_section title=\u00a0\u00bb\u00c0 qui communiquez-vous mes informations ?\u00a0\u00bb tab_id=\u00a0\u00bb1598515085398-1d17331b-e5f6&Prime;][vc_column_text][\/vc_column_text][\/vc_tta_section][\/vc_tta_accordion][\/vc_column][\/vc_row]\" \/>\n<meta property=\"og:url\" content=\"https:\/\/polar55.com\/fr\/accord-sur-le-traitement-des-donnees\/\" \/>\n<meta property=\"og:site_name\" content=\"Polar55\" \/>\n<meta property=\"article:modified_time\" content=\"2025-05-05T11:30:18+00:00\" \/>\n<meta name=\"twitter:card\" content=\"summary_large_image\" \/>\n<meta name=\"twitter:label1\" content=\"Dur\u00e9e de lecture estim\u00e9e\" \/>\n\t<meta name=\"twitter:data1\" content=\"1 minute\" \/>\n<script type=\"application\/ld+json\" class=\"yoast-schema-graph\">{\"@context\":\"https:\/\/schema.org\",\"@graph\":[{\"@type\":\"WebPage\",\"@id\":\"https:\/\/polar55.com\/fr\/accord-sur-le-traitement-des-donnees\/\",\"url\":\"https:\/\/polar55.com\/fr\/accord-sur-le-traitement-des-donnees\/\",\"name\":\"Accord sur le traitement des donn\u00e9es - Polar55\",\"isPartOf\":{\"@id\":\"https:\/\/polar55.com\/fr\/#website\"},\"datePublished\":\"2024-07-31T13:13:10+00:00\",\"dateModified\":\"2025-05-05T11:30:18+00:00\",\"breadcrumb\":{\"@id\":\"https:\/\/polar55.com\/fr\/accord-sur-le-traitement-des-donnees\/#breadcrumb\"},\"inLanguage\":\"fr-FR\",\"potentialAction\":[{\"@type\":\"ReadAction\",\"target\":[\"https:\/\/polar55.com\/fr\/accord-sur-le-traitement-des-donnees\/\"]}]},{\"@type\":\"BreadcrumbList\",\"@id\":\"https:\/\/polar55.com\/fr\/accord-sur-le-traitement-des-donnees\/#breadcrumb\",\"itemListElement\":[{\"@type\":\"ListItem\",\"position\":1,\"name\":\"Hjem\",\"item\":\"https:\/\/polar55.com\/fr\/\"},{\"@type\":\"ListItem\",\"position\":2,\"name\":\"Accord sur le traitement des donn\u00e9es\"}]},{\"@type\":\"WebSite\",\"@id\":\"https:\/\/polar55.com\/fr\/#website\",\"url\":\"https:\/\/polar55.com\/fr\/\",\"name\":\"Polar55\",\"description\":\"cheap hosting and domains\",\"potentialAction\":[{\"@type\":\"SearchAction\",\"target\":{\"@type\":\"EntryPoint\",\"urlTemplate\":\"https:\/\/polar55.com\/fr\/?s={search_term_string}\"},\"query-input\":{\"@type\":\"PropertyValueSpecification\",\"valueRequired\":true,\"valueName\":\"search_term_string\"}}],\"inLanguage\":\"fr-FR\"}]}<\/script>\n<!-- \/ Yoast SEO plugin. -->","yoast_head_json":{"title":"Accord sur le traitement des donn\u00e9es - Polar55","robots":{"index":"index","follow":"follow","max-snippet":"max-snippet:-1","max-image-preview":"max-image-preview:large","max-video-preview":"max-video-preview:-1"},"canonical":"https:\/\/polar55.com\/fr\/accord-sur-le-traitement-des-donnees\/","og_locale":"fr_FR","og_type":"article","og_title":"Accord sur le traitement des donn\u00e9es - Polar55","og_description":"[vc_row king_class=\u00a0\u00bbprice_compare\u00a0\u00bb king_class_container=\u00a0\u00bbtable-wrapper\u00a0\u00bb css=\u00a0\u00bb.vc_custom_1722414293279{padding-top: 40px !important;padding-bottom: 40px !important;}\u00a0\u00bb][vc_column][vc_column_text el_class=\u00a0\u00bbwebhotel-text\u00a0\u00bb][\/vc_column_text][\/vc_column][\/vc_row][vc_row][vc_column css=\u00a0\u00bb.vc_custom_1580120817154{margin-bottom: 70px !important;}\u00a0\u00bb][vc_tta_accordion][vc_tta_section title=\u00a0\u00bb\u00c0 quelles fins utilisez-vous mes informations ?\u00a0\u00bb tab_id=\u00a0\u00bb1598514746548-5ac5ecaa-4f7c\u00a0\u00bb][vc_column_text][\/vc_column_text][\/vc_tta_section][vc_tta_section title=\u00a0\u00bbQui a acc\u00e8s \u00e0 mes informations ?\u00a0\u00bb tab_id=\u00a0\u00bb1598514746572-97b6a63d-18bd\u00a0\u00bb][vc_column_text][\/vc_column_text][\/vc_tta_section][vc_tta_section title=\u00a0\u00bb\u00c0 qui communiquez-vous mes informations ?\u00a0\u00bb tab_id=\u00a0\u00bb1598515085398-1d17331b-e5f6&Prime;][vc_column_text][\/vc_column_text][\/vc_tta_section][\/vc_tta_accordion][\/vc_column][\/vc_row]","og_url":"https:\/\/polar55.com\/fr\/accord-sur-le-traitement-des-donnees\/","og_site_name":"Polar55","article_modified_time":"2025-05-05T11:30:18+00:00","twitter_card":"summary_large_image","twitter_misc":{"Dur\u00e9e de lecture estim\u00e9e":"1 minute"},"schema":{"@context":"https:\/\/schema.org","@graph":[{"@type":"WebPage","@id":"https:\/\/polar55.com\/fr\/accord-sur-le-traitement-des-donnees\/","url":"https:\/\/polar55.com\/fr\/accord-sur-le-traitement-des-donnees\/","name":"Accord sur le traitement des donn\u00e9es - Polar55","isPartOf":{"@id":"https:\/\/polar55.com\/fr\/#website"},"datePublished":"2024-07-31T13:13:10+00:00","dateModified":"2025-05-05T11:30:18+00:00","breadcrumb":{"@id":"https:\/\/polar55.com\/fr\/accord-sur-le-traitement-des-donnees\/#breadcrumb"},"inLanguage":"fr-FR","potentialAction":[{"@type":"ReadAction","target":["https:\/\/polar55.com\/fr\/accord-sur-le-traitement-des-donnees\/"]}]},{"@type":"BreadcrumbList","@id":"https:\/\/polar55.com\/fr\/accord-sur-le-traitement-des-donnees\/#breadcrumb","itemListElement":[{"@type":"ListItem","position":1,"name":"Hjem","item":"https:\/\/polar55.com\/fr\/"},{"@type":"ListItem","position":2,"name":"Accord sur le traitement des donn\u00e9es"}]},{"@type":"WebSite","@id":"https:\/\/polar55.com\/fr\/#website","url":"https:\/\/polar55.com\/fr\/","name":"Polar55","description":"cheap hosting and domains","potentialAction":[{"@type":"SearchAction","target":{"@type":"EntryPoint","urlTemplate":"https:\/\/polar55.com\/fr\/?s={search_term_string}"},"query-input":{"@type":"PropertyValueSpecification","valueRequired":true,"valueName":"search_term_string"}}],"inLanguage":"fr-FR"}]}},"_links":{"self":[{"href":"https:\/\/polar55.com\/fr\/wp-json\/wp\/v2\/pages\/8023","targetHints":{"allow":["GET"]}}],"collection":[{"href":"https:\/\/polar55.com\/fr\/wp-json\/wp\/v2\/pages"}],"about":[{"href":"https:\/\/polar55.com\/fr\/wp-json\/wp\/v2\/types\/page"}],"author":[{"embeddable":true,"href":"https:\/\/polar55.com\/fr\/wp-json\/wp\/v2\/users\/3"}],"replies":[{"embeddable":true,"href":"https:\/\/polar55.com\/fr\/wp-json\/wp\/v2\/comments?post=8023"}],"version-history":[{"count":4,"href":"https:\/\/polar55.com\/fr\/wp-json\/wp\/v2\/pages\/8023\/revisions"}],"predecessor-version":[{"id":8202,"href":"https:\/\/polar55.com\/fr\/wp-json\/wp\/v2\/pages\/8023\/revisions\/8202"}],"wp:attachment":[{"href":"https:\/\/polar55.com\/fr\/wp-json\/wp\/v2\/media?parent=8023"}],"curies":[{"name":"wp","href":"https:\/\/api.w.org\/{rel}","templated":true}]}}