{"id":8021,"date":"2024-07-31T09:21:49","date_gmt":"2024-07-31T08:21:49","guid":{"rendered":"https:\/\/polar55.com\/cookies\/"},"modified":"2025-05-05T12:29:49","modified_gmt":"2025-05-05T11:29:49","slug":"cookies","status":"publish","type":"page","link":"https:\/\/polar55.com\/fr\/cookies\/","title":{"rendered":"Cookies"},"content":{"rendered":"<div class=\"wpb-content-wrapper\"><p>[vc_row css=\u00a0\u00bb.vc_custom_1722414156781{padding-top: 40px !important;padding-bottom: 40px !important;}\u00a0\u00bb][vc_column][vc_column_text]\n    <strong>G\u00e9n\u00e9ralit\u00e9s<\/strong>\n    <p>1.1 La pr\u00e9sente politique de confidentialit\u00e9 (\"Politique de confidentialit\u00e9\") d\u00e9crit comment Polar55 (\"nous\", \"notre\", \"nos\") collecte et traite des informations vous concernant.<\/p>\n    <p>1.2 La Politique de confidentialit\u00e9 s\u2019applique aux informations personnelles que vous nous fournissez ou que nous collectons via le site web www.polar55.com (\"le Site\").<\/p>\n    <p>1.3 Polar55 est le responsable du traitement de vos donn\u00e9es personnelles. Toute demande peut \u00eatre adress\u00e9e \u00e0 Polar55 via les coordonn\u00e9es indiqu\u00e9es \u00e0 la section 8.<\/p>\n\n    <strong>Quelles donn\u00e9es personnelles collectons-nous, dans quel but et sur quelle base juridique<\/strong>\n    <p>2.1 Lorsque vous visitez le Site, nous collectons automatiquement des informations vous concernant et concernant votre utilisation du Site, telles que le type de navigateur, les termes de recherche, l\u2019adresse IP et des informations sur votre ordinateur.<\/p>\n    <p>2.1.1 Le but est d\u2019optimiser l\u2019exp\u00e9rience utilisateur ainsi que les fonctionnalit\u00e9s du Site. Ce traitement est n\u00e9cessaire \u00e0 la poursuite de nos int\u00e9r\u00eats l\u00e9gitimes \u00e0 am\u00e9liorer le Site.<\/p>\n    <p>2.1.2 La base juridique du traitement est l\u2019article 6(1)(f) du RGPD de l\u2019UE.<\/p>\n\n    <strong>Cookies<\/strong>\n    <p>3.1 Polar55 utilise des cookies \u00e0 des fins techniques, de mesure du trafic et de publicit\u00e9 cibl\u00e9e.<\/p>\n\n    <strong>Destinataires des donn\u00e9es personnelles<\/strong>\n    <p>4.1 Les informations peuvent \u00eatre communiqu\u00e9es \u00e0 des partenaires externes pour l\u2019exploitation technique, la comptabilit\u00e9, le traitement des paiements et la publicit\u00e9.<\/p>\n\n    <strong>Vos droits<\/strong>\n    <p>5.1 Vous avez le droit d\u2019acc\u00e9der \u00e0 vos donn\u00e9es, de les rectifier, de les supprimer et de vous opposer \u00e0 leur traitement.<\/p>\n\n    <strong>Coordonn\u00e9es<\/strong>\n    <p>Polar55<br>Godth\u00e5bsvej 27<br>8660 Skanderborg<br>Danemark<br>Email : support[at]polar55.com<br>TVA : DK40745769<\/p>[\/vc_column_text][\/vc_column][\/vc_row]<\/p>\n<\/div>","protected":false},"excerpt":{"rendered":"<p>[vc_row css=\u00a0\u00bb.vc_custom_1722414156781{padding-top: 40px !important;padding-bottom: 40px !important;}\u00a0\u00bb][vc_column][vc_column_text][\/vc_column_text][\/vc_column][\/vc_row]<\/p>\n","protected":false},"author":3,"featured_media":0,"parent":0,"menu_order":0,"comment_status":"closed","ping_status":"closed","template":"","meta":{"_acf_changed":false,"footnotes":""},"class_list":["post-8021","page","type-page","status-publish","hentry"],"acf":[],"yoast_head":"<!-- This site is optimized with the Yoast SEO plugin v26.8 - https:\/\/yoast.com\/product\/yoast-seo-wordpress\/ -->\n<title>Cookies - Polar55<\/title>\n<meta name=\"robots\" content=\"index, follow, max-snippet:-1, max-image-preview:large, max-video-preview:-1\" \/>\n<link rel=\"canonical\" href=\"https:\/\/polar55.com\/fr\/cookies\/\" \/>\n<meta property=\"og:locale\" content=\"fr_FR\" \/>\n<meta property=\"og:type\" content=\"article\" \/>\n<meta property=\"og:title\" content=\"Cookies - Polar55\" \/>\n<meta property=\"og:description\" content=\"[vc_row css=\u00a0\u00bb.vc_custom_1722414156781{padding-top: 40px !important;padding-bottom: 40px !important;}\u00a0\u00bb][vc_column][vc_column_text][\/vc_column_text][\/vc_column][\/vc_row]\" \/>\n<meta property=\"og:url\" content=\"https:\/\/polar55.com\/fr\/cookies\/\" \/>\n<meta property=\"og:site_name\" content=\"Polar55\" \/>\n<meta property=\"article:modified_time\" content=\"2025-05-05T11:29:49+00:00\" \/>\n<meta name=\"twitter:card\" content=\"summary_large_image\" \/>\n<meta name=\"twitter:label1\" content=\"Dur\u00e9e de lecture estim\u00e9e\" \/>\n\t<meta name=\"twitter:data1\" content=\"1 minute\" \/>\n<script type=\"application\/ld+json\" class=\"yoast-schema-graph\">{\"@context\":\"https:\/\/schema.org\",\"@graph\":[{\"@type\":\"WebPage\",\"@id\":\"https:\/\/polar55.com\/fr\/cookies\/\",\"url\":\"https:\/\/polar55.com\/fr\/cookies\/\",\"name\":\"Cookies - Polar55\",\"isPartOf\":{\"@id\":\"https:\/\/polar55.com\/fr\/#website\"},\"datePublished\":\"2024-07-31T08:21:49+00:00\",\"dateModified\":\"2025-05-05T11:29:49+00:00\",\"breadcrumb\":{\"@id\":\"https:\/\/polar55.com\/fr\/cookies\/#breadcrumb\"},\"inLanguage\":\"fr-FR\",\"potentialAction\":[{\"@type\":\"ReadAction\",\"target\":[\"https:\/\/polar55.com\/fr\/cookies\/\"]}]},{\"@type\":\"BreadcrumbList\",\"@id\":\"https:\/\/polar55.com\/fr\/cookies\/#breadcrumb\",\"itemListElement\":[{\"@type\":\"ListItem\",\"position\":1,\"name\":\"Hjem\",\"item\":\"https:\/\/polar55.com\/fr\/\"},{\"@type\":\"ListItem\",\"position\":2,\"name\":\"Cookies\"}]},{\"@type\":\"WebSite\",\"@id\":\"https:\/\/polar55.com\/fr\/#website\",\"url\":\"https:\/\/polar55.com\/fr\/\",\"name\":\"Polar55\",\"description\":\"cheap hosting and domains\",\"potentialAction\":[{\"@type\":\"SearchAction\",\"target\":{\"@type\":\"EntryPoint\",\"urlTemplate\":\"https:\/\/polar55.com\/fr\/?s={search_term_string}\"},\"query-input\":{\"@type\":\"PropertyValueSpecification\",\"valueRequired\":true,\"valueName\":\"search_term_string\"}}],\"inLanguage\":\"fr-FR\"}]}<\/script>\n<!-- \/ Yoast SEO plugin. -->","yoast_head_json":{"title":"Cookies - Polar55","robots":{"index":"index","follow":"follow","max-snippet":"max-snippet:-1","max-image-preview":"max-image-preview:large","max-video-preview":"max-video-preview:-1"},"canonical":"https:\/\/polar55.com\/fr\/cookies\/","og_locale":"fr_FR","og_type":"article","og_title":"Cookies - Polar55","og_description":"[vc_row css=\u00a0\u00bb.vc_custom_1722414156781{padding-top: 40px !important;padding-bottom: 40px !important;}\u00a0\u00bb][vc_column][vc_column_text][\/vc_column_text][\/vc_column][\/vc_row]","og_url":"https:\/\/polar55.com\/fr\/cookies\/","og_site_name":"Polar55","article_modified_time":"2025-05-05T11:29:49+00:00","twitter_card":"summary_large_image","twitter_misc":{"Dur\u00e9e de lecture estim\u00e9e":"1 minute"},"schema":{"@context":"https:\/\/schema.org","@graph":[{"@type":"WebPage","@id":"https:\/\/polar55.com\/fr\/cookies\/","url":"https:\/\/polar55.com\/fr\/cookies\/","name":"Cookies - Polar55","isPartOf":{"@id":"https:\/\/polar55.com\/fr\/#website"},"datePublished":"2024-07-31T08:21:49+00:00","dateModified":"2025-05-05T11:29:49+00:00","breadcrumb":{"@id":"https:\/\/polar55.com\/fr\/cookies\/#breadcrumb"},"inLanguage":"fr-FR","potentialAction":[{"@type":"ReadAction","target":["https:\/\/polar55.com\/fr\/cookies\/"]}]},{"@type":"BreadcrumbList","@id":"https:\/\/polar55.com\/fr\/cookies\/#breadcrumb","itemListElement":[{"@type":"ListItem","position":1,"name":"Hjem","item":"https:\/\/polar55.com\/fr\/"},{"@type":"ListItem","position":2,"name":"Cookies"}]},{"@type":"WebSite","@id":"https:\/\/polar55.com\/fr\/#website","url":"https:\/\/polar55.com\/fr\/","name":"Polar55","description":"cheap hosting and domains","potentialAction":[{"@type":"SearchAction","target":{"@type":"EntryPoint","urlTemplate":"https:\/\/polar55.com\/fr\/?s={search_term_string}"},"query-input":{"@type":"PropertyValueSpecification","valueRequired":true,"valueName":"search_term_string"}}],"inLanguage":"fr-FR"}]}},"_links":{"self":[{"href":"https:\/\/polar55.com\/fr\/wp-json\/wp\/v2\/pages\/8021","targetHints":{"allow":["GET"]}}],"collection":[{"href":"https:\/\/polar55.com\/fr\/wp-json\/wp\/v2\/pages"}],"about":[{"href":"https:\/\/polar55.com\/fr\/wp-json\/wp\/v2\/types\/page"}],"author":[{"embeddable":true,"href":"https:\/\/polar55.com\/fr\/wp-json\/wp\/v2\/users\/3"}],"replies":[{"embeddable":true,"href":"https:\/\/polar55.com\/fr\/wp-json\/wp\/v2\/comments?post=8021"}],"version-history":[{"count":4,"href":"https:\/\/polar55.com\/fr\/wp-json\/wp\/v2\/pages\/8021\/revisions"}],"predecessor-version":[{"id":8201,"href":"https:\/\/polar55.com\/fr\/wp-json\/wp\/v2\/pages\/8021\/revisions\/8201"}],"wp:attachment":[{"href":"https:\/\/polar55.com\/fr\/wp-json\/wp\/v2\/media?parent=8021"}],"curies":[{"name":"wp","href":"https:\/\/api.w.org\/{rel}","templated":true}]}}