{"id":8018,"date":"2019-08-01T22:13:20","date_gmt":"2019-08-01T21:13:20","guid":{"rendered":"https:\/\/polar55.com\/politique-en-matiere-de-cookies-et-de-protection-de-la-vie-privee\/"},"modified":"2025-05-05T12:29:03","modified_gmt":"2025-05-05T11:29:03","slug":"politique-de-confidentialite-et-cookies","status":"publish","type":"page","link":"https:\/\/polar55.com\/fr\/politique-de-confidentialite-et-cookies\/","title":{"rendered":"Politique de confidentialit\u00e9 et cookies"},"content":{"rendered":"<div class=\"wpb-content-wrapper\"><p>[vc_row css=\u00a0\u00bb.vc_custom_1722415467825{padding-top: 40px !important;padding-bottom: 40px !important;}\u00a0\u00bb][vc_column][vc_column_text]\n    <p>Cette page d\u00e9crit la politique de confidentialit\u00e9 et d\u2019utilisation des cookies de Polar55, une entit\u00e9 de nordicway ApS (\"l\u2019entreprise\", TVA : DK40745769), ainsi que celle du site polar55.com (\"le site web\").<\/p>\n\n    <strong>Quelles informations sont enregistr\u00e9es sur les clients inscrits ?<\/strong>\n    <p>Les informations fournies par les clients enregistr\u00e9s comprennent :<\/p>\n    <ul>\n        <li>Nom<\/li>\n        <li>Nom de l\u2019entreprise et num\u00e9ro de TVA intracommunautaire (le cas \u00e9ch\u00e9ant)<\/li>\n        <li>Adresse postale<\/li>\n        <li>Num\u00e9ro de t\u00e9l\u00e9phone<\/li>\n        <li>Adresse e-mail<\/li>\n        <li>Num\u00e9ro EAN (le cas \u00e9ch\u00e9ant)<\/li>\n        <li>Mot de passe<\/li>\n    <\/ul>\n\n    <strong>Comment ces informations sont-elles utilis\u00e9es ?<\/strong>\n    <p>Les informations des clients enregistr\u00e9s sont utilis\u00e9es aux fins suivantes :<\/p>\n    <ul>\n        <li>Assistance<\/li>\n        <li>Enregistrement de domaines<\/li>\n        <li>Facturation<\/li>\n    <\/ul>\n\n    <strong>Pourquoi est-il n\u00e9cessaire de fournir une adresse postale et un num\u00e9ro de t\u00e9l\u00e9phone ?<\/strong>\n    <p>Ces donn\u00e9es sont exig\u00e9es par nos partenaires lors de l\u2019enregistrement de domaines.<\/p>\n\n    <strong>L\u2019entreprise conserve-t-elle les informations de carte bancaire ?<\/strong>\n    <p>Non, l\u2019entreprise ne conserve aucune information relative aux cartes bancaires.<\/p>\n\n    <strong>Avec quels tiers les informations sont-elles partag\u00e9es ?<\/strong>\n    <p>Pour les paiements, les informations sont partag\u00e9es avec notre prestataire Stripe, Inc. Pour l\u2019enregistrement de domaines, elles sont partag\u00e9es avec notre partenaire Key-Systems GmbH. Dans tous les cas, seule la quantit\u00e9 minimale d\u2019informations n\u00e9cessaires est transmise, et toutes les communications sont effectu\u00e9es via des connexions s\u00e9curis\u00e9es et chiffr\u00e9es.<\/p>\n\n    <strong>Comment les informations sont-elles stock\u00e9es ?<\/strong>\n    <p>Toutes les informations sont stock\u00e9es sur des serveurs d\u00e9di\u00e9s situ\u00e9s dans des centres d\u2019h\u00e9bergement s\u00e9curis\u00e9s en Allemagne.<\/p>\n\n    <strong>Communications par e-mail<\/strong>\n    <p>L\u2019entreprise envoie des e-mails uniquement aux clients ayant des produits actifs. Ces e-mails concernent exclusivement les factures ou des informations sur des interruptions de service et la maintenance du syst\u00e8me.<\/p>\n\n    <strong>L\u2019entreprise vendra-t-elle un jour les informations \u00e0 un tiers ?<\/strong>\n    <p>Absolument pas !<\/p>\n\n    <strong>Respect de la politique de confidentialit\u00e9<\/strong>\n    <p>Si vous estimez que vos informations ne sont pas trait\u00e9es conform\u00e9ment \u00e0 notre politique de confidentialit\u00e9, veuillez nous contacter.<\/p>\n\n    <strong>Le site utilise-t-il des cookies ?<\/strong>\n    <p>Oui, le site utilise des cookies. Pour plus d\u2019informations, voir ci-dessous.<\/p>\n\n    <strong>G\u00e9n\u00e9ralit\u00e9s<\/strong>\n    <p>Lors de votre visite sur le site, un cookie contenant un identifiant unique non personnel est enregistr\u00e9. Ce cookie est utilis\u00e9 uniquement pour faciliter la navigation et est supprim\u00e9 d\u00e8s que vous fermez votre navigateur.<\/p>\n\n    <strong>Google Analytics<\/strong>\n    <p>Un cookie de Google Analytics est enregistr\u00e9 sur votre ordinateur \u00e0 des fins statistiques, notamment pour analyser le comportement des visiteurs sur le site.<\/p>\n\n    <strong>Puis-je \u00e9viter les cookies ?<\/strong>\n    <p>Oui, vous pouvez <a href=\"https:\/\/www.privacypolicies.com\/blog\/how-to-delete-cookies\/\" target=\"_blank\" rel=\"noopener\">suivre ce guide<\/a> pour \u00e9viter les cookies.<\/p>[\/vc_column_text][\/vc_column][\/vc_row]<\/p>\n<\/div>","protected":false},"excerpt":{"rendered":"<p>[vc_row css=\u00a0\u00bb.vc_custom_1722415467825{padding-top: 40px !important;padding-bottom: 40px !important;}\u00a0\u00bb][vc_column][vc_column_text][\/vc_column_text][\/vc_column][\/vc_row]<\/p>\n","protected":false},"author":1,"featured_media":0,"parent":0,"menu_order":0,"comment_status":"closed","ping_status":"open","template":"","meta":{"_acf_changed":false,"footnotes":""},"class_list":["post-8018","page","type-page","status-publish","hentry"],"acf":[],"yoast_head":"<!-- This site is optimized with the Yoast SEO plugin v26.8 - https:\/\/yoast.com\/product\/yoast-seo-wordpress\/ -->\n<title>Politique de confidentialit\u00e9 et cookies - Polar55<\/title>\n<meta name=\"robots\" content=\"index, follow, max-snippet:-1, max-image-preview:large, max-video-preview:-1\" \/>\n<link rel=\"canonical\" href=\"https:\/\/polar55.com\/fr\/politique-de-confidentialite-et-cookies\/\" \/>\n<meta property=\"og:locale\" content=\"fr_FR\" \/>\n<meta property=\"og:type\" content=\"article\" \/>\n<meta property=\"og:title\" content=\"Politique de confidentialit\u00e9 et cookies - Polar55\" \/>\n<meta property=\"og:description\" content=\"[vc_row css=\u00a0\u00bb.vc_custom_1722415467825{padding-top: 40px !important;padding-bottom: 40px !important;}\u00a0\u00bb][vc_column][vc_column_text][\/vc_column_text][\/vc_column][\/vc_row]\" \/>\n<meta property=\"og:url\" content=\"https:\/\/polar55.com\/fr\/politique-de-confidentialite-et-cookies\/\" \/>\n<meta property=\"og:site_name\" content=\"Polar55\" \/>\n<meta property=\"article:modified_time\" content=\"2025-05-05T11:29:03+00:00\" \/>\n<meta name=\"twitter:card\" content=\"summary_large_image\" \/>\n<meta name=\"twitter:label1\" content=\"Dur\u00e9e de lecture estim\u00e9e\" \/>\n\t<meta name=\"twitter:data1\" content=\"1 minute\" \/>\n<script type=\"application\/ld+json\" class=\"yoast-schema-graph\">{\"@context\":\"https:\/\/schema.org\",\"@graph\":[{\"@type\":\"WebPage\",\"@id\":\"https:\/\/polar55.com\/fr\/politique-de-confidentialite-et-cookies\/\",\"url\":\"https:\/\/polar55.com\/fr\/politique-de-confidentialite-et-cookies\/\",\"name\":\"Politique de confidentialit\u00e9 et cookies - Polar55\",\"isPartOf\":{\"@id\":\"https:\/\/polar55.com\/fr\/#website\"},\"datePublished\":\"2019-08-01T21:13:20+00:00\",\"dateModified\":\"2025-05-05T11:29:03+00:00\",\"breadcrumb\":{\"@id\":\"https:\/\/polar55.com\/fr\/politique-de-confidentialite-et-cookies\/#breadcrumb\"},\"inLanguage\":\"fr-FR\",\"potentialAction\":[{\"@type\":\"ReadAction\",\"target\":[\"https:\/\/polar55.com\/fr\/politique-de-confidentialite-et-cookies\/\"]}]},{\"@type\":\"BreadcrumbList\",\"@id\":\"https:\/\/polar55.com\/fr\/politique-de-confidentialite-et-cookies\/#breadcrumb\",\"itemListElement\":[{\"@type\":\"ListItem\",\"position\":1,\"name\":\"Hjem\",\"item\":\"https:\/\/polar55.com\/fr\/\"},{\"@type\":\"ListItem\",\"position\":2,\"name\":\"Politique de confidentialit\u00e9 et cookies\"}]},{\"@type\":\"WebSite\",\"@id\":\"https:\/\/polar55.com\/fr\/#website\",\"url\":\"https:\/\/polar55.com\/fr\/\",\"name\":\"Polar55\",\"description\":\"cheap hosting and domains\",\"potentialAction\":[{\"@type\":\"SearchAction\",\"target\":{\"@type\":\"EntryPoint\",\"urlTemplate\":\"https:\/\/polar55.com\/fr\/?s={search_term_string}\"},\"query-input\":{\"@type\":\"PropertyValueSpecification\",\"valueRequired\":true,\"valueName\":\"search_term_string\"}}],\"inLanguage\":\"fr-FR\"}]}<\/script>\n<!-- \/ Yoast SEO plugin. -->","yoast_head_json":{"title":"Politique de confidentialit\u00e9 et cookies - Polar55","robots":{"index":"index","follow":"follow","max-snippet":"max-snippet:-1","max-image-preview":"max-image-preview:large","max-video-preview":"max-video-preview:-1"},"canonical":"https:\/\/polar55.com\/fr\/politique-de-confidentialite-et-cookies\/","og_locale":"fr_FR","og_type":"article","og_title":"Politique de confidentialit\u00e9 et cookies - Polar55","og_description":"[vc_row css=\u00a0\u00bb.vc_custom_1722415467825{padding-top: 40px !important;padding-bottom: 40px !important;}\u00a0\u00bb][vc_column][vc_column_text][\/vc_column_text][\/vc_column][\/vc_row]","og_url":"https:\/\/polar55.com\/fr\/politique-de-confidentialite-et-cookies\/","og_site_name":"Polar55","article_modified_time":"2025-05-05T11:29:03+00:00","twitter_card":"summary_large_image","twitter_misc":{"Dur\u00e9e de lecture estim\u00e9e":"1 minute"},"schema":{"@context":"https:\/\/schema.org","@graph":[{"@type":"WebPage","@id":"https:\/\/polar55.com\/fr\/politique-de-confidentialite-et-cookies\/","url":"https:\/\/polar55.com\/fr\/politique-de-confidentialite-et-cookies\/","name":"Politique de confidentialit\u00e9 et cookies - Polar55","isPartOf":{"@id":"https:\/\/polar55.com\/fr\/#website"},"datePublished":"2019-08-01T21:13:20+00:00","dateModified":"2025-05-05T11:29:03+00:00","breadcrumb":{"@id":"https:\/\/polar55.com\/fr\/politique-de-confidentialite-et-cookies\/#breadcrumb"},"inLanguage":"fr-FR","potentialAction":[{"@type":"ReadAction","target":["https:\/\/polar55.com\/fr\/politique-de-confidentialite-et-cookies\/"]}]},{"@type":"BreadcrumbList","@id":"https:\/\/polar55.com\/fr\/politique-de-confidentialite-et-cookies\/#breadcrumb","itemListElement":[{"@type":"ListItem","position":1,"name":"Hjem","item":"https:\/\/polar55.com\/fr\/"},{"@type":"ListItem","position":2,"name":"Politique de confidentialit\u00e9 et cookies"}]},{"@type":"WebSite","@id":"https:\/\/polar55.com\/fr\/#website","url":"https:\/\/polar55.com\/fr\/","name":"Polar55","description":"cheap hosting and domains","potentialAction":[{"@type":"SearchAction","target":{"@type":"EntryPoint","urlTemplate":"https:\/\/polar55.com\/fr\/?s={search_term_string}"},"query-input":{"@type":"PropertyValueSpecification","valueRequired":true,"valueName":"search_term_string"}}],"inLanguage":"fr-FR"}]}},"_links":{"self":[{"href":"https:\/\/polar55.com\/fr\/wp-json\/wp\/v2\/pages\/8018","targetHints":{"allow":["GET"]}}],"collection":[{"href":"https:\/\/polar55.com\/fr\/wp-json\/wp\/v2\/pages"}],"about":[{"href":"https:\/\/polar55.com\/fr\/wp-json\/wp\/v2\/types\/page"}],"author":[{"embeddable":true,"href":"https:\/\/polar55.com\/fr\/wp-json\/wp\/v2\/users\/1"}],"replies":[{"embeddable":true,"href":"https:\/\/polar55.com\/fr\/wp-json\/wp\/v2\/comments?post=8018"}],"version-history":[{"count":5,"href":"https:\/\/polar55.com\/fr\/wp-json\/wp\/v2\/pages\/8018\/revisions"}],"predecessor-version":[{"id":8200,"href":"https:\/\/polar55.com\/fr\/wp-json\/wp\/v2\/pages\/8018\/revisions\/8200"}],"wp:attachment":[{"href":"https:\/\/polar55.com\/fr\/wp-json\/wp\/v2\/media?parent=8018"}],"curies":[{"name":"wp","href":"https:\/\/api.w.org\/{rel}","templated":true}]}}