{"id":7992,"date":"2019-08-28T09:42:17","date_gmt":"2019-08-28T08:42:17","guid":{"rendered":"https:\/\/polar55.com\/a-propos-de-polar55\/"},"modified":"2025-10-22T10:11:30","modified_gmt":"2025-10-22T09:11:30","slug":"a-propos-de-polar55","status":"publish","type":"page","link":"https:\/\/polar55.com\/fr\/a-propos-de-polar55\/","title":{"rendered":"A propos de Polar55"},"content":{"rendered":"<div class=\"wpb-content-wrapper\"><p>[vc_row css=\u00a0\u00bb.vc_custom_1722411745676{padding-top: 40px !important;padding-bottom: 40px !important;}\u00a0\u00bb][vc_column width=\u00a0\u00bb2\/3&Prime; css=\u00a0\u00bb.vc_custom_1566982451471{margin-bottom: 20px !important;}\u00a0\u00bb][vc_column_text]\n<div class=\"flex flex-grow flex-col gap-3 max-w-full\">\n  <div class=\"min-h-[20px] flex flex-col items-start gap-3 whitespace-pre-wrap break-words overflow-x-auto\">\n    <div class=\"markdown prose w-full break-words dark:prose-invert dark\">\n      <h2>Polar55<\/h2>\n      <p>Polar55 est une entreprise d\u2019h\u00e9bergement web. Nous nous concentrons sur des solutions simples que tout le monde peut comprendre, m\u00eame sans exp\u00e9rience pr\u00e9alable avec les sites web ou l\u2019h\u00e9bergement.<\/p>\n      <p>L\u2019assistance chez Polar55 est personnelle et accessible. Nous publions r\u00e9guli\u00e8rement des guides vid\u00e9o sur les fonctionnalit\u00e9s les plus utilis\u00e9es et demand\u00e9es de notre plateforme d\u2019h\u00e9bergement, afin que nos clients puissent les consulter en cas de besoin.<\/p>\n      <p>Polar55 est dirig\u00e9e par ses fondateurs, Michael Storm et Thomas Iversen, accompagn\u00e9s d\u2019une petite \u00e9quipe de support et d\u2019un administrateur serveur.<\/p>\n      <p>Michael est dipl\u00f4m\u00e9 en conception multim\u00e9dia, ce qui lui conf\u00e8re une expertise en d\u00e9veloppement frontend et backend ainsi qu\u2019en design graphique. Depuis 2011, il se concentre sur les sites WordPress, les boutiques en ligne WooCommerce, et les solutions graphiques cr\u00e9\u00e9es avec Photoshop et InDesign.<\/p>\n      <p>Michael accorde une grande importance \u00e0 la satisfaction client, car elle est essentielle pour l\u2019avenir de l\u2019entreprise. Il croit fortement que des clients satisfaits sont plus enclins \u00e0 recommander Polar55 \u00e0 leurs proches. Offrir des solutions professionnelles qui r\u00e9pondent aux attentes est donc une priorit\u00e9 absolue.<\/p>\n      <p>Thomas est ing\u00e9nieur civil de formation et travaille dans les m\u00e9dias en ligne depuis 2010. Il est \u00e0 l\u2019origine de plusieurs sites web, dont une grande plateforme proposant des cours IT en ligne.<\/p>\n      <p>Thomas est un sp\u00e9cialiste WordPress et a m\u00eame \u00e9crit un livre \u00e9lectronique sur ce CMS.<\/p>\n    <\/div>\n  <\/div>\n<\/div>[\/vc_column_text][vc_separator css=\u00a0\u00bb.vc_custom_1569317247994{margin-top: 30px !important;margin-bottom: 30px !important;}\u00a0\u00bb][vc_column_text]<div class=\"vc_row wpb_row vc_inner vc_row-fluid greyscale staff-imgs\"><div class=\"wpb_column vc_column_container vc_col-sm-6\"><div class=\"vc_column-inner\"><div class=\"wpb_wrapper\">\n            <style>\n          .p55-margins {\n            margin-top: 25px;\n            margin-left: 40px;\n            margin-right: 40px;\n          }\n        \n          @media (max-width: 920px) {\n            .p55-margins {\n              margin-left: 0;\n              margin-right: 0;\n            }\n          }\n        <\/style>\n      <div class=\"wpb_single_image wpb_content_element vc_align_center p55-margins\">\n        <h2 class=\"wpb_heading wpb_singleimage_heading\" style=\"margin-bottom:10px;\">Michael<\/h2>\n        <figure class=\"wpb_wrapper vc_figure\">\n          <div class=\"vc_single_image-wrapper vc_box_border_grey\">\n            <img fetchpriority=\"high\" decoding=\"async\" src=\"https:\/\/polar55.com\/wp-content\/uploads\/2023\/06\/michael.png\" alt=\"\" title=\"michael\">\n          <\/div>\n        <\/figure>\n      <\/div>\n      <div class=\"wpb_text_column wpb_content_element \">\n        <div class=\"wpb_wrapper\">\n          <p style=\"text-align: center;margin-top:5px;\"><em>Associ\u00e9, Responsable technique et support<\/em><\/p>\n        <\/div>\n      <\/div>\n    <\/div><\/div><\/div><div class=\"wpb_column vc_column_container vc_col-sm-6\"><div class=\"vc_column-inner\"><div class=\"wpb_wrapper\">\n            <style>\n          .p55-margins {\n            margin-top: 25px;\n            margin-left: 40px;\n            margin-right: 40px;\n          }\n        \n          @media (max-width: 920px) {\n            .p55-margins {\n              margin-left: 0;\n              margin-right: 0;\n            }\n          }\n        <\/style>\n      <div class=\"wpb_single_image wpb_content_element vc_align_center p55-margins\">\n        <h2 class=\"wpb_heading wpb_singleimage_heading\" style=\"margin-bottom:10px;\">Thomas<\/h2>\n        <figure class=\"wpb_wrapper vc_figure\">\n          <div class=\"vc_single_image-wrapper vc_box_border_grey\">\n            <img decoding=\"async\" src=\"https:\/\/polar55.com\/wp-content\/uploads\/2023\/06\/thomas.png\" alt=\"\" title=\"thomas\">\n          <\/div>\n        <\/figure>\n      <\/div>\n      <div class=\"wpb_text_column wpb_content_element \">\n        <div class=\"wpb_wrapper\">\n          <p style=\"text-align: center;margin-top:5px;\"><em>Associ\u00e9, Responsable des ventes<\/em><\/p>\n        <\/div>\n      <\/div>\n    <\/div><\/div><\/div><\/div><div class=\"vc_row wpb_row vc_inner vc_row-fluid greyscale staff-imgs\"><div class=\"wpb_column vc_column_container vc_col-sm-6\"><div class=\"vc_column-inner\"><div class=\"wpb_wrapper\">\n            <style>\n          .p55-margins {\n            margin-top: 25px;\n            margin-left: 40px;\n            margin-right: 40px;\n          }\n        \n          @media (max-width: 920px) {\n            .p55-margins {\n              margin-left: 0;\n              margin-right: 0;\n            }\n          }\n        <\/style>\n      <div class=\"wpb_single_image wpb_content_element vc_align_center p55-margins\">\n        <h2 class=\"wpb_heading wpb_singleimage_heading\" style=\"margin-bottom:10px;\">Michael<\/h2>\n        <figure class=\"wpb_wrapper vc_figure\">\n          <div class=\"vc_single_image-wrapper vc_box_border_grey\">\n            <img decoding=\"async\" src=\"https:\/\/polar55.com\/wp-content\/uploads\/2024\/07\/profile-pic-3-300x300-1.png\" alt=\"\" title=\"profile-pic-3-300x300\">\n          <\/div>\n        <\/figure>\n      <\/div>\n      <div class=\"wpb_text_column wpb_content_element \">\n        <div class=\"wpb_wrapper\">\n          <p style=\"text-align: center;margin-top:5px;\"><em>Administrateur syst\u00e8me<\/em><\/p>\n        <\/div>\n      <\/div>\n    <\/div><\/div><\/div><div class=\"wpb_column vc_column_container vc_col-sm-6\"><div class=\"vc_column-inner\"><div class=\"wpb_wrapper\">\n            <style>\n          .p55-margins {\n            margin-top: 25px;\n            margin-left: 40px;\n            margin-right: 40px;\n          }\n        \n          @media (max-width: 920px) {\n            .p55-margins {\n              margin-left: 0;\n              margin-right: 0;\n            }\n          }\n        <\/style>\n      <div class=\"wpb_single_image wpb_content_element vc_align_center p55-margins\">\n        <h2 class=\"wpb_heading wpb_singleimage_heading\" style=\"margin-bottom:10px;\">Kevin<\/h2>\n        <figure class=\"wpb_wrapper vc_figure\">\n          <div class=\"vc_single_image-wrapper vc_box_border_grey\">\n            <img loading=\"lazy\" decoding=\"async\" src=\"https:\/\/polar55.com\/wp-content\/uploads\/2024\/07\/profile-pic-1-300x300-1.png\" alt=\"\" title=\"profile-pic-1-300x300\">\n          <\/div>\n        <\/figure>\n      <\/div>\n      <div class=\"wpb_text_column wpb_content_element \">\n        <div class=\"wpb_wrapper\">\n          <p style=\"text-align: center;margin-top:5px;\"><em>Support<\/em><\/p>\n        <\/div>\n      <\/div>\n    <\/div><\/div><\/div><\/div><div class=\"vc_row wpb_row vc_inner vc_row-fluid greyscale staff-imgs\"><div class=\"wpb_column vc_column_container vc_col-sm-6\"><div class=\"vc_column-inner\"><div class=\"wpb_wrapper\">\n            <style>\n          .p55-margins {\n            margin-top: 25px;\n            margin-left: 40px;\n            margin-right: 40px;\n          }\n        \n          @media (max-width: 920px) {\n            .p55-margins {\n              margin-left: 0;\n              margin-right: 0;\n            }\n          }\n        <\/style>\n      <div class=\"wpb_single_image wpb_content_element vc_align_center p55-margins\">\n        <h2 class=\"wpb_heading wpb_singleimage_heading\" style=\"margin-bottom:10px;\">Dariusz<\/h2>\n        <figure class=\"wpb_wrapper vc_figure\">\n          <div class=\"vc_single_image-wrapper vc_box_border_grey\">\n            <img loading=\"lazy\" decoding=\"async\" src=\"https:\/\/polar55.com\/wp-content\/uploads\/2024\/12\/dariouz.png\" alt=\"\" title=\"dariouz\">\n          <\/div>\n        <\/figure>\n      <\/div>\n      <div class=\"wpb_text_column wpb_content_element \">\n        <div class=\"wpb_wrapper\">\n          <p style=\"text-align: center;margin-top:5px;\"><em>Support<\/em><\/p>\n        <\/div>\n      <\/div>\n    <\/div><\/div><\/div><div class=\"wpb_column vc_column_container vc_col-sm-6\"><div class=\"vc_column-inner\"><div class=\"wpb_wrapper\">\n            <style>\n          .p55-margins {\n            margin-top: 25px;\n            margin-left: 40px;\n            margin-right: 40px;\n          }\n        \n          @media (max-width: 920px) {\n            .p55-margins {\n              margin-left: 0;\n              margin-right: 0;\n            }\n          }\n        <\/style>\n      <div class=\"wpb_single_image wpb_content_element vc_align_center p55-margins\">\n        <h2 class=\"wpb_heading wpb_singleimage_heading\" style=\"margin-bottom:10px;\">Ivan<\/h2>\n        <figure class=\"wpb_wrapper vc_figure\">\n          <div class=\"vc_single_image-wrapper vc_box_border_grey\">\n            <img loading=\"lazy\" decoding=\"async\" src=\"https:\/\/polar55.com\/wp-content\/uploads\/2025\/10\/ivan-round.png\" alt=\"\" title=\"ivan-round\">\n          <\/div>\n        <\/figure>\n      <\/div>\n      <div class=\"wpb_text_column wpb_content_element \">\n        <div class=\"wpb_wrapper\">\n          <p style=\"text-align: center;margin-top:5px;\"><em>Support<\/em><\/p>\n        <\/div>\n      <\/div>\n    <\/div><\/div><\/div><\/div>[\/vc_column_text][\/vc_column][vc_column width=\u00a0\u00bb1\/3&Prime; css=\u00a0\u00bb.vc_custom_1566982972264{padding-left: 120px !important;}\u00a0\u00bb][vc_column_text]\n    <p style=\"text-align: left;\">\n        <strong>Contact<\/strong><br>\n        Polar55<br>\n        Godth\u00e5bsvej 27<br>\n        8660 Skanderborg<br>\n        Danemark<br>\n        assistance@polar55.fr\n    <\/p>\n    <p style=\"text-align: left;\">Fait partie de nordicway ApS<br>TVA : DK40745769<\/p>[\/vc_column_text][\/vc_column][\/vc_row]<\/p>\n<\/div>","protected":false},"excerpt":{"rendered":"<p>[vc_row css=\u00a0\u00bb.vc_custom_1722411745676{padding-top: 40px !important;padding-bottom: 40px !important;}\u00a0\u00bb][vc_column width=\u00a0\u00bb2\/3&Prime; css=\u00a0\u00bb.vc_custom_1566982451471{margin-bottom: 20px !important;}\u00a0\u00bb][vc_column_text][\/vc_column_text][vc_separator css=\u00a0\u00bb.vc_custom_1569317247994{margin-top: 30px !important;margin-bottom: 30px !important;}\u00a0\u00bb][vc_column_text][\/vc_column_text][\/vc_column][vc_column width=\u00a0\u00bb1\/3&Prime; css=\u00a0\u00bb.vc_custom_1566982972264{padding-left: 120px !important;}\u00a0\u00bb][vc_column_text][\/vc_column_text][\/vc_column][\/vc_row]<\/p>\n","protected":false},"author":1,"featured_media":8002,"parent":0,"menu_order":0,"comment_status":"closed","ping_status":"closed","template":"","meta":{"_acf_changed":false,"footnotes":""},"class_list":["post-7992","page","type-page","status-publish","has-post-thumbnail","hentry"],"acf":[],"yoast_head":"<!-- This site is optimized with the Yoast SEO plugin v26.8 - https:\/\/yoast.com\/product\/yoast-seo-wordpress\/ -->\n<title>A propos de Polar55 | Peut-\u00eatre le meilleur fournisseur d&#039;h\u00e9bergement<\/title>\n<meta name=\"description\" content=\"Ici, vous pouvez en savoir plus sur Polar55. D\u00e9couvrez qui se cache derri\u00e8re Polar55 et ce que nous repr\u00e9sentons avant de choisir votre fournisseur d&#039;h\u00e9bergement web.\" \/>\n<meta name=\"robots\" content=\"index, follow, max-snippet:-1, max-image-preview:large, max-video-preview:-1\" \/>\n<link rel=\"canonical\" href=\"https:\/\/polar55.com\/fr\/a-propos-de-polar55\/\" \/>\n<meta property=\"og:locale\" content=\"fr_FR\" \/>\n<meta property=\"og:type\" content=\"article\" \/>\n<meta property=\"og:title\" content=\"A propos de Polar55 | Peut-\u00eatre le meilleur fournisseur d&#039;h\u00e9bergement\" \/>\n<meta property=\"og:description\" content=\"Ici, vous pouvez en savoir plus sur Polar55. D\u00e9couvrez qui se cache derri\u00e8re Polar55 et ce que nous repr\u00e9sentons avant de choisir votre fournisseur d&#039;h\u00e9bergement web.\" \/>\n<meta property=\"og:url\" content=\"https:\/\/polar55.com\/fr\/a-propos-de-polar55\/\" \/>\n<meta property=\"og:site_name\" content=\"Polar55\" \/>\n<meta property=\"article:modified_time\" content=\"2025-10-22T09:11:30+00:00\" \/>\n<meta property=\"og:image\" content=\"https:\/\/polar55.com\/wp-content\/uploads\/2024\/11\/logo-square.png\" \/>\n\t<meta property=\"og:image:width\" content=\"400\" \/>\n\t<meta property=\"og:image:height\" content=\"400\" \/>\n\t<meta property=\"og:image:type\" content=\"image\/png\" \/>\n<meta name=\"twitter:card\" content=\"summary_large_image\" \/>\n<meta name=\"twitter:label1\" content=\"Dur\u00e9e de lecture estim\u00e9e\" \/>\n\t<meta name=\"twitter:data1\" content=\"1 minute\" \/>\n<script type=\"application\/ld+json\" class=\"yoast-schema-graph\">{\"@context\":\"https:\/\/schema.org\",\"@graph\":[{\"@type\":\"WebPage\",\"@id\":\"https:\/\/polar55.com\/fr\/a-propos-de-polar55\/\",\"url\":\"https:\/\/polar55.com\/fr\/a-propos-de-polar55\/\",\"name\":\"A propos de Polar55 | Peut-\u00eatre le meilleur fournisseur d'h\u00e9bergement\",\"isPartOf\":{\"@id\":\"https:\/\/polar55.com\/fr\/#website\"},\"primaryImageOfPage\":{\"@id\":\"https:\/\/polar55.com\/fr\/a-propos-de-polar55\/#primaryimage\"},\"image\":{\"@id\":\"https:\/\/polar55.com\/fr\/a-propos-de-polar55\/#primaryimage\"},\"thumbnailUrl\":\"https:\/\/polar55.com\/wp-content\/uploads\/2024\/11\/logo-square.png\",\"datePublished\":\"2019-08-28T08:42:17+00:00\",\"dateModified\":\"2025-10-22T09:11:30+00:00\",\"description\":\"Ici, vous pouvez en savoir plus sur Polar55. D\u00e9couvrez qui se cache derri\u00e8re Polar55 et ce que nous repr\u00e9sentons avant de choisir votre fournisseur d'h\u00e9bergement web.\",\"breadcrumb\":{\"@id\":\"https:\/\/polar55.com\/fr\/a-propos-de-polar55\/#breadcrumb\"},\"inLanguage\":\"fr-FR\",\"potentialAction\":[{\"@type\":\"ReadAction\",\"target\":[\"https:\/\/polar55.com\/fr\/a-propos-de-polar55\/\"]}]},{\"@type\":\"ImageObject\",\"inLanguage\":\"fr-FR\",\"@id\":\"https:\/\/polar55.com\/fr\/a-propos-de-polar55\/#primaryimage\",\"url\":\"https:\/\/polar55.com\/wp-content\/uploads\/2024\/11\/logo-square.png\",\"contentUrl\":\"https:\/\/polar55.com\/wp-content\/uploads\/2024\/11\/logo-square.png\",\"width\":400,\"height\":400},{\"@type\":\"BreadcrumbList\",\"@id\":\"https:\/\/polar55.com\/fr\/a-propos-de-polar55\/#breadcrumb\",\"itemListElement\":[{\"@type\":\"ListItem\",\"position\":1,\"name\":\"Hjem\",\"item\":\"https:\/\/polar55.com\/fr\/\"},{\"@type\":\"ListItem\",\"position\":2,\"name\":\"A propos de Polar55\"}]},{\"@type\":\"WebSite\",\"@id\":\"https:\/\/polar55.com\/fr\/#website\",\"url\":\"https:\/\/polar55.com\/fr\/\",\"name\":\"Polar55\",\"description\":\"cheap hosting and domains\",\"potentialAction\":[{\"@type\":\"SearchAction\",\"target\":{\"@type\":\"EntryPoint\",\"urlTemplate\":\"https:\/\/polar55.com\/fr\/?s={search_term_string}\"},\"query-input\":{\"@type\":\"PropertyValueSpecification\",\"valueRequired\":true,\"valueName\":\"search_term_string\"}}],\"inLanguage\":\"fr-FR\"}]}<\/script>\n<!-- \/ Yoast SEO plugin. -->","yoast_head_json":{"title":"A propos de Polar55 | Peut-\u00eatre le meilleur fournisseur d'h\u00e9bergement","description":"Ici, vous pouvez en savoir plus sur Polar55. D\u00e9couvrez qui se cache derri\u00e8re Polar55 et ce que nous repr\u00e9sentons avant de choisir votre fournisseur d'h\u00e9bergement web.","robots":{"index":"index","follow":"follow","max-snippet":"max-snippet:-1","max-image-preview":"max-image-preview:large","max-video-preview":"max-video-preview:-1"},"canonical":"https:\/\/polar55.com\/fr\/a-propos-de-polar55\/","og_locale":"fr_FR","og_type":"article","og_title":"A propos de Polar55 | Peut-\u00eatre le meilleur fournisseur d'h\u00e9bergement","og_description":"Ici, vous pouvez en savoir plus sur Polar55. D\u00e9couvrez qui se cache derri\u00e8re Polar55 et ce que nous repr\u00e9sentons avant de choisir votre fournisseur d'h\u00e9bergement web.","og_url":"https:\/\/polar55.com\/fr\/a-propos-de-polar55\/","og_site_name":"Polar55","article_modified_time":"2025-10-22T09:11:30+00:00","og_image":[{"width":400,"height":400,"url":"https:\/\/polar55.com\/wp-content\/uploads\/2024\/11\/logo-square.png","type":"image\/png"}],"twitter_card":"summary_large_image","twitter_misc":{"Dur\u00e9e de lecture estim\u00e9e":"1 minute"},"schema":{"@context":"https:\/\/schema.org","@graph":[{"@type":"WebPage","@id":"https:\/\/polar55.com\/fr\/a-propos-de-polar55\/","url":"https:\/\/polar55.com\/fr\/a-propos-de-polar55\/","name":"A propos de Polar55 | Peut-\u00eatre le meilleur fournisseur d'h\u00e9bergement","isPartOf":{"@id":"https:\/\/polar55.com\/fr\/#website"},"primaryImageOfPage":{"@id":"https:\/\/polar55.com\/fr\/a-propos-de-polar55\/#primaryimage"},"image":{"@id":"https:\/\/polar55.com\/fr\/a-propos-de-polar55\/#primaryimage"},"thumbnailUrl":"https:\/\/polar55.com\/wp-content\/uploads\/2024\/11\/logo-square.png","datePublished":"2019-08-28T08:42:17+00:00","dateModified":"2025-10-22T09:11:30+00:00","description":"Ici, vous pouvez en savoir plus sur Polar55. D\u00e9couvrez qui se cache derri\u00e8re Polar55 et ce que nous repr\u00e9sentons avant de choisir votre fournisseur d'h\u00e9bergement web.","breadcrumb":{"@id":"https:\/\/polar55.com\/fr\/a-propos-de-polar55\/#breadcrumb"},"inLanguage":"fr-FR","potentialAction":[{"@type":"ReadAction","target":["https:\/\/polar55.com\/fr\/a-propos-de-polar55\/"]}]},{"@type":"ImageObject","inLanguage":"fr-FR","@id":"https:\/\/polar55.com\/fr\/a-propos-de-polar55\/#primaryimage","url":"https:\/\/polar55.com\/wp-content\/uploads\/2024\/11\/logo-square.png","contentUrl":"https:\/\/polar55.com\/wp-content\/uploads\/2024\/11\/logo-square.png","width":400,"height":400},{"@type":"BreadcrumbList","@id":"https:\/\/polar55.com\/fr\/a-propos-de-polar55\/#breadcrumb","itemListElement":[{"@type":"ListItem","position":1,"name":"Hjem","item":"https:\/\/polar55.com\/fr\/"},{"@type":"ListItem","position":2,"name":"A propos de Polar55"}]},{"@type":"WebSite","@id":"https:\/\/polar55.com\/fr\/#website","url":"https:\/\/polar55.com\/fr\/","name":"Polar55","description":"cheap hosting and domains","potentialAction":[{"@type":"SearchAction","target":{"@type":"EntryPoint","urlTemplate":"https:\/\/polar55.com\/fr\/?s={search_term_string}"},"query-input":{"@type":"PropertyValueSpecification","valueRequired":true,"valueName":"search_term_string"}}],"inLanguage":"fr-FR"}]}},"_links":{"self":[{"href":"https:\/\/polar55.com\/fr\/wp-json\/wp\/v2\/pages\/7992","targetHints":{"allow":["GET"]}}],"collection":[{"href":"https:\/\/polar55.com\/fr\/wp-json\/wp\/v2\/pages"}],"about":[{"href":"https:\/\/polar55.com\/fr\/wp-json\/wp\/v2\/types\/page"}],"author":[{"embeddable":true,"href":"https:\/\/polar55.com\/fr\/wp-json\/wp\/v2\/users\/1"}],"replies":[{"embeddable":true,"href":"https:\/\/polar55.com\/fr\/wp-json\/wp\/v2\/comments?post=7992"}],"version-history":[{"count":5,"href":"https:\/\/polar55.com\/fr\/wp-json\/wp\/v2\/pages\/7992\/revisions"}],"predecessor-version":[{"id":8827,"href":"https:\/\/polar55.com\/fr\/wp-json\/wp\/v2\/pages\/7992\/revisions\/8827"}],"wp:featuredmedia":[{"embeddable":true,"href":"https:\/\/polar55.com\/fr\/wp-json\/wp\/v2\/media\/8002"}],"wp:attachment":[{"href":"https:\/\/polar55.com\/fr\/wp-json\/wp\/v2\/media?parent=7992"}],"curies":[{"name":"wp","href":"https:\/\/api.w.org\/{rel}","templated":true}]}}