{"id":7240,"date":"2020-01-06T14:03:26","date_gmt":"2020-01-06T14:03:26","guid":{"rendered":"https:\/\/polar55.com\/paivitys\/"},"modified":"2026-05-11T09:47:05","modified_gmt":"2026-05-11T08:47:05","slug":"paivitys","status":"publish","type":"page","link":"https:\/\/polar55.com\/fi\/paivitys\/","title":{"rendered":"P\u00e4ivitys"},"content":{"rendered":"<div class=\"wpb-content-wrapper\"><p>[vc_row css=&#8221;.vc_custom_1722415314867{padding-top: 40px !important;padding-bottom: 40px !important;}&#8221;][vc_column width=&#8221;2\/3&#8243; css=&#8221;.vc_custom_1566982451471{margin-bottom: 20px !important;}&#8221;][vc_column_text]\nOletuksena saat 10 Gt tallennustilaa, 2 Gt keskusmuistia (RAM) ja 200 % CPU \/ 2 ydint\u00e4 tavallisessa Plus+ webhotellipaketissamme.<br><br>\nUseimmille k\u00e4ytt\u00e4jille t\u00e4m\u00e4 riitt\u00e4\u00e4 hyvin, mutta jos tarvitset enemm\u00e4n tallennustilaa tai suorituskyky\u00e4, voit valita tarpeisiisi sopivan laajemman paketin.<br><br>\nKun tarvitset lis\u00e4\u00e4 resursseja, voit p\u00e4ivitt\u00e4\u00e4 seuraaviin paketteihin, jotka tarjoavat enemm\u00e4n tallennustilaa ja palvelinten suorituskyky\u00e4.<br><br><\/p>\n<p>\n    <strong>Plus+ Pro<\/strong>\n    <p>T\u00e4ll\u00e4 p\u00e4ivityksell\u00e4 saat:<\/p>\n    <ul>\n        <li><b>Tila:<\/b> 20 Gt<\/li>\n        <li><b>CPU:<\/b> 400 % \/ 4 ydint\u00e4<\/li>\n        <li><b>RAM:<\/b> 3 Gt<\/li>\n        <li><b>Maks. prosessit:<\/b> 200<\/li>\n    <\/ul>\n    <p>Muut ominaisuudet pysyv\u00e4t ennallaan.<\/p>\n    Hinta: 6.92\u00a0\u20ac \/ kuukausi.<\/p>\n<p>\n<strong>Plus+ Enterprise<\/strong>\n<p>T\u00e4ll\u00e4 p\u00e4ivityksell\u00e4 saat:<\/p>\n<ul>\n<li><b>Tila:<\/b> 40 Gt<\/li>\n<li><b>CPU:<\/b> 500 % \/ 5 ydint\u00e4<\/li>\n<li><b>RAM:<\/b> 5 Gt<\/li>\n<li><b>Maks. prosessit:<\/b> 200<\/li>\n<\/ul>\n<p>Muut ominaisuudet pysyv\u00e4t ennallaan.<\/p>\nHinta:\n 13.84 \u00a0\u20ac \/ kuukausi.<\/p>\n<p>\n    <strong>Plus+ VIP<\/strong>\n    <p>T\u00e4ll\u00e4 p\u00e4ivityksell\u00e4 saat:<\/p>\n    <ul>\n<li><b>Tila:<\/b> 100 Gt<\/li>\n<li><b>CPU:<\/b> 500 % \/ 5 ydint\u00e4<\/li>\n<li><b>RAM:<\/b> 5 Gt<\/li>\n<li><b>Maks. prosessit:<\/b> 200<\/li>\n    <\/ul>\n    <p>Muut ominaisuudet pysyv\u00e4t ennallaan.<\/p>\n    Hinta: 34.60 \u00a0\u20ac \/ kuukausi.[\/vc_column_text][\/vc_column][vc_column width=&#8221;1\/3&#8243; css=&#8221;.vc_custom_1566982972264{padding-left: 120px !important;}&#8221;][vc_column_text]\n    <p style=\"text-align: left;\"><strong>Onko sinulla kysytt\u00e4v\u00e4\u00e4 p\u00e4ivitysvaihtoehdoista?<\/strong><br>\n    Ota yhteytt\u00e4 s\u00e4hk\u00f6postitse <a href=\"mailto:asiakaspalvelu@polar55.fi\" target=\"_new\" rel=\"noopener\">asiakaspalvelu@polar55.fi<\/a><br>\n    Tai kirjoita meille <a href=\"\/client\/submitticket.php?language=finnish\" target=\"_new\" rel=\"noopener\">t\u00e4\u00e4ll\u00e4<\/a>.<\/p>\n    [\/vc_column_text][\/vc_column][\/vc_row]<\/p>\n<\/div>","protected":false},"excerpt":{"rendered":"<p>[vc_row css=&#8221;.vc_custom_1722415314867{padding-top: 40px !important;padding-bottom: 40px !important;}&#8221;][vc_column width=&#8221;2\/3&#8243; css=&#8221;.vc_custom_1566982451471{margin-bottom: 20px !important;}&#8221;][vc_column_text] \u00a0\u20ac \/ kuukausi. \u00a0\u20ac \/ kuukausi. \u00a0\u20ac \/ kuukausi.[\/vc_column_text][\/vc_column][vc_column width=&#8221;1\/3&#8243; css=&#8221;.vc_custom_1566982972264{padding-left: 120px !important;}&#8221;][vc_column_text][\/vc_column_text][\/vc_column][\/vc_row]<\/p>\n","protected":false},"author":2,"featured_media":0,"parent":0,"menu_order":0,"comment_status":"closed","ping_status":"closed","template":"","meta":{"_acf_changed":false,"footnotes":""},"class_list":["post-7240","page","type-page","status-publish","hentry"],"acf":[],"yoast_head":"<!-- This site is optimized with the Yoast SEO plugin v26.8 - https:\/\/yoast.com\/product\/yoast-seo-wordpress\/ -->\n<title>P\u00e4ivitys<\/title>\n<meta name=\"description\" content=\"T\u00e4\u00e4lt\u00e4 voit lukea lis\u00e4\u00e4 p\u00e4ivitysvaihtoehdoista, joita sinulla on Polar55:n webhotellipalvelussa. Skaalaa hosting-tili\u00e4si tarpeen mukaan.\" \/>\n<meta name=\"robots\" content=\"index, follow, max-snippet:-1, max-image-preview:large, max-video-preview:-1\" \/>\n<link rel=\"canonical\" href=\"https:\/\/polar55.com\/fi\/paivitys\/\" \/>\n<meta property=\"og:locale\" content=\"fi_FI\" \/>\n<meta property=\"og:type\" content=\"article\" \/>\n<meta property=\"og:title\" content=\"P\u00e4ivitys\" \/>\n<meta property=\"og:description\" content=\"T\u00e4\u00e4lt\u00e4 voit lukea lis\u00e4\u00e4 p\u00e4ivitysvaihtoehdoista, joita sinulla on Polar55:n webhotellipalvelussa. Skaalaa hosting-tili\u00e4si tarpeen mukaan.\" \/>\n<meta property=\"og:url\" content=\"https:\/\/polar55.com\/fi\/paivitys\/\" \/>\n<meta property=\"og:site_name\" content=\"Polar55\" \/>\n<meta property=\"article:modified_time\" content=\"2026-05-11T08:47:05+00:00\" \/>\n<meta name=\"twitter:card\" content=\"summary_large_image\" \/>\n<meta name=\"twitter:label1\" content=\"Arvioitu lukuaika\" \/>\n\t<meta name=\"twitter:data1\" content=\"1 minuutti\" \/>\n<script type=\"application\/ld+json\" class=\"yoast-schema-graph\">{\"@context\":\"https:\/\/schema.org\",\"@graph\":[{\"@type\":\"WebPage\",\"@id\":\"https:\/\/polar55.com\/fi\/paivitys\/\",\"url\":\"https:\/\/polar55.com\/fi\/paivitys\/\",\"name\":\"P\u00e4ivitys\",\"isPartOf\":{\"@id\":\"https:\/\/polar55.com\/fi\/#website\"},\"datePublished\":\"2020-01-06T14:03:26+00:00\",\"dateModified\":\"2026-05-11T08:47:05+00:00\",\"description\":\"T\u00e4\u00e4lt\u00e4 voit lukea lis\u00e4\u00e4 p\u00e4ivitysvaihtoehdoista, joita sinulla on Polar55:n webhotellipalvelussa. Skaalaa hosting-tili\u00e4si tarpeen mukaan.\",\"breadcrumb\":{\"@id\":\"https:\/\/polar55.com\/fi\/paivitys\/#breadcrumb\"},\"inLanguage\":\"fi\",\"potentialAction\":[{\"@type\":\"ReadAction\",\"target\":[\"https:\/\/polar55.com\/fi\/paivitys\/\"]}]},{\"@type\":\"BreadcrumbList\",\"@id\":\"https:\/\/polar55.com\/fi\/paivitys\/#breadcrumb\",\"itemListElement\":[{\"@type\":\"ListItem\",\"position\":1,\"name\":\"Hjem\",\"item\":\"https:\/\/polar55.com\/fi\/\"},{\"@type\":\"ListItem\",\"position\":2,\"name\":\"P\u00e4ivitys\"}]},{\"@type\":\"WebSite\",\"@id\":\"https:\/\/polar55.com\/fi\/#website\",\"url\":\"https:\/\/polar55.com\/fi\/\",\"name\":\"Polar55\",\"description\":\"cheap hosting and domains\",\"potentialAction\":[{\"@type\":\"SearchAction\",\"target\":{\"@type\":\"EntryPoint\",\"urlTemplate\":\"https:\/\/polar55.com\/fi\/?s={search_term_string}\"},\"query-input\":{\"@type\":\"PropertyValueSpecification\",\"valueRequired\":true,\"valueName\":\"search_term_string\"}}],\"inLanguage\":\"fi\"}]}<\/script>\n<!-- \/ Yoast SEO plugin. -->","yoast_head_json":{"title":"P\u00e4ivitys","description":"T\u00e4\u00e4lt\u00e4 voit lukea lis\u00e4\u00e4 p\u00e4ivitysvaihtoehdoista, joita sinulla on Polar55:n webhotellipalvelussa. Skaalaa hosting-tili\u00e4si tarpeen mukaan.","robots":{"index":"index","follow":"follow","max-snippet":"max-snippet:-1","max-image-preview":"max-image-preview:large","max-video-preview":"max-video-preview:-1"},"canonical":"https:\/\/polar55.com\/fi\/paivitys\/","og_locale":"fi_FI","og_type":"article","og_title":"P\u00e4ivitys","og_description":"T\u00e4\u00e4lt\u00e4 voit lukea lis\u00e4\u00e4 p\u00e4ivitysvaihtoehdoista, joita sinulla on Polar55:n webhotellipalvelussa. Skaalaa hosting-tili\u00e4si tarpeen mukaan.","og_url":"https:\/\/polar55.com\/fi\/paivitys\/","og_site_name":"Polar55","article_modified_time":"2026-05-11T08:47:05+00:00","twitter_card":"summary_large_image","twitter_misc":{"Arvioitu lukuaika":"1 minuutti"},"schema":{"@context":"https:\/\/schema.org","@graph":[{"@type":"WebPage","@id":"https:\/\/polar55.com\/fi\/paivitys\/","url":"https:\/\/polar55.com\/fi\/paivitys\/","name":"P\u00e4ivitys","isPartOf":{"@id":"https:\/\/polar55.com\/fi\/#website"},"datePublished":"2020-01-06T14:03:26+00:00","dateModified":"2026-05-11T08:47:05+00:00","description":"T\u00e4\u00e4lt\u00e4 voit lukea lis\u00e4\u00e4 p\u00e4ivitysvaihtoehdoista, joita sinulla on Polar55:n webhotellipalvelussa. Skaalaa hosting-tili\u00e4si tarpeen mukaan.","breadcrumb":{"@id":"https:\/\/polar55.com\/fi\/paivitys\/#breadcrumb"},"inLanguage":"fi","potentialAction":[{"@type":"ReadAction","target":["https:\/\/polar55.com\/fi\/paivitys\/"]}]},{"@type":"BreadcrumbList","@id":"https:\/\/polar55.com\/fi\/paivitys\/#breadcrumb","itemListElement":[{"@type":"ListItem","position":1,"name":"Hjem","item":"https:\/\/polar55.com\/fi\/"},{"@type":"ListItem","position":2,"name":"P\u00e4ivitys"}]},{"@type":"WebSite","@id":"https:\/\/polar55.com\/fi\/#website","url":"https:\/\/polar55.com\/fi\/","name":"Polar55","description":"cheap hosting and domains","potentialAction":[{"@type":"SearchAction","target":{"@type":"EntryPoint","urlTemplate":"https:\/\/polar55.com\/fi\/?s={search_term_string}"},"query-input":{"@type":"PropertyValueSpecification","valueRequired":true,"valueName":"search_term_string"}}],"inLanguage":"fi"}]}},"_links":{"self":[{"href":"https:\/\/polar55.com\/fi\/wp-json\/wp\/v2\/pages\/7240","targetHints":{"allow":["GET"]}}],"collection":[{"href":"https:\/\/polar55.com\/fi\/wp-json\/wp\/v2\/pages"}],"about":[{"href":"https:\/\/polar55.com\/fi\/wp-json\/wp\/v2\/types\/page"}],"author":[{"embeddable":true,"href":"https:\/\/polar55.com\/fi\/wp-json\/wp\/v2\/users\/2"}],"replies":[{"embeddable":true,"href":"https:\/\/polar55.com\/fi\/wp-json\/wp\/v2\/comments?post=7240"}],"version-history":[{"count":5,"href":"https:\/\/polar55.com\/fi\/wp-json\/wp\/v2\/pages\/7240\/revisions"}],"predecessor-version":[{"id":11557,"href":"https:\/\/polar55.com\/fi\/wp-json\/wp\/v2\/pages\/7240\/revisions\/11557"}],"wp:attachment":[{"href":"https:\/\/polar55.com\/fi\/wp-json\/wp\/v2\/media?parent=7240"}],"curies":[{"name":"wp","href":"https:\/\/api.w.org\/{rel}","templated":true}]}}