{"id":7237,"date":"2024-07-31T15:21:00","date_gmt":"2024-07-31T14:21:00","guid":{"rendered":"https:\/\/polar55.com\/siksi-sinun-pitaisi-valita-meidat\/"},"modified":"2025-05-21T11:12:55","modified_gmt":"2025-05-21T10:12:55","slug":"siksi-sinun-pitaisi-valita-meidat","status":"publish","type":"page","link":"https:\/\/polar55.com\/fi\/siksi-sinun-pitaisi-valita-meidat\/","title":{"rendered":"Siksi sinun pit\u00e4isi valita meid\u00e4t"},"content":{"rendered":"<div class=\"wpb-content-wrapper\"><p>[vc_row css=&#8221;.vc_custom_1732818900565{padding-top: 40px !important;padding-bottom: 40px !important;}&#8221;][vc_column width=&#8221;2\/3&#8243; css=&#8221;.vc_custom_1566982451471{margin-bottom: 20px !important;}&#8221;][vc_column_text]\n    <div class=\"markdown prose w-full break-words dark:prose-invert dark\">\n        <p>Ensinn\u00e4kin kiitos, ett\u00e4 harkitset liittymist\u00e4 asiakkaaksemme!<\/p>\n        <p>Koska katsot t\u00e4t\u00e4 sivua, oletamme, ett\u00e4 pohdit, olisiko webhotellipalvelumme oikea valinta sinulle.<\/p>\n        <p>Lopullinen p\u00e4\u00e4t\u00f6s on tietenkin sinun, mutta toivomme, ett\u00e4 valitset meid\u00e4t. T\u00e4ss\u00e4 artikkelissa kerromme, miksi uskomme tarjoavamme markkinoiden parhaan webhotellipalvelun mahdollisesti my\u00f6s markkinoiden edullisimpaan hintaan.<\/p>\n        <strong>Hinta<\/strong>\n        <p>Ymm\u00e4rr\u00e4mme, ett\u00e4 loppujen lopuksi hintataso on yksi t\u00e4rkeimmist\u00e4 tekij\u00f6ist\u00e4 webhotellia valittaessa.<\/p>\n        <p>Siksi olemme hinnoitelleet palvelumme niin, ett\u00e4 vastaavaa webhotellia on vaikea l\u00f6yt\u00e4\u00e4 samalla hinnalla.<\/p>\n        <p>Toisin kuin monilla suurilla webhotellipalveluntarjoajilla, meill\u00e4 et joudu maksamaan ylim\u00e4\u00e4r\u00e4ist\u00e4 sivustosi varmuuskopioista tai WordPressin k\u00e4ytt\u00f6\u00f6notosta.<\/p>\n        <p>Kuten mekin, my\u00f6s muut palveluntarjoajat voivat tarjota alennuksia ensimm\u00e4iselle vuodelle, mutta pidemm\u00e4ll\u00e4 aikav\u00e4lill\u00e4 olemme silti edullisimpien joukossa.<\/p>\n        <strong>Vaihtoehdot ja ominaisuudet<\/strong>\n        <p>Meill\u00e4 kaikki sis\u00e4ltyy hintaan \u2013 ilman lis\u00e4kuluja.<\/p>\n        <p>Et joudu maksamaan ylim\u00e4\u00e4r\u00e4ist\u00e4 uusista ominaisuuksista tai sellaisista palveluista, joiden oletit jo sis\u00e4ltyv\u00e4n pakettiin. Et siis kohtaa ik\u00e4vi\u00e4 tai kalliita yll\u00e4tyksi\u00e4, kun liityt asiakkaaksemme.<\/p>\n        <p>Ainoa asia, joka maksaa meill\u00e4 erikseen, on lis\u00e4tallennustilan hankkiminen, mutta harvat tarvitsevat enemm\u00e4n tallennustilaa.<\/p>\n        <ul>\n            <li>Maksavatko varmuuskopiot erikseen? <strong>Polar55:<\/strong> Ei, ne ovat tietenkin ilmaisia.<\/li>\n            <li>Voinko yll\u00e4pit\u00e4\u00e4 useita sivustoja samalla webhotellissa? <strong>Polar55:<\/strong> Kyll\u00e4, palveluun sis\u00e4ltyy rajattomasti sivustoja ja domaineja.<\/li>\n            <li>Voinko luoda s\u00e4hk\u00f6postiosoitteita kaikille domaineilleni? <strong>Polar55:<\/strong> Kyll\u00e4, ehdottomasti!<\/li>\n            <li>Voinko asentaa WordPressin yhdell\u00e4 napsautuksella? <strong>Polar55:<\/strong> Kyll\u00e4, voit.<\/li>\n            <li>Voinko itse p\u00e4\u00e4tt\u00e4\u00e4, kuinka tilani jaetaan tiedostojen ja s\u00e4hk\u00f6postien v\u00e4lill\u00e4? <strong>Polar55:<\/strong> Kyll\u00e4, voit m\u00e4\u00e4ritt\u00e4\u00e4 sen vapaasti haluamallasi tavalla.<\/li>\n        <\/ul>\n        <p>Toivomme, ett\u00e4 n\u00e4et selke\u00e4t edut, joita voimme tarjota. Jos sinulla on kysytt\u00e4v\u00e4\u00e4 tai tarvitset apua, \u00e4l\u00e4 ep\u00e4r\u00f6i ottaa yhteytt\u00e4. Vastaamme sinulle 24\/7!<\/p>\n        <p>Yst\u00e4v\u00e4llisin terveisin,<br>Michael, Thomas ja koko Polar55-tiimi<\/p>\n    <\/div>\n    [\/vc_column_text][\/vc_column][vc_column width=&#8221;1\/3&#8243; css=&#8221;.vc_custom_1566982972264{padding-left: 120px !important;}&#8221;][vc_column_text]\n    <p><strong>Onko sinulla kysytt\u00e4v\u00e4\u00e4 webhotellipalvelustamme?<\/strong><br>\n    Ota yhteytt\u00e4 s\u00e4hk\u00f6postitse <a href=\"mailto:asiakaspalvelu@polar55.fi\" target=\"_new\" rel=\"noopener\">asiakaspalvelu@polar55.fi<\/a><br>\n    Tai kirjoita meille <a href=\"\/client\/submitticket.php?language=finnish\" target=\"_new\" rel=\"noopener\">t\u00e4\u00e4ll\u00e4<\/a>.<\/p>\n    [\/vc_column_text][\/vc_column][\/vc_row]<\/p>\n<\/div>","protected":false},"excerpt":{"rendered":"<p>[vc_row css=&#8221;.vc_custom_1732818900565{padding-top: 40px !important;padding-bottom: 40px !important;}&#8221;][vc_column width=&#8221;2\/3&#8243; css=&#8221;.vc_custom_1566982451471{margin-bottom: 20px !important;}&#8221;][vc_column_text][\/vc_column_text][\/vc_column][vc_column width=&#8221;1\/3&#8243; css=&#8221;.vc_custom_1566982972264{padding-left: 120px !important;}&#8221;][vc_column_text][\/vc_column_text][\/vc_column][\/vc_row]<\/p>\n","protected":false},"author":2,"featured_media":0,"parent":0,"menu_order":0,"comment_status":"closed","ping_status":"closed","template":"","meta":{"_acf_changed":false,"footnotes":""},"class_list":["post-7237","page","type-page","status-publish","hentry"],"acf":[],"yoast_head":"<!-- This site is optimized with the Yoast SEO plugin v26.8 - https:\/\/yoast.com\/product\/yoast-seo-wordpress\/ -->\n<title>Siksi sinun pit\u00e4isi valita meid\u00e4t - Polar55<\/title>\n<meta name=\"description\" content=\"Etk\u00f6 ole varma, kenet valita hosting-palveluntarjoajaksi? Olemme koonneet hyvi\u00e4 perusteluja sille, miksi juuri meid\u00e4t kannattaa valita verkkosivustosi palveluntarjoajaksi.\" \/>\n<meta name=\"robots\" content=\"index, follow, max-snippet:-1, max-image-preview:large, max-video-preview:-1\" \/>\n<link rel=\"canonical\" href=\"https:\/\/polar55.com\/fi\/siksi-sinun-pitaisi-valita-meidat\/\" \/>\n<meta property=\"og:locale\" content=\"fi_FI\" \/>\n<meta property=\"og:type\" content=\"article\" \/>\n<meta property=\"og:title\" content=\"Siksi sinun pit\u00e4isi valita meid\u00e4t - Polar55\" \/>\n<meta property=\"og:description\" content=\"Etk\u00f6 ole varma, kenet valita hosting-palveluntarjoajaksi? Olemme koonneet hyvi\u00e4 perusteluja sille, miksi juuri meid\u00e4t kannattaa valita verkkosivustosi palveluntarjoajaksi.\" \/>\n<meta property=\"og:url\" content=\"https:\/\/polar55.com\/fi\/siksi-sinun-pitaisi-valita-meidat\/\" \/>\n<meta property=\"og:site_name\" content=\"Polar55\" \/>\n<meta property=\"article:modified_time\" content=\"2025-05-21T10:12:55+00:00\" \/>\n<meta name=\"twitter:card\" content=\"summary_large_image\" \/>\n<meta name=\"twitter:label1\" content=\"Arvioitu lukuaika\" \/>\n\t<meta name=\"twitter:data1\" content=\"1 minuutti\" \/>\n<script type=\"application\/ld+json\" class=\"yoast-schema-graph\">{\"@context\":\"https:\/\/schema.org\",\"@graph\":[{\"@type\":\"WebPage\",\"@id\":\"https:\/\/polar55.com\/fi\/siksi-sinun-pitaisi-valita-meidat\/\",\"url\":\"https:\/\/polar55.com\/fi\/siksi-sinun-pitaisi-valita-meidat\/\",\"name\":\"Siksi sinun pit\u00e4isi valita meid\u00e4t - Polar55\",\"isPartOf\":{\"@id\":\"https:\/\/polar55.com\/fi\/#website\"},\"datePublished\":\"2024-07-31T14:21:00+00:00\",\"dateModified\":\"2025-05-21T10:12:55+00:00\",\"description\":\"Etk\u00f6 ole varma, kenet valita hosting-palveluntarjoajaksi? Olemme koonneet hyvi\u00e4 perusteluja sille, miksi juuri meid\u00e4t kannattaa valita verkkosivustosi palveluntarjoajaksi.\",\"breadcrumb\":{\"@id\":\"https:\/\/polar55.com\/fi\/siksi-sinun-pitaisi-valita-meidat\/#breadcrumb\"},\"inLanguage\":\"fi\",\"potentialAction\":[{\"@type\":\"ReadAction\",\"target\":[\"https:\/\/polar55.com\/fi\/siksi-sinun-pitaisi-valita-meidat\/\"]}]},{\"@type\":\"BreadcrumbList\",\"@id\":\"https:\/\/polar55.com\/fi\/siksi-sinun-pitaisi-valita-meidat\/#breadcrumb\",\"itemListElement\":[{\"@type\":\"ListItem\",\"position\":1,\"name\":\"Hjem\",\"item\":\"https:\/\/polar55.com\/fi\/\"},{\"@type\":\"ListItem\",\"position\":2,\"name\":\"Siksi sinun pit\u00e4isi valita meid\u00e4t\"}]},{\"@type\":\"WebSite\",\"@id\":\"https:\/\/polar55.com\/fi\/#website\",\"url\":\"https:\/\/polar55.com\/fi\/\",\"name\":\"Polar55\",\"description\":\"cheap hosting and domains\",\"potentialAction\":[{\"@type\":\"SearchAction\",\"target\":{\"@type\":\"EntryPoint\",\"urlTemplate\":\"https:\/\/polar55.com\/fi\/?s={search_term_string}\"},\"query-input\":{\"@type\":\"PropertyValueSpecification\",\"valueRequired\":true,\"valueName\":\"search_term_string\"}}],\"inLanguage\":\"fi\"}]}<\/script>\n<!-- \/ Yoast SEO plugin. -->","yoast_head_json":{"title":"Siksi sinun pit\u00e4isi valita meid\u00e4t - Polar55","description":"Etk\u00f6 ole varma, kenet valita hosting-palveluntarjoajaksi? Olemme koonneet hyvi\u00e4 perusteluja sille, miksi juuri meid\u00e4t kannattaa valita verkkosivustosi palveluntarjoajaksi.","robots":{"index":"index","follow":"follow","max-snippet":"max-snippet:-1","max-image-preview":"max-image-preview:large","max-video-preview":"max-video-preview:-1"},"canonical":"https:\/\/polar55.com\/fi\/siksi-sinun-pitaisi-valita-meidat\/","og_locale":"fi_FI","og_type":"article","og_title":"Siksi sinun pit\u00e4isi valita meid\u00e4t - Polar55","og_description":"Etk\u00f6 ole varma, kenet valita hosting-palveluntarjoajaksi? Olemme koonneet hyvi\u00e4 perusteluja sille, miksi juuri meid\u00e4t kannattaa valita verkkosivustosi palveluntarjoajaksi.","og_url":"https:\/\/polar55.com\/fi\/siksi-sinun-pitaisi-valita-meidat\/","og_site_name":"Polar55","article_modified_time":"2025-05-21T10:12:55+00:00","twitter_card":"summary_large_image","twitter_misc":{"Arvioitu lukuaika":"1 minuutti"},"schema":{"@context":"https:\/\/schema.org","@graph":[{"@type":"WebPage","@id":"https:\/\/polar55.com\/fi\/siksi-sinun-pitaisi-valita-meidat\/","url":"https:\/\/polar55.com\/fi\/siksi-sinun-pitaisi-valita-meidat\/","name":"Siksi sinun pit\u00e4isi valita meid\u00e4t - Polar55","isPartOf":{"@id":"https:\/\/polar55.com\/fi\/#website"},"datePublished":"2024-07-31T14:21:00+00:00","dateModified":"2025-05-21T10:12:55+00:00","description":"Etk\u00f6 ole varma, kenet valita hosting-palveluntarjoajaksi? Olemme koonneet hyvi\u00e4 perusteluja sille, miksi juuri meid\u00e4t kannattaa valita verkkosivustosi palveluntarjoajaksi.","breadcrumb":{"@id":"https:\/\/polar55.com\/fi\/siksi-sinun-pitaisi-valita-meidat\/#breadcrumb"},"inLanguage":"fi","potentialAction":[{"@type":"ReadAction","target":["https:\/\/polar55.com\/fi\/siksi-sinun-pitaisi-valita-meidat\/"]}]},{"@type":"BreadcrumbList","@id":"https:\/\/polar55.com\/fi\/siksi-sinun-pitaisi-valita-meidat\/#breadcrumb","itemListElement":[{"@type":"ListItem","position":1,"name":"Hjem","item":"https:\/\/polar55.com\/fi\/"},{"@type":"ListItem","position":2,"name":"Siksi sinun pit\u00e4isi valita meid\u00e4t"}]},{"@type":"WebSite","@id":"https:\/\/polar55.com\/fi\/#website","url":"https:\/\/polar55.com\/fi\/","name":"Polar55","description":"cheap hosting and domains","potentialAction":[{"@type":"SearchAction","target":{"@type":"EntryPoint","urlTemplate":"https:\/\/polar55.com\/fi\/?s={search_term_string}"},"query-input":{"@type":"PropertyValueSpecification","valueRequired":true,"valueName":"search_term_string"}}],"inLanguage":"fi"}]}},"_links":{"self":[{"href":"https:\/\/polar55.com\/fi\/wp-json\/wp\/v2\/pages\/7237","targetHints":{"allow":["GET"]}}],"collection":[{"href":"https:\/\/polar55.com\/fi\/wp-json\/wp\/v2\/pages"}],"about":[{"href":"https:\/\/polar55.com\/fi\/wp-json\/wp\/v2\/types\/page"}],"author":[{"embeddable":true,"href":"https:\/\/polar55.com\/fi\/wp-json\/wp\/v2\/users\/2"}],"replies":[{"embeddable":true,"href":"https:\/\/polar55.com\/fi\/wp-json\/wp\/v2\/comments?post=7237"}],"version-history":[{"count":2,"href":"https:\/\/polar55.com\/fi\/wp-json\/wp\/v2\/pages\/7237\/revisions"}],"predecessor-version":[{"id":7322,"href":"https:\/\/polar55.com\/fi\/wp-json\/wp\/v2\/pages\/7237\/revisions\/7322"}],"wp:attachment":[{"href":"https:\/\/polar55.com\/fi\/wp-json\/wp\/v2\/media?parent=7237"}],"curies":[{"name":"wp","href":"https:\/\/api.w.org\/{rel}","templated":true}]}}