{"id":7221,"date":"2024-07-30T21:46:11","date_gmt":"2024-07-30T20:46:11","guid":{"rendered":"https:\/\/polar55.com\/hinnat\/"},"modified":"2025-07-01T12:43:25","modified_gmt":"2025-07-01T11:43:25","slug":"hinnat","status":"publish","type":"page","link":"https:\/\/polar55.com\/fi\/hinnat\/","title":{"rendered":"Hinnat"},"content":{"rendered":"<div class=\"wpb-content-wrapper\"><p>[vc_section css=&#8221;.vc_custom_1732787137355{padding-top: 0px !important;background-color: #00062a !important;}&#8221;][vc_row el_class=&#8221;domain_search&#8221;][vc_column][vc_raw_html]JTVCZG9tYWluX3NlYXJjaCUyMGxhbmclM0QlMjJmaW5uaXNoJTIyJTVE[\/vc_raw_html][\/vc_column][\/vc_row][\/vc_section][vc_section el_class=&#8221;price_compare&#8221;][vc_row][vc_column][vc_column_text]\n    <p style=\"text-align: left;\"><strong>Polar55 on yksi markkinoiden edullisimmista ja parhaista webhotelliratkaisuista. Pyrimme t\u00e4ydelliseen l\u00e4pin\u00e4kyvyyteen hinnoittelussa \u2013 nyt ja tulevaisuudessa. Siksi olemme laatineet t\u00e4m\u00e4n yhteenvedon, josta l\u00f6yd\u00e4t vastaukset yleisimpiin kysymyksiin hinnoistamme. Jos jotain j\u00e4\u00e4 ep\u00e4selv\u00e4ksi, <a href=\"\/client\/submitticket.php?step=2&amp;deptid=1&amp;language=finnish\">ota meihin yhteytt\u00e4<\/a>.<\/strong><\/p>\n    <p style=\"text-align: left;\">Kaikki hinnat ilmoitetaan euroina ilman arvonlis\u00e4veroa.<\/p>\n    <p style=\"text-align: left;\"><strong>Webhotelli<\/strong>\n    Saat ensimm\u00e4isen vuoden aloitushintaan 0,80 \u20ac\/kk ensimm\u00e4iset 12 kuukautta ja s\u00e4\u00e4st\u00e4t 76 %. T\u00e4m\u00e4n j\u00e4lkeen kuukausihinta on normaalihintamme 3,46 \u20ac\/kk.<\/p>\n    <p style=\"text-align: left;\">Jos tarvitset lis\u00e4\u00e4 tallennustilaa, voit my\u00f6s p\u00e4ivitt\u00e4\u00e4 pakettiasi. 20 Gt maksaa 6,92 \u20ac\/kk, ja 40 Gt maksaa 13,84 \u20ac\/kk.<\/p>\n    <p style=\"text-align: left;\"><strong>Avausmaksu<\/strong>\n    Avausmaksumme on 0 \u20ac.<\/p>\n    <p style=\"text-align: left;\"><strong>Domainit<\/strong>\n    <a href=\"https:\/\/polar55.com\/fi\/verkkotunnuksesi\/\">T\u00e4ll\u00e4 sivulla<\/a> n\u00e4et eri domainien hinnat. Esimerkiksi .fi-domainin rekister\u00f6inti maksaa 10,00 \u20ac\/vuosi ja uusiminen 28,00 \u20ac.<\/p>\n    <p style=\"text-align: left;\"><strong>Lis\u00e4domainit<\/strong>\n    Webhotellisi hinta ei nouse, vaikka lis\u00e4isit useita domaineja. Voit liitt\u00e4\u00e4 yhden webhotellitilin alle niin monta domainia kuin haluat, ja maksat vain domainien vuosittaiset uusimiset.<\/p>\n    <p style=\"text-align: left;\">Jos sinulla on kysytt\u00e4v\u00e4\u00e4 hinnoistamme tai muusta, <a href=\"\/client\/submitticket.php?language=finnish\">ota meihin yhteytt\u00e4<\/a>.<\/p>[\/vc_column_text][\/vc_column][\/vc_row][\/vc_section][vc_section el_class=&#8221;ms-pricing-container&#8221;][vc_row][vc_column][vc_row_inner][vc_column_inner width=&#8221;1\/2&#8243;][vc_column_text el_class=&#8221;title&#8221;]<\/p>\n<div class=\"arrow_box\">\n<h5>Hintaesimerkki<\/h5>\n<h3 class=\"caps\">.fi-domainilla<\/h3>\n<\/div>\n<p>[\/vc_column_text][\/vc_column_inner][vc_column_inner width=&#8221;1\/2&#8243;][\/vc_column_inner][\/vc_row_inner][\/vc_column][\/vc_row][vc_row css=&#8221;.vc_custom_1722373332464{background-color: #f3f3f3 !important;}&#8221;][vc_column][vc_row_inner][vc_column_inner width=&#8221;1\/3&#8243;][vc_column_text]<strong>Palvelu<\/strong>[\/vc_column_text][\/vc_column_inner][vc_column_inner width=&#8221;1\/3&#8243;][vc_column_text]<strong>Vuosihinta \u2013 ensimm\u00e4iset 12 kk<\/strong>[\/vc_column_text][\/vc_column_inner][vc_column_inner width=&#8221;1\/3&#8243;][vc_column_text]<strong>Vuosihinta \u2013 ensimm\u00e4isten 12 kk:n j\u00e4lkeen<br \/>\n<\/strong>[\/vc_column_text][\/vc_column_inner][\/vc_row_inner][\/vc_column][\/vc_row][vc_row css=&#8221;.vc_custom_1722373365236{background-color: #f9f9f9 !important;}&#8221;][vc_column][vc_row_inner][vc_column_inner width=&#8221;1\/3&#8243;][vc_column_text]Domainin rekister\u00f6inti \/ uusiminen[\/vc_column_text][\/vc_column_inner][vc_column_inner width=&#8221;1\/3&#8243;][vc_column_text]10,00 \u20ac<span style=\"font-size: 12px; display: block;\">Domainin siirto: 0 \u20ac<\/span>[\/vc_column_text][\/vc_column_inner][vc_column_inner width=&#8221;1\/3&#8243;][vc_column_text]28,00 \u20ac[\/vc_column_text][\/vc_column_inner][\/vc_row_inner][\/vc_column][\/vc_row][vc_row css=&#8221;.vc_custom_1722373371815{background-color: #f3f3f3 !important;}&#8221;][vc_column][vc_row_inner][vc_column_inner width=&#8221;1\/3&#8243;][vc_column_text]Webhotelli[\/vc_column_text][\/vc_column_inner][vc_column_inner width=&#8221;1\/3&#8243;][vc_column_text]9,60 \u20ac (0,80 \u20ac\/kk)[\/vc_column_text][\/vc_column_inner][vc_column_inner width=&#8221;1\/3&#8243;][vc_column_text]41,50 \u20ac (3,46 \u20ac\/kk)[\/vc_column_text][\/vc_column_inner][\/vc_row_inner][\/vc_column][\/vc_row][vc_row css=&#8221;.vc_custom_1722373383686{background-color: #f9f9f9 !important;}&#8221;][vc_column][vc_row_inner][vc_column_inner width=&#8221;1\/3&#8243;][vc_column_text]Avausmaksu[\/vc_column_text][\/vc_column_inner][vc_column_inner width=&#8221;1\/3&#8243;][vc_column_text]0 \u20ac[\/vc_column_text][\/vc_column_inner][vc_column_inner width=&#8221;1\/3&#8243;][vc_column_text]0 \u20ac[\/vc_column_text][\/vc_column_inner][\/vc_row_inner][\/vc_column][\/vc_row][vc_row css=&#8221;.vc_custom_1722373391167{background-color: #f3f3f3 !important;}&#8221;][vc_column][vc_row_inner][vc_column_inner width=&#8221;1\/3&#8243;][vc_column_text]12 kk:n kokonaishinta[\/vc_column_text][\/vc_column_inner][vc_column_inner width=&#8221;1\/3&#8243;][vc_column_text]19,60 \u20ac<span style=\"font-size: 12px; display: block;\">Domainin siirto: 9,60 \u20ac<\/span>[\/vc_column_text][\/vc_column_inner][vc_column_inner width=&#8221;1\/3&#8243;][vc_column_text]<span style=\"min-height: 46px; display: block;\">69,50 \u20ac<\/span>[\/vc_column_text][\/vc_column_inner][\/vc_row_inner][\/vc_column][\/vc_row][\/vc_section][vc_section el_class=&#8221;ms-mobile-only&#8221;][vc_row css=&#8221;.vc_custom_1722373655642{padding-bottom: 50px !important;}&#8221;][vc_column][vc_column_text css=&#8221;.vc_custom_1737712806985{margin-bottom: 20px !important;}&#8221;]<\/p>\n<h4><strong>Ensimm\u00e4iset 12 kuukautta<\/strong><\/h4>\n<p>[\/vc_column_text][vc_column_text]<\/p>\n<table>\n<tbody>\n<tr>\n<td><strong>Palvelu<\/strong><\/td>\n<td><strong>Hinta vuodessa<\/strong><\/td>\n<\/tr>\n<tr>\n<td>Domainin rekister\u00f6inti | Siirto, sis\u00e4lt\u00e4\u00e4 DNS:n<\/td>\n<td>10,00 \u20ac<span style=\"font-size: 12px; display: block;\">Siirto: 0 \u20ac<\/span><\/td>\n<\/tr>\n<tr>\n<td>Hosting<\/td>\n<td>9,60 \u20ac (0,80 \u20ac kuukaudessa)<\/td>\n<\/tr>\n<tr>\n<td>Avausmaksu<\/td>\n<td>0 \u20ac<\/td>\n<\/tr>\n<tr style=\"border-top: 2px #5f686f solid;\">\n<td>Kokonaishinta 12 kuukaudelle<\/td>\n<td>19,60 \u20ac<span style=\"font-size: 12px; display: block;\">Siirto: 9,60 \u20ac<\/span><\/td>\n<\/tr>\n<\/tbody>\n<\/table>\n<p>[\/vc_column_text][\/vc_column][\/vc_row][vc_row][vc_column][vc_column_text css=&#8221;.vc_custom_1737712952224{margin-bottom: 20px !important;}&#8221;]<\/p>\n<h4><strong>Seuraavat 12 kuukautta ja siit\u00e4 eteenp\u00e4in<\/strong><\/h4>\n<p>[\/vc_column_text][vc_column_text]<\/p>\n<table>\n<tbody>\n<tr>\n<td><strong>Palvelu<\/strong><\/td>\n<td><strong>Hinta vuodessa<\/strong><\/td>\n<\/tr>\n<tr>\n<td>Domainin uusiminen, sis\u00e4lt\u00e4\u00e4 DNS:n<\/td>\n<td>28,00 \u20ac<\/td>\n<\/tr>\n<tr>\n<td>Hosting<\/td>\n<td>41,50 \u20ac (3,46 \u20ac kuukaudessa)<\/td>\n<\/tr>\n<tr>\n<td>Avausmaksu<\/td>\n<td>0 \u20ac<\/td>\n<\/tr>\n<tr style=\"border-top: 2px #5f686f solid;\">\n<td>Kokonaishinta 12 kuukaudelle<\/td>\n<td>69,50 \u20ac<\/td>\n<\/tr>\n<\/tbody>\n<\/table>\n<p>[\/vc_column_text][\/vc_column][\/vc_row][\/vc_section]<\/p>\n<\/div>","protected":false},"excerpt":{"rendered":"<p>[vc_section css=&#8221;.vc_custom_1732787137355{padding-top: 0px !important;background-color: #00062a !important;}&#8221;][vc_row el_class=&#8221;domain_search&#8221;][vc_column][vc_raw_html]JTVCZG9tYWluX3NlYXJjaCUyMGxhbmclM0QlMjJmaW5uaXNoJTIyJTVE[\/vc_raw_html][\/vc_column][\/vc_row][\/vc_section][vc_section el_class=&#8221;price_compare&#8221;][vc_row][vc_column][vc_column_text][\/vc_column_text][\/vc_column][\/vc_row][\/vc_section][vc_section el_class=&#8221;ms-pricing-container&#8221;][vc_row][vc_column][vc_row_inner][vc_column_inner width=&#8221;1\/2&#8243;][vc_column_text el_class=&#8221;title&#8221;] Hintaesimerkki .fi-domainilla [\/vc_column_text][\/vc_column_inner][vc_column_inner width=&#8221;1\/2&#8243;][\/vc_column_inner][\/vc_row_inner][\/vc_column][\/vc_row][vc_row css=&#8221;.vc_custom_1722373332464{background-color: #f3f3f3 !important;}&#8221;][vc_column][vc_row_inner][vc_column_inner width=&#8221;1\/3&#8243;][vc_column_text]Palvelu[\/vc_column_text][\/vc_column_inner][vc_column_inner width=&#8221;1\/3&#8243;][vc_column_text]Vuosihinta \u2013 ensimm\u00e4iset 12 kk[\/vc_column_text][\/vc_column_inner][vc_column_inner width=&#8221;1\/3&#8243;][vc_column_text]Vuosihinta \u2013 ensimm\u00e4isten 12 kk:n j\u00e4lkeen [\/vc_column_text][\/vc_column_inner][\/vc_row_inner][\/vc_column][\/vc_row][vc_row css=&#8221;.vc_custom_1722373365236{background-color: #f9f9f9 !important;}&#8221;][vc_column][vc_row_inner][vc_column_inner width=&#8221;1\/3&#8243;][vc_column_text]Domainin rekister\u00f6inti \/ uusiminen[\/vc_column_text][\/vc_column_inner][vc_column_inner width=&#8221;1\/3&#8243;][vc_column_text] Domainin siirto: [\/vc_column_text][\/vc_column_inner][vc_column_inner width=&#8221;1\/3&#8243;][vc_column_text] [\/vc_column_text][\/vc_column_inner][\/vc_row_inner][\/vc_column][\/vc_row][vc_row css=&#8221;.vc_custom_1722373371815{background-color: #f3f3f3 !important;}&#8221;][vc_column][vc_row_inner][vc_column_inner width=&#8221;1\/3&#8243;][vc_column_text]Webhotelli[\/vc_column_text][\/vc_column_inner][vc_column_inner width=&#8221;1\/3&#8243;][vc_column_text] ( \/kk)[\/vc_column_text][\/vc_column_inner][vc_column_inner width=&#8221;1\/3&#8243;][vc_column_text] ( \/kk)[\/vc_column_text][\/vc_column_inner][\/vc_row_inner][\/vc_column][\/vc_row][vc_row css=&#8221;.vc_custom_1722373383686{background-color: &hellip;<\/p>\n","protected":false},"author":3,"featured_media":0,"parent":0,"menu_order":0,"comment_status":"closed","ping_status":"closed","template":"","meta":{"_acf_changed":false,"footnotes":""},"class_list":["post-7221","page","type-page","status-publish","hentry"],"acf":[],"yoast_head":"<!-- This site is optimized with the Yoast SEO plugin v26.8 - https:\/\/yoast.com\/product\/yoast-seo-wordpress\/ -->\n<title>Hinnat - Polar55<\/title>\n<meta name=\"description\" content=\"Polar55 on yksi markkinoiden edullisimmista ja parhaista webhotelliratkaisuista. Pyrimme t\u00e4yteen l\u00e4pin\u00e4kyvyyteen hinnoittelussamme.\" \/>\n<meta name=\"robots\" content=\"index, follow, max-snippet:-1, max-image-preview:large, max-video-preview:-1\" \/>\n<link rel=\"canonical\" href=\"https:\/\/polar55.com\/fi\/hinnat\/\" \/>\n<meta property=\"og:locale\" content=\"fi_FI\" \/>\n<meta property=\"og:type\" content=\"article\" \/>\n<meta property=\"og:title\" content=\"Hinnat - Polar55\" \/>\n<meta property=\"og:description\" content=\"Polar55 on yksi markkinoiden edullisimmista ja parhaista webhotelliratkaisuista. Pyrimme t\u00e4yteen l\u00e4pin\u00e4kyvyyteen hinnoittelussamme.\" \/>\n<meta property=\"og:url\" content=\"https:\/\/polar55.com\/fi\/hinnat\/\" \/>\n<meta property=\"og:site_name\" content=\"Polar55\" \/>\n<meta property=\"article:modified_time\" content=\"2025-07-01T11:43:25+00:00\" \/>\n<meta name=\"twitter:card\" content=\"summary_large_image\" \/>\n<meta name=\"twitter:label1\" content=\"Arvioitu lukuaika\" \/>\n\t<meta name=\"twitter:data1\" content=\"2 minuuttia\" \/>\n<script type=\"application\/ld+json\" class=\"yoast-schema-graph\">{\"@context\":\"https:\/\/schema.org\",\"@graph\":[{\"@type\":\"WebPage\",\"@id\":\"https:\/\/polar55.com\/fi\/hinnat\/\",\"url\":\"https:\/\/polar55.com\/fi\/hinnat\/\",\"name\":\"Hinnat - Polar55\",\"isPartOf\":{\"@id\":\"https:\/\/polar55.com\/fi\/#website\"},\"datePublished\":\"2024-07-30T20:46:11+00:00\",\"dateModified\":\"2025-07-01T11:43:25+00:00\",\"description\":\"Polar55 on yksi markkinoiden edullisimmista ja parhaista webhotelliratkaisuista. Pyrimme t\u00e4yteen l\u00e4pin\u00e4kyvyyteen hinnoittelussamme.\",\"breadcrumb\":{\"@id\":\"https:\/\/polar55.com\/fi\/hinnat\/#breadcrumb\"},\"inLanguage\":\"fi\",\"potentialAction\":[{\"@type\":\"ReadAction\",\"target\":[\"https:\/\/polar55.com\/fi\/hinnat\/\"]}]},{\"@type\":\"BreadcrumbList\",\"@id\":\"https:\/\/polar55.com\/fi\/hinnat\/#breadcrumb\",\"itemListElement\":[{\"@type\":\"ListItem\",\"position\":1,\"name\":\"Hjem\",\"item\":\"https:\/\/polar55.com\/fi\/\"},{\"@type\":\"ListItem\",\"position\":2,\"name\":\"Hinnat\"}]},{\"@type\":\"WebSite\",\"@id\":\"https:\/\/polar55.com\/fi\/#website\",\"url\":\"https:\/\/polar55.com\/fi\/\",\"name\":\"Polar55\",\"description\":\"cheap hosting and domains\",\"potentialAction\":[{\"@type\":\"SearchAction\",\"target\":{\"@type\":\"EntryPoint\",\"urlTemplate\":\"https:\/\/polar55.com\/fi\/?s={search_term_string}\"},\"query-input\":{\"@type\":\"PropertyValueSpecification\",\"valueRequired\":true,\"valueName\":\"search_term_string\"}}],\"inLanguage\":\"fi\"}]}<\/script>\n<!-- \/ Yoast SEO plugin. -->","yoast_head_json":{"title":"Hinnat - Polar55","description":"Polar55 on yksi markkinoiden edullisimmista ja parhaista webhotelliratkaisuista. Pyrimme t\u00e4yteen l\u00e4pin\u00e4kyvyyteen hinnoittelussamme.","robots":{"index":"index","follow":"follow","max-snippet":"max-snippet:-1","max-image-preview":"max-image-preview:large","max-video-preview":"max-video-preview:-1"},"canonical":"https:\/\/polar55.com\/fi\/hinnat\/","og_locale":"fi_FI","og_type":"article","og_title":"Hinnat - Polar55","og_description":"Polar55 on yksi markkinoiden edullisimmista ja parhaista webhotelliratkaisuista. Pyrimme t\u00e4yteen l\u00e4pin\u00e4kyvyyteen hinnoittelussamme.","og_url":"https:\/\/polar55.com\/fi\/hinnat\/","og_site_name":"Polar55","article_modified_time":"2025-07-01T11:43:25+00:00","twitter_card":"summary_large_image","twitter_misc":{"Arvioitu lukuaika":"2 minuuttia"},"schema":{"@context":"https:\/\/schema.org","@graph":[{"@type":"WebPage","@id":"https:\/\/polar55.com\/fi\/hinnat\/","url":"https:\/\/polar55.com\/fi\/hinnat\/","name":"Hinnat - Polar55","isPartOf":{"@id":"https:\/\/polar55.com\/fi\/#website"},"datePublished":"2024-07-30T20:46:11+00:00","dateModified":"2025-07-01T11:43:25+00:00","description":"Polar55 on yksi markkinoiden edullisimmista ja parhaista webhotelliratkaisuista. Pyrimme t\u00e4yteen l\u00e4pin\u00e4kyvyyteen hinnoittelussamme.","breadcrumb":{"@id":"https:\/\/polar55.com\/fi\/hinnat\/#breadcrumb"},"inLanguage":"fi","potentialAction":[{"@type":"ReadAction","target":["https:\/\/polar55.com\/fi\/hinnat\/"]}]},{"@type":"BreadcrumbList","@id":"https:\/\/polar55.com\/fi\/hinnat\/#breadcrumb","itemListElement":[{"@type":"ListItem","position":1,"name":"Hjem","item":"https:\/\/polar55.com\/fi\/"},{"@type":"ListItem","position":2,"name":"Hinnat"}]},{"@type":"WebSite","@id":"https:\/\/polar55.com\/fi\/#website","url":"https:\/\/polar55.com\/fi\/","name":"Polar55","description":"cheap hosting and domains","potentialAction":[{"@type":"SearchAction","target":{"@type":"EntryPoint","urlTemplate":"https:\/\/polar55.com\/fi\/?s={search_term_string}"},"query-input":{"@type":"PropertyValueSpecification","valueRequired":true,"valueName":"search_term_string"}}],"inLanguage":"fi"}]}},"_links":{"self":[{"href":"https:\/\/polar55.com\/fi\/wp-json\/wp\/v2\/pages\/7221","targetHints":{"allow":["GET"]}}],"collection":[{"href":"https:\/\/polar55.com\/fi\/wp-json\/wp\/v2\/pages"}],"about":[{"href":"https:\/\/polar55.com\/fi\/wp-json\/wp\/v2\/types\/page"}],"author":[{"embeddable":true,"href":"https:\/\/polar55.com\/fi\/wp-json\/wp\/v2\/users\/3"}],"replies":[{"embeddable":true,"href":"https:\/\/polar55.com\/fi\/wp-json\/wp\/v2\/comments?post=7221"}],"version-history":[{"count":31,"href":"https:\/\/polar55.com\/fi\/wp-json\/wp\/v2\/pages\/7221\/revisions"}],"predecessor-version":[{"id":8378,"href":"https:\/\/polar55.com\/fi\/wp-json\/wp\/v2\/pages\/7221\/revisions\/8378"}],"wp:attachment":[{"href":"https:\/\/polar55.com\/fi\/wp-json\/wp\/v2\/media?parent=7221"}],"curies":[{"name":"wp","href":"https:\/\/api.w.org\/{rel}","templated":true}]}}