{"id":7216,"date":"2024-07-31T09:38:59","date_gmt":"2024-07-31T08:38:59","guid":{"rendered":"https:\/\/polar55.com\/tietojenkasittelijat\/"},"modified":"2026-03-17T13:03:12","modified_gmt":"2026-03-17T13:03:12","slug":"tietojenkasittelijat","status":"publish","type":"page","link":"https:\/\/polar55.com\/fi\/tietojenkasittelijat\/","title":{"rendered":"Tietojenk\u00e4sittelij\u00e4t"},"content":{"rendered":"<div class=\"wpb-content-wrapper\"><p>[vc_row king_class=&#8221;price_compare&#8221; king_class_container=&#8221;table-wrapper&#8221; css=&#8221;.vc_custom_1722415138188{padding-top: 40px !important;padding-bottom: 40px !important;}&#8221; el_class=&#8221;price_compare&#8221;][vc_column][vc_column_text el_class=&#8221;webhotel-text&#8221; css=&#8221;.vc_custom_1734425815781{padding-bottom: 40px !important;}&#8221;]\n        <p style=\"text-align: left;\">K\u00e4yt\u00e4mme seuraavia alihankkijoita. T\u00e4m\u00e4 tarkoittaa, ett\u00e4 tietosi joko v\u00e4litet\u00e4\u00e4n n\u00e4ille tahoille tai n\u00e4ill\u00e4 yrityksill\u00e4 on p\u00e4\u00e4sy tietoihisi. Kyseess\u00e4 ovat yksinomaan toimijat, jotka ovat v\u00e4ltt\u00e4m\u00e4tt\u00f6mi\u00e4 webhotellipalveluidemme toiminnan varmistamiseksi.<\/p>[\/vc_column_text][vc_row_inner king_class=&#8221;th&#8221;][vc_column_inner el_class=&#8221;first rowfirst&#8221; width=&#8221;1\/2&#8243;][vc_column_text]NSEC Solutions (DK-26530792)[\/vc_column_text][\/vc_column_inner][vc_column_inner el_class=&#8221;rowsremain&#8221; width=&#8221;1\/2&#8243;][vc_column_text]Palvelimen k\u00e4ytt\u00f6 ja yll\u00e4pito[\/vc_column_text][vc_column_text][\/vc_column_text][\/vc_column_inner][\/vc_row_inner][vc_row_inner king_class=&#8221;td&#8221;][vc_column_inner el_class=&#8221;first rowfirst&#8221; width=&#8221;1\/2&#8243;][vc_column_text]Hexonet GMBH (DE-138316882)[\/vc_column_text][\/vc_column_inner][vc_column_inner el_class=&#8221;rowsremain&#8221; width=&#8221;1\/2&#8243;][vc_column_text]Verkkotunnusrekister\u00f6ij\u00e4[\/vc_column_text][vc_column_text][\/vc_column_text][\/vc_column_inner][\/vc_row_inner][vc_row_inner king_class=&#8221;th&#8221;][vc_column_inner el_class=&#8221;first rowfirst&#8221; width=&#8221;1\/2&#8243;][vc_column_text]Hetzner (<span dir=\"ltr\" role=\"presentation\">DE-812871812<\/span>)[\/vc_column_text][\/vc_column_inner][vc_column_inner el_class=&#8221;rowsremain&#8221; width=&#8221;1\/2&#8243;][vc_column_text]Palvelin[\/vc_column_text][vc_column_text][\/vc_column_text][\/vc_column_inner][\/vc_row_inner][vc_row_inner king_class=&#8221;td&#8221;][vc_column_inner el_class=&#8221;first rowfirst&#8221; width=&#8221;1\/2&#8243;][vc_column_text]Sampedro ApS (DK-40342079)[\/vc_column_text][\/vc_column_inner][vc_column_inner el_class=&#8221;rowsremain&#8221; width=&#8221;1\/2&#8243;][vc_column_text]Tuki[\/vc_column_text][vc_column_text][\/vc_column_text][\/vc_column_inner][\/vc_row_inner][vc_row_inner king_class=&#8221;td&#8221;][vc_column_inner el_class=&#8221;first rowfirst&#8221; width=&#8221;1\/2&#8243;][vc_column_text]Stripe Payments Europe Ltd (IE-3206488LH)[\/vc_column_text][\/vc_column_inner][vc_column_inner el_class=&#8221;rowsremain&#8221; width=&#8221;1\/2&#8243;][vc_column_text]Maksupalveluntarjoaja[\/vc_column_text][vc_column_text][\/vc_column_text][\/vc_column_inner][\/vc_row_inner][\/vc_column][\/vc_row]<\/p>\n<\/div>","protected":false},"excerpt":{"rendered":"<p>[vc_row king_class=&#8221;price_compare&#8221; king_class_container=&#8221;table-wrapper&#8221; css=&#8221;.vc_custom_1722415138188{padding-top: 40px !important;padding-bottom: 40px !important;}&#8221; el_class=&#8221;price_compare&#8221;][vc_column][vc_column_text el_class=&#8221;webhotel-text&#8221; css=&#8221;.vc_custom_1734425815781{padding-bottom: 40px !important;}&#8221;][\/vc_column_text][vc_row_inner king_class=&#8221;th&#8221;][vc_column_inner el_class=&#8221;first rowfirst&#8221; width=&#8221;1\/2&#8243;][vc_column_text]NSEC Solutions (DK-26530792)[\/vc_column_text][\/vc_column_inner][vc_column_inner el_class=&#8221;rowsremain&#8221; width=&#8221;1\/2&#8243;][vc_column_text]Palvelimen k\u00e4ytt\u00f6 ja yll\u00e4pito[\/vc_column_text][vc_column_text][\/vc_column_text][\/vc_column_inner][\/vc_row_inner][vc_row_inner king_class=&#8221;td&#8221;][vc_column_inner el_class=&#8221;first rowfirst&#8221; width=&#8221;1\/2&#8243;][vc_column_text]Hexonet GMBH (DE-138316882)[\/vc_column_text][\/vc_column_inner][vc_column_inner el_class=&#8221;rowsremain&#8221; width=&#8221;1\/2&#8243;][vc_column_text]Verkkotunnusrekister\u00f6ij\u00e4[\/vc_column_text][vc_column_text][\/vc_column_text][\/vc_column_inner][\/vc_row_inner][vc_row_inner king_class=&#8221;th&#8221;][vc_column_inner el_class=&#8221;first rowfirst&#8221; width=&#8221;1\/2&#8243;][vc_column_text]Hetzner (DE-812871812)[\/vc_column_text][\/vc_column_inner][vc_column_inner el_class=&#8221;rowsremain&#8221; width=&#8221;1\/2&#8243;][vc_column_text]Palvelin[\/vc_column_text][vc_column_text][\/vc_column_text][\/vc_column_inner][\/vc_row_inner][vc_row_inner king_class=&#8221;td&#8221;][vc_column_inner el_class=&#8221;first rowfirst&#8221; width=&#8221;1\/2&#8243;][vc_column_text]Sampedro ApS (DK-40342079)[\/vc_column_text][\/vc_column_inner][vc_column_inner el_class=&#8221;rowsremain&#8221; width=&#8221;1\/2&#8243;][vc_column_text]Tuki[\/vc_column_text][vc_column_text][\/vc_column_text][\/vc_column_inner][\/vc_row_inner][vc_row_inner king_class=&#8221;td&#8221;][vc_column_inner el_class=&#8221;first rowfirst&#8221; width=&#8221;1\/2&#8243;][vc_column_text]Stripe Payments Europe Ltd (IE-3206488LH)[\/vc_column_text][\/vc_column_inner][vc_column_inner &hellip;<\/p>\n","protected":false},"author":3,"featured_media":0,"parent":0,"menu_order":0,"comment_status":"closed","ping_status":"closed","template":"","meta":{"_acf_changed":false,"footnotes":""},"class_list":["post-7216","page","type-page","status-publish","hentry"],"acf":[],"yoast_head":"<!-- This site is optimized with the Yoast SEO plugin v26.8 - https:\/\/yoast.com\/product\/yoast-seo-wordpress\/ -->\n<title>Tietojenk\u00e4sittelij\u00e4t - Polar55<\/title>\n<meta name=\"robots\" content=\"index, follow, max-snippet:-1, max-image-preview:large, max-video-preview:-1\" \/>\n<link rel=\"canonical\" href=\"https:\/\/polar55.com\/fi\/tietojenkasittelijat\/\" \/>\n<meta property=\"og:locale\" content=\"fi_FI\" \/>\n<meta property=\"og:type\" content=\"article\" \/>\n<meta property=\"og:title\" content=\"Tietojenk\u00e4sittelij\u00e4t - Polar55\" \/>\n<meta property=\"og:description\" content=\"[vc_row king_class=&#8221;price_compare&#8221; king_class_container=&#8221;table-wrapper&#8221; css=&#8221;.vc_custom_1722415138188{padding-top: 40px !important;padding-bottom: 40px !important;}&#8221; el_class=&#8221;price_compare&#8221;][vc_column][vc_column_text el_class=&#8221;webhotel-text&#8221; css=&#8221;.vc_custom_1734425815781{padding-bottom: 40px !important;}&#8221;][\/vc_column_text][vc_row_inner king_class=&#8221;th&#8221;][vc_column_inner el_class=&#8221;first rowfirst&#8221; width=&#8221;1\/2&#8243;][vc_column_text]NSEC Solutions (DK-26530792)[\/vc_column_text][\/vc_column_inner][vc_column_inner el_class=&#8221;rowsremain&#8221; width=&#8221;1\/2&#8243;][vc_column_text]Palvelimen k\u00e4ytt\u00f6 ja yll\u00e4pito[\/vc_column_text][vc_column_text][\/vc_column_text][\/vc_column_inner][\/vc_row_inner][vc_row_inner king_class=&#8221;td&#8221;][vc_column_inner el_class=&#8221;first rowfirst&#8221; width=&#8221;1\/2&#8243;][vc_column_text]Hexonet GMBH (DE-138316882)[\/vc_column_text][\/vc_column_inner][vc_column_inner el_class=&#8221;rowsremain&#8221; width=&#8221;1\/2&#8243;][vc_column_text]Verkkotunnusrekister\u00f6ij\u00e4[\/vc_column_text][vc_column_text][\/vc_column_text][\/vc_column_inner][\/vc_row_inner][vc_row_inner king_class=&#8221;th&#8221;][vc_column_inner el_class=&#8221;first rowfirst&#8221; width=&#8221;1\/2&#8243;][vc_column_text]Hetzner (DE-812871812)[\/vc_column_text][\/vc_column_inner][vc_column_inner el_class=&#8221;rowsremain&#8221; width=&#8221;1\/2&#8243;][vc_column_text]Palvelin[\/vc_column_text][vc_column_text][\/vc_column_text][\/vc_column_inner][\/vc_row_inner][vc_row_inner king_class=&#8221;td&#8221;][vc_column_inner el_class=&#8221;first rowfirst&#8221; width=&#8221;1\/2&#8243;][vc_column_text]Sampedro ApS (DK-40342079)[\/vc_column_text][\/vc_column_inner][vc_column_inner el_class=&#8221;rowsremain&#8221; width=&#8221;1\/2&#8243;][vc_column_text]Tuki[\/vc_column_text][vc_column_text][\/vc_column_text][\/vc_column_inner][\/vc_row_inner][vc_row_inner king_class=&#8221;td&#8221;][vc_column_inner el_class=&#8221;first rowfirst&#8221; width=&#8221;1\/2&#8243;][vc_column_text]Stripe Payments Europe Ltd (IE-3206488LH)[\/vc_column_text][\/vc_column_inner][vc_column_inner &hellip;\" \/>\n<meta property=\"og:url\" content=\"https:\/\/polar55.com\/fi\/tietojenkasittelijat\/\" \/>\n<meta property=\"og:site_name\" content=\"Polar55\" \/>\n<meta property=\"article:modified_time\" content=\"2026-03-17T13:03:12+00:00\" \/>\n<meta name=\"twitter:card\" content=\"summary_large_image\" \/>\n<meta name=\"twitter:label1\" content=\"Arvioitu lukuaika\" \/>\n\t<meta name=\"twitter:data1\" content=\"1 minuutti\" \/>\n<script type=\"application\/ld+json\" class=\"yoast-schema-graph\">{\"@context\":\"https:\/\/schema.org\",\"@graph\":[{\"@type\":\"WebPage\",\"@id\":\"https:\/\/polar55.com\/fi\/tietojenkasittelijat\/\",\"url\":\"https:\/\/polar55.com\/fi\/tietojenkasittelijat\/\",\"name\":\"Tietojenk\u00e4sittelij\u00e4t - Polar55\",\"isPartOf\":{\"@id\":\"https:\/\/polar55.com\/fi\/#website\"},\"datePublished\":\"2024-07-31T08:38:59+00:00\",\"dateModified\":\"2026-03-17T13:03:12+00:00\",\"breadcrumb\":{\"@id\":\"https:\/\/polar55.com\/fi\/tietojenkasittelijat\/#breadcrumb\"},\"inLanguage\":\"fi\",\"potentialAction\":[{\"@type\":\"ReadAction\",\"target\":[\"https:\/\/polar55.com\/fi\/tietojenkasittelijat\/\"]}]},{\"@type\":\"BreadcrumbList\",\"@id\":\"https:\/\/polar55.com\/fi\/tietojenkasittelijat\/#breadcrumb\",\"itemListElement\":[{\"@type\":\"ListItem\",\"position\":1,\"name\":\"Hjem\",\"item\":\"https:\/\/polar55.com\/fi\/\"},{\"@type\":\"ListItem\",\"position\":2,\"name\":\"Tietojenk\u00e4sittelij\u00e4t\"}]},{\"@type\":\"WebSite\",\"@id\":\"https:\/\/polar55.com\/fi\/#website\",\"url\":\"https:\/\/polar55.com\/fi\/\",\"name\":\"Polar55\",\"description\":\"cheap hosting and domains\",\"potentialAction\":[{\"@type\":\"SearchAction\",\"target\":{\"@type\":\"EntryPoint\",\"urlTemplate\":\"https:\/\/polar55.com\/fi\/?s={search_term_string}\"},\"query-input\":{\"@type\":\"PropertyValueSpecification\",\"valueRequired\":true,\"valueName\":\"search_term_string\"}}],\"inLanguage\":\"fi\"}]}<\/script>\n<!-- \/ Yoast SEO plugin. -->","yoast_head_json":{"title":"Tietojenk\u00e4sittelij\u00e4t - Polar55","robots":{"index":"index","follow":"follow","max-snippet":"max-snippet:-1","max-image-preview":"max-image-preview:large","max-video-preview":"max-video-preview:-1"},"canonical":"https:\/\/polar55.com\/fi\/tietojenkasittelijat\/","og_locale":"fi_FI","og_type":"article","og_title":"Tietojenk\u00e4sittelij\u00e4t - Polar55","og_description":"[vc_row king_class=&#8221;price_compare&#8221; king_class_container=&#8221;table-wrapper&#8221; css=&#8221;.vc_custom_1722415138188{padding-top: 40px !important;padding-bottom: 40px !important;}&#8221; el_class=&#8221;price_compare&#8221;][vc_column][vc_column_text el_class=&#8221;webhotel-text&#8221; css=&#8221;.vc_custom_1734425815781{padding-bottom: 40px !important;}&#8221;][\/vc_column_text][vc_row_inner king_class=&#8221;th&#8221;][vc_column_inner el_class=&#8221;first rowfirst&#8221; width=&#8221;1\/2&#8243;][vc_column_text]NSEC Solutions (DK-26530792)[\/vc_column_text][\/vc_column_inner][vc_column_inner el_class=&#8221;rowsremain&#8221; width=&#8221;1\/2&#8243;][vc_column_text]Palvelimen k\u00e4ytt\u00f6 ja yll\u00e4pito[\/vc_column_text][vc_column_text][\/vc_column_text][\/vc_column_inner][\/vc_row_inner][vc_row_inner king_class=&#8221;td&#8221;][vc_column_inner el_class=&#8221;first rowfirst&#8221; width=&#8221;1\/2&#8243;][vc_column_text]Hexonet GMBH (DE-138316882)[\/vc_column_text][\/vc_column_inner][vc_column_inner el_class=&#8221;rowsremain&#8221; width=&#8221;1\/2&#8243;][vc_column_text]Verkkotunnusrekister\u00f6ij\u00e4[\/vc_column_text][vc_column_text][\/vc_column_text][\/vc_column_inner][\/vc_row_inner][vc_row_inner king_class=&#8221;th&#8221;][vc_column_inner el_class=&#8221;first rowfirst&#8221; width=&#8221;1\/2&#8243;][vc_column_text]Hetzner (DE-812871812)[\/vc_column_text][\/vc_column_inner][vc_column_inner el_class=&#8221;rowsremain&#8221; width=&#8221;1\/2&#8243;][vc_column_text]Palvelin[\/vc_column_text][vc_column_text][\/vc_column_text][\/vc_column_inner][\/vc_row_inner][vc_row_inner king_class=&#8221;td&#8221;][vc_column_inner el_class=&#8221;first rowfirst&#8221; width=&#8221;1\/2&#8243;][vc_column_text]Sampedro ApS (DK-40342079)[\/vc_column_text][\/vc_column_inner][vc_column_inner el_class=&#8221;rowsremain&#8221; width=&#8221;1\/2&#8243;][vc_column_text]Tuki[\/vc_column_text][vc_column_text][\/vc_column_text][\/vc_column_inner][\/vc_row_inner][vc_row_inner king_class=&#8221;td&#8221;][vc_column_inner el_class=&#8221;first rowfirst&#8221; width=&#8221;1\/2&#8243;][vc_column_text]Stripe Payments Europe Ltd (IE-3206488LH)[\/vc_column_text][\/vc_column_inner][vc_column_inner &hellip;","og_url":"https:\/\/polar55.com\/fi\/tietojenkasittelijat\/","og_site_name":"Polar55","article_modified_time":"2026-03-17T13:03:12+00:00","twitter_card":"summary_large_image","twitter_misc":{"Arvioitu lukuaika":"1 minuutti"},"schema":{"@context":"https:\/\/schema.org","@graph":[{"@type":"WebPage","@id":"https:\/\/polar55.com\/fi\/tietojenkasittelijat\/","url":"https:\/\/polar55.com\/fi\/tietojenkasittelijat\/","name":"Tietojenk\u00e4sittelij\u00e4t - Polar55","isPartOf":{"@id":"https:\/\/polar55.com\/fi\/#website"},"datePublished":"2024-07-31T08:38:59+00:00","dateModified":"2026-03-17T13:03:12+00:00","breadcrumb":{"@id":"https:\/\/polar55.com\/fi\/tietojenkasittelijat\/#breadcrumb"},"inLanguage":"fi","potentialAction":[{"@type":"ReadAction","target":["https:\/\/polar55.com\/fi\/tietojenkasittelijat\/"]}]},{"@type":"BreadcrumbList","@id":"https:\/\/polar55.com\/fi\/tietojenkasittelijat\/#breadcrumb","itemListElement":[{"@type":"ListItem","position":1,"name":"Hjem","item":"https:\/\/polar55.com\/fi\/"},{"@type":"ListItem","position":2,"name":"Tietojenk\u00e4sittelij\u00e4t"}]},{"@type":"WebSite","@id":"https:\/\/polar55.com\/fi\/#website","url":"https:\/\/polar55.com\/fi\/","name":"Polar55","description":"cheap hosting and domains","potentialAction":[{"@type":"SearchAction","target":{"@type":"EntryPoint","urlTemplate":"https:\/\/polar55.com\/fi\/?s={search_term_string}"},"query-input":{"@type":"PropertyValueSpecification","valueRequired":true,"valueName":"search_term_string"}}],"inLanguage":"fi"}]}},"_links":{"self":[{"href":"https:\/\/polar55.com\/fi\/wp-json\/wp\/v2\/pages\/7216","targetHints":{"allow":["GET"]}}],"collection":[{"href":"https:\/\/polar55.com\/fi\/wp-json\/wp\/v2\/pages"}],"about":[{"href":"https:\/\/polar55.com\/fi\/wp-json\/wp\/v2\/types\/page"}],"author":[{"embeddable":true,"href":"https:\/\/polar55.com\/fi\/wp-json\/wp\/v2\/users\/3"}],"replies":[{"embeddable":true,"href":"https:\/\/polar55.com\/fi\/wp-json\/wp\/v2\/comments?post=7216"}],"version-history":[{"count":7,"href":"https:\/\/polar55.com\/fi\/wp-json\/wp\/v2\/pages\/7216\/revisions"}],"predecessor-version":[{"id":10211,"href":"https:\/\/polar55.com\/fi\/wp-json\/wp\/v2\/pages\/7216\/revisions\/10211"}],"wp:attachment":[{"href":"https:\/\/polar55.com\/fi\/wp-json\/wp\/v2\/media?parent=7216"}],"curies":[{"name":"wp","href":"https:\/\/api.w.org\/{rel}","templated":true}]}}