{"id":7213,"date":"2024-07-31T14:13:10","date_gmt":"2024-07-31T13:13:10","guid":{"rendered":"https:\/\/polar55.com\/tietojenkasittelysopimus\/"},"modified":"2025-01-24T11:18:20","modified_gmt":"2025-01-24T11:18:20","slug":"tietojenkasittelysopimus","status":"publish","type":"page","link":"https:\/\/polar55.com\/fi\/tietojenkasittelysopimus\/","title":{"rendered":"Tietojenk\u00e4sittelysopimus"},"content":{"rendered":"<div class=\"wpb-content-wrapper\"><p>[vc_row king_class=&#8221;price_compare&#8221; king_class_container=&#8221;table-wrapper&#8221; css=&#8221;.vc_custom_1722414293279{padding-top: 40px !important;padding-bottom: 40px !important;}&#8221;][vc_column][vc_column_text el_class=&#8221;webhotel-text&#8221;]\n    <p style=\"text-align: left;\">Jos etsit tietojenk\u00e4sittelysopimusta, olet oikeassa paikassa. Koska tallennamme tietojasi ja mahdollisesti my\u00f6s asiakkaittesi tietoja, toimimme tietojenk\u00e4sittelij\u00e4n\u00e4 puolestasi. L\u00f6yd\u00e4t tietojenk\u00e4sittelysopimuksen t\u00e4lt\u00e4 sivulta. Siin\u00e4 kerrotaan, miten k\u00e4sittelemme tietojasi ja kuka p\u00e4\u00e4see niihin k\u00e4siksi. Voit my\u00f6s allekirjoittaa tietojenk\u00e4sittelysopimuksen ja palauttaa sen meille (mieluiten PDF-muodossa). L\u00e4het\u00e4 allekirjoitettu versio osoitteeseen <a href=\"mailto:ms@polar55.com\" rel=\"noopener\">ms@polar55.com<\/a>.<\/p>\n    <p style=\"text-align: left;\">Sivun alareunassa on pieni FAQ-osio, jossa selit\u00e4mme tietojenk\u00e4sittelysopimuksen t\u00e4rkeimm\u00e4t kohdat yksinkertaisemmin, jotta asiakkaana ymm\u00e4rr\u00e4t tarkalleen, kuinka k\u00e4sittelemme tietojasi.<\/p>\n    <p style=\"text-align: left;\">Emme tarjoa r\u00e4\u00e4t\u00e4l\u00f6ityj\u00e4 tietojenk\u00e4sittelysopimuksia.<\/p>\n    <p style=\"text-align: left;\"><a href=\"https:\/\/polar55.com\/wp-content\/uploads\/2020\/08\/DPA.pdf\">Lataa tietojenk\u00e4sittelysopimus<\/a><\/p>\n    <p style=\"text-align: left;\"><a href=\"https:\/\/polar55.com\/wp-content\/uploads\/2020\/09\/NSEC-Solutions.pdf\">Salassapitosopimus alihankkijan \"NSEC Solutions\" kanssa<\/a><\/p>\n\t<p style=\"text-align: left;\"><a href=\"https:\/\/polar55.com\/wp-content\/uploads\/2025\/09\/sampedro-en.pdf\">Salassapitosopimus alihankkijan \"Sampedro ApS\" kanssa<\/a><\/p>\n    <p style=\"text-align: left;\">Jos sinulla on kysytt\u00e4v\u00e4\u00e4 tietojenk\u00e4sittelysopimuksesta, autamme mielell\u00e4mme. Emme kuitenkaan ole juristeja, joten tarvittaessa ohohjaamme sinut alan asiantuntijan puoleen.<\/p>[\/vc_column_text][\/vc_column][\/vc_row][vc_row][vc_column css=&#8221;.vc_custom_1580120817154{margin-bottom: 70px !important;}&#8221;][vc_tta_accordion][vc_tta_section title=&#8221;Mihin k\u00e4yt\u00e4tte tietojani?&#8221; tab_id=&#8221;1598514746548-5ac5ecaa-4f7c&#8221;][vc_column_text]\n        <p style=\"text-align: left;\">K\u00e4yt\u00e4mme tietojasi varmistaaksemme palvelun toimivuuden ja yhteydenpidon kanssasi. S\u00e4hk\u00f6postiosoitteesi ja puhelinnumerosi tallennetaan, jotta voimme ottaa sinuun yhteytt\u00e4. T\u00e4m\u00e4 voi sis\u00e4lt\u00e4\u00e4 esimerkiksi maksumuistutuksia, tilausvahvistuksia, tietoa k\u00e4ytt\u00f6katkoksista ja vastaavia ilmoituksia. Nime\u00e4si ja osoitetietojasi k\u00e4ytet\u00e4\u00e4n muun muassa domainien rekister\u00f6intiin ja uusimiseen, sill\u00e4 domainien rekisterinpit\u00e4j\u00e4 tarvitsee n\u00e4m\u00e4 tiedot henkil\u00f6llisyytesi varmistamiseksi.<\/p>[\/vc_column_text][\/vc_tta_section][vc_tta_section title=&#8221;Kuka p\u00e4\u00e4see k\u00e4siksi tietoihini?&#8221; tab_id=&#8221;1598514746572-97b6a63d-18bd&#8221;][vc_column_text]\n        <p style=\"text-align: left;\">Polar55:n omistajilla ja ty\u00f6ntekij\u00f6ill\u00e4 on p\u00e4\u00e4sy tietoihin. Lis\u00e4ksi k\u00e4yt\u00e4mme joitakin ulkoisia yhteisty\u00f6kumppaneita. Voit tarkistaa tietojenk\u00e4sittelysopimuksesta milloin tahansa, keit\u00e4 n\u00e4m\u00e4 alihankkijat ovat. Alihankkijoihin kuuluu muun muassa Key-Systems GmbH, joka toimii verkkotunnusten rekister\u00f6ij\u00e4n\u00e4mme sek\u00e4 palveluntarjoajamme Hetzner.<\/p>[\/vc_column_text][\/vc_tta_section][vc_tta_section title=&#8221;Kenelle annatte tietoni?&#8221; tab_id=&#8221;1598515085398-1d17331b-e5f6&#8243;][vc_column_text]\n        <p style=\"text-align: left;\">Emme luovuta tietojasi kenellek\u00e4\u00e4n muulle kuin edell\u00e4 mainituille alihankkijoille. Tietosi jaetaan vain niille yrityksille, joilla on v\u00e4ltt\u00e4m\u00e4t\u00f6n rooli Polar55:n webhotellitoiminnan yll\u00e4pit\u00e4misess\u00e4. Pyrimme rajoittamaan p\u00e4\u00e4syn tietoihisi mahdollisimman harvoille henkil\u00f6ille.<\/p>[\/vc_column_text][\/vc_tta_section][\/vc_tta_accordion][\/vc_column][\/vc_row]<\/p>\n<\/div>","protected":false},"excerpt":{"rendered":"<p>[vc_row king_class=&#8221;price_compare&#8221; king_class_container=&#8221;table-wrapper&#8221; css=&#8221;.vc_custom_1722414293279{padding-top: 40px !important;padding-bottom: 40px !important;}&#8221;][vc_column][vc_column_text el_class=&#8221;webhotel-text&#8221;][\/vc_column_text][\/vc_column][\/vc_row][vc_row][vc_column css=&#8221;.vc_custom_1580120817154{margin-bottom: 70px !important;}&#8221;][vc_tta_accordion][vc_tta_section title=&#8221;Mihin k\u00e4yt\u00e4tte tietojani?&#8221; tab_id=&#8221;1598514746548-5ac5ecaa-4f7c&#8221;][vc_column_text][\/vc_column_text][\/vc_tta_section][vc_tta_section title=&#8221;Kuka p\u00e4\u00e4see k\u00e4siksi tietoihini?&#8221; tab_id=&#8221;1598514746572-97b6a63d-18bd&#8221;][vc_column_text][\/vc_column_text][\/vc_tta_section][vc_tta_section title=&#8221;Kenelle annatte tietoni?&#8221; tab_id=&#8221;1598515085398-1d17331b-e5f6&#8243;][vc_column_text][\/vc_column_text][\/vc_tta_section][\/vc_tta_accordion][\/vc_column][\/vc_row]<\/p>\n","protected":false},"author":3,"featured_media":0,"parent":0,"menu_order":0,"comment_status":"closed","ping_status":"closed","template":"","meta":{"_acf_changed":false,"footnotes":""},"class_list":["post-7213","page","type-page","status-publish","hentry"],"acf":[],"yoast_head":"<!-- This site is optimized with the Yoast SEO plugin v26.8 - https:\/\/yoast.com\/product\/yoast-seo-wordpress\/ -->\n<title>Tietojenk\u00e4sittelysopimus - Polar55<\/title>\n<meta name=\"robots\" content=\"index, follow, max-snippet:-1, max-image-preview:large, max-video-preview:-1\" \/>\n<link rel=\"canonical\" href=\"https:\/\/polar55.com\/fi\/tietojenkasittelysopimus\/\" \/>\n<meta property=\"og:locale\" content=\"fi_FI\" \/>\n<meta property=\"og:type\" content=\"article\" \/>\n<meta property=\"og:title\" content=\"Tietojenk\u00e4sittelysopimus - Polar55\" \/>\n<meta property=\"og:description\" content=\"[vc_row king_class=&#8221;price_compare&#8221; king_class_container=&#8221;table-wrapper&#8221; css=&#8221;.vc_custom_1722414293279{padding-top: 40px !important;padding-bottom: 40px !important;}&#8221;][vc_column][vc_column_text el_class=&#8221;webhotel-text&#8221;][\/vc_column_text][\/vc_column][\/vc_row][vc_row][vc_column css=&#8221;.vc_custom_1580120817154{margin-bottom: 70px !important;}&#8221;][vc_tta_accordion][vc_tta_section title=&#8221;Mihin k\u00e4yt\u00e4tte tietojani?&#8221; tab_id=&#8221;1598514746548-5ac5ecaa-4f7c&#8221;][vc_column_text][\/vc_column_text][\/vc_tta_section][vc_tta_section title=&#8221;Kuka p\u00e4\u00e4see k\u00e4siksi tietoihini?&#8221; tab_id=&#8221;1598514746572-97b6a63d-18bd&#8221;][vc_column_text][\/vc_column_text][\/vc_tta_section][vc_tta_section title=&#8221;Kenelle annatte tietoni?&#8221; tab_id=&#8221;1598515085398-1d17331b-e5f6&#8243;][vc_column_text][\/vc_column_text][\/vc_tta_section][\/vc_tta_accordion][\/vc_column][\/vc_row]\" \/>\n<meta property=\"og:url\" content=\"https:\/\/polar55.com\/fi\/tietojenkasittelysopimus\/\" \/>\n<meta property=\"og:site_name\" content=\"Polar55\" \/>\n<meta property=\"article:modified_time\" content=\"2025-01-24T11:18:20+00:00\" \/>\n<meta name=\"twitter:card\" content=\"summary_large_image\" \/>\n<meta name=\"twitter:label1\" content=\"Arvioitu lukuaika\" \/>\n\t<meta name=\"twitter:data1\" content=\"1 minuutti\" \/>\n<script type=\"application\/ld+json\" class=\"yoast-schema-graph\">{\"@context\":\"https:\/\/schema.org\",\"@graph\":[{\"@type\":\"WebPage\",\"@id\":\"https:\/\/polar55.com\/fi\/tietojenkasittelysopimus\/\",\"url\":\"https:\/\/polar55.com\/fi\/tietojenkasittelysopimus\/\",\"name\":\"Tietojenk\u00e4sittelysopimus - Polar55\",\"isPartOf\":{\"@id\":\"https:\/\/polar55.com\/fi\/#website\"},\"datePublished\":\"2024-07-31T13:13:10+00:00\",\"dateModified\":\"2025-01-24T11:18:20+00:00\",\"breadcrumb\":{\"@id\":\"https:\/\/polar55.com\/fi\/tietojenkasittelysopimus\/#breadcrumb\"},\"inLanguage\":\"fi\",\"potentialAction\":[{\"@type\":\"ReadAction\",\"target\":[\"https:\/\/polar55.com\/fi\/tietojenkasittelysopimus\/\"]}]},{\"@type\":\"BreadcrumbList\",\"@id\":\"https:\/\/polar55.com\/fi\/tietojenkasittelysopimus\/#breadcrumb\",\"itemListElement\":[{\"@type\":\"ListItem\",\"position\":1,\"name\":\"Hjem\",\"item\":\"https:\/\/polar55.com\/fi\/\"},{\"@type\":\"ListItem\",\"position\":2,\"name\":\"Tietojenk\u00e4sittelysopimus\"}]},{\"@type\":\"WebSite\",\"@id\":\"https:\/\/polar55.com\/fi\/#website\",\"url\":\"https:\/\/polar55.com\/fi\/\",\"name\":\"Polar55\",\"description\":\"cheap hosting and domains\",\"potentialAction\":[{\"@type\":\"SearchAction\",\"target\":{\"@type\":\"EntryPoint\",\"urlTemplate\":\"https:\/\/polar55.com\/fi\/?s={search_term_string}\"},\"query-input\":{\"@type\":\"PropertyValueSpecification\",\"valueRequired\":true,\"valueName\":\"search_term_string\"}}],\"inLanguage\":\"fi\"}]}<\/script>\n<!-- \/ Yoast SEO plugin. -->","yoast_head_json":{"title":"Tietojenk\u00e4sittelysopimus - Polar55","robots":{"index":"index","follow":"follow","max-snippet":"max-snippet:-1","max-image-preview":"max-image-preview:large","max-video-preview":"max-video-preview:-1"},"canonical":"https:\/\/polar55.com\/fi\/tietojenkasittelysopimus\/","og_locale":"fi_FI","og_type":"article","og_title":"Tietojenk\u00e4sittelysopimus - Polar55","og_description":"[vc_row king_class=&#8221;price_compare&#8221; king_class_container=&#8221;table-wrapper&#8221; css=&#8221;.vc_custom_1722414293279{padding-top: 40px !important;padding-bottom: 40px !important;}&#8221;][vc_column][vc_column_text el_class=&#8221;webhotel-text&#8221;][\/vc_column_text][\/vc_column][\/vc_row][vc_row][vc_column css=&#8221;.vc_custom_1580120817154{margin-bottom: 70px !important;}&#8221;][vc_tta_accordion][vc_tta_section title=&#8221;Mihin k\u00e4yt\u00e4tte tietojani?&#8221; tab_id=&#8221;1598514746548-5ac5ecaa-4f7c&#8221;][vc_column_text][\/vc_column_text][\/vc_tta_section][vc_tta_section title=&#8221;Kuka p\u00e4\u00e4see k\u00e4siksi tietoihini?&#8221; tab_id=&#8221;1598514746572-97b6a63d-18bd&#8221;][vc_column_text][\/vc_column_text][\/vc_tta_section][vc_tta_section title=&#8221;Kenelle annatte tietoni?&#8221; tab_id=&#8221;1598515085398-1d17331b-e5f6&#8243;][vc_column_text][\/vc_column_text][\/vc_tta_section][\/vc_tta_accordion][\/vc_column][\/vc_row]","og_url":"https:\/\/polar55.com\/fi\/tietojenkasittelysopimus\/","og_site_name":"Polar55","article_modified_time":"2025-01-24T11:18:20+00:00","twitter_card":"summary_large_image","twitter_misc":{"Arvioitu lukuaika":"1 minuutti"},"schema":{"@context":"https:\/\/schema.org","@graph":[{"@type":"WebPage","@id":"https:\/\/polar55.com\/fi\/tietojenkasittelysopimus\/","url":"https:\/\/polar55.com\/fi\/tietojenkasittelysopimus\/","name":"Tietojenk\u00e4sittelysopimus - Polar55","isPartOf":{"@id":"https:\/\/polar55.com\/fi\/#website"},"datePublished":"2024-07-31T13:13:10+00:00","dateModified":"2025-01-24T11:18:20+00:00","breadcrumb":{"@id":"https:\/\/polar55.com\/fi\/tietojenkasittelysopimus\/#breadcrumb"},"inLanguage":"fi","potentialAction":[{"@type":"ReadAction","target":["https:\/\/polar55.com\/fi\/tietojenkasittelysopimus\/"]}]},{"@type":"BreadcrumbList","@id":"https:\/\/polar55.com\/fi\/tietojenkasittelysopimus\/#breadcrumb","itemListElement":[{"@type":"ListItem","position":1,"name":"Hjem","item":"https:\/\/polar55.com\/fi\/"},{"@type":"ListItem","position":2,"name":"Tietojenk\u00e4sittelysopimus"}]},{"@type":"WebSite","@id":"https:\/\/polar55.com\/fi\/#website","url":"https:\/\/polar55.com\/fi\/","name":"Polar55","description":"cheap hosting and domains","potentialAction":[{"@type":"SearchAction","target":{"@type":"EntryPoint","urlTemplate":"https:\/\/polar55.com\/fi\/?s={search_term_string}"},"query-input":{"@type":"PropertyValueSpecification","valueRequired":true,"valueName":"search_term_string"}}],"inLanguage":"fi"}]}},"_links":{"self":[{"href":"https:\/\/polar55.com\/fi\/wp-json\/wp\/v2\/pages\/7213","targetHints":{"allow":["GET"]}}],"collection":[{"href":"https:\/\/polar55.com\/fi\/wp-json\/wp\/v2\/pages"}],"about":[{"href":"https:\/\/polar55.com\/fi\/wp-json\/wp\/v2\/types\/page"}],"author":[{"embeddable":true,"href":"https:\/\/polar55.com\/fi\/wp-json\/wp\/v2\/users\/3"}],"replies":[{"embeddable":true,"href":"https:\/\/polar55.com\/fi\/wp-json\/wp\/v2\/comments?post=7213"}],"version-history":[{"count":4,"href":"https:\/\/polar55.com\/fi\/wp-json\/wp\/v2\/pages\/7213\/revisions"}],"predecessor-version":[{"id":7360,"href":"https:\/\/polar55.com\/fi\/wp-json\/wp\/v2\/pages\/7213\/revisions\/7360"}],"wp:attachment":[{"href":"https:\/\/polar55.com\/fi\/wp-json\/wp\/v2\/media?parent=7213"}],"curies":[{"name":"wp","href":"https:\/\/api.w.org\/{rel}","templated":true}]}}