{"id":7208,"date":"2019-08-01T22:13:20","date_gmt":"2019-08-01T21:13:20","guid":{"rendered":"https:\/\/polar55.com\/evasteet-ja-tietosuojakaytanto\/"},"modified":"2025-01-22T22:00:45","modified_gmt":"2025-01-22T22:00:45","slug":"evasteet-ja-tietosuojakaytanto","status":"publish","type":"page","link":"https:\/\/polar55.com\/fi\/evasteet-ja-tietosuojakaytanto\/","title":{"rendered":"Ev\u00e4steet ja tietosuojak\u00e4yt\u00e4nt\u00f6"},"content":{"rendered":"<div class=\"wpb-content-wrapper\"><p>[vc_row css=&#8221;.vc_custom_1722415467825{padding-top: 40px !important;padding-bottom: 40px !important;}&#8221;][vc_column][vc_column_text]\n    <p>T\u00e4m\u00e4 sivu kuvaa ev\u00e4ste- ja tietosuojak\u00e4yt\u00e4nt\u00f6\u00e4 koskien sek\u00e4 yrityst\u00e4 Polar55 ett\u00e4 sivustoa polar55.com. Polar55 on osa nordicway ApS:\u00e4\u00e4 (\"yritys\", VAT: DK40745769).<\/p>\n\n    <strong>Mink\u00e4laista tietoa yritys tallentaa rekister\u00f6idyist\u00e4 asiakkaista?<\/strong>\n    <p>Rekister\u00f6ityjen asiakkaiden antamat tiedot sis\u00e4lt\u00e4v\u00e4t:<\/p>\n    <ul>\n        <li>Nimi<\/li>\n        <li>Yrityksen nimi ja Y-tunnus (jos sovellettavissa)<\/li>\n        <li>Postiosoite<\/li>\n        <li>Puhelinnumero<\/li>\n        <li>S\u00e4hk\u00f6postiosoite<\/li>\n        <li>EAN-numero (jos sovellettavissa)<\/li>\n        <li>Salasana<\/li>\n    <\/ul>\n\n    <strong>Mihin tarkoituksiin asiakastietoja k\u00e4ytet\u00e4\u00e4n?<\/strong>\n    <p>Asiakastietoja k\u00e4ytet\u00e4\u00e4n seuraaviin tarkoituksiin:<\/p>\n    <ul>\n        <li>Tukipalvelu<\/li>\n        <li>Domainien rekister\u00f6inti<\/li>\n        <li>Laskutus<\/li>\n    <\/ul>\n\n    <strong>Miksi postiosoite ja puhelinnumero ovat pakollisia?<\/strong>\n    <p>Domainien rekister\u00f6innin yhteydess\u00e4 rekister\u00f6intikumppanimme vaativat n\u00e4it\u00e4 tietoja henkil\u00f6llisyyden vahvistamiseksi.<\/p>\n\n    <strong>Tallentaako yritys luottokorttitietoja?<\/strong>\n    <p>Ei. Yritys ei tallenna mit\u00e4\u00e4n luottokorttitietoja miss\u00e4\u00e4n myodossa.<\/p>\n\n    <strong>Mink\u00e4 kolmansien osapuolten kanssa tietoja jaetaan?<\/strong>\n    <p>Maksuihin liittyen tietoja jaetaan maksunv\u00e4litt\u00e4j\u00e4 Stripe, Inc.:n kanssa. Verkkotunnusten rekister\u00f6inniss\u00e4 tietoja jaetaan rekister\u00f6intikumppanimme Key-Sytems GmbH:n kanssa. \n    Kaikissa tapauksissa jaetaan vain kyseiselle kolmannelle osapuolelle v\u00e4ltt\u00e4m\u00e4tt\u00f6m\u00e4t tiedot, ja kaikki tiedonsiirrot tapahtuvat suojatuillaa, salatuilla yhteyksill\u00e4.<\/p>\n\n    <strong>Miten tietoja s\u00e4ilytet\u00e4\u00e4n?<\/strong>\n    <p>Kaikki asiakastiedot s\u00e4ilytet\u00e4\u00e4n erillisill\u00e4 palvelimilla, jotka sijaitsevat suojatuissa palvelinkeskuksissa Saksassa.<\/p>\n\n    <strong>S\u00e4hk\u00f6postiviestint\u00e4<\/strong>\n    <p>L\u00e4het\u00e4mme s\u00e4hk\u00f6posteja vain asiakkaille, joilla on aktiivisia tuotteita. Viestit koskevat ainoastaan laskutusta, k\u00e4ytt\u00f6katkoksia ja j\u00e4rjestelm\u00e4huoltoa.<\/p>\n\n    <strong>Myyk\u00f6 yritys asiakastietoja toisille yrityksille?<\/strong>\n    <p>Ehdottomasti ei!<\/p>\n\n    <strong>Tietosuojak\u00e4yt\u00e4nn\u00f6n noudattaminen<\/strong>\n    <p>Jos koet, ett\u00e4 tietojasi ei k\u00e4sitell\u00e4 tietosuojak\u00e4yt\u00e4nt\u00f6mme mukaisesti, otathan meihin yhteytt\u00e4.<\/p>\n\n    <strong>K\u00e4ytt\u00e4\u00e4k\u00f6 sivusto ev\u00e4steit\u00e4?<\/strong>\n    <p>Kyll\u00e4, sivusto k\u00e4ytt\u00e4\u00e4 ev\u00e4steit\u00e4. Lis\u00e4tietoja alla.<\/p>\n\n    <strong>Yleist\u00e4 ev\u00e4steist\u00e4<\/strong>\n    <p>Kun vierailet sivustolla, laitteellesi tallennetaan ev\u00e4ste, joka sis\u00e4lt\u00e4\u00e4 yksil\u00f6llisen mutta ei-henkil\u00f6kohtaisen tunnisteen.\n    T\u00e4m\u00e4 ev\u00e4ste on tarkoitettu vain sivuston navigointiin, ja se poistetaan automaattisesti, kun suljet selaimen.<\/p>\n\n    <strong>Google Analytics<\/strong>\n    <p>Sivusto k\u00e4ytt\u00e4\u00e4 Google Analytics -ev\u00e4stett\u00e4, jota hy\u00f6dynnet\u00e4\u00e4n k\u00e4vij\u00e4liikenteen tilastointiin ja sivuston k\u00e4yt\u00f6n analysointiin..<\/p>\n\n    <strong>Voinko est\u00e4\u00e4 ev\u00e4steet?<\/strong>\n    <p>Kyll\u00e4 voit. <a href=\"https:\/\/www.privacypolicies.com\/blog\/how-to-delete-cookies\/\" target=\"_blank\" rel=\"noopener\">Noudata t\u00e4t\u00e4 ohjetta<\/a> est\u00e4\u00e4ksesi ev\u00e4steet.<\/p>[\/vc_column_text][\/vc_column][\/vc_row]<\/p>\n<\/div>","protected":false},"excerpt":{"rendered":"<p>[vc_row css=&#8221;.vc_custom_1722415467825{padding-top: 40px !important;padding-bottom: 40px !important;}&#8221;][vc_column][vc_column_text][\/vc_column_text][\/vc_column][\/vc_row]<\/p>\n","protected":false},"author":1,"featured_media":0,"parent":0,"menu_order":0,"comment_status":"closed","ping_status":"open","template":"","meta":{"_acf_changed":false,"footnotes":""},"class_list":["post-7208","page","type-page","status-publish","hentry"],"acf":[],"yoast_head":"<!-- This site is optimized with the Yoast SEO plugin v26.8 - https:\/\/yoast.com\/product\/yoast-seo-wordpress\/ -->\n<title>Ev\u00e4steet ja tietosuojak\u00e4yt\u00e4nt\u00f6 - Polar55<\/title>\n<meta name=\"robots\" content=\"index, follow, max-snippet:-1, max-image-preview:large, max-video-preview:-1\" \/>\n<link rel=\"canonical\" href=\"https:\/\/polar55.com\/fi\/evasteet-ja-tietosuojakaytanto\/\" \/>\n<meta property=\"og:locale\" content=\"fi_FI\" \/>\n<meta property=\"og:type\" content=\"article\" \/>\n<meta property=\"og:title\" content=\"Ev\u00e4steet ja tietosuojak\u00e4yt\u00e4nt\u00f6 - Polar55\" \/>\n<meta property=\"og:description\" content=\"[vc_row css=&#8221;.vc_custom_1722415467825{padding-top: 40px !important;padding-bottom: 40px !important;}&#8221;][vc_column][vc_column_text][\/vc_column_text][\/vc_column][\/vc_row]\" \/>\n<meta property=\"og:url\" content=\"https:\/\/polar55.com\/fi\/evasteet-ja-tietosuojakaytanto\/\" \/>\n<meta property=\"og:site_name\" content=\"Polar55\" \/>\n<meta property=\"article:modified_time\" content=\"2025-01-22T22:00:45+00:00\" \/>\n<meta name=\"twitter:card\" content=\"summary_large_image\" \/>\n<meta name=\"twitter:label1\" content=\"Arvioitu lukuaika\" \/>\n\t<meta name=\"twitter:data1\" content=\"1 minuutti\" \/>\n<script type=\"application\/ld+json\" class=\"yoast-schema-graph\">{\"@context\":\"https:\/\/schema.org\",\"@graph\":[{\"@type\":\"WebPage\",\"@id\":\"https:\/\/polar55.com\/fi\/evasteet-ja-tietosuojakaytanto\/\",\"url\":\"https:\/\/polar55.com\/fi\/evasteet-ja-tietosuojakaytanto\/\",\"name\":\"Ev\u00e4steet ja tietosuojak\u00e4yt\u00e4nt\u00f6 - Polar55\",\"isPartOf\":{\"@id\":\"https:\/\/polar55.com\/fi\/#website\"},\"datePublished\":\"2019-08-01T21:13:20+00:00\",\"dateModified\":\"2025-01-22T22:00:45+00:00\",\"breadcrumb\":{\"@id\":\"https:\/\/polar55.com\/fi\/evasteet-ja-tietosuojakaytanto\/#breadcrumb\"},\"inLanguage\":\"fi\",\"potentialAction\":[{\"@type\":\"ReadAction\",\"target\":[\"https:\/\/polar55.com\/fi\/evasteet-ja-tietosuojakaytanto\/\"]}]},{\"@type\":\"BreadcrumbList\",\"@id\":\"https:\/\/polar55.com\/fi\/evasteet-ja-tietosuojakaytanto\/#breadcrumb\",\"itemListElement\":[{\"@type\":\"ListItem\",\"position\":1,\"name\":\"Hjem\",\"item\":\"https:\/\/polar55.com\/fi\/\"},{\"@type\":\"ListItem\",\"position\":2,\"name\":\"Ev\u00e4steet ja tietosuojak\u00e4yt\u00e4nt\u00f6\"}]},{\"@type\":\"WebSite\",\"@id\":\"https:\/\/polar55.com\/fi\/#website\",\"url\":\"https:\/\/polar55.com\/fi\/\",\"name\":\"Polar55\",\"description\":\"cheap hosting and domains\",\"potentialAction\":[{\"@type\":\"SearchAction\",\"target\":{\"@type\":\"EntryPoint\",\"urlTemplate\":\"https:\/\/polar55.com\/fi\/?s={search_term_string}\"},\"query-input\":{\"@type\":\"PropertyValueSpecification\",\"valueRequired\":true,\"valueName\":\"search_term_string\"}}],\"inLanguage\":\"fi\"}]}<\/script>\n<!-- \/ Yoast SEO plugin. -->","yoast_head_json":{"title":"Ev\u00e4steet ja tietosuojak\u00e4yt\u00e4nt\u00f6 - Polar55","robots":{"index":"index","follow":"follow","max-snippet":"max-snippet:-1","max-image-preview":"max-image-preview:large","max-video-preview":"max-video-preview:-1"},"canonical":"https:\/\/polar55.com\/fi\/evasteet-ja-tietosuojakaytanto\/","og_locale":"fi_FI","og_type":"article","og_title":"Ev\u00e4steet ja tietosuojak\u00e4yt\u00e4nt\u00f6 - Polar55","og_description":"[vc_row css=&#8221;.vc_custom_1722415467825{padding-top: 40px !important;padding-bottom: 40px !important;}&#8221;][vc_column][vc_column_text][\/vc_column_text][\/vc_column][\/vc_row]","og_url":"https:\/\/polar55.com\/fi\/evasteet-ja-tietosuojakaytanto\/","og_site_name":"Polar55","article_modified_time":"2025-01-22T22:00:45+00:00","twitter_card":"summary_large_image","twitter_misc":{"Arvioitu lukuaika":"1 minuutti"},"schema":{"@context":"https:\/\/schema.org","@graph":[{"@type":"WebPage","@id":"https:\/\/polar55.com\/fi\/evasteet-ja-tietosuojakaytanto\/","url":"https:\/\/polar55.com\/fi\/evasteet-ja-tietosuojakaytanto\/","name":"Ev\u00e4steet ja tietosuojak\u00e4yt\u00e4nt\u00f6 - Polar55","isPartOf":{"@id":"https:\/\/polar55.com\/fi\/#website"},"datePublished":"2019-08-01T21:13:20+00:00","dateModified":"2025-01-22T22:00:45+00:00","breadcrumb":{"@id":"https:\/\/polar55.com\/fi\/evasteet-ja-tietosuojakaytanto\/#breadcrumb"},"inLanguage":"fi","potentialAction":[{"@type":"ReadAction","target":["https:\/\/polar55.com\/fi\/evasteet-ja-tietosuojakaytanto\/"]}]},{"@type":"BreadcrumbList","@id":"https:\/\/polar55.com\/fi\/evasteet-ja-tietosuojakaytanto\/#breadcrumb","itemListElement":[{"@type":"ListItem","position":1,"name":"Hjem","item":"https:\/\/polar55.com\/fi\/"},{"@type":"ListItem","position":2,"name":"Ev\u00e4steet ja tietosuojak\u00e4yt\u00e4nt\u00f6"}]},{"@type":"WebSite","@id":"https:\/\/polar55.com\/fi\/#website","url":"https:\/\/polar55.com\/fi\/","name":"Polar55","description":"cheap hosting and domains","potentialAction":[{"@type":"SearchAction","target":{"@type":"EntryPoint","urlTemplate":"https:\/\/polar55.com\/fi\/?s={search_term_string}"},"query-input":{"@type":"PropertyValueSpecification","valueRequired":true,"valueName":"search_term_string"}}],"inLanguage":"fi"}]}},"_links":{"self":[{"href":"https:\/\/polar55.com\/fi\/wp-json\/wp\/v2\/pages\/7208","targetHints":{"allow":["GET"]}}],"collection":[{"href":"https:\/\/polar55.com\/fi\/wp-json\/wp\/v2\/pages"}],"about":[{"href":"https:\/\/polar55.com\/fi\/wp-json\/wp\/v2\/types\/page"}],"author":[{"embeddable":true,"href":"https:\/\/polar55.com\/fi\/wp-json\/wp\/v2\/users\/1"}],"replies":[{"embeddable":true,"href":"https:\/\/polar55.com\/fi\/wp-json\/wp\/v2\/comments?post=7208"}],"version-history":[{"count":2,"href":"https:\/\/polar55.com\/fi\/wp-json\/wp\/v2\/pages\/7208\/revisions"}],"predecessor-version":[{"id":7312,"href":"https:\/\/polar55.com\/fi\/wp-json\/wp\/v2\/pages\/7208\/revisions\/7312"}],"wp:attachment":[{"href":"https:\/\/polar55.com\/fi\/wp-json\/wp\/v2\/media?parent=7208"}],"curies":[{"name":"wp","href":"https:\/\/api.w.org\/{rel}","templated":true}]}}