{"id":7179,"date":"2019-08-28T09:42:17","date_gmt":"2019-08-28T08:42:17","guid":{"rendered":"https:\/\/polar55.com\/tietoa-polar55sta\/"},"modified":"2025-10-22T10:09:35","modified_gmt":"2025-10-22T09:09:35","slug":"tietoa-polar55sta","status":"publish","type":"page","link":"https:\/\/polar55.com\/fi\/tietoa-polar55sta\/","title":{"rendered":"Tietoa Polar55:st\u00e4"},"content":{"rendered":"<div class=\"wpb-content-wrapper\"><p>[vc_row css=&#8221;.vc_custom_1722411745676{padding-top: 40px !important;padding-bottom: 40px !important;}&#8221;][vc_column width=&#8221;2\/3&#8243; css=&#8221;.vc_custom_1566982451471{margin-bottom: 20px !important;}&#8221;][vc_column_text]\n<div class=\"flex flex-grow flex-col gap-3 max-w-full\">\n  <div class=\"min-h-[20px] flex flex-col items-start gap-3 whitespace-pre-wrap break-words overflow-x-auto\">\n    <div class=\"markdown prose w-full break-words dark:prose-invert dark\">\n      <h2>Polar55<\/h2>\n      <p>Polar55 on webhotelliyritys, joka keskittyy yksinkertaisiin ja helposti ymm\u00e4rrett\u00e4viin ratkaisuihin \u2013 my\u00f6s niille, joilla ei ole aiempaa kokemusta verkkosivustoista tai webhotellipalveluista.<\/p>\n      <p>Polar55:n asiakastuki on henkil\u00f6kohtaista ja helposti l\u00e4hestytt\u00e4v\u00e4\u00e4. Julkaisemme s\u00e4\u00e4nn\u00f6llisesti videotutoriaaleja, jotka esittelev\u00e4t yleisimmin k\u00e4ytettyj\u00e4 ja toivottuja toimintoja webhotellialustallamme, jotta asiakkaamme voivat niit\u00e4 katsomalla saada apua.<\/p>\n      <p>Polar55:t\u00e4 johtavat sen perustajat Michael Storm ja Thomas Iversen, joiden tukena toimii pieni asiakastukitiimi ja palvelinymp\u00e4rist\u00f6n yll\u00e4pit\u00e4j\u00e4.<\/p>\n      <p>Michael on koulutukseltaan multimediasuunnittelija, ja h\u00e4nell\u00e4 on vahva osaaminen sek\u00e4 frontend- ett\u00e4 backend-kehityksess\u00e4, kuten my\u00f6s graafisessa suunnittelussa. Vuodesta 2011 l\u00e4htien h\u00e4nen painopistein\u00e4\u00e4n ovat olleet WordPress-sivustot, WooCommerce-verkkokaupat sek\u00e4 Photoshopilla ja InDesignilla toteutetut visuaaliset ratkaisut.<\/p>\n      <p>Michael korostaa asiakastyytyv\u00e4isyytt\u00e4, sill\u00e4 se vaikuttaa keskeisesti yrityksen tulevaisuuteen. H\u00e4n uskoo, ett\u00e4 tyytyv\u00e4iset asiakkaat suosittelevat palvelua yst\u00e4villeen ja tuttavilleen, jotka etsiv\u00e4t luotettavaa kumppania. Siksi ammattitaitoisten ja asiakasodotukset t\u00e4ytt\u00e4vien ratkaisujen tarjoaminen on ensisijainen tavoite.<\/p>\n      <p>Thomas on koulutukseltaan diplomi-insin\u00f6\u00f6ri ja on ty\u00f6skennellyt verkkoviestinn\u00e4n ja -palveluiden parissa vuodesta 2010. H\u00e4n on ollut mukana useissa verkkosivustoprojekteissa, mukaan lukien laaja IT-verkkokursseja tarjoava alusta.<\/p>\n      <p>Thomas on WordPress-asiantuntija, joka on jopa kirjoittanut e-kirjan t\u00e4st\u00e4 sis\u00e4ll\u00f6nhallintaj\u00e4rjestelm\u00e4st\u00e4.<\/p>\n    <\/div>\n  <\/div>\n<\/div>[\/vc_column_text][vc_separator css=&#8221;.vc_custom_1569317247994{margin-top: 30px !important;margin-bottom: 30px !important;}&#8221;][vc_column_text]<div class=\"vc_row wpb_row vc_inner vc_row-fluid greyscale staff-imgs\"><div class=\"wpb_column vc_column_container vc_col-sm-6\"><div class=\"vc_column-inner\"><div class=\"wpb_wrapper\">\n            <style>\n          .p55-margins {\n            margin-top: 25px;\n            margin-left: 40px;\n            margin-right: 40px;\n          }\n        \n          @media (max-width: 920px) {\n            .p55-margins {\n              margin-left: 0;\n              margin-right: 0;\n            }\n          }\n        <\/style>\n      <div class=\"wpb_single_image wpb_content_element vc_align_center p55-margins\">\n        <h2 class=\"wpb_heading wpb_singleimage_heading\" style=\"margin-bottom:10px;\">Michael<\/h2>\n        <figure class=\"wpb_wrapper vc_figure\">\n          <div class=\"vc_single_image-wrapper vc_box_border_grey\">\n            <img fetchpriority=\"high\" decoding=\"async\" src=\"https:\/\/polar55.com\/wp-content\/uploads\/2023\/06\/michael.png\" alt=\"\" title=\"michael\">\n          <\/div>\n        <\/figure>\n      <\/div>\n      <div class=\"wpb_text_column wpb_content_element \">\n        <div class=\"wpb_wrapper\">\n          <p style=\"text-align: center;margin-top:5px;\"><em>Osakas, tekniikka- ja tukip\u00e4\u00e4llikk\u00f6<\/em><\/p>\n        <\/div>\n      <\/div>\n    <\/div><\/div><\/div><div class=\"wpb_column vc_column_container vc_col-sm-6\"><div class=\"vc_column-inner\"><div class=\"wpb_wrapper\">\n            <style>\n          .p55-margins {\n            margin-top: 25px;\n            margin-left: 40px;\n            margin-right: 40px;\n          }\n        \n          @media (max-width: 920px) {\n            .p55-margins {\n              margin-left: 0;\n              margin-right: 0;\n            }\n          }\n        <\/style>\n      <div class=\"wpb_single_image wpb_content_element vc_align_center p55-margins\">\n        <h2 class=\"wpb_heading wpb_singleimage_heading\" style=\"margin-bottom:10px;\">Thomas<\/h2>\n        <figure class=\"wpb_wrapper vc_figure\">\n          <div class=\"vc_single_image-wrapper vc_box_border_grey\">\n            <img decoding=\"async\" src=\"https:\/\/polar55.com\/wp-content\/uploads\/2023\/06\/thomas.png\" alt=\"\" title=\"thomas\">\n          <\/div>\n        <\/figure>\n      <\/div>\n      <div class=\"wpb_text_column wpb_content_element \">\n        <div class=\"wpb_wrapper\">\n          <p style=\"text-align: center;margin-top:5px;\"><em>Osakas, myyntip\u00e4\u00e4llikk\u00f6<\/em><\/p>\n        <\/div>\n      <\/div>\n    <\/div><\/div><\/div><\/div><div class=\"vc_row wpb_row vc_inner vc_row-fluid greyscale staff-imgs\"><div class=\"wpb_column vc_column_container vc_col-sm-6\"><div class=\"vc_column-inner\"><div class=\"wpb_wrapper\">\n            <style>\n          .p55-margins {\n            margin-top: 25px;\n            margin-left: 40px;\n            margin-right: 40px;\n          }\n        \n          @media (max-width: 920px) {\n            .p55-margins {\n              margin-left: 0;\n              margin-right: 0;\n            }\n          }\n        <\/style>\n      <div class=\"wpb_single_image wpb_content_element vc_align_center p55-margins\">\n        <h2 class=\"wpb_heading wpb_singleimage_heading\" style=\"margin-bottom:10px;\">Michael<\/h2>\n        <figure class=\"wpb_wrapper vc_figure\">\n          <div class=\"vc_single_image-wrapper vc_box_border_grey\">\n            <img decoding=\"async\" src=\"https:\/\/polar55.com\/wp-content\/uploads\/2024\/07\/profile-pic-3-300x300-1.png\" alt=\"\" title=\"profile-pic-3-300x300\">\n          <\/div>\n        <\/figure>\n      <\/div>\n      <div class=\"wpb_text_column wpb_content_element \">\n        <div class=\"wpb_wrapper\">\n          <p style=\"text-align: center;margin-top:5px;\"><em>J\u00e4rjestelm\u00e4nvalvoja<\/em><\/p>\n        <\/div>\n      <\/div>\n    <\/div><\/div><\/div><div class=\"wpb_column vc_column_container vc_col-sm-6\"><div class=\"vc_column-inner\"><div class=\"wpb_wrapper\">\n            <style>\n          .p55-margins {\n            margin-top: 25px;\n            margin-left: 40px;\n            margin-right: 40px;\n          }\n        \n          @media (max-width: 920px) {\n            .p55-margins {\n              margin-left: 0;\n              margin-right: 0;\n            }\n          }\n        <\/style>\n      <div class=\"wpb_single_image wpb_content_element vc_align_center p55-margins\">\n        <h2 class=\"wpb_heading wpb_singleimage_heading\" style=\"margin-bottom:10px;\">Kevin<\/h2>\n        <figure class=\"wpb_wrapper vc_figure\">\n          <div class=\"vc_single_image-wrapper vc_box_border_grey\">\n            <img loading=\"lazy\" decoding=\"async\" src=\"https:\/\/polar55.com\/wp-content\/uploads\/2024\/07\/profile-pic-1-300x300-1.png\" alt=\"\" title=\"profile-pic-1-300x300\">\n          <\/div>\n        <\/figure>\n      <\/div>\n      <div class=\"wpb_text_column wpb_content_element \">\n        <div class=\"wpb_wrapper\">\n          <p style=\"text-align: center;margin-top:5px;\"><em>Tukihenkil\u00f6<\/em><\/p>\n        <\/div>\n      <\/div>\n    <\/div><\/div><\/div><\/div><div class=\"vc_row wpb_row vc_inner vc_row-fluid greyscale staff-imgs\"><div class=\"wpb_column vc_column_container vc_col-sm-6\"><div class=\"vc_column-inner\"><div class=\"wpb_wrapper\">\n            <style>\n          .p55-margins {\n            margin-top: 25px;\n            margin-left: 40px;\n            margin-right: 40px;\n          }\n        \n          @media (max-width: 920px) {\n            .p55-margins {\n              margin-left: 0;\n              margin-right: 0;\n            }\n          }\n        <\/style>\n      <div class=\"wpb_single_image wpb_content_element vc_align_center p55-margins\">\n        <h2 class=\"wpb_heading wpb_singleimage_heading\" style=\"margin-bottom:10px;\">Dariusz<\/h2>\n        <figure class=\"wpb_wrapper vc_figure\">\n          <div class=\"vc_single_image-wrapper vc_box_border_grey\">\n            <img loading=\"lazy\" decoding=\"async\" src=\"https:\/\/polar55.com\/wp-content\/uploads\/2024\/12\/dariouz.png\" alt=\"\" title=\"dariouz\">\n          <\/div>\n        <\/figure>\n      <\/div>\n      <div class=\"wpb_text_column wpb_content_element \">\n        <div class=\"wpb_wrapper\">\n          <p style=\"text-align: center;margin-top:5px;\"><em>Tukihenkil\u00f6<\/em><\/p>\n        <\/div>\n      <\/div>\n    <\/div><\/div><\/div><div class=\"wpb_column vc_column_container vc_col-sm-6\"><div class=\"vc_column-inner\"><div class=\"wpb_wrapper\">\n            <style>\n          .p55-margins {\n            margin-top: 25px;\n            margin-left: 40px;\n            margin-right: 40px;\n          }\n        \n          @media (max-width: 920px) {\n            .p55-margins {\n              margin-left: 0;\n              margin-right: 0;\n            }\n          }\n        <\/style>\n      <div class=\"wpb_single_image wpb_content_element vc_align_center p55-margins\">\n        <h2 class=\"wpb_heading wpb_singleimage_heading\" style=\"margin-bottom:10px;\">Ivan<\/h2>\n        <figure class=\"wpb_wrapper vc_figure\">\n          <div class=\"vc_single_image-wrapper vc_box_border_grey\">\n            <img loading=\"lazy\" decoding=\"async\" src=\"https:\/\/polar55.com\/wp-content\/uploads\/2025\/10\/ivan-round.png\" alt=\"\" title=\"ivan-round\">\n          <\/div>\n        <\/figure>\n      <\/div>\n      <div class=\"wpb_text_column wpb_content_element \">\n        <div class=\"wpb_wrapper\">\n          <p style=\"text-align: center;margin-top:5px;\"><em>Tukihenkil\u00f6<\/em><\/p>\n        <\/div>\n      <\/div>\n    <\/div><\/div><\/div><\/div>[\/vc_column_text][\/vc_column][vc_column width=&#8221;1\/3&#8243; css=&#8221;.vc_custom_1566982972264{padding-left: 120px !important;}&#8221;][vc_column_text]\n    <p style=\"text-align: left;\">\n        <strong>Yhteystiedot<\/strong><br>\n        Polar55<br>\n        Urho Kekkosen katu 4-6E<br>\n        00100, Helsinki<br>\n        asiakaspalvelu@polar55.fi\n    <\/p>\n    <p style=\"text-align: left;\">Osa tanskalaisesta yrityksest\u00e4 Nordicway ApS<br>Y-tunnus: DK40745769<\/p>[\/vc_column_text][\/vc_column][\/vc_row]<\/p>\n<\/div>","protected":false},"excerpt":{"rendered":"<p>[vc_row css=&#8221;.vc_custom_1722411745676{padding-top: 40px !important;padding-bottom: 40px !important;}&#8221;][vc_column width=&#8221;2\/3&#8243; css=&#8221;.vc_custom_1566982451471{margin-bottom: 20px !important;}&#8221;][vc_column_text][\/vc_column_text][vc_separator css=&#8221;.vc_custom_1569317247994{margin-top: 30px !important;margin-bottom: 30px !important;}&#8221;][vc_column_text][\/vc_column_text][\/vc_column][vc_column width=&#8221;1\/3&#8243; css=&#8221;.vc_custom_1566982972264{padding-left: 120px !important;}&#8221;][vc_column_text][\/vc_column_text][\/vc_column][\/vc_row]<\/p>\n","protected":false},"author":1,"featured_media":7189,"parent":0,"menu_order":0,"comment_status":"closed","ping_status":"closed","template":"","meta":{"_acf_changed":false,"footnotes":""},"class_list":["post-7179","page","type-page","status-publish","has-post-thumbnail","hentry"],"acf":[],"yoast_head":"<!-- This site is optimized with the Yoast SEO plugin v26.8 - https:\/\/yoast.com\/product\/yoast-seo-wordpress\/ -->\n<title>About Polar55 | Maybe the best hosting provider<\/title>\n<meta name=\"description\" content=\"T\u00e4\u00e4lt\u00e4 voit lukea lis\u00e4\u00e4 Polar55:st\u00e4. Tutustu siihen, ketk\u00e4 ovat Polar55:n taustalla ja mihin uskomme, ennen kuin valitset webhotellipalveluntarjoajasi.\" \/>\n<meta name=\"robots\" content=\"index, follow, max-snippet:-1, max-image-preview:large, max-video-preview:-1\" \/>\n<link rel=\"canonical\" href=\"https:\/\/polar55.com\/fi\/tietoa-polar55sta\/\" \/>\n<meta property=\"og:locale\" content=\"fi_FI\" \/>\n<meta property=\"og:type\" content=\"article\" \/>\n<meta property=\"og:title\" content=\"About Polar55 | Maybe the best hosting provider\" \/>\n<meta property=\"og:description\" content=\"T\u00e4\u00e4lt\u00e4 voit lukea lis\u00e4\u00e4 Polar55:st\u00e4. Tutustu siihen, ketk\u00e4 ovat Polar55:n taustalla ja mihin uskomme, ennen kuin valitset webhotellipalveluntarjoajasi.\" \/>\n<meta property=\"og:url\" content=\"https:\/\/polar55.com\/fi\/tietoa-polar55sta\/\" \/>\n<meta property=\"og:site_name\" content=\"Polar55\" \/>\n<meta property=\"article:modified_time\" content=\"2025-10-22T09:09:35+00:00\" \/>\n<meta property=\"og:image\" content=\"https:\/\/polar55.com\/wp-content\/uploads\/2024\/11\/logo-square.png\" \/>\n\t<meta property=\"og:image:width\" content=\"400\" \/>\n\t<meta property=\"og:image:height\" content=\"400\" \/>\n\t<meta property=\"og:image:type\" content=\"image\/png\" \/>\n<meta name=\"twitter:card\" content=\"summary_large_image\" \/>\n<meta name=\"twitter:label1\" content=\"Arvioitu lukuaika\" \/>\n\t<meta name=\"twitter:data1\" content=\"1 minuutti\" \/>\n<script type=\"application\/ld+json\" class=\"yoast-schema-graph\">{\"@context\":\"https:\/\/schema.org\",\"@graph\":[{\"@type\":\"WebPage\",\"@id\":\"https:\/\/polar55.com\/fi\/tietoa-polar55sta\/\",\"url\":\"https:\/\/polar55.com\/fi\/tietoa-polar55sta\/\",\"name\":\"About Polar55 | Maybe the best hosting provider\",\"isPartOf\":{\"@id\":\"https:\/\/polar55.com\/fi\/#website\"},\"primaryImageOfPage\":{\"@id\":\"https:\/\/polar55.com\/fi\/tietoa-polar55sta\/#primaryimage\"},\"image\":{\"@id\":\"https:\/\/polar55.com\/fi\/tietoa-polar55sta\/#primaryimage\"},\"thumbnailUrl\":\"https:\/\/polar55.com\/wp-content\/uploads\/2024\/11\/logo-square.png\",\"datePublished\":\"2019-08-28T08:42:17+00:00\",\"dateModified\":\"2025-10-22T09:09:35+00:00\",\"description\":\"T\u00e4\u00e4lt\u00e4 voit lukea lis\u00e4\u00e4 Polar55:st\u00e4. Tutustu siihen, ketk\u00e4 ovat Polar55:n taustalla ja mihin uskomme, ennen kuin valitset webhotellipalveluntarjoajasi.\",\"breadcrumb\":{\"@id\":\"https:\/\/polar55.com\/fi\/tietoa-polar55sta\/#breadcrumb\"},\"inLanguage\":\"fi\",\"potentialAction\":[{\"@type\":\"ReadAction\",\"target\":[\"https:\/\/polar55.com\/fi\/tietoa-polar55sta\/\"]}]},{\"@type\":\"ImageObject\",\"inLanguage\":\"fi\",\"@id\":\"https:\/\/polar55.com\/fi\/tietoa-polar55sta\/#primaryimage\",\"url\":\"https:\/\/polar55.com\/wp-content\/uploads\/2024\/11\/logo-square.png\",\"contentUrl\":\"https:\/\/polar55.com\/wp-content\/uploads\/2024\/11\/logo-square.png\",\"width\":400,\"height\":400},{\"@type\":\"BreadcrumbList\",\"@id\":\"https:\/\/polar55.com\/fi\/tietoa-polar55sta\/#breadcrumb\",\"itemListElement\":[{\"@type\":\"ListItem\",\"position\":1,\"name\":\"Hjem\",\"item\":\"https:\/\/polar55.com\/fi\/\"},{\"@type\":\"ListItem\",\"position\":2,\"name\":\"Tietoa Polar55:st\u00e4\"}]},{\"@type\":\"WebSite\",\"@id\":\"https:\/\/polar55.com\/fi\/#website\",\"url\":\"https:\/\/polar55.com\/fi\/\",\"name\":\"Polar55\",\"description\":\"cheap hosting and domains\",\"potentialAction\":[{\"@type\":\"SearchAction\",\"target\":{\"@type\":\"EntryPoint\",\"urlTemplate\":\"https:\/\/polar55.com\/fi\/?s={search_term_string}\"},\"query-input\":{\"@type\":\"PropertyValueSpecification\",\"valueRequired\":true,\"valueName\":\"search_term_string\"}}],\"inLanguage\":\"fi\"}]}<\/script>\n<!-- \/ Yoast SEO plugin. -->","yoast_head_json":{"title":"About Polar55 | Maybe the best hosting provider","description":"T\u00e4\u00e4lt\u00e4 voit lukea lis\u00e4\u00e4 Polar55:st\u00e4. Tutustu siihen, ketk\u00e4 ovat Polar55:n taustalla ja mihin uskomme, ennen kuin valitset webhotellipalveluntarjoajasi.","robots":{"index":"index","follow":"follow","max-snippet":"max-snippet:-1","max-image-preview":"max-image-preview:large","max-video-preview":"max-video-preview:-1"},"canonical":"https:\/\/polar55.com\/fi\/tietoa-polar55sta\/","og_locale":"fi_FI","og_type":"article","og_title":"About Polar55 | Maybe the best hosting provider","og_description":"T\u00e4\u00e4lt\u00e4 voit lukea lis\u00e4\u00e4 Polar55:st\u00e4. Tutustu siihen, ketk\u00e4 ovat Polar55:n taustalla ja mihin uskomme, ennen kuin valitset webhotellipalveluntarjoajasi.","og_url":"https:\/\/polar55.com\/fi\/tietoa-polar55sta\/","og_site_name":"Polar55","article_modified_time":"2025-10-22T09:09:35+00:00","og_image":[{"width":400,"height":400,"url":"https:\/\/polar55.com\/wp-content\/uploads\/2024\/11\/logo-square.png","type":"image\/png"}],"twitter_card":"summary_large_image","twitter_misc":{"Arvioitu lukuaika":"1 minuutti"},"schema":{"@context":"https:\/\/schema.org","@graph":[{"@type":"WebPage","@id":"https:\/\/polar55.com\/fi\/tietoa-polar55sta\/","url":"https:\/\/polar55.com\/fi\/tietoa-polar55sta\/","name":"About Polar55 | Maybe the best hosting provider","isPartOf":{"@id":"https:\/\/polar55.com\/fi\/#website"},"primaryImageOfPage":{"@id":"https:\/\/polar55.com\/fi\/tietoa-polar55sta\/#primaryimage"},"image":{"@id":"https:\/\/polar55.com\/fi\/tietoa-polar55sta\/#primaryimage"},"thumbnailUrl":"https:\/\/polar55.com\/wp-content\/uploads\/2024\/11\/logo-square.png","datePublished":"2019-08-28T08:42:17+00:00","dateModified":"2025-10-22T09:09:35+00:00","description":"T\u00e4\u00e4lt\u00e4 voit lukea lis\u00e4\u00e4 Polar55:st\u00e4. Tutustu siihen, ketk\u00e4 ovat Polar55:n taustalla ja mihin uskomme, ennen kuin valitset webhotellipalveluntarjoajasi.","breadcrumb":{"@id":"https:\/\/polar55.com\/fi\/tietoa-polar55sta\/#breadcrumb"},"inLanguage":"fi","potentialAction":[{"@type":"ReadAction","target":["https:\/\/polar55.com\/fi\/tietoa-polar55sta\/"]}]},{"@type":"ImageObject","inLanguage":"fi","@id":"https:\/\/polar55.com\/fi\/tietoa-polar55sta\/#primaryimage","url":"https:\/\/polar55.com\/wp-content\/uploads\/2024\/11\/logo-square.png","contentUrl":"https:\/\/polar55.com\/wp-content\/uploads\/2024\/11\/logo-square.png","width":400,"height":400},{"@type":"BreadcrumbList","@id":"https:\/\/polar55.com\/fi\/tietoa-polar55sta\/#breadcrumb","itemListElement":[{"@type":"ListItem","position":1,"name":"Hjem","item":"https:\/\/polar55.com\/fi\/"},{"@type":"ListItem","position":2,"name":"Tietoa Polar55:st\u00e4"}]},{"@type":"WebSite","@id":"https:\/\/polar55.com\/fi\/#website","url":"https:\/\/polar55.com\/fi\/","name":"Polar55","description":"cheap hosting and domains","potentialAction":[{"@type":"SearchAction","target":{"@type":"EntryPoint","urlTemplate":"https:\/\/polar55.com\/fi\/?s={search_term_string}"},"query-input":{"@type":"PropertyValueSpecification","valueRequired":true,"valueName":"search_term_string"}}],"inLanguage":"fi"}]}},"_links":{"self":[{"href":"https:\/\/polar55.com\/fi\/wp-json\/wp\/v2\/pages\/7179","targetHints":{"allow":["GET"]}}],"collection":[{"href":"https:\/\/polar55.com\/fi\/wp-json\/wp\/v2\/pages"}],"about":[{"href":"https:\/\/polar55.com\/fi\/wp-json\/wp\/v2\/types\/page"}],"author":[{"embeddable":true,"href":"https:\/\/polar55.com\/fi\/wp-json\/wp\/v2\/users\/1"}],"replies":[{"embeddable":true,"href":"https:\/\/polar55.com\/fi\/wp-json\/wp\/v2\/comments?post=7179"}],"version-history":[{"count":6,"href":"https:\/\/polar55.com\/fi\/wp-json\/wp\/v2\/pages\/7179\/revisions"}],"predecessor-version":[{"id":8825,"href":"https:\/\/polar55.com\/fi\/wp-json\/wp\/v2\/pages\/7179\/revisions\/8825"}],"wp:featuredmedia":[{"embeddable":true,"href":"https:\/\/polar55.com\/fi\/wp-json\/wp\/v2\/media\/7189"}],"wp:attachment":[{"href":"https:\/\/polar55.com\/fi\/wp-json\/wp\/v2\/media?parent=7179"}],"curies":[{"name":"wp","href":"https:\/\/api.w.org\/{rel}","templated":true}]}}