{"id":10253,"date":"2024-07-31T09:38:59","date_gmt":"2024-07-31T08:38:59","guid":{"rendered":"https:\/\/polar55.com\/datenverarbeiter\/"},"modified":"2026-03-20T12:52:58","modified_gmt":"2026-03-20T12:52:58","slug":"datenverarbeiter","status":"publish","type":"page","link":"https:\/\/polar55.com\/de\/datenverarbeiter\/","title":{"rendered":"Datenverarbeiter"},"content":{"rendered":"<div class=\"wpb-content-wrapper\"><p>[vc_row king_class=&#8220;price_compare&#8220; king_class_container=&#8220;table-wrapper&#8220; css=&#8220;.vc_custom_1722415138188{padding-top: 40px !important;padding-bottom: 40px !important;}&#8220; el_class=&#8220;price_compare&#8220;][vc_column][vc_column_text el_class=&#8220;webhotel-text&#8220; css=&#8220;.vc_custom_1734425815781{padding-bottom: 40px !important;}&#8220;]\n        <p style=\"text-align: left;\">Wir verwenden die folgenden Subunternehmer. Das bedeutet, dass Ihre Daten entweder an diese weitergegeben werden oder diese Unternehmen Zugriff auf Ihre Daten haben. Dabei handelt es sich ausschlie\u00dflich um Unternehmen, die f\u00fcr den Betrieb unserer Hosting-L\u00f6sungen erforderlich sind.<\/p>[\/vc_column_text][vc_row_inner king_class=&#8220;th&#8220;][vc_column_inner el_class=&#8220;first rowfirst&#8220; width=&#8220;1\/2&#8243;][vc_column_text]NSEC Solutions (DK-26530792)[\/vc_column_text][\/vc_column_inner][vc_column_inner el_class=&#8220;rowsremain&#8220; width=&#8220;1\/2&#8243;][vc_column_text]Serverbetrieb und -wartung[\/vc_column_text][vc_column_text][\/vc_column_text][\/vc_column_inner][\/vc_row_inner][vc_row_inner king_class=&#8220;td&#8220;][vc_column_inner el_class=&#8220;first rowfirst&#8220; width=&#8220;1\/2&#8243;][vc_column_text]Hexonet GMBH (DE-138316882)[\/vc_column_text][\/vc_column_inner][vc_column_inner el_class=&#8220;rowsremain&#8220; width=&#8220;1\/2&#8243;][vc_column_text]Domain-Registrator[\/vc_column_text][vc_column_text][\/vc_column_text][\/vc_column_inner][\/vc_row_inner][vc_row_inner king_class=&#8220;th&#8220;][vc_column_inner el_class=&#8220;first rowfirst&#8220; width=&#8220;1\/2&#8243;][vc_column_text]Hetzner <span dir=\"ltr\" role=\"presentation\">(DE-812871812)<\/span>[\/vc_column_text][\/vc_column_inner][vc_column_inner el_class=&#8220;rowsremain&#8220; width=&#8220;1\/2&#8243;][vc_column_text]Server[\/vc_column_text][vc_column_text][\/vc_column_text][\/vc_column_inner][\/vc_row_inner][vc_row_inner king_class=&#8220;td&#8220;][vc_column_inner el_class=&#8220;first rowfirst&#8220; width=&#8220;1\/2&#8243;][vc_column_text]Sampedro ApS (DK-40342079)[\/vc_column_text][\/vc_column_inner][vc_column_inner el_class=&#8220;rowsremain&#8220; width=&#8220;1\/2&#8243;][vc_column_text]Unterst\u00fctzen Sie[\/vc_column_text][vc_column_text][\/vc_column_text][\/vc_column_inner][\/vc_row_inner][vc_row_inner king_class=&#8220;td&#8220;][vc_column_inner el_class=&#8220;first rowfirst&#8220; width=&#8220;1\/2&#8243;][vc_column_text]Stripe Payments Europe Ltd (IE-3206488LH)[\/vc_column_text][\/vc_column_inner][vc_column_inner el_class=&#8220;rowsremain&#8220; width=&#8220;1\/2&#8243;][vc_column_text]Zahlungs-Gateway[\/vc_column_text][vc_column_text][\/vc_column_text][\/vc_column_inner][\/vc_row_inner][\/vc_column][\/vc_row]<\/p>\n<\/div>","protected":false},"excerpt":{"rendered":"<p>[vc_row king_class=&#8220;price_compare&#8220; king_class_container=&#8220;table-wrapper&#8220; css=&#8220;.vc_custom_1722415138188{padding-top: 40px !important;padding-bottom: 40px !important;}&#8220; el_class=&#8220;price_compare&#8220;][vc_column][vc_column_text el_class=&#8220;webhotel-text&#8220; css=&#8220;.vc_custom_1734425815781{padding-bottom: 40px !important;}&#8220;][\/vc_column_text][vc_row_inner king_class=&#8220;th&#8220;][vc_column_inner el_class=&#8220;first rowfirst&#8220; width=&#8220;1\/2&#8243;][vc_column_text]NSEC Solutions (DK-26530792)[\/vc_column_text][\/vc_column_inner][vc_column_inner el_class=&#8220;rowsremain&#8220; width=&#8220;1\/2&#8243;][vc_column_text]Serverbetrieb und -wartung[\/vc_column_text][vc_column_text][\/vc_column_text][\/vc_column_inner][\/vc_row_inner][vc_row_inner king_class=&#8220;td&#8220;][vc_column_inner el_class=&#8220;first rowfirst&#8220; width=&#8220;1\/2&#8243;][vc_column_text]Hexonet GMBH (DE-138316882)[\/vc_column_text][\/vc_column_inner][vc_column_inner el_class=&#8220;rowsremain&#8220; width=&#8220;1\/2&#8243;][vc_column_text]Domain-Registrator[\/vc_column_text][vc_column_text][\/vc_column_text][\/vc_column_inner][\/vc_row_inner][vc_row_inner king_class=&#8220;th&#8220;][vc_column_inner el_class=&#8220;first rowfirst&#8220; width=&#8220;1\/2&#8243;][vc_column_text]Hetzner (DE-812871812)[\/vc_column_text][\/vc_column_inner][vc_column_inner el_class=&#8220;rowsremain&#8220; width=&#8220;1\/2&#8243;][vc_column_text]Server[\/vc_column_text][vc_column_text][\/vc_column_text][\/vc_column_inner][\/vc_row_inner][vc_row_inner king_class=&#8220;td&#8220;][vc_column_inner el_class=&#8220;first rowfirst&#8220; width=&#8220;1\/2&#8243;][vc_column_text]Sampedro ApS (DK-40342079)[\/vc_column_text][\/vc_column_inner][vc_column_inner el_class=&#8220;rowsremain&#8220; width=&#8220;1\/2&#8243;][vc_column_text]Unterst\u00fctzen Sie[\/vc_column_text][vc_column_text][\/vc_column_text][\/vc_column_inner][\/vc_row_inner][vc_row_inner king_class=&#8220;td&#8220;][vc_column_inner el_class=&#8220;first rowfirst&#8220; width=&#8220;1\/2&#8243;][vc_column_text]Stripe Payments Europe Ltd (IE-3206488LH)[\/vc_column_text][\/vc_column_inner][vc_column_inner &hellip;<\/p>\n","protected":false},"author":3,"featured_media":0,"parent":0,"menu_order":0,"comment_status":"closed","ping_status":"closed","template":"","meta":{"_acf_changed":false,"footnotes":""},"class_list":["post-10253","page","type-page","status-publish","hentry"],"acf":[],"yoast_head":"<!-- This site is optimized with the Yoast SEO plugin v26.8 - https:\/\/yoast.com\/product\/yoast-seo-wordpress\/ -->\n<title>Datenverarbeiter - Polar55<\/title>\n<meta name=\"robots\" content=\"index, follow, max-snippet:-1, max-image-preview:large, max-video-preview:-1\" \/>\n<link rel=\"canonical\" href=\"https:\/\/polar55.com\/de\/datenverarbeiter\/\" \/>\n<meta property=\"og:locale\" content=\"de_DE\" \/>\n<meta property=\"og:type\" content=\"article\" \/>\n<meta property=\"og:title\" content=\"Datenverarbeiter - Polar55\" \/>\n<meta property=\"og:description\" content=\"[vc_row king_class=&#8220;price_compare&#8220; king_class_container=&#8220;table-wrapper&#8220; css=&#8220;.vc_custom_1722415138188{padding-top: 40px !important;padding-bottom: 40px !important;}&#8220; el_class=&#8220;price_compare&#8220;][vc_column][vc_column_text el_class=&#8220;webhotel-text&#8220; css=&#8220;.vc_custom_1734425815781{padding-bottom: 40px !important;}&#8220;][\/vc_column_text][vc_row_inner king_class=&#8220;th&#8220;][vc_column_inner el_class=&#8220;first rowfirst&#8220; width=&#8220;1\/2&#8243;][vc_column_text]NSEC Solutions (DK-26530792)[\/vc_column_text][\/vc_column_inner][vc_column_inner el_class=&#8220;rowsremain&#8220; width=&#8220;1\/2&#8243;][vc_column_text]Serverbetrieb und -wartung[\/vc_column_text][vc_column_text][\/vc_column_text][\/vc_column_inner][\/vc_row_inner][vc_row_inner king_class=&#8220;td&#8220;][vc_column_inner el_class=&#8220;first rowfirst&#8220; width=&#8220;1\/2&#8243;][vc_column_text]Hexonet GMBH (DE-138316882)[\/vc_column_text][\/vc_column_inner][vc_column_inner el_class=&#8220;rowsremain&#8220; width=&#8220;1\/2&#8243;][vc_column_text]Domain-Registrator[\/vc_column_text][vc_column_text][\/vc_column_text][\/vc_column_inner][\/vc_row_inner][vc_row_inner king_class=&#8220;th&#8220;][vc_column_inner el_class=&#8220;first rowfirst&#8220; width=&#8220;1\/2&#8243;][vc_column_text]Hetzner (DE-812871812)[\/vc_column_text][\/vc_column_inner][vc_column_inner el_class=&#8220;rowsremain&#8220; width=&#8220;1\/2&#8243;][vc_column_text]Server[\/vc_column_text][vc_column_text][\/vc_column_text][\/vc_column_inner][\/vc_row_inner][vc_row_inner king_class=&#8220;td&#8220;][vc_column_inner el_class=&#8220;first rowfirst&#8220; width=&#8220;1\/2&#8243;][vc_column_text]Sampedro ApS (DK-40342079)[\/vc_column_text][\/vc_column_inner][vc_column_inner el_class=&#8220;rowsremain&#8220; width=&#8220;1\/2&#8243;][vc_column_text]Unterst\u00fctzen Sie[\/vc_column_text][vc_column_text][\/vc_column_text][\/vc_column_inner][\/vc_row_inner][vc_row_inner king_class=&#8220;td&#8220;][vc_column_inner el_class=&#8220;first rowfirst&#8220; width=&#8220;1\/2&#8243;][vc_column_text]Stripe Payments Europe Ltd (IE-3206488LH)[\/vc_column_text][\/vc_column_inner][vc_column_inner &hellip;\" \/>\n<meta property=\"og:url\" content=\"https:\/\/polar55.com\/de\/datenverarbeiter\/\" \/>\n<meta property=\"og:site_name\" content=\"Polar55\" \/>\n<meta property=\"article:modified_time\" content=\"2026-03-20T12:52:58+00:00\" \/>\n<meta name=\"twitter:card\" content=\"summary_large_image\" \/>\n<meta name=\"twitter:label1\" content=\"Gesch\u00e4tzte Lesezeit\" \/>\n\t<meta name=\"twitter:data1\" content=\"1\u00a0Minute\" \/>\n<script type=\"application\/ld+json\" class=\"yoast-schema-graph\">{\"@context\":\"https:\/\/schema.org\",\"@graph\":[{\"@type\":\"WebPage\",\"@id\":\"https:\/\/polar55.com\/de\/datenverarbeiter\/\",\"url\":\"https:\/\/polar55.com\/de\/datenverarbeiter\/\",\"name\":\"Datenverarbeiter - Polar55\",\"isPartOf\":{\"@id\":\"https:\/\/polar55.com\/de\/#website\"},\"datePublished\":\"2024-07-31T08:38:59+00:00\",\"dateModified\":\"2026-03-20T12:52:58+00:00\",\"breadcrumb\":{\"@id\":\"https:\/\/polar55.com\/de\/datenverarbeiter\/#breadcrumb\"},\"inLanguage\":\"de\",\"potentialAction\":[{\"@type\":\"ReadAction\",\"target\":[\"https:\/\/polar55.com\/de\/datenverarbeiter\/\"]}]},{\"@type\":\"BreadcrumbList\",\"@id\":\"https:\/\/polar55.com\/de\/datenverarbeiter\/#breadcrumb\",\"itemListElement\":[{\"@type\":\"ListItem\",\"position\":1,\"name\":\"Hjem\",\"item\":\"https:\/\/polar55.com\/de\/\"},{\"@type\":\"ListItem\",\"position\":2,\"name\":\"Datenverarbeiter\"}]},{\"@type\":\"WebSite\",\"@id\":\"https:\/\/polar55.com\/de\/#website\",\"url\":\"https:\/\/polar55.com\/de\/\",\"name\":\"Polar55\",\"description\":\"cheap hosting and domains\",\"potentialAction\":[{\"@type\":\"SearchAction\",\"target\":{\"@type\":\"EntryPoint\",\"urlTemplate\":\"https:\/\/polar55.com\/de\/?s={search_term_string}\"},\"query-input\":{\"@type\":\"PropertyValueSpecification\",\"valueRequired\":true,\"valueName\":\"search_term_string\"}}],\"inLanguage\":\"de\"}]}<\/script>\n<!-- \/ Yoast SEO plugin. -->","yoast_head_json":{"title":"Datenverarbeiter - Polar55","robots":{"index":"index","follow":"follow","max-snippet":"max-snippet:-1","max-image-preview":"max-image-preview:large","max-video-preview":"max-video-preview:-1"},"canonical":"https:\/\/polar55.com\/de\/datenverarbeiter\/","og_locale":"de_DE","og_type":"article","og_title":"Datenverarbeiter - Polar55","og_description":"[vc_row king_class=&#8220;price_compare&#8220; king_class_container=&#8220;table-wrapper&#8220; css=&#8220;.vc_custom_1722415138188{padding-top: 40px !important;padding-bottom: 40px !important;}&#8220; el_class=&#8220;price_compare&#8220;][vc_column][vc_column_text el_class=&#8220;webhotel-text&#8220; css=&#8220;.vc_custom_1734425815781{padding-bottom: 40px !important;}&#8220;][\/vc_column_text][vc_row_inner king_class=&#8220;th&#8220;][vc_column_inner el_class=&#8220;first rowfirst&#8220; width=&#8220;1\/2&#8243;][vc_column_text]NSEC Solutions (DK-26530792)[\/vc_column_text][\/vc_column_inner][vc_column_inner el_class=&#8220;rowsremain&#8220; width=&#8220;1\/2&#8243;][vc_column_text]Serverbetrieb und -wartung[\/vc_column_text][vc_column_text][\/vc_column_text][\/vc_column_inner][\/vc_row_inner][vc_row_inner king_class=&#8220;td&#8220;][vc_column_inner el_class=&#8220;first rowfirst&#8220; width=&#8220;1\/2&#8243;][vc_column_text]Hexonet GMBH (DE-138316882)[\/vc_column_text][\/vc_column_inner][vc_column_inner el_class=&#8220;rowsremain&#8220; width=&#8220;1\/2&#8243;][vc_column_text]Domain-Registrator[\/vc_column_text][vc_column_text][\/vc_column_text][\/vc_column_inner][\/vc_row_inner][vc_row_inner king_class=&#8220;th&#8220;][vc_column_inner el_class=&#8220;first rowfirst&#8220; width=&#8220;1\/2&#8243;][vc_column_text]Hetzner (DE-812871812)[\/vc_column_text][\/vc_column_inner][vc_column_inner el_class=&#8220;rowsremain&#8220; width=&#8220;1\/2&#8243;][vc_column_text]Server[\/vc_column_text][vc_column_text][\/vc_column_text][\/vc_column_inner][\/vc_row_inner][vc_row_inner king_class=&#8220;td&#8220;][vc_column_inner el_class=&#8220;first rowfirst&#8220; width=&#8220;1\/2&#8243;][vc_column_text]Sampedro ApS (DK-40342079)[\/vc_column_text][\/vc_column_inner][vc_column_inner el_class=&#8220;rowsremain&#8220; width=&#8220;1\/2&#8243;][vc_column_text]Unterst\u00fctzen Sie[\/vc_column_text][vc_column_text][\/vc_column_text][\/vc_column_inner][\/vc_row_inner][vc_row_inner king_class=&#8220;td&#8220;][vc_column_inner el_class=&#8220;first rowfirst&#8220; width=&#8220;1\/2&#8243;][vc_column_text]Stripe Payments Europe Ltd (IE-3206488LH)[\/vc_column_text][\/vc_column_inner][vc_column_inner &hellip;","og_url":"https:\/\/polar55.com\/de\/datenverarbeiter\/","og_site_name":"Polar55","article_modified_time":"2026-03-20T12:52:58+00:00","twitter_card":"summary_large_image","twitter_misc":{"Gesch\u00e4tzte Lesezeit":"1\u00a0Minute"},"schema":{"@context":"https:\/\/schema.org","@graph":[{"@type":"WebPage","@id":"https:\/\/polar55.com\/de\/datenverarbeiter\/","url":"https:\/\/polar55.com\/de\/datenverarbeiter\/","name":"Datenverarbeiter - Polar55","isPartOf":{"@id":"https:\/\/polar55.com\/de\/#website"},"datePublished":"2024-07-31T08:38:59+00:00","dateModified":"2026-03-20T12:52:58+00:00","breadcrumb":{"@id":"https:\/\/polar55.com\/de\/datenverarbeiter\/#breadcrumb"},"inLanguage":"de","potentialAction":[{"@type":"ReadAction","target":["https:\/\/polar55.com\/de\/datenverarbeiter\/"]}]},{"@type":"BreadcrumbList","@id":"https:\/\/polar55.com\/de\/datenverarbeiter\/#breadcrumb","itemListElement":[{"@type":"ListItem","position":1,"name":"Hjem","item":"https:\/\/polar55.com\/de\/"},{"@type":"ListItem","position":2,"name":"Datenverarbeiter"}]},{"@type":"WebSite","@id":"https:\/\/polar55.com\/de\/#website","url":"https:\/\/polar55.com\/de\/","name":"Polar55","description":"cheap hosting and domains","potentialAction":[{"@type":"SearchAction","target":{"@type":"EntryPoint","urlTemplate":"https:\/\/polar55.com\/de\/?s={search_term_string}"},"query-input":{"@type":"PropertyValueSpecification","valueRequired":true,"valueName":"search_term_string"}}],"inLanguage":"de"}]}},"_links":{"self":[{"href":"https:\/\/polar55.com\/de\/wp-json\/wp\/v2\/pages\/10253","targetHints":{"allow":["GET"]}}],"collection":[{"href":"https:\/\/polar55.com\/de\/wp-json\/wp\/v2\/pages"}],"about":[{"href":"https:\/\/polar55.com\/de\/wp-json\/wp\/v2\/types\/page"}],"author":[{"embeddable":true,"href":"https:\/\/polar55.com\/de\/wp-json\/wp\/v2\/users\/3"}],"replies":[{"embeddable":true,"href":"https:\/\/polar55.com\/de\/wp-json\/wp\/v2\/comments?post=10253"}],"version-history":[{"count":5,"href":"https:\/\/polar55.com\/de\/wp-json\/wp\/v2\/pages\/10253\/revisions"}],"predecessor-version":[{"id":10428,"href":"https:\/\/polar55.com\/de\/wp-json\/wp\/v2\/pages\/10253\/revisions\/10428"}],"wp:attachment":[{"href":"https:\/\/polar55.com\/de\/wp-json\/wp\/v2\/media?parent=10253"}],"curies":[{"name":"wp","href":"https:\/\/api.w.org\/{rel}","templated":true}]}}