{"id":10249,"date":"2024-07-31T14:13:10","date_gmt":"2024-07-31T13:13:10","guid":{"rendered":"https:\/\/polar55.com\/vereinbarung-zur-datenverarbeitung\/"},"modified":"2026-04-14T11:41:50","modified_gmt":"2026-04-14T10:41:50","slug":"vereinbarung-zur-datenverarbeitung","status":"publish","type":"page","link":"https:\/\/polar55.com\/de\/vereinbarung-zur-datenverarbeitung\/","title":{"rendered":"Vereinbarung zur Datenverarbeitung"},"content":{"rendered":"<div class=\"wpb-content-wrapper\"><p>[vc_row king_class=&#8220;price_compare&#8220; king_class_container=&#8220;table-wrapper&#8220; css=&#8220;.vc_custom_1722414293279{padding-top: 40px !important;padding-bottom: 40px !important;}&#8220;][vc_column][vc_column_text el_class=&#8220;webhotel-text&#8220;]\n    <p style=\"text-align: left;\">Wenn Sie nach einem Auftragsverarbeitungsvertrag suchen, sind Sie hier genau richtig. Da wir Ihre Daten und m\u00f6glicherweise auch die Daten Ihrer Kunden speichern, handeln wir f\u00fcr Sie als Auftragsverarbeiter. Wenn Sie einen Auftragsverarbeitungsvertrag ben\u00f6tigen, um zu dokumentieren, wie wir Ihre Daten verarbeiten und wer Zugriff darauf hat, finden Sie ihn in diesem Dokument. Sie k\u00f6nnen das Dokument au\u00dferdem unterzeichnen und an uns zur\u00fccksenden, vorzugsweise als PDF. Bitte senden Sie die unterzeichnete Version an <a href=\"mailto:ms@polar55.com\" rel=\"noopener\">ms@polar55.com<\/a>.<\/p>\n    <p style=\"text-align: left;\">Am Ende der Seite finden Sie ein kleines FAQ, das die wichtigsten Punkte aus dem Auftragsverarbeitungsvertrag behandelt. Dort versuchen wir, diese in einfacherer Sprache zu erkl\u00e4ren, damit Sie als Kunde verstehen k\u00f6nnen, wie wir mit Ihren Daten umgehen.<\/p>\n    <p style=\"text-align: left;\">Wir bieten keine individuell angepassten Auftragsverarbeitungsvertr\u00e4ge an.<\/p>\n    <p style=\"text-align: left;\"><a href=\"https:\/\/polar55.com\/wp-content\/uploads\/2020\/08\/DPA.pdf\">Auftragsverarbeitungsvertrag herunterladen<\/a><\/p>\n    <p style=\"text-align: left;\"><a href=\"https:\/\/polar55.com\/wp-content\/uploads\/2020\/09\/NSEC-Solutions.pdf\">Vertraulichkeitsvereinbarung mit dem Unterauftragsverarbeiter \u201eNSEC Solutions\u201c<\/a><\/p>\n\t<p style=\"text-align: left;\"><a href=\"https:\/\/polar55.com\/wp-content\/uploads\/2025\/09\/sampedro-en.pdf\">Vertraulichkeitsvereinbarung mit dem Unterauftragsverarbeiter \u201eSampedro ApS\u201c<\/a><\/p>\n    <p style=\"text-align: left;\">Wenn Sie Fragen zum Auftragsverarbeitungsvertrag haben, werden wir unser Bestes tun, sie zu beantworten. Wir sind jedoch selbst keine Anw\u00e4lte, daher kann es sein, dass wir Sie bitten m\u00fcssen, sich an Fachleute auf diesem Gebiet zu wenden.<\/p>[\/vc_column_text][\/vc_column][\/vc_row][vc_row][vc_column css=&#8220;.vc_custom_1580120817154{margin-bottom: 70px !important;}&#8220;][vc_tta_accordion][vc_tta_section title=&#8220;Wof\u00fcr verwenden Sie meine Informationen?&#8220; tab_id=&#8220;1598514746548-5ac5ecaa-4f7c&#8220;][vc_column_text]\n        <p style=\"text-align: left;\">Wir verwenden Ihre Daten, um sowohl den Betrieb sicherzustellen als auch mit Ihnen kommunizieren zu k\u00f6nnen. Ihre E-Mail-Adresse und Telefonnummer werden gespeichert, damit wir Sie kontaktieren k\u00f6nnen. Dazu k\u00f6nnen Zahlungserinnerungen, Bestellbest\u00e4tigungen, Informationen zu Betriebsst\u00f6rungen und \u00c4hnliches geh\u00f6ren. Ihr Name und Ihre Adressdaten werden unter anderem zur Registrierung und Verl\u00e4ngerung von Domains verwendet, da der Domain-Registrar diese Informationen ben\u00f6tigt, um Ihre Identit\u00e4t zu best\u00e4tigen.<\/p>[\/vc_column_text][\/vc_tta_section][vc_tta_section title=&#8220;Wer hat Zugriff auf meine Daten?&#8220; tab_id=&#8220;1598514746572-97b6a63d-18bd&#8220;][vc_column_text]\n        <p style=\"text-align: left;\">Die Inhaber und Mitarbeiter von Polar55 haben Zugriff auf die Daten. Dar\u00fcber hinaus setzen wir einige externe Partner ein. Im Auftragsverarbeitungsvertrag k\u00f6nnen Sie jederzeit einsehen, wer diese Unterauftragsverarbeiter sind. Dazu geh\u00f6ren unter anderem Key-Systems GmbH als unser Domain-Registrar und Hetzner als unser Serveranbieter.<\/p>[\/vc_column_text][\/vc_tta_section][vc_tta_section title=&#8220;An wen geben Sie meine Daten weiter?&#8220; tab_id=&#8220;1598515085398-1d17331b-e5f6&#8243;][vc_column_text]\n        <p style=\"text-align: left;\">Wir geben Ihre Daten an niemanden au\u00dfer den genannten Unterauftragsverarbeitern weiter. Damit sind ausschlie\u00dflich Unternehmen gemeint, deren Funktion f\u00fcr unseren Hosting-Betrieb bei Polar55 unbedingt erforderlich ist. Wir bem\u00fchen uns, so wenigen Personen wie m\u00f6glich Zugriff auf Ihre Daten zu gew\u00e4hren.<\/p>[\/vc_column_text][\/vc_tta_section][\/vc_tta_accordion][\/vc_column][\/vc_row]<\/p>\n<\/div>","protected":false},"excerpt":{"rendered":"<p>[vc_row king_class=&#8220;price_compare&#8220; king_class_container=&#8220;table-wrapper&#8220; css=&#8220;.vc_custom_1722414293279{padding-top: 40px !important;padding-bottom: 40px !important;}&#8220;][vc_column][vc_column_text el_class=&#8220;webhotel-text&#8220;][\/vc_column_text][\/vc_column][\/vc_row][vc_row][vc_column css=&#8220;.vc_custom_1580120817154{margin-bottom: 70px !important;}&#8220;][vc_tta_accordion][vc_tta_section title=&#8220;Wof\u00fcr verwenden Sie meine Informationen?&#8220; tab_id=&#8220;1598514746548-5ac5ecaa-4f7c&#8220;][vc_column_text][\/vc_column_text][\/vc_tta_section][vc_tta_section title=&#8220;Wer hat Zugriff auf meine Daten?&#8220; tab_id=&#8220;1598514746572-97b6a63d-18bd&#8220;][vc_column_text][\/vc_column_text][\/vc_tta_section][vc_tta_section title=&#8220;An wen geben Sie meine Daten weiter?&#8220; tab_id=&#8220;1598515085398-1d17331b-e5f6&#8243;][vc_column_text][\/vc_column_text][\/vc_tta_section][\/vc_tta_accordion][\/vc_column][\/vc_row]<\/p>\n","protected":false},"author":3,"featured_media":0,"parent":0,"menu_order":0,"comment_status":"closed","ping_status":"closed","template":"","meta":{"_acf_changed":false,"footnotes":""},"class_list":["post-10249","page","type-page","status-publish","hentry"],"acf":[],"yoast_head":"<!-- This site is optimized with the Yoast SEO plugin v26.8 - https:\/\/yoast.com\/product\/yoast-seo-wordpress\/ -->\n<title>Vereinbarung zur Datenverarbeitung - Polar55<\/title>\n<meta name=\"robots\" content=\"index, follow, max-snippet:-1, max-image-preview:large, max-video-preview:-1\" \/>\n<link rel=\"canonical\" href=\"https:\/\/polar55.com\/de\/vereinbarung-zur-datenverarbeitung\/\" \/>\n<meta property=\"og:locale\" content=\"de_DE\" \/>\n<meta property=\"og:type\" content=\"article\" \/>\n<meta property=\"og:title\" content=\"Vereinbarung zur Datenverarbeitung - Polar55\" \/>\n<meta property=\"og:description\" content=\"[vc_row king_class=&#8220;price_compare&#8220; king_class_container=&#8220;table-wrapper&#8220; css=&#8220;.vc_custom_1722414293279{padding-top: 40px !important;padding-bottom: 40px !important;}&#8220;][vc_column][vc_column_text el_class=&#8220;webhotel-text&#8220;][\/vc_column_text][\/vc_column][\/vc_row][vc_row][vc_column css=&#8220;.vc_custom_1580120817154{margin-bottom: 70px !important;}&#8220;][vc_tta_accordion][vc_tta_section title=&#8220;Wof\u00fcr verwenden Sie meine Informationen?&#8220; tab_id=&#8220;1598514746548-5ac5ecaa-4f7c&#8220;][vc_column_text][\/vc_column_text][\/vc_tta_section][vc_tta_section title=&#8220;Wer hat Zugriff auf meine Daten?&#8220; tab_id=&#8220;1598514746572-97b6a63d-18bd&#8220;][vc_column_text][\/vc_column_text][\/vc_tta_section][vc_tta_section title=&#8220;An wen geben Sie meine Daten weiter?&#8220; tab_id=&#8220;1598515085398-1d17331b-e5f6&#8243;][vc_column_text][\/vc_column_text][\/vc_tta_section][\/vc_tta_accordion][\/vc_column][\/vc_row]\" \/>\n<meta property=\"og:url\" content=\"https:\/\/polar55.com\/de\/vereinbarung-zur-datenverarbeitung\/\" \/>\n<meta property=\"og:site_name\" content=\"Polar55\" \/>\n<meta property=\"article:modified_time\" content=\"2026-04-14T10:41:50+00:00\" \/>\n<meta name=\"twitter:card\" content=\"summary_large_image\" \/>\n<meta name=\"twitter:label1\" content=\"Gesch\u00e4tzte Lesezeit\" \/>\n\t<meta name=\"twitter:data1\" content=\"1\u00a0Minute\" \/>\n<script type=\"application\/ld+json\" class=\"yoast-schema-graph\">{\"@context\":\"https:\/\/schema.org\",\"@graph\":[{\"@type\":\"WebPage\",\"@id\":\"https:\/\/polar55.com\/de\/vereinbarung-zur-datenverarbeitung\/\",\"url\":\"https:\/\/polar55.com\/de\/vereinbarung-zur-datenverarbeitung\/\",\"name\":\"Vereinbarung zur Datenverarbeitung - Polar55\",\"isPartOf\":{\"@id\":\"https:\/\/polar55.com\/de\/#website\"},\"datePublished\":\"2024-07-31T13:13:10+00:00\",\"dateModified\":\"2026-04-14T10:41:50+00:00\",\"breadcrumb\":{\"@id\":\"https:\/\/polar55.com\/de\/vereinbarung-zur-datenverarbeitung\/#breadcrumb\"},\"inLanguage\":\"de\",\"potentialAction\":[{\"@type\":\"ReadAction\",\"target\":[\"https:\/\/polar55.com\/de\/vereinbarung-zur-datenverarbeitung\/\"]}]},{\"@type\":\"BreadcrumbList\",\"@id\":\"https:\/\/polar55.com\/de\/vereinbarung-zur-datenverarbeitung\/#breadcrumb\",\"itemListElement\":[{\"@type\":\"ListItem\",\"position\":1,\"name\":\"Hjem\",\"item\":\"https:\/\/polar55.com\/de\/\"},{\"@type\":\"ListItem\",\"position\":2,\"name\":\"Vereinbarung zur Datenverarbeitung\"}]},{\"@type\":\"WebSite\",\"@id\":\"https:\/\/polar55.com\/de\/#website\",\"url\":\"https:\/\/polar55.com\/de\/\",\"name\":\"Polar55\",\"description\":\"cheap hosting and domains\",\"potentialAction\":[{\"@type\":\"SearchAction\",\"target\":{\"@type\":\"EntryPoint\",\"urlTemplate\":\"https:\/\/polar55.com\/de\/?s={search_term_string}\"},\"query-input\":{\"@type\":\"PropertyValueSpecification\",\"valueRequired\":true,\"valueName\":\"search_term_string\"}}],\"inLanguage\":\"de\"}]}<\/script>\n<!-- \/ Yoast SEO plugin. -->","yoast_head_json":{"title":"Vereinbarung zur Datenverarbeitung - Polar55","robots":{"index":"index","follow":"follow","max-snippet":"max-snippet:-1","max-image-preview":"max-image-preview:large","max-video-preview":"max-video-preview:-1"},"canonical":"https:\/\/polar55.com\/de\/vereinbarung-zur-datenverarbeitung\/","og_locale":"de_DE","og_type":"article","og_title":"Vereinbarung zur Datenverarbeitung - Polar55","og_description":"[vc_row king_class=&#8220;price_compare&#8220; king_class_container=&#8220;table-wrapper&#8220; css=&#8220;.vc_custom_1722414293279{padding-top: 40px !important;padding-bottom: 40px !important;}&#8220;][vc_column][vc_column_text el_class=&#8220;webhotel-text&#8220;][\/vc_column_text][\/vc_column][\/vc_row][vc_row][vc_column css=&#8220;.vc_custom_1580120817154{margin-bottom: 70px !important;}&#8220;][vc_tta_accordion][vc_tta_section title=&#8220;Wof\u00fcr verwenden Sie meine Informationen?&#8220; tab_id=&#8220;1598514746548-5ac5ecaa-4f7c&#8220;][vc_column_text][\/vc_column_text][\/vc_tta_section][vc_tta_section title=&#8220;Wer hat Zugriff auf meine Daten?&#8220; tab_id=&#8220;1598514746572-97b6a63d-18bd&#8220;][vc_column_text][\/vc_column_text][\/vc_tta_section][vc_tta_section title=&#8220;An wen geben Sie meine Daten weiter?&#8220; tab_id=&#8220;1598515085398-1d17331b-e5f6&#8243;][vc_column_text][\/vc_column_text][\/vc_tta_section][\/vc_tta_accordion][\/vc_column][\/vc_row]","og_url":"https:\/\/polar55.com\/de\/vereinbarung-zur-datenverarbeitung\/","og_site_name":"Polar55","article_modified_time":"2026-04-14T10:41:50+00:00","twitter_card":"summary_large_image","twitter_misc":{"Gesch\u00e4tzte Lesezeit":"1\u00a0Minute"},"schema":{"@context":"https:\/\/schema.org","@graph":[{"@type":"WebPage","@id":"https:\/\/polar55.com\/de\/vereinbarung-zur-datenverarbeitung\/","url":"https:\/\/polar55.com\/de\/vereinbarung-zur-datenverarbeitung\/","name":"Vereinbarung zur Datenverarbeitung - Polar55","isPartOf":{"@id":"https:\/\/polar55.com\/de\/#website"},"datePublished":"2024-07-31T13:13:10+00:00","dateModified":"2026-04-14T10:41:50+00:00","breadcrumb":{"@id":"https:\/\/polar55.com\/de\/vereinbarung-zur-datenverarbeitung\/#breadcrumb"},"inLanguage":"de","potentialAction":[{"@type":"ReadAction","target":["https:\/\/polar55.com\/de\/vereinbarung-zur-datenverarbeitung\/"]}]},{"@type":"BreadcrumbList","@id":"https:\/\/polar55.com\/de\/vereinbarung-zur-datenverarbeitung\/#breadcrumb","itemListElement":[{"@type":"ListItem","position":1,"name":"Hjem","item":"https:\/\/polar55.com\/de\/"},{"@type":"ListItem","position":2,"name":"Vereinbarung zur Datenverarbeitung"}]},{"@type":"WebSite","@id":"https:\/\/polar55.com\/de\/#website","url":"https:\/\/polar55.com\/de\/","name":"Polar55","description":"cheap hosting and domains","potentialAction":[{"@type":"SearchAction","target":{"@type":"EntryPoint","urlTemplate":"https:\/\/polar55.com\/de\/?s={search_term_string}"},"query-input":{"@type":"PropertyValueSpecification","valueRequired":true,"valueName":"search_term_string"}}],"inLanguage":"de"}]}},"_links":{"self":[{"href":"https:\/\/polar55.com\/de\/wp-json\/wp\/v2\/pages\/10249","targetHints":{"allow":["GET"]}}],"collection":[{"href":"https:\/\/polar55.com\/de\/wp-json\/wp\/v2\/pages"}],"about":[{"href":"https:\/\/polar55.com\/de\/wp-json\/wp\/v2\/types\/page"}],"author":[{"embeddable":true,"href":"https:\/\/polar55.com\/de\/wp-json\/wp\/v2\/users\/3"}],"replies":[{"embeddable":true,"href":"https:\/\/polar55.com\/de\/wp-json\/wp\/v2\/comments?post=10249"}],"version-history":[{"count":6,"href":"https:\/\/polar55.com\/de\/wp-json\/wp\/v2\/pages\/10249\/revisions"}],"predecessor-version":[{"id":10756,"href":"https:\/\/polar55.com\/de\/wp-json\/wp\/v2\/pages\/10249\/revisions\/10756"}],"wp:attachment":[{"href":"https:\/\/polar55.com\/de\/wp-json\/wp\/v2\/media?parent=10249"}],"curies":[{"name":"wp","href":"https:\/\/api.w.org\/{rel}","templated":true}]}}