{"id":10216,"date":"2019-08-28T09:42:17","date_gmt":"2019-08-28T08:42:17","guid":{"rendered":"https:\/\/polar55.com\/ueber-polar55\/"},"modified":"2026-03-20T12:50:56","modified_gmt":"2026-03-20T12:50:56","slug":"ueber-polar55","status":"publish","type":"page","link":"https:\/\/polar55.com\/de\/ueber-polar55\/","title":{"rendered":"\u00dcber Polar55"},"content":{"rendered":"<div class=\"wpb-content-wrapper\"><p>[vc_row css=&#8220;.vc_custom_1722411745676{padding-top: 40px !important;padding-bottom: 40px !important;}&#8220;][vc_column width=&#8220;2\/3&#8243; css=&#8220;.vc_custom_1566982451471{margin-bottom: 20px !important;}&#8220;][vc_column_text]\n<div class=\"flex flex-grow flex-col gap-3 max-w-full\">\n  <div class=\"min-h-[20px] flex flex-col items-start gap-3 whitespace-pre-wrap break-words overflow-x-auto\">\n    <div class=\"markdown prose w-full break-words dark:prose-invert dark\">\n      <h2>Polar55<\/h2>\n      <p>Polar55 ist ein Hosting-Unternehmen. Wir konzentrieren uns auf einfache Hosting-L\u00f6sungen, die jeder verstehen kann, auch wenn Sie zuvor noch nie mit Websites und Webhosting gearbeitet haben.<\/p>\n      <p>Der Support bei Polar55 ist pers\u00f6nlich und unkompliziert. Wir ver\u00f6ffentlichen regelm\u00e4\u00dfig Video-Guides zu den am h\u00e4ufigsten genutzten und nachgefragten Funktionen unserer Webhosting-Plattform, damit unsere Kunden diese ansehen k\u00f6nnen, wenn sie Unterst\u00fctzung ben\u00f6tigen.<\/p>\n      <p>Polar55 wird von den Gr\u00fcndern Michael Storm und Thomas Iversen gemeinsam mit einem kleinen Team aus Support-Mitarbeitern und einem Serveradministrator gef\u00fchrt.<\/p>\n      <p>Michael hat einen Abschluss in Multimedia-Design, wodurch er \u00fcber Fachwissen in der Frontend- und Backend-Entwicklung sowie im Grafikdesign verf\u00fcgt. Seit 2011 liegt sein Fokus auf WordPress-Websites, WooCommerce-Online-Shops und grafischen L\u00f6sungen, die mit Photoshop und InDesign erstellt werden.<\/p>\n      <p>Michael legt gro\u00dfen Wert auf Kundenzufriedenheit, da sie wesentlich zur Zukunft des Unternehmens beitr\u00e4gt. Er ist \u00fcberzeugt, dass zufriedene Kunden eher Freunde und Bekannte weiterempfehlen, die ebenfalls einen zuverl\u00e4ssigen Partner suchen. Daher hat die Bereitstellung professioneller L\u00f6sungen, die den Kundenerwartungen entsprechen, h\u00f6chste Priorit\u00e4t.<\/p>\n      <p>Thomas ist ausgebildeter Bauingenieur und arbeitet seit 2010 mit Online-Medien. Er steht hinter mehreren Websites, darunter einer gro\u00dfen Plattform f\u00fcr Online-IT-Kurse.<\/p>\n      <p>Thomas ist WordPress-Spezialist und hat sogar ein E-Book \u00fcber dieses CMS geschrieben.<\/p>\n    <\/div>\n  <\/div>\n<\/div>[\/vc_column_text][vc_separator css=&#8220;.vc_custom_1569317247994{margin-top: 30px !important;margin-bottom: 30px !important;}&#8220;][vc_column_text]<div class=\"vc_row wpb_row vc_inner vc_row-fluid greyscale staff-imgs\"><div class=\"wpb_column vc_column_container vc_col-sm-6\"><div class=\"vc_column-inner\"><div class=\"wpb_wrapper\">\n            <style>\n          .p55-margins {\n            margin-top: 25px;\n            margin-left: 40px;\n            margin-right: 40px;\n          }\n        \n          @media (max-width: 920px) {\n            .p55-margins {\n              margin-left: 0;\n              margin-right: 0;\n            }\n          }\n        <\/style>\n      <div class=\"wpb_single_image wpb_content_element vc_align_center p55-margins\">\n        <h2 class=\"wpb_heading wpb_singleimage_heading\" style=\"margin-bottom:10px;\">Michael<\/h2>\n        <figure class=\"wpb_wrapper vc_figure\">\n          <div class=\"vc_single_image-wrapper vc_box_border_grey\">\n            <img fetchpriority=\"high\" decoding=\"async\" src=\"https:\/\/polar55.com\/wp-content\/uploads\/2023\/06\/michael.png\" alt=\"\" title=\"michael\">\n          <\/div>\n        <\/figure>\n      <\/div>\n      <div class=\"wpb_text_column wpb_content_element \">\n        <div class=\"wpb_wrapper\">\n          <p style=\"text-align: center;margin-top:5px;\"><em>Partner, Technischer Leiter und Supportleiter<\/em><\/p>\n        <\/div>\n      <\/div>\n    <\/div><\/div><\/div><div class=\"wpb_column vc_column_container vc_col-sm-6\"><div class=\"vc_column-inner\"><div class=\"wpb_wrapper\">\n            <style>\n          .p55-margins {\n            margin-top: 25px;\n            margin-left: 40px;\n            margin-right: 40px;\n          }\n        \n          @media (max-width: 920px) {\n            .p55-margins {\n              margin-left: 0;\n              margin-right: 0;\n            }\n          }\n        <\/style>\n      <div class=\"wpb_single_image wpb_content_element vc_align_center p55-margins\">\n        <h2 class=\"wpb_heading wpb_singleimage_heading\" style=\"margin-bottom:10px;\">Thomas<\/h2>\n        <figure class=\"wpb_wrapper vc_figure\">\n          <div class=\"vc_single_image-wrapper vc_box_border_grey\">\n            <img decoding=\"async\" src=\"https:\/\/polar55.com\/wp-content\/uploads\/2023\/06\/thomas.png\" alt=\"\" title=\"thomas\">\n          <\/div>\n        <\/figure>\n      <\/div>\n      <div class=\"wpb_text_column wpb_content_element \">\n        <div class=\"wpb_wrapper\">\n          <p style=\"text-align: center;margin-top:5px;\"><em>Partner, Vertriebsleiter<\/em><\/p>\n        <\/div>\n      <\/div>\n    <\/div><\/div><\/div><\/div><div class=\"vc_row wpb_row vc_inner vc_row-fluid greyscale staff-imgs\"><div class=\"wpb_column vc_column_container vc_col-sm-6\"><div class=\"vc_column-inner\"><div class=\"wpb_wrapper\">\n            <style>\n          .p55-margins {\n            margin-top: 25px;\n            margin-left: 40px;\n            margin-right: 40px;\n          }\n        \n          @media (max-width: 920px) {\n            .p55-margins {\n              margin-left: 0;\n              margin-right: 0;\n            }\n          }\n        <\/style>\n      <div class=\"wpb_single_image wpb_content_element vc_align_center p55-margins\">\n        <h2 class=\"wpb_heading wpb_singleimage_heading\" style=\"margin-bottom:10px;\">Michael<\/h2>\n        <figure class=\"wpb_wrapper vc_figure\">\n          <div class=\"vc_single_image-wrapper vc_box_border_grey\">\n            <img decoding=\"async\" src=\"https:\/\/polar55.com\/wp-content\/uploads\/2024\/07\/profile-pic-3-300x300-1.png\" alt=\"\" title=\"profile-pic-3-300x300\">\n          <\/div>\n        <\/figure>\n      <\/div>\n      <div class=\"wpb_text_column wpb_content_element \">\n        <div class=\"wpb_wrapper\">\n          <p style=\"text-align: center;margin-top:5px;\"><em>Serveradministrator<\/em><\/p>\n        <\/div>\n      <\/div>\n    <\/div><\/div><\/div><div class=\"wpb_column vc_column_container vc_col-sm-6\"><div class=\"vc_column-inner\"><div class=\"wpb_wrapper\">\n            <style>\n          .p55-margins {\n            margin-top: 25px;\n            margin-left: 40px;\n            margin-right: 40px;\n          }\n        \n          @media (max-width: 920px) {\n            .p55-margins {\n              margin-left: 0;\n              margin-right: 0;\n            }\n          }\n        <\/style>\n      <div class=\"wpb_single_image wpb_content_element vc_align_center p55-margins\">\n        <h2 class=\"wpb_heading wpb_singleimage_heading\" style=\"margin-bottom:10px;\">Kevin<\/h2>\n        <figure class=\"wpb_wrapper vc_figure\">\n          <div class=\"vc_single_image-wrapper vc_box_border_grey\">\n            <img loading=\"lazy\" decoding=\"async\" src=\"https:\/\/polar55.com\/wp-content\/uploads\/2024\/07\/profile-pic-1-300x300-1.png\" alt=\"\" title=\"profile-pic-1-300x300\">\n          <\/div>\n        <\/figure>\n      <\/div>\n      <div class=\"wpb_text_column wpb_content_element \">\n        <div class=\"wpb_wrapper\">\n          <p style=\"text-align: center;margin-top:5px;\"><em>Support-Mitarbeiter<\/em><\/p>\n        <\/div>\n      <\/div>\n    <\/div><\/div><\/div><\/div><div class=\"vc_row wpb_row vc_inner vc_row-fluid greyscale staff-imgs\"><div class=\"wpb_column vc_column_container vc_col-sm-6\"><div class=\"vc_column-inner\"><div class=\"wpb_wrapper\">\n            <style>\n          .p55-margins {\n            margin-top: 25px;\n            margin-left: 40px;\n            margin-right: 40px;\n          }\n        \n          @media (max-width: 920px) {\n            .p55-margins {\n              margin-left: 0;\n              margin-right: 0;\n            }\n          }\n        <\/style>\n      <div class=\"wpb_single_image wpb_content_element vc_align_center p55-margins\">\n        <h2 class=\"wpb_heading wpb_singleimage_heading\" style=\"margin-bottom:10px;\">Dariusz<\/h2>\n        <figure class=\"wpb_wrapper vc_figure\">\n          <div class=\"vc_single_image-wrapper vc_box_border_grey\">\n            <img loading=\"lazy\" decoding=\"async\" src=\"https:\/\/polar55.com\/wp-content\/uploads\/2024\/12\/dariouz.png\" alt=\"\" title=\"dariouz\">\n          <\/div>\n        <\/figure>\n      <\/div>\n      <div class=\"wpb_text_column wpb_content_element \">\n        <div class=\"wpb_wrapper\">\n          <p style=\"text-align: center;margin-top:5px;\"><em>Support-Mitarbeiter<\/em><\/p>\n        <\/div>\n      <\/div>\n    <\/div><\/div><\/div><div class=\"wpb_column vc_column_container vc_col-sm-6\"><div class=\"vc_column-inner\"><div class=\"wpb_wrapper\">\n            <style>\n          .p55-margins {\n            margin-top: 25px;\n            margin-left: 40px;\n            margin-right: 40px;\n          }\n        \n          @media (max-width: 920px) {\n            .p55-margins {\n              margin-left: 0;\n              margin-right: 0;\n            }\n          }\n        <\/style>\n      <div class=\"wpb_single_image wpb_content_element vc_align_center p55-margins\">\n        <h2 class=\"wpb_heading wpb_singleimage_heading\" style=\"margin-bottom:10px;\">Ivan<\/h2>\n        <figure class=\"wpb_wrapper vc_figure\">\n          <div class=\"vc_single_image-wrapper vc_box_border_grey\">\n            <img loading=\"lazy\" decoding=\"async\" src=\"https:\/\/polar55.com\/wp-content\/uploads\/2025\/10\/ivan-round.png\" alt=\"\" title=\"ivan-round\">\n          <\/div>\n        <\/figure>\n      <\/div>\n      <div class=\"wpb_text_column wpb_content_element \">\n        <div class=\"wpb_wrapper\">\n          <p style=\"text-align: center;margin-top:5px;\"><em>Support-Mitarbeiter<\/em><\/p>\n        <\/div>\n      <\/div>\n    <\/div><\/div><\/div><\/div>[\/vc_column_text][\/vc_column][vc_column width=&#8220;1\/3&#8243; css=&#8220;.vc_custom_1566982972264{padding-left: 120px !important;}&#8220;][vc_column_text]\n<p style=\"text-align: left;\">\n    <strong>Kontakt<\/strong><br>\n    Polar55<br>\n    Godth\u00e5bsvej 27<br>\n    8660 Skanderborg<br>\n    D\u00e4nemark<br>\n    kontakt@polar55.de\n<\/p>\n<p style=\"text-align: left;\">Teil von nordicway ApS<br>USt-IdNr.: DK40745769<\/p>[\/vc_column_text][\/vc_column][\/vc_row]<\/p>\n<\/div>","protected":false},"excerpt":{"rendered":"<p>[vc_row css=&#8220;.vc_custom_1722411745676{padding-top: 40px !important;padding-bottom: 40px !important;}&#8220;][vc_column width=&#8220;2\/3&#8243; css=&#8220;.vc_custom_1566982451471{margin-bottom: 20px !important;}&#8220;][vc_column_text][\/vc_column_text][vc_separator css=&#8220;.vc_custom_1569317247994{margin-top: 30px !important;margin-bottom: 30px !important;}&#8220;][vc_column_text][\/vc_column_text][\/vc_column][vc_column width=&#8220;1\/3&#8243; css=&#8220;.vc_custom_1566982972264{padding-left: 120px !important;}&#8220;][vc_column_text][\/vc_column_text][\/vc_column][\/vc_row]<\/p>\n","protected":false},"author":1,"featured_media":10226,"parent":0,"menu_order":0,"comment_status":"closed","ping_status":"closed","template":"","meta":{"_acf_changed":false,"footnotes":""},"class_list":["post-10216","page","type-page","status-publish","has-post-thumbnail","hentry"],"acf":[],"yoast_head":"<!-- This site is optimized with the Yoast SEO plugin v26.8 - https:\/\/yoast.com\/product\/yoast-seo-wordpress\/ -->\n<title>\u00dcber Polar55 | Der vielleicht beste Hosting-Anbieter<\/title>\n<meta name=\"description\" content=\"Hier k\u00f6nnen Sie mehr \u00fcber Polar55 lesen. Erfahren Sie, wer hinter Polar55 steht und wof\u00fcr wir stehen, bevor Sie Ihren Webhosting-Anbieter w\u00e4hlen.\" \/>\n<meta name=\"robots\" content=\"index, follow, max-snippet:-1, max-image-preview:large, max-video-preview:-1\" \/>\n<link rel=\"canonical\" href=\"https:\/\/polar55.com\/de\/ueber-polar55\/\" \/>\n<meta property=\"og:locale\" content=\"de_DE\" \/>\n<meta property=\"og:type\" content=\"article\" \/>\n<meta property=\"og:title\" content=\"\u00dcber Polar55 | Der vielleicht beste Hosting-Anbieter\" \/>\n<meta property=\"og:description\" content=\"Hier k\u00f6nnen Sie mehr \u00fcber Polar55 lesen. Erfahren Sie, wer hinter Polar55 steht und wof\u00fcr wir stehen, bevor Sie Ihren Webhosting-Anbieter w\u00e4hlen.\" \/>\n<meta property=\"og:url\" content=\"https:\/\/polar55.com\/de\/ueber-polar55\/\" \/>\n<meta property=\"og:site_name\" content=\"Polar55\" \/>\n<meta property=\"article:modified_time\" content=\"2026-03-20T12:50:56+00:00\" \/>\n<meta property=\"og:image\" content=\"https:\/\/polar55.com\/wp-content\/uploads\/2024\/11\/logo-square.png\" \/>\n\t<meta property=\"og:image:width\" content=\"400\" \/>\n\t<meta property=\"og:image:height\" content=\"400\" \/>\n\t<meta property=\"og:image:type\" content=\"image\/png\" \/>\n<meta name=\"twitter:card\" content=\"summary_large_image\" \/>\n<meta name=\"twitter:label1\" content=\"Gesch\u00e4tzte Lesezeit\" \/>\n\t<meta name=\"twitter:data1\" content=\"1\u00a0Minute\" \/>\n<script type=\"application\/ld+json\" class=\"yoast-schema-graph\">{\"@context\":\"https:\/\/schema.org\",\"@graph\":[{\"@type\":\"WebPage\",\"@id\":\"https:\/\/polar55.com\/de\/ueber-polar55\/\",\"url\":\"https:\/\/polar55.com\/de\/ueber-polar55\/\",\"name\":\"\u00dcber Polar55 | Der vielleicht beste Hosting-Anbieter\",\"isPartOf\":{\"@id\":\"https:\/\/polar55.com\/de\/#website\"},\"primaryImageOfPage\":{\"@id\":\"https:\/\/polar55.com\/de\/ueber-polar55\/#primaryimage\"},\"image\":{\"@id\":\"https:\/\/polar55.com\/de\/ueber-polar55\/#primaryimage\"},\"thumbnailUrl\":\"https:\/\/polar55.com\/wp-content\/uploads\/2024\/11\/logo-square.png\",\"datePublished\":\"2019-08-28T08:42:17+00:00\",\"dateModified\":\"2026-03-20T12:50:56+00:00\",\"description\":\"Hier k\u00f6nnen Sie mehr \u00fcber Polar55 lesen. Erfahren Sie, wer hinter Polar55 steht und wof\u00fcr wir stehen, bevor Sie Ihren Webhosting-Anbieter w\u00e4hlen.\",\"breadcrumb\":{\"@id\":\"https:\/\/polar55.com\/de\/ueber-polar55\/#breadcrumb\"},\"inLanguage\":\"de\",\"potentialAction\":[{\"@type\":\"ReadAction\",\"target\":[\"https:\/\/polar55.com\/de\/ueber-polar55\/\"]}]},{\"@type\":\"ImageObject\",\"inLanguage\":\"de\",\"@id\":\"https:\/\/polar55.com\/de\/ueber-polar55\/#primaryimage\",\"url\":\"https:\/\/polar55.com\/wp-content\/uploads\/2024\/11\/logo-square.png\",\"contentUrl\":\"https:\/\/polar55.com\/wp-content\/uploads\/2024\/11\/logo-square.png\",\"width\":400,\"height\":400},{\"@type\":\"BreadcrumbList\",\"@id\":\"https:\/\/polar55.com\/de\/ueber-polar55\/#breadcrumb\",\"itemListElement\":[{\"@type\":\"ListItem\",\"position\":1,\"name\":\"Hjem\",\"item\":\"https:\/\/polar55.com\/de\/\"},{\"@type\":\"ListItem\",\"position\":2,\"name\":\"\u00dcber Polar55\"}]},{\"@type\":\"WebSite\",\"@id\":\"https:\/\/polar55.com\/de\/#website\",\"url\":\"https:\/\/polar55.com\/de\/\",\"name\":\"Polar55\",\"description\":\"cheap hosting and domains\",\"potentialAction\":[{\"@type\":\"SearchAction\",\"target\":{\"@type\":\"EntryPoint\",\"urlTemplate\":\"https:\/\/polar55.com\/de\/?s={search_term_string}\"},\"query-input\":{\"@type\":\"PropertyValueSpecification\",\"valueRequired\":true,\"valueName\":\"search_term_string\"}}],\"inLanguage\":\"de\"}]}<\/script>\n<!-- \/ Yoast SEO plugin. -->","yoast_head_json":{"title":"\u00dcber Polar55 | Der vielleicht beste Hosting-Anbieter","description":"Hier k\u00f6nnen Sie mehr \u00fcber Polar55 lesen. Erfahren Sie, wer hinter Polar55 steht und wof\u00fcr wir stehen, bevor Sie Ihren Webhosting-Anbieter w\u00e4hlen.","robots":{"index":"index","follow":"follow","max-snippet":"max-snippet:-1","max-image-preview":"max-image-preview:large","max-video-preview":"max-video-preview:-1"},"canonical":"https:\/\/polar55.com\/de\/ueber-polar55\/","og_locale":"de_DE","og_type":"article","og_title":"\u00dcber Polar55 | Der vielleicht beste Hosting-Anbieter","og_description":"Hier k\u00f6nnen Sie mehr \u00fcber Polar55 lesen. Erfahren Sie, wer hinter Polar55 steht und wof\u00fcr wir stehen, bevor Sie Ihren Webhosting-Anbieter w\u00e4hlen.","og_url":"https:\/\/polar55.com\/de\/ueber-polar55\/","og_site_name":"Polar55","article_modified_time":"2026-03-20T12:50:56+00:00","og_image":[{"width":400,"height":400,"url":"https:\/\/polar55.com\/wp-content\/uploads\/2024\/11\/logo-square.png","type":"image\/png"}],"twitter_card":"summary_large_image","twitter_misc":{"Gesch\u00e4tzte Lesezeit":"1\u00a0Minute"},"schema":{"@context":"https:\/\/schema.org","@graph":[{"@type":"WebPage","@id":"https:\/\/polar55.com\/de\/ueber-polar55\/","url":"https:\/\/polar55.com\/de\/ueber-polar55\/","name":"\u00dcber Polar55 | Der vielleicht beste Hosting-Anbieter","isPartOf":{"@id":"https:\/\/polar55.com\/de\/#website"},"primaryImageOfPage":{"@id":"https:\/\/polar55.com\/de\/ueber-polar55\/#primaryimage"},"image":{"@id":"https:\/\/polar55.com\/de\/ueber-polar55\/#primaryimage"},"thumbnailUrl":"https:\/\/polar55.com\/wp-content\/uploads\/2024\/11\/logo-square.png","datePublished":"2019-08-28T08:42:17+00:00","dateModified":"2026-03-20T12:50:56+00:00","description":"Hier k\u00f6nnen Sie mehr \u00fcber Polar55 lesen. Erfahren Sie, wer hinter Polar55 steht und wof\u00fcr wir stehen, bevor Sie Ihren Webhosting-Anbieter w\u00e4hlen.","breadcrumb":{"@id":"https:\/\/polar55.com\/de\/ueber-polar55\/#breadcrumb"},"inLanguage":"de","potentialAction":[{"@type":"ReadAction","target":["https:\/\/polar55.com\/de\/ueber-polar55\/"]}]},{"@type":"ImageObject","inLanguage":"de","@id":"https:\/\/polar55.com\/de\/ueber-polar55\/#primaryimage","url":"https:\/\/polar55.com\/wp-content\/uploads\/2024\/11\/logo-square.png","contentUrl":"https:\/\/polar55.com\/wp-content\/uploads\/2024\/11\/logo-square.png","width":400,"height":400},{"@type":"BreadcrumbList","@id":"https:\/\/polar55.com\/de\/ueber-polar55\/#breadcrumb","itemListElement":[{"@type":"ListItem","position":1,"name":"Hjem","item":"https:\/\/polar55.com\/de\/"},{"@type":"ListItem","position":2,"name":"\u00dcber Polar55"}]},{"@type":"WebSite","@id":"https:\/\/polar55.com\/de\/#website","url":"https:\/\/polar55.com\/de\/","name":"Polar55","description":"cheap hosting and domains","potentialAction":[{"@type":"SearchAction","target":{"@type":"EntryPoint","urlTemplate":"https:\/\/polar55.com\/de\/?s={search_term_string}"},"query-input":{"@type":"PropertyValueSpecification","valueRequired":true,"valueName":"search_term_string"}}],"inLanguage":"de"}]}},"_links":{"self":[{"href":"https:\/\/polar55.com\/de\/wp-json\/wp\/v2\/pages\/10216","targetHints":{"allow":["GET"]}}],"collection":[{"href":"https:\/\/polar55.com\/de\/wp-json\/wp\/v2\/pages"}],"about":[{"href":"https:\/\/polar55.com\/de\/wp-json\/wp\/v2\/types\/page"}],"author":[{"embeddable":true,"href":"https:\/\/polar55.com\/de\/wp-json\/wp\/v2\/users\/1"}],"replies":[{"embeddable":true,"href":"https:\/\/polar55.com\/de\/wp-json\/wp\/v2\/comments?post=10216"}],"version-history":[{"count":4,"href":"https:\/\/polar55.com\/de\/wp-json\/wp\/v2\/pages\/10216\/revisions"}],"predecessor-version":[{"id":10421,"href":"https:\/\/polar55.com\/de\/wp-json\/wp\/v2\/pages\/10216\/revisions\/10421"}],"wp:featuredmedia":[{"embeddable":true,"href":"https:\/\/polar55.com\/de\/wp-json\/wp\/v2\/media\/10226"}],"wp:attachment":[{"href":"https:\/\/polar55.com\/de\/wp-json\/wp\/v2\/media?parent=10216"}],"curies":[{"name":"wp","href":"https:\/\/api.w.org\/{rel}","templated":true}]}}