{"id":9945,"date":"2020-01-06T14:03:26","date_gmt":"2020-01-06T14:03:26","guid":{"rendered":"https:\/\/polar55.com\/upgrade\/"},"modified":"2026-04-08T08:54:49","modified_gmt":"2026-04-08T07:54:49","slug":"upgrade","status":"publish","type":"page","link":"https:\/\/polar55.com\/cs\/upgrade\/","title":{"rendered":"Upgrade"},"content":{"rendered":"<div class=\"wpb-content-wrapper\"><p>[vc_row css=&#8220;.vc_custom_1722415314867{padding-top: 40px !important;padding-bottom: 40px !important;}&#8220;][vc_column width=&#8220;2\/3&#8243; css=&#8220;.vc_custom_1566982451471{margin-bottom: 20px !important;}&#8220;][vc_column_text]\nStandardn\u011b z\u00edsk\u00e1te s na\u0161\u00edm webhostingov\u00fdm bal\u00ed\u010dkem Plus+ 10 GB \u00falo\u017ei\u0161t\u011b, 2 GB RAM a 200 % CPU \/ 2 j\u00e1dra.<br><br>\nPro v\u011bt\u0161inu u\u017eivatel\u016f je to v\u00edce ne\u017e dosta\u010duj\u00edc\u00ed, ale pokud budete pot\u0159ebovat v\u00edce \u00falo\u017en\u00e9ho prostoru nebo vy\u0161\u0161\u00ed v\u00fdkon, m\u00e1te k dispozici dal\u0161\u00ed mo\u017enosti.<br><br>\nKdy\u017e tedy nastane pot\u0159eba, m\u016f\u017eete p\u0159ej\u00edt na n\u00e1sleduj\u00edc\u00ed bal\u00ed\u010dky, kter\u00e9 nab\u00edzej\u00ed v\u00edce \u00falo\u017ei\u0161t\u011b i vy\u0161\u0161\u00ed v\u00fdkon serveru.<br><br>\n<\/p>\n<p>\n<strong>Plus+ Pro<\/strong>\n<p>S t\u00edmto upgradem z\u00edsk\u00e1te:<\/p>\n<ul>\n<li><b>\u00dalo\u017ei\u0161t\u011b:<\/b> 20 GB<\/li>\n<li><b>CPU:<\/b> 400 % \/ 4 j\u00e1dra<\/li>\n<li><b>RAM:<\/b> 3 GB<\/li>\n<li><b>Max. procesy:<\/b> 200<\/li>\n<\/ul>\n<p>V\u0161e ostatn\u00ed z\u016fst\u00e1v\u00e1 beze zm\u011bny.<\/p>\nCena: 170,00 K\u010d \/m\u011bs\u00edc.<\/p>\n<p>\n<strong>Plus+ Enterprise<\/strong>\n<p>S t\u00edmto upgradem z\u00edsk\u00e1te:<\/p>\n<ul>\n<li><b>\u00dalo\u017ei\u0161t\u011b:<\/b> 40 GB<\/li>\n<li><b>CPU:<\/b> 500 % \/ 5 jader<\/li>\n<li><b>RAM:<\/b> 5 GB<\/li>\n<li><b>Max. procesy:<\/b> 200<\/li>\n<\/ul>\n<p>V\u0161e ostatn\u00ed z\u016fst\u00e1v\u00e1 beze zm\u011bny.<\/p>\nCena:\n 340,00 K\u010d \/m\u011bs\u00edc.<\/p>\n<p>\n<strong>Plus+ VIP<\/strong>\n<p>S t\u00edmto upgradem z\u00edsk\u00e1te:<\/p>\n<ul>\n<li><b>\u00dalo\u017ei\u0161t\u011b:<\/b> 100 GB<\/li>\n<li><b>CPU:<\/b> 500 % \/ 5 jader<\/li>\n<li><b>RAM:<\/b> 5 GB<\/li>\n<li><b>Max. procesy:<\/b> 200<\/li>\n<\/ul>\n<p>V\u0161e ostatn\u00ed z\u016fst\u00e1v\u00e1 beze zm\u011bny.<\/p>\nCena: 850,00 K\u010d \/m\u011bs\u00edc.[\/vc_column_text][\/vc_column][vc_column width=&#8220;1\/3&#8243; css=&#8220;.vc_custom_1566982972264{padding-left: 120px !important;}&#8220;][vc_column_text]\n<p style=\"text-align: left;\"><strong>M\u00e1te ot\u00e1zky k mo\u017enostem upgradu?<\/strong><br>\nKontaktujte n\u00e1s na <a href=\"mailto:support@polar55.com\" target=\"_new\" rel=\"noopener\">support@polar55.com<\/a><br>\nNebo n\u00e1m napi\u0161te <a href=\"\/client\/submitticket.php?language=czech\" target=\"_new\" rel=\"noopener\">zde<\/a>.<\/p>\n[\/vc_column_text][\/vc_column][\/vc_row]<\/p>\n<\/div>","protected":false},"excerpt":{"rendered":"<p>[vc_row css=&#8220;.vc_custom_1722415314867{padding-top: 40px !important;padding-bottom: 40px !important;}&#8220;][vc_column width=&#8220;2\/3&#8243; css=&#8220;.vc_custom_1566982451471{margin-bottom: 20px !important;}&#8220;][vc_column_text] \/m\u011bs\u00edc. \/m\u011bs\u00edc. \/m\u011bs\u00edc.[\/vc_column_text][\/vc_column][vc_column width=&#8220;1\/3&#8243; css=&#8220;.vc_custom_1566982972264{padding-left: 120px !important;}&#8220;][vc_column_text][\/vc_column_text][\/vc_column][\/vc_row]<\/p>\n","protected":false},"author":2,"featured_media":0,"parent":0,"menu_order":0,"comment_status":"closed","ping_status":"closed","template":"","meta":{"_acf_changed":false,"footnotes":""},"class_list":["post-9945","page","type-page","status-publish","hentry"],"acf":[],"yoast_head":"<!-- This site is optimized with the Yoast SEO plugin v26.8 - https:\/\/yoast.com\/product\/yoast-seo-wordpress\/ -->\n<title>Upgrade<\/title>\n<meta name=\"description\" content=\"Zjist\u011bte v\u00edce o mo\u017enostech upgradu webhostingu od Polar55. Kdykoli budete pot\u0159ebovat v\u00edce v\u00fdkonu nebo prostoru, m\u016f\u017eete sv\u016fj hostingov\u00fd \u00fa\u010det snadno roz\u0161\u00ed\u0159it.\" \/>\n<meta name=\"robots\" content=\"index, follow, max-snippet:-1, max-image-preview:large, max-video-preview:-1\" \/>\n<link rel=\"canonical\" href=\"https:\/\/polar55.com\/cs\/upgrade\/\" \/>\n<meta property=\"og:locale\" content=\"cs_CZ\" \/>\n<meta property=\"og:type\" content=\"article\" \/>\n<meta property=\"og:title\" content=\"Upgrade\" \/>\n<meta property=\"og:description\" content=\"Zjist\u011bte v\u00edce o mo\u017enostech upgradu webhostingu od Polar55. Kdykoli budete pot\u0159ebovat v\u00edce v\u00fdkonu nebo prostoru, m\u016f\u017eete sv\u016fj hostingov\u00fd \u00fa\u010det snadno roz\u0161\u00ed\u0159it.\" \/>\n<meta property=\"og:url\" content=\"https:\/\/polar55.com\/cs\/upgrade\/\" \/>\n<meta property=\"og:site_name\" content=\"Polar55\" \/>\n<meta property=\"article:modified_time\" content=\"2026-04-08T07:54:49+00:00\" \/>\n<meta name=\"twitter:card\" content=\"summary_large_image\" \/>\n<meta name=\"twitter:label1\" content=\"Odhadovan\u00e1 doba \u010dten\u00ed\" \/>\n\t<meta name=\"twitter:data1\" content=\"1 minuta\" \/>\n<script type=\"application\/ld+json\" class=\"yoast-schema-graph\">{\"@context\":\"https:\/\/schema.org\",\"@graph\":[{\"@type\":\"WebPage\",\"@id\":\"https:\/\/polar55.com\/cs\/upgrade\/\",\"url\":\"https:\/\/polar55.com\/cs\/upgrade\/\",\"name\":\"Upgrade\",\"isPartOf\":{\"@id\":\"https:\/\/polar55.com\/cs\/#website\"},\"datePublished\":\"2020-01-06T14:03:26+00:00\",\"dateModified\":\"2026-04-08T07:54:49+00:00\",\"description\":\"Zjist\u011bte v\u00edce o mo\u017enostech upgradu webhostingu od Polar55. Kdykoli budete pot\u0159ebovat v\u00edce v\u00fdkonu nebo prostoru, m\u016f\u017eete sv\u016fj hostingov\u00fd \u00fa\u010det snadno roz\u0161\u00ed\u0159it.\",\"breadcrumb\":{\"@id\":\"https:\/\/polar55.com\/cs\/upgrade\/#breadcrumb\"},\"inLanguage\":\"cs\",\"potentialAction\":[{\"@type\":\"ReadAction\",\"target\":[\"https:\/\/polar55.com\/cs\/upgrade\/\"]}]},{\"@type\":\"BreadcrumbList\",\"@id\":\"https:\/\/polar55.com\/cs\/upgrade\/#breadcrumb\",\"itemListElement\":[{\"@type\":\"ListItem\",\"position\":1,\"name\":\"Hjem\",\"item\":\"https:\/\/polar55.com\/cs\/\"},{\"@type\":\"ListItem\",\"position\":2,\"name\":\"Upgrade\"}]},{\"@type\":\"WebSite\",\"@id\":\"https:\/\/polar55.com\/cs\/#website\",\"url\":\"https:\/\/polar55.com\/cs\/\",\"name\":\"Polar55\",\"description\":\"cheap hosting and domains\",\"potentialAction\":[{\"@type\":\"SearchAction\",\"target\":{\"@type\":\"EntryPoint\",\"urlTemplate\":\"https:\/\/polar55.com\/cs\/?s={search_term_string}\"},\"query-input\":{\"@type\":\"PropertyValueSpecification\",\"valueRequired\":true,\"valueName\":\"search_term_string\"}}],\"inLanguage\":\"cs\"}]}<\/script>\n<!-- \/ Yoast SEO plugin. -->","yoast_head_json":{"title":"Upgrade","description":"Zjist\u011bte v\u00edce o mo\u017enostech upgradu webhostingu od Polar55. Kdykoli budete pot\u0159ebovat v\u00edce v\u00fdkonu nebo prostoru, m\u016f\u017eete sv\u016fj hostingov\u00fd \u00fa\u010det snadno roz\u0161\u00ed\u0159it.","robots":{"index":"index","follow":"follow","max-snippet":"max-snippet:-1","max-image-preview":"max-image-preview:large","max-video-preview":"max-video-preview:-1"},"canonical":"https:\/\/polar55.com\/cs\/upgrade\/","og_locale":"cs_CZ","og_type":"article","og_title":"Upgrade","og_description":"Zjist\u011bte v\u00edce o mo\u017enostech upgradu webhostingu od Polar55. Kdykoli budete pot\u0159ebovat v\u00edce v\u00fdkonu nebo prostoru, m\u016f\u017eete sv\u016fj hostingov\u00fd \u00fa\u010det snadno roz\u0161\u00ed\u0159it.","og_url":"https:\/\/polar55.com\/cs\/upgrade\/","og_site_name":"Polar55","article_modified_time":"2026-04-08T07:54:49+00:00","twitter_card":"summary_large_image","twitter_misc":{"Odhadovan\u00e1 doba \u010dten\u00ed":"1 minuta"},"schema":{"@context":"https:\/\/schema.org","@graph":[{"@type":"WebPage","@id":"https:\/\/polar55.com\/cs\/upgrade\/","url":"https:\/\/polar55.com\/cs\/upgrade\/","name":"Upgrade","isPartOf":{"@id":"https:\/\/polar55.com\/cs\/#website"},"datePublished":"2020-01-06T14:03:26+00:00","dateModified":"2026-04-08T07:54:49+00:00","description":"Zjist\u011bte v\u00edce o mo\u017enostech upgradu webhostingu od Polar55. Kdykoli budete pot\u0159ebovat v\u00edce v\u00fdkonu nebo prostoru, m\u016f\u017eete sv\u016fj hostingov\u00fd \u00fa\u010det snadno roz\u0161\u00ed\u0159it.","breadcrumb":{"@id":"https:\/\/polar55.com\/cs\/upgrade\/#breadcrumb"},"inLanguage":"cs","potentialAction":[{"@type":"ReadAction","target":["https:\/\/polar55.com\/cs\/upgrade\/"]}]},{"@type":"BreadcrumbList","@id":"https:\/\/polar55.com\/cs\/upgrade\/#breadcrumb","itemListElement":[{"@type":"ListItem","position":1,"name":"Hjem","item":"https:\/\/polar55.com\/cs\/"},{"@type":"ListItem","position":2,"name":"Upgrade"}]},{"@type":"WebSite","@id":"https:\/\/polar55.com\/cs\/#website","url":"https:\/\/polar55.com\/cs\/","name":"Polar55","description":"cheap hosting and domains","potentialAction":[{"@type":"SearchAction","target":{"@type":"EntryPoint","urlTemplate":"https:\/\/polar55.com\/cs\/?s={search_term_string}"},"query-input":{"@type":"PropertyValueSpecification","valueRequired":true,"valueName":"search_term_string"}}],"inLanguage":"cs"}]}},"_links":{"self":[{"href":"https:\/\/polar55.com\/cs\/wp-json\/wp\/v2\/pages\/9945","targetHints":{"allow":["GET"]}}],"collection":[{"href":"https:\/\/polar55.com\/cs\/wp-json\/wp\/v2\/pages"}],"about":[{"href":"https:\/\/polar55.com\/cs\/wp-json\/wp\/v2\/types\/page"}],"author":[{"embeddable":true,"href":"https:\/\/polar55.com\/cs\/wp-json\/wp\/v2\/users\/2"}],"replies":[{"embeddable":true,"href":"https:\/\/polar55.com\/cs\/wp-json\/wp\/v2\/comments?post=9945"}],"version-history":[{"count":6,"href":"https:\/\/polar55.com\/cs\/wp-json\/wp\/v2\/pages\/9945\/revisions"}],"predecessor-version":[{"id":10530,"href":"https:\/\/polar55.com\/cs\/wp-json\/wp\/v2\/pages\/9945\/revisions\/10530"}],"wp:attachment":[{"href":"https:\/\/polar55.com\/cs\/wp-json\/wp\/v2\/media?parent=9945"}],"curies":[{"name":"wp","href":"https:\/\/api.w.org\/{rel}","templated":true}]}}