{"id":9942,"date":"2024-07-31T15:21:00","date_gmt":"2024-07-31T14:21:00","guid":{"rendered":"https:\/\/polar55.com\/proto-byste-si-meli-vybrat-nas\/"},"modified":"2026-04-08T08:48:14","modified_gmt":"2026-04-08T07:48:14","slug":"proc-si-vybrat-prave-nas","status":"publish","type":"page","link":"https:\/\/polar55.com\/cs\/proc-si-vybrat-prave-nas\/","title":{"rendered":"Pro\u010d si vybrat pr\u00e1v\u011b n\u00e1s"},"content":{"rendered":"<div class=\"wpb-content-wrapper\"><p>[vc_row css=&#8220;.vc_custom_1732818900565{padding-top: 40px !important;padding-bottom: 40px !important;}&#8220;][vc_column width=&#8220;2\/3&#8243; css=&#8220;.vc_custom_1566982451471{margin-bottom: 20px !important;}&#8220;][vc_column_text]\n    <div class=\"markdown prose w-full break-words dark:prose-invert dark\">\n        <p>P\u0159edev\u0161\u00edm v\u00e1m d\u011bkujeme, \u017ee zva\u017eujete na\u0161e slu\u017eby.<\/p>\n        <p>Pokud jste se dostali na tuto str\u00e1nku, pravd\u011bpodobn\u011b porovn\u00e1v\u00e1te jednotliv\u00e9 poskytovatele a zji\u0161\u0165ujete, zda je n\u00e1\u0161 webhosting pro v\u00e1s tou spr\u00e1vnou volbou.<\/p>\n        <p>Rozhodnut\u00ed je samoz\u0159ejm\u011b na v\u00e1s. V tomto \u010dl\u00e1nku ale vysv\u011btlujeme, pro\u010d si mysl\u00edme, \u017ee nab\u00edz\u00edme v\u00fdborn\u00fd pom\u011br ceny, funkc\u00ed a podpory.<\/p>\n        <strong>Cena<\/strong>\n        <p>Ch\u00e1peme, \u017ee cena je p\u0159i v\u00fdb\u011bru webhostingu jedn\u00edm z kl\u00ed\u010dov\u00fdch faktor\u016f.<\/p>\n        <p>Proto jsme nastavili cenu tak, aby bylo obt\u00ed\u017en\u00e9 naj\u00edt srovnatelnou slu\u017ebu se stejn\u00fdm rozsahem funkc\u00ed za podobn\u00fdch podm\u00ednek.<\/p>\n        <p>U n\u00e1s neplat\u00edte nic nav\u00edc za p\u0159\u00edstup k z\u00e1loh\u00e1m webu ani za mo\u017enost provozovat WordPress, jak tomu n\u011bkdy b\u00fdv\u00e1 u v\u011bt\u0161\u00edch poskytovatel\u016f hostingu.<\/p>\n        <p>Stejn\u011b jako n\u011bkte\u0159\u00ed jin\u00ed poskytovatel\u00e9 nab\u00edz\u00edme zv\u00fdhodn\u011bnou cenu v prvn\u00edm roce, ale i p\u0159i pohledu na cenu v dal\u0161\u00edch letech pat\u0159\u00edme st\u00e1le mezi cenov\u011b velmi dostupn\u00e1 \u0159e\u0161en\u00ed.<\/p>\n        <strong>Mo\u017enosti a funkce<\/strong>\n        <p>U n\u00e1s je v\u0161e podstatn\u00e9 zahrnuto v cen\u011b.<\/p>\n        <p>Nemus\u00edte si p\u0159ipl\u00e1cet za nov\u00e9 funkce ani za v\u011bci, kter\u00e9 by podle v\u00e1s m\u011bly b\u00fdt sou\u010d\u00e1st\u00ed slu\u017eby. Jin\u00fdmi slovy: \u017e\u00e1dn\u00e1 nep\u0159\u00edjemn\u00e1 p\u0159ekvapen\u00ed po objedn\u00e1n\u00ed.<\/p>\n        <p>Jedin\u00e1 v\u011bc, za kterou si u n\u00e1s p\u0159iplat\u00edte, je vy\u0161\u0161\u00ed \u00falo\u017en\u00fd prostor \u2013 a ten bude ve skute\u010dnosti pot\u0159ebovat jen mal\u00e9 procento u\u017eivatel\u016f.<\/p>\n        <ul>\n            <li>Je p\u0159\u00edstup k z\u00e1loh\u00e1m va\u0161eho webu zpoplatn\u011bn? <strong>Polar55:<\/strong> Ne, p\u0159\u00edstup k z\u00e1loh\u00e1m je samoz\u0159ejm\u011b zdarma.<\/li>\n            <li>Mohu m\u00edt na jednom hostingu v\u00edce webov\u00fdch str\u00e1nek? <strong>Polar55:<\/strong> Ano, m\u016f\u017eete u n\u00e1s provozovat neomezen\u00fd po\u010det web\u016f i dom\u00e9n.<\/li>\n            <li>Mohu m\u00edt e-mailov\u00e9 adresy na v\u0161ech sv\u00fdch dom\u00e9n\u00e1ch? <strong>Polar55:<\/strong> Ano, samoz\u0159ejm\u011b.<\/li>\n            <li>Mohu nainstalovat WordPress jedn\u00edm kliknut\u00edm? <strong>Polar55:<\/strong> Ano.<\/li>\n            <li>Mohu si s\u00e1m ur\u010dit, jak se rozd\u011bl\u00ed prostor mezi soubory a e-maily? <strong>Polar55:<\/strong> Ano, rozd\u011blen\u00ed prostoru je pln\u011b na v\u00e1s.<\/li>\n        <\/ul>\n        <p>V\u011b\u0159\u00edme, \u017ee v\u00fdhody na\u0161\u00ed slu\u017eby ocen\u00edte. Pokud m\u00e1te dal\u0161\u00ed ot\u00e1zky nebo v\u00e1m m\u016f\u017eeme s \u010d\u00edmkoli pomoci, nev\u00e1hejte n\u00e1m napsat \u2013 odpov\u00edd\u00e1me 24 hodin denn\u011b, 7 dn\u00ed v t\u00fddnu.<\/p>\n        <p>S pozdravem,<br>Michael, Thomas a t\u00fdm Polar55<\/p>\n    <\/div>[\/vc_column_text][\/vc_column][vc_column width=&#8220;1\/3&#8243; css=&#8220;.vc_custom_1566982972264{padding-left: 120px !important;}&#8220;][vc_column_text]\n<p>M\u00e1te n\u011bjak\u00e9 dotazy k na\u0161emu webhostingu?<br>\nKontaktujte n\u00e1s na <a href=\"mailto:kontakt@polar55.cz\" target=\"_new\" rel=\"noopener\">kontakt@polar55.cz<\/a><br>\nNebo n\u00e1m napi\u0161te <a href=\"https:\/\/polar55.com\/client\/submitticket.php?language=czech\" target=\"_new\" rel=\"noopener\">zde<\/a>.<\/p>\n[\/vc_column_text][\/vc_column][\/vc_row]<\/p>\n<\/div>","protected":false},"excerpt":{"rendered":"<p>[vc_row css=&#8220;.vc_custom_1732818900565{padding-top: 40px !important;padding-bottom: 40px !important;}&#8220;][vc_column width=&#8220;2\/3&#8243; css=&#8220;.vc_custom_1566982451471{margin-bottom: 20px !important;}&#8220;][vc_column_text][\/vc_column_text][\/vc_column][vc_column width=&#8220;1\/3&#8243; css=&#8220;.vc_custom_1566982972264{padding-left: 120px !important;}&#8220;][vc_column_text][\/vc_column_text][\/vc_column][\/vc_row]<\/p>\n","protected":false},"author":2,"featured_media":0,"parent":0,"menu_order":0,"comment_status":"closed","ping_status":"closed","template":"","meta":{"_acf_changed":false,"footnotes":""},"class_list":["post-9942","page","type-page","status-publish","hentry"],"acf":[],"yoast_head":"<!-- This site is optimized with the Yoast SEO plugin v26.8 - https:\/\/yoast.com\/product\/yoast-seo-wordpress\/ -->\n<title>Pro\u010d si vybrat pr\u00e1v\u011b n\u00e1s - Polar55<\/title>\n<meta name=\"description\" content=\"Nev\u00edte, kter\u00e9ho poskytovatele hostingu si vybrat? P\u0159in\u00e1\u0161\u00edme n\u011bkolik d\u016fvod\u016f, pro\u010d zvolit pr\u00e1v\u011b Polar55.\" \/>\n<meta name=\"robots\" content=\"index, follow, max-snippet:-1, max-image-preview:large, max-video-preview:-1\" \/>\n<link rel=\"canonical\" href=\"https:\/\/polar55.com\/cs\/proc-si-vybrat-prave-nas\/\" \/>\n<meta property=\"og:locale\" content=\"cs_CZ\" \/>\n<meta property=\"og:type\" content=\"article\" \/>\n<meta property=\"og:title\" content=\"Pro\u010d si vybrat pr\u00e1v\u011b n\u00e1s - Polar55\" \/>\n<meta property=\"og:description\" content=\"Nev\u00edte, kter\u00e9ho poskytovatele hostingu si vybrat? P\u0159in\u00e1\u0161\u00edme n\u011bkolik d\u016fvod\u016f, pro\u010d zvolit pr\u00e1v\u011b Polar55.\" \/>\n<meta property=\"og:url\" content=\"https:\/\/polar55.com\/cs\/proc-si-vybrat-prave-nas\/\" \/>\n<meta property=\"og:site_name\" content=\"Polar55\" \/>\n<meta property=\"article:modified_time\" content=\"2026-04-08T07:48:14+00:00\" \/>\n<meta name=\"twitter:card\" content=\"summary_large_image\" \/>\n<meta name=\"twitter:label1\" content=\"Odhadovan\u00e1 doba \u010dten\u00ed\" \/>\n\t<meta name=\"twitter:data1\" content=\"1 minuta\" \/>\n<script type=\"application\/ld+json\" class=\"yoast-schema-graph\">{\"@context\":\"https:\/\/schema.org\",\"@graph\":[{\"@type\":\"WebPage\",\"@id\":\"https:\/\/polar55.com\/cs\/proc-si-vybrat-prave-nas\/\",\"url\":\"https:\/\/polar55.com\/cs\/proc-si-vybrat-prave-nas\/\",\"name\":\"Pro\u010d si vybrat pr\u00e1v\u011b n\u00e1s - Polar55\",\"isPartOf\":{\"@id\":\"https:\/\/polar55.com\/cs\/#website\"},\"datePublished\":\"2024-07-31T14:21:00+00:00\",\"dateModified\":\"2026-04-08T07:48:14+00:00\",\"description\":\"Nev\u00edte, kter\u00e9ho poskytovatele hostingu si vybrat? P\u0159in\u00e1\u0161\u00edme n\u011bkolik d\u016fvod\u016f, pro\u010d zvolit pr\u00e1v\u011b Polar55.\",\"breadcrumb\":{\"@id\":\"https:\/\/polar55.com\/cs\/proc-si-vybrat-prave-nas\/#breadcrumb\"},\"inLanguage\":\"cs\",\"potentialAction\":[{\"@type\":\"ReadAction\",\"target\":[\"https:\/\/polar55.com\/cs\/proc-si-vybrat-prave-nas\/\"]}]},{\"@type\":\"BreadcrumbList\",\"@id\":\"https:\/\/polar55.com\/cs\/proc-si-vybrat-prave-nas\/#breadcrumb\",\"itemListElement\":[{\"@type\":\"ListItem\",\"position\":1,\"name\":\"Hjem\",\"item\":\"https:\/\/polar55.com\/cs\/\"},{\"@type\":\"ListItem\",\"position\":2,\"name\":\"Pro\u010d si vybrat pr\u00e1v\u011b n\u00e1s\"}]},{\"@type\":\"WebSite\",\"@id\":\"https:\/\/polar55.com\/cs\/#website\",\"url\":\"https:\/\/polar55.com\/cs\/\",\"name\":\"Polar55\",\"description\":\"cheap hosting and domains\",\"potentialAction\":[{\"@type\":\"SearchAction\",\"target\":{\"@type\":\"EntryPoint\",\"urlTemplate\":\"https:\/\/polar55.com\/cs\/?s={search_term_string}\"},\"query-input\":{\"@type\":\"PropertyValueSpecification\",\"valueRequired\":true,\"valueName\":\"search_term_string\"}}],\"inLanguage\":\"cs\"}]}<\/script>\n<!-- \/ Yoast SEO plugin. -->","yoast_head_json":{"title":"Pro\u010d si vybrat pr\u00e1v\u011b n\u00e1s - Polar55","description":"Nev\u00edte, kter\u00e9ho poskytovatele hostingu si vybrat? P\u0159in\u00e1\u0161\u00edme n\u011bkolik d\u016fvod\u016f, pro\u010d zvolit pr\u00e1v\u011b Polar55.","robots":{"index":"index","follow":"follow","max-snippet":"max-snippet:-1","max-image-preview":"max-image-preview:large","max-video-preview":"max-video-preview:-1"},"canonical":"https:\/\/polar55.com\/cs\/proc-si-vybrat-prave-nas\/","og_locale":"cs_CZ","og_type":"article","og_title":"Pro\u010d si vybrat pr\u00e1v\u011b n\u00e1s - Polar55","og_description":"Nev\u00edte, kter\u00e9ho poskytovatele hostingu si vybrat? P\u0159in\u00e1\u0161\u00edme n\u011bkolik d\u016fvod\u016f, pro\u010d zvolit pr\u00e1v\u011b Polar55.","og_url":"https:\/\/polar55.com\/cs\/proc-si-vybrat-prave-nas\/","og_site_name":"Polar55","article_modified_time":"2026-04-08T07:48:14+00:00","twitter_card":"summary_large_image","twitter_misc":{"Odhadovan\u00e1 doba \u010dten\u00ed":"1 minuta"},"schema":{"@context":"https:\/\/schema.org","@graph":[{"@type":"WebPage","@id":"https:\/\/polar55.com\/cs\/proc-si-vybrat-prave-nas\/","url":"https:\/\/polar55.com\/cs\/proc-si-vybrat-prave-nas\/","name":"Pro\u010d si vybrat pr\u00e1v\u011b n\u00e1s - Polar55","isPartOf":{"@id":"https:\/\/polar55.com\/cs\/#website"},"datePublished":"2024-07-31T14:21:00+00:00","dateModified":"2026-04-08T07:48:14+00:00","description":"Nev\u00edte, kter\u00e9ho poskytovatele hostingu si vybrat? P\u0159in\u00e1\u0161\u00edme n\u011bkolik d\u016fvod\u016f, pro\u010d zvolit pr\u00e1v\u011b Polar55.","breadcrumb":{"@id":"https:\/\/polar55.com\/cs\/proc-si-vybrat-prave-nas\/#breadcrumb"},"inLanguage":"cs","potentialAction":[{"@type":"ReadAction","target":["https:\/\/polar55.com\/cs\/proc-si-vybrat-prave-nas\/"]}]},{"@type":"BreadcrumbList","@id":"https:\/\/polar55.com\/cs\/proc-si-vybrat-prave-nas\/#breadcrumb","itemListElement":[{"@type":"ListItem","position":1,"name":"Hjem","item":"https:\/\/polar55.com\/cs\/"},{"@type":"ListItem","position":2,"name":"Pro\u010d si vybrat pr\u00e1v\u011b n\u00e1s"}]},{"@type":"WebSite","@id":"https:\/\/polar55.com\/cs\/#website","url":"https:\/\/polar55.com\/cs\/","name":"Polar55","description":"cheap hosting and domains","potentialAction":[{"@type":"SearchAction","target":{"@type":"EntryPoint","urlTemplate":"https:\/\/polar55.com\/cs\/?s={search_term_string}"},"query-input":{"@type":"PropertyValueSpecification","valueRequired":true,"valueName":"search_term_string"}}],"inLanguage":"cs"}]}},"_links":{"self":[{"href":"https:\/\/polar55.com\/cs\/wp-json\/wp\/v2\/pages\/9942","targetHints":{"allow":["GET"]}}],"collection":[{"href":"https:\/\/polar55.com\/cs\/wp-json\/wp\/v2\/pages"}],"about":[{"href":"https:\/\/polar55.com\/cs\/wp-json\/wp\/v2\/types\/page"}],"author":[{"embeddable":true,"href":"https:\/\/polar55.com\/cs\/wp-json\/wp\/v2\/users\/2"}],"replies":[{"embeddable":true,"href":"https:\/\/polar55.com\/cs\/wp-json\/wp\/v2\/comments?post=9942"}],"version-history":[{"count":6,"href":"https:\/\/polar55.com\/cs\/wp-json\/wp\/v2\/pages\/9942\/revisions"}],"predecessor-version":[{"id":10527,"href":"https:\/\/polar55.com\/cs\/wp-json\/wp\/v2\/pages\/9942\/revisions\/10527"}],"wp:attachment":[{"href":"https:\/\/polar55.com\/cs\/wp-json\/wp\/v2\/media?parent=9942"}],"curies":[{"name":"wp","href":"https:\/\/api.w.org\/{rel}","templated":true}]}}