{"id":9928,"date":"2024-07-30T21:46:11","date_gmt":"2024-07-30T20:46:11","guid":{"rendered":"https:\/\/polar55.com\/stanoveni-cen\/"},"modified":"2026-04-08T08:10:53","modified_gmt":"2026-04-08T07:10:53","slug":"cenik","status":"publish","type":"page","link":"https:\/\/polar55.com\/cs\/cenik\/","title":{"rendered":"Cen\u00edk"},"content":{"rendered":"<div class=\"wpb-content-wrapper\"><p>[vc_section css=&#8220;.vc_custom_1732787137355{padding-top: 0px !important;background-color: #00062a !important;}&#8220;][vc_row el_class=&#8220;domain_search&#8220;][vc_column][vc_raw_html]JTVCZG9tYWluX3NlYXJjaCUyMGxhbmclM0QlMjJjemVjaCUyMiU1RA==[\/vc_raw_html][\/vc_column][\/vc_row][\/vc_section][vc_section el_class=&#8220;price_compare&#8220;][vc_row][vc_column][vc_column_text]\n    <p style=\"text-align: left;\"><strong>Polar55 je jedno z nejlevn\u011bj\u0161\u00edch a z\u00e1rove\u0148 nejlep\u0161\u00edch hostingov\u00fdch \u0159e\u0161en\u00ed na trhu. Usilujeme o plnou transparentnost ohledn\u011b na\u0161ich cen nyn\u00ed i v budoucnu, a proto jsme vytvo\u0159ili tento p\u0159ehled, kter\u00fd by m\u011bl odpov\u011bd\u011bt na v\u0161echny va\u0161e ot\u00e1zky t\u00fdkaj\u00edc\u00ed se na\u0161ich cen. Pokud ne, <a href=\"\/client\/submitticket.php?step=2&amp;deptid=1&amp;language=czech\">napi\u0161te n\u00e1m zde<\/a>.<\/strong><\/p>\n    <p style=\"text-align: left;\">V\u0161echny ceny jsou v K\u010d bez DPH<\/p>\n    <p style=\"text-align: left;\"><strong>Hosting<\/strong>\n    Prvn\u00ed rok z\u00edsk\u00e1te za zav\u00e1d\u011bc\u00ed cenu 20,00 K\u010d\/m\u011bs\u00edc po dobu prvn\u00edch 12 m\u011bs\u00edc\u016f a u\u0161et\u0159\u00edte 76%. Pot\u00e9 se cena zv\u00fd\u0161\u00ed na na\u0161i standardn\u00ed cenu 85,00 K\u010d\/m\u011bs\u00edc.<\/p>\n    <p style=\"text-align: left;\">Pokud pot\u0159ebujete v\u00edce prostoru, m\u016f\u017eete hosting snadno upgradovat. 20 GB stoj\u00ed 170,00 K\u010d m\u011bs\u00ed\u010dn\u011b a 40 GB stoj\u00ed 340,00 K\u010d m\u011bs\u00ed\u010dn\u011b.<\/p>\n    <p style=\"text-align: left;\"><strong>Z\u0159izovac\u00ed poplatek<\/strong>\n    Z\u0159izovac\u00ed poplatek u n\u00e1s \u010din\u00ed 0 K\u010d.<\/p>\n    <p style=\"text-align: left;\"><strong>Dom\u00e9ny<\/strong>\n    <a href=\"\/cs\/domeny\/\">Na t\u00e9to str\u00e1nce<\/a> najdete ceny r\u016fzn\u00fdch typ\u016f dom\u00e9n. Nap\u0159\u00edklad dom\u00e9na .com stoj\u00ed 199,00 K\u010d\/rok za registraci a 379,00 K\u010d za obnoven\u00ed.<\/p>\n    <p style=\"text-align: left;\"><strong>Dal\u0161\u00ed dom\u00e9ny<\/strong>\n    Cena va\u0161eho webhostingu se nezvy\u0161uje, kdy\u017e p\u0159id\u00e1te dal\u0161\u00ed dom\u00e9ny. Na jednom hostingov\u00e9m \u00fa\u010dtu m\u016f\u017eete m\u00edt libovoln\u00fd po\u010det dom\u00e9n a plat\u00edte pouze ro\u010dn\u00ed obnoven\u00ed dom\u00e9n.<\/p>\n    <p style=\"text-align: left;\">Pokud m\u00e1te ot\u00e1zky ohledn\u011b na\u0161ich cen nebo \u010dehokoli jin\u00e9ho, nev\u00e1hejte n\u00e1m <a href=\"\/client\/submitticket.php?language=czech\">napsat<\/a>.<\/p>[\/vc_column_text][\/vc_column][\/vc_row][\/vc_section][vc_section el_class=&#8220;ms-pricing-container&#8220;][vc_row][vc_column][vc_row_inner][vc_column_inner width=&#8220;1\/2&#8243;][vc_column_text el_class=&#8220;title&#8220;]<\/p>\n<div class=\"arrow_box\">\n<h5>P\u0159\u00edklad ceny<\/h5>\n<h3 class=\"caps\">dom\u00e9na.cz<\/h3>\n<\/div>\n<p>[\/vc_column_text][\/vc_column_inner][vc_column_inner width=&#8220;1\/2&#8243;][\/vc_column_inner][\/vc_row_inner][\/vc_column][\/vc_row][vc_row css=&#8220;.vc_custom_1722373332464{background-color: #f3f3f3 !important;}&#8220;][vc_column][vc_row_inner][vc_column_inner width=&#8220;1\/3&#8243;][vc_column_text]<strong>Slu\u017eba<\/strong>[\/vc_column_text][\/vc_column_inner][vc_column_inner width=&#8220;1\/3&#8243;][vc_column_text]<strong>Cena za rok \u2013 prvn\u00edch 12 m\u011bs\u00edc\u016f<\/strong>[\/vc_column_text][\/vc_column_inner][vc_column_inner width=&#8220;1\/3&#8243;][vc_column_text]<strong>Cena za rok \u2013 po prvn\u00edch 12 m\u011bs\u00edc\u00edch<\/strong>[\/vc_column_text][\/vc_column_inner][\/vc_row_inner][\/vc_column][\/vc_row][vc_row css=&#8220;.vc_custom_1722373365236{background-color: #f9f9f9 !important;}&#8220;][vc_column][vc_row_inner][vc_column_inner width=&#8220;1\/3&#8243;][vc_column_text]Registrace \/ prodlou\u017een\u00ed dom\u00e9ny[\/vc_column_text][\/vc_column_inner][vc_column_inner width=&#8220;1\/3&#8243;][vc_column_text]199,00 K\u010d<span style=\"font-size: 12px; display: block;\">Transfer: 0,00 K\u010d<\/span>[\/vc_column_text][\/vc_column_inner][vc_column_inner width=&#8220;1\/3&#8243;][vc_column_text]379,00 K\u010d[\/vc_column_text][\/vc_column_inner][\/vc_row_inner][\/vc_column][\/vc_row][vc_row css=&#8220;.vc_custom_1722373371815{background-color: #f3f3f3 !important;}&#8220;][vc_column][vc_row_inner][vc_column_inner width=&#8220;1\/3&#8243;][vc_column_text]Hosting[\/vc_column_text][\/vc_column_inner][vc_column_inner width=&#8220;1\/3&#8243;][vc_column_text]240,00 K\u010d (20,00 K\u010d m\u011bs\u00ed\u010dn\u011b)[\/vc_column_text][\/vc_column_inner][vc_column_inner width=&#8220;1\/3&#8243;][vc_column_text]1020,00 K\u010d (85,00 K\u010d m\u011bs\u00ed\u010dn\u011b)[\/vc_column_text][\/vc_column_inner][\/vc_row_inner][\/vc_column][\/vc_row][vc_row css=&#8220;.vc_custom_1722373383686{background-color: #f9f9f9 !important;}&#8220;][vc_column][vc_row_inner][vc_column_inner width=&#8220;1\/3&#8243;][vc_column_text]Z\u0159izovac\u00ed poplatek[\/vc_column_text][\/vc_column_inner][vc_column_inner width=&#8220;1\/3&#8243;][vc_column_text]0 K\u010d[\/vc_column_text][\/vc_column_inner][vc_column_inner width=&#8220;1\/3&#8243;][vc_column_text]0 K\u010d[\/vc_column_text][\/vc_column_inner][\/vc_row_inner][\/vc_column][\/vc_row][vc_row css=&#8220;.vc_custom_1722373391167{background-color: #f3f3f3 !important;}&#8220;][vc_column][vc_row_inner][vc_column_inner width=&#8220;1\/3&#8243;][vc_column_text]Celkov\u00e1 cena za 12 m\u011bs\u00edc\u016f[\/vc_column_text][\/vc_column_inner][vc_column_inner width=&#8220;1\/3&#8243;][vc_column_text]439,00 K\u010d<span style=\"font-size: 12px; display: block;\">Transfer: 240,00 K\u010d<\/span>[\/vc_column_text][\/vc_column_inner][vc_column_inner width=&#8220;1\/3&#8243;][vc_column_text]<span style=\"min-height: 46px; display: block;\">1399,00 K\u010d<\/span>[\/vc_column_text][\/vc_column_inner][\/vc_row_inner][\/vc_column][\/vc_row][\/vc_section][vc_section el_class=&#8220;ms-mobile-only&#8220;][vc_row css=&#8220;.vc_custom_1722373655642{padding-bottom: 50px !important;}&#8220;][vc_column][vc_column_text css=&#8220;.vc_custom_1722373719322{margin-bottom: 20px !important;}&#8220;]<\/p>\n<h4><strong>Prvn\u00edch 12 m\u011bs\u00edc\u016f<\/strong><\/h4>\n<p>[\/vc_column_text][vc_column_text]<\/p>\n<table>\n<tbody>\n<tr>\n<td><strong>Slu\u017eba<\/strong><\/td>\n<td><strong>Cena za rok<\/strong><\/td>\n<\/tr>\n<tr>\n<td>Registrace dom\u00e9n | Transfer dom\u00e9n v\u010detn\u011b DNS<\/td>\n<td>199,00 K\u010d<span style=\"font-size: 12px; display: block;\">Transfer: 0,00 K\u010d<\/span><\/td>\n<\/tr>\n<tr>\n<td>Hosting<\/td>\n<td>240,00 K\u010d (20,00 K\u010d m\u011bs\u00ed\u010dn\u011b)<\/td>\n<\/tr>\n<tr>\n<td>Z\u0159izovac\u00ed poplatek<\/td>\n<td>0 K\u010d<\/td>\n<\/tr>\n<tr style=\"border-top: 2px #5f686f solid;\">\n<td>Celkov\u00e1 cena za 12 m\u011bs\u00edc\u016f<\/td>\n<td>439,00 K\u010d<span style=\"font-size: 12px; display: block;\">Transfer: 240,00 K\u010d<\/span><\/td>\n<\/tr>\n<\/tbody>\n<\/table>\n<p>[\/vc_column_text][\/vc_column][\/vc_row][vc_row][vc_column][vc_column_text css=&#8220;.vc_custom_1722373724058{margin-bottom: 20px !important;}&#8220;]<\/p>\n<h4><strong>N\u00e1sleduj\u00edc\u00edch 12 m\u011bs\u00edc\u016f a d\u00e1le<\/strong><\/h4>\n<p>[\/vc_column_text][vc_column_text]<\/p>\n<table>\n<tbody>\n<tr>\n<td><strong>Slu\u017eba<\/strong><\/td>\n<td><strong>Cena za rok<\/strong><\/td>\n<\/tr>\n<tr>\n<td>Obnoven\u00ed dom\u00e9ny v\u010detn\u011b DNS<\/td>\n<td>379,00 K\u010d<\/td>\n<\/tr>\n<tr>\n<td>Hosting<\/td>\n<td>1020,00 K\u010d (85,00 K\u010d m\u011bs\u00ed\u010dn\u011b)<\/td>\n<\/tr>\n<tr>\n<td>Z\u0159izovac\u00ed poplatek<\/td>\n<td>0 K\u010d<\/td>\n<\/tr>\n<tr style=\"border-top: 2px #5f686f solid;\">\n<td>Celkov\u00e1 cena za 12 m\u011bs\u00edc\u016f<\/td>\n<td>1399,00 K\u010d<\/td>\n<\/tr>\n<\/tbody>\n<\/table>\n<p>[\/vc_column_text][\/vc_column][\/vc_row][\/vc_section]<\/p>\n<\/div>","protected":false},"excerpt":{"rendered":"<p>[vc_section css=&#8220;.vc_custom_1732787137355{padding-top: 0px !important;background-color: #00062a !important;}&#8220;][vc_row el_class=&#8220;domain_search&#8220;][vc_column][vc_raw_html]JTVCZG9tYWluX3NlYXJjaCUyMGxhbmclM0QlMjJjemVjaCUyMiU1RA==[\/vc_raw_html][\/vc_column][\/vc_row][\/vc_section][vc_section el_class=&#8220;price_compare&#8220;][vc_row][vc_column][vc_column_text][\/vc_column_text][\/vc_column][\/vc_row][\/vc_section][vc_section el_class=&#8220;ms-pricing-container&#8220;][vc_row][vc_column][vc_row_inner][vc_column_inner width=&#8220;1\/2&#8243;][vc_column_text el_class=&#8220;title&#8220;] P\u0159\u00edklad ceny dom\u00e9na.cz [\/vc_column_text][\/vc_column_inner][vc_column_inner width=&#8220;1\/2&#8243;][\/vc_column_inner][\/vc_row_inner][\/vc_column][\/vc_row][vc_row css=&#8220;.vc_custom_1722373332464{background-color: #f3f3f3 !important;}&#8220;][vc_column][vc_row_inner][vc_column_inner width=&#8220;1\/3&#8243;][vc_column_text]Slu\u017eba[\/vc_column_text][\/vc_column_inner][vc_column_inner width=&#8220;1\/3&#8243;][vc_column_text]Cena za rok \u2013 prvn\u00edch 12 m\u011bs\u00edc\u016f[\/vc_column_text][\/vc_column_inner][vc_column_inner width=&#8220;1\/3&#8243;][vc_column_text]Cena za rok \u2013 po prvn\u00edch 12 m\u011bs\u00edc\u00edch[\/vc_column_text][\/vc_column_inner][\/vc_row_inner][\/vc_column][\/vc_row][vc_row css=&#8220;.vc_custom_1722373365236{background-color: #f9f9f9 !important;}&#8220;][vc_column][vc_row_inner][vc_column_inner width=&#8220;1\/3&#8243;][vc_column_text]Registrace \/ prodlou\u017een\u00ed dom\u00e9ny[\/vc_column_text][\/vc_column_inner][vc_column_inner width=&#8220;1\/3&#8243;][vc_column_text] Transfer: [\/vc_column_text][\/vc_column_inner][vc_column_inner width=&#8220;1\/3&#8243;][vc_column_text] [\/vc_column_text][\/vc_column_inner][\/vc_row_inner][\/vc_column][\/vc_row][vc_row css=&#8220;.vc_custom_1722373371815{background-color: #f3f3f3 !important;}&#8220;][vc_column][vc_row_inner][vc_column_inner width=&#8220;1\/3&#8243;][vc_column_text]Hosting[\/vc_column_text][\/vc_column_inner][vc_column_inner width=&#8220;1\/3&#8243;][vc_column_text] ( m\u011bs\u00ed\u010dn\u011b)[\/vc_column_text][\/vc_column_inner][vc_column_inner width=&#8220;1\/3&#8243;][vc_column_text] &hellip;<\/p>\n","protected":false},"author":3,"featured_media":0,"parent":0,"menu_order":0,"comment_status":"closed","ping_status":"closed","template":"","meta":{"_acf_changed":false,"footnotes":""},"class_list":["post-9928","page","type-page","status-publish","hentry"],"acf":[],"yoast_head":"<!-- This site is optimized with the Yoast SEO plugin v26.8 - https:\/\/yoast.com\/product\/yoast-seo-wordpress\/ -->\n<title>Cen\u00edk - Polar55<\/title>\n<meta name=\"description\" content=\"Polar55 nab\u00edz\u00ed cenov\u011b dostupn\u00fd kvalitn\u00ed a webhosting s transparentn\u00edmi cenami.\" \/>\n<meta name=\"robots\" content=\"index, follow, max-snippet:-1, max-image-preview:large, max-video-preview:-1\" \/>\n<link rel=\"canonical\" href=\"https:\/\/polar55.com\/cs\/cenik\/\" \/>\n<meta property=\"og:locale\" content=\"cs_CZ\" \/>\n<meta property=\"og:type\" content=\"article\" \/>\n<meta property=\"og:title\" content=\"Cen\u00edk - Polar55\" \/>\n<meta property=\"og:description\" content=\"Polar55 nab\u00edz\u00ed cenov\u011b dostupn\u00fd kvalitn\u00ed a webhosting s transparentn\u00edmi cenami.\" \/>\n<meta property=\"og:url\" content=\"https:\/\/polar55.com\/cs\/cenik\/\" \/>\n<meta property=\"og:site_name\" content=\"Polar55\" \/>\n<meta property=\"article:modified_time\" content=\"2026-04-08T07:10:53+00:00\" \/>\n<meta name=\"twitter:card\" content=\"summary_large_image\" \/>\n<meta name=\"twitter:label1\" content=\"Odhadovan\u00e1 doba \u010dten\u00ed\" \/>\n\t<meta name=\"twitter:data1\" content=\"2 minuty\" \/>\n<script type=\"application\/ld+json\" class=\"yoast-schema-graph\">{\"@context\":\"https:\/\/schema.org\",\"@graph\":[{\"@type\":\"WebPage\",\"@id\":\"https:\/\/polar55.com\/cs\/cenik\/\",\"url\":\"https:\/\/polar55.com\/cs\/cenik\/\",\"name\":\"Cen\u00edk - Polar55\",\"isPartOf\":{\"@id\":\"https:\/\/polar55.com\/cs\/#website\"},\"datePublished\":\"2024-07-30T20:46:11+00:00\",\"dateModified\":\"2026-04-08T07:10:53+00:00\",\"description\":\"Polar55 nab\u00edz\u00ed cenov\u011b dostupn\u00fd kvalitn\u00ed a webhosting s transparentn\u00edmi cenami.\",\"breadcrumb\":{\"@id\":\"https:\/\/polar55.com\/cs\/cenik\/#breadcrumb\"},\"inLanguage\":\"cs\",\"potentialAction\":[{\"@type\":\"ReadAction\",\"target\":[\"https:\/\/polar55.com\/cs\/cenik\/\"]}]},{\"@type\":\"BreadcrumbList\",\"@id\":\"https:\/\/polar55.com\/cs\/cenik\/#breadcrumb\",\"itemListElement\":[{\"@type\":\"ListItem\",\"position\":1,\"name\":\"Hjem\",\"item\":\"https:\/\/polar55.com\/cs\/\"},{\"@type\":\"ListItem\",\"position\":2,\"name\":\"Cen\u00edk\"}]},{\"@type\":\"WebSite\",\"@id\":\"https:\/\/polar55.com\/cs\/#website\",\"url\":\"https:\/\/polar55.com\/cs\/\",\"name\":\"Polar55\",\"description\":\"cheap hosting and domains\",\"potentialAction\":[{\"@type\":\"SearchAction\",\"target\":{\"@type\":\"EntryPoint\",\"urlTemplate\":\"https:\/\/polar55.com\/cs\/?s={search_term_string}\"},\"query-input\":{\"@type\":\"PropertyValueSpecification\",\"valueRequired\":true,\"valueName\":\"search_term_string\"}}],\"inLanguage\":\"cs\"}]}<\/script>\n<!-- \/ Yoast SEO plugin. -->","yoast_head_json":{"title":"Cen\u00edk - Polar55","description":"Polar55 nab\u00edz\u00ed cenov\u011b dostupn\u00fd kvalitn\u00ed a webhosting s transparentn\u00edmi cenami.","robots":{"index":"index","follow":"follow","max-snippet":"max-snippet:-1","max-image-preview":"max-image-preview:large","max-video-preview":"max-video-preview:-1"},"canonical":"https:\/\/polar55.com\/cs\/cenik\/","og_locale":"cs_CZ","og_type":"article","og_title":"Cen\u00edk - Polar55","og_description":"Polar55 nab\u00edz\u00ed cenov\u011b dostupn\u00fd kvalitn\u00ed a webhosting s transparentn\u00edmi cenami.","og_url":"https:\/\/polar55.com\/cs\/cenik\/","og_site_name":"Polar55","article_modified_time":"2026-04-08T07:10:53+00:00","twitter_card":"summary_large_image","twitter_misc":{"Odhadovan\u00e1 doba \u010dten\u00ed":"2 minuty"},"schema":{"@context":"https:\/\/schema.org","@graph":[{"@type":"WebPage","@id":"https:\/\/polar55.com\/cs\/cenik\/","url":"https:\/\/polar55.com\/cs\/cenik\/","name":"Cen\u00edk - Polar55","isPartOf":{"@id":"https:\/\/polar55.com\/cs\/#website"},"datePublished":"2024-07-30T20:46:11+00:00","dateModified":"2026-04-08T07:10:53+00:00","description":"Polar55 nab\u00edz\u00ed cenov\u011b dostupn\u00fd kvalitn\u00ed a webhosting s transparentn\u00edmi cenami.","breadcrumb":{"@id":"https:\/\/polar55.com\/cs\/cenik\/#breadcrumb"},"inLanguage":"cs","potentialAction":[{"@type":"ReadAction","target":["https:\/\/polar55.com\/cs\/cenik\/"]}]},{"@type":"BreadcrumbList","@id":"https:\/\/polar55.com\/cs\/cenik\/#breadcrumb","itemListElement":[{"@type":"ListItem","position":1,"name":"Hjem","item":"https:\/\/polar55.com\/cs\/"},{"@type":"ListItem","position":2,"name":"Cen\u00edk"}]},{"@type":"WebSite","@id":"https:\/\/polar55.com\/cs\/#website","url":"https:\/\/polar55.com\/cs\/","name":"Polar55","description":"cheap hosting and domains","potentialAction":[{"@type":"SearchAction","target":{"@type":"EntryPoint","urlTemplate":"https:\/\/polar55.com\/cs\/?s={search_term_string}"},"query-input":{"@type":"PropertyValueSpecification","valueRequired":true,"valueName":"search_term_string"}}],"inLanguage":"cs"}]}},"_links":{"self":[{"href":"https:\/\/polar55.com\/cs\/wp-json\/wp\/v2\/pages\/9928","targetHints":{"allow":["GET"]}}],"collection":[{"href":"https:\/\/polar55.com\/cs\/wp-json\/wp\/v2\/pages"}],"about":[{"href":"https:\/\/polar55.com\/cs\/wp-json\/wp\/v2\/types\/page"}],"author":[{"embeddable":true,"href":"https:\/\/polar55.com\/cs\/wp-json\/wp\/v2\/users\/3"}],"replies":[{"embeddable":true,"href":"https:\/\/polar55.com\/cs\/wp-json\/wp\/v2\/comments?post=9928"}],"version-history":[{"count":17,"href":"https:\/\/polar55.com\/cs\/wp-json\/wp\/v2\/pages\/9928\/revisions"}],"predecessor-version":[{"id":10512,"href":"https:\/\/polar55.com\/cs\/wp-json\/wp\/v2\/pages\/9928\/revisions\/10512"}],"wp:attachment":[{"href":"https:\/\/polar55.com\/cs\/wp-json\/wp\/v2\/media?parent=9928"}],"curies":[{"name":"wp","href":"https:\/\/api.w.org\/{rel}","templated":true}]}}