{"id":9917,"date":"2024-07-31T14:13:10","date_gmt":"2024-07-31T13:13:10","guid":{"rendered":"https:\/\/polar55.com\/dohoda-o-zpracovani-dat\/"},"modified":"2026-04-08T08:36:43","modified_gmt":"2026-04-08T07:36:43","slug":"dohoda-o-zpracovani-udaju","status":"publish","type":"page","link":"https:\/\/polar55.com\/cs\/dohoda-o-zpracovani-udaju\/","title":{"rendered":"Dohoda o zpracov\u00e1n\u00ed \u00fadaj\u016f"},"content":{"rendered":"<div class=\"wpb-content-wrapper\"><p>[vc_row king_class=&#8220;price_compare&#8220; king_class_container=&#8220;table-wrapper&#8220; css=&#8220;.vc_custom_1722414293279{padding-top: 40px !important;padding-bottom: 40px !important;}&#8220;][vc_column][vc_column_text el_class=&#8220;webhotel-text&#8220;]<p style=\"text-align: left;\">Pokud hled\u00e1te smlouvu o zpracov\u00e1n\u00ed osobn\u00edch \u00fadaj\u016f, jste na spr\u00e1vn\u00e9m m\u00edst\u011b. Proto\u017ee ukl\u00e1d\u00e1me va\u0161e \u00fadaje a p\u0159\u00edpadn\u011b i \u00fadaje va\u0161ich z\u00e1kazn\u00edk\u016f, vystupujeme v\u016f\u010di v\u00e1m jako zpracovatel osobn\u00edch \u00fadaj\u016f. Pokud tuto smlouvu pot\u0159ebujete jako dokumentaci k tomu, jak s \u00fadaji nakl\u00e1d\u00e1me a kdo k nim m\u00e1 p\u0159\u00edstup, najdete ji v tomto dokumentu. Dokument m\u016f\u017eete tak\u00e9 podepsat a vr\u00e1tit n\u00e1m ho, ide\u00e1ln\u011b ve form\u00e1tu PDF. Podepsanou verzi pros\u00edm za\u0161lete na <a href=\"mailto:ms@polar55.com\" rel=\"noopener\">ms@polar55.com<\/a>.<\/p>\n<p style=\"text-align: left;\">Na konci str\u00e1nky najdete kr\u00e1tk\u00e9 FAQ, kter\u00e9 shrnuje nejd\u016fle\u017eit\u011bj\u0161\u00ed body smlouvy o zpracov\u00e1n\u00ed osobn\u00edch \u00fadaj\u016f. Sna\u017e\u00edme se v\u0161e vysv\u011btlit srozumiteln\u011bji, aby bylo jasn\u00e9, jak s va\u0161imi daty nakl\u00e1d\u00e1me.<\/p>\n<p style=\"text-align: left;\">Individu\u00e1ln\u011b upraven\u00e9 smlouvy o zpracov\u00e1n\u00ed osobn\u00edch \u00fadaj\u016f neposkytujeme.<\/p>\n<p style=\"text-align: left;\"><a href=\"https:\/\/polar55.com\/wp-content\/uploads\/2020\/08\/DPA.pdf\">St\u00e1hnout smlouvu o zpracov\u00e1n\u00ed osobn\u00edch \u00fadaj\u016f<\/a><\/p>\n<p style=\"text-align: left;\"><a href=\"https:\/\/polar55.com\/wp-content\/uploads\/2020\/09\/NSEC-Solutions.pdf\">Dohoda o ml\u010denlivosti se subzpracovatelem \u201eNSEC Solutions\u201c<\/a><\/p>\n<p style=\"text-align: left;\"><a href=\"https:\/\/polar55.com\/wp-content\/uploads\/2025\/09\/sampedro-en.pdf\">Dohoda o ml\u010denlivosti se subzpracovatelem \u201eSampedro ApS\u201c<\/a><\/p>\n<p style=\"text-align: left;\">Pokud m\u00e1te k t\u00e9to smlouv\u011b jak\u00e9koli dotazy, r\u00e1di v\u00e1m pom\u016f\u017eeme. Nejsme ale pr\u00e1vn\u00edci, tak\u017ee v n\u011bkter\u00fdch p\u0159\u00edpadech doporu\u010d\u00edme obr\u00e1tit se na odborn\u00edka v t\u00e9to oblasti.<\/p>[\/vc_column_text][\/vc_column][\/vc_row][vc_row][vc_column css=&#8220;.vc_custom_1580120817154{margin-bottom: 70px !important;}&#8220;][vc_tta_accordion][vc_tta_section title=&#8220;K \u010demu m\u00e9 \u00fadaje pou\u017e\u00edv\u00e1te?&#8220; tab_id=&#8220;1598514746548-5ac5ecaa-4f7c&#8220;][vc_column_text]\n    <p style=\"text-align: left;\">Va\u0161e \u00fadaje pou\u017e\u00edv\u00e1me k zaji\u0161t\u011bn\u00ed provozu a ke komunikaci s v\u00e1mi. V\u00e1\u0161 e-mail a telefonn\u00ed \u010d\u00edslo ukl\u00e1d\u00e1me, abychom v\u00e1s mohli kontaktovat. M\u016f\u017ee j\u00edt nap\u0159\u00edklad o p\u0159ipom\u00ednky plateb, potvrzen\u00ed objedn\u00e1vek, informace o provozn\u00edch probl\u00e9mech a podobn\u011b. Va\u0161e jm\u00e9no a adresn\u00ed \u00fadaje pou\u017e\u00edv\u00e1me mimo jin\u00e9 k registraci a obnov\u011b dom\u00e9n, proto\u017ee registr\u00e1tor dom\u00e9n tyto informace vy\u017eaduje k ov\u011b\u0159en\u00ed va\u0161\u00ed identity.<\/p>[\/vc_column_text][\/vc_tta_section][vc_tta_section title=&#8220;Kdo m\u00e1 p\u0159\u00edstup k m\u00fdm \u00fadaj\u016fm?&#8220; tab_id=&#8220;1598514746572-97b6a63d-18bd&#8220;][vc_column_text]\n<p style=\"text-align: left;\">Majitel\u00e9 a zam\u011bstnanci spole\u010dnosti Polar55 maj\u00ed k t\u011bmto informac\u00edm p\u0159\u00edstup. Vyu\u017e\u00edv\u00e1me tak\u00e9 n\u011bkter\u00e9 extern\u00ed partnery. V dohod\u011b o zpracov\u00e1n\u00ed osobn\u00edch \u00fadaj\u016f m\u016f\u017eete kdykoli zjistit, kdo jsou tito subzpracovatel\u00e9. Pat\u0159\u00ed mezi n\u011b nap\u0159\u00edklad Key-Systems GmbH, n\u00e1\u0161 registr\u00e1tor dom\u00e9n, a spole\u010dnost Hetzner, poskytovatel na\u0161ich server\u016f.<\/p>[\/vc_column_text][\/vc_tta_section][vc_tta_section title=&#8220;Komu p\u0159ed\u00e1v\u00e1te m\u00e9 \u00fadaje?&#8220; tab_id=&#8220;1598515085398-1d17331b-e5f6&#8243;][vc_column_text]\n<p style=\"text-align: left;\">Va\u0161e \u00fadaje neposkytujeme nikomu jin\u00e9mu ne\u017e uveden\u00fdm subzpracovatel\u016fm. Jde pouze o spole\u010dnosti, kter\u00e9 jsou nezbytn\u00e9 pro provoz hostingov\u00fdch slu\u017eeb Polar55. Sna\u017e\u00edme se zajistit, aby k va\u0161im \u00fadaj\u016fm m\u011blo p\u0159\u00edstup co nejm\u00e9n\u011b osob.<\/p>[\/vc_column_text][\/vc_tta_section][\/vc_tta_accordion][\/vc_column][\/vc_row]<\/p>\n<\/div>","protected":false},"excerpt":{"rendered":"<p>[vc_row king_class=&#8220;price_compare&#8220; king_class_container=&#8220;table-wrapper&#8220; css=&#8220;.vc_custom_1722414293279{padding-top: 40px !important;padding-bottom: 40px !important;}&#8220;][vc_column][vc_column_text el_class=&#8220;webhotel-text&#8220;][\/vc_column_text][\/vc_column][\/vc_row][vc_row][vc_column css=&#8220;.vc_custom_1580120817154{margin-bottom: 70px !important;}&#8220;][vc_tta_accordion][vc_tta_section title=&#8220;K \u010demu m\u00e9 \u00fadaje pou\u017e\u00edv\u00e1te?&#8220; tab_id=&#8220;1598514746548-5ac5ecaa-4f7c&#8220;][vc_column_text][\/vc_column_text][\/vc_tta_section][vc_tta_section title=&#8220;Kdo m\u00e1 p\u0159\u00edstup k m\u00fdm \u00fadaj\u016fm?&#8220; tab_id=&#8220;1598514746572-97b6a63d-18bd&#8220;][vc_column_text][\/vc_column_text][\/vc_tta_section][vc_tta_section title=&#8220;Komu p\u0159ed\u00e1v\u00e1te m\u00e9 \u00fadaje?&#8220; tab_id=&#8220;1598515085398-1d17331b-e5f6&#8243;][vc_column_text][\/vc_column_text][\/vc_tta_section][\/vc_tta_accordion][\/vc_column][\/vc_row]<\/p>\n","protected":false},"author":3,"featured_media":0,"parent":0,"menu_order":0,"comment_status":"closed","ping_status":"closed","template":"","meta":{"_acf_changed":false,"footnotes":""},"class_list":["post-9917","page","type-page","status-publish","hentry"],"acf":[],"yoast_head":"<!-- This site is optimized with the Yoast SEO plugin v26.8 - https:\/\/yoast.com\/product\/yoast-seo-wordpress\/ -->\n<title>Dohoda o zpracov\u00e1n\u00ed \u00fadaj\u016f - Polar55<\/title>\n<meta name=\"robots\" content=\"index, follow, max-snippet:-1, max-image-preview:large, max-video-preview:-1\" \/>\n<link rel=\"canonical\" href=\"https:\/\/polar55.com\/cs\/dohoda-o-zpracovani-udaju\/\" \/>\n<meta property=\"og:locale\" content=\"cs_CZ\" \/>\n<meta property=\"og:type\" content=\"article\" \/>\n<meta property=\"og:title\" content=\"Dohoda o zpracov\u00e1n\u00ed \u00fadaj\u016f - Polar55\" \/>\n<meta property=\"og:description\" content=\"[vc_row king_class=&#8220;price_compare&#8220; king_class_container=&#8220;table-wrapper&#8220; css=&#8220;.vc_custom_1722414293279{padding-top: 40px !important;padding-bottom: 40px !important;}&#8220;][vc_column][vc_column_text el_class=&#8220;webhotel-text&#8220;][\/vc_column_text][\/vc_column][\/vc_row][vc_row][vc_column css=&#8220;.vc_custom_1580120817154{margin-bottom: 70px !important;}&#8220;][vc_tta_accordion][vc_tta_section title=&#8220;K \u010demu m\u00e9 \u00fadaje pou\u017e\u00edv\u00e1te?&#8220; tab_id=&#8220;1598514746548-5ac5ecaa-4f7c&#8220;][vc_column_text][\/vc_column_text][\/vc_tta_section][vc_tta_section title=&#8220;Kdo m\u00e1 p\u0159\u00edstup k m\u00fdm \u00fadaj\u016fm?&#8220; tab_id=&#8220;1598514746572-97b6a63d-18bd&#8220;][vc_column_text][\/vc_column_text][\/vc_tta_section][vc_tta_section title=&#8220;Komu p\u0159ed\u00e1v\u00e1te m\u00e9 \u00fadaje?&#8220; tab_id=&#8220;1598515085398-1d17331b-e5f6&#8243;][vc_column_text][\/vc_column_text][\/vc_tta_section][\/vc_tta_accordion][\/vc_column][\/vc_row]\" \/>\n<meta property=\"og:url\" content=\"https:\/\/polar55.com\/cs\/dohoda-o-zpracovani-udaju\/\" \/>\n<meta property=\"og:site_name\" content=\"Polar55\" \/>\n<meta property=\"article:modified_time\" content=\"2026-04-08T07:36:43+00:00\" \/>\n<meta name=\"twitter:card\" content=\"summary_large_image\" \/>\n<meta name=\"twitter:label1\" content=\"Odhadovan\u00e1 doba \u010dten\u00ed\" \/>\n\t<meta name=\"twitter:data1\" content=\"1 minuta\" \/>\n<script type=\"application\/ld+json\" class=\"yoast-schema-graph\">{\"@context\":\"https:\/\/schema.org\",\"@graph\":[{\"@type\":\"WebPage\",\"@id\":\"https:\/\/polar55.com\/cs\/dohoda-o-zpracovani-udaju\/\",\"url\":\"https:\/\/polar55.com\/cs\/dohoda-o-zpracovani-udaju\/\",\"name\":\"Dohoda o zpracov\u00e1n\u00ed \u00fadaj\u016f - Polar55\",\"isPartOf\":{\"@id\":\"https:\/\/polar55.com\/cs\/#website\"},\"datePublished\":\"2024-07-31T13:13:10+00:00\",\"dateModified\":\"2026-04-08T07:36:43+00:00\",\"breadcrumb\":{\"@id\":\"https:\/\/polar55.com\/cs\/dohoda-o-zpracovani-udaju\/#breadcrumb\"},\"inLanguage\":\"cs\",\"potentialAction\":[{\"@type\":\"ReadAction\",\"target\":[\"https:\/\/polar55.com\/cs\/dohoda-o-zpracovani-udaju\/\"]}]},{\"@type\":\"BreadcrumbList\",\"@id\":\"https:\/\/polar55.com\/cs\/dohoda-o-zpracovani-udaju\/#breadcrumb\",\"itemListElement\":[{\"@type\":\"ListItem\",\"position\":1,\"name\":\"Hjem\",\"item\":\"https:\/\/polar55.com\/cs\/\"},{\"@type\":\"ListItem\",\"position\":2,\"name\":\"Dohoda o zpracov\u00e1n\u00ed \u00fadaj\u016f\"}]},{\"@type\":\"WebSite\",\"@id\":\"https:\/\/polar55.com\/cs\/#website\",\"url\":\"https:\/\/polar55.com\/cs\/\",\"name\":\"Polar55\",\"description\":\"cheap hosting and domains\",\"potentialAction\":[{\"@type\":\"SearchAction\",\"target\":{\"@type\":\"EntryPoint\",\"urlTemplate\":\"https:\/\/polar55.com\/cs\/?s={search_term_string}\"},\"query-input\":{\"@type\":\"PropertyValueSpecification\",\"valueRequired\":true,\"valueName\":\"search_term_string\"}}],\"inLanguage\":\"cs\"}]}<\/script>\n<!-- \/ Yoast SEO plugin. -->","yoast_head_json":{"title":"Dohoda o zpracov\u00e1n\u00ed \u00fadaj\u016f - Polar55","robots":{"index":"index","follow":"follow","max-snippet":"max-snippet:-1","max-image-preview":"max-image-preview:large","max-video-preview":"max-video-preview:-1"},"canonical":"https:\/\/polar55.com\/cs\/dohoda-o-zpracovani-udaju\/","og_locale":"cs_CZ","og_type":"article","og_title":"Dohoda o zpracov\u00e1n\u00ed \u00fadaj\u016f - Polar55","og_description":"[vc_row king_class=&#8220;price_compare&#8220; king_class_container=&#8220;table-wrapper&#8220; css=&#8220;.vc_custom_1722414293279{padding-top: 40px !important;padding-bottom: 40px !important;}&#8220;][vc_column][vc_column_text el_class=&#8220;webhotel-text&#8220;][\/vc_column_text][\/vc_column][\/vc_row][vc_row][vc_column css=&#8220;.vc_custom_1580120817154{margin-bottom: 70px !important;}&#8220;][vc_tta_accordion][vc_tta_section title=&#8220;K \u010demu m\u00e9 \u00fadaje pou\u017e\u00edv\u00e1te?&#8220; tab_id=&#8220;1598514746548-5ac5ecaa-4f7c&#8220;][vc_column_text][\/vc_column_text][\/vc_tta_section][vc_tta_section title=&#8220;Kdo m\u00e1 p\u0159\u00edstup k m\u00fdm \u00fadaj\u016fm?&#8220; tab_id=&#8220;1598514746572-97b6a63d-18bd&#8220;][vc_column_text][\/vc_column_text][\/vc_tta_section][vc_tta_section title=&#8220;Komu p\u0159ed\u00e1v\u00e1te m\u00e9 \u00fadaje?&#8220; tab_id=&#8220;1598515085398-1d17331b-e5f6&#8243;][vc_column_text][\/vc_column_text][\/vc_tta_section][\/vc_tta_accordion][\/vc_column][\/vc_row]","og_url":"https:\/\/polar55.com\/cs\/dohoda-o-zpracovani-udaju\/","og_site_name":"Polar55","article_modified_time":"2026-04-08T07:36:43+00:00","twitter_card":"summary_large_image","twitter_misc":{"Odhadovan\u00e1 doba \u010dten\u00ed":"1 minuta"},"schema":{"@context":"https:\/\/schema.org","@graph":[{"@type":"WebPage","@id":"https:\/\/polar55.com\/cs\/dohoda-o-zpracovani-udaju\/","url":"https:\/\/polar55.com\/cs\/dohoda-o-zpracovani-udaju\/","name":"Dohoda o zpracov\u00e1n\u00ed \u00fadaj\u016f - Polar55","isPartOf":{"@id":"https:\/\/polar55.com\/cs\/#website"},"datePublished":"2024-07-31T13:13:10+00:00","dateModified":"2026-04-08T07:36:43+00:00","breadcrumb":{"@id":"https:\/\/polar55.com\/cs\/dohoda-o-zpracovani-udaju\/#breadcrumb"},"inLanguage":"cs","potentialAction":[{"@type":"ReadAction","target":["https:\/\/polar55.com\/cs\/dohoda-o-zpracovani-udaju\/"]}]},{"@type":"BreadcrumbList","@id":"https:\/\/polar55.com\/cs\/dohoda-o-zpracovani-udaju\/#breadcrumb","itemListElement":[{"@type":"ListItem","position":1,"name":"Hjem","item":"https:\/\/polar55.com\/cs\/"},{"@type":"ListItem","position":2,"name":"Dohoda o zpracov\u00e1n\u00ed \u00fadaj\u016f"}]},{"@type":"WebSite","@id":"https:\/\/polar55.com\/cs\/#website","url":"https:\/\/polar55.com\/cs\/","name":"Polar55","description":"cheap hosting and domains","potentialAction":[{"@type":"SearchAction","target":{"@type":"EntryPoint","urlTemplate":"https:\/\/polar55.com\/cs\/?s={search_term_string}"},"query-input":{"@type":"PropertyValueSpecification","valueRequired":true,"valueName":"search_term_string"}}],"inLanguage":"cs"}]}},"_links":{"self":[{"href":"https:\/\/polar55.com\/cs\/wp-json\/wp\/v2\/pages\/9917","targetHints":{"allow":["GET"]}}],"collection":[{"href":"https:\/\/polar55.com\/cs\/wp-json\/wp\/v2\/pages"}],"about":[{"href":"https:\/\/polar55.com\/cs\/wp-json\/wp\/v2\/types\/page"}],"author":[{"embeddable":true,"href":"https:\/\/polar55.com\/cs\/wp-json\/wp\/v2\/users\/3"}],"replies":[{"embeddable":true,"href":"https:\/\/polar55.com\/cs\/wp-json\/wp\/v2\/comments?post=9917"}],"version-history":[{"count":9,"href":"https:\/\/polar55.com\/cs\/wp-json\/wp\/v2\/pages\/9917\/revisions"}],"predecessor-version":[{"id":10495,"href":"https:\/\/polar55.com\/cs\/wp-json\/wp\/v2\/pages\/9917\/revisions\/10495"}],"wp:attachment":[{"href":"https:\/\/polar55.com\/cs\/wp-json\/wp\/v2\/media?parent=9917"}],"curies":[{"name":"wp","href":"https:\/\/api.w.org\/{rel}","templated":true}]}}