{"id":9915,"date":"2024-07-31T09:21:49","date_gmt":"2024-07-31T08:21:49","guid":{"rendered":"https:\/\/polar55.com\/soubory-cookie\/"},"modified":"2026-04-08T08:53:35","modified_gmt":"2026-04-08T07:53:35","slug":"soubory-cookies","status":"publish","type":"page","link":"https:\/\/polar55.com\/cs\/soubory-cookies\/","title":{"rendered":"Soubory cookies"},"content":{"rendered":"<div class=\"wpb-content-wrapper\"><p>[vc_row css=&#8220;.vc_custom_1722414156781{padding-top: 40px !important;padding-bottom: 40px !important;}&#8220;][vc_column][vc_column_text]\n    <strong>Obecn\u00e9 informace<\/strong>\n    <p>1.1 Tyto z\u00e1sady ochrany osobn\u00edch \u00fadaj\u016f (\u201eZ\u00e1sady ochrany osobn\u00edch \u00fadaj\u016f\u201c) popisuj\u00ed, jak spole\u010dnost Polar55 (\u201emy\u201c, \u201en\u00e1s\u201c, \u201ena\u0161e\u201c) shroma\u017e\u010fuje a zpracov\u00e1v\u00e1 informace o v\u00e1s.<\/p>\n    <p>1.2 Tyto z\u00e1sady ochrany osobn\u00edch \u00fadaj\u016f se vztahuj\u00ed na osobn\u00ed \u00fadaje, kter\u00e9 n\u00e1m poskytnete, nebo kter\u00e9 shroma\u017e\u010fujeme prost\u0159ednictv\u00edm webov\u00e9 str\u00e1nky www.polar55.com (\u201eWebov\u00e1 str\u00e1nka\u201c).<\/p>\n    <p>1.3 Spole\u010dnost Polar55 je spr\u00e1vcem va\u0161ich osobn\u00edch \u00fadaj\u016f. Ve\u0161ker\u00e9 dotazy t\u00fdkaj\u00edc\u00ed se Polar55 lze zaslat pomoc\u00ed kontaktn\u00edch \u00fadaj\u016f uveden\u00fdch v bod\u011b 8.<\/p>\n\n    <strong>Jak\u00e9 osobn\u00ed \u00fadaje shroma\u017e\u010fujeme, za jak\u00fdm \u00fa\u010delem a jak\u00fd je pr\u00e1vn\u00ed z\u00e1klad zpracov\u00e1n\u00ed<\/strong>\n    <p>2.1 Kdy\u017e nav\u0161t\u00edv\u00edte Webovou str\u00e1nku, automaticky o v\u00e1s shroma\u017e\u010fujeme informace o va\u0161em pou\u017e\u00edv\u00e1n\u00ed Webov\u00e9 str\u00e1nky, nap\u0159\u00edklad typ prohl\u00ed\u017ee\u010de, vyhled\u00e1vac\u00ed v\u00fdrazy, IP adresu a informace o po\u010d\u00edta\u010di.<\/p>\n    <p>2.1.1 \u00da\u010delem je optimalizace u\u017eivatelsk\u00e9ho prost\u0159ed\u00ed a funk\u010dnosti Webov\u00e9 str\u00e1nky. Toto zpracov\u00e1n\u00ed je nezbytn\u00e9 pro napln\u011bn\u00ed na\u0161ich opr\u00e1vn\u011bn\u00fdch z\u00e1jm\u016f na zlep\u0161ov\u00e1n\u00ed Webov\u00e9 str\u00e1nky.<\/p>\n    <p>2.1.2 Pr\u00e1vn\u00edm z\u00e1kladem pro toto zpracov\u00e1n\u00ed je \u010dl\u00e1nek 6 odst. 1 p\u00edsm. f) obecn\u00e9ho na\u0159\u00edzen\u00ed o ochran\u011b osobn\u00edch \u00fadaj\u016f (GDPR).<\/p>\n\n    <strong>Cookies<\/strong>\n    <p>3.1 Polar55 pou\u017e\u00edv\u00e1 cookies (soubory cookie) pro technick\u00e9 \u00fa\u010dely, m\u011b\u0159en\u00ed n\u00e1v\u0161t\u011bvnosti a c\u00edlenou reklamu.<\/p>\n\n    <strong>P\u0159\u00edjemci osobn\u00edch \u00fadaj\u016f<\/strong>\n    <p>4.1 Informace mohou b\u00fdt sd\u00edleny s extern\u00edmi partnery pro technick\u00fd provoz, \u00fa\u010detnictv\u00ed, zpracov\u00e1n\u00ed plateb a reklamn\u00ed \u00fa\u010dely.<\/p>\n\n    <strong>Va\u0161e pr\u00e1va<\/strong>\n    <p>5.1 M\u00e1te pr\u00e1vo na p\u0159\u00edstup ke sv\u00fdm \u00fadaj\u016fm, jejich opravu, v\u00fdmaz a tak\u00e9 pr\u00e1vo vzn\u00e9st n\u00e1mitku proti jejich zpracov\u00e1n\u00ed.<\/p>\n\n    <strong>Kontaktn\u00ed informace<\/strong>\n    <p>Polar55<br>Godth\u00e5bsvej 27<br>8660 Skanderborg<br>E-mail: kontakt[at]polar55.cz<br>I\u010c DPH: DK40745769<\/p>[\/vc_column_text][\/vc_column][\/vc_row]<\/p>\n<\/div>","protected":false},"excerpt":{"rendered":"<p>[vc_row css=&#8220;.vc_custom_1722414156781{padding-top: 40px !important;padding-bottom: 40px !important;}&#8220;][vc_column][vc_column_text][\/vc_column_text][\/vc_column][\/vc_row]<\/p>\n","protected":false},"author":3,"featured_media":0,"parent":0,"menu_order":0,"comment_status":"closed","ping_status":"closed","template":"","meta":{"_acf_changed":false,"footnotes":""},"class_list":["post-9915","page","type-page","status-publish","hentry"],"acf":[],"yoast_head":"<!-- This site is optimized with the Yoast SEO plugin v26.8 - https:\/\/yoast.com\/product\/yoast-seo-wordpress\/ -->\n<title>Soubory cookies - Polar55<\/title>\n<meta name=\"robots\" content=\"index, follow, max-snippet:-1, max-image-preview:large, max-video-preview:-1\" \/>\n<link rel=\"canonical\" href=\"https:\/\/polar55.com\/cs\/soubory-cookies\/\" \/>\n<meta property=\"og:locale\" content=\"cs_CZ\" \/>\n<meta property=\"og:type\" content=\"article\" \/>\n<meta property=\"og:title\" content=\"Soubory cookies - Polar55\" \/>\n<meta property=\"og:description\" content=\"[vc_row css=&#8220;.vc_custom_1722414156781{padding-top: 40px !important;padding-bottom: 40px !important;}&#8220;][vc_column][vc_column_text][\/vc_column_text][\/vc_column][\/vc_row]\" \/>\n<meta property=\"og:url\" content=\"https:\/\/polar55.com\/cs\/soubory-cookies\/\" \/>\n<meta property=\"og:site_name\" content=\"Polar55\" \/>\n<meta property=\"article:modified_time\" content=\"2026-04-08T07:53:35+00:00\" \/>\n<meta name=\"twitter:card\" content=\"summary_large_image\" \/>\n<meta name=\"twitter:label1\" content=\"Odhadovan\u00e1 doba \u010dten\u00ed\" \/>\n\t<meta name=\"twitter:data1\" content=\"1 minuta\" \/>\n<script type=\"application\/ld+json\" class=\"yoast-schema-graph\">{\"@context\":\"https:\/\/schema.org\",\"@graph\":[{\"@type\":\"WebPage\",\"@id\":\"https:\/\/polar55.com\/cs\/soubory-cookies\/\",\"url\":\"https:\/\/polar55.com\/cs\/soubory-cookies\/\",\"name\":\"Soubory cookies - Polar55\",\"isPartOf\":{\"@id\":\"https:\/\/polar55.com\/cs\/#website\"},\"datePublished\":\"2024-07-31T08:21:49+00:00\",\"dateModified\":\"2026-04-08T07:53:35+00:00\",\"breadcrumb\":{\"@id\":\"https:\/\/polar55.com\/cs\/soubory-cookies\/#breadcrumb\"},\"inLanguage\":\"cs\",\"potentialAction\":[{\"@type\":\"ReadAction\",\"target\":[\"https:\/\/polar55.com\/cs\/soubory-cookies\/\"]}]},{\"@type\":\"BreadcrumbList\",\"@id\":\"https:\/\/polar55.com\/cs\/soubory-cookies\/#breadcrumb\",\"itemListElement\":[{\"@type\":\"ListItem\",\"position\":1,\"name\":\"Hjem\",\"item\":\"https:\/\/polar55.com\/cs\/\"},{\"@type\":\"ListItem\",\"position\":2,\"name\":\"Soubory cookies\"}]},{\"@type\":\"WebSite\",\"@id\":\"https:\/\/polar55.com\/cs\/#website\",\"url\":\"https:\/\/polar55.com\/cs\/\",\"name\":\"Polar55\",\"description\":\"cheap hosting and domains\",\"potentialAction\":[{\"@type\":\"SearchAction\",\"target\":{\"@type\":\"EntryPoint\",\"urlTemplate\":\"https:\/\/polar55.com\/cs\/?s={search_term_string}\"},\"query-input\":{\"@type\":\"PropertyValueSpecification\",\"valueRequired\":true,\"valueName\":\"search_term_string\"}}],\"inLanguage\":\"cs\"}]}<\/script>\n<!-- \/ Yoast SEO plugin. -->","yoast_head_json":{"title":"Soubory cookies - Polar55","robots":{"index":"index","follow":"follow","max-snippet":"max-snippet:-1","max-image-preview":"max-image-preview:large","max-video-preview":"max-video-preview:-1"},"canonical":"https:\/\/polar55.com\/cs\/soubory-cookies\/","og_locale":"cs_CZ","og_type":"article","og_title":"Soubory cookies - Polar55","og_description":"[vc_row css=&#8220;.vc_custom_1722414156781{padding-top: 40px !important;padding-bottom: 40px !important;}&#8220;][vc_column][vc_column_text][\/vc_column_text][\/vc_column][\/vc_row]","og_url":"https:\/\/polar55.com\/cs\/soubory-cookies\/","og_site_name":"Polar55","article_modified_time":"2026-04-08T07:53:35+00:00","twitter_card":"summary_large_image","twitter_misc":{"Odhadovan\u00e1 doba \u010dten\u00ed":"1 minuta"},"schema":{"@context":"https:\/\/schema.org","@graph":[{"@type":"WebPage","@id":"https:\/\/polar55.com\/cs\/soubory-cookies\/","url":"https:\/\/polar55.com\/cs\/soubory-cookies\/","name":"Soubory cookies - Polar55","isPartOf":{"@id":"https:\/\/polar55.com\/cs\/#website"},"datePublished":"2024-07-31T08:21:49+00:00","dateModified":"2026-04-08T07:53:35+00:00","breadcrumb":{"@id":"https:\/\/polar55.com\/cs\/soubory-cookies\/#breadcrumb"},"inLanguage":"cs","potentialAction":[{"@type":"ReadAction","target":["https:\/\/polar55.com\/cs\/soubory-cookies\/"]}]},{"@type":"BreadcrumbList","@id":"https:\/\/polar55.com\/cs\/soubory-cookies\/#breadcrumb","itemListElement":[{"@type":"ListItem","position":1,"name":"Hjem","item":"https:\/\/polar55.com\/cs\/"},{"@type":"ListItem","position":2,"name":"Soubory cookies"}]},{"@type":"WebSite","@id":"https:\/\/polar55.com\/cs\/#website","url":"https:\/\/polar55.com\/cs\/","name":"Polar55","description":"cheap hosting and domains","potentialAction":[{"@type":"SearchAction","target":{"@type":"EntryPoint","urlTemplate":"https:\/\/polar55.com\/cs\/?s={search_term_string}"},"query-input":{"@type":"PropertyValueSpecification","valueRequired":true,"valueName":"search_term_string"}}],"inLanguage":"cs"}]}},"_links":{"self":[{"href":"https:\/\/polar55.com\/cs\/wp-json\/wp\/v2\/pages\/9915","targetHints":{"allow":["GET"]}}],"collection":[{"href":"https:\/\/polar55.com\/cs\/wp-json\/wp\/v2\/pages"}],"about":[{"href":"https:\/\/polar55.com\/cs\/wp-json\/wp\/v2\/types\/page"}],"author":[{"embeddable":true,"href":"https:\/\/polar55.com\/cs\/wp-json\/wp\/v2\/users\/3"}],"replies":[{"embeddable":true,"href":"https:\/\/polar55.com\/cs\/wp-json\/wp\/v2\/comments?post=9915"}],"version-history":[{"count":5,"href":"https:\/\/polar55.com\/cs\/wp-json\/wp\/v2\/pages\/9915\/revisions"}],"predecessor-version":[{"id":10529,"href":"https:\/\/polar55.com\/cs\/wp-json\/wp\/v2\/pages\/9915\/revisions\/10529"}],"wp:attachment":[{"href":"https:\/\/polar55.com\/cs\/wp-json\/wp\/v2\/media?parent=9915"}],"curies":[{"name":"wp","href":"https:\/\/api.w.org\/{rel}","templated":true}]}}