{"id":9912,"date":"2019-08-01T22:13:20","date_gmt":"2019-08-01T21:13:20","guid":{"rendered":"https:\/\/polar55.com\/zasady-pouzivani-souboru-cookie-a-ochrany-osobnich-udaju\/"},"modified":"2026-04-08T09:49:20","modified_gmt":"2026-04-08T08:49:20","slug":"zasady-pouzivani-souboru-cookies-a-ochrany-osobnich-udaju","status":"publish","type":"page","link":"https:\/\/polar55.com\/cs\/zasady-pouzivani-souboru-cookies-a-ochrany-osobnich-udaju\/","title":{"rendered":"Z\u00e1sady pou\u017e\u00edv\u00e1n\u00ed soubor\u016f cookies a ochrany osobn\u00edch \u00fadaj\u016f"},"content":{"rendered":"<div class=\"wpb-content-wrapper\"><p>[vc_row css=&#8220;.vc_custom_1722415467825{padding-top: 40px !important;padding-bottom: 40px !important;}&#8220;][vc_column][vc_column_text]    <p>Tato str\u00e1nka popisuje z\u00e1sady pou\u017e\u00edv\u00e1n\u00ed cookies a ochrany osobn\u00edch \u00fadaj\u016f spole\u010dnosti Polar55, kter\u00e1 je sou\u010d\u00e1st\u00ed spole\u010dnosti nordicway ApS (\"spole\u010dnost\", DI\u010c: DK40745769), a webu polar55.com (\"webov\u00e1 str\u00e1nka\").<\/p>\n\n    <strong>Jak\u00e9 typy informac\u00ed spole\u010dnost ukl\u00e1d\u00e1 o registrovan\u00fdch z\u00e1kazn\u00edc\u00edch?<\/strong>\n    <p>Informace, kter\u00e9 registrovan\u00ed z\u00e1kazn\u00edci poskytuj\u00ed, zahrnuj\u00ed:<\/p>\n    <ul>\n        <li>Jm\u00e9no<\/li>\n        <li>N\u00e1zev spole\u010dnosti a \u010d\u00edslo CVR, pokud se v\u00e1s t\u00fdk\u00e1<\/li>\n        <li>Po\u0161tovn\u00ed adresu<\/li>\n        <li>Telefonn\u00ed \u010d\u00edslo<\/li>\n        <li>E-mailovou adresu<\/li>\n        <li>\u010c\u00edslo EAN, pokud se v\u00e1s t\u00fdk\u00e1<\/li>\n        <li>Heslo<\/li>\n    <\/ul>\n\n    <strong>Jak pou\u017e\u00edv\u00e1me \u00fadaje registrovan\u00fdch z\u00e1kazn\u00edk\u016f?<\/strong>\n    <p>\u00dadaje poskytnut\u00e9 registrovan\u00fdmi z\u00e1kazn\u00edky pou\u017e\u00edv\u00e1me zejm\u00e9na k t\u011bmto \u00fa\u010del\u016fm:<\/p>\n    <ul>\n        <li>Podpora<\/li>\n        <li>Registrace dom\u00e9n<\/li>\n        <li>Fakturace<\/li>\n    <\/ul>\n\n    <strong>Pro\u010d je nutn\u00e9 uv\u00e1d\u011bt \u00fadaje, jako je po\u0161tovn\u00ed adresa a telefonn\u00ed \u010d\u00edslo?<\/strong>\n    <p>Tyto \u00fadaje vy\u017eaduj\u00ed na\u0161i registra\u010dn\u00ed partne\u0159i p\u0159i registraci dom\u00e9n.<\/p>\n\n    <strong>Ukl\u00e1d\u00e1 spole\u010dnost \u00fadaje o platebn\u00edch kart\u00e1ch?<\/strong>\n    <p>Ne, spole\u010dnost \u017e\u00e1dn\u00e9 \u00fadaje o platebn\u00edch kart\u00e1ch neukl\u00e1d\u00e1.<\/p>\n\n    <strong>S jak\u00fdmi t\u0159et\u00edmi stranami jsou \u00fadaje sd\u00edleny?<\/strong>\n    <p>V souvislosti s platbami jsou \u00fadaje sd\u00edleny s na\u0161\u00edm poskytovatelem plateb Stripe, Inc. P\u0159i registraci dom\u00e9n sd\u00edl\u00edme nezbytn\u00e9 \u00fadaje s na\u0161\u00edm registra\u010dn\u00edm partnerem Key-Systems GmbH. Ve v\u0161ech p\u0159\u00edpadech p\u0159ed\u00e1v\u00e1me pouze minimum informac\u00ed nutn\u00fdch pro dan\u00fd \u00fa\u010del a ve\u0161ker\u00e1 komunikace prob\u00edh\u00e1 p\u0159es zabezpe\u010den\u00e1 \u0161ifrovan\u00e1 spojen\u00ed.<\/p>\n\n    <strong>Jak spole\u010dnost \u00fadaje ukl\u00e1d\u00e1?<\/strong>\n    <p>Ve\u0161ker\u00e9 informace ukl\u00e1d\u00e1me na dedikovan\u00fdch serverech um\u00edst\u011bn\u00fdch v zabezpe\u010den\u00fdch n\u011bmeck\u00fdch datov\u00fdch centrech.<\/p>\n\n    <strong>E-mailov\u00e1 komunikace<\/strong>\n    <p>E-maily zas\u00edl\u00e1me pouze z\u00e1kazn\u00edk\u016fm s aktivn\u00edmi produkty. Pos\u00edl\u00e1me p\u0159edev\u0161\u00edm faktury a provozn\u00ed informace, nap\u0159\u00edklad o v\u00fdpadc\u00edch nebo pl\u00e1novan\u00e9 \u00fadr\u017eb\u011b syst\u00e9mu.<\/p>\n\n    <strong>Prod\u00e1 n\u011bkdy spole\u010dnost \u00fadaje jin\u00e9 spole\u010dnosti?<\/strong>\n    <p>Rozhodn\u011b ne.<\/p>\n\n    <strong>Dodr\u017eov\u00e1n\u00ed z\u00e1sad ochrany osobn\u00edch \u00fadaj\u016f<\/strong>\n    <p>Pokud se domn\u00edv\u00e1te, \u017ee s va\u0161imi \u00fadaji nen\u00ed nakl\u00e1d\u00e1no v souladu s na\u0161imi z\u00e1sadami ochrany osobn\u00edch \u00fadaj\u016f, kontaktujte n\u00e1s.<\/p>\n\n    <strong>Pou\u017e\u00edv\u00e1 tato webov\u00e1 str\u00e1nka cookies?<\/strong>\n    <p>Ano, tato webov\u00e1 str\u00e1nka pou\u017e\u00edv\u00e1 cookies. V\u00edce informac\u00ed najdete n\u00ed\u017ee.<\/p>\n\n    <strong>Obecn\u011b<\/strong>\n    <p>P\u0159i n\u00e1v\u0161t\u011bv\u011b webov\u00e9 str\u00e1nky se ulo\u017e\u00ed cookie s jedine\u010dn\u00fdm \u010d\u00edslem, kter\u00e9 nelze pou\u017e\u00edt k identifikaci konkr\u00e9tn\u00ed osoby. Tato cookie slou\u017e\u00ed v\u00fdhradn\u011b pro navigaci na webu a po zav\u0159en\u00ed prohl\u00ed\u017ee\u010de je odstran\u011bna.<\/p>\n\n    <strong>Google Analytics<\/strong>\n    <p>Na va\u0161em za\u0159\u00edzen\u00ed se ulo\u017e\u00ed cookie slu\u017eby Google Analytics, kter\u00e1 slou\u017e\u00ed ke statistick\u00fdm \u00fa\u010del\u016fm, nap\u0159\u00edklad k anal\u00fdze chov\u00e1n\u00ed n\u00e1v\u0161t\u011bvn\u00edk\u016f na webov\u00e9 str\u00e1nce.<\/p>\n\n    <strong>Mohu se cookies vyhnout?<\/strong>\n    <p>Ano, m\u016f\u017eete <a href=\"https:\/\/www.privacypolicies.com\/blog\/how-to-delete-cookies\/\" target=\"_blank\" rel=\"noopener\">postupovat podle tohoto n\u00e1vodu<\/a> k odstran\u011bn\u00ed cookies nebo k omezen\u00ed jejich ukl\u00e1d\u00e1n\u00ed.<\/p>[\/vc_column_text][\/vc_column][\/vc_row]<\/p>\n<\/div>","protected":false},"excerpt":{"rendered":"<p>[vc_row css=&#8220;.vc_custom_1722415467825{padding-top: 40px !important;padding-bottom: 40px !important;}&#8220;][vc_column][vc_column_text][\/vc_column_text][\/vc_column][\/vc_row]<\/p>\n","protected":false},"author":1,"featured_media":0,"parent":0,"menu_order":0,"comment_status":"closed","ping_status":"open","template":"","meta":{"_acf_changed":false,"footnotes":""},"class_list":["post-9912","page","type-page","status-publish","hentry"],"acf":[],"yoast_head":"<!-- This site is optimized with the Yoast SEO plugin v26.8 - https:\/\/yoast.com\/product\/yoast-seo-wordpress\/ -->\n<title>Z\u00e1sady pou\u017e\u00edv\u00e1n\u00ed soubor\u016f cookies a ochrany osobn\u00edch \u00fadaj\u016f - Polar55<\/title>\n<meta name=\"robots\" content=\"index, follow, max-snippet:-1, max-image-preview:large, max-video-preview:-1\" \/>\n<link rel=\"canonical\" href=\"https:\/\/polar55.com\/cs\/zasady-pouzivani-souboru-cookies-a-ochrany-osobnich-udaju\/\" \/>\n<meta property=\"og:locale\" content=\"cs_CZ\" \/>\n<meta property=\"og:type\" content=\"article\" \/>\n<meta property=\"og:title\" content=\"Z\u00e1sady pou\u017e\u00edv\u00e1n\u00ed soubor\u016f cookies a ochrany osobn\u00edch \u00fadaj\u016f - Polar55\" \/>\n<meta property=\"og:description\" content=\"[vc_row css=&#8220;.vc_custom_1722415467825{padding-top: 40px !important;padding-bottom: 40px !important;}&#8220;][vc_column][vc_column_text][\/vc_column_text][\/vc_column][\/vc_row]\" \/>\n<meta property=\"og:url\" content=\"https:\/\/polar55.com\/cs\/zasady-pouzivani-souboru-cookies-a-ochrany-osobnich-udaju\/\" \/>\n<meta property=\"og:site_name\" content=\"Polar55\" \/>\n<meta property=\"article:modified_time\" content=\"2026-04-08T08:49:20+00:00\" \/>\n<meta name=\"twitter:card\" content=\"summary_large_image\" \/>\n<meta name=\"twitter:label1\" content=\"Odhadovan\u00e1 doba \u010dten\u00ed\" \/>\n\t<meta name=\"twitter:data1\" content=\"1 minuta\" \/>\n<script type=\"application\/ld+json\" class=\"yoast-schema-graph\">{\"@context\":\"https:\/\/schema.org\",\"@graph\":[{\"@type\":\"WebPage\",\"@id\":\"https:\/\/polar55.com\/cs\/zasady-pouzivani-souboru-cookies-a-ochrany-osobnich-udaju\/\",\"url\":\"https:\/\/polar55.com\/cs\/zasady-pouzivani-souboru-cookies-a-ochrany-osobnich-udaju\/\",\"name\":\"Z\u00e1sady pou\u017e\u00edv\u00e1n\u00ed soubor\u016f cookies a ochrany osobn\u00edch \u00fadaj\u016f - Polar55\",\"isPartOf\":{\"@id\":\"https:\/\/polar55.com\/cs\/#website\"},\"datePublished\":\"2019-08-01T21:13:20+00:00\",\"dateModified\":\"2026-04-08T08:49:20+00:00\",\"breadcrumb\":{\"@id\":\"https:\/\/polar55.com\/cs\/zasady-pouzivani-souboru-cookies-a-ochrany-osobnich-udaju\/#breadcrumb\"},\"inLanguage\":\"cs\",\"potentialAction\":[{\"@type\":\"ReadAction\",\"target\":[\"https:\/\/polar55.com\/cs\/zasady-pouzivani-souboru-cookies-a-ochrany-osobnich-udaju\/\"]}]},{\"@type\":\"BreadcrumbList\",\"@id\":\"https:\/\/polar55.com\/cs\/zasady-pouzivani-souboru-cookies-a-ochrany-osobnich-udaju\/#breadcrumb\",\"itemListElement\":[{\"@type\":\"ListItem\",\"position\":1,\"name\":\"Hjem\",\"item\":\"https:\/\/polar55.com\/cs\/\"},{\"@type\":\"ListItem\",\"position\":2,\"name\":\"Z\u00e1sady pou\u017e\u00edv\u00e1n\u00ed soubor\u016f cookies a ochrany osobn\u00edch \u00fadaj\u016f\"}]},{\"@type\":\"WebSite\",\"@id\":\"https:\/\/polar55.com\/cs\/#website\",\"url\":\"https:\/\/polar55.com\/cs\/\",\"name\":\"Polar55\",\"description\":\"cheap hosting and domains\",\"potentialAction\":[{\"@type\":\"SearchAction\",\"target\":{\"@type\":\"EntryPoint\",\"urlTemplate\":\"https:\/\/polar55.com\/cs\/?s={search_term_string}\"},\"query-input\":{\"@type\":\"PropertyValueSpecification\",\"valueRequired\":true,\"valueName\":\"search_term_string\"}}],\"inLanguage\":\"cs\"}]}<\/script>\n<!-- \/ Yoast SEO plugin. -->","yoast_head_json":{"title":"Z\u00e1sady pou\u017e\u00edv\u00e1n\u00ed soubor\u016f cookies a ochrany osobn\u00edch \u00fadaj\u016f - Polar55","robots":{"index":"index","follow":"follow","max-snippet":"max-snippet:-1","max-image-preview":"max-image-preview:large","max-video-preview":"max-video-preview:-1"},"canonical":"https:\/\/polar55.com\/cs\/zasady-pouzivani-souboru-cookies-a-ochrany-osobnich-udaju\/","og_locale":"cs_CZ","og_type":"article","og_title":"Z\u00e1sady pou\u017e\u00edv\u00e1n\u00ed soubor\u016f cookies a ochrany osobn\u00edch \u00fadaj\u016f - Polar55","og_description":"[vc_row css=&#8220;.vc_custom_1722415467825{padding-top: 40px !important;padding-bottom: 40px !important;}&#8220;][vc_column][vc_column_text][\/vc_column_text][\/vc_column][\/vc_row]","og_url":"https:\/\/polar55.com\/cs\/zasady-pouzivani-souboru-cookies-a-ochrany-osobnich-udaju\/","og_site_name":"Polar55","article_modified_time":"2026-04-08T08:49:20+00:00","twitter_card":"summary_large_image","twitter_misc":{"Odhadovan\u00e1 doba \u010dten\u00ed":"1 minuta"},"schema":{"@context":"https:\/\/schema.org","@graph":[{"@type":"WebPage","@id":"https:\/\/polar55.com\/cs\/zasady-pouzivani-souboru-cookies-a-ochrany-osobnich-udaju\/","url":"https:\/\/polar55.com\/cs\/zasady-pouzivani-souboru-cookies-a-ochrany-osobnich-udaju\/","name":"Z\u00e1sady pou\u017e\u00edv\u00e1n\u00ed soubor\u016f cookies a ochrany osobn\u00edch \u00fadaj\u016f - Polar55","isPartOf":{"@id":"https:\/\/polar55.com\/cs\/#website"},"datePublished":"2019-08-01T21:13:20+00:00","dateModified":"2026-04-08T08:49:20+00:00","breadcrumb":{"@id":"https:\/\/polar55.com\/cs\/zasady-pouzivani-souboru-cookies-a-ochrany-osobnich-udaju\/#breadcrumb"},"inLanguage":"cs","potentialAction":[{"@type":"ReadAction","target":["https:\/\/polar55.com\/cs\/zasady-pouzivani-souboru-cookies-a-ochrany-osobnich-udaju\/"]}]},{"@type":"BreadcrumbList","@id":"https:\/\/polar55.com\/cs\/zasady-pouzivani-souboru-cookies-a-ochrany-osobnich-udaju\/#breadcrumb","itemListElement":[{"@type":"ListItem","position":1,"name":"Hjem","item":"https:\/\/polar55.com\/cs\/"},{"@type":"ListItem","position":2,"name":"Z\u00e1sady pou\u017e\u00edv\u00e1n\u00ed soubor\u016f cookies a ochrany osobn\u00edch \u00fadaj\u016f"}]},{"@type":"WebSite","@id":"https:\/\/polar55.com\/cs\/#website","url":"https:\/\/polar55.com\/cs\/","name":"Polar55","description":"cheap hosting and domains","potentialAction":[{"@type":"SearchAction","target":{"@type":"EntryPoint","urlTemplate":"https:\/\/polar55.com\/cs\/?s={search_term_string}"},"query-input":{"@type":"PropertyValueSpecification","valueRequired":true,"valueName":"search_term_string"}}],"inLanguage":"cs"}]}},"_links":{"self":[{"href":"https:\/\/polar55.com\/cs\/wp-json\/wp\/v2\/pages\/9912","targetHints":{"allow":["GET"]}}],"collection":[{"href":"https:\/\/polar55.com\/cs\/wp-json\/wp\/v2\/pages"}],"about":[{"href":"https:\/\/polar55.com\/cs\/wp-json\/wp\/v2\/types\/page"}],"author":[{"embeddable":true,"href":"https:\/\/polar55.com\/cs\/wp-json\/wp\/v2\/users\/1"}],"replies":[{"embeddable":true,"href":"https:\/\/polar55.com\/cs\/wp-json\/wp\/v2\/comments?post=9912"}],"version-history":[{"count":5,"href":"https:\/\/polar55.com\/cs\/wp-json\/wp\/v2\/pages\/9912\/revisions"}],"predecessor-version":[{"id":10549,"href":"https:\/\/polar55.com\/cs\/wp-json\/wp\/v2\/pages\/9912\/revisions\/10549"}],"wp:attachment":[{"href":"https:\/\/polar55.com\/cs\/wp-json\/wp\/v2\/media?parent=9912"}],"curies":[{"name":"wp","href":"https:\/\/api.w.org\/{rel}","templated":true}]}}