{"id":9907,"date":"2023-11-03T12:50:18","date_gmt":"2023-11-03T12:50:18","guid":{"rendered":"https:\/\/polar55.com\/blog\/"},"modified":"2026-04-07T14:05:16","modified_gmt":"2026-04-07T13:05:16","slug":"blog","status":"publish","type":"page","link":"https:\/\/polar55.com\/cs\/blog\/","title":{"rendered":"Blog"},"content":{"rendered":"<div class=\"wpb-content-wrapper\"><p>[vc_row king_bg_repeat=&#8220;no-repeat&#8220; king_padding_top=&#8220;70&#8243; king_padding_bottom=&#8220;70&#8243; css=&#8220;.vc_custom_1722437564373{padding-top: 40px !important;padding-bottom: 40px !important;}&#8220;][vc_column][vc_basic_grid post_type=&#8220;post&#8220; max_items=&#8220;50&#8243; element_width=&#8220;3&#8243; gap=&#8220;35&#8243; grid_id=&#8220;vc_gid:1722437534625-de50afaa-8aca-6&#8243;][\/vc_column][\/vc_row]<\/p>\n<\/div>","protected":false},"excerpt":{"rendered":"<p>[vc_row king_bg_repeat=&#8220;no-repeat&#8220; king_padding_top=&#8220;70&#8243; king_padding_bottom=&#8220;70&#8243; css=&#8220;.vc_custom_1722437564373{padding-top: 40px !important;padding-bottom: 40px !important;}&#8220;][vc_column][vc_basic_grid post_type=&#8220;post&#8220; max_items=&#8220;50&#8243; element_width=&#8220;3&#8243; gap=&#8220;35&#8243; grid_id=&#8220;vc_gid:1722437534625-de50afaa-8aca-6&#8243;][\/vc_column][\/vc_row]<\/p>\n","protected":false},"author":3,"featured_media":9908,"parent":0,"menu_order":0,"comment_status":"closed","ping_status":"closed","template":"","meta":{"_acf_changed":false,"footnotes":""},"class_list":["post-9907","page","type-page","status-publish","has-post-thumbnail","hentry"],"acf":[],"yoast_head":"<!-- This site is optimized with the Yoast SEO plugin v26.8 - https:\/\/yoast.com\/product\/yoast-seo-wordpress\/ -->\n<title>Blog - Polar55<\/title>\n<meta name=\"description\" content=\"P\u0159e\u010dt\u011bte si nejnov\u011bj\u0161\u00ed novinky od Polar55 \u2013 d\u011bn\u00ed na hostingov\u00e9m trhu, produktov\u00e9 novinky, odborn\u00e9 n\u00e1zory a dal\u0161\u00ed informace ze sv\u011bta hostingu.\" \/>\n<meta name=\"robots\" content=\"index, follow, max-snippet:-1, max-image-preview:large, max-video-preview:-1\" \/>\n<link rel=\"canonical\" href=\"https:\/\/polar55.com\/cs\/blog\/\" \/>\n<meta property=\"og:locale\" content=\"cs_CZ\" \/>\n<meta property=\"og:type\" content=\"article\" \/>\n<meta property=\"og:title\" content=\"Blog - Polar55\" \/>\n<meta property=\"og:description\" content=\"P\u0159e\u010dt\u011bte si nejnov\u011bj\u0161\u00ed novinky od Polar55 \u2013 d\u011bn\u00ed na hostingov\u00e9m trhu, produktov\u00e9 novinky, odborn\u00e9 n\u00e1zory a dal\u0161\u00ed informace ze sv\u011bta hostingu.\" \/>\n<meta property=\"og:url\" content=\"https:\/\/polar55.com\/cs\/blog\/\" \/>\n<meta property=\"og:site_name\" content=\"Polar55\" \/>\n<meta property=\"article:modified_time\" content=\"2026-04-07T13:05:16+00:00\" \/>\n<meta property=\"og:image\" content=\"https:\/\/polar55.com\/wp-content\/uploads\/2020\/01\/stacked.png\" \/>\n\t<meta property=\"og:image:width\" content=\"120\" \/>\n\t<meta property=\"og:image:height\" content=\"120\" \/>\n\t<meta property=\"og:image:type\" content=\"image\/png\" \/>\n<meta name=\"twitter:card\" content=\"summary_large_image\" \/>\n<meta name=\"twitter:label1\" content=\"Odhadovan\u00e1 doba \u010dten\u00ed\" \/>\n\t<meta name=\"twitter:data1\" content=\"1 minuta\" \/>\n<script type=\"application\/ld+json\" class=\"yoast-schema-graph\">{\"@context\":\"https:\/\/schema.org\",\"@graph\":[{\"@type\":\"WebPage\",\"@id\":\"https:\/\/polar55.com\/cs\/blog\/\",\"url\":\"https:\/\/polar55.com\/cs\/blog\/\",\"name\":\"Blog - Polar55\",\"isPartOf\":{\"@id\":\"https:\/\/polar55.com\/cs\/#website\"},\"primaryImageOfPage\":{\"@id\":\"https:\/\/polar55.com\/cs\/blog\/#primaryimage\"},\"image\":{\"@id\":\"https:\/\/polar55.com\/cs\/blog\/#primaryimage\"},\"thumbnailUrl\":\"https:\/\/polar55.com\/wp-content\/uploads\/2020\/01\/stacked.png\",\"datePublished\":\"2023-11-03T12:50:18+00:00\",\"dateModified\":\"2026-04-07T13:05:16+00:00\",\"description\":\"P\u0159e\u010dt\u011bte si nejnov\u011bj\u0161\u00ed novinky od Polar55 \u2013 d\u011bn\u00ed na hostingov\u00e9m trhu, produktov\u00e9 novinky, odborn\u00e9 n\u00e1zory a dal\u0161\u00ed informace ze sv\u011bta hostingu.\",\"breadcrumb\":{\"@id\":\"https:\/\/polar55.com\/cs\/blog\/#breadcrumb\"},\"inLanguage\":\"cs\",\"potentialAction\":[{\"@type\":\"ReadAction\",\"target\":[\"https:\/\/polar55.com\/cs\/blog\/\"]}]},{\"@type\":\"ImageObject\",\"inLanguage\":\"cs\",\"@id\":\"https:\/\/polar55.com\/cs\/blog\/#primaryimage\",\"url\":\"https:\/\/polar55.com\/wp-content\/uploads\/2020\/01\/stacked.png\",\"contentUrl\":\"https:\/\/polar55.com\/wp-content\/uploads\/2020\/01\/stacked.png\",\"width\":120,\"height\":120,\"caption\":\"polar55 stacked\"},{\"@type\":\"BreadcrumbList\",\"@id\":\"https:\/\/polar55.com\/cs\/blog\/#breadcrumb\",\"itemListElement\":[{\"@type\":\"ListItem\",\"position\":1,\"name\":\"Hjem\",\"item\":\"https:\/\/polar55.com\/cs\/\"},{\"@type\":\"ListItem\",\"position\":2,\"name\":\"Blog\"}]},{\"@type\":\"WebSite\",\"@id\":\"https:\/\/polar55.com\/cs\/#website\",\"url\":\"https:\/\/polar55.com\/cs\/\",\"name\":\"Polar55\",\"description\":\"cheap hosting and domains\",\"potentialAction\":[{\"@type\":\"SearchAction\",\"target\":{\"@type\":\"EntryPoint\",\"urlTemplate\":\"https:\/\/polar55.com\/cs\/?s={search_term_string}\"},\"query-input\":{\"@type\":\"PropertyValueSpecification\",\"valueRequired\":true,\"valueName\":\"search_term_string\"}}],\"inLanguage\":\"cs\"}]}<\/script>\n<!-- \/ Yoast SEO plugin. -->","yoast_head_json":{"title":"Blog - Polar55","description":"P\u0159e\u010dt\u011bte si nejnov\u011bj\u0161\u00ed novinky od Polar55 \u2013 d\u011bn\u00ed na hostingov\u00e9m trhu, produktov\u00e9 novinky, odborn\u00e9 n\u00e1zory a dal\u0161\u00ed informace ze sv\u011bta hostingu.","robots":{"index":"index","follow":"follow","max-snippet":"max-snippet:-1","max-image-preview":"max-image-preview:large","max-video-preview":"max-video-preview:-1"},"canonical":"https:\/\/polar55.com\/cs\/blog\/","og_locale":"cs_CZ","og_type":"article","og_title":"Blog - Polar55","og_description":"P\u0159e\u010dt\u011bte si nejnov\u011bj\u0161\u00ed novinky od Polar55 \u2013 d\u011bn\u00ed na hostingov\u00e9m trhu, produktov\u00e9 novinky, odborn\u00e9 n\u00e1zory a dal\u0161\u00ed informace ze sv\u011bta hostingu.","og_url":"https:\/\/polar55.com\/cs\/blog\/","og_site_name":"Polar55","article_modified_time":"2026-04-07T13:05:16+00:00","og_image":[{"width":120,"height":120,"url":"https:\/\/polar55.com\/wp-content\/uploads\/2020\/01\/stacked.png","type":"image\/png"}],"twitter_card":"summary_large_image","twitter_misc":{"Odhadovan\u00e1 doba \u010dten\u00ed":"1 minuta"},"schema":{"@context":"https:\/\/schema.org","@graph":[{"@type":"WebPage","@id":"https:\/\/polar55.com\/cs\/blog\/","url":"https:\/\/polar55.com\/cs\/blog\/","name":"Blog - Polar55","isPartOf":{"@id":"https:\/\/polar55.com\/cs\/#website"},"primaryImageOfPage":{"@id":"https:\/\/polar55.com\/cs\/blog\/#primaryimage"},"image":{"@id":"https:\/\/polar55.com\/cs\/blog\/#primaryimage"},"thumbnailUrl":"https:\/\/polar55.com\/wp-content\/uploads\/2020\/01\/stacked.png","datePublished":"2023-11-03T12:50:18+00:00","dateModified":"2026-04-07T13:05:16+00:00","description":"P\u0159e\u010dt\u011bte si nejnov\u011bj\u0161\u00ed novinky od Polar55 \u2013 d\u011bn\u00ed na hostingov\u00e9m trhu, produktov\u00e9 novinky, odborn\u00e9 n\u00e1zory a dal\u0161\u00ed informace ze sv\u011bta hostingu.","breadcrumb":{"@id":"https:\/\/polar55.com\/cs\/blog\/#breadcrumb"},"inLanguage":"cs","potentialAction":[{"@type":"ReadAction","target":["https:\/\/polar55.com\/cs\/blog\/"]}]},{"@type":"ImageObject","inLanguage":"cs","@id":"https:\/\/polar55.com\/cs\/blog\/#primaryimage","url":"https:\/\/polar55.com\/wp-content\/uploads\/2020\/01\/stacked.png","contentUrl":"https:\/\/polar55.com\/wp-content\/uploads\/2020\/01\/stacked.png","width":120,"height":120,"caption":"polar55 stacked"},{"@type":"BreadcrumbList","@id":"https:\/\/polar55.com\/cs\/blog\/#breadcrumb","itemListElement":[{"@type":"ListItem","position":1,"name":"Hjem","item":"https:\/\/polar55.com\/cs\/"},{"@type":"ListItem","position":2,"name":"Blog"}]},{"@type":"WebSite","@id":"https:\/\/polar55.com\/cs\/#website","url":"https:\/\/polar55.com\/cs\/","name":"Polar55","description":"cheap hosting and domains","potentialAction":[{"@type":"SearchAction","target":{"@type":"EntryPoint","urlTemplate":"https:\/\/polar55.com\/cs\/?s={search_term_string}"},"query-input":{"@type":"PropertyValueSpecification","valueRequired":true,"valueName":"search_term_string"}}],"inLanguage":"cs"}]}},"_links":{"self":[{"href":"https:\/\/polar55.com\/cs\/wp-json\/wp\/v2\/pages\/9907","targetHints":{"allow":["GET"]}}],"collection":[{"href":"https:\/\/polar55.com\/cs\/wp-json\/wp\/v2\/pages"}],"about":[{"href":"https:\/\/polar55.com\/cs\/wp-json\/wp\/v2\/types\/page"}],"author":[{"embeddable":true,"href":"https:\/\/polar55.com\/cs\/wp-json\/wp\/v2\/users\/3"}],"replies":[{"embeddable":true,"href":"https:\/\/polar55.com\/cs\/wp-json\/wp\/v2\/comments?post=9907"}],"version-history":[{"count":2,"href":"https:\/\/polar55.com\/cs\/wp-json\/wp\/v2\/pages\/9907\/revisions"}],"predecessor-version":[{"id":10493,"href":"https:\/\/polar55.com\/cs\/wp-json\/wp\/v2\/pages\/9907\/revisions\/10493"}],"wp:featuredmedia":[{"embeddable":true,"href":"https:\/\/polar55.com\/cs\/wp-json\/wp\/v2\/media\/9908"}],"wp:attachment":[{"href":"https:\/\/polar55.com\/cs\/wp-json\/wp\/v2\/media?parent=9907"}],"curies":[{"name":"wp","href":"https:\/\/api.w.org\/{rel}","templated":true}]}}