{"id":9884,"date":"2019-08-28T09:42:17","date_gmt":"2019-08-28T08:42:17","guid":{"rendered":"https:\/\/polar55.com\/o-spolecnosti-polar55\/"},"modified":"2026-04-08T08:44:38","modified_gmt":"2026-04-08T07:44:38","slug":"o-spolecnosti-polar55","status":"publish","type":"page","link":"https:\/\/polar55.com\/cs\/o-spolecnosti-polar55\/","title":{"rendered":"O spole\u010dnosti Polar55"},"content":{"rendered":"<div class=\"wpb-content-wrapper\"><p>[vc_row css=&#8220;.vc_custom_1722411745676{padding-top: 40px !important;padding-bottom: 40px !important;}&#8220;][vc_column width=&#8220;2\/3&#8243; css=&#8220;.vc_custom_1566982451471{margin-bottom: 20px !important;}&#8220;][vc_column_text]<div class=\"flex flex-grow flex-col gap-3 max-w-full\">\n  <div class=\"min-h-[20px] flex flex-col items-start gap-3 whitespace-pre-wrap break-words overflow-x-auto\">\n    <div class=\"markdown prose w-full break-words dark:prose-invert dark\">\n      <h2>Polar55<\/h2>\n      <p>Polar55 je hostingov\u00e1 spole\u010dnost. Zam\u011b\u0159ujeme se na jednoduch\u00e1 hostingov\u00e1 \u0159e\u0161en\u00ed, kter\u00fdm porozum\u00ed i lid\u00e9, kte\u0159\u00ed s weby a webhostingem dosud nepracovali.<\/p>\n      <p>Podpora v Polar55 je osobn\u00ed a p\u0159\u00e1telsk\u00e1. Pravideln\u011b zve\u0159ej\u0148ujeme videon\u00e1vody k nej\u010dast\u011bji pou\u017e\u00edvan\u00fdm funkc\u00edm na\u0161\u00ed hostingov\u00e9 platformy, aby na\u0161i z\u00e1kazn\u00edci snadno na\u0161li pomoc, kdykoli ji pot\u0159ebuj\u00ed.<\/p>\n      <p>Spole\u010dnost Polar55 vedou jej\u00ed zakladatel\u00e9 Michael Storm a Thomas Iversen spolu s mal\u00fdm t\u00fdmem podpory a serverov\u00fdm administr\u00e1torem.<\/p>\n      <p>Michael vystudoval multimedi\u00e1ln\u00ed design, a m\u00e1 proto siln\u00e9 z\u00e1zem\u00ed ve frontendov\u00e9m i backendov\u00e9m v\u00fdvoji a tak\u00e9 v grafick\u00e9m designu. Od roku 2011 se zam\u011b\u0159uje na WordPress weby, WooCommerce e-shopy a grafick\u00e1 \u0159e\u0161en\u00ed vytv\u00e1\u0159en\u00e1 ve Photoshopu a InDesignu.<\/p>\n      <p>Michael klade velk\u00fd d\u016fraz na spokojenost z\u00e1kazn\u00edk\u016f, proto\u017ee pr\u00e1v\u011b ta je pro dlouhodob\u00fd r\u016fst firmy z\u00e1sadn\u00ed. V\u011b\u0159\u00ed, \u017ee spokojen\u00ed z\u00e1kazn\u00edci slu\u017eby p\u0159irozen\u011b doporu\u010duj\u00ed d\u00e1l, a proto je pro n\u011bj prioritou poskytovat profesion\u00e1ln\u00ed \u0159e\u0161en\u00ed, kter\u00e1 odpov\u00eddaj\u00ed o\u010dek\u00e1v\u00e1n\u00edm klient\u016f.<\/p>\n      <p>Thomas je vystudovan\u00fd stavebn\u00ed in\u017een\u00fdr a online m\u00e9di\u00edm se v\u011bnuje od roku 2010. Stoj\u00ed za n\u011bkolika weby, v\u010detn\u011b rozs\u00e1hl\u00e9 platformy nab\u00edzej\u00edc\u00ed online IT kurzy.<\/p>\n      <p>Thomas je specialista na WordPress a publikoval o n\u011bm tak\u00e9 vlastn\u00ed odbornou knihu.<\/p>\n    <\/div>\n  <\/div>\n<\/div>[\/vc_column_text][vc_separator css=&#8220;.vc_custom_1569317247994{margin-top: 30px !important;margin-bottom: 30px !important;}&#8220;][vc_column_text]<div class=\"vc_row wpb_row vc_inner vc_row-fluid greyscale staff-imgs\"><div class=\"wpb_column vc_column_container vc_col-sm-6\"><div class=\"vc_column-inner\"><div class=\"wpb_wrapper\">\n            <style>\n          .p55-margins {\n            margin-top: 25px;\n            margin-left: 40px;\n            margin-right: 40px;\n          }\n        \n          @media (max-width: 920px) {\n            .p55-margins {\n              margin-left: 0;\n              margin-right: 0;\n            }\n          }\n        <\/style>\n      <div class=\"wpb_single_image wpb_content_element vc_align_center p55-margins\">\n        <h2 class=\"wpb_heading wpb_singleimage_heading\" style=\"margin-bottom:10px;\">Michael<\/h2>\n        <figure class=\"wpb_wrapper vc_figure\">\n          <div class=\"vc_single_image-wrapper vc_box_border_grey\">\n            <img fetchpriority=\"high\" decoding=\"async\" src=\"https:\/\/polar55.com\/wp-content\/uploads\/2023\/06\/michael.png\" alt=\"\" title=\"michael\">\n          <\/div>\n        <\/figure>\n      <\/div>\n      <div class=\"wpb_text_column wpb_content_element \">\n        <div class=\"wpb_wrapper\">\n          <p style=\"text-align: center;margin-top:5px;\"><em>Partner, technick\u00fd a mana\u017eer podpory<\/em><\/p>\n        <\/div>\n      <\/div>\n    <\/div><\/div><\/div><div class=\"wpb_column vc_column_container vc_col-sm-6\"><div class=\"vc_column-inner\"><div class=\"wpb_wrapper\">\n            <style>\n          .p55-margins {\n            margin-top: 25px;\n            margin-left: 40px;\n            margin-right: 40px;\n          }\n        \n          @media (max-width: 920px) {\n            .p55-margins {\n              margin-left: 0;\n              margin-right: 0;\n            }\n          }\n        <\/style>\n      <div class=\"wpb_single_image wpb_content_element vc_align_center p55-margins\">\n        <h2 class=\"wpb_heading wpb_singleimage_heading\" style=\"margin-bottom:10px;\">Thomas<\/h2>\n        <figure class=\"wpb_wrapper vc_figure\">\n          <div class=\"vc_single_image-wrapper vc_box_border_grey\">\n            <img decoding=\"async\" src=\"https:\/\/polar55.com\/wp-content\/uploads\/2023\/06\/thomas.png\" alt=\"\" title=\"thomas\">\n          <\/div>\n        <\/figure>\n      <\/div>\n      <div class=\"wpb_text_column wpb_content_element \">\n        <div class=\"wpb_wrapper\">\n          <p style=\"text-align: center;margin-top:5px;\"><em>Partner, obchodn\u00ed mana\u017eer<\/em><\/p>\n        <\/div>\n      <\/div>\n    <\/div><\/div><\/div><\/div><div class=\"vc_row wpb_row vc_inner vc_row-fluid greyscale staff-imgs\"><div class=\"wpb_column vc_column_container vc_col-sm-6\"><div class=\"vc_column-inner\"><div class=\"wpb_wrapper\">\n            <style>\n          .p55-margins {\n            margin-top: 25px;\n            margin-left: 40px;\n            margin-right: 40px;\n          }\n        \n          @media (max-width: 920px) {\n            .p55-margins {\n              margin-left: 0;\n              margin-right: 0;\n            }\n          }\n        <\/style>\n      <div class=\"wpb_single_image wpb_content_element vc_align_center p55-margins\">\n        <h2 class=\"wpb_heading wpb_singleimage_heading\" style=\"margin-bottom:10px;\">Michael<\/h2>\n        <figure class=\"wpb_wrapper vc_figure\">\n          <div class=\"vc_single_image-wrapper vc_box_border_grey\">\n            <img decoding=\"async\" src=\"https:\/\/polar55.com\/wp-content\/uploads\/2024\/07\/profile-pic-3-300x300-1.png\" alt=\"\" title=\"profile-pic-3-300x300\">\n          <\/div>\n        <\/figure>\n      <\/div>\n      <div class=\"wpb_text_column wpb_content_element \">\n        <div class=\"wpb_wrapper\">\n          <p style=\"text-align: center;margin-top:5px;\"><em>Serverov\u00fd administr\u00e1tor<\/em><\/p>\n        <\/div>\n      <\/div>\n    <\/div><\/div><\/div><div class=\"wpb_column vc_column_container vc_col-sm-6\"><div class=\"vc_column-inner\"><div class=\"wpb_wrapper\">\n            <style>\n          .p55-margins {\n            margin-top: 25px;\n            margin-left: 40px;\n            margin-right: 40px;\n          }\n        \n          @media (max-width: 920px) {\n            .p55-margins {\n              margin-left: 0;\n              margin-right: 0;\n            }\n          }\n        <\/style>\n      <div class=\"wpb_single_image wpb_content_element vc_align_center p55-margins\">\n        <h2 class=\"wpb_heading wpb_singleimage_heading\" style=\"margin-bottom:10px;\">Kevin<\/h2>\n        <figure class=\"wpb_wrapper vc_figure\">\n          <div class=\"vc_single_image-wrapper vc_box_border_grey\">\n            <img loading=\"lazy\" decoding=\"async\" src=\"https:\/\/polar55.com\/wp-content\/uploads\/2024\/07\/profile-pic-1-300x300-1.png\" alt=\"\" title=\"profile-pic-1-300x300\">\n          <\/div>\n        <\/figure>\n      <\/div>\n      <div class=\"wpb_text_column wpb_content_element \">\n        <div class=\"wpb_wrapper\">\n          <p style=\"text-align: center;margin-top:5px;\"><em>Technick\u00e1 podpora<\/em><\/p>\n        <\/div>\n      <\/div>\n    <\/div><\/div><\/div><\/div><div class=\"vc_row wpb_row vc_inner vc_row-fluid greyscale staff-imgs\"><div class=\"wpb_column vc_column_container vc_col-sm-6\"><div class=\"vc_column-inner\"><div class=\"wpb_wrapper\">\n            <style>\n          .p55-margins {\n            margin-top: 25px;\n            margin-left: 40px;\n            margin-right: 40px;\n          }\n        \n          @media (max-width: 920px) {\n            .p55-margins {\n              margin-left: 0;\n              margin-right: 0;\n            }\n          }\n        <\/style>\n      <div class=\"wpb_single_image wpb_content_element vc_align_center p55-margins\">\n        <h2 class=\"wpb_heading wpb_singleimage_heading\" style=\"margin-bottom:10px;\">Dariusz<\/h2>\n        <figure class=\"wpb_wrapper vc_figure\">\n          <div class=\"vc_single_image-wrapper vc_box_border_grey\">\n            <img loading=\"lazy\" decoding=\"async\" src=\"https:\/\/polar55.com\/wp-content\/uploads\/2024\/12\/dariouz.png\" alt=\"\" title=\"dariouz\">\n          <\/div>\n        <\/figure>\n      <\/div>\n      <div class=\"wpb_text_column wpb_content_element \">\n        <div class=\"wpb_wrapper\">\n          <p style=\"text-align: center;margin-top:5px;\"><em>Technick\u00e1 podpora<\/em><\/p>\n        <\/div>\n      <\/div>\n    <\/div><\/div><\/div><div class=\"wpb_column vc_column_container vc_col-sm-6\"><div class=\"vc_column-inner\"><div class=\"wpb_wrapper\">\n            <style>\n          .p55-margins {\n            margin-top: 25px;\n            margin-left: 40px;\n            margin-right: 40px;\n          }\n        \n          @media (max-width: 920px) {\n            .p55-margins {\n              margin-left: 0;\n              margin-right: 0;\n            }\n          }\n        <\/style>\n      <div class=\"wpb_single_image wpb_content_element vc_align_center p55-margins\">\n        <h2 class=\"wpb_heading wpb_singleimage_heading\" style=\"margin-bottom:10px;\">Ivan<\/h2>\n        <figure class=\"wpb_wrapper vc_figure\">\n          <div class=\"vc_single_image-wrapper vc_box_border_grey\">\n            <img loading=\"lazy\" decoding=\"async\" src=\"https:\/\/polar55.com\/wp-content\/uploads\/2025\/10\/ivan-round.png\" alt=\"\" title=\"ivan-round\">\n          <\/div>\n        <\/figure>\n      <\/div>\n      <div class=\"wpb_text_column wpb_content_element \">\n        <div class=\"wpb_wrapper\">\n          <p style=\"text-align: center;margin-top:5px;\"><em>Technick\u00e1 podpora<\/em><\/p>\n        <\/div>\n      <\/div>\n    <\/div><\/div><\/div><\/div>[\/vc_column_text][\/vc_column][vc_column width=&#8220;1\/3&#8243; css=&#8220;.vc_custom_1566982972264{padding-left: 120px !important;}&#8220;][vc_column_text]\n<p style=\"text-align: left;\">\n    <strong>Kontakt<\/strong><br>\n    Polar55<br>\n    Godth\u00e5bsvej 27<br>\n    8660 Skanderborg<br>\n    D\u00e1nsko<br>\n    kontakt@polar55.cz\n<\/p>\n<p style=\"text-align: left;\">Sou\u010d\u00e1st spole\u010dnosti nordicway ApS<br>DI\u010c: DK40745769<\/p>[\/vc_column_text][\/vc_column][\/vc_row]<\/p>\n<\/div>","protected":false},"excerpt":{"rendered":"<p>[vc_row css=&#8220;.vc_custom_1722411745676{padding-top: 40px !important;padding-bottom: 40px !important;}&#8220;][vc_column width=&#8220;2\/3&#8243; css=&#8220;.vc_custom_1566982451471{margin-bottom: 20px !important;}&#8220;][vc_column_text][\/vc_column_text][vc_separator css=&#8220;.vc_custom_1569317247994{margin-top: 30px !important;margin-bottom: 30px !important;}&#8220;][vc_column_text][\/vc_column_text][\/vc_column][vc_column width=&#8220;1\/3&#8243; css=&#8220;.vc_custom_1566982972264{padding-left: 120px !important;}&#8220;][vc_column_text][\/vc_column_text][\/vc_column][\/vc_row]<\/p>\n","protected":false},"author":1,"featured_media":9894,"parent":0,"menu_order":0,"comment_status":"closed","ping_status":"closed","template":"","meta":{"_acf_changed":false,"footnotes":""},"class_list":["post-9884","page","type-page","status-publish","has-post-thumbnail","hentry"],"acf":[],"yoast_head":"<!-- This site is optimized with the Yoast SEO plugin v26.8 - https:\/\/yoast.com\/product\/yoast-seo-wordpress\/ -->\n<title>O Polar55 | Jeden z nejlep\u0161\u00edch poskytovatel\u016f hostingu<\/title>\n<meta name=\"description\" content=\"P\u0159e\u010dt\u011bte si v\u00edce o spole\u010dnosti Polar55 a seznamte se s t\u00edm, kdo za n\u00ed stoj\u00ed a jak\u00e9 hodnoty zast\u00e1v\u00e1.\" \/>\n<meta name=\"robots\" content=\"index, follow, max-snippet:-1, max-image-preview:large, max-video-preview:-1\" \/>\n<link rel=\"canonical\" href=\"https:\/\/polar55.com\/cs\/o-spolecnosti-polar55\/\" \/>\n<meta property=\"og:locale\" content=\"cs_CZ\" \/>\n<meta property=\"og:type\" content=\"article\" \/>\n<meta property=\"og:title\" content=\"O Polar55 | Jeden z nejlep\u0161\u00edch poskytovatel\u016f hostingu\" \/>\n<meta property=\"og:description\" content=\"P\u0159e\u010dt\u011bte si v\u00edce o spole\u010dnosti Polar55 a seznamte se s t\u00edm, kdo za n\u00ed stoj\u00ed a jak\u00e9 hodnoty zast\u00e1v\u00e1.\" \/>\n<meta property=\"og:url\" content=\"https:\/\/polar55.com\/cs\/o-spolecnosti-polar55\/\" \/>\n<meta property=\"og:site_name\" content=\"Polar55\" \/>\n<meta property=\"article:modified_time\" content=\"2026-04-08T07:44:38+00:00\" \/>\n<meta property=\"og:image\" content=\"https:\/\/polar55.com\/wp-content\/uploads\/2024\/11\/logo-square.png\" \/>\n\t<meta property=\"og:image:width\" content=\"400\" \/>\n\t<meta property=\"og:image:height\" content=\"400\" \/>\n\t<meta property=\"og:image:type\" content=\"image\/png\" \/>\n<meta name=\"twitter:card\" content=\"summary_large_image\" \/>\n<meta name=\"twitter:label1\" content=\"Odhadovan\u00e1 doba \u010dten\u00ed\" \/>\n\t<meta name=\"twitter:data1\" content=\"1 minuta\" \/>\n<script type=\"application\/ld+json\" class=\"yoast-schema-graph\">{\"@context\":\"https:\/\/schema.org\",\"@graph\":[{\"@type\":\"WebPage\",\"@id\":\"https:\/\/polar55.com\/cs\/o-spolecnosti-polar55\/\",\"url\":\"https:\/\/polar55.com\/cs\/o-spolecnosti-polar55\/\",\"name\":\"O Polar55 | Jeden z nejlep\u0161\u00edch poskytovatel\u016f hostingu\",\"isPartOf\":{\"@id\":\"https:\/\/polar55.com\/cs\/#website\"},\"primaryImageOfPage\":{\"@id\":\"https:\/\/polar55.com\/cs\/o-spolecnosti-polar55\/#primaryimage\"},\"image\":{\"@id\":\"https:\/\/polar55.com\/cs\/o-spolecnosti-polar55\/#primaryimage\"},\"thumbnailUrl\":\"https:\/\/polar55.com\/wp-content\/uploads\/2024\/11\/logo-square.png\",\"datePublished\":\"2019-08-28T08:42:17+00:00\",\"dateModified\":\"2026-04-08T07:44:38+00:00\",\"description\":\"P\u0159e\u010dt\u011bte si v\u00edce o spole\u010dnosti Polar55 a seznamte se s t\u00edm, kdo za n\u00ed stoj\u00ed a jak\u00e9 hodnoty zast\u00e1v\u00e1.\",\"breadcrumb\":{\"@id\":\"https:\/\/polar55.com\/cs\/o-spolecnosti-polar55\/#breadcrumb\"},\"inLanguage\":\"cs\",\"potentialAction\":[{\"@type\":\"ReadAction\",\"target\":[\"https:\/\/polar55.com\/cs\/o-spolecnosti-polar55\/\"]}]},{\"@type\":\"ImageObject\",\"inLanguage\":\"cs\",\"@id\":\"https:\/\/polar55.com\/cs\/o-spolecnosti-polar55\/#primaryimage\",\"url\":\"https:\/\/polar55.com\/wp-content\/uploads\/2024\/11\/logo-square.png\",\"contentUrl\":\"https:\/\/polar55.com\/wp-content\/uploads\/2024\/11\/logo-square.png\",\"width\":400,\"height\":400},{\"@type\":\"BreadcrumbList\",\"@id\":\"https:\/\/polar55.com\/cs\/o-spolecnosti-polar55\/#breadcrumb\",\"itemListElement\":[{\"@type\":\"ListItem\",\"position\":1,\"name\":\"Hjem\",\"item\":\"https:\/\/polar55.com\/cs\/\"},{\"@type\":\"ListItem\",\"position\":2,\"name\":\"O spole\u010dnosti Polar55\"}]},{\"@type\":\"WebSite\",\"@id\":\"https:\/\/polar55.com\/cs\/#website\",\"url\":\"https:\/\/polar55.com\/cs\/\",\"name\":\"Polar55\",\"description\":\"cheap hosting and domains\",\"potentialAction\":[{\"@type\":\"SearchAction\",\"target\":{\"@type\":\"EntryPoint\",\"urlTemplate\":\"https:\/\/polar55.com\/cs\/?s={search_term_string}\"},\"query-input\":{\"@type\":\"PropertyValueSpecification\",\"valueRequired\":true,\"valueName\":\"search_term_string\"}}],\"inLanguage\":\"cs\"}]}<\/script>\n<!-- \/ Yoast SEO plugin. -->","yoast_head_json":{"title":"O Polar55 | Jeden z nejlep\u0161\u00edch poskytovatel\u016f hostingu","description":"P\u0159e\u010dt\u011bte si v\u00edce o spole\u010dnosti Polar55 a seznamte se s t\u00edm, kdo za n\u00ed stoj\u00ed a jak\u00e9 hodnoty zast\u00e1v\u00e1.","robots":{"index":"index","follow":"follow","max-snippet":"max-snippet:-1","max-image-preview":"max-image-preview:large","max-video-preview":"max-video-preview:-1"},"canonical":"https:\/\/polar55.com\/cs\/o-spolecnosti-polar55\/","og_locale":"cs_CZ","og_type":"article","og_title":"O Polar55 | Jeden z nejlep\u0161\u00edch poskytovatel\u016f hostingu","og_description":"P\u0159e\u010dt\u011bte si v\u00edce o spole\u010dnosti Polar55 a seznamte se s t\u00edm, kdo za n\u00ed stoj\u00ed a jak\u00e9 hodnoty zast\u00e1v\u00e1.","og_url":"https:\/\/polar55.com\/cs\/o-spolecnosti-polar55\/","og_site_name":"Polar55","article_modified_time":"2026-04-08T07:44:38+00:00","og_image":[{"width":400,"height":400,"url":"https:\/\/polar55.com\/wp-content\/uploads\/2024\/11\/logo-square.png","type":"image\/png"}],"twitter_card":"summary_large_image","twitter_misc":{"Odhadovan\u00e1 doba \u010dten\u00ed":"1 minuta"},"schema":{"@context":"https:\/\/schema.org","@graph":[{"@type":"WebPage","@id":"https:\/\/polar55.com\/cs\/o-spolecnosti-polar55\/","url":"https:\/\/polar55.com\/cs\/o-spolecnosti-polar55\/","name":"O Polar55 | Jeden z nejlep\u0161\u00edch poskytovatel\u016f hostingu","isPartOf":{"@id":"https:\/\/polar55.com\/cs\/#website"},"primaryImageOfPage":{"@id":"https:\/\/polar55.com\/cs\/o-spolecnosti-polar55\/#primaryimage"},"image":{"@id":"https:\/\/polar55.com\/cs\/o-spolecnosti-polar55\/#primaryimage"},"thumbnailUrl":"https:\/\/polar55.com\/wp-content\/uploads\/2024\/11\/logo-square.png","datePublished":"2019-08-28T08:42:17+00:00","dateModified":"2026-04-08T07:44:38+00:00","description":"P\u0159e\u010dt\u011bte si v\u00edce o spole\u010dnosti Polar55 a seznamte se s t\u00edm, kdo za n\u00ed stoj\u00ed a jak\u00e9 hodnoty zast\u00e1v\u00e1.","breadcrumb":{"@id":"https:\/\/polar55.com\/cs\/o-spolecnosti-polar55\/#breadcrumb"},"inLanguage":"cs","potentialAction":[{"@type":"ReadAction","target":["https:\/\/polar55.com\/cs\/o-spolecnosti-polar55\/"]}]},{"@type":"ImageObject","inLanguage":"cs","@id":"https:\/\/polar55.com\/cs\/o-spolecnosti-polar55\/#primaryimage","url":"https:\/\/polar55.com\/wp-content\/uploads\/2024\/11\/logo-square.png","contentUrl":"https:\/\/polar55.com\/wp-content\/uploads\/2024\/11\/logo-square.png","width":400,"height":400},{"@type":"BreadcrumbList","@id":"https:\/\/polar55.com\/cs\/o-spolecnosti-polar55\/#breadcrumb","itemListElement":[{"@type":"ListItem","position":1,"name":"Hjem","item":"https:\/\/polar55.com\/cs\/"},{"@type":"ListItem","position":2,"name":"O spole\u010dnosti Polar55"}]},{"@type":"WebSite","@id":"https:\/\/polar55.com\/cs\/#website","url":"https:\/\/polar55.com\/cs\/","name":"Polar55","description":"cheap hosting and domains","potentialAction":[{"@type":"SearchAction","target":{"@type":"EntryPoint","urlTemplate":"https:\/\/polar55.com\/cs\/?s={search_term_string}"},"query-input":{"@type":"PropertyValueSpecification","valueRequired":true,"valueName":"search_term_string"}}],"inLanguage":"cs"}]}},"_links":{"self":[{"href":"https:\/\/polar55.com\/cs\/wp-json\/wp\/v2\/pages\/9884","targetHints":{"allow":["GET"]}}],"collection":[{"href":"https:\/\/polar55.com\/cs\/wp-json\/wp\/v2\/pages"}],"about":[{"href":"https:\/\/polar55.com\/cs\/wp-json\/wp\/v2\/types\/page"}],"author":[{"embeddable":true,"href":"https:\/\/polar55.com\/cs\/wp-json\/wp\/v2\/users\/1"}],"replies":[{"embeddable":true,"href":"https:\/\/polar55.com\/cs\/wp-json\/wp\/v2\/comments?post=9884"}],"version-history":[{"count":4,"href":"https:\/\/polar55.com\/cs\/wp-json\/wp\/v2\/pages\/9884\/revisions"}],"predecessor-version":[{"id":10162,"href":"https:\/\/polar55.com\/cs\/wp-json\/wp\/v2\/pages\/9884\/revisions\/10162"}],"wp:featuredmedia":[{"embeddable":true,"href":"https:\/\/polar55.com\/cs\/wp-json\/wp\/v2\/media\/9894"}],"wp:attachment":[{"href":"https:\/\/polar55.com\/cs\/wp-json\/wp\/v2\/media?parent=9884"}],"curies":[{"name":"wp","href":"https:\/\/api.w.org\/{rel}","templated":true}]}}