{"id":10586,"date":"2024-07-31T14:13:10","date_gmt":"2024-07-31T13:13:10","guid":{"rendered":"https:\/\/polar55.com\/vereinbarung-zur-datenverarbeitung\/"},"modified":"2026-04-14T11:40:37","modified_gmt":"2026-04-14T10:40:37","slug":"vereinbarung-zur-datenverarbeitung","status":"publish","type":"page","link":"https:\/\/polar55.com\/at\/vereinbarung-zur-datenverarbeitung\/","title":{"rendered":"Vereinbarung zur Datenverarbeitung"},"content":{"rendered":"<div class=\"wpb-content-wrapper\"><p>[vc_row king_class=&#8221;price_compare&#8221; king_class_container=&#8221;table-wrapper&#8221; css=&#8221;.vc_custom_1722414293279{padding-top: 40px !important;padding-bottom: 40px !important;}&#8221;][vc_column][vc_column_text el_class=&#8221;webhotel-text&#8221;]\n    <p style=\"text-align: left;\">Wenn Sie nach einem Auftragsverarbeitungsvertrag suchen, sind Sie hier genau richtig. Da wir Ihre Daten und m\u00f6glicherweise auch die Ihrer Kunden speichern, fungieren wir als Auftragsverarbeiter f\u00fcr Sie. Wenn Sie einen Vertrag ben\u00f6tigen, der dokumentiert, wie wir Ihre Daten verarbeiten und wer Zugriff darauf hat, finden Sie diesen in diesem Dokument. Sie k\u00f6nnen das Dokument auch unterschreiben und an uns zur\u00fccksenden (vorzugsweise als PDF). Bitte senden Sie die unterschriebene Version an <a href=\"mailto:ms@polar55.com\" rel=\"noopener\">ms@polar55.com<\/a>.<\/p>\n    <p style=\"text-align: left;\">Am Ende der Seite finden Sie eine kurze FAQ, die die wichtigsten Punkte des Vertrags zusammenfasst. Dort erkl\u00e4ren wir die Inhalte in einfacher Sprache, damit Sie als Kunde nachvollziehen k\u00f6nnen, wie wir Ihre Daten verarbeiten.<\/p>\n    <p style=\"text-align: left;\">Wir bieten keine individuell angepassten Auftragsverarbeitungsvertr\u00e4ge an.<\/p>\n    <p style=\"text-align: left;\"><a href=\"https:\/\/polar55.com\/wp-content\/uploads\/2020\/08\/DPA.pdf\">Auftragsverarbeitungsvertrag herunterladen<\/a><\/p>\n    <p style=\"text-align: left;\"><a href=\"https:\/\/polar55.com\/wp-content\/uploads\/2020\/09\/NSEC-Solutions.pdf\">Vertraulichkeitsvereinbarung mit Sub-Auftragsverarbeiter \u201eNSEC Solutions\u201c<\/a><\/p>\n\t<p style=\"text-align: left;\"><a href=\"https:\/\/polar55.com\/wp-content\/uploads\/2025\/09\/sampedro-en.pdf\">Vertraulichkeitsvereinbarung mit Sub-Auftragsverarbeiter \u201eSampedro ApS\u201c<\/a><\/p>\n    <p style=\"text-align: left;\">Wenn Sie Fragen zum Auftragsverarbeitungsvertrag haben, beantworten wir diese gerne. Bitte beachten Sie jedoch, dass wir keine Rechtsberatung anbieten und Sie sich gegebenenfalls an einen Experten wenden sollten.<\/p>[\/vc_column_text][\/vc_column][\/vc_row][vc_row][vc_column css=&#8221;.vc_custom_1580120817154{margin-bottom: 70px !important;}&#8221;][vc_tta_accordion][vc_tta_section title=&#8221;Wof\u00fcr verwenden Sie meine Informationen?&#8221; tab_id=&#8221;1598514746548-5ac5ecaa-4f7c&#8221;][vc_column_text]\n        <p style=\"text-align: left;\">Wir verwenden Ihre Daten, um sowohl den Betrieb sicherzustellen als auch die Kommunikation mit Ihnen zu erm\u00f6glichen. Ihre E-Mail-Adresse und Telefonnummer werden gespeichert, um Sie kontaktieren zu k\u00f6nnen. Dies kann beispielsweise Zahlungserinnerungen, Bestellbest\u00e4tigungen, Informationen \u00fcber Betriebsst\u00f6rungen und \u00c4hnliches umfassen. Ihr Name und Ihre Adressdaten werden unter anderem zur Registrierung und Verl\u00e4ngerung von Domains verwendet, da der Domain-Registrar diese Informationen zur Identit\u00e4tsbest\u00e4tigung ben\u00f6tigt.<\/p>[\/vc_column_text][\/vc_tta_section][vc_tta_section title=&#8221;Wer hat Zugriff auf meine Daten?&#8221; tab_id=&#8221;1598514746572-97b6a63d-18bd&#8221;][vc_column_text]\n        <p style=\"text-align: left;\">Die Eigent\u00fcmer und Mitarbeiter von Polar55 haben Zugriff auf die Informationen. Dar\u00fcber hinaus nutzen wir einige externe Partner. Sie k\u00f6nnen jederzeit in der Datenverarbeitungsvereinbarung einsehen, um welche Subunternehmer es sich handelt. Dazu geh\u00f6ren unter anderem Key-Systems GmbH als unser Domain-Registrar sowie Hetzner als unser Serveranbieter.<\/p>[\/vc_column_text][\/vc_tta_section][vc_tta_section title=&#8221;An wen geben Sie meine Daten weiter?&#8221; tab_id=&#8221;1598515085398-1d17331b-e5f6&#8243;][vc_column_text]\n        <p style=\"text-align: left;\">Wir geben Ihre Daten nicht an andere als die genannten Subunternehmer weiter. Es handelt sich ausschlie\u00dflich um Unternehmen, die eine unbedingt notwendige Funktion erf\u00fcllen, damit wir bei Polar55 ein Hosting-Gesch\u00e4ft betreiben k\u00f6nnen. Wir sind bestrebt, so wenigen Personen wie m\u00f6glich Zugriff auf Ihre Daten zu gew\u00e4hren.<\/p>[\/vc_column_text][\/vc_tta_section][\/vc_tta_accordion][\/vc_column][\/vc_row]<\/p>\n<\/div>","protected":false},"excerpt":{"rendered":"<p>[vc_row king_class=&#8221;price_compare&#8221; king_class_container=&#8221;table-wrapper&#8221; css=&#8221;.vc_custom_1722414293279{padding-top: 40px !important;padding-bottom: 40px !important;}&#8221;][vc_column][vc_column_text el_class=&#8221;webhotel-text&#8221;][\/vc_column_text][\/vc_column][\/vc_row][vc_row][vc_column css=&#8221;.vc_custom_1580120817154{margin-bottom: 70px !important;}&#8221;][vc_tta_accordion][vc_tta_section title=&#8221;Wof\u00fcr verwenden Sie meine Informationen?&#8221; tab_id=&#8221;1598514746548-5ac5ecaa-4f7c&#8221;][vc_column_text][\/vc_column_text][\/vc_tta_section][vc_tta_section title=&#8221;Wer hat Zugriff auf meine Daten?&#8221; tab_id=&#8221;1598514746572-97b6a63d-18bd&#8221;][vc_column_text][\/vc_column_text][\/vc_tta_section][vc_tta_section title=&#8221;An wen geben Sie meine Daten weiter?&#8221; tab_id=&#8221;1598515085398-1d17331b-e5f6&#8243;][vc_column_text][\/vc_column_text][\/vc_tta_section][\/vc_tta_accordion][\/vc_column][\/vc_row]<\/p>\n","protected":false},"author":3,"featured_media":0,"parent":0,"menu_order":0,"comment_status":"closed","ping_status":"closed","template":"","meta":{"_acf_changed":false,"footnotes":""},"class_list":["post-10586","page","type-page","status-publish","hentry"],"acf":[],"yoast_head":"<!-- This site is optimized with the Yoast SEO plugin v26.8 - https:\/\/yoast.com\/product\/yoast-seo-wordpress\/ -->\n<title>Vereinbarung zur Datenverarbeitung - Polar55<\/title>\n<meta name=\"robots\" content=\"index, follow, max-snippet:-1, max-image-preview:large, max-video-preview:-1\" \/>\n<link rel=\"canonical\" href=\"https:\/\/polar55.com\/at\/vereinbarung-zur-datenverarbeitung\/\" \/>\n<meta property=\"og:locale\" content=\"de_DE\" \/>\n<meta property=\"og:type\" content=\"article\" \/>\n<meta property=\"og:title\" content=\"Vereinbarung zur Datenverarbeitung - Polar55\" \/>\n<meta property=\"og:description\" content=\"[vc_row king_class=&#8221;price_compare&#8221; king_class_container=&#8221;table-wrapper&#8221; css=&#8221;.vc_custom_1722414293279{padding-top: 40px !important;padding-bottom: 40px !important;}&#8221;][vc_column][vc_column_text el_class=&#8221;webhotel-text&#8221;][\/vc_column_text][\/vc_column][\/vc_row][vc_row][vc_column css=&#8221;.vc_custom_1580120817154{margin-bottom: 70px !important;}&#8221;][vc_tta_accordion][vc_tta_section title=&#8221;Wof\u00fcr verwenden Sie meine Informationen?&#8221; tab_id=&#8221;1598514746548-5ac5ecaa-4f7c&#8221;][vc_column_text][\/vc_column_text][\/vc_tta_section][vc_tta_section title=&#8221;Wer hat Zugriff auf meine Daten?&#8221; tab_id=&#8221;1598514746572-97b6a63d-18bd&#8221;][vc_column_text][\/vc_column_text][\/vc_tta_section][vc_tta_section title=&#8221;An wen geben Sie meine Daten weiter?&#8221; tab_id=&#8221;1598515085398-1d17331b-e5f6&#8243;][vc_column_text][\/vc_column_text][\/vc_tta_section][\/vc_tta_accordion][\/vc_column][\/vc_row]\" \/>\n<meta property=\"og:url\" content=\"https:\/\/polar55.com\/at\/vereinbarung-zur-datenverarbeitung\/\" \/>\n<meta property=\"og:site_name\" content=\"Polar55\" \/>\n<meta property=\"article:modified_time\" content=\"2026-04-14T10:40:37+00:00\" \/>\n<meta name=\"twitter:card\" content=\"summary_large_image\" \/>\n<meta name=\"twitter:label1\" content=\"Est. reading time\" \/>\n\t<meta name=\"twitter:data1\" content=\"1 minute\" \/>\n<script type=\"application\/ld+json\" class=\"yoast-schema-graph\">{\"@context\":\"https:\/\/schema.org\",\"@graph\":[{\"@type\":\"WebPage\",\"@id\":\"https:\/\/polar55.com\/at\/vereinbarung-zur-datenverarbeitung\/\",\"url\":\"https:\/\/polar55.com\/at\/vereinbarung-zur-datenverarbeitung\/\",\"name\":\"Vereinbarung zur Datenverarbeitung - Polar55\",\"isPartOf\":{\"@id\":\"https:\/\/polar55.com\/at\/#website\"},\"datePublished\":\"2024-07-31T13:13:10+00:00\",\"dateModified\":\"2026-04-14T10:40:37+00:00\",\"breadcrumb\":{\"@id\":\"https:\/\/polar55.com\/at\/vereinbarung-zur-datenverarbeitung\/#breadcrumb\"},\"inLanguage\":\"de-AT\",\"potentialAction\":[{\"@type\":\"ReadAction\",\"target\":[\"https:\/\/polar55.com\/at\/vereinbarung-zur-datenverarbeitung\/\"]}]},{\"@type\":\"BreadcrumbList\",\"@id\":\"https:\/\/polar55.com\/at\/vereinbarung-zur-datenverarbeitung\/#breadcrumb\",\"itemListElement\":[{\"@type\":\"ListItem\",\"position\":1,\"name\":\"Hjem\",\"item\":\"https:\/\/polar55.com\/at\/\"},{\"@type\":\"ListItem\",\"position\":2,\"name\":\"Vereinbarung zur Datenverarbeitung\"}]},{\"@type\":\"WebSite\",\"@id\":\"https:\/\/polar55.com\/at\/#website\",\"url\":\"https:\/\/polar55.com\/at\/\",\"name\":\"Polar55\",\"description\":\"cheap hosting and domains\",\"potentialAction\":[{\"@type\":\"SearchAction\",\"target\":{\"@type\":\"EntryPoint\",\"urlTemplate\":\"https:\/\/polar55.com\/at\/?s={search_term_string}\"},\"query-input\":{\"@type\":\"PropertyValueSpecification\",\"valueRequired\":true,\"valueName\":\"search_term_string\"}}],\"inLanguage\":\"de-AT\"}]}<\/script>\n<!-- \/ Yoast SEO plugin. -->","yoast_head_json":{"title":"Vereinbarung zur Datenverarbeitung - Polar55","robots":{"index":"index","follow":"follow","max-snippet":"max-snippet:-1","max-image-preview":"max-image-preview:large","max-video-preview":"max-video-preview:-1"},"canonical":"https:\/\/polar55.com\/at\/vereinbarung-zur-datenverarbeitung\/","og_locale":"de_DE","og_type":"article","og_title":"Vereinbarung zur Datenverarbeitung - Polar55","og_description":"[vc_row king_class=&#8221;price_compare&#8221; king_class_container=&#8221;table-wrapper&#8221; css=&#8221;.vc_custom_1722414293279{padding-top: 40px !important;padding-bottom: 40px !important;}&#8221;][vc_column][vc_column_text el_class=&#8221;webhotel-text&#8221;][\/vc_column_text][\/vc_column][\/vc_row][vc_row][vc_column css=&#8221;.vc_custom_1580120817154{margin-bottom: 70px !important;}&#8221;][vc_tta_accordion][vc_tta_section title=&#8221;Wof\u00fcr verwenden Sie meine Informationen?&#8221; tab_id=&#8221;1598514746548-5ac5ecaa-4f7c&#8221;][vc_column_text][\/vc_column_text][\/vc_tta_section][vc_tta_section title=&#8221;Wer hat Zugriff auf meine Daten?&#8221; tab_id=&#8221;1598514746572-97b6a63d-18bd&#8221;][vc_column_text][\/vc_column_text][\/vc_tta_section][vc_tta_section title=&#8221;An wen geben Sie meine Daten weiter?&#8221; tab_id=&#8221;1598515085398-1d17331b-e5f6&#8243;][vc_column_text][\/vc_column_text][\/vc_tta_section][\/vc_tta_accordion][\/vc_column][\/vc_row]","og_url":"https:\/\/polar55.com\/at\/vereinbarung-zur-datenverarbeitung\/","og_site_name":"Polar55","article_modified_time":"2026-04-14T10:40:37+00:00","twitter_card":"summary_large_image","twitter_misc":{"Est. reading time":"1 minute"},"schema":{"@context":"https:\/\/schema.org","@graph":[{"@type":"WebPage","@id":"https:\/\/polar55.com\/at\/vereinbarung-zur-datenverarbeitung\/","url":"https:\/\/polar55.com\/at\/vereinbarung-zur-datenverarbeitung\/","name":"Vereinbarung zur Datenverarbeitung - Polar55","isPartOf":{"@id":"https:\/\/polar55.com\/at\/#website"},"datePublished":"2024-07-31T13:13:10+00:00","dateModified":"2026-04-14T10:40:37+00:00","breadcrumb":{"@id":"https:\/\/polar55.com\/at\/vereinbarung-zur-datenverarbeitung\/#breadcrumb"},"inLanguage":"de-AT","potentialAction":[{"@type":"ReadAction","target":["https:\/\/polar55.com\/at\/vereinbarung-zur-datenverarbeitung\/"]}]},{"@type":"BreadcrumbList","@id":"https:\/\/polar55.com\/at\/vereinbarung-zur-datenverarbeitung\/#breadcrumb","itemListElement":[{"@type":"ListItem","position":1,"name":"Hjem","item":"https:\/\/polar55.com\/at\/"},{"@type":"ListItem","position":2,"name":"Vereinbarung zur Datenverarbeitung"}]},{"@type":"WebSite","@id":"https:\/\/polar55.com\/at\/#website","url":"https:\/\/polar55.com\/at\/","name":"Polar55","description":"cheap hosting and domains","potentialAction":[{"@type":"SearchAction","target":{"@type":"EntryPoint","urlTemplate":"https:\/\/polar55.com\/at\/?s={search_term_string}"},"query-input":{"@type":"PropertyValueSpecification","valueRequired":true,"valueName":"search_term_string"}}],"inLanguage":"de-AT"}]}},"_links":{"self":[{"href":"https:\/\/polar55.com\/at\/wp-json\/wp\/v2\/pages\/10586","targetHints":{"allow":["GET"]}}],"collection":[{"href":"https:\/\/polar55.com\/at\/wp-json\/wp\/v2\/pages"}],"about":[{"href":"https:\/\/polar55.com\/at\/wp-json\/wp\/v2\/types\/page"}],"author":[{"embeddable":true,"href":"https:\/\/polar55.com\/at\/wp-json\/wp\/v2\/users\/3"}],"replies":[{"embeddable":true,"href":"https:\/\/polar55.com\/at\/wp-json\/wp\/v2\/comments?post=10586"}],"version-history":[{"count":2,"href":"https:\/\/polar55.com\/at\/wp-json\/wp\/v2\/pages\/10586\/revisions"}],"predecessor-version":[{"id":10755,"href":"https:\/\/polar55.com\/at\/wp-json\/wp\/v2\/pages\/10586\/revisions\/10755"}],"wp:attachment":[{"href":"https:\/\/polar55.com\/at\/wp-json\/wp\/v2\/media?parent=10586"}],"curies":[{"name":"wp","href":"https:\/\/api.w.org\/{rel}","templated":true}]}}