{"id":10585,"date":"2020-01-06T14:03:26","date_gmt":"2020-01-06T14:03:26","guid":{"rendered":"https:\/\/polar55.com\/upgrade\/"},"modified":"2026-04-14T11:30:06","modified_gmt":"2026-04-14T10:30:06","slug":"upgrade","status":"publish","type":"page","link":"https:\/\/polar55.com\/at\/upgrade\/","title":{"rendered":"Upgrade"},"content":{"rendered":"<div class=\"wpb-content-wrapper\"><p>[vc_row css=&#8221;.vc_custom_1722415314867{padding-top: 40px !important;padding-bottom: 40px !important;}&#8221;][vc_column width=&#8221;2\/3&#8243; css=&#8221;.vc_custom_1566982451471{margin-bottom: 20px !important;}&#8221;][vc_column_text]\nStandardm\u00e4\u00dfig erhalten Sie 10GB Speicherplatz, 2GB RAM und 200% CPU \/ 2 Kerne mit unserem Plus+ Standard-Webhosting-Paket.<br><br>\nF\u00fcr die meisten Nutzer ist das mehr als ausreichend, aber falls Sie mehr Speicherplatz oder bessere Leistung ben\u00f6tigen, stehen Ihnen entsprechende Upgrade-Optionen zur Verf\u00fcgung.<br><br>\nWenn der Bedarf entsteht, k\u00f6nnen Sie auf die folgenden Pakete upgraden, die sowohl mehr Speicherplatz als auch verbesserte Serverleistung bieten.<br><br>\n<\/p>\n<p>\n    <strong>Plus+ Pro<\/strong>\n    <p>Mit diesem Upgrade erhalten Sie:<\/p>\n    <ul>\n        <li>20GB Speicherplatz<\/li>\n        <li>400% CPU \/ 4 Kerne<\/li>\n        <li>3GB RAM<\/li>\n    <\/ul>\n    <p>Alles andere bleibt unver\u00e4ndert.<\/p>\n    Preis: 8,30 \u20ac \/ Monat.<\/p>\n<p>\n<strong>Plus+ Enterprise<\/strong>\n<p>Mit diesem Upgrade erhalten Sie:<\/p>\n<ul>\n    <li>40GB Speicherplatz<\/li>\n    <li>500% CPU \/ 5 Kerne<\/li>\n    <li>5GB RAM<\/li>\n<\/ul>\n<p>Alles andere bleibt unver\u00e4ndert.<\/p>\nPreis:\n 16,60 \u20ac \/ Monat.<\/p>\n<p>\n    <strong>Plus+ VIP<\/strong>\n    <p>Mit diesem Upgrade erhalten Sie:<\/p>\n    <ul>\n        <li>100GB Speicherplatz<\/li>\n        <li>500% CPU \/ 5 Kerne<\/li>\n        <li>5GB RAM<\/li>\n    <\/ul>\n    <p>Alles andere bleibt unver\u00e4ndert.<\/p>\n    Preis: 49,80 \u20ac \/ Monat.[\/vc_column_text][\/vc_column][vc_column width=&#8221;1\/3&#8243; css=&#8221;.vc_custom_1566982972264{padding-left: 120px !important;}&#8221;][vc_column_text]\n    <p style=\"text-align: left;\"><strong>Haben Sie Fragen zu den Upgrade-Optionen?<\/strong><br>\n    Kontaktieren Sie uns unter <a href=\"mailto:support@polar55.com\" target=\"_new\" rel=\"noopener\">support@polar55.com<\/a><br>\n    Oder schreiben Sie uns <a href=\"\/client\/submitticket.php?language=austrian\" target=\"_new\" rel=\"noopener\">hier<\/a>.<\/p>\n    [\/vc_column_text][\/vc_column][\/vc_row]<\/p>\n<\/div>","protected":false},"excerpt":{"rendered":"<p>[vc_row css=&#8221;.vc_custom_1722415314867{padding-top: 40px !important;padding-bottom: 40px !important;}&#8221;][vc_column width=&#8221;2\/3&#8243; css=&#8221;.vc_custom_1566982451471{margin-bottom: 20px !important;}&#8221;][vc_column_text] \/ Monat. \/ Monat. \/ Monat.[\/vc_column_text][\/vc_column][vc_column width=&#8221;1\/3&#8243; css=&#8221;.vc_custom_1566982972264{padding-left: 120px !important;}&#8221;][vc_column_text][\/vc_column_text][\/vc_column][\/vc_row]<\/p>\n","protected":false},"author":2,"featured_media":0,"parent":0,"menu_order":0,"comment_status":"closed","ping_status":"closed","template":"","meta":{"_acf_changed":false,"footnotes":""},"class_list":["post-10585","page","type-page","status-publish","hentry"],"acf":[],"yoast_head":"<!-- This site is optimized with the Yoast SEO plugin v26.8 - https:\/\/yoast.com\/product\/yoast-seo-wordpress\/ -->\n<title>Upgrade<\/title>\n<meta name=\"description\" content=\"Hier erfahren Sie mehr \u00fcber die Upgrade-Optionen, die Sie mit einem Webhosting-Service bei Polar55 haben. Skalieren Sie Ihr Hosting-Konto bei Bedarf.\" \/>\n<meta name=\"robots\" content=\"index, follow, max-snippet:-1, max-image-preview:large, max-video-preview:-1\" \/>\n<link rel=\"canonical\" href=\"https:\/\/polar55.com\/at\/upgrade\/\" \/>\n<meta property=\"og:locale\" content=\"de_DE\" \/>\n<meta property=\"og:type\" content=\"article\" \/>\n<meta property=\"og:title\" content=\"Upgrade\" \/>\n<meta property=\"og:description\" content=\"Hier erfahren Sie mehr \u00fcber die Upgrade-Optionen, die Sie mit einem Webhosting-Service bei Polar55 haben. Skalieren Sie Ihr Hosting-Konto bei Bedarf.\" \/>\n<meta property=\"og:url\" content=\"https:\/\/polar55.com\/at\/upgrade\/\" \/>\n<meta property=\"og:site_name\" content=\"Polar55\" \/>\n<meta property=\"article:modified_time\" content=\"2026-04-14T10:30:06+00:00\" \/>\n<meta name=\"twitter:card\" content=\"summary_large_image\" \/>\n<meta name=\"twitter:label1\" content=\"Est. reading time\" \/>\n\t<meta name=\"twitter:data1\" content=\"1 minute\" \/>\n<script type=\"application\/ld+json\" class=\"yoast-schema-graph\">{\"@context\":\"https:\/\/schema.org\",\"@graph\":[{\"@type\":\"WebPage\",\"@id\":\"https:\/\/polar55.com\/at\/upgrade\/\",\"url\":\"https:\/\/polar55.com\/at\/upgrade\/\",\"name\":\"Upgrade\",\"isPartOf\":{\"@id\":\"https:\/\/polar55.com\/at\/#website\"},\"datePublished\":\"2020-01-06T14:03:26+00:00\",\"dateModified\":\"2026-04-14T10:30:06+00:00\",\"description\":\"Hier erfahren Sie mehr \u00fcber die Upgrade-Optionen, die Sie mit einem Webhosting-Service bei Polar55 haben. Skalieren Sie Ihr Hosting-Konto bei Bedarf.\",\"breadcrumb\":{\"@id\":\"https:\/\/polar55.com\/at\/upgrade\/#breadcrumb\"},\"inLanguage\":\"de-AT\",\"potentialAction\":[{\"@type\":\"ReadAction\",\"target\":[\"https:\/\/polar55.com\/at\/upgrade\/\"]}]},{\"@type\":\"BreadcrumbList\",\"@id\":\"https:\/\/polar55.com\/at\/upgrade\/#breadcrumb\",\"itemListElement\":[{\"@type\":\"ListItem\",\"position\":1,\"name\":\"Hjem\",\"item\":\"https:\/\/polar55.com\/at\/\"},{\"@type\":\"ListItem\",\"position\":2,\"name\":\"Upgrade\"}]},{\"@type\":\"WebSite\",\"@id\":\"https:\/\/polar55.com\/at\/#website\",\"url\":\"https:\/\/polar55.com\/at\/\",\"name\":\"Polar55\",\"description\":\"cheap hosting and domains\",\"potentialAction\":[{\"@type\":\"SearchAction\",\"target\":{\"@type\":\"EntryPoint\",\"urlTemplate\":\"https:\/\/polar55.com\/at\/?s={search_term_string}\"},\"query-input\":{\"@type\":\"PropertyValueSpecification\",\"valueRequired\":true,\"valueName\":\"search_term_string\"}}],\"inLanguage\":\"de-AT\"}]}<\/script>\n<!-- \/ Yoast SEO plugin. -->","yoast_head_json":{"title":"Upgrade","description":"Hier erfahren Sie mehr \u00fcber die Upgrade-Optionen, die Sie mit einem Webhosting-Service bei Polar55 haben. Skalieren Sie Ihr Hosting-Konto bei Bedarf.","robots":{"index":"index","follow":"follow","max-snippet":"max-snippet:-1","max-image-preview":"max-image-preview:large","max-video-preview":"max-video-preview:-1"},"canonical":"https:\/\/polar55.com\/at\/upgrade\/","og_locale":"de_DE","og_type":"article","og_title":"Upgrade","og_description":"Hier erfahren Sie mehr \u00fcber die Upgrade-Optionen, die Sie mit einem Webhosting-Service bei Polar55 haben. Skalieren Sie Ihr Hosting-Konto bei Bedarf.","og_url":"https:\/\/polar55.com\/at\/upgrade\/","og_site_name":"Polar55","article_modified_time":"2026-04-14T10:30:06+00:00","twitter_card":"summary_large_image","twitter_misc":{"Est. reading time":"1 minute"},"schema":{"@context":"https:\/\/schema.org","@graph":[{"@type":"WebPage","@id":"https:\/\/polar55.com\/at\/upgrade\/","url":"https:\/\/polar55.com\/at\/upgrade\/","name":"Upgrade","isPartOf":{"@id":"https:\/\/polar55.com\/at\/#website"},"datePublished":"2020-01-06T14:03:26+00:00","dateModified":"2026-04-14T10:30:06+00:00","description":"Hier erfahren Sie mehr \u00fcber die Upgrade-Optionen, die Sie mit einem Webhosting-Service bei Polar55 haben. Skalieren Sie Ihr Hosting-Konto bei Bedarf.","breadcrumb":{"@id":"https:\/\/polar55.com\/at\/upgrade\/#breadcrumb"},"inLanguage":"de-AT","potentialAction":[{"@type":"ReadAction","target":["https:\/\/polar55.com\/at\/upgrade\/"]}]},{"@type":"BreadcrumbList","@id":"https:\/\/polar55.com\/at\/upgrade\/#breadcrumb","itemListElement":[{"@type":"ListItem","position":1,"name":"Hjem","item":"https:\/\/polar55.com\/at\/"},{"@type":"ListItem","position":2,"name":"Upgrade"}]},{"@type":"WebSite","@id":"https:\/\/polar55.com\/at\/#website","url":"https:\/\/polar55.com\/at\/","name":"Polar55","description":"cheap hosting and domains","potentialAction":[{"@type":"SearchAction","target":{"@type":"EntryPoint","urlTemplate":"https:\/\/polar55.com\/at\/?s={search_term_string}"},"query-input":{"@type":"PropertyValueSpecification","valueRequired":true,"valueName":"search_term_string"}}],"inLanguage":"de-AT"}]}},"_links":{"self":[{"href":"https:\/\/polar55.com\/at\/wp-json\/wp\/v2\/pages\/10585","targetHints":{"allow":["GET"]}}],"collection":[{"href":"https:\/\/polar55.com\/at\/wp-json\/wp\/v2\/pages"}],"about":[{"href":"https:\/\/polar55.com\/at\/wp-json\/wp\/v2\/types\/page"}],"author":[{"embeddable":true,"href":"https:\/\/polar55.com\/at\/wp-json\/wp\/v2\/users\/2"}],"replies":[{"embeddable":true,"href":"https:\/\/polar55.com\/at\/wp-json\/wp\/v2\/comments?post=10585"}],"version-history":[{"count":2,"href":"https:\/\/polar55.com\/at\/wp-json\/wp\/v2\/pages\/10585\/revisions"}],"predecessor-version":[{"id":10753,"href":"https:\/\/polar55.com\/at\/wp-json\/wp\/v2\/pages\/10585\/revisions\/10753"}],"wp:attachment":[{"href":"https:\/\/polar55.com\/at\/wp-json\/wp\/v2\/media?parent=10585"}],"curies":[{"name":"wp","href":"https:\/\/api.w.org\/{rel}","templated":true}]}}