{"id":10576,"date":"2024-07-30T21:46:11","date_gmt":"2024-07-30T20:46:11","guid":{"rendered":"https:\/\/polar55.com\/preise\/"},"modified":"2026-04-14T11:27:24","modified_gmt":"2026-04-14T10:27:24","slug":"preise","status":"publish","type":"page","link":"https:\/\/polar55.com\/at\/preise\/","title":{"rendered":"Preise"},"content":{"rendered":"<div class=\"wpb-content-wrapper\"><p>[vc_section css=&#8221;.vc_custom_1732787137355{padding-top: 0px !important;background-color: #00062a !important;}&#8221;][vc_row el_class=&#8221;domain_search&#8221;][vc_column][vc_raw_html]JTVCZG9tYWluX3NlYXJjaCUyMGxhbmclM0QlMjJhdXN0cmlhbiUyMiU1RA==[\/vc_raw_html][\/vc_column][\/vc_row][\/vc_section][vc_section el_class=&#8221;price_compare&#8221;][vc_row][vc_column][vc_column_text]\n    <p style=\"text-align: left;\"><strong>Polar55 ist eine der g\u00fcnstigsten und zugleich besten Hosting-L\u00f6sungen auf dem Markt. Wir legen gro\u00dfen Wert auf vollst\u00e4ndige Transparenz bei unseren Preisen \u2013 sowohl jetzt als auch in Zukunft. Deshalb haben wir diese \u00dcbersicht erstellt, die Ihnen Antworten auf alle Fragen zu unseren Preisen geben soll. Falls nicht, <a href=\"\/client\/submitticket.php?step=2&amp;deptid=1&amp;language=austrian\">schreiben Sie uns gerne hier<\/a>.<\/strong><\/p>\n    <p style=\"text-align: left;\">Alle Preise sind in \u20ac inkl. MwSt. angegeben.<\/p>\n    <p style=\"text-align: left;\"><strong>Webhosting<\/strong>\n    Erhalten Sie das erste Jahr zum Einf\u00fchrungspreis von 0,96 \u20ac\/Monat f\u00fcr die ersten 12 Monate und sparen Sie 76%. Danach erh\u00f6ht sich der Preis auf unseren regul\u00e4ren Tarif von 4,15 \u20ac\/Monat.<\/p>\n    <p style=\"text-align: left;\">Wenn Sie mehr Speicherplatz ben\u00f6tigen, k\u00f6nnen Sie jederzeit upgraden. 20 GB kosten 8,30 \u20ac pro Monat und 40 GB kosten 16,60 \u20ac pro Monat.<\/p>\n    <p style=\"text-align: left;\"><strong>Einrichtungsgeb\u00fchr<\/strong>\n    Die Einrichtungsgeb\u00fchr betr\u00e4gt 0 \u20ac.<\/p>\n    <p style=\"text-align: left;\"><strong>Domain<\/strong>\n    <a href=\"\/at\/domain\/\">Auf dieser Seite<\/a> finden Sie die Preise f\u00fcr verschiedene Domain-Endungen. Beispielsweise kostet eine .com-Domain 22,80 \u20ac pro Jahr f\u00fcr die Registrierung und 22,80 \u20ac f\u00fcr die Verl\u00e4ngerung.<\/p>\n    <p style=\"text-align: left;\"><strong>Zus\u00e4tzliche Domains<\/strong>\n    Ihr Webhosting wird nicht teurer, wenn Sie weitere Domains hinzuf\u00fcgen. Sie k\u00f6nnen beliebig viele Domains in einem Hosting-Account nutzen und zahlen lediglich die j\u00e4hrliche Verl\u00e4ngerung der jeweiligen Domains.<\/p>\n    <p style=\"text-align: left;\">Wenn Sie Fragen zu unseren Preisen oder etwas anderem haben, k\u00f6nnen Sie uns jederzeit <a href=\"\/client\/submitticket.php?language=austrian\">schreiben<\/a>.<\/p>[\/vc_column_text][\/vc_column][\/vc_row][\/vc_section][vc_section el_class=&#8221;ms-pricing-container&#8221;][vc_row][vc_column][vc_row_inner][vc_column_inner width=&#8221;1\/2&#8243;][vc_column_text el_class=&#8221;title&#8221;]<\/p>\n<div class=\"arrow_box\">\n<h5>Preisbeispiel<\/h5>\n<h3 class=\"caps\">Bei einer .at-Domain<\/h3>\n<\/div>\n<p>[\/vc_column_text][\/vc_column_inner][vc_column_inner width=&#8221;1\/2&#8243;][\/vc_column_inner][\/vc_row_inner][\/vc_column][\/vc_row][vc_row css=&#8221;.vc_custom_1722373332464{background-color: #f3f3f3 !important;}&#8221;][vc_column][vc_row_inner][vc_column_inner width=&#8221;1\/3&#8243;][vc_column_text]<strong>Service<\/strong>[\/vc_column_text][\/vc_column_inner][vc_column_inner width=&#8221;1\/3&#8243;][vc_column_text]<strong>Preis pro Jahr &#8211; Erste 12 Monate<\/strong>[\/vc_column_text][\/vc_column_inner][vc_column_inner width=&#8221;1\/3&#8243;][vc_column_text]<strong>Preis pro Jahr &#8211; Nach den ersten 12 Monaten<\/strong>[\/vc_column_text][\/vc_column_inner][\/vc_row_inner][\/vc_column][\/vc_row][vc_row css=&#8221;.vc_custom_1722373365236{background-color: #f9f9f9 !important;}&#8221;][vc_column][vc_row_inner][vc_column_inner width=&#8221;1\/3&#8243;][vc_column_text]Domainregistrierung \/ Erneuerung[\/vc_column_text][\/vc_column_inner][vc_column_inner width=&#8221;1\/3&#8243;][vc_column_text]22,80 \u20ac<span style=\"font-size: 12px; display: block;\">\u00dcbertragung: 0,00 \u20ac<\/span>[\/vc_column_text][\/vc_column_inner][vc_column_inner width=&#8221;1\/3&#8243;][vc_column_text]22,80 \u20ac[\/vc_column_text][\/vc_column_inner][\/vc_row_inner][\/vc_column][\/vc_row][vc_row css=&#8221;.vc_custom_1722373371815{background-color: #f3f3f3 !important;}&#8221;][vc_column][vc_row_inner][vc_column_inner width=&#8221;1\/3&#8243;][vc_column_text]Hosting[\/vc_column_text][\/vc_column_inner][vc_column_inner width=&#8221;1\/3&#8243;][vc_column_text]11,52 \u20ac (0,96 \u20ac pro Monat)[\/vc_column_text][\/vc_column_inner][vc_column_inner width=&#8221;1\/3&#8243;][vc_column_text]49,80 \u20ac (4,15 \u20ac pro Monat)[\/vc_column_text][\/vc_column_inner][\/vc_row_inner][\/vc_column][\/vc_row][vc_row css=&#8221;.vc_custom_1722373383686{background-color: #f9f9f9 !important;}&#8221;][vc_column][vc_row_inner][vc_column_inner width=&#8221;1\/3&#8243;][vc_column_text]Einrichtungsgeb\u00fchr[\/vc_column_text][\/vc_column_inner][vc_column_inner width=&#8221;1\/3&#8243;][vc_column_text]0 \u20ac[\/vc_column_text][\/vc_column_inner][vc_column_inner width=&#8221;1\/3&#8243;][vc_column_text]0 \u20ac[\/vc_column_text][\/vc_column_inner][\/vc_row_inner][\/vc_column][\/vc_row][vc_row css=&#8221;.vc_custom_1722373391167{background-color: #f3f3f3 !important;}&#8221;][vc_column][vc_row_inner][vc_column_inner width=&#8221;1\/3&#8243;][vc_column_text]Gesamtpreis f\u00fcr 12 Monate[\/vc_column_text][\/vc_column_inner][vc_column_inner width=&#8221;1\/3&#8243;][vc_column_text]34,32 \u20ac<span style=\"font-size: 12px; display: block;\">\u00dcbertragung: 11,52 \u20ac<\/span>[\/vc_column_text][\/vc_column_inner][vc_column_inner width=&#8221;1\/3&#8243;][vc_column_text]<span style=\"min-height: 46px; display: block;\">72,60 \u20ac<\/span>[\/vc_column_text][\/vc_column_inner][\/vc_row_inner][\/vc_column][\/vc_row][\/vc_section][vc_section el_class=&#8221;ms-mobile-only&#8221;][vc_row css=&#8221;.vc_custom_1722373655642{padding-bottom: 50px !important;}&#8221;][vc_column][vc_column_text css=&#8221;.vc_custom_1722373719322{margin-bottom: 20px !important;}&#8221;]<\/p>\n<h4><strong>Erste 12 Monate<\/strong><\/h4>\n<p>[\/vc_column_text][vc_column_text]<\/p>\n<table>\n<tbody>\n<tr>\n<td><strong>Service<\/strong><\/td>\n<td><strong>Preis pro Jahr<\/strong><\/td>\n<\/tr>\n<tr>\n<td>Domainregistrierung | Transfer einschlie\u00dflich DNS<\/td>\n<td>22,80 \u20ac<span style=\"font-size: 12px; display: block;\">\u00dcbertragung: 0,00 \u20ac<\/span><\/td>\n<\/tr>\n<tr>\n<td>Hosting<\/td>\n<td>11,52 \u20ac (0,96 \u20ac pro Monat)<\/td>\n<\/tr>\n<tr>\n<td>Einrichtungsgeb\u00fchr<\/td>\n<td>0 \u20ac<\/td>\n<\/tr>\n<tr style=\"border-top: 2px #5f686f solid;\">\n<td>Gesamtpreis f\u00fcr 12 Monate<\/td>\n<td>34,32 \u20ac<span style=\"font-size: 12px; display: block;\">\u00dcbertragung: 11,52 \u20ac<\/span><\/td>\n<\/tr>\n<\/tbody>\n<\/table>\n<p>[\/vc_column_text][\/vc_column][\/vc_row][vc_row][vc_column][vc_column_text css=&#8221;.vc_custom_1722373724058{margin-bottom: 20px !important;}&#8221;]<\/p>\n<h4><strong>Nachfolgende 12 Monate und mehr<\/strong><\/h4>\n<p>[\/vc_column_text][vc_column_text]<\/p>\n<table>\n<tbody>\n<tr>\n<td><strong>Service<\/strong><\/td>\n<td><strong>Preis pro Jahr<\/strong><\/td>\n<\/tr>\n<tr>\n<td>Domain-Erneuerung einschlie\u00dflich DNS<\/td>\n<td>22,80 \u20ac<\/td>\n<\/tr>\n<tr>\n<td>Hosting<\/td>\n<td>49,80 \u20ac (4,15 \u20ac pro Monat)<\/td>\n<\/tr>\n<tr>\n<td>Einrichtungsgeb\u00fchr<\/td>\n<td>0 \u20ac<\/td>\n<\/tr>\n<tr style=\"border-top: 2px #5f686f solid;\">\n<td>Gesamtpreis f\u00fcr 12 Monate<\/td>\n<td>72,60 \u20ac<\/td>\n<\/tr>\n<\/tbody>\n<\/table>\n<p>[\/vc_column_text][\/vc_column][\/vc_row][\/vc_section]<\/p>\n<\/div>","protected":false},"excerpt":{"rendered":"<p>[vc_section css=&#8221;.vc_custom_1732787137355{padding-top: 0px !important;background-color: #00062a !important;}&#8221;][vc_row el_class=&#8221;domain_search&#8221;][vc_column][vc_raw_html]JTVCZG9tYWluX3NlYXJjaCUyMGxhbmclM0QlMjJhdXN0cmlhbiUyMiU1RA==[\/vc_raw_html][\/vc_column][\/vc_row][\/vc_section][vc_section el_class=&#8221;price_compare&#8221;][vc_row][vc_column][vc_column_text][\/vc_column_text][\/vc_column][\/vc_row][\/vc_section][vc_section el_class=&#8221;ms-pricing-container&#8221;][vc_row][vc_column][vc_row_inner][vc_column_inner width=&#8221;1\/2&#8243;][vc_column_text el_class=&#8221;title&#8221;] Preisbeispiel Bei einer .at-Domain [\/vc_column_text][\/vc_column_inner][vc_column_inner width=&#8221;1\/2&#8243;][\/vc_column_inner][\/vc_row_inner][\/vc_column][\/vc_row][vc_row css=&#8221;.vc_custom_1722373332464{background-color: #f3f3f3 !important;}&#8221;][vc_column][vc_row_inner][vc_column_inner width=&#8221;1\/3&#8243;][vc_column_text]Service[\/vc_column_text][\/vc_column_inner][vc_column_inner width=&#8221;1\/3&#8243;][vc_column_text]Preis pro Jahr &#8211; Erste 12 Monate[\/vc_column_text][\/vc_column_inner][vc_column_inner width=&#8221;1\/3&#8243;][vc_column_text]Preis pro Jahr &#8211; Nach den ersten 12 Monaten[\/vc_column_text][\/vc_column_inner][\/vc_row_inner][\/vc_column][\/vc_row][vc_row css=&#8221;.vc_custom_1722373365236{background-color: #f9f9f9 !important;}&#8221;][vc_column][vc_row_inner][vc_column_inner width=&#8221;1\/3&#8243;][vc_column_text]Domainregistrierung \/ Erneuerung[\/vc_column_text][\/vc_column_inner][vc_column_inner width=&#8221;1\/3&#8243;][vc_column_text] \u00dcbertragung: [\/vc_column_text][\/vc_column_inner][vc_column_inner width=&#8221;1\/3&#8243;][vc_column_text] [\/vc_column_text][\/vc_column_inner][\/vc_row_inner][\/vc_column][\/vc_row][vc_row css=&#8221;.vc_custom_1722373371815{background-color: #f3f3f3 !important;}&#8221;][vc_column][vc_row_inner][vc_column_inner width=&#8221;1\/3&#8243;][vc_column_text]Hosting[\/vc_column_text][\/vc_column_inner][vc_column_inner width=&#8221;1\/3&#8243;][vc_column_text] ( pro &hellip;<\/p>\n","protected":false},"author":3,"featured_media":0,"parent":0,"menu_order":0,"comment_status":"closed","ping_status":"closed","template":"","meta":{"_acf_changed":false,"footnotes":""},"class_list":["post-10576","page","type-page","status-publish","hentry"],"acf":[],"yoast_head":"<!-- This site is optimized with the Yoast SEO plugin v26.8 - https:\/\/yoast.com\/product\/yoast-seo-wordpress\/ -->\n<title>Preise - Polar55<\/title>\n<meta name=\"description\" content=\"Polar55 ist eine der g\u00fcnstigsten und besten Webhosting-L\u00f6sungen auf dem Markt. Wir bem\u00fchen uns um volle Transparenz bei unseren Preisen.\" \/>\n<meta name=\"robots\" content=\"index, follow, max-snippet:-1, max-image-preview:large, max-video-preview:-1\" \/>\n<link rel=\"canonical\" href=\"https:\/\/polar55.com\/at\/preise\/\" \/>\n<meta property=\"og:locale\" content=\"de_DE\" \/>\n<meta property=\"og:type\" content=\"article\" \/>\n<meta property=\"og:title\" content=\"Preise - Polar55\" \/>\n<meta property=\"og:description\" content=\"Polar55 ist eine der g\u00fcnstigsten und besten Webhosting-L\u00f6sungen auf dem Markt. Wir bem\u00fchen uns um volle Transparenz bei unseren Preisen.\" \/>\n<meta property=\"og:url\" content=\"https:\/\/polar55.com\/at\/preise\/\" \/>\n<meta property=\"og:site_name\" content=\"Polar55\" \/>\n<meta property=\"article:modified_time\" content=\"2026-04-14T10:27:24+00:00\" \/>\n<meta name=\"twitter:card\" content=\"summary_large_image\" \/>\n<meta name=\"twitter:label1\" content=\"Est. reading time\" \/>\n\t<meta name=\"twitter:data1\" content=\"2 minutes\" \/>\n<script type=\"application\/ld+json\" class=\"yoast-schema-graph\">{\"@context\":\"https:\/\/schema.org\",\"@graph\":[{\"@type\":\"WebPage\",\"@id\":\"https:\/\/polar55.com\/at\/preise\/\",\"url\":\"https:\/\/polar55.com\/at\/preise\/\",\"name\":\"Preise - Polar55\",\"isPartOf\":{\"@id\":\"https:\/\/polar55.com\/at\/#website\"},\"datePublished\":\"2024-07-30T20:46:11+00:00\",\"dateModified\":\"2026-04-14T10:27:24+00:00\",\"description\":\"Polar55 ist eine der g\u00fcnstigsten und besten Webhosting-L\u00f6sungen auf dem Markt. Wir bem\u00fchen uns um volle Transparenz bei unseren Preisen.\",\"breadcrumb\":{\"@id\":\"https:\/\/polar55.com\/at\/preise\/#breadcrumb\"},\"inLanguage\":\"de-AT\",\"potentialAction\":[{\"@type\":\"ReadAction\",\"target\":[\"https:\/\/polar55.com\/at\/preise\/\"]}]},{\"@type\":\"BreadcrumbList\",\"@id\":\"https:\/\/polar55.com\/at\/preise\/#breadcrumb\",\"itemListElement\":[{\"@type\":\"ListItem\",\"position\":1,\"name\":\"Hjem\",\"item\":\"https:\/\/polar55.com\/at\/\"},{\"@type\":\"ListItem\",\"position\":2,\"name\":\"Preise\"}]},{\"@type\":\"WebSite\",\"@id\":\"https:\/\/polar55.com\/at\/#website\",\"url\":\"https:\/\/polar55.com\/at\/\",\"name\":\"Polar55\",\"description\":\"cheap hosting and domains\",\"potentialAction\":[{\"@type\":\"SearchAction\",\"target\":{\"@type\":\"EntryPoint\",\"urlTemplate\":\"https:\/\/polar55.com\/at\/?s={search_term_string}\"},\"query-input\":{\"@type\":\"PropertyValueSpecification\",\"valueRequired\":true,\"valueName\":\"search_term_string\"}}],\"inLanguage\":\"de-AT\"}]}<\/script>\n<!-- \/ Yoast SEO plugin. -->","yoast_head_json":{"title":"Preise - Polar55","description":"Polar55 ist eine der g\u00fcnstigsten und besten Webhosting-L\u00f6sungen auf dem Markt. Wir bem\u00fchen uns um volle Transparenz bei unseren Preisen.","robots":{"index":"index","follow":"follow","max-snippet":"max-snippet:-1","max-image-preview":"max-image-preview:large","max-video-preview":"max-video-preview:-1"},"canonical":"https:\/\/polar55.com\/at\/preise\/","og_locale":"de_DE","og_type":"article","og_title":"Preise - Polar55","og_description":"Polar55 ist eine der g\u00fcnstigsten und besten Webhosting-L\u00f6sungen auf dem Markt. Wir bem\u00fchen uns um volle Transparenz bei unseren Preisen.","og_url":"https:\/\/polar55.com\/at\/preise\/","og_site_name":"Polar55","article_modified_time":"2026-04-14T10:27:24+00:00","twitter_card":"summary_large_image","twitter_misc":{"Est. reading time":"2 minutes"},"schema":{"@context":"https:\/\/schema.org","@graph":[{"@type":"WebPage","@id":"https:\/\/polar55.com\/at\/preise\/","url":"https:\/\/polar55.com\/at\/preise\/","name":"Preise - Polar55","isPartOf":{"@id":"https:\/\/polar55.com\/at\/#website"},"datePublished":"2024-07-30T20:46:11+00:00","dateModified":"2026-04-14T10:27:24+00:00","description":"Polar55 ist eine der g\u00fcnstigsten und besten Webhosting-L\u00f6sungen auf dem Markt. Wir bem\u00fchen uns um volle Transparenz bei unseren Preisen.","breadcrumb":{"@id":"https:\/\/polar55.com\/at\/preise\/#breadcrumb"},"inLanguage":"de-AT","potentialAction":[{"@type":"ReadAction","target":["https:\/\/polar55.com\/at\/preise\/"]}]},{"@type":"BreadcrumbList","@id":"https:\/\/polar55.com\/at\/preise\/#breadcrumb","itemListElement":[{"@type":"ListItem","position":1,"name":"Hjem","item":"https:\/\/polar55.com\/at\/"},{"@type":"ListItem","position":2,"name":"Preise"}]},{"@type":"WebSite","@id":"https:\/\/polar55.com\/at\/#website","url":"https:\/\/polar55.com\/at\/","name":"Polar55","description":"cheap hosting and domains","potentialAction":[{"@type":"SearchAction","target":{"@type":"EntryPoint","urlTemplate":"https:\/\/polar55.com\/at\/?s={search_term_string}"},"query-input":{"@type":"PropertyValueSpecification","valueRequired":true,"valueName":"search_term_string"}}],"inLanguage":"de-AT"}]}},"_links":{"self":[{"href":"https:\/\/polar55.com\/at\/wp-json\/wp\/v2\/pages\/10576","targetHints":{"allow":["GET"]}}],"collection":[{"href":"https:\/\/polar55.com\/at\/wp-json\/wp\/v2\/pages"}],"about":[{"href":"https:\/\/polar55.com\/at\/wp-json\/wp\/v2\/types\/page"}],"author":[{"embeddable":true,"href":"https:\/\/polar55.com\/at\/wp-json\/wp\/v2\/users\/3"}],"replies":[{"embeddable":true,"href":"https:\/\/polar55.com\/at\/wp-json\/wp\/v2\/comments?post=10576"}],"version-history":[{"count":2,"href":"https:\/\/polar55.com\/at\/wp-json\/wp\/v2\/pages\/10576\/revisions"}],"predecessor-version":[{"id":10735,"href":"https:\/\/polar55.com\/at\/wp-json\/wp\/v2\/pages\/10576\/revisions\/10735"}],"wp:attachment":[{"href":"https:\/\/polar55.com\/at\/wp-json\/wp\/v2\/media?parent=10576"}],"curies":[{"name":"wp","href":"https:\/\/api.w.org\/{rel}","templated":true}]}}