{"id":10567,"date":"2024-07-31T09:21:49","date_gmt":"2024-07-31T08:21:49","guid":{"rendered":"https:\/\/polar55.com\/cookies\/"},"modified":"2026-04-14T11:19:31","modified_gmt":"2026-04-14T10:19:31","slug":"cookies","status":"publish","type":"page","link":"https:\/\/polar55.com\/at\/cookies\/","title":{"rendered":"Cookies"},"content":{"rendered":"<div class=\"wpb-content-wrapper\"><p>[vc_row css=&#8221;.vc_custom_1722414156781{padding-top: 40px !important;padding-bottom: 40px !important;}&#8221;][vc_column][vc_column_text]\n    <strong>Allgemeines<\/strong>\n    <p>1.1 Diese Datenschutzerkl\u00e4rung (\"Datenschutzerkl\u00e4rung\") beschreibt, wie Polar55 (\"wir\", \"uns\", \"unser\") Informationen \u00fcber Sie erhebt und verarbeitet.<\/p>\n    <p>1.2 Die Datenschutzerkl\u00e4rung gilt f\u00fcr personenbezogene Daten, die Sie uns zur Verf\u00fcgung stellen oder die wir \u00fcber die Website www.polar55.com (\"Website\") erfassen.<\/p>\n    <p>1.3 Polar55 ist der Verantwortliche f\u00fcr Ihre personenbezogenen Daten. Alle Anfragen an Polar55 k\u00f6nnen \u00fcber die in Abschnitt 8 angegebenen Kontaktdaten gestellt werden.<\/p>\n\n    <strong>Welche personenbezogenen Daten wir erheben, zu welchen Zwecken und auf welcher Rechtsgrundlage die Verarbeitung erfolgt<\/strong>\n    <p>2.1 Beim Besuch der Website erfassen wir automatisch Informationen \u00fcber Sie und Ihre Nutzung der Website, wie z. B. Browsertyp, Suchbegriffe, IP-Adresse und Informationen \u00fcber Ihren Computer.<\/p>\n    <p>2.1.1 Der Zweck besteht darin, die Benutzererfahrung und die Funktionalit\u00e4t der Website zu optimieren. Diese Verarbeitung ist zur Wahrung unserer berechtigten Interessen an der Verbesserung der Website erforderlich.<\/p>\n    <p>2.1.2 Die Rechtsgrundlage f\u00fcr die Verarbeitung ist Artikel 6 Absatz 1 lit. f DSGVO.<\/p>\n\n    <strong>Cookies<\/strong>\n    <p>3.1 Polar55 verwendet Cookies zu technischen Zwecken, zur Messung des Datenverkehrs sowie f\u00fcr zielgerichtete Werbung.<\/p>\n\n    <strong>Empf\u00e4nger personenbezogener Daten<\/strong>\n    <p>4.1 Informationen k\u00f6nnen an externe Partner f\u00fcr technischen Betrieb, Buchhaltung, Zahlungsabwicklung und Werbung weitergegeben werden.<\/p>\n\n    <strong>Ihre Rechte<\/strong>\n    <p>5.1 Sie haben das Recht auf Auskunft, Berichtigung, L\u00f6schung sowie Widerspruch gegen die Verarbeitung Ihrer Daten.<\/p>\n\n    <strong>Kontaktinformationen<\/strong>\n    <p>Polar55<br>Godth\u00e5bsvej 27<br>8660 Skanderborg<br>D\u00e4nemark<br>E-Mail: support[at]polar55.com<br>USt-IdNr.: DK40745769<\/p>[\/vc_column_text][\/vc_column][\/vc_row]<\/p>\n<\/div>","protected":false},"excerpt":{"rendered":"<p>[vc_row css=&#8221;.vc_custom_1722414156781{padding-top: 40px !important;padding-bottom: 40px !important;}&#8221;][vc_column][vc_column_text][\/vc_column_text][\/vc_column][\/vc_row]<\/p>\n","protected":false},"author":3,"featured_media":0,"parent":0,"menu_order":0,"comment_status":"closed","ping_status":"closed","template":"","meta":{"_acf_changed":false,"footnotes":""},"class_list":["post-10567","page","type-page","status-publish","hentry"],"acf":[],"yoast_head":"<!-- This site is optimized with the Yoast SEO plugin v26.8 - https:\/\/yoast.com\/product\/yoast-seo-wordpress\/ -->\n<title>Cookies - Polar55<\/title>\n<meta name=\"robots\" content=\"index, follow, max-snippet:-1, max-image-preview:large, max-video-preview:-1\" \/>\n<link rel=\"canonical\" href=\"https:\/\/polar55.com\/at\/cookies\/\" \/>\n<meta property=\"og:locale\" content=\"de_DE\" \/>\n<meta property=\"og:type\" content=\"article\" \/>\n<meta property=\"og:title\" content=\"Cookies - Polar55\" \/>\n<meta property=\"og:description\" content=\"[vc_row css=&#8221;.vc_custom_1722414156781{padding-top: 40px !important;padding-bottom: 40px !important;}&#8221;][vc_column][vc_column_text][\/vc_column_text][\/vc_column][\/vc_row]\" \/>\n<meta property=\"og:url\" content=\"https:\/\/polar55.com\/at\/cookies\/\" \/>\n<meta property=\"og:site_name\" content=\"Polar55\" \/>\n<meta property=\"article:modified_time\" content=\"2026-04-14T10:19:31+00:00\" \/>\n<meta name=\"twitter:card\" content=\"summary_large_image\" \/>\n<meta name=\"twitter:label1\" content=\"Est. reading time\" \/>\n\t<meta name=\"twitter:data1\" content=\"1 minute\" \/>\n<script type=\"application\/ld+json\" class=\"yoast-schema-graph\">{\"@context\":\"https:\/\/schema.org\",\"@graph\":[{\"@type\":\"WebPage\",\"@id\":\"https:\/\/polar55.com\/at\/cookies\/\",\"url\":\"https:\/\/polar55.com\/at\/cookies\/\",\"name\":\"Cookies - Polar55\",\"isPartOf\":{\"@id\":\"https:\/\/polar55.com\/at\/#website\"},\"datePublished\":\"2024-07-31T08:21:49+00:00\",\"dateModified\":\"2026-04-14T10:19:31+00:00\",\"breadcrumb\":{\"@id\":\"https:\/\/polar55.com\/at\/cookies\/#breadcrumb\"},\"inLanguage\":\"de-AT\",\"potentialAction\":[{\"@type\":\"ReadAction\",\"target\":[\"https:\/\/polar55.com\/at\/cookies\/\"]}]},{\"@type\":\"BreadcrumbList\",\"@id\":\"https:\/\/polar55.com\/at\/cookies\/#breadcrumb\",\"itemListElement\":[{\"@type\":\"ListItem\",\"position\":1,\"name\":\"Hjem\",\"item\":\"https:\/\/polar55.com\/at\/\"},{\"@type\":\"ListItem\",\"position\":2,\"name\":\"Cookies\"}]},{\"@type\":\"WebSite\",\"@id\":\"https:\/\/polar55.com\/at\/#website\",\"url\":\"https:\/\/polar55.com\/at\/\",\"name\":\"Polar55\",\"description\":\"cheap hosting and domains\",\"potentialAction\":[{\"@type\":\"SearchAction\",\"target\":{\"@type\":\"EntryPoint\",\"urlTemplate\":\"https:\/\/polar55.com\/at\/?s={search_term_string}\"},\"query-input\":{\"@type\":\"PropertyValueSpecification\",\"valueRequired\":true,\"valueName\":\"search_term_string\"}}],\"inLanguage\":\"de-AT\"}]}<\/script>\n<!-- \/ Yoast SEO plugin. -->","yoast_head_json":{"title":"Cookies - Polar55","robots":{"index":"index","follow":"follow","max-snippet":"max-snippet:-1","max-image-preview":"max-image-preview:large","max-video-preview":"max-video-preview:-1"},"canonical":"https:\/\/polar55.com\/at\/cookies\/","og_locale":"de_DE","og_type":"article","og_title":"Cookies - Polar55","og_description":"[vc_row css=&#8221;.vc_custom_1722414156781{padding-top: 40px !important;padding-bottom: 40px !important;}&#8221;][vc_column][vc_column_text][\/vc_column_text][\/vc_column][\/vc_row]","og_url":"https:\/\/polar55.com\/at\/cookies\/","og_site_name":"Polar55","article_modified_time":"2026-04-14T10:19:31+00:00","twitter_card":"summary_large_image","twitter_misc":{"Est. reading time":"1 minute"},"schema":{"@context":"https:\/\/schema.org","@graph":[{"@type":"WebPage","@id":"https:\/\/polar55.com\/at\/cookies\/","url":"https:\/\/polar55.com\/at\/cookies\/","name":"Cookies - Polar55","isPartOf":{"@id":"https:\/\/polar55.com\/at\/#website"},"datePublished":"2024-07-31T08:21:49+00:00","dateModified":"2026-04-14T10:19:31+00:00","breadcrumb":{"@id":"https:\/\/polar55.com\/at\/cookies\/#breadcrumb"},"inLanguage":"de-AT","potentialAction":[{"@type":"ReadAction","target":["https:\/\/polar55.com\/at\/cookies\/"]}]},{"@type":"BreadcrumbList","@id":"https:\/\/polar55.com\/at\/cookies\/#breadcrumb","itemListElement":[{"@type":"ListItem","position":1,"name":"Hjem","item":"https:\/\/polar55.com\/at\/"},{"@type":"ListItem","position":2,"name":"Cookies"}]},{"@type":"WebSite","@id":"https:\/\/polar55.com\/at\/#website","url":"https:\/\/polar55.com\/at\/","name":"Polar55","description":"cheap hosting and domains","potentialAction":[{"@type":"SearchAction","target":{"@type":"EntryPoint","urlTemplate":"https:\/\/polar55.com\/at\/?s={search_term_string}"},"query-input":{"@type":"PropertyValueSpecification","valueRequired":true,"valueName":"search_term_string"}}],"inLanguage":"de-AT"}]}},"_links":{"self":[{"href":"https:\/\/polar55.com\/at\/wp-json\/wp\/v2\/pages\/10567","targetHints":{"allow":["GET"]}}],"collection":[{"href":"https:\/\/polar55.com\/at\/wp-json\/wp\/v2\/pages"}],"about":[{"href":"https:\/\/polar55.com\/at\/wp-json\/wp\/v2\/types\/page"}],"author":[{"embeddable":true,"href":"https:\/\/polar55.com\/at\/wp-json\/wp\/v2\/users\/3"}],"replies":[{"embeddable":true,"href":"https:\/\/polar55.com\/at\/wp-json\/wp\/v2\/comments?post=10567"}],"version-history":[{"count":1,"href":"https:\/\/polar55.com\/at\/wp-json\/wp\/v2\/pages\/10567\/revisions"}],"predecessor-version":[{"id":10726,"href":"https:\/\/polar55.com\/at\/wp-json\/wp\/v2\/pages\/10567\/revisions\/10726"}],"wp:attachment":[{"href":"https:\/\/polar55.com\/at\/wp-json\/wp\/v2\/media?parent=10567"}],"curies":[{"name":"wp","href":"https:\/\/api.w.org\/{rel}","templated":true}]}}