{"id":10565,"date":"2019-08-01T22:13:20","date_gmt":"2019-08-01T21:13:20","guid":{"rendered":"https:\/\/polar55.com\/cookie-und-datenschutzrichtlinie\/"},"modified":"2026-04-14T11:19:12","modified_gmt":"2026-04-14T10:19:12","slug":"cookie-und-datenschutzrichtlinie","status":"publish","type":"page","link":"https:\/\/polar55.com\/at\/cookie-und-datenschutzrichtlinie\/","title":{"rendered":"Cookie- und Datenschutzrichtlinie"},"content":{"rendered":"<div class=\"wpb-content-wrapper\"><p>[vc_row css=&#8221;.vc_custom_1722415467825{padding-top: 40px !important;padding-bottom: 40px !important;}&#8221;][vc_column][vc_column_text]\n    <p>Diese Seite beschreibt die Cookie- und Datenschutzrichtlinie von Polar55, einem Teil von nordicway ApS (\"das Unternehmen\", USt-IdNr.: DK40745769), sowie der Website polar55.com (\"die Website\").<\/p>\n\n    <strong>Welche Arten von Informationen speichert das Unternehmen f\u00fcr registrierte Kunden?<\/strong>\n    <p>Zu den von registrierten Kunden bereitgestellten Informationen geh\u00f6ren:<\/p>\n    <ul>\n        <li>Name<\/li>\n        <li>Firmenname und CVR-Nummer (falls zutreffend)<\/li>\n        <li>Postanschrift<\/li>\n        <li>Telefonnummer<\/li>\n        <li>E-Mail-Adresse<\/li>\n        <li>EAN-Nummer (falls zutreffend)<\/li>\n        <li>Passwort<\/li>\n    <\/ul>\n\n    <strong>Wie werden diese Kundendaten verwendet?<\/strong>\n    <p>Die von registrierten Kunden bereitgestellten Informationen werden f\u00fcr folgende Zwecke verwendet:<\/p>\n    <ul>\n        <li>Support<\/li>\n        <li>Domainregistrierung<\/li>\n        <li>Abrechnung<\/li>\n    <\/ul>\n\n    <strong>Warum ist es notwendig, Informationen wie Postanschrift und Telefonnummer zu erfassen?<\/strong>\n    <p>Diese Angaben werden von unseren Registrierungspartnern im Rahmen der Domainregistrierung ben\u00f6tigt.<\/p>\n\n    <strong>Speichert das Unternehmen Kreditkarteninformationen?<\/strong>\n    <p>Nein, das Unternehmen speichert keinerlei Kreditkarteninformationen.<\/p>\n\n    <strong>Mit welchen Dritten werden die Informationen ausgetauscht?<\/strong>\n    <p>Im Zusammenhang mit Zahlungen werden Daten mit unserem Zahlungsdienstleister Stripe, Inc. ausgetauscht. F\u00fcr die Domainregistrierung erfolgt ein Datenaustausch mit unserem Registrierungspartner Key-Systems GmbH. In allen F\u00e4llen werden nur die f\u00fcr den jeweiligen Zweck unbedingt notwendigen Daten \u00fcbermittelt, und s\u00e4mtliche \u00dcbertragungen erfolgen \u00fcber sichere, verschl\u00fcsselte Verbindungen.<\/p>\n\n    <strong>Wie speichert das Unternehmen Informationen?<\/strong>\n    <p>Alle Informationen werden auf dedizierten Servern in sicheren deutschen Rechenzentren gespeichert.<\/p>\n\n    <strong>E-Mail-Kommunikation<\/strong>\n    <p>Das Unternehmen versendet E-Mails ausschlie\u00dflich an Kunden mit aktiven Produkten. Dabei werden lediglich Rechnungen sowie Informationen zu beispielsweise Serviceunterbrechungen und Systemwartungen versendet.<\/p>\n\n    <strong>Wird das Unternehmen Informationen an andere Unternehmen verkaufen?<\/strong>\n    <p>Auf keinen Fall!<\/p>\n\n    <strong>Einhaltung der Datenschutzrichtlinie<\/strong>\n    <p>Sollten Sie der Ansicht sein, dass Ihre Daten nicht im Einklang mit unserer Datenschutzrichtlinie verarbeitet werden, kontaktieren Sie uns bitte.<\/p>\n\n    <strong>Verwendet die Website Cookies?<\/strong>\n    <p>Ja, die Website verwendet Cookies. Weitere Informationen finden Sie unten.<\/p>\n\n    <strong>Allgemeines<\/strong>\n    <p>Beim Besuch der Website wird ein Cookie mit einer eindeutigen, nicht personenbezogenen Kennung gespeichert. Dieses Cookie dient ausschlie\u00dflich der Navigation auf der Website und wird gel\u00f6scht, sobald Sie Ihren Browser schlie\u00dfen.<\/p>\n\n    <strong>Google Analytics<\/strong>\n    <p>Auf Ihrem Computer wird ein Cookie von Google Analytics gespeichert, das zu statistischen Zwecken verwendet wird, unter anderem zur Analyse des Nutzerverhaltens auf der Website.<\/p>\n\n    <strong>Kann ich Cookies vermeiden?<\/strong>\n    <p>Ja, Sie k\u00f6nnen <a href=\"https:\/\/www.privacypolicies.com\/blog\/how-to-delete-cookies\/\" target=\"_blank\" rel=\"noopener\">dieser Anleitung folgen<\/a>, um Cookies zu vermeiden.<\/p>[\/vc_column_text][\/vc_column][\/vc_row]<\/p>\n<\/div>","protected":false},"excerpt":{"rendered":"<p>[vc_row css=&#8221;.vc_custom_1722415467825{padding-top: 40px !important;padding-bottom: 40px !important;}&#8221;][vc_column][vc_column_text][\/vc_column_text][\/vc_column][\/vc_row]<\/p>\n","protected":false},"author":1,"featured_media":0,"parent":0,"menu_order":0,"comment_status":"closed","ping_status":"open","template":"","meta":{"_acf_changed":false,"footnotes":""},"class_list":["post-10565","page","type-page","status-publish","hentry"],"acf":[],"yoast_head":"<!-- This site is optimized with the Yoast SEO plugin v26.8 - https:\/\/yoast.com\/product\/yoast-seo-wordpress\/ -->\n<title>Cookie- und Datenschutzrichtlinie - Polar55<\/title>\n<meta name=\"robots\" content=\"index, follow, max-snippet:-1, max-image-preview:large, max-video-preview:-1\" \/>\n<link rel=\"canonical\" href=\"https:\/\/polar55.com\/at\/cookie-und-datenschutzrichtlinie\/\" \/>\n<meta property=\"og:locale\" content=\"de_DE\" \/>\n<meta property=\"og:type\" content=\"article\" \/>\n<meta property=\"og:title\" content=\"Cookie- und Datenschutzrichtlinie - Polar55\" \/>\n<meta property=\"og:description\" content=\"[vc_row css=&#8221;.vc_custom_1722415467825{padding-top: 40px !important;padding-bottom: 40px !important;}&#8221;][vc_column][vc_column_text][\/vc_column_text][\/vc_column][\/vc_row]\" \/>\n<meta property=\"og:url\" content=\"https:\/\/polar55.com\/at\/cookie-und-datenschutzrichtlinie\/\" \/>\n<meta property=\"og:site_name\" content=\"Polar55\" \/>\n<meta property=\"article:modified_time\" content=\"2026-04-14T10:19:12+00:00\" \/>\n<meta name=\"twitter:card\" content=\"summary_large_image\" \/>\n<meta name=\"twitter:label1\" content=\"Est. reading time\" \/>\n\t<meta name=\"twitter:data1\" content=\"1 minute\" \/>\n<script type=\"application\/ld+json\" class=\"yoast-schema-graph\">{\"@context\":\"https:\/\/schema.org\",\"@graph\":[{\"@type\":\"WebPage\",\"@id\":\"https:\/\/polar55.com\/at\/cookie-und-datenschutzrichtlinie\/\",\"url\":\"https:\/\/polar55.com\/at\/cookie-und-datenschutzrichtlinie\/\",\"name\":\"Cookie- und Datenschutzrichtlinie - Polar55\",\"isPartOf\":{\"@id\":\"https:\/\/polar55.com\/at\/#website\"},\"datePublished\":\"2019-08-01T21:13:20+00:00\",\"dateModified\":\"2026-04-14T10:19:12+00:00\",\"breadcrumb\":{\"@id\":\"https:\/\/polar55.com\/at\/cookie-und-datenschutzrichtlinie\/#breadcrumb\"},\"inLanguage\":\"de-AT\",\"potentialAction\":[{\"@type\":\"ReadAction\",\"target\":[\"https:\/\/polar55.com\/at\/cookie-und-datenschutzrichtlinie\/\"]}]},{\"@type\":\"BreadcrumbList\",\"@id\":\"https:\/\/polar55.com\/at\/cookie-und-datenschutzrichtlinie\/#breadcrumb\",\"itemListElement\":[{\"@type\":\"ListItem\",\"position\":1,\"name\":\"Hjem\",\"item\":\"https:\/\/polar55.com\/at\/\"},{\"@type\":\"ListItem\",\"position\":2,\"name\":\"Cookie- und Datenschutzrichtlinie\"}]},{\"@type\":\"WebSite\",\"@id\":\"https:\/\/polar55.com\/at\/#website\",\"url\":\"https:\/\/polar55.com\/at\/\",\"name\":\"Polar55\",\"description\":\"cheap hosting and domains\",\"potentialAction\":[{\"@type\":\"SearchAction\",\"target\":{\"@type\":\"EntryPoint\",\"urlTemplate\":\"https:\/\/polar55.com\/at\/?s={search_term_string}\"},\"query-input\":{\"@type\":\"PropertyValueSpecification\",\"valueRequired\":true,\"valueName\":\"search_term_string\"}}],\"inLanguage\":\"de-AT\"}]}<\/script>\n<!-- \/ Yoast SEO plugin. -->","yoast_head_json":{"title":"Cookie- und Datenschutzrichtlinie - Polar55","robots":{"index":"index","follow":"follow","max-snippet":"max-snippet:-1","max-image-preview":"max-image-preview:large","max-video-preview":"max-video-preview:-1"},"canonical":"https:\/\/polar55.com\/at\/cookie-und-datenschutzrichtlinie\/","og_locale":"de_DE","og_type":"article","og_title":"Cookie- und Datenschutzrichtlinie - Polar55","og_description":"[vc_row css=&#8221;.vc_custom_1722415467825{padding-top: 40px !important;padding-bottom: 40px !important;}&#8221;][vc_column][vc_column_text][\/vc_column_text][\/vc_column][\/vc_row]","og_url":"https:\/\/polar55.com\/at\/cookie-und-datenschutzrichtlinie\/","og_site_name":"Polar55","article_modified_time":"2026-04-14T10:19:12+00:00","twitter_card":"summary_large_image","twitter_misc":{"Est. reading time":"1 minute"},"schema":{"@context":"https:\/\/schema.org","@graph":[{"@type":"WebPage","@id":"https:\/\/polar55.com\/at\/cookie-und-datenschutzrichtlinie\/","url":"https:\/\/polar55.com\/at\/cookie-und-datenschutzrichtlinie\/","name":"Cookie- und Datenschutzrichtlinie - Polar55","isPartOf":{"@id":"https:\/\/polar55.com\/at\/#website"},"datePublished":"2019-08-01T21:13:20+00:00","dateModified":"2026-04-14T10:19:12+00:00","breadcrumb":{"@id":"https:\/\/polar55.com\/at\/cookie-und-datenschutzrichtlinie\/#breadcrumb"},"inLanguage":"de-AT","potentialAction":[{"@type":"ReadAction","target":["https:\/\/polar55.com\/at\/cookie-und-datenschutzrichtlinie\/"]}]},{"@type":"BreadcrumbList","@id":"https:\/\/polar55.com\/at\/cookie-und-datenschutzrichtlinie\/#breadcrumb","itemListElement":[{"@type":"ListItem","position":1,"name":"Hjem","item":"https:\/\/polar55.com\/at\/"},{"@type":"ListItem","position":2,"name":"Cookie- und Datenschutzrichtlinie"}]},{"@type":"WebSite","@id":"https:\/\/polar55.com\/at\/#website","url":"https:\/\/polar55.com\/at\/","name":"Polar55","description":"cheap hosting and domains","potentialAction":[{"@type":"SearchAction","target":{"@type":"EntryPoint","urlTemplate":"https:\/\/polar55.com\/at\/?s={search_term_string}"},"query-input":{"@type":"PropertyValueSpecification","valueRequired":true,"valueName":"search_term_string"}}],"inLanguage":"de-AT"}]}},"_links":{"self":[{"href":"https:\/\/polar55.com\/at\/wp-json\/wp\/v2\/pages\/10565","targetHints":{"allow":["GET"]}}],"collection":[{"href":"https:\/\/polar55.com\/at\/wp-json\/wp\/v2\/pages"}],"about":[{"href":"https:\/\/polar55.com\/at\/wp-json\/wp\/v2\/types\/page"}],"author":[{"embeddable":true,"href":"https:\/\/polar55.com\/at\/wp-json\/wp\/v2\/users\/1"}],"replies":[{"embeddable":true,"href":"https:\/\/polar55.com\/at\/wp-json\/wp\/v2\/comments?post=10565"}],"version-history":[{"count":2,"href":"https:\/\/polar55.com\/at\/wp-json\/wp\/v2\/pages\/10565\/revisions"}],"predecessor-version":[{"id":10725,"href":"https:\/\/polar55.com\/at\/wp-json\/wp\/v2\/pages\/10565\/revisions\/10725"}],"wp:attachment":[{"href":"https:\/\/polar55.com\/at\/wp-json\/wp\/v2\/media?parent=10565"}],"curies":[{"name":"wp","href":"https:\/\/api.w.org\/{rel}","templated":true}]}}